{"id":71459,"date":"2024-02-28T15:58:00","date_gmt":"2024-02-28T20:58:00","guid":{"rendered":"https:\/\/www.iaff.org\/maladies\/anthrax\/"},"modified":"2025-06-23T12:10:31","modified_gmt":"2025-06-23T16:10:31","slug":"anthrax","status":"publish","type":"page","link":"https:\/\/www.iaff.org\/fr-ca\/maladies-infectieuses\/maladies\/anthrax\/","title":{"rendered":"Anthrax"},"content":{"rendered":"<section\n\t class=\"secondary-hero align wp-block-acf-secondary-hero\" id=\"secondary-hero_block_5c225f5b03bae14ab22e135fd2f11a3a\">\n\t\n<header\n\tclass=\"w-full u-bg-full-width px-[22px] md:ps-bleed md:pe-0 py-[60px] bg-smoke-5 text-black u-has-rivets u-rivets-dark\"\n\tdata-theme=\"gray\"\n>\n\t<div class=\"flex flex-col !px-0 !max-w-[1440px] w-full lg:!ps-indent\">\n\t\t<div class=\"border-t-[6px] w-full my-0 flex flex-col md:flex-row gap-x-[62px] gap-y-[22px] border-red\">\n\t\t\t\t\t\t<div class=\"w-full md:w-1\/2 md:py-[45px]\">\n\t\t\t\t<div class=\"max-w-[600px] flex flex-col gap-[22px]\">\n\t\t\t\t\t\t\t\t\t\t\t<h1 class=\"has-[.u-halftone-shadow--dark]:mb-divider has-[.u-halftone-shadow--light]:mb-divider pt-[22px] md:pt-0\">\n\t\t\t\t\t\t\t<span class=\"inline-flex text-heading-200 u-halftone-shadow--dark\">\n\t\t\t\t\t\t\t\tAnthrax\t\t\t\t\t\t\t<\/span>\n\t\t\t\t\t\t<\/h1>\n\t\t\t\t\t\t\t\t\t\t\t\t\t\t\t\t\t\t\t\t\t\t\t\t\t\t\t\t\t<\/div>\n\t\t\t<\/div>\n\n\t\t<\/div>\n\t\t\t\t\t<div class=\"order-first flex justify-start w-full pb-[22px]\">\n\t\t\t\t<div\n\tclass=\"wp-block-button is-style-tertiary text-smoke is-style-tertiary-back\"\n>\n\t\t\t<a\n\t\t\thref=\"https:\/\/www.iaff.org\/fr-ca\/maladies-infectieuses\/maladies\/\"\n\t\t\tclass=\"wp-block-button__link wp-element-button group\"\n\t\t\t\t\t>\n\t\t\t<span\n\t\t\tclass=\"decoration-transparent underline underline-offset-2 group-hover:decoration-inherit group-focus-visible:decoration-inherit transition duration-hover\"\n\t\t>\n\t\t\tMaladies infectieuses\t\t<\/span>\n\n\t\t<span\n\t\t\tclass=\"bg-inherit transition-colors duration-hover group-hover:bg-gold group-focus:bg-gold inline-flex rotate-180 order-first\"\n\t\t>\n\t\t\t<svg xmlns=\"http:\/\/www.w3.org\/2000\/svg\" width=\"21\" height=\"22\" fill=\"none\" viewBox=\"0 0 21 22\"><path stroke=\"currentColor\" stroke-linecap=\"round\" stroke-width=\"2\" d=\"M20 20.75L20 2.25L1.5 2.25L1.5 20.75L20 20.75Z\" clip-rule=\"evenodd\"\/><path stroke=\"currentColor\" stroke-linecap=\"square\" stroke-width=\"2\" d=\"M14.0883 11.5L6.66406 11.5\"\/><path stroke=\"currentColor\" stroke-linecap=\"square\" stroke-width=\"2\" d=\"M11.0723 7.75205L14.8363 11.5L11.0723 15.248\"\/><\/svg>\t\t<\/span>\n\t<\/a><\/div>\n\t\t\t<\/div>\n\t\t\t<\/div>\n<\/header>\n<\/section>\n<section\n\t class=\"page-blocks iaff-page-blocks align wp-block-acf-page-blocks\" id=\"page-blocks_block_c3853bf632fdda3b132b0916b39fbc60\">\n\t<div class=\"acf-innerblocks-container\">\n<div class=\"wp-block-paragraph \">\n<p>La fi\u00e8vre charbonneuse est une infection de la peau, du tractus gastro-intestinal ou des poumons caus\u00e9e par la bact\u00e9rie Bacillus anthracis. Il s\u2019agit d\u2019une infection courante chez les sabots et qui repr\u00e9sentait historiquement un risque pour les travailleurs agricoles, les v\u00e9t\u00e9rinaires, les tanneurs et les travailleurs de la laine. La fi\u00e8vre charbonneuse peut \u00e9galement \u00eatre utilis\u00e9e comme arme biologique.  <\/p>\n<\/div>\n<\/div><\/section>\n<section\n\t class=\"page-blocks iaff-page-blocks align wp-block-acf-page-blocks\" id=\"page-blocks_block_c3853bf632fdda3b132b0916b39fbc60\">\n\t<div class=\"acf-innerblocks-container\">\n<section\n\t class=\"section-header mb-10 align wp-block-acf-section-header\" id=\"section-header_block_4b22fd684ec57a8aac4356a5596d198d\">\n\t<div class=\"\">\n\t<div class=\"flex flex-col md:flex-row justify-between max-w-content gap-x-8 md:items-end flex-wrap\">\n\t\t<h2 class=\"text-heading-200 pb-[2px]\">\n\t\t\tComment pouvez-vous l\u2019obtenir?\t\t<\/h2>\n\n\t\t\t\t\t<div class=\"md:order-last w-full\">\n\t\t\t\t\n\t<hr class=\"h-[6px] text-red border-red bg-red w-full my-0\" role=\"presentation\"\/>\n\n\t<div class=\"h-divider w-full bg-halftone-divider bg-right\"><\/div>\n\t\t\t<\/div>\n\t\t\n\t\t\t<\/div>\n<\/div>\n<\/section>\n\n\n<div class=\"wp-block-paragraph \">\n<p>Il existe trois types de fi\u00e8vre charbonneuse avec diff\u00e9rents modes de transmission :<\/p>\n<\/div>\n\n<div class=\"wp-block-list\">\n<ul class=\"wp-block-list\">\n<li>Charbonneux cutan\u00e9<div class=\"wp-block-list\">\n<ul class=\"wp-block-list\">\n<li>Se produit apr\u00e8s que les spores de charbon ont touch\u00e9 une coupure ou une \u00e9gratignure sur la peau<\/li>\n\n\n\n<li>Le type le plus courant d\u2019infection \u00e0 la fi\u00e8vre charbonneuse chez les travailleurs animaliers<\/li>\n<\/ul>\n<\/div><\/li>\n\n\n\n<li>Charbonnet par inhalation<div class=\"wp-block-list\">\n<ul class=\"wp-block-list\">\n<li>Se produit lorsque des spores de fi\u00e8vre charbonneuse sont inhal\u00e9es<\/li>\n\n\n\n<li>Les spores inhal\u00e9es se d\u00e9veloppent et lib\u00e8rent des substances toxiques causant des maladies<\/li>\n\n\n\n<li>Cette forme de la maladie est apparue en 2001 \u00e0 la suite de l\u2019envoi de l\u2019anthrax comme arme<\/li>\n<\/ul>\n<\/div><\/li>\n\n\n\n<li>Charbonnet gastro-intestinal<div class=\"wp-block-list\">\n<ul class=\"wp-block-list\">\n<li>Manger de la viande insuffisamment cuite contamin\u00e9e par l\u2019anthrax<\/li>\n<\/ul>\n<\/div><\/li>\n<\/ul>\n<\/div>\n\n<div class=\"wp-block-paragraph \">\n<p>La fi\u00e8vre charbonneuse chez l\u2019humain n\u2019est g\u00e9n\u00e9ralement pas consid\u00e9r\u00e9e comme contagieuse. La fi\u00e8vre charbonneuse cutan\u00e9e se transmet rarement par contact avec un ulc\u00e8re par une autre personne. <\/p>\n<\/div>\n<\/div><\/section>\n<section\n\t class=\"page-blocks iaff-page-blocks align wp-block-acf-page-blocks\" id=\"page-blocks_block_c3853bf632fdda3b132b0916b39fbc60\">\n\t<div class=\"acf-innerblocks-container\">\n<section\n\t class=\"section-header mb-10 align wp-block-acf-section-header\" id=\"section-header_block_e01b25b81623e97a699882d5bd4ec73b\">\n\t<div class=\"\">\n\t<div class=\"flex flex-col md:flex-row justify-between max-w-content gap-x-8 md:items-end flex-wrap\">\n\t\t<h2 class=\"text-heading-200 pb-[2px]\">\n\t\t\tSympt\u00f4mes\t\t<\/h2>\n\n\t\t\t\t\t<div class=\"md:order-last w-full\">\n\t\t\t\t\n\t<hr class=\"h-[6px] text-red border-red bg-red w-full my-0\" role=\"presentation\"\/>\n\n\t<div class=\"h-divider w-full bg-halftone-divider bg-right\"><\/div>\n\t\t\t<\/div>\n\t\t\n\t\t\t<\/div>\n<\/div>\n<\/section>\n\n\n<div class=\"wp-block-paragraph \">\n<p>Les sympt\u00f4mes de la fi\u00e8vre charbonneuse varient selon le type de maladie :<\/p>\n<\/div>\n\n\n<ul>\n<li><img decoding=\"async\" class=\"size-full wp-image-9226 alignright\" src=\"https:\/\/www.iaff.org\/wp-content\/uploads\/2019\/11\/anthrax.jpg\" alt=\"\" width=\"196\" height=\"177\">Charbonneux cutan\u00e9<\/li>\n<li style=\"list-style-type: none;\">\n<ul>\n<li>Les sympt\u00f4mes apparaissent en 1 \u00e0 7 jours et la gu\u00e9rison prend de 2 \u00e0 4 semaines<\/li>\n<li>Au d\u00e9but, une plaie qui d\u00e9mange mais indolore se d\u00e9veloppe sur la peau\n<ul>\n<li>La plaie forme une ampoule et \u00e9ventuellement un ulc\u00e8re noir<\/li>\n<\/ul>\n<\/li>\n<li>Complications : 20% peuvent mourir sans traitement, car l\u2019infection peut se propager au sang. Le taux de mortalit\u00e9 est &lt; de 1% avec le traitement <\/li>\n<\/ul>\n<\/li>\n<\/ul>\n\n\n<div class=\"wp-block-list\">\n<ul class=\"wp-block-list\">\n<li>Charbonnet par inhalation<div class=\"wp-block-list\">\n<ul class=\"wp-block-list\">\n<li>Les sympt\u00f4mes apparaissent en 1 \u00e0 7 jours, mais peuvent prendre jusqu\u2019\u00e0 un mois<\/li>\n\n\n\n<li>Fi\u00e8vre<\/li>\n\n\n\n<li>Malaise<\/li>\n\n\n\n<li>Maux de t\u00eate<\/li>\n\n\n\n<li>Toux<\/li>\n\n\n\n<li>Essoufflement et douleur thoracique<\/li>\n\n\n\n<li>Choc<\/li>\n\n\n\n<li>Complications : le d\u00e9c\u00e8s survient chez 75% m\u00eame avec le traitement<\/li>\n<\/ul>\n<\/div><\/li>\n\n\n\n<li>Charbonnet gastro-intestinal<div class=\"wp-block-list\">\n<ul class=\"wp-block-list\">\n<li>Les sympt\u00f4mes apparaissent de 1 \u00e0 7 jours apr\u00e8s l\u2019exposition<\/li>\n\n\n\n<li>Fi\u00e8vre<\/li>\n\n\n\n<li>Douleurs abdominales<\/li>\n\n\n\n<li>Diarrh\u00e9e (parfois sanglante)<\/li>\n\n\n\n<li>Plaies dans la bouche<\/li>\n\n\n\n<li>Naus\u00e9es et\/ou vomissements<\/li>\n\n\n\n<li>Complications : Le d\u00e9c\u00e8s survient chez &gt; 50% des personnes qui ne re\u00e7oivent pas de traitement antibiotique, mais qui sont &lt; 40% avec le traitement.<\/li>\n<\/ul>\n<\/div><\/li>\n<\/ul>\n<\/div>\n<\/div><\/section>\n<section\n\t class=\"page-blocks iaff-page-blocks align wp-block-acf-page-blocks\" id=\"page-blocks_block_c3853bf632fdda3b132b0916b39fbc60\">\n\t<div class=\"acf-innerblocks-container\">\n<section\n\t class=\"section-header mb-10 align wp-block-acf-section-header\" id=\"section-header_block_5cd962ec523f689fd87ac41148ce39b7\">\n\t<div class=\"\">\n\t<div class=\"flex flex-col md:flex-row justify-between max-w-content gap-x-8 md:items-end flex-wrap\">\n\t\t<h2 class=\"text-heading-200 pb-[2px]\">\n\t\t\tPr\u00e9vention\t\t<\/h2>\n\n\t\t\t\t\t<div class=\"md:order-last w-full\">\n\t\t\t\t\n\t<hr class=\"h-[6px] text-red border-red bg-red w-full my-0\" role=\"presentation\"\/>\n\n\t<div class=\"h-divider w-full bg-halftone-divider bg-right\"><\/div>\n\t\t\t<\/div>\n\t\t\n\t\t\t<\/div>\n<\/div>\n<\/section>\n\n\n<div class=\"wp-block-paragraph \">\n<p>La fi\u00e8vre charbonneuse peut \u00eatre \u00e9vit\u00e9e par plusieurs m\u00e9thodes :<\/p>\n<\/div>\n\n<div class=\"wp-block-list\">\n<ul class=\"wp-block-list\">\n<li>Vaccin contre la fi\u00e8vre charbonneuse<div class=\"wp-block-list\">\n<ul class=\"wp-block-list\">\n<li>Disponible pour le personnel militaire et les personnes \u00e0 risque accru de contracter la fi\u00e8vre charbonneuse<\/li>\n<\/ul>\n<\/div><\/li>\n\n\n\n<li>Antibiotiques pr\u00e9ventifs post-exposition<div class=\"wp-block-list\">\n<ul class=\"wp-block-list\">\n<li>Ces sympt\u00f4mes peuvent \u00eatre administr\u00e9s aux personnes expos\u00e9es qui n\u2019ont pas encore d\u00e9velopp\u00e9 de sympt\u00f4mes<\/li>\n\n\n\n<li>Les antibiotiques sont efficaces contre les bact\u00e9ries, mais pas contre les toxines qui causent les complications de l\u2019infection.<\/li>\n<\/ul>\n<\/div><\/li>\n\n\n\n<li>Prenez des pr\u00e9cautions universelles<div class=\"wp-block-list\">\n<ul class=\"wp-block-list\">\n<li>Les gants en nitrile ou en vinyle prot\u00e8gent les travailleurs de l\u2019exposition cutan\u00e9e \u00e0 l\u2019anthrax<\/li>\n\n\n\n<li>L\u2019OSHA ne recommande pas les respirateurs pour la grande majorit\u00e9 des travailleurs. Cependant, lorsqu\u2019une protection efficace contre les spores d\u2019anthrax est n\u00e9cessaire, les CDC recommandent l\u2019utilisation de respirateurs approuv\u00e9s par le NIOSH qui sont au moins aussi protecteurs qu\u2019un respirateur N95 <\/li>\n<\/ul>\n<\/div><\/li>\n\n\n\n<li>Intervention des intervenants d\u2019urgence en cas d\u2019incident d\u2019attaque biologique<br><a href=\"https:\/\/www.osha.gov\/dep\/anthrax\/matrix\/index.html\" target=\"_blank\" rel=\"noopener\">https:\/\/www.osha.gov\/dep\/anthrax\/matrix\/index.html<\/a><div class=\"wp-block-list\">\n<ul class=\"wp-block-list\">\n<li>Pyramide des risques en milieu de travail<div class=\"wp-block-list\">\n<ul class=\"wp-block-list\">\n<li>Zone rouge = Les autorit\u00e9s confirment ou soup\u00e7onnent la pr\u00e9sence de spores d\u2019anthrax<div class=\"wp-block-list\">\n<ul class=\"wp-block-list\">\n<li>L\u2019EPI utilis\u00e9 doit \u00eatre proportionnel au risque pr\u00e9vu pour la t\u00e2che que les travailleurs accompliront<\/li>\n\n\n\n<li>Utiliser une protection de niveau C modifi\u00e9e pour nettoyer un rejet connu de fi\u00e8vre charbonneuse lorsque l\u2019agent a \u00e9t\u00e9 dispers\u00e9 d\u2019une lettre ou d\u2019un colis<\/li>\n\n\n\n<li>Utiliser une protection de niveau B lorsque des spores de fi\u00e8vre charbonneuse peuvent avoir \u00e9t\u00e9 dispers\u00e9es \u00e0 l\u2019aide d\u2019un dispositif g\u00e9n\u00e9rateur d\u2019a\u00e9rosols.<\/li>\n\n\n\n<li>Utiliser une protection de niveau A pour un rejet par une m\u00e9thode de dispersion inconnue ou un dispositif g\u00e9n\u00e9rateur d\u2019a\u00e9rosols en cours<\/li>\n<\/ul>\n<\/div><\/li>\n\n\n\n<li>Zone jaune = Contamination possible par des spores d\u2019anthrax<div class=\"wp-block-list\">\n<ul class=\"wp-block-list\">\n<li>Utilisation volontaire d\u2019EPI, y compris des gants imperm\u00e9ables (nitrile ou vinyle) et un filtre respiratoire N95 ou plus<\/li>\n<\/ul>\n<\/div><\/li>\n\n\n\n<li>Zone verte = La contamination par les spores de charbon est peu probable<div class=\"wp-block-list\">\n<ul class=\"wp-block-list\">\n<li>Pratiques de travail prudentes<\/li>\n<\/ul>\n<\/div><\/li>\n<\/ul>\n<\/div><\/li>\n<\/ul>\n<\/div><\/li>\n<\/ul>\n<\/div>\n<\/div><\/section>\n<section\n\t class=\"page-blocks iaff-page-blocks align wp-block-acf-page-blocks\" id=\"page-blocks_block_c3853bf632fdda3b132b0916b39fbc60\">\n\t<div class=\"acf-innerblocks-container\">\n<section\n\t class=\"section-header mb-10 align wp-block-acf-section-header\" id=\"section-header_block_ce2ed74076e9cd727c12cb0bb2fb6c1c\">\n\t<div class=\"\">\n\t<div class=\"flex flex-col md:flex-row justify-between max-w-content gap-x-8 md:items-end flex-wrap\">\n\t\t<h2 class=\"text-heading-200 pb-[2px]\">\n\t\t\tQue devez-vous faire si vous \u00eates expos\u00e9 \u00e0 la maladie ou si vous contractez la maladie?\t\t<\/h2>\n\n\t\t\t\t\t<div class=\"md:order-last w-full\">\n\t\t\t\t\n\t<hr class=\"h-[6px] text-red border-red bg-red w-full my-0\" role=\"presentation\"\/>\n\n\t<div class=\"h-divider w-full bg-halftone-divider bg-right\"><\/div>\n\t\t\t<\/div>\n\t\t\n\t\t\t<\/div>\n<\/div>\n<\/section>\n\n\n<div class=\"wp-block-paragraph \">\n<p>Vous devriez communiquer avec votre agent de contr\u00f4le des infections et consulter un m\u00e9decin si vous avez \u00e9t\u00e9 expos\u00e9 ou soup\u00e7onnez une exposition \u00e0 la fi\u00e8vre charbonneuse ou si vous pr\u00e9sentez des sympt\u00f4mes de fi\u00e8vre charbonneuse. La fi\u00e8vre charbonneuse peut \u00eatre trait\u00e9e avec divers antibiotiques, dont la p\u00e9nicilline, la doxycycline et la ciprofloxacine. <\/p>\n<\/div>\n<\/div><\/section>\n","protected":false},"excerpt":{"rendered":"","protected":false},"featured_media":0,"parent":71457,"menu_order":0,"comment_status":"closed","ping_status":"closed","template":"","meta":{"_acf_changed":false,"_searchwp_excluded":"","inline_featured_image":false,"_EventAllDay":false,"_EventTimezone":"","_EventStartDate":"","_EventEndDate":"","_EventStartDateUTC":"","_EventEndDateUTC":"","_EventShowMap":false,"_EventShowMapLink":false,"_EventURL":"","_EventCost":"","_EventCostDescription":"","_EventCurrencySymbol":"","_EventCurrencyCode":"","_EventCurrencyPosition":"","_EventDateTimeSeparator":"","_EventTimeRangeSeparator":"","_EventOrganizerID":[],"_EventVenueID":[],"_OrganizerEmail":"","_OrganizerPhone":"","_OrganizerWebsite":"","_VenueAddress":"","_VenueCity":"","_VenueCountry":"","_VenueProvince":"","_VenueState":"","_VenueZip":"","_VenuePhone":"","_VenueURL":"","_VenueStateProvince":"","_VenueLat":"","_VenueLng":"","_VenueShowMap":false,"_VenueShowMapLink":false,"footnotes":""},"class_list":["post-71459","page","type-page","status-publish","hentry"],"acf":[],"publishpress_future_workflow_manual_trigger":{"enabledWorkflows":[]},"_links":{"self":[{"href":"https:\/\/www.iaff.org\/fr-ca\/wp-json\/wp\/v2\/pages\/71459","targetHints":{"allow":["GET"]}}],"collection":[{"href":"https:\/\/www.iaff.org\/fr-ca\/wp-json\/wp\/v2\/pages"}],"about":[{"href":"https:\/\/www.iaff.org\/fr-ca\/wp-json\/wp\/v2\/types\/page"}],"author":[{"embeddable":true,"href":"https:\/\/www.iaff.org\/fr-ca\/wp-json\/wp\/v2\/users\/3"}],"replies":[{"embeddable":true,"href":"https:\/\/www.iaff.org\/fr-ca\/wp-json\/wp\/v2\/comments?post=71459"}],"version-history":[{"count":0,"href":"https:\/\/www.iaff.org\/fr-ca\/wp-json\/wp\/v2\/pages\/71459\/revisions"}],"up":[{"embeddable":true,"href":"https:\/\/www.iaff.org\/fr-ca\/wp-json\/wp\/v2\/pages\/71457"}],"wp:attachment":[{"href":"https:\/\/www.iaff.org\/fr-ca\/wp-json\/wp\/v2\/media?parent=71459"}],"curies":[{"name":"wp","href":"https:\/\/api.w.org\/{rel}","templated":true}]}}