{"id":71451,"date":"2024-02-28T13:47:50","date_gmt":"2024-02-28T18:47:50","guid":{"rendered":"https:\/\/www.iaff.org\/federation-des-pompiers-professionnels-detat-et-provinciaux-fsppff\/"},"modified":"2024-09-06T16:01:27","modified_gmt":"2024-09-06T20:01:27","slug":"federation-des-pompiers-professionnels-detat-et-provinciaux-fsppff","status":"publish","type":"page","link":"https:\/\/www.iaff.org\/fr-ca\/federation-des-pompiers-professionnels-detat-et-provinciaux-fsppff\/","title":{"rendered":"F\u00e9d\u00e9ration des pompiers professionnels d\u2019\u00c9tat et provinciaux (FSPPFF)"},"content":{"rendered":"<section\n\t class=\"secondary-hero align wp-block-acf-secondary-hero\" id=\"secondary-hero_block_e6a41fc3fb26cad81b5e11adb546e7f9\">\n\t\n<header\n\tclass=\"w-full u-bg-full-width px-[22px] md:ps-bleed md:pe-0 py-[60px] bg-blue text-white u-has-rivets\"\n\tdata-theme=\"navy\"\n>\n\t<div class=\"flex flex-col !px-0 !max-w-[1440px] w-full lg:!ps-indent\">\n\t\t<div class=\"border-t-[6px] w-full my-0 flex flex-col md:flex-row gap-x-[62px] gap-y-[22px] border-gold\">\n\t\t\t\t\t\t<div class=\"w-full md:w-1\/2 md:py-[45px]\">\n\t\t\t\t<div class=\"max-w-[600px] flex flex-col gap-[22px]\">\n\t\t\t\t\t\t\t\t\t\t\t<h1 class=\"has-[.u-halftone-shadow--dark]:mb-divider has-[.u-halftone-shadow--light]:mb-divider pt-[22px] md:pt-0\">\n\t\t\t\t\t\t\t<span class=\"inline-flex text-heading-200 u-halftone-shadow--light\">\n\t\t\t\t\t\t\t\tF\u00e9d\u00e9ration des pompiers professionnels d\u2019\u00c9tat et provinciaux (FSPPFF)\t\t\t\t\t\t\t<\/span>\n\t\t\t\t\t\t<\/h1>\n\t\t\t\t\t\t\t\t\t\t\t\t\t\t\t\t<div class=\"text-body-300 font-sans\">\n\t\t\t\t\t\t\t<p>La F\u00e9d\u00e9ration des pompiers professionnels d&rsquo;\u00c9tat et provinciaux (FSPPFF) a \u00e9t\u00e9 cr\u00e9\u00e9e pour donner aux officiers affili\u00e9s des \u00c9tats et des provinces une compr\u00e9hension plus pr\u00e9cise des \u00e9v\u00e9nements actuels qui touchent les pompiers des \u00c9tats-Unis et du Canada. La F\u00e9d\u00e9ration se r\u00e9unit p\u00e9riodiquement pour \u00e9changer sur les mesures l\u00e9gislatives et politiques et les questions d\u2019actualit\u00e9 touchant les pompiers dans les \u00c9tats et les provinces et pour fournir un moyen de renforcer les relations et la coordination entre les associations \u00e9tatiques et provinciales. La FSPPFF fonctionne dans le respect des Statuts et r\u00e8glements de l\u2019AIP. .<\/p>\n\t\t\t\t\t\t<\/div>\n\t\t\t\t\t\t\t\t\t\t\t\t\t\t\t\t\t\t\t\t\t\t\t\t<\/div>\n\t\t\t<\/div>\n\n\t\t<\/div>\n\t\t\t<\/div>\n<\/header>\n<\/section>\n<section\n\t class=\"page-blocks iaff-page-blocks align wp-block-acf-page-blocks\" id=\"page-blocks_block_8b7d1ec6fe7eb7fb68cdccd189135883\">\n\t<div class=\"acf-innerblocks-container\">\n<section\n\t class=\"section-header mb-10 align wp-block-acf-section-header\" id=\"section-header_block_32e0e58d287aecc2e68cb1589dca0825\">\n\t<div class=\"\">\n\t<div class=\"flex flex-col md:flex-row justify-between max-w-content gap-x-8 md:items-end flex-wrap\">\n\t\t<h2 class=\"text-heading-200 pb-[2px]\">\n\t\t\tDirigeants et membres du personnel\t\t<\/h2>\n\n\t\t\t\t\t<div class=\"md:order-last w-full\">\n\t\t\t\t\n\t<hr class=\"h-[6px] text-red border-red bg-red w-full my-0\" role=\"presentation\"\/>\n\n\t<div class=\"h-divider w-full bg-halftone-divider bg-right\"><\/div>\n\t\t\t<\/div>\n\t\t\n\t\t\t<\/div>\n<\/div>\n<\/section>\n\n\n\n<figure class=\"wp-block-gallery has-nested-images columns-default is-cropped wp-block-gallery-1 is-layout-flex wp-block-gallery-is-layout-flex\">\n<figure class=\"wp-block-image size-large\"><img decoding=\"async\" width=\"1000\" height=\"1000\" data-id=\"13358\" src=\"https:\/\/www.iaff.org\/wp-content\/uploads\/Dennis-Lawson.jpg\" alt=\"\" class=\"wp-image-13358\" srcset=\"https:\/\/www.iaff.org\/wp-content\/uploads\/Dennis-Lawson.jpg 1000w, https:\/\/www.iaff.org\/wp-content\/uploads\/Dennis-Lawson-300x300.jpg 300w, https:\/\/www.iaff.org\/wp-content\/uploads\/Dennis-Lawson-150x150.jpg 150w, https:\/\/www.iaff.org\/wp-content\/uploads\/Dennis-Lawson-768x768.jpg 768w, https:\/\/www.iaff.org\/wp-content\/uploads\/Dennis-Lawson-240x240.jpg 240w, https:\/\/www.iaff.org\/wp-content\/uploads\/Dennis-Lawson-800x800.jpg 800w\" sizes=\"(max-width: 1000px) 100vw, 1000px\" \/><figcaption class=\"wp-element-caption\"><strong>Dennis Lawson<br\/>Pr\u00e9sident<\/strong><br\/><a href=\"mailto:Den-bren@comcast.net\">Den-bren@comcast.net<\/a><br\/><a href=\"tel:+12537321844\">(253) 732-1844<\/a><\/figcaption><\/figure>\n\n\n\n<figure class=\"wp-block-image size-large\"><img decoding=\"async\" width=\"400\" height=\"267\" data-id=\"7426\" src=\"https:\/\/www.iaff.org\/wp-content\/uploads\/2019\/06\/FSPPFF_VC_BobbyLee.jpg\" alt=\"\" class=\"wp-image-7426\" srcset=\"https:\/\/www.iaff.org\/wp-content\/uploads\/2019\/06\/FSPPFF_VC_BobbyLee.jpg 400w, https:\/\/www.iaff.org\/wp-content\/uploads\/2019\/06\/FSPPFF_VC_BobbyLee-300x200.jpg 300w, https:\/\/www.iaff.org\/wp-content\/uploads\/2019\/06\/FSPPFF_VC_BobbyLee-240x160.jpg 240w\" sizes=\"(max-width: 400px) 100vw, 400px\" \/><figcaption class=\"wp-element-caption\"><strong>Robert Lee<br\/>Vice-pr\u00e9sident<\/strong><br\/><a href=\"mailto:Robertlee@hawaiifirefighters.org\">Robertlee@hawaiifirefighters.org<\/a><br\/><a href=\"tel:+18083686256\">(808) 368-6256<\/a><\/figcaption><\/figure>\n\n\n\n<figure class=\"wp-block-image size-large\"><img decoding=\"async\" width=\"300\" height=\"300\" data-id=\"65073\" src=\"https:\/\/www.iaff.org\/wp-content\/uploads\/2024\/02\/Billy-Cabral-300x300-1.jpg\" alt=\"\" class=\"wp-image-65073\" srcset=\"https:\/\/www.iaff.org\/wp-content\/uploads\/2024\/02\/Billy-Cabral-300x300-1.jpg 300w, https:\/\/www.iaff.org\/wp-content\/uploads\/2024\/02\/Billy-Cabral-300x300-1-150x150.jpg 150w, https:\/\/www.iaff.org\/wp-content\/uploads\/2024\/02\/Billy-Cabral-300x300-1-240x240.jpg 240w\" sizes=\"(max-width: 300px) 100vw, 300px\" \/><figcaption class=\"wp-element-caption\"><strong>Billy Cabral<br\/>Secr\u00e9taire-tr\u00e9sorier<\/strong><br\/><a href=\"mailto:Billy@pffm.org\">Billy@pffm.org<\/a><br\/><a href=\"tel:+17742630607\">(774) 263-0607<\/a><\/figcaption><\/figure>\n<\/figure>\n\n\n<section\n\t class=\"section-header mb-10 align wp-block-acf-section-header\" id=\"section-header_block_71a57484a68960d31d6df08524f4a3cf\">\n\t<div class=\"\">\n\t<div class=\"flex flex-col md:flex-row justify-between max-w-content gap-x-8 md:items-end flex-wrap\">\n\t\t<h2 class=\"text-heading-200 pb-[2px]\">\n\t\t\tR\u00e8glements\t\t<\/h2>\n\n\t\t\t\t\t<div class=\"md:order-last w-full\">\n\t\t\t\t\n\t<hr class=\"h-[6px] text-red border-red bg-red w-full my-0\" role=\"presentation\"\/>\n\n\t<div class=\"h-divider w-full bg-halftone-divider bg-right\"><\/div>\n\t\t\t<\/div>\n\t\t\n\t\t\t<\/div>\n<\/div>\n<\/section>\n\n\n<section\n\t class=\"card-grid pt-5 align wp-block-acf-card-grid\" id=\"card-grid_block_242d328b66ef4230b663bee9178d39c1\">\n\t\n\t<div class=\"iaff-card-grid md:px-indent\">\n\t\t\t\t<div class=\"acf-innerblocks-container\">\n<article\n\t class=\"link-card flex align wp-block-acf-link-card\" id=\"link-card_block_ff8594dbb1c4a02ceaaae838f3f2db4d\">\n\t<a href=\"https:\/\/www.iaff.org\/wp-content\/uploads\/FSPPFF\/CBL-Federation-of-State-2-24-22.pdf\" target=\"_blank\" class=\"p-0 flex flex-col w-full h-full group no-underline\">\t<div class=\"bg-halftone-dark p-3 min-h-divider w-full grid place-items-center\"><\/div>\n\t<div class=\"relative px-10 py-9 bg-smoke\/5 text-body-500 flex flex-col gap-card-gap flex-1 transition duration-hover group-hover:bg-white\">\n\t\t\t\t\t<h4 class=\"text-heading-400-serif\">\n\t\t\t\t2022\t\t\t<\/h4>\n\t\t\t\t<div class=\"relative flex flex-col flex-1 gap-card-gap text-body-500 justify-start min-h-[120px]\">\n\t\t\t\t\t\t\t\t\t\t\t\t\t<div class=\"mt-auto group-hover\">\n\t\t\t\t\t<!-- Renders the same as core\/button with a specific style -->\n\t<div>\n\t\t\t\t\t<div\n\t\t\t\tclass=\"inline-flex gap-[16px] items-center text-inherit text-button-300 decoration-transparent underline underline-offset-2 transition-colors duration-hover group-hover:decoration-current group-focus-visible:decoration-current\"\n\t\t\t>\n\t\t\t\t<span>\n\t\t\t\t\tDownload\t\t\t\t<\/span>\n\t\t\t\t<svg xmlns=\"http:\/\/www.w3.org\/2000\/svg\" width=\"15\" height=\"15\" fill=\"none\" viewBox=\"0 0 15 15\"><path stroke=\"currentColor\" stroke-linecap=\"square\" stroke-width=\"2\" d=\"M11.6347 7.49976L1 7.49976\"\/><path stroke=\"currentColor\" stroke-linecap=\"square\" stroke-width=\"2\" d=\"M7.31445 2.13138L12.7061 7.50014L7.31445 12.8689\"\/><\/svg>\t\t\t<\/div>\n\t\t\t<\/div>\n\t\t\t\t<\/div>\n\t\t\t\t\t<\/div>\n\t<\/div>\n\t<\/a><\/article>\n\n\n<article\n\t class=\"link-card flex align wp-block-acf-link-card\" id=\"link-card_block_1bbcc9419b7d3b6cb8c627bffee3a0d5\">\n\t<a href=\"https:\/\/www.iaff.org\/wp-content\/uploads\/FSPPFF\/FSPPFFBylaws.pdf\" target=\"_blank\" class=\"p-0 flex flex-col w-full h-full group no-underline\">\t<div class=\"bg-halftone-dark p-3 min-h-divider w-full grid place-items-center\"><\/div>\n\t<div class=\"relative px-10 py-9 bg-smoke\/5 text-body-500 flex flex-col gap-card-gap flex-1 transition duration-hover group-hover:bg-white\">\n\t\t\t\t\t<h4 class=\"text-heading-400-serif\">\n\t\t\t\t2012\t\t\t<\/h4>\n\t\t\t\t<div class=\"relative flex flex-col flex-1 gap-card-gap text-body-500 justify-start min-h-[120px]\">\n\t\t\t\t\t\t\t\t\t\t\t\t\t<div class=\"mt-auto group-hover\">\n\t\t\t\t\t<!-- Renders the same as core\/button with a specific style -->\n\t<div>\n\t\t\t\t\t<div\n\t\t\t\tclass=\"inline-flex gap-[16px] items-center text-inherit text-button-300 decoration-transparent underline underline-offset-2 transition-colors duration-hover group-hover:decoration-current group-focus-visible:decoration-current\"\n\t\t\t>\n\t\t\t\t<span>\n\t\t\t\t\tDownload\t\t\t\t<\/span>\n\t\t\t\t<svg xmlns=\"http:\/\/www.w3.org\/2000\/svg\" width=\"15\" height=\"15\" fill=\"none\" viewBox=\"0 0 15 15\"><path stroke=\"currentColor\" stroke-linecap=\"square\" stroke-width=\"2\" d=\"M11.6347 7.49976L1 7.49976\"\/><path stroke=\"currentColor\" stroke-linecap=\"square\" stroke-width=\"2\" d=\"M7.31445 2.13138L12.7061 7.50014L7.31445 12.8689\"\/><\/svg>\t\t\t<\/div>\n\t\t\t<\/div>\n\t\t\t\t<\/div>\n\t\t\t\t\t<\/div>\n\t<\/div>\n\t<\/a><\/article>\n\n<\/div>\t<\/div>\n\n\t\n<\/section>\n\n\n<section\n\t class=\"section-header mb-10 align wp-block-acf-section-header\" id=\"section-header_block_9ce0f1118e4cfb1912fbdad921fe0cef\">\n\t<div class=\"\">\n\t<div class=\"flex flex-col md:flex-row justify-between max-w-content gap-x-8 md:items-end flex-wrap\">\n\t\t<h2 class=\"text-heading-200 pb-[2px]\">\n\t\t\tAdh\u00e9sion\t\t<\/h2>\n\n\t\t\t\t\t<div class=\"md:order-last w-full\">\n\t\t\t\t\n\t<hr class=\"h-[6px] text-red border-red bg-red w-full my-0\" role=\"presentation\"\/>\n\n\t<div class=\"h-divider w-full bg-halftone-divider bg-right\"><\/div>\n\t\t\t<\/div>\n\t\t\n\t\t\t<\/div>\n<\/div>\n<\/section>\n\n\n<div class=\"wp-block-list\">\n<ul class=\"wp-block-list\">\n<li>Alaska<\/li>\n\n\n\n<li>Alabama<\/li>\n\n\n\n<li>Alberta<\/li>\n\n\n\n<li>Arizona<\/li>\n\n\n\n<li>Arkansas<\/li>\n\n\n\n<li>Provinces de l\u2019Atlantique<\/li>\n\n\n\n<li>Colombie-Britannique<\/li>\n\n\n\n<li>Californie<\/li>\n\n\n\n<li>Colorado<\/li>\n\n\n\n<li>Connecticut<\/li>\n\n\n\n<li>District de Columbia<\/li>\n\n\n\n<li>Pompiers f\u00e9d\u00e9raux<\/li>\n\n\n\n<li>Floride<\/li>\n\n\n\n<li>G\u00e9orgie<\/li>\n\n\n\n<li>Hawa\u00ef<\/li>\n\n\n\n<li>Idaho<\/li>\n\n\n\n<li>Illinois<\/li>\n\n\n\n<li>Indiana<\/li>\n\n\n\n<li>Iowa<\/li>\n<\/ul>\n<\/div>\n\n<div class=\"wp-block-list\">\n<ul class=\"wp-block-list\">\n<li>Kentucky<\/li>\n\n\n\n<li>Louisiane<\/li>\n\n\n\n<li>Maine<\/li>\n\n\n\n<li>Manitoba<\/li>\n\n\n\n<li>Maryland<\/li>\n\n\n\n<li>Massachusetts<\/li>\n\n\n\n<li>Michigan<\/li>\n\n\n\n<li>Minnesota<\/li>\n\n\n\n<li>Mississippi<\/li>\n\n\n\n<li>Missouri<\/li>\n\n\n\n<li>Montana<\/li>\n\n\n\n<li>Nebraska<\/li>\n\n\n\n<li>Nevada<\/li>\n\n\n\n<li>New Hampshire<\/li>\n\n\n\n<li>New Jersey<\/li>\n\n\n\n<li>Nouveau-Mexique<\/li>\n\n\n\n<li>New York<\/li>\n\n\n\n<li>Caroline du Nord<\/li>\n\n\n\n<li>Ohio<\/li>\n<\/ul>\n<\/div>\n\n<div class=\"wp-block-list\">\n<ul class=\"wp-block-list\">\n<li>Oklahoma<\/li>\n\n\n\n<li>Ontario<\/li>\n\n\n\n<li>Oregon<\/li>\n\n\n\n<li>Pennsylvanie<\/li>\n\n\n\n<li>Rhode Island<\/li>\n\n\n\n<li>Saskatchewan<\/li>\n\n\n\n<li>Caroline du Sud<\/li>\n\n\n\n<li>Dakota du Sud<\/li>\n\n\n\n<li>Tennessee<\/li>\n\n\n\n<li>\u00c9tat du Texas<\/li>\n\n\n\n<li>Utah<\/li>\n\n\n\n<li>Vermont<\/li>\n\n\n\n<li>Virginie<\/li>\n\n\n\n<li>Washington<\/li>\n\n\n\n<li>Virginie-Occidentale<\/li>\n\n\n\n<li>Wisconsin<\/li>\n\n\n\n<li>Wyoming<\/li>\n<\/ul>\n<\/div>\n<\/div><\/section>\n","protected":false},"excerpt":{"rendered":"","protected":false},"featured_media":0,"parent":0,"menu_order":0,"comment_status":"closed","ping_status":"closed","template":"","meta":{"_acf_changed":false,"_searchwp_excluded":"","inline_featured_image":false,"_EventAllDay":false,"_EventTimezone":"","_EventStartDate":"","_EventEndDate":"","_EventStartDateUTC":"","_EventEndDateUTC":"","_EventShowMap":false,"_EventShowMapLink":false,"_EventURL":"","_EventCost":"","_EventCostDescription":"","_EventCurrencySymbol":"","_EventCurrencyCode":"","_EventCurrencyPosition":"","_EventDateTimeSeparator":"","_EventTimeRangeSeparator":"","_EventOrganizerID":[],"_EventVenueID":[],"_OrganizerEmail":"","_OrganizerPhone":"","_OrganizerWebsite":"","_VenueAddress":"","_VenueCity":"","_VenueCountry":"","_VenueProvince":"","_VenueState":"","_VenueZip":"","_VenuePhone":"","_VenueURL":"","_VenueStateProvince":"","_VenueLat":"","_VenueLng":"","_VenueShowMap":false,"_VenueShowMapLink":false,"footnotes":""},"class_list":["post-71451","page","type-page","status-publish","hentry"],"acf":[],"publishpress_future_workflow_manual_trigger":{"enabledWorkflows":[]},"_links":{"self":[{"href":"https:\/\/www.iaff.org\/fr-ca\/wp-json\/wp\/v2\/pages\/71451","targetHints":{"allow":["GET"]}}],"collection":[{"href":"https:\/\/www.iaff.org\/fr-ca\/wp-json\/wp\/v2\/pages"}],"about":[{"href":"https:\/\/www.iaff.org\/fr-ca\/wp-json\/wp\/v2\/types\/page"}],"author":[{"embeddable":true,"href":"https:\/\/www.iaff.org\/fr-ca\/wp-json\/wp\/v2\/users\/10"}],"replies":[{"embeddable":true,"href":"https:\/\/www.iaff.org\/fr-ca\/wp-json\/wp\/v2\/comments?post=71451"}],"version-history":[{"count":0,"href":"https:\/\/www.iaff.org\/fr-ca\/wp-json\/wp\/v2\/pages\/71451\/revisions"}],"wp:attachment":[{"href":"https:\/\/www.iaff.org\/fr-ca\/wp-json\/wp\/v2\/media?parent=71451"}],"curies":[{"name":"wp","href":"https:\/\/api.w.org\/{rel}","templated":true}]}}