{"id":71436,"date":"2024-02-26T15:42:18","date_gmt":"2024-02-26T20:42:18","guid":{"rendered":"https:\/\/www.iaff.org\/couleurs-ecussons-et-autres-insignes-du-groupe-de-moto-de-laip\/formulaire-de-commande-du-groupe-de-moto-de-laip\/"},"modified":"2024-04-14T16:30:09","modified_gmt":"2024-04-14T20:30:09","slug":"formulaire-de-commande-du-groupe-de-moto-de-laip","status":"publish","type":"page","link":"https:\/\/www.iaff.org\/fr-ca\/groupe-de-moto\/couleurs-ecussons-et-autres-insignes-du-groupe-de-moto-de-laip\/formulaire-de-commande-du-groupe-de-moto-de-laip\/","title":{"rendered":"Formulaire de commande du groupe de moto de l\u2019AIP"},"content":{"rendered":"<section\n\t class=\"secondary-hero align wp-block-acf-secondary-hero\" id=\"secondary-hero_block_50621ee61fccb57040e8ec09bf689dec\">\n\t\n<header\n\tclass=\"w-full u-bg-full-width px-[22px] md:ps-bleed md:pe-0 py-[60px] bg-smoke-5 text-black u-has-rivets u-rivets-dark\"\n\tdata-theme=\"gray\"\n>\n\t<div class=\"flex flex-col !px-0 !max-w-[1440px] w-full lg:!ps-indent\">\n\t\t<div class=\"border-t-[6px] w-full my-0 flex flex-col md:flex-row gap-x-[62px] gap-y-[22px] border-red\">\n\t\t\t\t\t\t<div class=\"w-full md:w-1\/2 md:py-[45px]\">\n\t\t\t\t<div class=\"max-w-[600px] flex flex-col gap-[22px]\">\n\t\t\t\t\t\t\t\t\t\t\t<h1 class=\"has-[.u-halftone-shadow--dark]:mb-divider has-[.u-halftone-shadow--light]:mb-divider pt-[22px] md:pt-0\">\n\t\t\t\t\t\t\t<span class=\"inline-flex text-heading-200 u-halftone-shadow--dark\">\n\t\t\t\t\t\t\t\tBon de commande\t\t\t\t\t\t\t<\/span>\n\t\t\t\t\t\t<\/h1>\n\t\t\t\t\t\t\t\t\t\t\t\t\t\t\t\t\t\t\t\t\t\t\t\t\t\t\t\t\t<\/div>\n\t\t\t<\/div>\n\n\t\t<\/div>\n\t\t\t\t\t<div class=\"order-first flex justify-start w-full pb-[22px]\">\n\t\t\t\t<div\n\tclass=\"wp-block-button is-style-tertiary text-smoke is-style-tertiary-back\"\n>\n\t\t\t<a\n\t\t\thref=\"https:\/\/www.iaff.org\/motorcycle-group\/colors\/\"\n\t\t\tclass=\"wp-block-button__link wp-element-button group\"\n\t\t\t\t\t>\n\t\t\t<span\n\t\t\tclass=\"decoration-transparent underline underline-offset-2 group-hover:decoration-inherit group-focus-visible:decoration-inherit transition duration-hover\"\n\t\t>\n\t\t\tCouleurs, \u00e9cussons et autres insignes du groupe de moto de l\u2019AIP\t\t<\/span>\n\n\t\t<span\n\t\t\tclass=\"bg-inherit transition-colors duration-hover group-hover:bg-gold group-focus:bg-gold inline-flex rotate-180 order-first\"\n\t\t>\n\t\t\t<svg xmlns=\"http:\/\/www.w3.org\/2000\/svg\" width=\"21\" height=\"22\" fill=\"none\" viewBox=\"0 0 21 22\"><path stroke=\"currentColor\" stroke-linecap=\"round\" stroke-width=\"2\" d=\"M20 20.75L20 2.25L1.5 2.25L1.5 20.75L20 20.75Z\" clip-rule=\"evenodd\"\/><path stroke=\"currentColor\" stroke-linecap=\"square\" stroke-width=\"2\" d=\"M14.0883 11.5L6.66406 11.5\"\/><path stroke=\"currentColor\" stroke-linecap=\"square\" stroke-width=\"2\" d=\"M11.0723 7.75205L14.8363 11.5L11.0723 15.248\"\/><\/svg>\t\t<\/span>\n\t<\/a><\/div>\n\t\t\t<\/div>\n\t\t\t<\/div>\n<\/header>\n<\/section>\n<script>\nvar gform;gform||(document.addEventListener(\"gform_main_scripts_loaded\",function(){gform.scriptsLoaded=!0}),document.addEventListener(\"gform\/theme\/scripts_loaded\",function(){gform.themeScriptsLoaded=!0}),window.addEventListener(\"DOMContentLoaded\",function(){gform.domLoaded=!0}),gform={domLoaded:!1,scriptsLoaded:!1,themeScriptsLoaded:!1,isFormEditor:()=>\"function\"==typeof InitializeEditor,callIfLoaded:function(o){return!(!gform.domLoaded||!gform.scriptsLoaded||!gform.themeScriptsLoaded&&!gform.isFormEditor()||(gform.isFormEditor()&&console.warn(\"The use of gform.initializeOnLoaded() is deprecated in the form editor context and will be removed in Gravity Forms 3.1.\"),o(),0))},initializeOnLoaded:function(o){gform.callIfLoaded(o)||(document.addEventListener(\"gform_main_scripts_loaded\",()=>{gform.scriptsLoaded=!0,gform.callIfLoaded(o)}),document.addEventListener(\"gform\/theme\/scripts_loaded\",()=>{gform.themeScriptsLoaded=!0,gform.callIfLoaded(o)}),window.addEventListener(\"DOMContentLoaded\",()=>{gform.domLoaded=!0,gform.callIfLoaded(o)}))},hooks:{action:{},filter:{}},addAction:function(o,r,e,t){gform.addHook(\"action\",o,r,e,t)},addFilter:function(o,r,e,t){gform.addHook(\"filter\",o,r,e,t)},doAction:function(o){gform.doHook(\"action\",o,arguments)},applyFilters:function(o){return gform.doHook(\"filter\",o,arguments)},removeAction:function(o,r){gform.removeHook(\"action\",o,r)},removeFilter:function(o,r,e){gform.removeHook(\"filter\",o,r,e)},addHook:function(o,r,e,t,n){null==gform.hooks[o][r]&&(gform.hooks[o][r]=[]);var d=gform.hooks[o][r];null==n&&(n=r+\"_\"+d.length),gform.hooks[o][r].push({tag:n,callable:e,priority:t=null==t?10:t})},doHook:function(r,o,e){var t;if(e=Array.prototype.slice.call(e,1),null!=gform.hooks[r][o]&&((o=gform.hooks[r][o]).sort(function(o,r){return o.priority-r.priority}),o.forEach(function(o){\"function\"!=typeof(t=o.callable)&&(t=window[t]),\"action\"==r?t.apply(null,e):e[0]=t.apply(null,e)})),\"filter\"==r)return e[0]},removeHook:function(o,r,t,n){var e;null!=gform.hooks[o][r]&&(e=(e=gform.hooks[o][r]).filter(function(o,r,e){return!!(null!=n&&n!=o.tag||null!=t&&t!=o.priority)}),gform.hooks[o][r]=e)}});\n<\/script>\n\n                <div class='gf_browser_gecko gform_wrapper gravity-theme gform-theme--no-framework' data-form-theme='gravity-theme' data-form-index='0' id='gform_wrapper_31' ><form method='post' enctype='multipart\/form-data'  id='gform_31'  action='\/fr-ca\/wp-json\/wp\/v2\/pages\/71436' data-formid='31' novalidate>\t\t\t\t\t<div style=\"display: none !important;\" class=\"akismet-fields-container gf_invisible\" data-prefix=\"ak_\"> \r\n <input type='hidden' class='gforms-pum' value='{\"closepopup\":false,\"closedelay\":0,\"openpopup\":false,\"openpopup_id\":0}' \/>\n\t\t\t\t\t\t<label>&#916;<textarea name=\"ak_hp_textarea\" cols=\"45\" rows=\"8\" maxlength=\"100\"><\/textarea><\/label>\n\t\t\t\t\t\t<input type=\"hidden\" id=\"ak_js_1\" name=\"ak_js\" value=\"6\" \/>\n\t\t\t\t\t\t<script>\ndocument.getElementById( \"ak_js_1\" ).setAttribute( \"value\", ( new Date() ).getTime() );\n<\/script>\n\n\t\t\t\t\t<\/div>\n                        <div class='gform-body gform_body'><div id='gform_fields_31' class='gform_fields top_label form_sublabel_below description_below validation_below'><div id=\"field_31_1\" class=\"gfield gfield--type-text gfield--width-full text-field gfield_contains_required field_sublabel_below gfield--no-description field_description_below field_validation_below gfield_visibility_visible\"  ><label class='gfield_label gform-field-label' for='input_31_1'>Nom<span class=\"gfield_required\"><span class=\"gfield_required gfield_required_text\">(Obligatoire)<\/span><\/span><\/label><div class='ginput_container ginput_container_text'><input name='input_1' id='input_31_1' type='text' value='' class=''     aria-required=\"true\" aria-invalid=\"false\"   \/><\/div><\/div><div id=\"field_31_2\" class=\"gfield gfield--type-text gfield--width-full text-field gfield_contains_required field_sublabel_below gfield--no-description field_description_below field_validation_below gfield_visibility_visible\"  ><label class='gfield_label gform-field-label' for='input_31_2'>Num\u00e9ro local<span class=\"gfield_required\"><span class=\"gfield_required gfield_required_text\">(Obligatoire)<\/span><\/span><\/label><div class='ginput_container ginput_container_text'><input name='input_2' id='input_31_2' type='text' value='' class=''     aria-required=\"true\" aria-invalid=\"false\"   \/><\/div><\/div><div id=\"field_31_3\" class=\"gfield gfield--type-text gfield--width-full text-field gfield_contains_required field_sublabel_below gfield--no-description field_description_below field_validation_below gfield_visibility_visible\"  ><label class='gfield_label gform-field-label' for='input_31_3'>Num\u00e9ro de district<span class=\"gfield_required\"><span class=\"gfield_required gfield_required_text\">(Obligatoire)<\/span><\/span><\/label><div class='ginput_container ginput_container_text'><input name='input_3' id='input_31_3' type='text' value='' class=''     aria-required=\"true\" aria-invalid=\"false\"   \/><\/div><\/div><div id=\"field_31_4\" class=\"gfield gfield--type-text gfield--width-full text-field gfield_contains_required field_sublabel_below gfield--no-description field_description_below field_validation_below gfield_visibility_visible\"  ><label class='gfield_label gform-field-label' for='input_31_4'>Num\u00e9ro de membre IAFF \u00e0 7 chiffres<span class=\"gfield_required\"><span class=\"gfield_required gfield_required_text\">(Obligatoire)<\/span><\/span><\/label><div class='ginput_container ginput_container_text'><input name='input_4' id='input_31_4' type='text' value='' class=''     aria-required=\"true\" aria-invalid=\"false\"   \/><\/div><\/div><div id=\"field_31_5\" class=\"gfield gfield--type-text gfield--width-full text-field gfield_contains_required field_sublabel_below gfield--no-description field_description_below field_validation_below gfield_visibility_visible\"  ><label class='gfield_label gform-field-label' for='input_31_5'>Num\u00e9ro de membre IAFF-MG<span class=\"gfield_required\"><span class=\"gfield_required gfield_required_text\">(Obligatoire)<\/span><\/span><\/label><div class='ginput_container ginput_container_text'><input name='input_5' id='input_31_5' type='text' value='' class=''     aria-required=\"true\" aria-invalid=\"false\"   \/><\/div><\/div><div id=\"field_31_6\" class=\"gfield gfield--type-email gfield--width-full email-field gfield_contains_required field_sublabel_below gfield--no-description field_description_below field_validation_below gfield_visibility_visible\"  ><label class='gfield_label gform-field-label' for='input_31_6'>Courriel<span class=\"gfield_required\"><span class=\"gfield_required gfield_required_text\">(Obligatoire)<\/span><\/span><\/label><div class='ginput_container ginput_container_email'>\n                            <input name='input_6' id='input_31_6' type='email' value='' class=''    aria-required=\"true\" aria-invalid=\"false\"  \/>\n                        <\/div><\/div><div id=\"field_31_7\" class=\"gfield gfield--type-phone gfield--width-full phone-field gfield_contains_required field_sublabel_below gfield--no-description field_description_below field_validation_below gfield_visibility_visible\"  ><label class='gfield_label gform-field-label' for='input_31_7'>Num\u00e9ro de t\u00e9l\u00e9phone cellulaire<span class=\"gfield_required\"><span class=\"gfield_required gfield_required_text\">(Obligatoire)<\/span><\/span><\/label><div class='ginput_container ginput_container_phone'><input name='input_7' id='input_31_7' type='tel' value='' class=''   aria-required=\"true\" aria-invalid=\"false\"   \/><\/div><\/div><fieldset id=\"field_31_8\" class=\"gfield gfield--type-checkbox gfield--type-choice gfield--width-full checkbox-field gfield_contains_required field_sublabel_below gfield--no-description field_description_below field_validation_below gfield_visibility_visible\"  ><legend class='gfield_label gform-field-label gfield_label_before_complex' >Liste de cases \u00e0 cocher<span class=\"gfield_required\"><span class=\"gfield_required gfield_required_text\">(Obligatoire)<\/span><\/span><\/legend><div class='ginput_container ginput_container_checkbox'><div class='gfield_checkbox ' id='input_31_8'><div class='gchoice gchoice_31_8_1'>\n\t\t\t\t\t\t\t\t<input class='gfield-choice-input' name='input_8.1' type='checkbox'  value='Ensemble complet des couleurs IAFF-MG (ensemble 3 pi\u00e8ces) 190,00 $'  id='choice_31_8_1'   \/>\n\t\t\t\t\t\t\t\t<label for='choice_31_8_1' id='label_31_8_1' class='gform-field-label gform-field-label--type-inline'>Ensemble complet des couleurs IAFF-MG (ensemble 3 pi\u00e8ces) 190,00 $<\/label>\n\t\t\t\t\t\t\t<\/div><div class='gchoice gchoice_31_8_2'>\n\t\t\t\t\t\t\t\t<input class='gfield-choice-input' name='input_8.2' type='checkbox'  value='Aiguille \u00e0 bascule (ancienne) &amp; Pi\u00e8ce centrale 140,75 $'  id='choice_31_8_2'   \/>\n\t\t\t\t\t\t\t\t<label for='choice_31_8_2' id='label_31_8_2' class='gform-field-label gform-field-label--type-inline'>Aiguille \u00e0 bascule (ancienne) &amp; Pi\u00e8ce centrale 140,75 $<\/label>\n\t\t\t\t\t\t\t<\/div><div class='gchoice gchoice_31_8_3'>\n\t\t\t\t\t\t\t\t<input class='gfield-choice-input' name='input_8.3' type='checkbox'  value='Top Rocker (Vieux) 42,00 $'  id='choice_31_8_3'   \/>\n\t\t\t\t\t\t\t\t<label for='choice_31_8_3' id='label_31_8_3' class='gform-field-label gform-field-label--type-inline'>Top Rocker (Vieux) 42,00 $<\/label>\n\t\t\t\t\t\t\t<\/div><div class='gchoice gchoice_31_8_4'>\n\t\t\t\t\t\t\t\t<input class='gfield-choice-input' name='input_8.4' type='checkbox'  value='Pi\u00e8ce centrale 98,75 $'  id='choice_31_8_4'   \/>\n\t\t\t\t\t\t\t\t<label for='choice_31_8_4' id='label_31_8_4' class='gform-field-label gform-field-label--type-inline'>Pi\u00e8ce centrale 98,75 $<\/label>\n\t\t\t\t\t\t\t<\/div><div class='gchoice gchoice_31_8_5'>\n\t\t\t\t\t\t\t\t<input class='gfield-choice-input' name='input_8.5' type='checkbox'  value='Bascule bas 42,00 $'  id='choice_31_8_5'   \/>\n\t\t\t\t\t\t\t\t<label for='choice_31_8_5' id='label_31_8_5' class='gform-field-label gform-field-label--type-inline'>Bascule bas 42,00 $<\/label>\n\t\t\t\t\t\t\t<\/div><div class='gchoice gchoice_31_8_6'>\n\t\t\t\t\t\t\t\t<input class='gfield-choice-input' name='input_8.6' type='checkbox'  value='\u00c9cusson \u00e0 deux membres 36,75 $'  id='choice_31_8_6'   \/>\n\t\t\t\t\t\t\t\t<label for='choice_31_8_6' id='label_31_8_6' class='gform-field-label gform-field-label--type-inline'>\u00c9cusson \u00e0 deux membres 36,75 $<\/label>\n\t\t\t\t\t\t\t<\/div><\/div><\/div><\/fieldset><div id=\"field_31_9\" class=\"gfield gfield--type-textarea gfield--width-full textarea-field field_sublabel_below gfield--no-description field_description_below field_validation_below gfield_visibility_visible\"  ><label class='gfield_label gform-field-label' for='input_31_9'>Informations suppl\u00e9mentaires<\/label><div class='ginput_container ginput_container_textarea'><textarea name='input_9' id='input_31_9' class='textarea '      aria-invalid=\"false\"   rows='10' cols='50'><\/textarea><\/div><\/div><\/div><\/div>\n        <div class='gform-footer gform_footer top_label'> <input type='submit' id='gform_submit_button_31' class='gform_button button' onclick='gform.submission.handleButtonClick(this);' data-submission-type='submit' value='Soumettre'  \/> \n            <input type='hidden' class='gform_hidden' name='gform_submission_method' data-js='gform_submission_method_31' value='postback' \/>\n            <input type='hidden' class='gform_hidden' name='gform_theme' data-js='gform_theme_31' id='gform_theme_31' value='gravity-theme' \/>\n            <input type='hidden' class='gform_hidden' name='gform_style_settings' data-js='gform_style_settings_31' id='gform_style_settings_31' value='{&quot;inputPrimaryColor&quot;:&quot;#204ce5&quot;}' \/>\n            <input type='hidden' class='gform_hidden' name='is_submit_31' value='1' \/>\n            <input type='hidden' class='gform_hidden' name='gform_submit' value='31' \/>\n            \n            <input type='hidden' class='gform_hidden' name='gform_currency' data-currency='USD' value='e3gKFEW71jnkZaoGV\/kFv9n6EKtYcdt9N\/yLBlBOCNW8tOymv\/Lzz2bFflDrC2zwv0YczKfrAvZZJTLJKTB1k2CVnAaaK1Z+D7WM5yucQQLQtVo=' \/>\n            <input type='hidden' class='gform_hidden' name='gform_unique_id' value='' \/>\n            <input type='hidden' class='gform_hidden' name='state_31' value='WyJbXSIsImM4MmQxZjYwYjNkOGYyMTQxNzRkNTc4ZjBlYWIwYWY2Il0=' \/>\n            <input type='hidden' autocomplete='off' class='gform_hidden' name='gform_target_page_number_31' id='gform_target_page_number_31' value='0' \/>\n            <input type='hidden' autocomplete='off' class='gform_hidden' name='gform_source_page_number_31' id='gform_source_page_number_31' value='1' \/>\n            <input type='hidden' name='gform_field_values' value='' \/>\n            \n        <\/div>\n                        <\/form>\n                        <\/div><script>\ngform.initializeOnLoaded( function() {gformInitSpinner( 31, 'https:\/\/www.iaff.org\/wp-content\/plugins\/gravityforms\/images\/spinner.svg', true );jQuery('#gform_ajax_frame_31').on('load',function(){var contents = jQuery(this).contents().find('*').html();var is_postback = contents.indexOf('GF_AJAX_POSTBACK') >= 0;if(!is_postback){return;}var form_content = jQuery(this).contents().find('#gform_wrapper_31');var is_confirmation = jQuery(this).contents().find('#gform_confirmation_wrapper_31').length > 0;var is_redirect = contents.indexOf('gformRedirect(){') >= 0;var is_form = form_content.length > 0 && ! is_redirect && ! is_confirmation;var mt = parseInt(jQuery('html').css('margin-top'), 10) + parseInt(jQuery('body').css('margin-top'), 10) + 100;if(is_form){jQuery('#gform_wrapper_31').html(form_content.html());if(form_content.hasClass('gform_validation_error')){jQuery('#gform_wrapper_31').addClass('gform_validation_error');} else {jQuery('#gform_wrapper_31').removeClass('gform_validation_error');}setTimeout( function() { \/* delay the scroll by 50 milliseconds to fix a bug in chrome *\/  }, 50 );if(window['gformInitDatepicker']) {gformInitDatepicker();}if(window['gformInitPriceFields']) {gformInitPriceFields();}var current_page = jQuery('#gform_source_page_number_31').val();gformInitSpinner( 31, 'https:\/\/www.iaff.org\/wp-content\/plugins\/gravityforms\/images\/spinner.svg', true );jQuery(document).trigger('gform_page_loaded', [31, current_page]);window['gf_submitting_31'] = false;}else if(!is_redirect){var confirmation_content = jQuery(this).contents().find('.GF_AJAX_POSTBACK').html();if(!confirmation_content){confirmation_content = contents;}jQuery('#gform_wrapper_31').replaceWith(confirmation_content);jQuery(document).trigger('gform_confirmation_loaded', [31]);window['gf_submitting_31'] = false;wp.a11y.speak(jQuery('#gform_confirmation_message_31').text());}else{jQuery('#gform_31').append(contents);if(window['gformRedirect']) {gformRedirect();}}jQuery(document).trigger(\"gform_pre_post_render\", [{ formId: \"31\", currentPage: \"current_page\", abort: function() { this.preventDefault(); } }]);        if (event && event.defaultPrevented) {                return;        }        const gformWrapperDiv = document.getElementById( \"gform_wrapper_31\" );        if ( gformWrapperDiv ) {            const visibilitySpan = document.createElement( \"span\" );            visibilitySpan.id = \"gform_visibility_test_31\";            gformWrapperDiv.insertAdjacentElement( \"afterend\", visibilitySpan );        }        const visibilityTestDiv = document.getElementById( \"gform_visibility_test_31\" );        let postRenderFired = false;        function triggerPostRender() {            if ( postRenderFired ) {                return;            }            postRenderFired = true;            gform.core.triggerPostRenderEvents( 31, current_page );            if ( visibilityTestDiv ) {                visibilityTestDiv.parentNode.removeChild( visibilityTestDiv );            }        }        function debounce( func, wait, immediate ) {            var timeout;            return function() {                var context = this, args = arguments;                var later = function() {                    timeout = null;                    if ( !immediate ) func.apply( context, args );                };                var callNow = immediate && !timeout;                clearTimeout( timeout );                timeout = setTimeout( later, wait );                if ( callNow ) func.apply( context, args );            };        }        const debouncedTriggerPostRender = debounce( function() {            triggerPostRender();        }, 200 );        if ( visibilityTestDiv && visibilityTestDiv.offsetParent === null ) {            const observer = new MutationObserver( ( mutations ) => {                mutations.forEach( ( mutation ) => {                    if ( mutation.type === 'attributes' && visibilityTestDiv.offsetParent !== null ) {                        debouncedTriggerPostRender();                        observer.disconnect();                    }                });            });            observer.observe( document.body, {                attributes: true,                childList: false,                subtree: true,                attributeFilter: [ 'style', 'class' ],            });        } else {            triggerPostRender();        }    } );} );\n<\/script>\n","protected":false},"excerpt":{"rendered":"","protected":false},"featured_media":0,"parent":71432,"menu_order":0,"comment_status":"closed","ping_status":"closed","template":"","meta":{"_acf_changed":false,"_searchwp_excluded":"","inline_featured_image":false,"_EventAllDay":false,"_EventTimezone":"","_EventStartDate":"","_EventEndDate":"","_EventStartDateUTC":"","_EventEndDateUTC":"","_EventShowMap":false,"_EventShowMapLink":false,"_EventURL":"","_EventCost":"","_EventCostDescription":"","_EventCurrencySymbol":"","_EventCurrencyCode":"","_EventCurrencyPosition":"","_EventDateTimeSeparator":"","_EventTimeRangeSeparator":"","_EventOrganizerID":[],"_EventVenueID":[],"_OrganizerEmail":"","_OrganizerPhone":"","_OrganizerWebsite":"","_VenueAddress":"","_VenueCity":"","_VenueCountry":"","_VenueProvince":"","_VenueState":"","_VenueZip":"","_VenuePhone":"","_VenueURL":"","_VenueStateProvince":"","_VenueLat":"","_VenueLng":"","_VenueShowMap":false,"_VenueShowMapLink":false,"footnotes":""},"class_list":["post-71436","page","type-page","status-publish","hentry"],"acf":[],"publishpress_future_workflow_manual_trigger":{"enabledWorkflows":[]},"_links":{"self":[{"href":"https:\/\/www.iaff.org\/fr-ca\/wp-json\/wp\/v2\/pages\/71436","targetHints":{"allow":["GET"]}}],"collection":[{"href":"https:\/\/www.iaff.org\/fr-ca\/wp-json\/wp\/v2\/pages"}],"about":[{"href":"https:\/\/www.iaff.org\/fr-ca\/wp-json\/wp\/v2\/types\/page"}],"author":[{"embeddable":true,"href":"https:\/\/www.iaff.org\/fr-ca\/wp-json\/wp\/v2\/users\/3"}],"replies":[{"embeddable":true,"href":"https:\/\/www.iaff.org\/fr-ca\/wp-json\/wp\/v2\/comments?post=71436"}],"version-history":[{"count":0,"href":"https:\/\/www.iaff.org\/fr-ca\/wp-json\/wp\/v2\/pages\/71436\/revisions"}],"up":[{"embeddable":true,"href":"https:\/\/www.iaff.org\/fr-ca\/wp-json\/wp\/v2\/pages\/71432"}],"wp:attachment":[{"href":"https:\/\/www.iaff.org\/fr-ca\/wp-json\/wp\/v2\/media?parent=71436"}],"curies":[{"name":"wp","href":"https:\/\/api.w.org\/{rel}","templated":true}]}}