{"id":70967,"date":"2024-02-23T16:02:39","date_gmt":"2024-02-23T21:02:39","guid":{"rendered":"https:\/\/www.iaff.org\/bourse-detudes-du-programme-syndical-de-harvard\/"},"modified":"2024-08-30T12:17:23","modified_gmt":"2024-08-30T16:17:23","slug":"bourse-detudes-du-programme-syndical-de-harvard","status":"publish","type":"page","link":"https:\/\/www.iaff.org\/fr-ca\/bourses-detudes\/bourse-detudes-du-programme-syndical-de-harvard\/","title":{"rendered":"Bourse d\u2019\u00e9tudes du programme syndical de Harvard"},"content":{"rendered":"<section\n\t class=\"secondary-hero align wp-block-acf-secondary-hero\" id=\"secondary-hero_block_f424a3f7b314a8262122981b3addc69d\">\n\t\n<header\n\tclass=\"w-full u-bg-full-width px-[22px] md:ps-bleed md:pe-0 py-[60px] bg-smoke-5 text-black u-has-rivets u-rivets-dark\"\n\tdata-theme=\"gray\"\n>\n\t<div class=\"flex flex-col !px-0 !max-w-[1440px] w-full lg:!ps-indent\">\n\t\t<div class=\"border-t-[6px] w-full my-0 flex flex-col md:flex-row gap-x-[62px] gap-y-[22px] border-red\">\n\t\t\t\t\t\t<div class=\"w-full md:w-1\/2 md:py-[45px]\">\n\t\t\t\t<div class=\"max-w-[600px] flex flex-col gap-[22px]\">\n\t\t\t\t\t\t\t\t\t\t\t<h1 class=\"has-[.u-halftone-shadow--dark]:mb-divider has-[.u-halftone-shadow--light]:mb-divider pt-[22px] md:pt-0\">\n\t\t\t\t\t\t\t<span class=\"inline-flex text-heading-200 u-halftone-shadow--dark\">\n\t\t\t\t\t\t\t\tBourse d\u2019\u00e9tudes du programme syndical de Harvard\t\t\t\t\t\t\t<\/span>\n\t\t\t\t\t\t<\/h1>\n\t\t\t\t\t\t\t\t\t\t\t\t\t\t\t\t\t\t\t\t\t\t\t\t\t\t\t\t\t<\/div>\n\t\t\t<\/div>\n\n\t\t<\/div>\n\t\t\t\t\t<div class=\"order-first flex justify-start w-full pb-[22px]\">\n\t\t\t\t<div\n\tclass=\"wp-block-button is-style-tertiary text-smoke is-style-tertiary-back\"\n>\n\t\t\t<a\n\t\t\thref=\"https:\/\/www.iaff.org\/scholarships\/\"\n\t\t\tclass=\"wp-block-button__link wp-element-button group\"\n\t\t\t\t\t>\n\t\t\t<span\n\t\t\tclass=\"decoration-transparent underline underline-offset-2 group-hover:decoration-inherit group-focus-visible:decoration-inherit transition duration-hover\"\n\t\t>\n\t\t\tBourses\t\t<\/span>\n\n\t\t<span\n\t\t\tclass=\"bg-inherit transition-colors duration-hover group-hover:bg-gold group-focus:bg-gold inline-flex rotate-180 order-first\"\n\t\t>\n\t\t\t<svg xmlns=\"http:\/\/www.w3.org\/2000\/svg\" width=\"21\" height=\"22\" fill=\"none\" viewBox=\"0 0 21 22\"><path stroke=\"currentColor\" stroke-linecap=\"round\" stroke-width=\"2\" d=\"M20 20.75L20 2.25L1.5 2.25L1.5 20.75L20 20.75Z\" clip-rule=\"evenodd\"\/><path stroke=\"currentColor\" stroke-linecap=\"square\" stroke-width=\"2\" d=\"M14.0883 11.5L6.66406 11.5\"\/><path stroke=\"currentColor\" stroke-linecap=\"square\" stroke-width=\"2\" d=\"M11.0723 7.75205L14.8363 11.5L11.0723 15.248\"\/><\/svg>\t\t<\/span>\n\t<\/a><\/div>\n\t\t\t<\/div>\n\t\t\t<\/div>\n<\/header>\n<\/section>\n<section\n\t class=\"page-blocks iaff-page-blocks align wp-block-acf-page-blocks\" id=\"page-blocks_block_4ebb3069fea86108b495f3cbadc30ba6\">\n\t<div class=\"acf-innerblocks-container\">\n<div class=\"wp-block-paragraph \">\n<p>L\u2019AIP accepte les candidatures pour le programme syndical de Harvard de 2024 (HTUP), du 8 janvier au 9 f\u00e9vrier 2024. HTUP est un programme de formation de l&rsquo;ex\u00e9cutif de 5 semaines en r\u00e9sidence sur le campus de l\u2019Universit\u00e9 de Harvard.<\/p>\n<\/div>\n\n<div class=\"wp-block-paragraph \">\n<p>Le programme syndical de Harvard accueille un groupe de dirigeants syndicaux diversifi\u00e9s, fournit des comp\u00e9tences essentielles en mati\u00e8re de leadership et explore les questions cl\u00e9s entourant le mouvement syndical. Son programme d\u2019\u00e9tudes bas\u00e9 sur des s\u00e9minaires offre aux participants l\u2019occasion de rencontrer une vari\u00e9t\u00e9 de professeurs et de hauts dirigeants syndicaux. Pour en savoir plus sur le programme, <a href=\"https:\/\/htup.law.harvard.edu\/sites\/projects.iq.harvard.edu\/files\/htup\/files\/htup_2024-brochure.pdf\" target=\"_blank\" rel=\"noreferrer noopener\">cliquez ici<\/a>.<\/p>\n<\/div>\n\n<div class=\"wp-block-paragraph \">\n<p>Trois bourses seront attribu\u00e9es \u00e0 des membres de l\u2019AIP vivant aux \u00c9tats-Unis et affili\u00e9 en r\u00e8gle avec leur section locale. Les candidats doivent faire preuve d\u2019une participation active au sein de leur section locale en tant que dirigeant, membre d\u2019un comit\u00e9 ou d\u2019une capacit\u00e9 de leadership similaire.<\/p>\n<\/div>\n\n<div class=\"wp-block-paragraph \">\n<p>Pour postuler :<\/p>\n<\/div>\n\n<div class=\"wp-block-list\">\n<ul class=\"wp-block-list\">\n<li>Soumettez le <a href=\"https:\/\/www.iaff.org\/wp-content\/uploads\/HTUP_Scholarship_ApplicationFillable_2023.pdf\" target=\"_blank\" rel=\"noreferrer noopener\">formulaire de demande<\/a>, accompagn\u00e9 des documents suivants :<div class=\"wp-block-list\">\n<ul class=\"wp-block-list\">\n<li>Un bref \u00e9nonc\u00e9 de 250 mots ou plus sur la fa\u00e7on dont vous avez d\u00e9montr\u00e9 votre participation active dans votre section locale.<\/li>\n\n\n\n<li>Une courte dissertation, d\u2019au moins 500 mots, r\u00e9pondant \u00e0 l\u2019une des deux questions suivantes :<div class=\"wp-block-list\">\n<ol class=\"wp-block-list\">\n<li>Qu\u2019est-ce qui vous int\u00e9resse personnellement dans le programme syndical de l\u2019Universit\u00e9 de Harvard et en quoi cela vous profitera-t-il sur le plan professionnel ?<\/li>\n\n\n\n<li>Selon vous, quels sont les principaux probl\u00e8mes auxquels sont confront\u00e9s les pompiers professionnels au sein du mouvement syndical aux \u00c9tats-Unis aujourd\u2019hui ?<\/li>\n<\/ol>\n<\/div><\/li>\n<\/ul>\n<\/div><\/li>\n<\/ul>\n<\/div>\n\n<div class=\"wp-block-paragraph \">\n<p>Les demandes doivent \u00eatre soumises d&rsquo;ici le vendredi 15 septembre 2023 au <a href=\"mailto:scholarships@iaff.org\" target=\"_blank\" rel=\"noreferrer noopener\">scholarships@iaff.org<\/a> ou par la poste \u00e0 l\u2019adresse suivante :<\/p>\n<\/div>\n\n<div class=\"wp-block-paragraph \">\n<p>Bourse d\u2019\u00e9tudes du programme syndical de l\u2019Universit\u00e9 de Harvard<br\/>Association Internationale des Pompiers<br\/>1750 New York Avenue, N.W.<br\/>Washington, D.C. 20006<\/p>\n<\/div>\n\n<div class=\"wp-block-paragraph \">\n<p>Pour toute autre demande de renseignements ou question, envoyez <a href=\"https:\/\/www.iaff.org\/wildfire\/rti-course-materials\/\" target=\"_blank\" rel=\"noreferrer noopener\">un courriel \u00e0 scholarships@iaff.org<\/a>.<\/p>\n<\/div>\n<\/div><\/section>\n","protected":false},"excerpt":{"rendered":"","protected":false},"featured_media":0,"parent":77196,"menu_order":0,"comment_status":"closed","ping_status":"closed","template":"","meta":{"_acf_changed":false,"_searchwp_excluded":"","inline_featured_image":false,"_EventAllDay":false,"_EventTimezone":"","_EventStartDate":"","_EventEndDate":"","_EventStartDateUTC":"","_EventEndDateUTC":"","_EventShowMap":false,"_EventShowMapLink":false,"_EventURL":"","_EventCost":"","_EventCostDescription":"","_EventCurrencySymbol":"","_EventCurrencyCode":"","_EventCurrencyPosition":"","_EventDateTimeSeparator":"","_EventTimeRangeSeparator":"","_EventOrganizerID":[],"_EventVenueID":[],"_OrganizerEmail":"","_OrganizerPhone":"","_OrganizerWebsite":"","_VenueAddress":"","_VenueCity":"","_VenueCountry":"","_VenueProvince":"","_VenueState":"","_VenueZip":"","_VenuePhone":"","_VenueURL":"","_VenueStateProvince":"","_VenueLat":"","_VenueLng":"","_VenueShowMap":false,"_VenueShowMapLink":false,"footnotes":""},"class_list":["post-70967","page","type-page","status-publish","hentry"],"acf":[],"publishpress_future_workflow_manual_trigger":{"enabledWorkflows":[]},"_links":{"self":[{"href":"https:\/\/www.iaff.org\/fr-ca\/wp-json\/wp\/v2\/pages\/70967","targetHints":{"allow":["GET"]}}],"collection":[{"href":"https:\/\/www.iaff.org\/fr-ca\/wp-json\/wp\/v2\/pages"}],"about":[{"href":"https:\/\/www.iaff.org\/fr-ca\/wp-json\/wp\/v2\/types\/page"}],"author":[{"embeddable":true,"href":"https:\/\/www.iaff.org\/fr-ca\/wp-json\/wp\/v2\/users\/18"}],"replies":[{"embeddable":true,"href":"https:\/\/www.iaff.org\/fr-ca\/wp-json\/wp\/v2\/comments?post=70967"}],"version-history":[{"count":0,"href":"https:\/\/www.iaff.org\/fr-ca\/wp-json\/wp\/v2\/pages\/70967\/revisions"}],"up":[{"embeddable":true,"href":"https:\/\/www.iaff.org\/fr-ca\/wp-json\/wp\/v2\/pages\/77196"}],"wp:attachment":[{"href":"https:\/\/www.iaff.org\/fr-ca\/wp-json\/wp\/v2\/media?parent=70967"}],"curies":[{"name":"wp","href":"https:\/\/api.w.org\/{rel}","templated":true}]}}