{"id":70961,"date":"2024-02-23T15:37:22","date_gmt":"2024-02-23T20:37:22","guid":{"rendered":"https:\/\/www.iaff.org\/bourse-detudes-de-lecole-de-gestion-telfer-universite-dottawa-pour-le-programme-de-leadership-executif\/"},"modified":"2025-11-12T11:24:12","modified_gmt":"2025-11-12T16:24:12","slug":"bourse-detudes-de-lecole-de-gestion-telfer-universite-dottawa-pour-le-programme-de-leadership-executif","status":"publish","type":"page","link":"https:\/\/www.iaff.org\/fr-ca\/bourses-detudes\/bourse-detudes-de-lecole-de-gestion-telfer-universite-dottawa-pour-le-programme-de-leadership-executif\/","title":{"rendered":"Bourse d\u2019\u00e9tudes de l\u2019\u00c9cole de gestion Telfer\/Universit\u00e9 d\u2019Ottawa"},"content":{"rendered":"<section\n\t class=\"secondary-hero align wp-block-acf-secondary-hero\" id=\"secondary-hero_block_e67b7a19823fc60f191a143337742d67\">\n\t\n<header\n\tclass=\"w-full u-bg-full-width px-[22px] md:ps-bleed md:pe-0 py-[60px] bg-smoke-5 text-black u-has-rivets u-rivets-dark\"\n\tdata-theme=\"gray\"\n>\n\t<div class=\"flex flex-col !px-0 !max-w-[1440px] w-full lg:!ps-indent\">\n\t\t<div class=\"border-t-[6px] w-full my-0 flex flex-col md:flex-row gap-x-[62px] gap-y-[22px] border-red\">\n\t\t\t\t\t\t<div class=\"w-full md:w-1\/2 md:py-[45px]\">\n\t\t\t\t<div class=\"max-w-[600px] flex flex-col gap-[22px]\">\n\t\t\t\t\t\t\t\t\t\t\t<h1 class=\"has-[.u-halftone-shadow--dark]:mb-divider has-[.u-halftone-shadow--light]:mb-divider pt-[22px] md:pt-0\">\n\t\t\t\t\t\t\t<span class=\"inline-flex text-heading-200 u-halftone-shadow--dark\">\n\t\t\t\t\t\t\t\tBourse d\u2019\u00e9tudes de l\u2019\u00c9cole de gestion Telfer\/Universit\u00e9 d\u2019Ottawa\t\t\t\t\t\t\t<\/span>\n\t\t\t\t\t\t<\/h1>\n\t\t\t\t\t\t\t\t\t\t\t\t\t\t\t\t\t\t\t\t\t\t\t\t\t\t\t\t\t<\/div>\n\t\t\t<\/div>\n\n\t\t<\/div>\n\t\t\t\t\t<div class=\"order-first flex justify-start w-full pb-[22px]\">\n\t\t\t\t<div\n\tclass=\"wp-block-button is-style-tertiary text-smoke is-style-tertiary-back\"\n>\n\t\t\t<a\n\t\t\thref=\"https:\/\/www.iaff.org\/fr-ca\/bourses-detudes\/\"\n\t\t\tclass=\"wp-block-button__link wp-element-button group\"\n\t\t\t\t\t>\n\t\t\t<span\n\t\t\tclass=\"decoration-transparent underline underline-offset-2 group-hover:decoration-inherit group-focus-visible:decoration-inherit transition duration-hover\"\n\t\t>\n\t\t\tBourses d\u2019\u00e9tudes\t\t<\/span>\n\n\t\t<span\n\t\t\tclass=\"bg-inherit transition-colors duration-hover group-hover:bg-gold group-focus:bg-gold inline-flex rotate-180 order-first\"\n\t\t>\n\t\t\t<svg xmlns=\"http:\/\/www.w3.org\/2000\/svg\" width=\"21\" height=\"22\" fill=\"none\" viewBox=\"0 0 21 22\"><path stroke=\"currentColor\" stroke-linecap=\"round\" stroke-width=\"2\" d=\"M20 20.75L20 2.25L1.5 2.25L1.5 20.75L20 20.75Z\" clip-rule=\"evenodd\"\/><path stroke=\"currentColor\" stroke-linecap=\"square\" stroke-width=\"2\" d=\"M14.0883 11.5L6.66406 11.5\"\/><path stroke=\"currentColor\" stroke-linecap=\"square\" stroke-width=\"2\" d=\"M11.0723 7.75205L14.8363 11.5L11.0723 15.248\"\/><\/svg>\t\t<\/span>\n\t<\/a><\/div>\n\t\t\t<\/div>\n\t\t\t<\/div>\n<\/header>\n<\/section>\n<section\n\t class=\"page-blocks iaff-page-blocks align wp-block-acf-page-blocks\" id=\"page-blocks_block_5e5a2faa521731a6bb199c693cc2730a\">\n\t<div class=\"acf-innerblocks-container\">\n<div class=\"wp-block-paragraph \">\n<p>Deux bourses seront attribu\u00e9es aux membres de l\u2019IAFF pour fr\u00e9quenter le programme de leadership ex\u00e9cutif de l\u2019\u00c9cole de gestion Telfer\/Universit\u00e9 d\u2019Ottawa.<\/p>\n<\/div>\n\n<div class=\"wp-block-paragraph \">\n<p>Ce programme se d\u00e9roule sur une p\u00e9riode de 18 mois (trois modules; chacun durant trois jours), et les bourses sont attribu\u00e9es pour l\u2019ensemble du cycle du programme.  <\/p>\n<\/div>\n\n<div class=\"wp-block-paragraph !hidden\">\n<p class=\"\">Le premier module se tiendra du 29 septembre au 29 octobre. 1, 2025. Plus de d\u00e9tails se trouvent au bas de cette page.<\/p>\n<\/div>\n\n<div class=\"wp-block-paragraph \">\n<p><strong>Montant de la bourse<\/strong><br\/>La bourse du Programme de leadership pour cadres sup\u00e9rieurs de l \u00ab \u00c9cole de gestion Telfer et de l\u2019Universit\u00e9 d\u2019Ottawa sera allou\u00e9e pour compenser les frais de scolarit\u00e9, l\u2019h\u00e9bergement, les d\u00e9placements et les d\u00e9penses admissibles jusqu \u00bb \u00e0 concurrence de 15 000 $ par ann\u00e9e.<\/p>\n<\/div>\n\n<div class=\"wp-block-paragraph \">\n<p><strong>Admissibilit\u00e9<\/strong><br\/>Tout membre de l\u2019IAFF vivant au Canada et en r\u00e8gle avec son affili\u00e9 local de l\u2019IAFF.<\/p>\n<\/div>\n\n<div class=\"wp-block-paragraph \">\n<p><strong>Crit\u00e8res<\/strong><br\/>Les candidats doivent \u00eatre un membre actif de leur section locale affili\u00e9e \u00e0 IAFF et avoir d\u00e9montr\u00e9 une participation active au sein de leur section locale en tant que dirigeant, membre de comit\u00e9, etc. (<em>La signature du vice-pr\u00e9sident de district est sugg\u00e9r\u00e9e, mais pas obligatoire<\/em>).<\/p>\n<\/div>\n\n<div class=\"wp-block-paragraph !hidden\">\n<p class=\"\"><strong>Les candidats doivent fournir :<\/strong><\/p>\n<\/div>\n\n<div class=\"wp-block-list\">\n<ol class=\"wp-block-list !hidden\">\n<li>Un <strong><a href=\"https:\/\/www.iaff.org\/wp-content\/uploads\/2025\/06\/Telfer_Scholarship_Application_FILLABLE-FR.pdf\" target=\"_blank\" rel=\"noreferrer noopener\">formulaire de demande<\/a> d\u00fbment rempli<\/strong><\/li>\n\n\n\n<li>Une <strong>courte dissertation<\/strong> de 500 mots ou plus sur l\u2019une des questions suivantes :<div class=\"wp-block-list\">\n<ul class=\"wp-block-list\">\n<li>Quels sont les facteurs qui motivent votre int\u00e9r\u00eat personnel pour le Programme de leadership des cadres de l\u2019\u00c9cole de gestion Telfer\/Universit\u00e9 d\u2019Ottawa?<\/li>\n\n\n\n<li>Selon vous, quels sont les principaux probl\u00e8mes auxquels le mouvement syndical est confront\u00e9 au Canada aujourd\u2019hui?<\/li>\n\n\n\n<li>Selon vous, quels sont les principaux probl\u00e8mes auxquels sont confront\u00e9s les pompiers du mouvement syndical aujourd\u2019hui?<\/li>\n<\/ul>\n<\/div><\/li>\n\n\n\n<li>Les candidats doivent \u00e9galement inclure un <strong>bref \u00e9nonc\u00e9<\/strong> de 250 mots ou plus sur la fa\u00e7on dont ils ont d\u00e9montr\u00e9 une participation active au sein de leur affili\u00e9 local.<\/li>\n<\/ol>\n<\/div>\n\n<div class=\"wp-block-paragraph \">\n<p><strong>Date limite de candidature 2026 :<\/strong> \u00c0 d\u00e9terminer<\/p>\n<\/div>\n\n<div class=\"wp-block-paragraph !hidden\">\n<p class=\"\"><strong>Les demandes doivent \u00eatre envoy\u00e9es par courriel \u00e0 l\u2019adresse suivante : <\/strong><a href=\"mailto:scholarships@iaff.org\" target=\"_blank\" rel=\"noreferrer noopener\">scholarships@iaff.org<\/a><\/p>\n<\/div>\n\n<div class=\"wp-block-paragraph \">\n<p><strong>D\u00e9tails du programme<\/strong><br\/>Ce programme offre des comp\u00e9tences avanc\u00e9es en leadership syndical et est sp\u00e9cialement con\u00e7u pour les dirigeants syndicaux des pompiers et des policiers. Ce programme se d\u00e9roule sur une p\u00e9riode de 18 mois (trois modules; chacun durant trois jours).  <\/p>\n<\/div>\n\n<div class=\"wp-block-paragraph !hidden\">\n<p class=\"\">Le premier module se tiendra du 29 septembre au 29 octobre. 1, 2025.<\/p>\n<\/div>\n\n<div class=\"wp-block-paragraph \">\n<p>Le cours est offert au Centre for Executive Leadership de l\u2019\u00c9cole de gestion Telfer, situ\u00e9 au 99, rue Bank, bureau 200, Ottawa.<\/p>\n<\/div>\n\n<div class=\"wp-block-paragraph \">\n<p>Les personnes qui terminent les trois cours recevront un certificat professionnel en leadership ex\u00e9cutif offert par l\u2019\u00c9cole de gestion Telfer et l\u2019Association canadienne des policiers.<\/p>\n<\/div>\n\n<div class=\"wp-block-paragraph !hidden\">\n<p class=\"\">Ce programme en trois modules comprend tous les sujets suivants :<\/p>\n<\/div>\n\n<div class=\"wp-block-paragraph !hidden\">\n<p class=\"\"><strong>Remarque : <\/strong>Ce programme d\u00e9butera cet automne avec le <strong>module II.<\/strong> L\u2019ordre des modules livr\u00e9s n\u2019a pas d\u2019incidence sur le r\u00e9sultat de la certification. Il est imp\u00e9ratif de suivre les trois modules du programme pour recevoir la certification.  <\/p>\n<\/div>\n\n<div class=\"wp-block-paragraph !hidden\">\n<p class=\"\"><strong>Module II &#8211; Les n\u00e9gociations avanc\u00e9es et la psychologie de la n\u00e9gociation<\/strong> (29 sept. au 1er oct. 2025)<\/p>\n<\/div>\n\n<div class=\"wp-block-list\">\n<ul class=\"wp-block-list !hidden\">\n<li class=\"!hidden\">N\u00e9gociation<\/li>\n\n\n\n<li>N\u00e9gociation<\/li>\n\n\n\n<li>Questions relatives aux membres<\/li>\n<\/ul>\n<\/div>\n\n<div class=\"wp-block-paragraph !hidden\">\n<p class=\"\"><strong>Module III &#8211; Choix strat\u00e9giques, mise en \u0153uvre et gouvernance<\/strong> (printemps 2026)<\/p>\n<\/div>\n\n<div class=\"wp-block-list\">\n<ul class=\"wp-block-list !hidden\">\n<li class=\"!hidden\">Choix strat\u00e9giques et planification<\/li>\n\n\n\n<li>Mise en \u0153uvre des plans strat\u00e9giques<\/li>\n\n\n\n<li>Gouvernance<\/li>\n<\/ul>\n<\/div>\n\n<div class=\"wp-block-paragraph !hidden\">\n<p class=\"\"><strong>Module I &#8211; Leadership, d\u00e9fense des int\u00e9r\u00eats et communications <\/strong>(\u00e0 d\u00e9terminer 2026)<\/p>\n<\/div>\n\n<div class=\"wp-block-list\">\n<ul class=\"wp-block-list !hidden\">\n<li id=\"!hidden\">D\u00e9veloppement du leadership et rendement<\/li>\n\n\n\n<li class=\"!hidden\">D\u00e9fense des int\u00e9r\u00eats et relations gouvernementales<\/li>\n\n\n\n<li class=\"!hidden\">M\u00e9dias et communications<\/li>\n<\/ul>\n<\/div>\n<\/div><\/section>\n<div class=\"wp-block-paragraph \">\n<p><\/p>\n<\/div>","protected":false},"excerpt":{"rendered":"","protected":false},"featured_media":0,"parent":77196,"menu_order":0,"comment_status":"closed","ping_status":"closed","template":"","meta":{"_acf_changed":false,"_searchwp_excluded":"","inline_featured_image":false,"_EventAllDay":false,"_EventTimezone":"","_EventStartDate":"","_EventEndDate":"","_EventStartDateUTC":"","_EventEndDateUTC":"","_EventShowMap":false,"_EventShowMapLink":false,"_EventURL":"","_EventCost":"","_EventCostDescription":"","_EventCurrencySymbol":"","_EventCurrencyCode":"","_EventCurrencyPosition":"","_EventDateTimeSeparator":"","_EventTimeRangeSeparator":"","_EventOrganizerID":[],"_EventVenueID":[],"_OrganizerEmail":"","_OrganizerPhone":"","_OrganizerWebsite":"","_VenueAddress":"","_VenueCity":"","_VenueCountry":"","_VenueProvince":"","_VenueState":"","_VenueZip":"","_VenuePhone":"","_VenueURL":"","_VenueStateProvince":"","_VenueLat":"","_VenueLng":"","_VenueShowMap":false,"_VenueShowMapLink":false,"footnotes":""},"class_list":["post-70961","page","type-page","status-publish","hentry"],"acf":[],"publishpress_future_workflow_manual_trigger":{"enabledWorkflows":[]},"_links":{"self":[{"href":"https:\/\/www.iaff.org\/fr-ca\/wp-json\/wp\/v2\/pages\/70961","targetHints":{"allow":["GET"]}}],"collection":[{"href":"https:\/\/www.iaff.org\/fr-ca\/wp-json\/wp\/v2\/pages"}],"about":[{"href":"https:\/\/www.iaff.org\/fr-ca\/wp-json\/wp\/v2\/types\/page"}],"author":[{"embeddable":true,"href":"https:\/\/www.iaff.org\/fr-ca\/wp-json\/wp\/v2\/users\/18"}],"replies":[{"embeddable":true,"href":"https:\/\/www.iaff.org\/fr-ca\/wp-json\/wp\/v2\/comments?post=70961"}],"version-history":[{"count":0,"href":"https:\/\/www.iaff.org\/fr-ca\/wp-json\/wp\/v2\/pages\/70961\/revisions"}],"up":[{"embeddable":true,"href":"https:\/\/www.iaff.org\/fr-ca\/wp-json\/wp\/v2\/pages\/77196"}],"wp:attachment":[{"href":"https:\/\/www.iaff.org\/fr-ca\/wp-json\/wp\/v2\/media?parent=70961"}],"curies":[{"name":"wp","href":"https:\/\/api.w.org\/{rel}","templated":true}]}}