{"id":70085,"date":"2024-02-22T13:19:38","date_gmt":"2024-02-22T18:19:38","guid":{"rendered":"https:\/\/www.iaff.org\/comite-de-sante-comportementale\/"},"modified":"2024-09-09T12:30:55","modified_gmt":"2024-09-09T16:30:55","slug":"comite-de-sante-comportementale","status":"publish","type":"page","link":"https:\/\/www.iaff.org\/fr-ca\/sante-comportementale\/comite-de-sante-comportementale\/","title":{"rendered":"Comit\u00e9 de sant\u00e9 comportementale"},"content":{"rendered":"<section\n\t class=\"secondary-hero align wp-block-acf-secondary-hero\" id=\"secondary-hero_block_46a5c77c6ba8807aed1a165c4f94087c\">\n\t\n<header\n\tclass=\"w-full u-bg-full-width px-[22px] md:ps-bleed md:pe-0 py-[60px] bg-smoke-5 text-black u-has-rivets u-rivets-dark\"\n\tdata-theme=\"gray\"\n>\n\t<div class=\"flex flex-col !px-0 !max-w-[1440px] w-full lg:!ps-indent\">\n\t\t<div class=\"border-t-[6px] w-full my-0 flex flex-col md:flex-row gap-x-[62px] gap-y-[22px] border-red\">\n\t\t\t\t\t\t<div class=\"w-full md:w-1\/2 md:py-[45px]\">\n\t\t\t\t<div class=\"max-w-[600px] flex flex-col gap-[22px]\">\n\t\t\t\t\t\t\t\t\t\t\t<h1 class=\"has-[.u-halftone-shadow--dark]:mb-divider has-[.u-halftone-shadow--light]:mb-divider pt-[22px] md:pt-0\">\n\t\t\t\t\t\t\t<span class=\"inline-flex text-heading-200 u-halftone-shadow--dark\">\n\t\t\t\t\t\t\t\tComit\u00e9 de sant\u00e9 comportementale\t\t\t\t\t\t\t<\/span>\n\t\t\t\t\t\t<\/h1>\n\t\t\t\t\t\t\t\t\t\t\t\t\t\t\t\t\t\t\t\t\t\t\t\t\t\t\t\t\t<\/div>\n\t\t\t<\/div>\n\n\t\t<\/div>\n\t\t\t\t\t<div class=\"order-first flex justify-start w-full pb-[22px]\">\n\t\t\t\t<div\n\tclass=\"wp-block-button is-style-tertiary text-smoke is-style-tertiary-back\"\n>\n\t\t\t<a\n\t\t\thref=\"https:\/\/www.iaff.org\/behavioral-health\/\"\n\t\t\tclass=\"wp-block-button__link wp-element-button group\"\n\t\t\t\t\t>\n\t\t\t<span\n\t\t\tclass=\"decoration-transparent underline underline-offset-2 group-hover:decoration-inherit group-focus-visible:decoration-inherit transition duration-hover\"\n\t\t>\n\t\t\tProgramme de sant\u00e9 comportementale\t\t<\/span>\n\n\t\t<span\n\t\t\tclass=\"bg-inherit transition-colors duration-hover group-hover:bg-gold group-focus:bg-gold inline-flex rotate-180 order-first\"\n\t\t>\n\t\t\t<svg xmlns=\"http:\/\/www.w3.org\/2000\/svg\" width=\"21\" height=\"22\" fill=\"none\" viewBox=\"0 0 21 22\"><path stroke=\"currentColor\" stroke-linecap=\"round\" stroke-width=\"2\" d=\"M20 20.75L20 2.25L1.5 2.25L1.5 20.75L20 20.75Z\" clip-rule=\"evenodd\"\/><path stroke=\"currentColor\" stroke-linecap=\"square\" stroke-width=\"2\" d=\"M14.0883 11.5L6.66406 11.5\"\/><path stroke=\"currentColor\" stroke-linecap=\"square\" stroke-width=\"2\" d=\"M11.0723 7.75205L14.8363 11.5L11.0723 15.248\"\/><\/svg>\t\t<\/span>\n\t<\/a><\/div>\n\t\t\t<\/div>\n\t\t\t<\/div>\n<\/header>\n<\/section>\n\n<div class=\"wp-block-group is-nowrap is-layout-flex wp-container-core-group-is-layout-ad2f72ca wp-block-group-is-layout-flex\">\n<div class=\"wp-block-columns wp-container-content-9cfa9a5a is-layout-flex wp-container-core-columns-is-layout-9d6595d7 wp-block-columns-is-layout-flex\">\n<div class=\"wp-block-column is-layout-flow wp-block-column-is-layout-flow\">\n<h4 class=\"wp-block-heading has-text-align-center\">Mike Carter<\/h4>\n\n\n\n<h5 class=\"wp-block-heading has-text-align-center\">Pr\u00e9sident<\/h5>\n<\/div>\n\n\n\n<div class=\"wp-block-column is-layout-flow wp-block-column-is-layout-flow\">\n<h4 class=\"wp-block-heading has-text-align-center\">Patrick J. Morrison<\/h4>\n\n\n\n<h5 class=\"wp-block-heading has-text-align-center\">Conseiller du personnel<\/h5>\n<\/div>\n<\/div>\n<\/div>\n<section\n\t class=\"page-blocks iaff-page-blocks align wp-block-acf-page-blocks\" id=\"page-blocks_block_41ab483cab59353e5ca14fc9d5513248\">\n\t<div class=\"acf-innerblocks-container\">\n<section\n\t class=\"column-list-section align wp-block-acf-column-list-section\" id=\"column-list-section_block_e964f54f9a17cbce4cc1354798aa19e2\">\n\t<div class=\"bg-smoke\/5 px-[19px] pt-[60px] pb-block-spacing md:px-[96px] md:mx-indent iaff-column-list-section\">\n\t\t\t\t<div class=\"acf-innerblocks-container\">\n<section\n\t class=\"column-list iaff-column-list align wp-block-acf-column-list\" id=\"column-list_block_8590e2cd702e1626e73ea947b1518b45\">\n\t<div class=\"relative flex flex-col gap-[14px] mb-[52px]\">\n\t\t\t\t<div class=\"relative bg-halftone-divider bg-center bg-no-repeat w-full h-divider\"><\/div>\n\t<\/div>\n\n\t\t<div class=\"acf-innerblocks-container\">\n<article\n\t class=\"column-list-card min-h-[187px] border-l-4 border-red pl-4 w-full md:w-auto item-inner flex flex-col gap-1 align wp-block-acf-column-list-card\" id=\"column-list-card_block_f04913a8c3c9c5583ac848a70f598c23\">\n\t\n\t\t\t<div class=\"text-heading-400 font-serif font-600 leading-7 mb-1\">\n\t\t\tCirconscription 01\t\t<\/div>\n\t\t\t\t<div class=\"text-body-400\">\n\t\t\t<p>New Jersey, New York<br \/>\nL0854 Association des pompiers en uniforme de New York<\/p>\n<p>Kane, Andrew<br \/>\n<a href=\"mailto:Drewkane37@gmail.com\">Drewkane37@gmail.com<\/a><br \/>\n<a href=\"tel:+16468795087\">(646) 879-5087<\/a><\/p>\n\t\t<\/div>\n\t\t\t<\/article>\n\n\n<article\n\t class=\"column-list-card min-h-[187px] border-l-4 border-red pl-4 w-full md:w-auto item-inner flex flex-col gap-1 align wp-block-acf-column-list-card\" id=\"column-list-card_block_b292b465684d28c1a3e9150721e77310\">\n\t\n\t\t\t<div class=\"text-heading-400 font-serif font-600 leading-7 mb-1\">\n\t\t\tCirconscription 02\t\t<\/div>\n\t\t\t\t<div class=\"text-body-400\">\n\t\t\t<p>IA, KS, MO, NE<br \/>\nL0042 Kansas City<\/p>\n<p>Rose, Eric<br \/>\n<a href=\"mailto:erose@iaff42.org\">erose@iaff42.org<\/a><br \/>\n<a href=\"tel:+18166055083\">(816) 605-5083<\/a><\/p>\n\t\t<\/div>\n\t\t\t<\/article>\n\n<\/div><\/section>\n\n\n<section\n\t class=\"column-list iaff-column-list align wp-block-acf-column-list\" id=\"column-list_block_8590e2cd702e1626e73ea947b1518b45\">\n\t<div class=\"relative flex flex-col gap-[14px] mb-[52px]\">\n\t\t\t\t<div class=\"relative bg-halftone-divider bg-center bg-no-repeat w-full h-divider\"><\/div>\n\t<\/div>\n\n\t\t<div class=\"acf-innerblocks-container\">\n<article\n\t class=\"column-list-card min-h-[187px] border-l-4 border-red pl-4 w-full md:w-auto item-inner flex flex-col gap-1 align wp-block-acf-column-list-card\" id=\"column-list-card_block_b218e0d166d257884a15e53959d40327\">\n\t\n\t\t\t<div class=\"text-heading-400 font-serif font-600 leading-7 mb-1\">\n\t\t\tCirconscription 03\t\t<\/div>\n\t\t\t\t<div class=\"text-body-400\">\n\t\t\t<p>CT, ME, MA, NH, RI, VT<br \/>\nL0718 Boston<\/p>\n<p>Ostiguy, William<br \/>\n<a href=\"mailto:bfd83eap@aol.com\">bfd83eap@aol.com<\/a><br \/>\n<a href=\"tel:+16179999435\">(617) 999-9435<\/a><\/p>\n\t\t<\/div>\n\t\t\t<\/article>\n\n\n<article\n\t class=\"column-list-card min-h-[187px] border-l-4 border-red pl-4 w-full md:w-auto item-inner flex flex-col gap-1 align wp-block-acf-column-list-card\" id=\"column-list-card_block_e9a4f78fdd437341a33dfed0c84b7d82\">\n\t\n\t\t\t<div class=\"text-heading-400 font-serif font-600 leading-7 mb-1\">\n\t\t\tCirconscription 04\t\t<\/div>\n\t\t\t\t<div class=\"text-body-400\">\n\t\t\t<p>DE, DC, MD, PA, VA, WV<br \/>\nL1619 Association des pompiers et ambulanciers param\u00e9dicaux professionnels du comt\u00e9 de Prince George<\/p>\n<p>Wells, Michael<br \/>\n<a href=\"mailto:mwells71@gmail.com\">mwells71@gmail.com<\/a><br \/>\n<a href=\"tel:+12039272076\">(203) 927-2076<\/a><\/p>\n\t\t<\/div>\n\t\t\t<\/article>\n\n<\/div><\/section>\n\n\n<section\n\t class=\"column-list iaff-column-list align wp-block-acf-column-list\" id=\"column-list_block_8590e2cd702e1626e73ea947b1518b45\">\n\t<div class=\"relative flex flex-col gap-[14px] mb-[52px]\">\n\t\t\t\t<div class=\"relative bg-halftone-divider bg-center bg-no-repeat w-full h-divider\"><\/div>\n\t<\/div>\n\n\t\t<div class=\"acf-innerblocks-container\">\n<article\n\t class=\"column-list-card min-h-[187px] border-l-4 border-red pl-4 w-full md:w-auto item-inner flex flex-col gap-1 align wp-block-acf-column-list-card\" id=\"column-list-card_block_d96050953798aeb4a0d0d225b274ba12\">\n\t\n\t\t\t<div class=\"text-heading-400 font-serif font-600 leading-7 mb-1\">\n\t\t\tCirconscription 05\t\t<\/div>\n\t\t\t\t<div class=\"text-body-400\">\n\t\t\t<p>MN, ND, SD, WI<br \/>\nL0215 Milwaukee<\/p>\n<p>Gauthier, Jeffrey<br \/>\n<a href=\"mailto:twelvepawsphotos@mac.com\">twelvepawsphotos@mac.com<\/a><br \/>\n<a href=\"tel:+14148615039\">(414) 861-5039<\/a><\/p>\n\t\t<\/div>\n\t\t\t<\/article>\n\n\n<article\n\t class=\"column-list-card min-h-[187px] border-l-4 border-red pl-4 w-full md:w-auto item-inner flex flex-col gap-1 align wp-block-acf-column-list-card\" id=\"column-list-card_block_fc93f21342d0477fc81cea26a41132e6\">\n\t\n\t\t\t<div class=\"text-heading-400 font-serif font-600 leading-7 mb-1\">\n\t\t\tCirconscription 06\t\t<\/div>\n\t\t\t\t<div class=\"text-body-400\">\n\t\t\t<p>AB, C.-B., T.N.-O., SK., YT<br \/>\nSection locale 1782 Coquitlam<\/p>\n<p>Farina, Steven<br \/>\n<a href=\"mailto:srfarina@gmail.com\">srfarina@gmail.com<\/a><br \/>\n<a href=\"tel:+16049682372\">(604) 968-2372<\/a><\/p>\n\t\t<\/div>\n\t\t\t<\/article>\n\n<\/div><\/section>\n\n\n<section\n\t class=\"column-list iaff-column-list align wp-block-acf-column-list\" id=\"column-list_block_8590e2cd702e1626e73ea947b1518b45\">\n\t<div class=\"relative flex flex-col gap-[14px] mb-[52px]\">\n\t\t\t\t<div class=\"relative bg-halftone-divider bg-center bg-no-repeat w-full h-divider\"><\/div>\n\t<\/div>\n\n\t\t<div class=\"acf-innerblocks-container\">\n<article\n\t class=\"column-list-card min-h-[187px] border-l-4 border-red pl-4 w-full md:w-auto item-inner flex flex-col gap-1 align wp-block-acf-column-list-card\" id=\"column-list-card_block_4e2cf1b5a99cfb09de4ea5ea94437e7a\">\n\t\n\t\t\t<div class=\"text-heading-400 font-serif font-600 leading-7 mb-1\">\n\t\t\tCirconscription 07\t\t<\/div>\n\t\t\t\t<div class=\"text-body-400\">\n\t\t\t<p>AK, ID, MT, WA<br \/>\nL1747 Kent<\/p>\n<p>Gallup, John<br \/>\n<a href=\"mailto:jdgiv@harbornet.com\">jdgiv@harbornet.com<\/a><br \/>\n<a href=\"tel:+12533703080\">(253) 370-3080<\/a><\/p>\n\t\t<\/div>\n\t\t\t<\/article>\n\n\n<article\n\t class=\"column-list-card min-h-[187px] border-l-4 border-red pl-4 w-full md:w-auto item-inner flex flex-col gap-1 align wp-block-acf-column-list-card\" id=\"column-list-card_block_b45feb09614a3c9b36c4c21b66415d63\">\n\t\n\t\t\t<div class=\"text-heading-400 font-serif font-600 leading-7 mb-1\">\n\t\t\tCirconscription 08\t\t<\/div>\n\t\t\t\t<div class=\"text-body-400\">\n\t\t\t<p>IL, IN, KY, MI, OH<br \/>\nL0002 Chicago<\/p>\n<p>Jones, Riley<br \/>\n<a href=\"mailto:riley.jones@iaff-local2.org\">riley.jones@iaff-local2.org<\/a><br \/>\n<a href=\"tel:+17735360450\">(773) 536-0450<\/a><\/p>\n\t\t<\/div>\n\t\t\t<\/article>\n\n<\/div><\/section>\n\n\n<section\n\t class=\"column-list iaff-column-list align wp-block-acf-column-list\" id=\"column-list_block_8590e2cd702e1626e73ea947b1518b45\">\n\t<div class=\"relative flex flex-col gap-[14px] mb-[52px]\">\n\t\t\t\t<div class=\"relative bg-halftone-divider bg-center bg-no-repeat w-full h-divider\"><\/div>\n\t<\/div>\n\n\t\t<div class=\"acf-innerblocks-container\">\n<article\n\t class=\"column-list-card min-h-[187px] border-l-4 border-red pl-4 w-full md:w-auto item-inner flex flex-col gap-1 align wp-block-acf-column-list-card\" id=\"column-list-card_block_85aa04257368d6030d558262f95e471f\">\n\t\n\t\t\t<div class=\"text-heading-400 font-serif font-600 leading-7 mb-1\">\n\t\t\tCirconscription 09\t\t<\/div>\n\t\t\t\t<div class=\"text-body-400\">\n\t\t\t<p>CO, NV, OR, UT, WY<br \/>\nL2148 Logan<\/p>\n<p>Thompson, Nathan<br \/>\n<a href=\"mailto:nate@sprintimage.net\">nate@sprintimage.net<\/a><br \/>\n<a href=\"tel:+14357571574\">(435) 757-1574<\/a><\/p>\n\t\t<\/div>\n\t\t\t<\/article>\n\n\n<article\n\t class=\"column-list-card min-h-[187px] border-l-4 border-red pl-4 w-full md:w-auto item-inner flex flex-col gap-1 align wp-block-acf-column-list-card\" id=\"column-list-card_block_d8e94e36e2029e1e8d4eee8ec2f36d29\">\n\t\n\t\t\t<div class=\"text-heading-400 font-serif font-600 leading-7 mb-1\">\n\t\t\tCirconscription 10\t\t<\/div>\n\t\t\t\t<div class=\"text-body-400\">\n\t\t\t<p>AZ, CA, HI, NM, GUAM<br \/>\nL0798 San Francisco<\/p>\n<p>Buren, Heather<br \/>\n<a href=\"mailto:heatherburen@sbcglobal.net\">heatherburen@sbcglobal.net<\/a><br \/>\n<a href=\"tel:+14153420388\">(415) 342-0388<\/a><\/p>\n\t\t<\/div>\n\t\t\t<\/article>\n\n<\/div><\/section>\n\n\n<section\n\t class=\"column-list iaff-column-list align wp-block-acf-column-list\" id=\"column-list_block_8590e2cd702e1626e73ea947b1518b45\">\n\t<div class=\"relative flex flex-col gap-[14px] mb-[52px]\">\n\t\t\t\t<div class=\"relative bg-halftone-divider bg-center bg-no-repeat w-full h-divider\"><\/div>\n\t<\/div>\n\n\t\t<div class=\"acf-innerblocks-container\">\n<article\n\t class=\"column-list-card min-h-[187px] border-l-4 border-red pl-4 w-full md:w-auto item-inner flex flex-col gap-1 align wp-block-acf-column-list-card\" id=\"column-list-card_block_2dce8c174b48e53cb7f41b255d512af5\">\n\t\n\t\t\t<div class=\"text-heading-400 font-serif font-600 leading-7 mb-1\">\n\t\t\tCirconscription 11\t\t<\/div>\n\t\t\t\t<div class=\"text-body-400\">\n\t\t\t<p>OK, TX, CANAL ZONE<br \/>\nL1293 Guirlande<\/p>\n<p>Crews, William<br \/>\n<a href=\"mailto:bill.crews@outlook.com\">bill.crews@outlook.com<\/a><br \/>\n<a href=\"tel:+18178190116\">(817) 819-0116<\/a><\/p>\n\t\t<\/div>\n\t\t\t<\/article>\n\n\n<article\n\t class=\"column-list-card min-h-[187px] border-l-4 border-red pl-4 w-full md:w-auto item-inner flex flex-col gap-1 align wp-block-acf-column-list-card\" id=\"column-list-card_block_aeeb2c7b988ae6f4aa8469cc1dcd37c2\">\n\t\n\t\t\t<div class=\"text-heading-400 font-serif font-600 leading-7 mb-1\">\n\t\t\tCirconscription 12\t\t<\/div>\n\t\t\t\t<div class=\"text-body-400\">\n\t\t\t<p>FL, GA, NC, SC, R\u00c9GION DES CARA\u00cfBES<br \/>\nL1403 Assoc. M\u00e9tropolitaine des pompiers du comt\u00e9 de Dade des pompiers<\/p>\n<p>Steele, Michelle<br \/>\n<a href=\"mailto:michelle.steele@local1403.org\">michelle.steele@local1403.org<\/a><br \/>\n<a href=\"tel:+13059044610\">(305) 904-4610<\/a><\/p>\n\t\t<\/div>\n\t\t\t<\/article>\n\n<\/div><\/section>\n\n\n<section\n\t class=\"column-list iaff-column-list align wp-block-acf-column-list\" id=\"column-list_block_8590e2cd702e1626e73ea947b1518b45\">\n\t<div class=\"relative flex flex-col gap-[14px] mb-[52px]\">\n\t\t\t\t<div class=\"relative bg-halftone-divider bg-center bg-no-repeat w-full h-divider\"><\/div>\n\t<\/div>\n\n\t\t<div class=\"acf-innerblocks-container\">\n<article\n\t class=\"column-list-card min-h-[187px] border-l-4 border-red pl-4 w-full md:w-auto item-inner flex flex-col gap-1 align wp-block-acf-column-list-card\" id=\"column-list-card_block_f5927054124e9909cf14e8fde56ff288\">\n\t\n\t\t\t<div class=\"text-heading-400 font-serif font-600 leading-7 mb-1\">\n\t\t\tCirconscription 13\t\t<\/div>\n\t\t\t\t<div class=\"text-body-400\">\n\t\t\t<p>MB (Ont.)<br \/>\nL3888 Pompiers professionnels de Toronto<\/p>\n<p>Doherty, Hugh<br \/>\n<a href=\"mailto:hugh.doherty@sympatico.ca\">hugh.doherty@sympatico.ca<\/a><br \/>\n<a href=\"tel:+14164330446\">(416) 433-0446<\/a><\/p>\n\t\t<\/div>\n\t\t\t<\/article>\n\n\n<article\n\t class=\"column-list-card min-h-[187px] border-l-4 border-red pl-4 w-full md:w-auto item-inner flex flex-col gap-1 align wp-block-acf-column-list-card\" id=\"column-list-card_block_e948842da4829796428ee4b8a21964a6\">\n\t\n\t\t\t<div class=\"text-heading-400 font-serif font-600 leading-7 mb-1\">\n\t\t\tCirconscription 14\t\t<\/div>\n\t\t\t\t<div class=\"text-body-400\">\n\t\t\t<p>AL, AR, LA, MS, TN<br \/>\nL0557 Baton Rouge<\/p>\n<p>Adams, Daniel<br \/>\n<a href=\"mailto:danielj_a@yahoo.com\">danielj_a@yahoo.com<\/a><br \/>\n<a href=\"tel:+12259387427\">(225) 938-7427<\/a><\/p>\n\t\t<\/div>\n\t\t\t<\/article>\n\n<\/div><\/section>\n\n\n<section\n\t class=\"column-list iaff-column-list align wp-block-acf-column-list\" id=\"column-list_block_8590e2cd702e1626e73ea947b1518b45\">\n\t<div class=\"relative flex flex-col gap-[14px] mb-[52px]\">\n\t\t\t\t<div class=\"relative bg-halftone-divider bg-center bg-no-repeat w-full h-divider\"><\/div>\n\t<\/div>\n\n\t\t<div class=\"acf-innerblocks-container\">\n<article\n\t class=\"column-list-card min-h-[187px] border-l-4 border-red pl-4 w-full md:w-auto item-inner flex flex-col gap-1 align wp-block-acf-column-list-card\" id=\"column-list-card_block_7dc79a338ce72c3f7024944dd10846c6\">\n\t\n\t\t\t<div class=\"text-heading-400 font-serif font-600 leading-7 mb-1\">\n\t\t\tCirconscription 15\t\t<\/div>\n\t\t\t\t<div class=\"text-body-400\">\n\t\t\t<p>N.-B., T.-N.-L., N.-\u00c9., \u00ce.-P.-\u00c9., QC<br \/>\nL1075, rue St. John\u2019s<\/p>\n<p>Smith, Craig<br \/>\n<a href=\"mailto:president1075@gmail.com\">president1075@gmail.com<\/a><br \/>\n<a href=\"tel:+17096895624\">(709) 689-5624<\/a><\/p>\n\t\t<\/div>\n\t\t\t<\/article>\n\n\n<article\n\t class=\"column-list-card min-h-[187px] border-l-4 border-red pl-4 w-full md:w-auto item-inner flex flex-col gap-1 align wp-block-acf-column-list-card\" id=\"column-list-card_block_5280eab0c78eac388c0ffdb60c589d59\">\n\t\n\t\t\t<div class=\"text-heading-400 font-serif font-600 leading-7 mb-1\">\n\t\t\tCirconscription 16\t\t<\/div>\n\t\t\t\t<div class=\"text-body-400\">\n\t\t\t<p>District f\u00e9d\u00e9ral<br \/>\nF0273 Fort Belvoir<\/p>\n<p>Lang, Jonathan<br \/>\n<a href=\"mailto:ffjzlang@yahoo.com\">ffjzlang@yahoo.com<\/a><br \/>\n<a href=\"tel:+17033074026\">(703) 307-4026<\/a><\/p>\n\t\t<\/div>\n\t\t\t<\/article>\n\n<\/div><\/section>\n\n<\/div>\t<\/div>\n<\/section>\n\n<\/div><\/section>\n","protected":false},"excerpt":{"rendered":"<p>Mike Carter Pr\u00e9sident Patrick J. Morrison Conseiller du personnel<\/p>\n","protected":false},"featured_media":0,"parent":77885,"menu_order":0,"comment_status":"closed","ping_status":"closed","template":"","meta":{"_acf_changed":false,"_searchwp_excluded":"","inline_featured_image":false,"_EventAllDay":false,"_EventTimezone":"","_EventStartDate":"","_EventEndDate":"","_EventStartDateUTC":"","_EventEndDateUTC":"","_EventShowMap":false,"_EventShowMapLink":false,"_EventURL":"","_EventCost":"","_EventCostDescription":"","_EventCurrencySymbol":"","_EventCurrencyCode":"","_EventCurrencyPosition":"","_EventDateTimeSeparator":"","_EventTimeRangeSeparator":"","_EventOrganizerID":[],"_EventVenueID":[],"_OrganizerEmail":"","_OrganizerPhone":"","_OrganizerWebsite":"","_VenueAddress":"","_VenueCity":"","_VenueCountry":"","_VenueProvince":"","_VenueState":"","_VenueZip":"","_VenuePhone":"","_VenueURL":"","_VenueStateProvince":"","_VenueLat":"","_VenueLng":"","_VenueShowMap":false,"_VenueShowMapLink":false,"footnotes":""},"class_list":["post-70085","page","type-page","status-publish","hentry"],"acf":[],"publishpress_future_workflow_manual_trigger":{"enabledWorkflows":[]},"_links":{"self":[{"href":"https:\/\/www.iaff.org\/fr-ca\/wp-json\/wp\/v2\/pages\/70085","targetHints":{"allow":["GET"]}}],"collection":[{"href":"https:\/\/www.iaff.org\/fr-ca\/wp-json\/wp\/v2\/pages"}],"about":[{"href":"https:\/\/www.iaff.org\/fr-ca\/wp-json\/wp\/v2\/types\/page"}],"author":[{"embeddable":true,"href":"https:\/\/www.iaff.org\/fr-ca\/wp-json\/wp\/v2\/users\/3"}],"replies":[{"embeddable":true,"href":"https:\/\/www.iaff.org\/fr-ca\/wp-json\/wp\/v2\/comments?post=70085"}],"version-history":[{"count":0,"href":"https:\/\/www.iaff.org\/fr-ca\/wp-json\/wp\/v2\/pages\/70085\/revisions"}],"up":[{"embeddable":true,"href":"https:\/\/www.iaff.org\/fr-ca\/wp-json\/wp\/v2\/pages\/77885"}],"wp:attachment":[{"href":"https:\/\/www.iaff.org\/fr-ca\/wp-json\/wp\/v2\/media?parent=70085"}],"curies":[{"name":"wp","href":"https:\/\/api.w.org\/{rel}","templated":true}]}}