{"id":70081,"date":"2024-02-22T11:38:11","date_gmt":"2024-02-22T16:38:11","guid":{"rendered":"https:\/\/www.iaff.org\/centre-dexcellence-de-laip\/admissions\/"},"modified":"2025-03-18T16:37:09","modified_gmt":"2025-03-18T20:37:09","slug":"admissions","status":"publish","type":"page","link":"https:\/\/www.iaff.org\/fr-ca\/centre-dexcellence-de-laip\/admissions\/","title":{"rendered":"Admissions"},"content":{"rendered":"<section\n\t class=\"secondary-hero align wp-block-acf-secondary-hero\" id=\"secondary-hero_block_2b49f478463a3ee062dd5415858d2c23\">\n\t\n<header\n\tclass=\"w-full u-bg-full-width px-[22px] md:ps-bleed md:pe-0 py-[60px] bg-smoke-5 text-black u-has-rivets u-rivets-dark\"\n\tdata-theme=\"gray\"\n>\n\t<div class=\"flex flex-col !px-0 !max-w-[1440px] w-full lg:!ps-indent\">\n\t\t<div class=\"border-t-[6px] w-full my-0 flex flex-col md:flex-row gap-x-[62px] gap-y-[22px] border-red\">\n\t\t\t\t\t\t<div class=\"w-full md:w-1\/2 md:py-[45px]\">\n\t\t\t\t<div class=\"max-w-[600px] flex flex-col gap-[22px]\">\n\t\t\t\t\t\t\t\t\t\t\t<h1 class=\"has-[.u-halftone-shadow--dark]:mb-divider has-[.u-halftone-shadow--light]:mb-divider pt-[22px] md:pt-0\">\n\t\t\t\t\t\t\t<span class=\"inline-flex text-heading-200 u-halftone-shadow--dark\">\n\t\t\t\t\t\t\t\tAdmissions COE\t\t\t\t\t\t\t<\/span>\n\t\t\t\t\t\t<\/h1>\n\t\t\t\t\t\t\t\t\t\t\t\t\t\t\t\t\t\t\t\t\t\t\t\t\t\t\t\t\t<\/div>\n\t\t\t<\/div>\n\n\t\t<\/div>\n\t\t\t\t\t<div class=\"order-first flex justify-start w-full pb-[22px]\">\n\t\t\t\t<div\n\tclass=\"wp-block-button is-style-tertiary text-smoke is-style-tertiary-back\"\n>\n\t\t\t<a\n\t\t\thref=\"https:\/\/www.iaff.org\/fr-ca\/center-of-excellence\/\"\n\t\t\tclass=\"wp-block-button__link wp-element-button group\"\n\t\t\t\t\t>\n\t\t\t<span\n\t\t\tclass=\"decoration-transparent underline underline-offset-2 group-hover:decoration-inherit group-focus-visible:decoration-inherit transition duration-hover\"\n\t\t>\n\t\t\tCentre d\u2019excellence de l&#039;AIP \t\t<\/span>\n\n\t\t<span\n\t\t\tclass=\"bg-inherit transition-colors duration-hover group-hover:bg-gold group-focus:bg-gold inline-flex rotate-180 order-first\"\n\t\t>\n\t\t\t<svg xmlns=\"http:\/\/www.w3.org\/2000\/svg\" width=\"21\" height=\"22\" fill=\"none\" viewBox=\"0 0 21 22\"><path stroke=\"currentColor\" stroke-linecap=\"round\" stroke-width=\"2\" d=\"M20 20.75L20 2.25L1.5 2.25L1.5 20.75L20 20.75Z\" clip-rule=\"evenodd\"\/><path stroke=\"currentColor\" stroke-linecap=\"square\" stroke-width=\"2\" d=\"M14.0883 11.5L6.66406 11.5\"\/><path stroke=\"currentColor\" stroke-linecap=\"square\" stroke-width=\"2\" d=\"M11.0723 7.75205L14.8363 11.5L11.0723 15.248\"\/><\/svg>\t\t<\/span>\n\t<\/a><\/div>\n\t\t\t<\/div>\n\t\t\t<\/div>\n<\/header>\n<\/section>\n\n<h3 class=\"wp-block-heading\">Pr\u00e9-admission<\/h3>\n<section\n\t class=\"page-blocks iaff-page-blocks align wp-block-acf-page-blocks\" id=\"page-blocks_block_9077e2bfde80ebf054ac58c6d85cfa09\">\n\t<div class=\"acf-innerblocks-container\">\n<div class=\"wp-block-paragraph \">\n<p>Une fois qu\u2019un client a \u00e9t\u00e9 accept\u00e9 au Centre d\u2019excellence, l\u2019\u00e9quipe des admissions travaillera avec le membre pour fixer une date d\u2019admission, l\u2019aider \u00e0 organiser son transport, fournir des directives sur ce \u00e0 quoi s\u2019attendre et confirmer les conditions financi\u00e8res.<\/p>\n<\/div>\n\n<div class=\"wp-block-paragraph \">\n<p>Jusqu\u2019\u00e0 la date d\u2019admission du membre, l\u2019\u00e9quipe s\u2019informera quotidiennement aupr\u00e8s du membre par t\u00e9l\u00e9phone pour lui fournir un soutien et des encouragements continus.<\/p>\n<\/div>\n<\/div><\/section>\n<section\n\t class=\"page-blocks iaff-page-blocks align wp-block-acf-page-blocks\" id=\"page-blocks_block_9077e2bfde80ebf054ac58c6d85cfa09\">\n\t<div class=\"acf-innerblocks-container\">\n\n<figure class=\"wp-block-pullquote\"><blockquote><p>Je dis \u00e0 tous ceux qui sont r\u00e9ticents qu\u2019il n\u2019y a pas de quoi avoir honte. Je crois que tout jugement serait un jugement positif. Avoir peur est compr\u00e9hensible, mais je vous promets qu\u2019obtenir de l\u2019aide changera votre vie et que vous serez heureux \u00e0 nouveau.<\/p><cite><strong>Eric Fessenden<\/strong> Comt\u00e9 de Montgomery, MD Local 1664<\/cite><\/blockquote><\/figure>\n\n<\/div><\/section>\n<section\n\t class=\"page-blocks iaff-page-blocks align wp-block-acf-page-blocks\" id=\"page-blocks_block_9077e2bfde80ebf054ac58c6d85cfa09\">\n\t<div class=\"acf-innerblocks-container\">\n\n<h3 class=\"wp-block-heading\">Transport<\/h3>\n\n\n<div class=\"wp-block-paragraph \">\n<p>Les membres sont responsables des frais de transport vers et depuis le Centre d\u2019excellence. Les membres peuvent voyager en avion, en train, en bus ou en voiture. S\u2019ils voyagent en avion, les membres peuvent atterrir dans l\u2019un des trois a\u00e9roports locaux : l\u2019a\u00e9roport international de Baltimore-Washington (BWI), l\u2019a\u00e9roport national Ronald Reagan (DCA) ou l\u2019a\u00e9roport international de Dulles (IAD).<\/p>\n<\/div>\n\n<div class=\"wp-block-paragraph \">\n<p>Le personnel des admissions recueillera les informations d&rsquo;arriv\u00e9es. Les membres doivent r\u00e9server un billet aller simple, car la dur\u00e9e du s\u00e9jour varie en fonction des plans de traitement individuels.<\/p>\n<\/div>\n\n\n<h3 class=\"wp-block-heading\">Arriv\u00e9e au centre<\/h3>\n\n\n<div class=\"wp-block-paragraph \">\n<p>Si le client arrive par avion ou par train, il sera accueilli au terminal ou \u00e0 la gare par le chauffeur du Centre d\u2019excellence dans une camionnette marqu\u00e9e de l\u2019AIP, transport\u00e9 \u00e0 l\u2019installation de traitement et enregistr\u00e9 au b\u00e2timent administratif. \u00c0 son arriv\u00e9e \u00e0 l\u2019\u00e9tablissement de traitement, chaque membre effectuera une \u00e9valuation \u00e0 l&rsquo;infirmerie, signera des formulaires de consentement au traitement et fera l\u2019objet d\u2019une fouille corporelle.<\/p>\n<\/div>\n\n<div class=\"wp-block-paragraph \">\n<p>Le membre sera ensuite accueilli par le personnel et ses pairs, qui veilleront \u00e0 ce qu\u2019il se sente le bienvenu et acclimat\u00e9.<\/p>\n<\/div>\n\n\n<h3 class=\"wp-block-heading\">Rencontre avec l\u2019\u00e9quipe de traitement<\/h3>\n\n\n<div class=\"wp-block-paragraph \">\n<p>Dans les trois jours suivant son admission, votre membre recevra une anamn\u00e8se approfondie, une \u00e9valuation physique, psychiatrique et biopsychosociale ainsi qu&rsquo;une orientation de groupe vers le programme de traitement. Votre membre sera \u00e9galement assign\u00e9 \u00e0 un th\u00e9rapeute individuel principal. Les membres peuvent commencer \u00e0 participer \u00e0 des programmes de th\u00e9rapie de groupe et de traitement d\u00e8s qu\u2019ils ont obtenu l\u2019autorisation m\u00e9dicale.<\/p>\n<\/div>\n\n<div class=\"wp-block-paragraph \">\n<p>Au cours de la p\u00e9riode d\u2019admission, les membres rencontreront \u00e9galement le sp\u00e9cialiste de la sensibilisation du Centre d\u2019excellence et auront la possibilit\u00e9 de participer \u00e0 un programme de mesure des r\u00e9sultats et de suivi de 18 mois.<\/p>\n<\/div>\n\n\n<h3 class=\"wp-block-heading\">Ce qu\u2019il faut apporter<\/h3>\n\n\n<div class=\"wp-block-list\">\n<ul class=\"wp-block-list\">\n<li>Carte d\u2019assurance et de pharmacie<\/li>\n\n\n\n<li>Permis de conduire\/Carte d&rsquo;identit\u00e9 avec photo et adresse<\/li>\n\n\n\n<li>Une liste des num\u00e9ros de t\u00e9l\u00e9phone importants<\/li>\n\n\n\n<li>Une semaine de v\u00eatements adapt\u00e9s \u00e0 la saison qui seront lav\u00e9s sur place<\/li>\n\n\n\n<li>V\u00eatements de nuit<\/li>\n\n\n\n<li>Maillots de bain une pi\u00e8ce pour femme, maillots longueur genou pour homme<\/li>\n\n\n\n<li>V\u00eatements et chaussures d\u2019entra\u00eenement<\/li>\n\n\n\n<li>Brosse \u00e0 dents, dentifrice non ouvert et rince-bouche sans alcool<\/li>\n\n\n\n<li>Shampoing et revitalisant non ouverts<\/li>\n\n\n\n<li>Cr\u00e8me solaire non ouverte<\/li>\n\n\n\n<li>Nettoyant pour le visage et hydratant non ouverts<\/li>\n\n\n\n<li>Lotion non ouverte<\/li>\n\n\n\n<li>Baume \u00e0 l\u00e8vres non ouvert<\/li>\n\n\n\n<li>Solution pour lentilles de contact non ouverte<\/li>\n\n\n\n<li>Produits f\u00e9minins non ouverts<\/li>\n\n\n\n<li>Mat\u00e9riel de lecture positif<\/li>\n\n\n\n<li>Photos de la famille et amis<\/li>\n\n\n\n<li>Appareil de musique (pas d\u2019acc\u00e8s Internet)<\/li>\n\n\n\n<li>Articles de loisirs (journaux, carnets de dessins, etc.)<\/li>\n\n\n\n<li>M\u00e9dicaments non narcotiques prescrits*<\/li>\n\n\n\n<li>Carte de cr\u00e9dit pr\u00e9pay\u00e9e ou argent comptant<\/li>\n<\/ul>\n<\/div>\n\n\n<h3 class=\"wp-block-heading\">Contrebande<\/h3>\n\n\n<div class=\"wp-block-paragraph \">\n<p>Les articles suivants ne sont pas autoris\u00e9s et seront confisqu\u00e9s en tant qu\u2019objets interdits :<\/p>\n<\/div>\n\n<div class=\"wp-block-list\">\n<ul class=\"wp-block-list\">\n<li>Produits en a\u00e9rosol<\/li>\n\n\n\n<li>Tout article contenant de l\u2019alcool dans les trois premiers ingr\u00e9dients (p. ex., parfum, eau de Cologne, rince-bouche, maquillage)<\/li>\n\n\n\n<li>Eau de Javel et articles de blanchiment<\/li>\n\n\n\n<li>T\u00e9l\u00e9phones cellulaires et tout appareil dot\u00e9 d\u2019une connexion Internet<\/li>\n\n\n\n<li>Attirail de drogue<\/li>\n\n\n\n<li>Cigarettes \u00e9lectroniques et stylos \u00e0 vape<\/li>\n\n\n\n<li>Appareils \u00e9lectriques<\/li>\n\n\n\n<li>Liquides inflammables<\/li>\n\n\n\n<li>Teinture capillaire<\/li>\n\n\n\n<li>Cl\u00e9s<\/li>\n\n\n\n<li>Couteaux, fusils et armes de toutes sortes. Il est possible qu\u2019un patient ne soit pas admis s\u2019il est en possession de ces articles.<\/li>\n\n\n\n<li>M\u00e9dicaments ou fournitures m\u00e9dicales<\/li>\n\n\n\n<li>Fourchettes, couteaux et cuill\u00e8res en m\u00e9tal<\/li>\n\n\n\n<li>Mat\u00e9riel sexuellement inappropri\u00e9 et li\u00e9 \u00e0 la drogue (magazines, livres, v\u00eatements)<\/li>\n\n\n\n<li>Huiles essentielles<\/li>\n\n\n\n<li>Cintres en fil de fer<\/li>\n\n\n\n<li>Tous les articles consommables (aliments et boissons) faits maison ou pr\u00e9emball\u00e9s<\/li>\n<\/ul>\n<\/div>\n\n<div class=\"wp-block-paragraph \">\n<p><em>Les articles interdits seront retourn\u00e9s au moment d&rsquo;arriv\u00e9e.<\/em><\/p>\n<\/div>\n\n\n<h3 class=\"wp-block-heading\">Communiquer avec les membres apr\u00e8s l\u2019admission<\/h3>\n\n\n<div class=\"wp-block-paragraph \">\n<p>Lorsque votre membre commence son traitement, il se concentre d\u2019abord et avant tout sur son r\u00e9tablissement. Les membres peuvent choisir ou non de parler aux repr\u00e9sentants du syndicat ou du minist\u00e8re pendant qu\u2019ils sont en traitement. Si votre membre a sign\u00e9 une autorisation d\u2019information (ROI) pour que le personnel de traitement puisse communiquer avec vous, vous pouvez appeler le personnel pour obtenir des mises \u00e0 jour au besoin.<\/p>\n<\/div>\n\n<div class=\"wp-block-paragraph \">\n<p>Appelez le Centre au (240) 681-6000 pour laisser un message \u00e0 votre membre ; le personnel veillera \u00e0 ce que le message soit bien re\u00e7u par le client.<\/p>\n<\/div>\n\n<div class=\"wp-block-paragraph \">\n<p>Veuillez noter que pendant les 72 premi\u00e8res heures suivant l\u2019admission, la communication avec les repr\u00e9sentants du syndicat ou du minist\u00e8re, les amis et la famille est restreinte.<\/p>\n<\/div>\n\n<div class=\"wp-block-paragraph \">\n<p>Il s\u2019agit d\u2019une pratique courante dans les \u00e9tablissements psychiatriques et de r\u00e9adaptation r\u00e9sidentiels. Le but de cette p\u00e9riode est de prot\u00e9ger votre membre contre les facteurs de stress et les distractions externes qui peuvent interf\u00e9rer avec l\u2019\u00e9valuation clinique initiale du membre et son adaptation \u00e0 l\u2019exp\u00e9rience de traitement. Votre membre sera rapidement adopt\u00e9 par ses pairs et un personnel bienveillant.<\/p>\n<\/div>\n\n\n<h3 class=\"wp-block-heading\">Utilisation du t\u00e9l\u00e9phone<\/h3>\n\n\n<div class=\"wp-block-paragraph \">\n<p>L\u2019utilisation du t\u00e9l\u00e9phone portable est un privil\u00e8ge et peut \u00eatre perdue si les r\u00e8gles sont enfreintes. Tous les patients b\u00e9n\u00e9ficieront d\u2019une p\u00e9riode d\u2019interdiction de 72 heures (trois jours) de toute utilisation du t\u00e9l\u00e9phone \u00e0 compter de leur arriv\u00e9e. Les patients seront autoris\u00e9s \u00e0 utiliser une ligne terrestre apr\u00e8s le d\u00e9but de leur programme clinique (\u00e0 moins que le clinicien ou le personnel m\u00e9dical d\u2019un patient d\u00e9cide que cela pourrait dissuader le traitement).<\/p>\n<\/div>\n\n<div class=\"wp-block-paragraph \">\n<p>Une fois que l\u2019utilisation du t\u00e9l\u00e9phone cellulaire aura \u00e9t\u00e9 approuv\u00e9e par leur clinicien ou leur personnel m\u00e9dical, les patients pourront utiliser leur t\u00e9l\u00e9phone cellulaire le lundi et deux autres jours de la semaine. Tous les privil\u00e8ges sont susceptibles d\u2019\u00eatre modifi\u00e9s. L\u2019utilisation du t\u00e9l\u00e9phone cellulaire doit \u00eatre limit\u00e9e aux courriels et aux textos, au paiement de factures et aux brefs appels t\u00e9l\u00e9phoniques.<\/p>\n<\/div>\n<\/div><\/section>\n","protected":false},"excerpt":{"rendered":"<p>Pr\u00e9-admission<\/p>\n","protected":false},"featured_media":0,"parent":68717,"menu_order":0,"comment_status":"closed","ping_status":"closed","template":"","meta":{"_acf_changed":false,"_searchwp_excluded":"","inline_featured_image":false,"_EventAllDay":false,"_EventTimezone":"","_EventStartDate":"","_EventEndDate":"","_EventStartDateUTC":"","_EventEndDateUTC":"","_EventShowMap":false,"_EventShowMapLink":false,"_EventURL":"","_EventCost":"","_EventCostDescription":"","_EventCurrencySymbol":"","_EventCurrencyCode":"","_EventCurrencyPosition":"","_EventDateTimeSeparator":"","_EventTimeRangeSeparator":"","_EventOrganizerID":[],"_EventVenueID":[],"_OrganizerEmail":"","_OrganizerPhone":"","_OrganizerWebsite":"","_VenueAddress":"","_VenueCity":"","_VenueCountry":"","_VenueProvince":"","_VenueState":"","_VenueZip":"","_VenuePhone":"","_VenueURL":"","_VenueStateProvince":"","_VenueLat":"","_VenueLng":"","_VenueShowMap":false,"_VenueShowMapLink":false,"footnotes":""},"class_list":["post-70081","page","type-page","status-publish","hentry"],"acf":[],"publishpress_future_workflow_manual_trigger":{"enabledWorkflows":[]},"_links":{"self":[{"href":"https:\/\/www.iaff.org\/fr-ca\/wp-json\/wp\/v2\/pages\/70081","targetHints":{"allow":["GET"]}}],"collection":[{"href":"https:\/\/www.iaff.org\/fr-ca\/wp-json\/wp\/v2\/pages"}],"about":[{"href":"https:\/\/www.iaff.org\/fr-ca\/wp-json\/wp\/v2\/types\/page"}],"author":[{"embeddable":true,"href":"https:\/\/www.iaff.org\/fr-ca\/wp-json\/wp\/v2\/users\/10"}],"replies":[{"embeddable":true,"href":"https:\/\/www.iaff.org\/fr-ca\/wp-json\/wp\/v2\/comments?post=70081"}],"version-history":[{"count":0,"href":"https:\/\/www.iaff.org\/fr-ca\/wp-json\/wp\/v2\/pages\/70081\/revisions"}],"up":[{"embeddable":true,"href":"https:\/\/www.iaff.org\/fr-ca\/wp-json\/wp\/v2\/pages\/68717"}],"wp:attachment":[{"href":"https:\/\/www.iaff.org\/fr-ca\/wp-json\/wp\/v2\/media?parent=70081"}],"curies":[{"name":"wp","href":"https:\/\/api.w.org\/{rel}","templated":true}]}}