{"id":70079,"date":"2024-02-22T11:19:54","date_gmt":"2024-02-22T16:19:54","guid":{"rendered":"https:\/\/www.iaff.org\/ehn-canada\/"},"modified":"2024-03-31T19:05:27","modified_gmt":"2024-03-31T23:05:27","slug":"ehn-canada","status":"publish","type":"page","link":"https:\/\/www.iaff.org\/fr-ca\/ehn-canada\/","title":{"rendered":"EHN Canada"},"content":{"rendered":"<section\n\t class=\"secondary-hero align wp-block-acf-secondary-hero\" id=\"secondary-hero_block_f892744fc257303e0a55d9da37c988c3\">\n\t\n<header\n\tclass=\"w-full u-bg-full-width px-[22px] md:ps-bleed md:pe-0 py-[60px] bg-smoke-5 text-black u-has-rivets u-rivets-dark\"\n\tdata-theme=\"gray\"\n>\n\t<div class=\"flex flex-col !px-0 !max-w-[1440px] w-full lg:!ps-indent\">\n\t\t<div class=\"border-t-[6px] w-full my-0 flex flex-col md:flex-row gap-x-[62px] gap-y-[22px] border-red\">\n\t\t\t\t\t\t<div class=\"w-full md:w-1\/2 md:py-[45px]\">\n\t\t\t\t<div class=\"max-w-[600px] flex flex-col gap-[22px]\">\n\t\t\t\t\t\t\t\t\t\t\t<h1 class=\"has-[.u-halftone-shadow--dark]:mb-divider has-[.u-halftone-shadow--light]:mb-divider pt-[22px] md:pt-0\">\n\t\t\t\t\t\t\t<span class=\"inline-flex text-heading-200 u-halftone-shadow--dark\">\n\t\t\t\t\t\t\t\tEHN Canada\t\t\t\t\t\t\t<\/span>\n\t\t\t\t\t\t<\/h1>\n\t\t\t\t\t\t\t\t\t\t\t\t\t\t\t\t<div class=\"text-body-300 font-sans\">\n\t\t\t\t\t\t\t<p>Le R\u00e9seau de sant\u00e9 Edgewood (EHN) est l\u2019un des principaux fournisseurs priv\u00e9s de services de traitement de la sant\u00e9 comportementale au Canada, offrant un r\u00e9seau de centres de r\u00e9tablissement qui s\u2019\u00e9tend d\u2019un oc\u00e9an \u00e0 l\u2019autre. Le EHN r\u00e9pondent \u00e0 un large \u00e9ventail de besoins en mati\u00e8re de traitement, de la th\u00e9rapie ambulatoire \u00e0 la d\u00e9sintoxication \u00e0 court terme, en passant par le traitement r\u00e9sidentiel pour les troubles de sant\u00e9 mentale et de toxicomanie, y compris les traitements sp\u00e9cialis\u00e9s pour les militaires et les premiers r\u00e9pondants.<\/p>\n\t\t\t\t\t\t<\/div>\n\t\t\t\t\t\t\t\t\t\t\t\t\t\t\t\t\t\t\t\t\t\t\t\t<\/div>\n\t\t\t<\/div>\n\n\t\t<\/div>\n\t\t\t\t\t<div class=\"order-first flex justify-start w-full pb-[22px]\">\n\t\t\t\t<div\n\tclass=\"wp-block-button is-style-tertiary text-smoke is-style-tertiary-back\"\n>\n\t\t\t<a\n\t\t\thref=\"https:\/\/www.iaff.org\/behavioral-health\/\"\n\t\t\tclass=\"wp-block-button__link wp-element-button group\"\n\t\t\t\t\t>\n\t\t\t<span\n\t\t\tclass=\"decoration-transparent underline underline-offset-2 group-hover:decoration-inherit group-focus-visible:decoration-inherit transition duration-hover\"\n\t\t>\n\t\t\tProgramme de sant\u00e9 comportementale\t\t<\/span>\n\n\t\t<span\n\t\t\tclass=\"bg-inherit transition-colors duration-hover group-hover:bg-gold group-focus:bg-gold inline-flex rotate-180 order-first\"\n\t\t>\n\t\t\t<svg xmlns=\"http:\/\/www.w3.org\/2000\/svg\" width=\"21\" height=\"22\" fill=\"none\" viewBox=\"0 0 21 22\"><path stroke=\"currentColor\" stroke-linecap=\"round\" stroke-width=\"2\" d=\"M20 20.75L20 2.25L1.5 2.25L1.5 20.75L20 20.75Z\" clip-rule=\"evenodd\"\/><path stroke=\"currentColor\" stroke-linecap=\"square\" stroke-width=\"2\" d=\"M14.0883 11.5L6.66406 11.5\"\/><path stroke=\"currentColor\" stroke-linecap=\"square\" stroke-width=\"2\" d=\"M11.0723 7.75205L14.8363 11.5L11.0723 15.248\"\/><\/svg>\t\t<\/span>\n\t<\/a><\/div>\n\t\t\t<\/div>\n\t\t\t<\/div>\n<\/header>\n<\/section>\n\n<h3 class=\"wp-block-heading\"><strong>Qu\u2019est-ce qui rend le partenariat AIP\/EHN unique ?<\/strong><\/h3>\n<div class=\"wp-block-paragraph \">\n<p>Cette entente exclusive a \u00e9t\u00e9 \u00e9labor\u00e9e en collaboration entre EHN Canada et l\u2019Association Internationale des Pompiers (AIP). L\u2019\u00e9quipe de sant\u00e9 comportementale de l\u2019AIP travaille en \u00e9troite collaboration avec la direction et l\u2019\u00e9quipe clinique de l&rsquo;EHN pour s\u2019assurer que les membres canadiens de l\u2019AIP ont acc\u00e8s \u00e0 des soins de sant\u00e9 comportementale de haute qualit\u00e9 et fond\u00e9s sur des donn\u00e9es probantes. L\u2019EHN offre une ligne d\u2019admission et de renseignements r\u00e9serv\u00e9e exclusivement aux membres de l\u2019AIP (<a href=\"tel:+18883017876\">1-888-301-7876<\/a>). Un membre de l\u2019AIP ou un proche peut appeler directement ce num\u00e9ro pour en savoir plus sur les options de traitement EHN.<\/p>\n<\/div><section\n\t class=\"page-blocks iaff-page-blocks align wp-block-acf-page-blocks\" id=\"page-blocks_block_0f146478c8e3473dd422f5ec000e3164\">\n\t<div class=\"acf-innerblocks-container\">\n<section\n\t class=\"callout-section pt-20 md:pt-[100px] bg-smoke\/5 u-bg-full-width align wp-block-acf-callout-section\" id=\"callout-section_block_757ed9e20f08cd3ac951d698a6319d31\">\n\t\t<div class=\"border-b border-black\">\n\t\t\t<\/div>\n\n\t<!-- TODO: Constrain to content width -->\n\t<div class=\"w-full flex flex-col\">\n\t\t<!-- Callouts -->\n\t\t<div class=\"acf-innerblocks-container\">\n<section\n\t class=\"callout align wp-block-acf-callout\" id=\"callout_block_1eefb354f294593e1e0b4359175c47de\">\n\t<div class=\"grid md:grid-cols-2 gap-0\">\n\t\t<figure\n\t\t\tclass=\"md:col-start-2 md:row-start-1 grid place-items-center\"\n\t\t>\n\t\t\t\t\t\t\t<div class=\"relative\">\n\t\t\t\t\t<img decoding=\"async\" width=\"323\" height=\"215\" src=\"https:\/\/www.iaff.org\/wp-content\/uploads\/2024\/02\/Ferguson-Building.jpg\" class=\"w-full block h-auto object-cover\" alt=\"\" srcset=\"https:\/\/www.iaff.org\/wp-content\/uploads\/2024\/02\/Ferguson-Building.jpg 323w, https:\/\/www.iaff.org\/wp-content\/uploads\/2024\/02\/Ferguson-Building-300x200.jpg 300w, https:\/\/www.iaff.org\/wp-content\/uploads\/2024\/02\/Ferguson-Building-240x160.jpg 240w\" sizes=\"(max-width: 323px) 100vw, 323px\" \/>\t\t\t\t\t<div class=\"u-halftone-overlay\"><\/div>\n\t\t\t\t<\/div>\n\t\t\t\t\t<\/figure>\n\t\t<div class=\"flex flex-col gap-2 py-[54px] text-smoke md:p-10 justify-center md:px-15\">\n\t\t\t\t\t\t\t\t\t\t<div class=\"font-serif font-600 text-[34px] leading-[1.1] -tracking-[0.5px]\">\n\t\t\t\t\tProgramme des militaires, des v\u00e9t\u00e9rans et des premiers r\u00e9pondants (MVFR)\t\t\t\t<\/div>\n\t\t\t\t\t\t\t\t\t\t<div class=\"font-sans font-350 text-[18px] leading-[1.5]\">\n\t\t\t\t\t<p>Les membres canadiens de l\u2019AIP qui souhaitent un traitement ax\u00e9 sur les traumatismes auront un acc\u00e8s prioritaire au programme militaires, v\u00e9t\u00e9rans et premiers intervenants (MVFR) de l\u2019EHN. Ce programme de traitement r\u00e9sidentiel est con\u00e7u pour traiter les traumatismes professionnels avec et sans d\u00e9pendance concomitante tout en r\u00e9pondant aux besoins cliniques et sociaux uniques des membres des services d\u2019incendie.<\/p>\n\t\t\t\t<\/div>\n\t\t\t\t\t\t\t\t<\/div>\n\t<\/div>\n<\/section>\n\n<\/div>\n\t\t\t<\/div>\n<\/section>\n\n\n<div class=\"wp-block-paragraph \">\n<p>Les soins, les repas et les quartiers d\u2019habitation sont exclusifs aux clients militaires et aux premiers r\u00e9pondants. \u00c0 l\u2019heure actuelle, le programme ax\u00e9 sur les traumatismes est offert \u00e0 quatre endroits :<\/p>\n<\/div>\n\n<div class=\"wp-block-list\">\n<ul class=\"wp-block-list\">\n<li>Edgewood \u2013 Nanaimo (Colombie-Britannique)<\/li>\n\n\n\n<li>Clinique Nouveau D\u00e9part (CND) \u2013 Montr\u00e9al (Qu\u00e9bec)<\/li>\n\n\n\n<li>Gateway \u2013 Peterborough (Ontario)<\/li>\n\n\n\n<li>Ledgehill \u2013 Lawrencetown (Nouvelle-\u00c9cosse)<\/li>\n<\/ul>\n<\/div>\n\n<div class=\"wp-block-paragraph \">\n<p>Pour plus d\u2019informations, veuillez consulter le <a href=\"https:\/\/www.iaff.org\/wp-content\/uploads\/IAFF-EHN-Program-Brochure.pdf\" target=\"_blank\" rel=\"noreferrer noopener\">Guide du programme MVFR pour les membres de l\u2019AIP<\/a>.<\/p>\n<\/div>\n<\/div><\/section>\n\n<h3 class=\"wp-block-heading\"><strong><strong>O\u00f9 puis-je en savoir plus ?<\/strong><\/strong><\/h3>\n<div class=\"wp-block-paragraph \">\n<p>Visitez la page Web d\u00e9di\u00e9e \u00e0 l\u2019EHN pour les membres de l\u2019AIP \u2013 <a href=\"https:\/\/www.edgewoodhealthnetwork.com\/who-we-help\/iaff-members\/\" target=\"_blank\" rel=\"noreferrer noopener\">www.ehncanada.com\/iaff<\/a> \u2013 ou appelez la ligne d\u00e9di\u00e9e aux admissions et aux demandes de renseignements de l\u2019AIP au <a href=\"tel:+18883017876\">1-888-301-7876<\/a>.<\/p>\n<\/div>","protected":false},"excerpt":{"rendered":"<p>Qu\u2019est-ce qui rend le partenariat AIP\/EHN unique ? Cette entente exclusive a \u00e9t\u00e9 \u00e9labor\u00e9e en collaboration entre EHN Canada et l\u2019Association Internationale des Pompiers (AIP). L\u2019\u00e9quipe de sant\u00e9 comportementale de [&hellip;]<\/p>\n","protected":false},"featured_media":0,"parent":0,"menu_order":0,"comment_status":"closed","ping_status":"closed","template":"","meta":{"_acf_changed":false,"_searchwp_excluded":"","inline_featured_image":false,"_EventAllDay":false,"_EventTimezone":"","_EventStartDate":"","_EventEndDate":"","_EventStartDateUTC":"","_EventEndDateUTC":"","_EventShowMap":false,"_EventShowMapLink":false,"_EventURL":"","_EventCost":"","_EventCostDescription":"","_EventCurrencySymbol":"","_EventCurrencyCode":"","_EventCurrencyPosition":"","_EventDateTimeSeparator":"","_EventTimeRangeSeparator":"","_EventOrganizerID":[],"_EventVenueID":[],"_OrganizerEmail":"","_OrganizerPhone":"","_OrganizerWebsite":"","_VenueAddress":"","_VenueCity":"","_VenueCountry":"","_VenueProvince":"","_VenueState":"","_VenueZip":"","_VenuePhone":"","_VenueURL":"","_VenueStateProvince":"","_VenueLat":"","_VenueLng":"","_VenueShowMap":false,"_VenueShowMapLink":false,"footnotes":""},"class_list":["post-70079","page","type-page","status-publish","hentry"],"acf":[],"publishpress_future_workflow_manual_trigger":{"enabledWorkflows":[]},"_links":{"self":[{"href":"https:\/\/www.iaff.org\/fr-ca\/wp-json\/wp\/v2\/pages\/70079","targetHints":{"allow":["GET"]}}],"collection":[{"href":"https:\/\/www.iaff.org\/fr-ca\/wp-json\/wp\/v2\/pages"}],"about":[{"href":"https:\/\/www.iaff.org\/fr-ca\/wp-json\/wp\/v2\/types\/page"}],"author":[{"embeddable":true,"href":"https:\/\/www.iaff.org\/fr-ca\/wp-json\/wp\/v2\/users\/3"}],"replies":[{"embeddable":true,"href":"https:\/\/www.iaff.org\/fr-ca\/wp-json\/wp\/v2\/comments?post=70079"}],"version-history":[{"count":0,"href":"https:\/\/www.iaff.org\/fr-ca\/wp-json\/wp\/v2\/pages\/70079\/revisions"}],"wp:attachment":[{"href":"https:\/\/www.iaff.org\/fr-ca\/wp-json\/wp\/v2\/media?parent=70079"}],"curies":[{"name":"wp","href":"https:\/\/api.w.org\/{rel}","templated":true}]}}