{"id":68717,"date":"2019-09-23T15:51:28","date_gmt":"2019-09-23T19:51:28","guid":{"rendered":"https:\/\/iaffredesign.wpengine.com\/centre-dexcellence-de-laip\/"},"modified":"2025-10-06T10:43:30","modified_gmt":"2025-10-06T14:43:30","slug":"centre-dexcellence-de-laip","status":"publish","type":"page","link":"https:\/\/www.iaff.org\/fr-ca\/centre-dexcellence-de-laip\/","title":{"rendered":"Centre d\u2019excellence de l\u2019IAFF"},"content":{"rendered":"<section\n\t class=\"secondary-hero align wp-block-acf-secondary-hero\" id=\"secondary-hero_block_946938bd0c7abdd94177e7089d6f0879\">\n\t\n<header\n\tclass=\"w-full u-bg-full-width px-[22px] md:ps-bleed md:pe-0 py-[60px] bg-blue text-white u-has-rivets\"\n\tdata-theme=\"navy\"\n>\n\t<div class=\"flex flex-col !px-0 !max-w-[1440px] w-full lg:!ps-indent\">\n\t\t<div class=\"border-t-[6px] w-full my-0 flex flex-col md:flex-row gap-x-[62px] gap-y-[22px] border-gold\">\n\t\t\t\t\t\t\t<div class=\"relative grid md:order-last md:w-1\/2 overflow-hidden place-items-center aspect-[157\/105]\">\n\t\t\t\t\t<img decoding=\"async\" width=\"1184\" height=\"789\" src=\"https:\/\/www.iaff.org\/wp-content\/uploads\/2023\/11\/COE.jpg\" class=\"absolute object-cover min-w-full h-full\" alt=\"\" srcset=\"https:\/\/www.iaff.org\/wp-content\/uploads\/2023\/11\/COE.jpg 1184w, https:\/\/www.iaff.org\/wp-content\/uploads\/2023\/11\/COE-300x200.jpg 300w, https:\/\/www.iaff.org\/wp-content\/uploads\/2023\/11\/COE-1024x682.jpg 1024w, https:\/\/www.iaff.org\/wp-content\/uploads\/2023\/11\/COE-768x512.jpg 768w\" sizes=\"(max-width: 1184px) 100vw, 1184px\" \/>\t\t\t\t<\/div>\n\t\t\t\t\t\t<div class=\"w-full md:w-1\/2 md:py-[45px]\">\n\t\t\t\t<div class=\"max-w-[600px] flex flex-col gap-[22px]\">\n\t\t\t\t\t\t\t\t\t\t\t<h1 class=\"has-[.u-halftone-shadow--dark]:mb-divider has-[.u-halftone-shadow--light]:mb-divider\">\n\t\t\t\t\t\t\t<span class=\"inline-flex text-heading-200 u-halftone-shadow--light\">\n\t\t\t\t\t\t\t\tCentre d\u2019excellence de l\u2019IAFF\t\t\t\t\t\t\t<\/span>\n\t\t\t\t\t\t<\/h1>\n\t\t\t\t\t\t\t\t\t\t\t\t\t\t\t\t<div class=\"text-body-300 font-sans\">\n\t\t\t\t\t\t\t<p>Le Centre d\u2019excellence pour le traitement et le r\u00e9tablissement de la sant\u00e9 comportementale de IAFF est un \u00e9tablissement de traitement unique en son genre sp\u00e9cialis\u00e9 dans le TSPT pour les membres des services d\u2019incendie professionnels qui luttent contre des traumatismes, une consommation de substances, une d\u00e9pendance et d\u2019autres probl\u00e8mes de sant\u00e9 comportementale connexes<\/p>\n\t\t\t\t\t\t<\/div>\n\t\t\t\t\t\t\t\t\t\t\t\t\t\t\t\t\t\t\t\t\t\t\t\t\t\t\t<div class=\"flex flex-wrap gap-[30px]\">\n\t\t\t\t\t\t\t\t\t\t\t\t\t\t\t<!-- Renders the same as core\/button with a specific style -->\n\t<div\n\t\tclass=\"wp-block-button track-button-primary is-style-primary-red\"\n\t>\n\t\t<a class=\"wp-block-button__link wp-element-button cursor-pointer dlm-no-xhr-download track-hero-secondary-cta md:w-auto min-w-[156px]\" href=\"https:\/\/www.iaffrecoverycenter.com\/\" target=\"_blank\" rel=\"nofollow noopener\">\n\t\t\tVisitez\t\t<\/a>\n\t<\/div>\n\t\t\t\t\t\t\t\t\t\t\t\t\t<\/div>\n\t\t\t\t\t\t\t\t\t\t\t\t\t\t<\/div>\n\t\t\t<\/div>\n\n\t\t<\/div>\n\t\t\t<\/div>\n<\/header>\n<\/section>\n<section\n\t class=\"page-blocks iaff-page-blocks align wp-block-acf-page-blocks\" id=\"page-blocks_block_326d1a72e592d4f43202fe6721c8c370\">\n\t<div class=\"acf-innerblocks-container\">\n<section\n\t class=\"secondary-navigation-automatic u-bg-full-width bg-smoke\/5 align wp-block-acf-secondary-navigation-automatic\" id=\"secondary-navigation-automatic_block_2f6ef23f0c670695c0b53ee2a5475f1d\">\n\t<\/section>\n\n<\/div><\/section>\n<section\n\t class=\"page-blocks iaff-page-blocks align wp-block-acf-page-blocks\" id=\"page-blocks_block_326d1a72e592d4f43202fe6721c8c370\">\n\t<div class=\"acf-innerblocks-container\">\n<div class=\"wp-block-paragraph \">\n<p>Cr\u00e9\u00e9 en partenariat avec Advanced Recovery Systems (ARS), le <a href=\"https:\/\/www.iaffrecoverycenter.com\/about-us\/\" target=\"_blank\" rel=\"noreferrer noopener\">Centre d\u2019excellence pour le traitement et le r\u00e9tablissement en sant\u00e9 comportementale de IAFF<\/a> est un centre de r\u00e9tablissement phare exclusivement destin\u00e9 aux membres de IAFF aux prises avec un trouble de stress post-traumatique, une d\u00e9pendance, une toxicomanie et une d\u00e9pendance \u00e0 l\u2019alcool, \u00e0 la d\u00e9pression, \u00e0 l\u2019anxi\u00e9t\u00e9 et \u00e0 d\u2019autres probl\u00e8mes de sant\u00e9 comportementale afin de recevoir l\u2019aide dont ils ont besoin pour faire les premiers pas vers le r\u00e9tablissement.<\/p>\n<\/div>\n\n<div class=\"wp-block-paragraph \">\n<p>Le Centre d\u2019excellence est un centre de traitement volontaire con\u00e7u par les pompiers pour les pompiers dont la mission est de r\u00e9pondre aux besoins m\u00e9dicaux, psychologiques et sociaux uniques des membres confront\u00e9s \u00e0 des probl\u00e8mes de sant\u00e9 comportementale.<\/p>\n<\/div>\n\n<div class=\"wp-block-paragraph \">\n<p>Le personnel est form\u00e9 pour comprendre l\u2019effet cumulatif des traumatismes professionnels, ainsi que les implications cliniques de la culture et du mode de vie des services d\u2019incendie. Les plans de traitement sont con\u00e7us pour ramener les pompiers \u00e0 la carri\u00e8re, \u00e0 la communaut\u00e9 et \u00e0 la famille qu\u2019ils aiment. <\/p>\n<\/div>\n\n<div class=\"wp-block-paragraph \">\n<p><strong>Ce processus est enti\u00e8rement confidentiel.<\/strong>  Le personnel du centre ne peut discuter du traitement avec qui que ce soit \u2013 le service d\u2019incendie, la famille ou les amis \u2013 \u00e0 moins d\u2019obtenir la permission explicite du client. Cela s\u2019applique avant, pendant et apr\u00e8s le traitement au Centre d\u2019excellence de IAFF . <\/p>\n<\/div>\n\n<div class=\"wp-block-paragraph \">\n<p>Le Centre d\u2019excellence de l\u2019AIP a obtenu le sceau d\u2019or de la Commission mixte pour l\u2019agr\u00e9ment des soins de sant\u00e9 comportementale.<\/p>\n<\/div>\n<\/div><\/section>\n<section\n\t class=\"page-blocks iaff-page-blocks align wp-block-acf-page-blocks\" id=\"page-blocks_block_326d1a72e592d4f43202fe6721c8c370\">\n\t<div class=\"acf-innerblocks-container\">\n<section\n\t class=\"card-grid pt-5 align wp-block-acf-card-grid\" id=\"card-grid_block_e25d8a0af0c2443ebe84704cded3f794\">\n\t\n\t<div class=\"iaff-card-grid md:px-indent\">\n\t\t\t\t<div class=\"acf-innerblocks-container\">\n<article\n\t class=\"link-card flex align wp-block-acf-link-card\" id=\"link-card_block_b118bc0b36660dfc09359e8fd01ca503\">\n\t<a href=\"https:\/\/www.edgewoodhealthnetwork.com\/who-we-help\/iaff-members\/\" target=\"_blank\" class=\"p-0 flex flex-col w-full h-full group no-underline\" rel=\"noopener\">\t<div class=\"bg-halftone-dark p-3 min-h-divider w-full grid place-items-center\"><\/div>\n\t<div class=\"relative px-10 py-9 bg-smoke\/5 text-body-500 flex flex-col gap-card-gap flex-1 transition duration-hover group-hover:bg-white\">\n\t\t\t\t\t<h4 class=\"text-heading-400-serif\">\n\t\t\t\tPour les membres canadiens\t\t\t<\/h4>\n\t\t\t\t<div class=\"relative flex flex-col flex-1 gap-card-gap text-body-500 justify-start min-h-[120px]\">\n\t\t\t\t\t\t\t<div class=\"text-label-100\">\n\t\t\t\t\tEHN Canada\t\t\t\t<\/div>\n\t\t\t\t\t\t\t\t\t\t<div class=\"flex-grow-1 text-body-500\">\n\t\t\t\t\tLes membres canadiens qui cherchent de l\u2019information sur le traitement de la sant\u00e9 comportementale ont maintenant un acc\u00e8s plus facile aux services sp\u00e9cialis\u00e9s et aux tarifs pr\u00e9f\u00e9rentiels offerts par EHN Canada, partenaire de l\u2019AIP .\t\t\t\t<\/div>\n\t\t\t\t\t\t\t\t\t\t<div class=\"mt-auto group-hover\">\n\t\t\t\t\t<!-- Renders the same as core\/button with a specific style -->\n\t<div>\n\t\t\t\t\t<div\n\t\t\t\tclass=\"inline-flex gap-[16px] items-center text-inherit text-button-300 decoration-transparent underline underline-offset-2 transition-colors duration-hover group-hover:decoration-current group-focus-visible:decoration-current\"\n\t\t\t>\n\t\t\t\t<span>\n\t\t\t\t\tEn savoir plus\t\t\t\t<\/span>\n\t\t\t\t<svg xmlns=\"http:\/\/www.w3.org\/2000\/svg\" width=\"15\" height=\"15\" fill=\"none\" viewBox=\"0 0 15 15\"><path stroke=\"currentColor\" stroke-linecap=\"square\" stroke-width=\"2\" d=\"M11.6347 7.49976L1 7.49976\"\/><path stroke=\"currentColor\" stroke-linecap=\"square\" stroke-width=\"2\" d=\"M7.31445 2.13138L12.7061 7.50014L7.31445 12.8689\"\/><\/svg>\t\t\t<\/div>\n\t\t\t<\/div>\n\t\t\t\t<\/div>\n\t\t\t\t\t<\/div>\n\t<\/div>\n\t<\/a><\/article>\n\n\n<article\n\t class=\"link-card flex align wp-block-acf-link-card\" id=\"link-card_block_e44c59c7c77fcbe377ec6e0495f1ff46\">\n\t<a href=\"https:\/\/www.iaff.org\/fr-ca\/aider-un-membre-dans-le-besoin\/\" target=\"_blank\" class=\"p-0 flex flex-col w-full h-full group no-underline\">\t<div class=\"bg-halftone-dark p-3 min-h-divider w-full grid place-items-center\"><\/div>\n\t<div class=\"relative px-10 py-9 bg-smoke\/5 text-body-500 flex flex-col gap-card-gap flex-1 transition duration-hover group-hover:bg-white\">\n\t\t\t\t\t<h4 class=\"text-heading-400-serif\">\n\t\t\t\tMembres en crise\t\t\t<\/h4>\n\t\t\t\t<div class=\"relative flex flex-col flex-1 gap-card-gap text-body-500 justify-start min-h-[120px]\">\n\t\t\t\t\t\t\t\t\t\t<div class=\"flex-grow-1 text-body-500\">\n\t\t\t\t\tSuggestions utiles pour soutenir les membres en situation de crise, y compris des num\u00e9ros de t\u00e9l\u00e9phone d\u2019urgence et des ressources suppl\u00e9mentaires.\t\t\t\t<\/div>\n\t\t\t\t\t\t\t\t\t\t<div class=\"mt-auto group-hover\">\n\t\t\t\t\t<!-- Renders the same as core\/button with a specific style -->\n\t<div>\n\t\t\t\t\t<div\n\t\t\t\tclass=\"inline-flex gap-[16px] items-center text-inherit text-button-300 decoration-transparent underline underline-offset-2 transition-colors duration-hover group-hover:decoration-current group-focus-visible:decoration-current\"\n\t\t\t>\n\t\t\t\t<span>\n\t\t\t\t\tEn savoir plus\t\t\t\t<\/span>\n\t\t\t\t<svg xmlns=\"http:\/\/www.w3.org\/2000\/svg\" width=\"15\" height=\"15\" fill=\"none\" viewBox=\"0 0 15 15\"><path stroke=\"currentColor\" stroke-linecap=\"square\" stroke-width=\"2\" d=\"M11.6347 7.49976L1 7.49976\"\/><path stroke=\"currentColor\" stroke-linecap=\"square\" stroke-width=\"2\" d=\"M7.31445 2.13138L12.7061 7.50014L7.31445 12.8689\"\/><\/svg>\t\t\t<\/div>\n\t\t\t<\/div>\n\t\t\t\t<\/div>\n\t\t\t\t\t<\/div>\n\t<\/div>\n\t<\/a><\/article>\n\n<\/div>\t<\/div>\n\n\t\n<\/section>\n\n<\/div><\/section>\n<section\n\t class=\"page-blocks iaff-page-blocks align wp-block-acf-page-blocks\" id=\"page-blocks_block_326d1a72e592d4f43202fe6721c8c370\">\n\t<div class=\"acf-innerblocks-container\">\n\n<figure class=\"wp-block-gallery has-nested-images columns-default is-cropped wp-block-gallery-1 is-layout-flex wp-block-gallery-is-layout-flex\">\n<figure class=\"wp-block-image size-large\"><img decoding=\"async\" width=\"1024\" height=\"683\" data-id=\"63683\" src=\"https:\/\/www.iaff.org\/wp-content\/uploads\/2024\/02\/Y9A0281-1024x683.jpg\" alt=\"\" class=\"wp-image-63683\" srcset=\"https:\/\/www.iaff.org\/wp-content\/uploads\/2024\/02\/Y9A0281-1024x683.jpg 1024w, https:\/\/www.iaff.org\/wp-content\/uploads\/2024\/02\/Y9A0281-300x200.jpg 300w, https:\/\/www.iaff.org\/wp-content\/uploads\/2024\/02\/Y9A0281-768x512.jpg 768w, https:\/\/www.iaff.org\/wp-content\/uploads\/2024\/02\/Y9A0281-1536x1024.jpg 1536w, https:\/\/www.iaff.org\/wp-content\/uploads\/2024\/02\/Y9A0281-2048x1365.jpg 2048w, https:\/\/www.iaff.org\/wp-content\/uploads\/2024\/02\/Y9A0281-240x160.jpg 240w, https:\/\/www.iaff.org\/wp-content\/uploads\/2024\/02\/Y9A0281-1200x800.jpg 1200w, https:\/\/www.iaff.org\/wp-content\/uploads\/2024\/02\/Y9A0281-1215x810.jpg 1215w\" sizes=\"(max-width: 1024px) 100vw, 1024px\" \/><\/figure>\n\n\n\n<figure class=\"wp-block-image size-large\"><img decoding=\"async\" width=\"1024\" height=\"681\" data-id=\"63687\" src=\"https:\/\/www.iaff.org\/wp-content\/uploads\/2024\/02\/DSC_7108-1024x681.jpg\" alt=\"\" class=\"wp-image-63687\" srcset=\"https:\/\/www.iaff.org\/wp-content\/uploads\/2024\/02\/DSC_7108-1024x681.jpg 1024w, https:\/\/www.iaff.org\/wp-content\/uploads\/2024\/02\/DSC_7108-300x200.jpg 300w, https:\/\/www.iaff.org\/wp-content\/uploads\/2024\/02\/DSC_7108-768x511.jpg 768w, https:\/\/www.iaff.org\/wp-content\/uploads\/2024\/02\/DSC_7108-1536x1022.jpg 1536w, https:\/\/www.iaff.org\/wp-content\/uploads\/2024\/02\/DSC_7108-2048x1363.jpg 2048w, https:\/\/www.iaff.org\/wp-content\/uploads\/2024\/02\/DSC_7108-240x160.jpg 240w, https:\/\/www.iaff.org\/wp-content\/uploads\/2024\/02\/DSC_7108-1202x800.jpg 1202w, https:\/\/www.iaff.org\/wp-content\/uploads\/2024\/02\/DSC_7108-1217x810.jpg 1217w\" sizes=\"(max-width: 1024px) 100vw, 1024px\" \/><\/figure>\n\n\n\n<figure class=\"wp-block-image size-large\"><img decoding=\"async\" width=\"1024\" height=\"684\" data-id=\"63689\" src=\"https:\/\/www.iaff.org\/wp-content\/uploads\/2024\/02\/CFE_111-1024x684.jpg\" alt=\"\" class=\"wp-image-63689\" srcset=\"https:\/\/www.iaff.org\/wp-content\/uploads\/2024\/02\/CFE_111-1024x684.jpg 1024w, https:\/\/www.iaff.org\/wp-content\/uploads\/2024\/02\/CFE_111-300x200.jpg 300w, https:\/\/www.iaff.org\/wp-content\/uploads\/2024\/02\/CFE_111-768x513.jpg 768w, https:\/\/www.iaff.org\/wp-content\/uploads\/2024\/02\/CFE_111-1536x1025.jpg 1536w, https:\/\/www.iaff.org\/wp-content\/uploads\/2024\/02\/CFE_111-2048x1367.jpg 2048w, https:\/\/www.iaff.org\/wp-content\/uploads\/2024\/02\/CFE_111-240x160.jpg 240w, https:\/\/www.iaff.org\/wp-content\/uploads\/2024\/02\/CFE_111-1198x800.jpg 1198w, https:\/\/www.iaff.org\/wp-content\/uploads\/2024\/02\/CFE_111-1213x810.jpg 1213w\" sizes=\"(max-width: 1024px) 100vw, 1024px\" \/><\/figure>\n\n\n\n<figure class=\"wp-block-image size-large\"><img decoding=\"async\" width=\"1024\" height=\"496\" data-id=\"63685\" src=\"https:\/\/www.iaff.org\/wp-content\/uploads\/2024\/02\/DSC_6915-1024x496.jpg\" alt=\"\" class=\"wp-image-63685\" srcset=\"https:\/\/www.iaff.org\/wp-content\/uploads\/2024\/02\/DSC_6915-1024x496.jpg 1024w, https:\/\/www.iaff.org\/wp-content\/uploads\/2024\/02\/DSC_6915-300x145.jpg 300w, https:\/\/www.iaff.org\/wp-content\/uploads\/2024\/02\/DSC_6915-768x372.jpg 768w, https:\/\/www.iaff.org\/wp-content\/uploads\/2024\/02\/DSC_6915-1536x744.jpg 1536w, https:\/\/www.iaff.org\/wp-content\/uploads\/2024\/02\/DSC_6915-2048x992.jpg 2048w, https:\/\/www.iaff.org\/wp-content\/uploads\/2024\/02\/DSC_6915-240x116.jpg 240w, https:\/\/www.iaff.org\/wp-content\/uploads\/2024\/02\/DSC_6915-1256x608.jpg 1256w, https:\/\/www.iaff.org\/wp-content\/uploads\/2024\/02\/DSC_6915-1440x697.jpg 1440w\" sizes=\"(max-width: 1024px) 100vw, 1024px\" \/><\/figure>\n<\/figure>\n\n<\/div><\/section>\n","protected":false},"excerpt":{"rendered":"","protected":false},"featured_media":0,"parent":0,"menu_order":0,"comment_status":"closed","ping_status":"closed","template":"","meta":{"_acf_changed":false,"_searchwp_excluded":"","inline_featured_image":false,"_EventAllDay":false,"_EventTimezone":"","_EventStartDate":"","_EventEndDate":"","_EventStartDateUTC":"","_EventEndDateUTC":"","_EventShowMap":false,"_EventShowMapLink":false,"_EventURL":"","_EventCost":"","_EventCostDescription":"","_EventCurrencySymbol":"","_EventCurrencyCode":"","_EventCurrencyPosition":"","_EventDateTimeSeparator":"","_EventTimeRangeSeparator":"","_EventOrganizerID":[],"_EventVenueID":[],"_OrganizerEmail":"","_OrganizerPhone":"","_OrganizerWebsite":"","_VenueAddress":"","_VenueCity":"","_VenueCountry":"","_VenueProvince":"","_VenueState":"","_VenueZip":"","_VenuePhone":"","_VenueURL":"","_VenueStateProvince":"","_VenueLat":"","_VenueLng":"","_VenueShowMap":false,"_VenueShowMapLink":false,"footnotes":""},"class_list":["post-68717","page","type-page","status-publish","hentry"],"acf":[],"publishpress_future_workflow_manual_trigger":{"enabledWorkflows":[]},"_links":{"self":[{"href":"https:\/\/www.iaff.org\/fr-ca\/wp-json\/wp\/v2\/pages\/68717","targetHints":{"allow":["GET"]}}],"collection":[{"href":"https:\/\/www.iaff.org\/fr-ca\/wp-json\/wp\/v2\/pages"}],"about":[{"href":"https:\/\/www.iaff.org\/fr-ca\/wp-json\/wp\/v2\/types\/page"}],"author":[{"embeddable":true,"href":"https:\/\/www.iaff.org\/fr-ca\/wp-json\/wp\/v2\/users\/5"}],"replies":[{"embeddable":true,"href":"https:\/\/www.iaff.org\/fr-ca\/wp-json\/wp\/v2\/comments?post=68717"}],"version-history":[{"count":0,"href":"https:\/\/www.iaff.org\/fr-ca\/wp-json\/wp\/v2\/pages\/68717\/revisions"}],"wp:attachment":[{"href":"https:\/\/www.iaff.org\/fr-ca\/wp-json\/wp\/v2\/media?parent=68717"}],"curies":[{"name":"wp","href":"https:\/\/api.w.org\/{rel}","templated":true}]}}