{"id":59732,"date":"2021-04-09T11:21:46","date_gmt":"2021-04-09T15:21:46","guid":{"rendered":"https:\/\/iaffredesign.wpengine.com\/frank-v-lima-secretaire-tresorier-general\/"},"modified":"2025-06-20T14:36:04","modified_gmt":"2025-06-20T18:36:04","slug":"frank-v-lima-secretaire-tresorier-general","status":"publish","type":"page","link":"https:\/\/www.iaff.org\/fr-ca\/a-propos-de-nous\/direction\/frank-v-lima-secretaire-tresorier-general\/","title":{"rendered":"Frank V. L\u00edma, Secr\u00e9taire-Tr\u00e9sorier G\u00e9n\u00e9ral"},"content":{"rendered":"<section\n\t class=\"secondary-hero align wp-block-acf-secondary-hero\" id=\"secondary-hero_block_69ed66e2d1f0e96f14d8d91240da3c96\">\n\t\n<header\n\tclass=\"w-full u-bg-full-width px-[22px] md:ps-bleed md:pe-0 py-[60px] bg-smoke-5 text-black u-has-rivets u-rivets-dark\"\n\tdata-theme=\"gray\"\n>\n\t<div class=\"flex flex-col !px-0 !max-w-[1440px] w-full lg:!ps-indent\">\n\t\t<div class=\"border-t-[6px] w-full my-0 flex flex-col md:flex-row gap-x-[62px] gap-y-[22px] border-red\">\n\t\t\t\t\t\t\t<div class=\"relative grid md:order-last md:w-1\/2 overflow-hidden place-items-center max-h-[500px]\">\n\t\t\t\t\t<img decoding=\"async\" width=\"240\" height=\"240\" src=\"https:\/\/www.iaff.org\/wp-content\/uploads\/Frank-Lima-240x240.png\" class=\"max-w-full\" alt=\"\" srcset=\"https:\/\/www.iaff.org\/wp-content\/uploads\/Frank-Lima-240x240.png 240w, https:\/\/www.iaff.org\/wp-content\/uploads\/Frank-Lima-150x150.png 150w, https:\/\/www.iaff.org\/wp-content\/uploads\/Frank-Lima.png 300w\" sizes=\"(max-width: 240px) 100vw, 240px\" \/>\t\t\t\t<\/div>\n\t\t\t\t\t\t<div class=\"w-full md:w-1\/2 md:py-[45px]\">\n\t\t\t\t<div class=\"max-w-[600px] flex flex-col gap-[22px]\">\n\t\t\t\t\t\t\t\t\t\t\t<h1 class=\"has-[.u-halftone-shadow--dark]:mb-divider has-[.u-halftone-shadow--light]:mb-divider\">\n\t\t\t\t\t\t\t<span class=\"inline-flex text-heading-200 u-halftone-shadow--dark\">\n\t\t\t\t\t\t\t\tFrank V. L\u00edma, Secr\u00e9taire-Tr\u00e9sorier G\u00e9n\u00e9ral\t\t\t\t\t\t\t<\/span>\n\t\t\t\t\t\t<\/h1>\n\t\t\t\t\t\t\t\t\t\t\t\t\t\t\t\t<div class=\"text-body-300 font-sans\">\n\t\t\t\t\t\t\t<p>L\u00edma est le 12e Secr\u00e9taire-Tr\u00e9sorier G\u00e9n\u00e9ral de l\u2019AIP<\/p>\n\t\t\t\t\t\t<\/div>\n\t\t\t\t\t\t\t\t\t\t\t\t\t\t\t\t\t\t\t\t\t\t\t\t<\/div>\n\t\t\t<\/div>\n\n\t\t<\/div>\n\t\t\t<\/div>\n<\/header>\n<\/section>\n<section\n\t class=\"page-blocks iaff-page-blocks align wp-block-acf-page-blocks\" id=\"page-blocks_block_ad889d56a1d5bf7eb2b3dc48e0124187\">\n\t<div class=\"acf-innerblocks-container\">\n<div class=\"wp-block-paragraph \">\n<p><\/p>\n<\/div>\n\n\n<h3 class=\"wp-block-heading\">\u00c0 propos du Secr\u00e9taire-Tr\u00e9sorier G\u00e9n\u00e9ral de l\u2019AIP<\/h3>\n\n\n<div class=\"wp-block-paragraph \">\n<p>Frank V. L\u00edma has dedicated his life to family, firefighting and organized labor. As a former professional boxer, current Los Angeles City fire captain and life-long grassroots labor leader, he lives by his personal credo, \u201cUNITE, FIGHT and ORGANIZE.\u201d<\/p>\n<\/div>\n\n<div class=\"wp-block-paragraph \">\n<p>Growing up in Los Angeles, California, Lima has worked three jobs in his life \u2013 all union jobs \u2013 as a truck driver, a building trades carpenter apprentice and a fire fighter for the Los Angeles City Fire Department (LAFD), which he joined in 1992.<\/p>\n<\/div>\n\n<div class=\"wp-block-paragraph \">\n<p>Embauch\u00e9 dans son emploi de r\u00eave au LAFD \u00e0 l\u2019\u00e2ge de 19 ans, il a commenc\u00e9 sa carri\u00e8re comme fier pompier syndiqu\u00e9 de la section locale 112 de la Ville de Los Angeles, travaillant dans l\u2019une des casernes les plus occup\u00e9es du pays.<\/p>\n<\/div>\n\n<div class=\"wp-block-paragraph \">\n<p>He rose through the ranks of the LAFD as a fire fighter, apparatus operator, engine captain and for the past 20 plusyears a truck company captain. He worked in specialized companies, including hazardous materials and Urban Search and Rescue (USAR). He was deployed to New York City on September 11 to work as a rescue worker at ground zero after the terrorist attacks, along with another deployment to Hurricane Katrina in August 2005. Now, in his third decade of service, L\u00edma continues to be active in the field, picking up shifts at fire stations throughout Los Angeles.<\/p>\n<\/div>\n\n<div class=\"wp-block-paragraph \">\n<p>Une fois au travail, M. L\u00edma a vu la diff\u00e9rence que le syndicat a faite dans la vie de ses cons\u0153urs et de ses confr\u00e8res et a r\u00e9pondu \u00e0 l\u2019appel du leadership syndical, o\u00f9 il a \u00e9t\u00e9 en mesure de mieux prot\u00e9ger les pompiers en faisant progresser la l\u00e9gislation, en n\u00e9gociant des contrats solides, en prot\u00e9geant la s\u00e9curit\u00e9 de la retraite des membres et en exer\u00e7ant avec succ\u00e8s des pressions pour d\u00e9mettre de ses fonctions un chef des pompiers hostile et antisyndical qui a trahi nos membres pendant une r\u00e9cession financi\u00e8re. Son activisme au sein du syndicat a commenc\u00e9 apr\u00e8s que son emploi eut \u00e9t\u00e9 menac\u00e9 et qu\u2019il ait presque \u00e9t\u00e9 cong\u00e9di\u00e9 \u00e0 cause de fausses accusations d\u2019un chef des pompiers vindicatif. M. L\u00edma n\u2019a jamais eu peur de se battre, mais cette exp\u00e9rience lui a appris directement la valeur du syndicat et, surtout, l\u2019a amen\u00e9 \u00e0 consacrer le reste de sa carri\u00e8re \u00e0 lutter au sein des services d\u2019incendie pour prot\u00e9ger les autres pompiers syndicaux \u00e9tant injustement attaqu\u00e9s.<\/p>\n<\/div>\n\n<div class=\"wp-block-paragraph \">\n<p>Tout comme il a travaill\u00e9 et gagn\u00e9 sa place dans les rangs du LAFD, M. L\u00edma a fait preuve du m\u00eame d\u00e9vouement dans son travail au syndicat, d\u2019abord en tant que d\u00e9l\u00e9gu\u00e9 syndical de caserne, puis \u00e9lu au Conseil ex\u00e9cutif de la section locale 112 des Pompiers solidaires de la Ville de Los Angeles (UFLAC), en tant que directeur, vice-pr\u00e9sident, n\u00e9gociateur en chef et \u00e9ventuellement pr\u00e9sident en 2012.<\/p>\n<\/div>\n\n<div class=\"wp-block-paragraph \">\n<p>As Local 112 president, L\u00edma led the effort resulting in pay parity with Los Angeles police, as well as a fight against the cell phone industry, stopping a plan to put cell phone towers at firehouses, which would have jeopardized the health and safety of our members. That victory is now the model for all IAFF locals who have opposed towers at their firehouses. As president of Local 112, L\u00edma brought solidarity and unity to a divided local and became one of the most battle-tested union presidents in the history of UFLAC and the IAFF.<\/p>\n<\/div>\n\n<div class=\"wp-block-paragraph \">\n<p>Local 112\u2019s assets increased by over 200% under L\u00edma\u2019s transparent, fiscally prudent leadership. He also served as a vice president for the California Professional Firefighters (CPF) and is very supportive of the state and provincial associations. He has served for over 12 years as an elected Executive Board vice president of the Los Angeles County Federation of Labor AFL-CIO, one of the largest and most diverse county labor councils in America. L\u00edma continues to be active on the California State Board of Fire Services, a Board that he was appointed to by both Governor Brown and Governor Newsom. He still serves as a principal member of the NFPA 1710 Technical Committee for career fire fighters.<\/p>\n<\/div>\n\n<div class=\"wp-block-paragraph \">\n<p>En 2016, M. L\u00edma a \u00e9t\u00e9 \u00e9lu \u00e0 l\u2019unanimit\u00e9 au poste de vice-pr\u00e9sident du 10e district de l\u2019AIP, o\u00f9 il a r\u00e9uni des membres de la Californie, d\u2019Hawa\u00ef, du Nouveau-Mexique, de l\u2019Arizona et de Guam, repr\u00e9sentant le plus grand district de l\u2019AIP. Dans le cadre de cet emploi, il a repr\u00e9sent\u00e9 des membres de l\u2019AIP dans des \u00c9tats o\u00f9 la n\u00e9gociation collective est possible et dans des \u00c9tats de droit au travail antisyndicaux et o\u00f9 la n\u00e9gociation collective est interdite, ainsi que des membres du secteur priv\u00e9. M. L\u00edma a men\u00e9 l\u2019une des campagnes de gr\u00e8ve contre des sanctions les plus puissantes et victorieuses de l\u2019AIP au cours des 25 derni\u00e8res ann\u00e9es, en collaboration avec d\u2019autres syndicats ouvriers, des politiciens, la famille canadienne de l\u2019AIP et des m\u00e9diateurs f\u00e9d\u00e9raux qui ont fait preuve de solidarit\u00e9 et qui \u00e9taient pr\u00eats \u00e0 faire fermer un grand a\u00e9roport pour obtenir un contrat \u00e9quitable pour une section locale de 17 membres parce qu\u2019aucune section locale n\u2019est laiss\u00e9e pour compte sous sa gouverne.<\/p>\n<\/div>\n\n<div class=\"wp-block-paragraph \">\n<p>M. L\u00edma a toujours cru en la solidarit\u00e9 syndicale et a appris d\u00e8s son plus jeune \u00e2ge que le mouvement syndical doit se faire dans tous les secteurs pour maximiser son v\u00e9ritable pouvoir en tant que coalition de familles de travailleurs. C\u2019est pourquoi il a contribu\u00e9 \u00e0 diriger et \u00e0 organiser un rassemblement \u00e0 l\u2019appui de l\u2019Union des enseignants de Los Angeles (UTLA) lors d\u2019une conf\u00e9rence de formation de l\u2019AIP \u00e0 Los Angeles, o\u00f9 1 800 pompiers ont manifest\u00e9 en faveur des enseignants pour leur faire savoir que le mouvement syndical et que les pompiers de l\u2019AIP \u00e9taient \u00e0 leurs c\u00f4t\u00e9s. \u00c0 peine quelques mois plus tard, l\u2019UTLA a obtenu un contrat \u00e0 long terme pour plus de 35 000 enseignants d\u2019\u00e9coles publiques avec le District scolaire unifi\u00e9 de la Ville de Los Angeles (LAUSD).<\/p>\n<\/div>\n\n<div class=\"wp-block-paragraph \">\n<p>Since taking office in 2021, L\u00edma has brought increased accountability to the IAFF\u2019s finances. This includes achieving clean audits from an independent auditor for the fiscal years of 2022, 23 and 24. He has also been instrumental in creating a procurement policy to ensure fair and competitive pricing for IAFF purchases. As GST, he spearheaded the first-ever reform of the IAFF employee pension funds, an effort that is projected to save $75 million over the next 25 years.<\/p>\n<\/div>\n\n<div class=\"wp-block-paragraph \">\n<p>L\u00edma\u2019s work on the frontlines for our members during floods and wildland disasters has provided much-needed disaster relief assistance to IAFF families. He has also expanded our IAFF by organizing dozens of new affiliates, bringing in hundreds of new members. He\u2019s also successfully fought to get IAFF union leaders their jobs back after they were unfairly terminated for protected union activity. L\u00edma was honored to serve as an Electoral College voter in the \u00a02020 and 2024 U.S. presidential elections &#8211; the first IAFF member ever to serve in this capacity. He was also elected to serve as the secretary of the California Electoral College by his peers. In his spare time, you might find him walking a picket line supporting union workers, running, playing handball, camping or gardening.<\/p>\n<\/div>\n\n<div class=\"wp-block-paragraph \">\n<p>L\u00edma is able to do all this work on behalf of our union because of the incredible love and support provided to him by his beautiful wife, Lisa, four children \u2013 Nico, Sophia, Lucia, Joey \u2013 and grandsons Lorenzo and Frankie.<\/p>\n<\/div>\n\n<div class=\"wp-block-paragraph \">\n<p>L\u00edma is humbled and honored to serve as \u00a0the 12th General Secretary-Treasurer in the history of the IAFF. He is committed to continue leading the office and our International with integrity, transparency and fiscal prudence on behalf of all IAFF members.<\/p>\n<\/div>\n<\/div><\/section>\n<section\n\t class=\"page-blocks iaff-page-blocks align wp-block-acf-page-blocks\" id=\"page-blocks_block_ad889d56a1d5bf7eb2b3dc48e0124187\">\n\t<div class=\"acf-innerblocks-container\">\n\n<h3 class=\"wp-block-heading\">Follow the GST on Social Media<\/h3>\n\n<\/div><\/section>\n\n<ul class=\"wp-block-social-links is-style-pill-shape is-content-justification-center is-layout-flex wp-container-core-social-links-is-layout-16018d1d wp-block-social-links-is-layout-flex\"><li class=\"wp-social-link wp-social-link-facebook  wp-block-social-link\"><a rel=\"noopener nofollow\" target=\"_blank\" href=\"https:\/\/www.facebook.com\/IAFFGSTLima\" class=\"wp-block-social-link-anchor\"><svg width=\"24\" height=\"24\" viewBox=\"0 0 24 24\" version=\"1.1\" xmlns=\"http:\/\/www.w3.org\/2000\/svg\" aria-hidden=\"true\" focusable=\"false\"><path d=\"M12 2C6.5 2 2 6.5 2 12c0 5 3.7 9.1 8.4 9.9v-7H7.9V12h2.5V9.8c0-2.5 1.5-3.9 3.8-3.9 1.1 0 2.2.2 2.2.2v2.5h-1.3c-1.2 0-1.6.8-1.6 1.6V12h2.8l-.4 2.9h-2.3v7C18.3 21.1 22 17 22 12c0-5.5-4.5-10-10-10z\"><\/path><\/svg><span class=\"wp-block-social-link-label screen-reader-text\">Facebook<\/span><\/a><\/li>\n\n<li class=\"wp-social-link wp-social-link-instagram  wp-block-social-link\"><a rel=\"noopener nofollow\" target=\"_blank\" href=\"https:\/\/www.instagram.com\/iaffgstlima\/\" class=\"wp-block-social-link-anchor\"><svg width=\"24\" height=\"24\" viewBox=\"0 0 24 24\" version=\"1.1\" xmlns=\"http:\/\/www.w3.org\/2000\/svg\" aria-hidden=\"true\" focusable=\"false\"><path d=\"M12,4.622c2.403,0,2.688,0.009,3.637,0.052c0.877,0.04,1.354,0.187,1.671,0.31c0.42,0.163,0.72,0.358,1.035,0.673 c0.315,0.315,0.51,0.615,0.673,1.035c0.123,0.317,0.27,0.794,0.31,1.671c0.043,0.949,0.052,1.234,0.052,3.637 s-0.009,2.688-0.052,3.637c-0.04,0.877-0.187,1.354-0.31,1.671c-0.163,0.42-0.358,0.72-0.673,1.035 c-0.315,0.315-0.615,0.51-1.035,0.673c-0.317,0.123-0.794,0.27-1.671,0.31c-0.949,0.043-1.233,0.052-3.637,0.052 s-2.688-0.009-3.637-0.052c-0.877-0.04-1.354-0.187-1.671-0.31c-0.42-0.163-0.72-0.358-1.035-0.673 c-0.315-0.315-0.51-0.615-0.673-1.035c-0.123-0.317-0.27-0.794-0.31-1.671C4.631,14.688,4.622,14.403,4.622,12 s0.009-2.688,0.052-3.637c0.04-0.877,0.187-1.354,0.31-1.671c0.163-0.42,0.358-0.72,0.673-1.035 c0.315-0.315,0.615-0.51,1.035-0.673c0.317-0.123,0.794-0.27,1.671-0.31C9.312,4.631,9.597,4.622,12,4.622 M12,3 C9.556,3,9.249,3.01,8.289,3.054C7.331,3.098,6.677,3.25,6.105,3.472C5.513,3.702,5.011,4.01,4.511,4.511 c-0.5,0.5-0.808,1.002-1.038,1.594C3.25,6.677,3.098,7.331,3.054,8.289C3.01,9.249,3,9.556,3,12c0,2.444,0.01,2.751,0.054,3.711 c0.044,0.958,0.196,1.612,0.418,2.185c0.23,0.592,0.538,1.094,1.038,1.594c0.5,0.5,1.002,0.808,1.594,1.038 c0.572,0.222,1.227,0.375,2.185,0.418C9.249,20.99,9.556,21,12,21s2.751-0.01,3.711-0.054c0.958-0.044,1.612-0.196,2.185-0.418 c0.592-0.23,1.094-0.538,1.594-1.038c0.5-0.5,0.808-1.002,1.038-1.594c0.222-0.572,0.375-1.227,0.418-2.185 C20.99,14.751,21,14.444,21,12s-0.01-2.751-0.054-3.711c-0.044-0.958-0.196-1.612-0.418-2.185c-0.23-0.592-0.538-1.094-1.038-1.594 c-0.5-0.5-1.002-0.808-1.594-1.038c-0.572-0.222-1.227-0.375-2.185-0.418C14.751,3.01,14.444,3,12,3L12,3z M12,7.378 c-2.552,0-4.622,2.069-4.622,4.622S9.448,16.622,12,16.622s4.622-2.069,4.622-4.622S14.552,7.378,12,7.378z M12,15 c-1.657,0-3-1.343-3-3s1.343-3,3-3s3,1.343,3,3S13.657,15,12,15z M16.804,6.116c-0.596,0-1.08,0.484-1.08,1.08 s0.484,1.08,1.08,1.08c0.596,0,1.08-0.484,1.08-1.08S17.401,6.116,16.804,6.116z\"><\/path><\/svg><span class=\"wp-block-social-link-label screen-reader-text\">Instagram<\/span><\/a><\/li>\n\n<li class=\"wp-social-link wp-social-link-x  wp-block-social-link\"><a rel=\"noopener nofollow\" target=\"_blank\" href=\"https:\/\/twitter.com\/IAFFGSTLima\" class=\"wp-block-social-link-anchor\"><svg width=\"24\" height=\"24\" viewBox=\"0 0 24 24\" version=\"1.1\" xmlns=\"http:\/\/www.w3.org\/2000\/svg\" aria-hidden=\"true\" focusable=\"false\"><path d=\"M13.982 10.622 20.54 3h-1.554l-5.693 6.618L8.745 3H3.5l6.876 10.007L3.5 21h1.554l6.012-6.989L15.868 21h5.245l-7.131-10.378Zm-2.128 2.474-.697-.997-5.543-7.93H8l4.474 6.4.697.996 5.815 8.318h-2.387l-4.745-6.787Z\" \/><\/svg><span class=\"wp-block-social-link-label screen-reader-text\">X<\/span><\/a><\/li><\/ul>\n","protected":false},"excerpt":{"rendered":"","protected":false},"featured_media":0,"parent":77151,"menu_order":0,"comment_status":"closed","ping_status":"closed","template":"","meta":{"_acf_changed":false,"_searchwp_excluded":"","inline_featured_image":false,"_EventAllDay":false,"_EventTimezone":"","_EventStartDate":"","_EventEndDate":"","_EventStartDateUTC":"","_EventEndDateUTC":"","_EventShowMap":false,"_EventShowMapLink":false,"_EventURL":"","_EventCost":"","_EventCostDescription":"","_EventCurrencySymbol":"","_EventCurrencyCode":"","_EventCurrencyPosition":"","_EventDateTimeSeparator":"","_EventTimeRangeSeparator":"","_EventOrganizerID":[],"_EventVenueID":[],"_OrganizerEmail":"","_OrganizerPhone":"","_OrganizerWebsite":"","_VenueAddress":"","_VenueCity":"","_VenueCountry":"","_VenueProvince":"","_VenueState":"","_VenueZip":"","_VenuePhone":"","_VenueURL":"","_VenueStateProvince":"","_VenueLat":"","_VenueLng":"","_VenueShowMap":false,"_VenueShowMapLink":false,"footnotes":""},"class_list":["post-59732","page","type-page","status-publish","hentry"],"acf":[],"publishpress_future_workflow_manual_trigger":{"enabledWorkflows":[]},"_links":{"self":[{"href":"https:\/\/www.iaff.org\/fr-ca\/wp-json\/wp\/v2\/pages\/59732","targetHints":{"allow":["GET"]}}],"collection":[{"href":"https:\/\/www.iaff.org\/fr-ca\/wp-json\/wp\/v2\/pages"}],"about":[{"href":"https:\/\/www.iaff.org\/fr-ca\/wp-json\/wp\/v2\/types\/page"}],"author":[{"embeddable":true,"href":"https:\/\/www.iaff.org\/fr-ca\/wp-json\/wp\/v2\/users\/10"}],"replies":[{"embeddable":true,"href":"https:\/\/www.iaff.org\/fr-ca\/wp-json\/wp\/v2\/comments?post=59732"}],"version-history":[{"count":0,"href":"https:\/\/www.iaff.org\/fr-ca\/wp-json\/wp\/v2\/pages\/59732\/revisions"}],"up":[{"embeddable":true,"href":"https:\/\/www.iaff.org\/fr-ca\/wp-json\/wp\/v2\/pages\/77151"}],"wp:attachment":[{"href":"https:\/\/www.iaff.org\/fr-ca\/wp-json\/wp\/v2\/media?parent=59732"}],"curies":[{"name":"wp","href":"https:\/\/api.w.org\/{rel}","templated":true}]}}