{"id":59368,"date":"2019-08-15T14:24:55","date_gmt":"2019-08-15T18:24:55","guid":{"rendered":"https:\/\/iaffredesign.wpengine.com\/publicites\/"},"modified":"2026-02-20T14:31:57","modified_gmt":"2026-02-20T19:31:57","slug":"publicites","status":"publish","type":"page","link":"https:\/\/www.iaff.org\/fr-ca\/publicites\/","title":{"rendered":"Publicit\u00e9"},"content":{"rendered":"<section\n\t class=\"secondary-hero align wp-block-acf-secondary-hero\" id=\"secondary-hero_block_3487ed2ae9a125d929a33e337aeead00\">\n\t\n<header\n\tclass=\"w-full u-bg-full-width px-[22px] md:ps-bleed md:pe-0 py-[60px] bg-smoke-5 text-black u-has-rivets u-rivets-dark\"\n\tdata-theme=\"gray\"\n>\n\t<div class=\"flex flex-col !px-0 !max-w-[1440px] w-full lg:!ps-indent\">\n\t\t<div class=\"border-t-[6px] w-full my-0 flex flex-col md:flex-row gap-x-[62px] gap-y-[22px] border-red\">\n\t\t\t\t\t\t\t<div class=\"relative grid md:order-last md:w-1\/2 overflow-hidden place-items-center aspect-[157\/105]\">\n\t\t\t\t\t<img decoding=\"async\" width=\"1067\" height=\"800\" src=\"https:\/\/www.iaff.org\/wp-content\/uploads\/2024\/02\/guystrucks-1-1067x800.jpg\" class=\"absolute object-cover min-w-full h-full\" alt=\"\" srcset=\"https:\/\/www.iaff.org\/wp-content\/uploads\/2024\/02\/guystrucks-1-1067x800.jpg 1067w, https:\/\/www.iaff.org\/wp-content\/uploads\/2024\/02\/guystrucks-1-300x225.jpg 300w, https:\/\/www.iaff.org\/wp-content\/uploads\/2024\/02\/guystrucks-1-1024x768.jpg 1024w, https:\/\/www.iaff.org\/wp-content\/uploads\/2024\/02\/guystrucks-1-768x576.jpg 768w, https:\/\/www.iaff.org\/wp-content\/uploads\/2024\/02\/guystrucks-1-1536x1152.jpg 1536w, https:\/\/www.iaff.org\/wp-content\/uploads\/2024\/02\/guystrucks-1-240x180.jpg 240w, https:\/\/www.iaff.org\/wp-content\/uploads\/2024\/02\/guystrucks-1-1080x810.jpg 1080w, https:\/\/www.iaff.org\/wp-content\/uploads\/2024\/02\/guystrucks-1.jpg 2048w\" sizes=\"(max-width: 1067px) 100vw, 1067px\" \/>\t\t\t\t<\/div>\n\t\t\t\t\t\t<div class=\"w-full md:w-1\/2 md:py-[45px]\">\n\t\t\t\t<div class=\"max-w-[600px] flex flex-col gap-[22px]\">\n\t\t\t\t\t\t\t\t\t\t\t<h1 class=\"has-[.u-halftone-shadow--dark]:mb-divider has-[.u-halftone-shadow--light]:mb-divider\">\n\t\t\t\t\t\t\t<span class=\"inline-flex text-heading-200 u-halftone-shadow--dark\">\n\t\t\t\t\t\t\t\tPublicit\u00e9\t\t\t\t\t\t\t<\/span>\n\t\t\t\t\t\t<\/h1>\n\t\t\t\t\t\t\t\t\t\t\t\t\t\t\t\t<div class=\"text-body-300 font-sans\">\n\t\t\t\t\t\t\t<p>\u00cates-vous pr\u00eat \u00e0 renforcer la pr\u00e9sence de votre marque au sein de la communaut\u00e9 des pompiers? Nous offrons une ligne directe \u00e0 pr\u00e8s de 350 000 membres de l\u2019AIP sur notre site web et dans le magazine Fire Fighter International.   <\/p>\n<p>En positionnant votre marque \u00e0 l\u2019avant-garde de la communaut\u00e9 des pompiers, vous aurez un impact durable et \u00e9tablirez des liens significatifs avec les hommes et les femmes que vous devez atteindre.<\/p>\n\t\t\t\t\t\t<\/div>\n\t\t\t\t\t\t\t\t\t\t\t\t\t\t\t\t\t\t\t\t\t\t\t\t\t\t\t<div class=\"flex flex-wrap gap-[30px]\">\n\t\t\t\t\t\t\t\t\t\t\t\t\t\t\t<!-- Renders the same as core\/button with a specific style -->\n\t<div\n\t\tclass=\"wp-block-button track-button-primary is-style-secondary-red\"\n\t>\n\t\t<a\n\t\t\tclass=\"wp-block-button__link wp-element-button cursor-pointer dlm-no-xhr-download track-hero-secondary-cta md:w-auto min-w-[156px]\"\n\t\t\t\t\t\t\thref=\"mailto:advertising@iaff.org\"\n\t\t\t\t\t\t\t\t\t>\n\t\t\tCONTACTEZ-NOUS\t\t<\/a>\n\t<\/div>\n\t\t\t\t\t\t\t\t\t\t\t\t\t\t\t<!-- Renders the same as core\/button with a specific style -->\n\t<div\n\t\tclass=\"wp-block-button track-button-primary is-style-secondary-red\"\n\t>\n\t\t<a\n\t\t\tclass=\"wp-block-button__link wp-element-button cursor-pointer dlm-no-xhr-download track-hero-secondary-cta md:w-auto min-w-[156px]\"\n\t\t\t\t\t\t\thref=\"mailto:sponsorship@iaff.org\"\n\t\t\t\t\t\t\t\t\t>\n\t\t\tPARRAINER UN \u00c9V\u00c9NEMENT DE L\u2019AIP\t\t<\/a>\n\t<\/div>\n\t\t\t\t\t\t\t\t\t\t\t\t\t\t\t<!-- Renders the same as core\/button with a specific style -->\n\t<div\n\t\tclass=\"wp-block-button track-button-primary is-style-secondary-red\"\n\t>\n\t\t<a\n\t\t\tclass=\"wp-block-button__link wp-element-button cursor-pointer dlm-no-xhr-download track-hero-secondary-cta md:w-auto min-w-[156px]\"\n\t\t\t\t\t\t\thref=\"https:\/\/www.iaff.org\/wp-content\/uploads\/2026\/02\/IAFF-Media-Kit-2026-02-20.pdf\"\n\t\t\t\t\t\t\t\t\ttarget=\"_blank\"\n\t\t\t\t\trel=\"nofollow noopener\"\n\t\t\t\t\t\t\t\t\t>\n\t\t\tKit m\u00e9dia 2026\t\t<\/a>\n\t<\/div>\n\t\t\t\t\t\t\t\t\t\t\t\t\t<\/div>\n\t\t\t\t\t\t\t\t\t\t\t\t\t\t<\/div>\n\t\t\t<\/div>\n\n\t\t<\/div>\n\t\t\t<\/div>\n<\/header>\n<\/section>\n","protected":false},"excerpt":{"rendered":"","protected":false},"featured_media":0,"parent":0,"menu_order":0,"comment_status":"closed","ping_status":"closed","template":"","meta":{"_acf_changed":false,"_searchwp_excluded":"","inline_featured_image":false,"_EventAllDay":false,"_EventTimezone":"","_EventStartDate":"","_EventEndDate":"","_EventStartDateUTC":"","_EventEndDateUTC":"","_EventShowMap":false,"_EventShowMapLink":false,"_EventURL":"","_EventCost":"","_EventCostDescription":"","_EventCurrencySymbol":"","_EventCurrencyCode":"","_EventCurrencyPosition":"","_EventDateTimeSeparator":"","_EventTimeRangeSeparator":"","_EventOrganizerID":[],"_EventVenueID":[],"_OrganizerEmail":"","_OrganizerPhone":"","_OrganizerWebsite":"","_VenueAddress":"","_VenueCity":"","_VenueCountry":"","_VenueProvince":"","_VenueState":"","_VenueZip":"","_VenuePhone":"","_VenueURL":"","_VenueStateProvince":"","_VenueLat":"","_VenueLng":"","_VenueShowMap":false,"_VenueShowMapLink":false,"footnotes":""},"class_list":["post-59368","page","type-page","status-publish","hentry"],"acf":[],"publishpress_future_workflow_manual_trigger":{"enabledWorkflows":[]},"_links":{"self":[{"href":"https:\/\/www.iaff.org\/fr-ca\/wp-json\/wp\/v2\/pages\/59368","targetHints":{"allow":["GET"]}}],"collection":[{"href":"https:\/\/www.iaff.org\/fr-ca\/wp-json\/wp\/v2\/pages"}],"about":[{"href":"https:\/\/www.iaff.org\/fr-ca\/wp-json\/wp\/v2\/types\/page"}],"author":[{"embeddable":true,"href":"https:\/\/www.iaff.org\/fr-ca\/wp-json\/wp\/v2\/users\/5"}],"replies":[{"embeddable":true,"href":"https:\/\/www.iaff.org\/fr-ca\/wp-json\/wp\/v2\/comments?post=59368"}],"version-history":[{"count":0,"href":"https:\/\/www.iaff.org\/fr-ca\/wp-json\/wp\/v2\/pages\/59368\/revisions"}],"wp:attachment":[{"href":"https:\/\/www.iaff.org\/fr-ca\/wp-json\/wp\/v2\/media?parent=59368"}],"curies":[{"name":"wp","href":"https:\/\/api.w.org\/{rel}","templated":true}]}}