{"id":122235,"date":"2026-03-18T12:05:22","date_gmt":"2026-03-18T16:05:22","guid":{"rendered":"https:\/\/www.iaff.org\/operations-terrestres-fondees-sur-des-preuves-de-liaff\/sensibilisation-aux-operations-terrestres-fondees-sur-les-incendies-fondees-sur-des-donnees-probantes\/"},"modified":"2026-03-25T13:53:42","modified_gmt":"2026-03-25T17:53:42","slug":"sensibilisation-aux-operations-terrestres-fondees-sur-les-incendies-fondees-sur-des-donnees-probantes","status":"publish","type":"page","link":"https:\/\/www.iaff.org\/fr-ca\/operations-terrestres-fondees-sur-des-preuves-de-liaff\/sensibilisation-aux-operations-terrestres-fondees-sur-les-incendies-fondees-sur-des-donnees-probantes\/","title":{"rendered":"Sensibilisation aux op\u00e9rations terrestres fond\u00e9es sur les incendies fond\u00e9es sur des donn\u00e9es probantes"},"content":{"rendered":"","protected":false},"excerpt":{"rendered":"<p>Con\u00e7u pour les pompiers, les officiers de compagnie, les officiers de formation et les chefs d\u2019officier, ce cours en personne explore comment la dynamique du feu, la construction des b\u00e2timents [&hellip;]<\/p>\n","protected":false},"featured_media":0,"parent":122229,"menu_order":0,"comment_status":"closed","ping_status":"closed","template":"","meta":{"_acf_changed":false,"_searchwp_excluded":"","inline_featured_image":false,"_EventAllDay":false,"_EventTimezone":"","_EventStartDate":"","_EventEndDate":"","_EventStartDateUTC":"","_EventEndDateUTC":"","_EventShowMap":false,"_EventShowMapLink":false,"_EventURL":"","_EventCost":"","_EventCostDescription":"","_EventCurrencySymbol":"","_EventCurrencyCode":"","_EventCurrencyPosition":"","_EventDateTimeSeparator":"","_EventTimeRangeSeparator":"","_EventOrganizerID":[],"_EventVenueID":[],"_OrganizerEmail":"","_OrganizerPhone":"","_OrganizerWebsite":"","_VenueAddress":"","_VenueCity":"","_VenueCountry":"","_VenueProvince":"","_VenueState":"","_VenueZip":"","_VenuePhone":"","_VenueURL":"","_VenueStateProvince":"","_VenueLat":"","_VenueLng":"","_VenueShowMap":false,"_VenueShowMapLink":false,"footnotes":""},"class_list":["post-122235","page","type-page","status-publish","hentry"],"acf":[],"publishpress_future_workflow_manual_trigger":{"enabledWorkflows":[]},"_links":{"self":[{"href":"https:\/\/www.iaff.org\/fr-ca\/wp-json\/wp\/v2\/pages\/122235","targetHints":{"allow":["GET"]}}],"collection":[{"href":"https:\/\/www.iaff.org\/fr-ca\/wp-json\/wp\/v2\/pages"}],"about":[{"href":"https:\/\/www.iaff.org\/fr-ca\/wp-json\/wp\/v2\/types\/page"}],"author":[{"embeddable":true,"href":"https:\/\/www.iaff.org\/fr-ca\/wp-json\/wp\/v2\/users\/3"}],"replies":[{"embeddable":true,"href":"https:\/\/www.iaff.org\/fr-ca\/wp-json\/wp\/v2\/comments?post=122235"}],"version-history":[{"count":6,"href":"https:\/\/www.iaff.org\/fr-ca\/wp-json\/wp\/v2\/pages\/122235\/revisions"}],"predecessor-version":[{"id":122855,"href":"https:\/\/www.iaff.org\/fr-ca\/wp-json\/wp\/v2\/pages\/122235\/revisions\/122855"}],"up":[{"embeddable":true,"href":"https:\/\/www.iaff.org\/fr-ca\/wp-json\/wp\/v2\/pages\/122229"}],"wp:attachment":[{"href":"https:\/\/www.iaff.org\/fr-ca\/wp-json\/wp\/v2\/media?parent=122235"}],"curies":[{"name":"wp","href":"https:\/\/api.w.org\/{rel}","templated":true}]}}