{"id":119487,"date":"2026-01-13T16:43:10","date_gmt":"2026-01-13T21:43:10","guid":{"rendered":"https:\/\/www.iaff.org\/?page_id=119487"},"modified":"2026-02-25T12:58:04","modified_gmt":"2026-02-25T17:58:04","slug":"strive-voyage-hebergement","status":"publish","type":"page","link":"https:\/\/www.iaff.org\/fr-ca\/efforcez-vous\/strive-voyage-hebergement\/","title":{"rendered":"Strive : Foire aux questions"},"content":{"rendered":"<section\n\t class=\"secondary-hero align wp-block-acf-secondary-hero\" id=\"secondary-hero_block_0603df7de4036b61960f0b90dff23eb2\">\n\t\n<header\n\tclass=\"w-full u-bg-full-width px-[22px] md:ps-bleed md:pe-0 py-[60px] bg-smoke-5 text-black u-has-rivets u-rivets-dark\"\n\tdata-theme=\"gray\"\n>\n\t<div class=\"flex flex-col !px-0 !max-w-[1440px] w-full lg:!ps-indent\">\n\t\t<div class=\"border-t-[6px] w-full my-0 flex flex-col md:flex-row gap-x-[62px] gap-y-[22px] border-red\">\n\t\t\t\t\t\t\t<div class=\"relative grid md:order-last md:w-1\/2 overflow-hidden place-items-center aspect-[157\/105]\">\n\t\t\t\t\t<img decoding=\"async\" width=\"1200\" height=\"800\" src=\"https:\/\/www.iaff.org\/wp-content\/uploads\/2026\/01\/KT-3985.jpg\" class=\"absolute object-cover min-w-full h-full\" alt=\"\" srcset=\"https:\/\/www.iaff.org\/wp-content\/uploads\/2026\/01\/KT-3985.jpg 1200w, https:\/\/www.iaff.org\/wp-content\/uploads\/2026\/01\/KT-3985-300x200.jpg 300w, https:\/\/www.iaff.org\/wp-content\/uploads\/2026\/01\/KT-3985-1024x683.jpg 1024w, https:\/\/www.iaff.org\/wp-content\/uploads\/2026\/01\/KT-3985-768x512.jpg 768w, https:\/\/www.iaff.org\/wp-content\/uploads\/2026\/01\/KT-3985-240x160.jpg 240w\" sizes=\"(max-width: 1200px) 100vw, 1200px\" \/>\t\t\t\t<\/div>\n\t\t\t\t\t\t<div class=\"w-full md:w-1\/2 md:py-[45px]\">\n\t\t\t\t<div class=\"max-w-[600px] flex flex-col gap-[22px]\">\n\t\t\t\t\t\t\t\t\t\t\t<h1 class=\"has-[.u-halftone-shadow--dark]:mb-divider has-[.u-halftone-shadow--light]:mb-divider\">\n\t\t\t\t\t\t\t<span class=\"inline-flex text-heading-200 u-halftone-shadow--dark\">\n\t\t\t\t\t\t\t\tFAQ\t\t\t\t\t\t\t<\/span>\n\t\t\t\t\t\t<\/h1>\n\t\t\t\t\t\t\t\t\t\t\t\t\t\t\t\t<div class=\"text-body-300 font-sans\">\n\t\t\t\t\t\t\t<p>Vous avez des questions sur le Sommet Strive for Excellence? Notre FAQ couvre les bases. Pour tout le reste, appuyez sur le bouton ci-dessous pour nous envoyer un courriel.  <\/p>\n\t\t\t\t\t\t<\/div>\n\t\t\t\t\t\t\t\t\t\t\t\t\t\t\t\t\t\t\t\t\t\t\t\t\t\t\t<div class=\"flex flex-wrap gap-[30px]\">\n\t\t\t\t\t\t\t\t\t\t\t\t\t\t\t<!-- Renders the same as core\/button with a specific style -->\n\t<div\n\t\tclass=\"wp-block-button track-button-primary is-style-primary-red\"\n\t>\n\t\t<a\n\t\t\tclass=\"wp-block-button__link wp-element-button cursor-pointer dlm-no-xhr-download track-hero-secondary-cta md:w-auto min-w-[156px]\"\n\t\t\t\t\t\t\thref=\"mailto:events@iaff.org\"\n\t\t\t\t\t\t\t\t\ttarget=\"_blank\"\n\t\t\t\t\trel=\"nofollow noopener\"\n\t\t\t\t\t\t\t\t\t>\n\t\t\tContactez-nous\t\t<\/a>\n\t<\/div>\n\t\t\t\t\t\t\t\t\t\t\t\t\t<\/div>\n\t\t\t\t\t\t\t\t\t\t\t\t\t\t<\/div>\n\t\t\t<\/div>\n\n\t\t<\/div>\n\t\t\t<\/div>\n<\/header>\n<\/section>\n<section\n\t class=\"page-blocks iaff-page-blocks align wp-block-acf-page-blocks\" id=\"page-blocks_block_808f200283643702ba2c29f94c89b7aa\">\n\t<div class=\"acf-innerblocks-container\">\n<section\n\t class=\"secondary-navigation-manual u-bg-full-width bg-smoke\/5 align wp-block-acf-secondary-navigation-manual\" id=\"secondary-navigation-manual_block_c6747b359fd8dc5bd28f348913fe6646\">\n\t<details class=\"iaff-secondary-navigation\" open>\n\t<summary class=\"flex cursor-pointer u-bg-full-width\">\n\t\t\t\t\t<h2 class=\"text-heading-400 bg-main-bg-overlay text-black inline-flex items-center gap-x-[14px] h-full !ps-0 py-[34px] !pe-10\">\n\t\t\t\t<span>Dans la pr\u00e9sente section<\/span>\n\t\t\t<\/h2>\n\t\t\t<\/summary>\n\t<div class=\"py-10 md:ps-12 md:pe-10 grid grid-cols-1 md:grid-cols-2 lg:grid-cols-3 gap-[30px]\">\n\t\t<!-- Renders the same as core\/button with a specific style -->\n\t<div>\n\t\t\t\t\t<a\n\t\t\t\tclass=\"inline-flex gap-[16px] items-center text-inherit text-button-300 leading-6 cursor-pointer decoration-transparent underline underline-offset-2 transition-colors duration-hover hocus-visible:decoration-current\"\n\t\t\t\t\t\t\t\t\thref=\"#what\"\n\t\t\t\t\t\t\t\t\t\t\t\t>\n\t\t\t\t<span>\n\t\t\t\t\tQu\u2019est-ce que le Sommet Strive for Excellence?  \t\t\t\t<\/span>\n\t\t\t\t<svg xmlns=\"http:\/\/www.w3.org\/2000\/svg\" width=\"15\" height=\"15\" fill=\"none\" viewBox=\"0 0 15 15\"><path stroke=\"currentColor\" stroke-linecap=\"square\" stroke-width=\"2\" d=\"M11.6347 7.49976L1 7.49976\"\/><path stroke=\"currentColor\" stroke-linecap=\"square\" stroke-width=\"2\" d=\"M7.31445 2.13138L12.7061 7.50014L7.31445 12.8689\"\/><\/svg>\t\t\t<\/a>\n\t\t\t<\/div>\n<!-- Renders the same as core\/button with a specific style -->\n\t<div>\n\t\t\t\t\t<a\n\t\t\t\tclass=\"inline-flex gap-[16px] items-center text-inherit text-button-300 leading-6 cursor-pointer decoration-transparent underline underline-offset-2 transition-colors duration-hover hocus-visible:decoration-current\"\n\t\t\t\t\t\t\t\t\thref=\"#who\"\n\t\t\t\t\t\t\t\t\t\t\t\t>\n\t\t\t\t<span>\n\t\t\t\t\tQui peut assister?\t\t\t\t<\/span>\n\t\t\t\t<svg xmlns=\"http:\/\/www.w3.org\/2000\/svg\" width=\"15\" height=\"15\" fill=\"none\" viewBox=\"0 0 15 15\"><path stroke=\"currentColor\" stroke-linecap=\"square\" stroke-width=\"2\" d=\"M11.6347 7.49976L1 7.49976\"\/><path stroke=\"currentColor\" stroke-linecap=\"square\" stroke-width=\"2\" d=\"M7.31445 2.13138L12.7061 7.50014L7.31445 12.8689\"\/><\/svg>\t\t\t<\/a>\n\t\t\t<\/div>\n<!-- Renders the same as core\/button with a specific style -->\n\t<div>\n\t\t\t\t\t<a\n\t\t\t\tclass=\"inline-flex gap-[16px] items-center text-inherit text-button-300 leading-6 cursor-pointer decoration-transparent underline underline-offset-2 transition-colors duration-hover hocus-visible:decoration-current\"\n\t\t\t\t\t\t\t\t\thref=\"#just\"\n\t\t\t\t\t\t\t\t\t\t\t\t>\n\t\t\t\t<span>\n\t\t\t\t\tEst-ce que c\u2019est r\u00e9serv\u00e9 aux dirigeants syndicaux?\t\t\t\t<\/span>\n\t\t\t\t<svg xmlns=\"http:\/\/www.w3.org\/2000\/svg\" width=\"15\" height=\"15\" fill=\"none\" viewBox=\"0 0 15 15\"><path stroke=\"currentColor\" stroke-linecap=\"square\" stroke-width=\"2\" d=\"M11.6347 7.49976L1 7.49976\"\/><path stroke=\"currentColor\" stroke-linecap=\"square\" stroke-width=\"2\" d=\"M7.31445 2.13138L12.7061 7.50014L7.31445 12.8689\"\/><\/svg>\t\t\t<\/a>\n\t\t\t<\/div>\n<!-- Renders the same as core\/button with a specific style -->\n\t<div>\n\t\t\t\t\t<a\n\t\t\t\tclass=\"inline-flex gap-[16px] items-center text-inherit text-button-300 leading-6 cursor-pointer decoration-transparent underline underline-offset-2 transition-colors duration-hover hocus-visible:decoration-current\"\n\t\t\t\t\t\t\t\t\thref=\"#register\"\n\t\t\t\t\t\t\t\t\t\t\t\t>\n\t\t\t\t<span>\n\t\t\t\t\tComment m\u2019inscrire?\t\t\t\t<\/span>\n\t\t\t\t<svg xmlns=\"http:\/\/www.w3.org\/2000\/svg\" width=\"15\" height=\"15\" fill=\"none\" viewBox=\"0 0 15 15\"><path stroke=\"currentColor\" stroke-linecap=\"square\" stroke-width=\"2\" d=\"M11.6347 7.49976L1 7.49976\"\/><path stroke=\"currentColor\" stroke-linecap=\"square\" stroke-width=\"2\" d=\"M7.31445 2.13138L12.7061 7.50014L7.31445 12.8689\"\/><\/svg>\t\t\t<\/a>\n\t\t\t<\/div>\n<!-- Renders the same as core\/button with a specific style -->\n\t<div>\n\t\t\t\t\t<a\n\t\t\t\tclass=\"inline-flex gap-[16px] items-center text-inherit text-button-300 leading-6 cursor-pointer decoration-transparent underline underline-offset-2 transition-colors duration-hover hocus-visible:decoration-current\"\n\t\t\t\t\t\t\t\t\thref=\"#pay\"\n\t\t\t\t\t\t\t\t\t\t\t\t>\n\t\t\t\t<span>\n\t\t\t\t\tMon Local peut-il payer mon immatriculation?\t\t\t\t<\/span>\n\t\t\t\t<svg xmlns=\"http:\/\/www.w3.org\/2000\/svg\" width=\"15\" height=\"15\" fill=\"none\" viewBox=\"0 0 15 15\"><path stroke=\"currentColor\" stroke-linecap=\"square\" stroke-width=\"2\" d=\"M11.6347 7.49976L1 7.49976\"\/><path stroke=\"currentColor\" stroke-linecap=\"square\" stroke-width=\"2\" d=\"M7.31445 2.13138L12.7061 7.50014L7.31445 12.8689\"\/><\/svg>\t\t\t<\/a>\n\t\t\t<\/div>\n<!-- Renders the same as core\/button with a specific style -->\n\t<div>\n\t\t\t\t\t<a\n\t\t\t\tclass=\"inline-flex gap-[16px] items-center text-inherit text-button-300 leading-6 cursor-pointer decoration-transparent underline underline-offset-2 transition-colors duration-hover hocus-visible:decoration-current\"\n\t\t\t\t\t\t\t\t\thref=\"#firepac\"\n\t\t\t\t\t\t\t\t\t\t\t\t>\n\t\t\t\t<span>\n\t\t\t\t\tPuis-je appliquer mon inscription Strive for Excellence \u00e0 CAPFEU?  \t\t\t\t<\/span>\n\t\t\t\t<svg xmlns=\"http:\/\/www.w3.org\/2000\/svg\" width=\"15\" height=\"15\" fill=\"none\" viewBox=\"0 0 15 15\"><path stroke=\"currentColor\" stroke-linecap=\"square\" stroke-width=\"2\" d=\"M11.6347 7.49976L1 7.49976\"\/><path stroke=\"currentColor\" stroke-linecap=\"square\" stroke-width=\"2\" d=\"M7.31445 2.13138L12.7061 7.50014L7.31445 12.8689\"\/><\/svg>\t\t\t<\/a>\n\t\t\t<\/div>\n<!-- Renders the same as core\/button with a specific style -->\n\t<div>\n\t\t\t\t\t<a\n\t\t\t\tclass=\"inline-flex gap-[16px] items-center text-inherit text-button-300 leading-6 cursor-pointer decoration-transparent underline underline-offset-2 transition-colors duration-hover hocus-visible:decoration-current\"\n\t\t\t\t\t\t\t\t\thref=\"#hotel\"\n\t\t\t\t\t\t\t\t\t\t\t\t>\n\t\t\t\t<span>\n\t\t\t\t\tComment puis-je r\u00e9server mon h\u00f4tel?\t\t\t\t<\/span>\n\t\t\t\t<svg xmlns=\"http:\/\/www.w3.org\/2000\/svg\" width=\"15\" height=\"15\" fill=\"none\" viewBox=\"0 0 15 15\"><path stroke=\"currentColor\" stroke-linecap=\"square\" stroke-width=\"2\" d=\"M11.6347 7.49976L1 7.49976\"\/><path stroke=\"currentColor\" stroke-linecap=\"square\" stroke-width=\"2\" d=\"M7.31445 2.13138L12.7061 7.50014L7.31445 12.8689\"\/><\/svg>\t\t\t<\/a>\n\t\t\t<\/div>\n<!-- Renders the same as core\/button with a specific style -->\n\t<div>\n\t\t\t\t\t<a\n\t\t\t\tclass=\"inline-flex gap-[16px] items-center text-inherit text-button-300 leading-6 cursor-pointer decoration-transparent underline underline-offset-2 transition-colors duration-hover hocus-visible:decoration-current\"\n\t\t\t\t\t\t\t\t\thref=\"#flight\"\n\t\t\t\t\t\t\t\t\t\t\t\t>\n\t\t\t\t<span>\n\t\t\t\t\tComment puis-je r\u00e9server un vol?  \t\t\t\t<\/span>\n\t\t\t\t<svg xmlns=\"http:\/\/www.w3.org\/2000\/svg\" width=\"15\" height=\"15\" fill=\"none\" viewBox=\"0 0 15 15\"><path stroke=\"currentColor\" stroke-linecap=\"square\" stroke-width=\"2\" d=\"M11.6347 7.49976L1 7.49976\"\/><path stroke=\"currentColor\" stroke-linecap=\"square\" stroke-width=\"2\" d=\"M7.31445 2.13138L12.7061 7.50014L7.31445 12.8689\"\/><\/svg>\t\t\t<\/a>\n\t\t\t<\/div>\n<!-- Renders the same as core\/button with a specific style -->\n\t<div>\n\t\t\t\t\t<a\n\t\t\t\tclass=\"inline-flex gap-[16px] items-center text-inherit text-button-300 leading-6 cursor-pointer decoration-transparent underline underline-offset-2 transition-colors duration-hover hocus-visible:decoration-current\"\n\t\t\t\t\t\t\t\t\thref=\"#five\"\n\t\t\t\t\t\t\t\t\t\t\t\t>\n\t\t\t\t<span>\n\t\t\t\t\tDois-je assister aux cinq jours?\t\t\t\t<\/span>\n\t\t\t\t<svg xmlns=\"http:\/\/www.w3.org\/2000\/svg\" width=\"15\" height=\"15\" fill=\"none\" viewBox=\"0 0 15 15\"><path stroke=\"currentColor\" stroke-linecap=\"square\" stroke-width=\"2\" d=\"M11.6347 7.49976L1 7.49976\"\/><path stroke=\"currentColor\" stroke-linecap=\"square\" stroke-width=\"2\" d=\"M7.31445 2.13138L12.7061 7.50014L7.31445 12.8689\"\/><\/svg>\t\t\t<\/a>\n\t\t\t<\/div>\n<!-- Renders the same as core\/button with a specific style -->\n\t<div>\n\t\t\t\t\t<a\n\t\t\t\tclass=\"inline-flex gap-[16px] items-center text-inherit text-button-300 leading-6 cursor-pointer decoration-transparent underline underline-offset-2 transition-colors duration-hover hocus-visible:decoration-current\"\n\t\t\t\t\t\t\t\t\thref=\"#meals\"\n\t\t\t\t\t\t\t\t\t\t\t\t>\n\t\t\t\t<span>\n\t\t\t\t\tLes repas sont-ils fournis?  \t\t\t\t<\/span>\n\t\t\t\t<svg xmlns=\"http:\/\/www.w3.org\/2000\/svg\" width=\"15\" height=\"15\" fill=\"none\" viewBox=\"0 0 15 15\"><path stroke=\"currentColor\" stroke-linecap=\"square\" stroke-width=\"2\" d=\"M11.6347 7.49976L1 7.49976\"\/><path stroke=\"currentColor\" stroke-linecap=\"square\" stroke-width=\"2\" d=\"M7.31445 2.13138L12.7061 7.50014L7.31445 12.8689\"\/><\/svg>\t\t\t<\/a>\n\t\t\t<\/div>\n<!-- Renders the same as core\/button with a specific style -->\n\t<div>\n\t\t\t\t\t<a\n\t\t\t\tclass=\"inline-flex gap-[16px] items-center text-inherit text-button-300 leading-6 cursor-pointer decoration-transparent underline underline-offset-2 transition-colors duration-hover hocus-visible:decoration-current\"\n\t\t\t\t\t\t\t\t\thref=\"#choose\"\n\t\t\t\t\t\t\t\t\t\t\t\t>\n\t\t\t\t<span>\n\t\t\t\t\tComment choisir mes cours?\t\t\t\t<\/span>\n\t\t\t\t<svg xmlns=\"http:\/\/www.w3.org\/2000\/svg\" width=\"15\" height=\"15\" fill=\"none\" viewBox=\"0 0 15 15\"><path stroke=\"currentColor\" stroke-linecap=\"square\" stroke-width=\"2\" d=\"M11.6347 7.49976L1 7.49976\"\/><path stroke=\"currentColor\" stroke-linecap=\"square\" stroke-width=\"2\" d=\"M7.31445 2.13138L12.7061 7.50014L7.31445 12.8689\"\/><\/svg>\t\t\t<\/a>\n\t\t\t<\/div>\n<!-- Renders the same as core\/button with a specific style -->\n\t<div>\n\t\t\t\t\t<a\n\t\t\t\tclass=\"inline-flex gap-[16px] items-center text-inherit text-button-300 leading-6 cursor-pointer decoration-transparent underline underline-offset-2 transition-colors duration-hover hocus-visible:decoration-current\"\n\t\t\t\t\t\t\t\t\thref=\"#update\"\n\t\t\t\t\t\t\t\t\t\t\t\t>\n\t\t\t\t<span>\n\t\t\t\t\tComment puis-je mettre \u00e0 jour mes s\u00e9lections d\u2019ateliers apr\u00e8s m\u2019\u00eatre inscrit?\t\t\t\t<\/span>\n\t\t\t\t<svg xmlns=\"http:\/\/www.w3.org\/2000\/svg\" width=\"15\" height=\"15\" fill=\"none\" viewBox=\"0 0 15 15\"><path stroke=\"currentColor\" stroke-linecap=\"square\" stroke-width=\"2\" d=\"M11.6347 7.49976L1 7.49976\"\/><path stroke=\"currentColor\" stroke-linecap=\"square\" stroke-width=\"2\" d=\"M7.31445 2.13138L12.7061 7.50014L7.31445 12.8689\"\/><\/svg>\t\t\t<\/a>\n\t\t\t<\/div>\n<!-- Renders the same as core\/button with a specific style -->\n\t<div>\n\t\t\t\t\t<a\n\t\t\t\tclass=\"inline-flex gap-[16px] items-center text-inherit text-button-300 leading-6 cursor-pointer decoration-transparent underline underline-offset-2 transition-colors duration-hover hocus-visible:decoration-current\"\n\t\t\t\t\t\t\t\t\thref=\"#ceus\"\n\t\t\t\t\t\t\t\t\t\t\t\t>\n\t\t\t\t<span>\n\t\t\t\t\tPuis-je obtenir des certifications ou des CEU?\t\t\t\t<\/span>\n\t\t\t\t<svg xmlns=\"http:\/\/www.w3.org\/2000\/svg\" width=\"15\" height=\"15\" fill=\"none\" viewBox=\"0 0 15 15\"><path stroke=\"currentColor\" stroke-linecap=\"square\" stroke-width=\"2\" d=\"M11.6347 7.49976L1 7.49976\"\/><path stroke=\"currentColor\" stroke-linecap=\"square\" stroke-width=\"2\" d=\"M7.31445 2.13138L12.7061 7.50014L7.31445 12.8689\"\/><\/svg>\t\t\t<\/a>\n\t\t\t<\/div>\n\t<\/div>\n<\/details>\n<\/section>\n\n<\/div><\/section>\n<section\n\t class=\"page-blocks iaff-page-blocks align wp-block-acf-page-blocks\" id=\"page-blocks_block_808f200283643702ba2c29f94c89b7aa\">\n\t<div class=\"acf-innerblocks-container\"><\/div><\/section>\n\n<details id=\"Registration\" class=\"wp-block-details is-layout-flow wp-block-details-is-layout-flow\"><summary>Registration &amp; Payment<\/summary><div class=\"wp-block-paragraph \">\n<p id=\"what\"><strong>Qu\u2019est-ce que le Sommet Strive for Excellence?<\/strong> <\/p>\n<\/div>\n\n<div class=\"wp-block-paragraph \">\n<p>Strive for Excellence est la principale conf\u00e9rence \u00e9ducative de l\u2019AIP.  <\/p>\n<\/div>\n\n<div class=\"wp-block-paragraph \">\n<p>\u00c0 partir du 29 mars 2026, cet \u00e9v\u00e9nement d\u2019une semaine offrira 100 nouveaux ateliers sur 19 sujets ax\u00e9s, incluant des s\u00e9ances sur les CEU et l\u2019accr\u00e9ditation critique de l\u2019industrie des incendies. Les membres peuvent \u00e9tablir un horaire personnalis\u00e9 dans divers domaines, incluant les op\u00e9rations, les services m\u00e9dicaux m\u00e9dicaux d\u2019urgence, la n\u00e9gociation, le leadership syndical, la sant\u00e9 et la s\u00e9curit\u00e9, les communications, la recherche, la performance humaine optimale et l\u2019administration syndicale.   <\/p>\n<\/div>\n\n<div class=\"wp-block-paragraph \">\n<p>Le sommet comprend cinq jours complets de formation pratique au Carpenters International Training Center et au North Las Vegas Fire Department Training Center, offrant aux membres une formation bas\u00e9e sur des sc\u00e9narios, ancr\u00e9e dans la r\u00e9alit\u00e9 du service d\u2019incendie d\u2019aujourd\u2019hui.  <\/p>\n<\/div>\n\n<div class=\"wp-block-paragraph \">\n<p>Strive for Excellence comprendra \u00e9galement des Jeux olympiques de l\u2019AIP, invitant des membres des deux pays \u00e0 participer \u00e0 un test de capacit\u00e9 physique centr\u00e9 sur le feu.  <\/p>\n<\/div>\n\n<div class=\"wp-block-paragraph \">\n<p id=\"who\"><strong>Qui peut assister?<\/strong> <\/p>\n<\/div>\n\n<div class=\"wp-block-paragraph \">\n<p>Strive for Excellence est ouvert \u00e0 tous les membres de l\u2019AIP. Avec plus de 200 ateliers, Strive for Excellence pr\u00e9pare les membres de l\u2019AIP \u00e0 diriger sur le terrain du feu et dans la salle syndicale.   <\/p>\n<\/div>\n\n<div class=\"wp-block-paragraph \">\n<p id=\"just\"><strong>Est-ce que c\u2019est r\u00e9serv\u00e9 aux dirigeants syndicaux?<\/strong> <\/p>\n<\/div>\n\n<div class=\"wp-block-paragraph \">\n<p>Non. Beaucoup de cours Strive for Excellence sont con\u00e7us pour r\u00e9ussir sur le terrain, surtout nos nouveaux ateliers pratiques.  <\/p>\n<\/div>\n\n<div class=\"wp-block-paragraph \">\n<p id=\"register\"><strong>Comment m\u2019inscrire?<\/strong> <\/p>\n<\/div>\n\n<div class=\"wp-block-paragraph \">\n<p>Vous vous inscrivez en ligne via le site web Strive for Excellence de l\u2019AIP. Cliquez sur le bouton rouge qui dit \u00ab Inscrivez-vous maintenant \u00bb.   <\/p>\n<\/div>\n\n<div class=\"wp-block-paragraph \">\n<p>Lors de l\u2019inscription, vous pourrez choisir vos ateliers et vos parcours, ainsi que soumettre un paiement pour vous-m\u00eame et les autres. Vous aurez aussi la possibilit\u00e9 de contribuer \u00e0 CAPFEU pendant le processus d\u2019inscription.   <\/p>\n<\/div>\n\n<div class=\"wp-block-paragraph \">\n<p id=\"pay\"><strong>Mon Local peut-il payer mon immatriculation?<\/strong> <\/p>\n<\/div>\n\n<div class=\"wp-block-paragraph \">\n<p>Oui. Lors de l\u2019inscription, vous pouvez s\u00e9lectionner \u00ab inscrivez-vous moi-m\u00eame \u00bb ou \u00ab inscrire quelqu\u2019un d\u2019autre \u00bb. Cette derni\u00e8re option vous permet de vous inscrire et de payer pour d\u2019autres membres de l\u2019AIP.   <\/p>\n<\/div>\n\n<div class=\"wp-block-paragraph \">\n<p id=\"firepac\"><strong>Puis-je appliquer mon inscription Strive for Excellence \u00e0 CAPFEU?<\/strong> <\/p>\n<\/div>\n\n<div class=\"wp-block-paragraph \">\n<p>Oui. Les inscriptions apr\u00e8s le 1er janvier peuvent \u00eatre appliqu\u00e9es \u00e0 l\u2019ann\u00e9e CAPFEU en cours.  <\/p>\n<\/div>\n\n<div class=\"wp-block-paragraph \">\n<p>Les membres am\u00e9ricains qui choisissent l\u2019une des options CAPFEU pour s\u2019enregistrer doivent utiliser une carte de cr\u00e9dit personnelle. Les membres am\u00e9ricains ne peuvent pas utiliser une carte de cr\u00e9dit syndicale ou d\u2019entreprise, ni demander un remboursement pour leur contribution \u00e0 CAPFEU. Une seule personne ne peut pas utiliser une carte de cr\u00e9dit personnelle pour couvrir plusieurs inscrits contribuant \u00e0 CAPFEU.    <\/p>\n<\/div>\n\n<div class=\"wp-block-paragraph \">\n<p>Les contributions \u00e0 CAPFEU ne sont pas d\u00e9ductibles d\u2019imp\u00f4t, et les contributions ant\u00e9rieures \u00e0 CAPFEU ne peuvent pas \u00eatre appliqu\u00e9es \u00e0 l\u2019option d\u2019enregistrement CAPFEU.  <\/p>\n<\/div><\/details>\n\n<details id=\"travel\" class=\"wp-block-details is-layout-flow wp-block-details-is-layout-flow\"><summary>Travel &amp; Lodging<\/summary><div class=\"wp-block-paragraph \">\n<p id=\"hotel\"><strong>Comment puis-je r\u00e9server mon h\u00f4tel?<\/strong> <\/p>\n<\/div>\n\n<div class=\"wp-block-paragraph \">\n<p>L\u2019AIP offre un tarif r\u00e9duit pour les participants de Strive for Excellence au MGM Grand Hotel, le principal lieu du sommet. Vous pouvez r\u00e9server votre chambre et en apprendre davantage sur notre <a href=\"https:\/\/www.iaff.org\/fr-ca\/efforcez-vous\/voyage-hebergement\/\" data-type=\"page\" data-id=\"110314\" target=\"_blank\" rel=\"noreferrer noopener\">page Voyage et H\u00e9bergement<\/a>. <\/p>\n<\/div>\n\n<div class=\"wp-block-paragraph \">\n<p id=\"flight\"><strong>Comment puis-je r\u00e9server un vol?<\/strong> <\/p>\n<\/div>\n\n<div class=\"wp-block-paragraph \">\n<p>Plusieurs compagnies a\u00e9riennes, dont Air Canada, Delta et United, offrent des codes promotionnels pour les membres de l\u2019AIP participant \u00e0 Strive for Excellence. Vous pouvez en apprendre davantage sur notre <a href=\"https:\/\/www.iaff.org\/fr-ca\/efforcez-vous\/voyage-hebergement\/\" target=\"_blank\" data-type=\"page\" data-id=\"110314\" rel=\"noreferrer noopener\">page Voyage et H\u00e9bergement<\/a>. <\/p>\n<\/div>\n\n<div class=\"wp-block-paragraph \">\n<p id=\"five\"><strong>Dois-je assister aux cinq jours?<\/strong> <\/p>\n<\/div>\n\n<div class=\"wp-block-paragraph \">\n<p>Non. Les inscrits peuvent assister \u00e0 n\u2019importe quelle partie du Sommet Strive for Excellence. Lorsque vous choisissez des ateliers, vous pouvez \u00e9tablir un horaire adapt\u00e9 aux journ\u00e9es o\u00f9 vous \u00eates \u00e0 Las Vegas.   <\/p>\n<\/div>\n\n<div class=\"wp-block-paragraph \">\n<p id=\"meals\"><strong>Les repas sont-ils fournis?<\/strong> <\/p>\n<\/div>\n\n<div class=\"wp-block-paragraph \">\n<p>Le d\u00e9jeuner et le d\u00eener seront offerts \u00e0 tous les inscrits au Sommet Strive for Excellence. Nous organiserons \u00e9galement une r\u00e9ception de bienvenue au MGM Grand le lundi 30 mars. <\/p>\n<\/div><\/details>\n\n<details id=\"workshops\" class=\"wp-block-details is-layout-flow wp-block-details-is-layout-flow\"><summary>Workshops &amp; Schedule<\/summary><div class=\"wp-block-paragraph \">\n<p id=\"choose\"><strong>Comment choisir mes cours?<\/strong> <\/p>\n<\/div>\n\n<div class=\"wp-block-paragraph \">\n<p>En plus de cinq jours d\u2019ateliers au MGM Grand, Strive offre cinq journ\u00e9es compl\u00e8tes de formation pratique tenues \u00e0 l\u2019ext\u00e9rieur, au moderne Carpenters International Training Center et au North Las Vegas Fire Department Training Center. Notre programme comprend un <a href=\"https:\/\/www.iaff.org\/fr-ca\/efforcez-vous\/strive-classes\/\" data-type=\"page\" data-id=\"110271\" target=\"_blank\" rel=\"noreferrer noopener\">horaire enti\u00e8rement consultable<\/a>. Vous pourrez choisir des cours selon votre disponibilit\u00e9 et vos int\u00e9r\u00eats.   Certains cours se remplissent rapidement, donc il est recommand\u00e9 de s\u2019inscrire t\u00f4t.  <\/p>\n<\/div>\n\n<div class=\"wp-block-paragraph \">\n<p id=\"update\"><strong>Comment puis-je mettre \u00e0 jour mes s\u00e9lections d\u2019ateliers apr\u00e8s m\u2019\u00eatre inscrit?<\/strong><\/p>\n<\/div>\n\n<div class=\"wp-block-paragraph \">\n<p>Vous pouvez mettre \u00e0 jour vos ateliers via le site web Strive for Excellence de l\u2019AIP.<\/p>\n<\/div>\n\n<div class=\"wp-block-list\">\n<ol start=\"1\" class=\"wp-block-list\">\n<li>Cliquez sur le bouton <strong>rouge \u00ab Inscrivez-vous maintenant \u00bb<\/strong> pour vous connecter avec votre nom d\u2019utilisateur AIP et votre mot de passe.<\/li>\n\n\n\n<li>S\u00e9lectionnez votre programme et regardez-le par <strong>jour<\/strong>.<\/li>\n\n\n\n<li>Utilisez le bouton <strong>rouge \u00ab Ajouter \u00bb<\/strong> pour ajouter des ateliers.<\/li>\n\n\n\n<li>Utilisez le lien <strong>\u00ab Supprimer \u00bb<\/strong> pour supprimer les ateliers.<\/li>\n\n\n\n<li>R\u00e9solvez tout conflit d\u2019horaire mis en \u00e9vidence en rouge.<\/li>\n\n\n\n<li>Une fois termin\u00e9, cliquez <strong>sur Proc\u00e9der au paiement<\/strong>, puis <strong>sur Soumettre la commande<\/strong> pour sauvegarder vos modifications.<\/li>\n<\/ol>\n<\/div>\n\n<div class=\"wp-block-paragraph \">\n<p id=\"ceus\"><strong>Puis-je obtenir des certifications ou des CEU?<\/strong> <\/p>\n<\/div>\n\n<div class=\"wp-block-paragraph \">\n<p>Oui. De nombreux cours Strive offrent des certifications de l\u2019industrie, des unit\u00e9s de formation continue (CEU) et des cr\u00e9dits de formation AIP. Ces d\u00e9tails sont list\u00e9s dans la description de chaque cours. <\/p>\n<\/div><\/details>\n\n<style>\n\/* \nnav[aria-label=\"Strive Nav\"],\n.navigation-content .wp-block-buttons,\nfooter .wp-container-core-group-is-layout-0dfbf163\n{display: none!important;}\n*\/\n<\/style>\n","protected":false},"excerpt":{"rendered":"","protected":false},"featured_media":0,"parent":112643,"menu_order":0,"comment_status":"closed","ping_status":"closed","template":"page-strive","meta":{"_acf_changed":false,"_searchwp_excluded":"","inline_featured_image":false,"_EventAllDay":false,"_EventTimezone":"","_EventStartDate":"","_EventEndDate":"","_EventStartDateUTC":"","_EventEndDateUTC":"","_EventShowMap":false,"_EventShowMapLink":false,"_EventURL":"","_EventCost":"","_EventCostDescription":"","_EventCurrencySymbol":"","_EventCurrencyCode":"","_EventCurrencyPosition":"","_EventDateTimeSeparator":"","_EventTimeRangeSeparator":"","_EventOrganizerID":[],"_EventVenueID":[],"_OrganizerEmail":"","_OrganizerPhone":"","_OrganizerWebsite":"","_VenueAddress":"","_VenueCity":"","_VenueCountry":"","_VenueProvince":"","_VenueState":"","_VenueZip":"","_VenuePhone":"","_VenueURL":"","_VenueStateProvince":"","_VenueLat":"","_VenueLng":"","_VenueShowMap":false,"_VenueShowMapLink":false,"footnotes":""},"class_list":["post-119487","page","type-page","status-publish","hentry"],"acf":[],"publishpress_future_workflow_manual_trigger":{"enabledWorkflows":[]},"_links":{"self":[{"href":"https:\/\/www.iaff.org\/fr-ca\/wp-json\/wp\/v2\/pages\/119487","targetHints":{"allow":["GET"]}}],"collection":[{"href":"https:\/\/www.iaff.org\/fr-ca\/wp-json\/wp\/v2\/pages"}],"about":[{"href":"https:\/\/www.iaff.org\/fr-ca\/wp-json\/wp\/v2\/types\/page"}],"author":[{"embeddable":true,"href":"https:\/\/www.iaff.org\/fr-ca\/wp-json\/wp\/v2\/users\/10"}],"replies":[{"embeddable":true,"href":"https:\/\/www.iaff.org\/fr-ca\/wp-json\/wp\/v2\/comments?post=119487"}],"version-history":[{"count":2,"href":"https:\/\/www.iaff.org\/fr-ca\/wp-json\/wp\/v2\/pages\/119487\/revisions"}],"predecessor-version":[{"id":121271,"href":"https:\/\/www.iaff.org\/fr-ca\/wp-json\/wp\/v2\/pages\/119487\/revisions\/121271"}],"up":[{"embeddable":true,"href":"https:\/\/www.iaff.org\/fr-ca\/wp-json\/wp\/v2\/pages\/112643"}],"wp:attachment":[{"href":"https:\/\/www.iaff.org\/fr-ca\/wp-json\/wp\/v2\/media?parent=119487"}],"curies":[{"name":"wp","href":"https:\/\/api.w.org\/{rel}","templated":true}]}}