{"id":112663,"date":"2025-10-27T11:48:52","date_gmt":"2025-10-27T15:48:52","guid":{"rendered":"https:\/\/www.iaff.org\/efforcez-vous\/sommet-strive-for-excellence-2026-opportunites-de-commandite\/"},"modified":"2026-01-26T15:03:51","modified_gmt":"2026-01-26T20:03:51","slug":"opportunites-de-commandite","status":"publish","type":"page","link":"https:\/\/www.iaff.org\/fr-ca\/efforcez-vous\/opportunites-de-commandite\/","title":{"rendered":"Sommet Strive for Excellence 2026 : Informations sur les commanditaires"},"content":{"rendered":"<section\n\t class=\"secondary-hero align wp-block-acf-secondary-hero\" id=\"secondary-hero_block_367934ac5b6521f4697716407bc1c0de\">\n\t\n<header\n\tclass=\"w-full u-bg-full-width px-[22px] md:ps-bleed md:pe-0 py-[60px] bg-smoke-5 text-black u-has-rivets u-rivets-dark\"\n\tdata-theme=\"gray\"\n>\n\t<div class=\"flex flex-col !px-0 !max-w-[1440px] w-full lg:!ps-indent\">\n\t\t<div class=\"border-t-[6px] w-full my-0 flex flex-col md:flex-row gap-x-[62px] gap-y-[22px] border-red\">\n\t\t\t\t\t\t\t<div class=\"relative grid md:order-last md:w-1\/2 overflow-hidden place-items-center aspect-[157\/105]\">\n\t\t\t\t\t<img decoding=\"async\" width=\"1200\" height=\"800\" src=\"https:\/\/www.iaff.org\/wp-content\/uploads\/2025\/10\/KT-3697-1200x800.jpg\" class=\"absolute object-cover min-w-full h-full\" alt=\"\" srcset=\"https:\/\/www.iaff.org\/wp-content\/uploads\/2025\/10\/KT-3697-1200x800.jpg 1200w, https:\/\/www.iaff.org\/wp-content\/uploads\/2025\/10\/KT-3697-300x200.jpg 300w, https:\/\/www.iaff.org\/wp-content\/uploads\/2025\/10\/KT-3697-1024x683.jpg 1024w, https:\/\/www.iaff.org\/wp-content\/uploads\/2025\/10\/KT-3697-768x512.jpg 768w, https:\/\/www.iaff.org\/wp-content\/uploads\/2025\/10\/KT-3697-1536x1024.jpg 1536w, https:\/\/www.iaff.org\/wp-content\/uploads\/2025\/10\/KT-3697-2048x1366.jpg 2048w, https:\/\/www.iaff.org\/wp-content\/uploads\/2025\/10\/KT-3697-240x160.jpg 240w, https:\/\/www.iaff.org\/wp-content\/uploads\/2025\/10\/KT-3697-1215x810.jpg 1215w\" sizes=\"(max-width: 1200px) 100vw, 1200px\" \/>\t\t\t\t<\/div>\n\t\t\t\t\t\t<div class=\"w-full md:w-1\/2 md:py-[45px]\">\n\t\t\t\t<div class=\"max-w-[600px] flex flex-col gap-[22px]\">\n\t\t\t\t\t\t\t\t\t\t\t<h1 class=\"has-[.u-halftone-shadow--dark]:mb-divider has-[.u-halftone-shadow--light]:mb-divider\">\n\t\t\t\t\t\t\t<span class=\"inline-flex text-heading-200 u-halftone-shadow--dark\">\n\t\t\t\t\t\t\t\tInformations sur les commanditaires\t\t\t\t\t\t\t<\/span>\n\t\t\t\t\t\t<\/h1>\n\t\t\t\t\t\t\t\t\t\t\t\t\t\t\t\t<div class=\"text-body-300 font-sans\">\n\t\t\t\t\t\t\t<p>Engagez-vous directement avec des milliers de pompiers qui fa\u00e7onnent l\u2019avenir du service d\u2019incendie \u2014 devenez commanditaire de Strive for Excellence.<\/p>\n\t\t\t\t\t\t<\/div>\n\t\t\t\t\t\t\t\t\t\t\t\t\t\t\t\t\t\t\t\t\t\t\t\t\t\t\t<div class=\"flex flex-wrap gap-[30px]\">\n\t\t\t\t\t\t\t\t\t\t\t\t\t\t\t<!-- Renders the same as core\/button with a specific style -->\n\t<div\n\t\tclass=\"wp-block-button track-button-primary is-style-primary-red\"\n\t>\n\t\t<a\n\t\t\tclass=\"wp-block-button__link wp-element-button cursor-pointer dlm-no-xhr-download track-hero-secondary-cta md:w-auto min-w-[156px]\"\n\t\t\t\t\t\t\thref=\"mailto:sponsorship@iaff.org\"\n\t\t\t\t\t\t\t\t\t>\n\t\t\tContactez-nous\t\t<\/a>\n\t<\/div>\n\t\t\t\t\t\t\t\t\t\t\t\t\t<\/div>\n\t\t\t\t\t\t\t\t\t\t\t\t\t\t<\/div>\n\t\t\t<\/div>\n\n\t\t<\/div>\n\t\t\t<\/div>\n<\/header>\n<\/section>\n<section\n\t class=\"page-blocks iaff-page-blocks align wp-block-acf-page-blocks\" id=\"page-blocks_block_7816770c35a54fa966314cde9a994a66\">\n\t<div class=\"acf-innerblocks-container\">\n<section\n\t class=\"secondary-navigation-manual u-bg-full-width bg-smoke\/5 align wp-block-acf-secondary-navigation-manual\" id=\"secondary-navigation-manual_block_1f1421fa50ec5c9ac5287a3ae451ce86\">\n\t<details class=\"iaff-secondary-navigation\" open>\n\t<summary class=\"flex cursor-pointer u-bg-full-width\">\n\t\t\t\t\t<h2 class=\"text-heading-400 bg-main-bg-overlay text-black inline-flex items-center gap-x-[14px] h-full !ps-0 py-[34px] !pe-10\">\n\t\t\t\t<span>Dans la pr\u00e9sente section<\/span>\n\t\t\t<\/h2>\n\t\t\t<\/summary>\n\t<div class=\"py-10 md:ps-12 md:pe-10 grid grid-cols-1 md:grid-cols-2 lg:grid-cols-3 gap-[30px]\">\n\t\t<!-- Renders the same as core\/button with a specific style -->\n\t<div>\n\t\t\t\t\t<a\n\t\t\t\tclass=\"inline-flex gap-[16px] items-center text-inherit text-button-300 leading-6 cursor-pointer decoration-transparent underline underline-offset-2 transition-colors duration-hover hocus-visible:decoration-current\"\n\t\t\t\t\t\t\t\t\thref=\"#levels\"\n\t\t\t\t\t\t\t\t\t\t\t\t>\n\t\t\t\t<span>\n\t\t\t\t\tNiveaux de commanditaires  \t\t\t\t<\/span>\n\t\t\t\t<svg xmlns=\"http:\/\/www.w3.org\/2000\/svg\" width=\"15\" height=\"15\" fill=\"none\" viewBox=\"0 0 15 15\"><path stroke=\"currentColor\" stroke-linecap=\"square\" stroke-width=\"2\" d=\"M11.6347 7.49976L1 7.49976\"\/><path stroke=\"currentColor\" stroke-linecap=\"square\" stroke-width=\"2\" d=\"M7.31445 2.13138L12.7061 7.50014L7.31445 12.8689\"\/><\/svg>\t\t\t<\/a>\n\t\t\t<\/div>\n<!-- Renders the same as core\/button with a specific style -->\n\t<div>\n\t\t\t\t\t<a\n\t\t\t\tclass=\"inline-flex gap-[16px] items-center text-inherit text-button-300 leading-6 cursor-pointer decoration-transparent underline underline-offset-2 transition-colors duration-hover hocus-visible:decoration-current\"\n\t\t\t\t\t\t\t\t\thref=\"https:\/\/www.iaff.org\/wp-content\/uploads\/2025\/10\/2026-STRIVE-Sponsorship-Application.pdf\"\n\t\t\t\t\t\t\t\t\t\t\ttarget=\"_blank\"\n\t\t\t\t\t\trel=\"nofollow noopener\"\n\t\t\t\t\t\t\t\t\t\t\t\t>\n\t\t\t\t<span>\n\t\t\t\t\tDemande\t\t\t\t<\/span>\n\t\t\t\t<svg xmlns=\"http:\/\/www.w3.org\/2000\/svg\" width=\"15\" height=\"15\" fill=\"none\" viewBox=\"0 0 15 15\"><path stroke=\"currentColor\" stroke-linecap=\"square\" stroke-width=\"2\" d=\"M11.6347 7.49976L1 7.49976\"\/><path stroke=\"currentColor\" stroke-linecap=\"square\" stroke-width=\"2\" d=\"M7.31445 2.13138L12.7061 7.50014L7.31445 12.8689\"\/><\/svg>\t\t\t<\/a>\n\t\t\t<\/div>\n<!-- Renders the same as core\/button with a specific style -->\n\t<div>\n\t\t\t\t\t<a\n\t\t\t\tclass=\"inline-flex gap-[16px] items-center text-inherit text-button-300 leading-6 cursor-pointer decoration-transparent underline underline-offset-2 transition-colors duration-hover hocus-visible:decoration-current\"\n\t\t\t\t\t\t\t\t\thref=\"#info\"\n\t\t\t\t\t\t\t\t\t\t\t\t>\n\t\t\t\t<span>\n\t\t\t\t\tInformations sur l\u2019\u00e9v\u00e9nement\t\t\t\t<\/span>\n\t\t\t\t<svg xmlns=\"http:\/\/www.w3.org\/2000\/svg\" width=\"15\" height=\"15\" fill=\"none\" viewBox=\"0 0 15 15\"><path stroke=\"currentColor\" stroke-linecap=\"square\" stroke-width=\"2\" d=\"M11.6347 7.49976L1 7.49976\"\/><path stroke=\"currentColor\" stroke-linecap=\"square\" stroke-width=\"2\" d=\"M7.31445 2.13138L12.7061 7.50014L7.31445 12.8689\"\/><\/svg>\t\t\t<\/a>\n\t\t\t<\/div>\n\t<\/div>\n<\/details>\n<\/section>\n\n\n<section\n\t class=\"section-header mb-10 align wp-block-acf-section-header\" id=\"levels\">\n\t<div class=\"\">\n\t<div class=\"flex flex-col md:flex-row justify-between max-w-content gap-x-8 md:items-end flex-wrap\">\n\t\t<h2 class=\"text-heading-200 pb-[2px]\">\n\t\t\tNiveaux de commanditaires\t\t<\/h2>\n\n\t\t\t\t\t<div class=\"md:order-last w-full\">\n\t\t\t\t\n\t<hr class=\"h-[6px] text-red border-red bg-red w-full my-0\" role=\"presentation\"\/>\n\n\t<div class=\"h-divider w-full bg-halftone-divider bg-right\"><\/div>\n\t\t\t<\/div>\n\t\t\n\t\t\t\t\t<div\n\t\t\t\tclass=\"pt-9 md:pt-0 pb-5\"\n\t\t\t>\n\t\t\t\t<div\n\tclass=\"wp-block-button is-style-tertiary inline-flex is-style-tertiary-forward\"\n>\n\t\t\t<a\n\t\t\thref=\"https:\/\/www.iaff.org\/wp-content\/uploads\/2025\/10\/2026-STRIVE-Sponsorship-Levels.pdf\"\n\t\t\tclass=\"wp-block-button__link wp-element-button group\"\n\t\t\t\t\t\t\ttarget=\"_blank\"\n\t\t\t\trel=\"nofollow noopener\"\n\t\t\t\t\t>\n\t\t\t<span\n\t\t\tclass=\"decoration-transparent underline underline-offset-2 group-hover:decoration-inherit group-focus-visible:decoration-inherit transition duration-hover\"\n\t\t>\n\t\t\tT\u00e9l\u00e9charger le PDF\t\t<\/span>\n\n\t\t<span\n\t\t\tclass=\"bg-inherit transition-colors duration-hover group-hover:bg-gold group-focus:bg-gold inline-flex order-last\"\n\t\t>\n\t\t\t<svg xmlns=\"http:\/\/www.w3.org\/2000\/svg\" width=\"21\" height=\"22\" fill=\"none\" viewBox=\"0 0 21 22\"><path stroke=\"currentColor\" stroke-linecap=\"round\" stroke-width=\"2\" d=\"M20 20.75L20 2.25L1.5 2.25L1.5 20.75L20 20.75Z\" clip-rule=\"evenodd\"\/><path stroke=\"currentColor\" stroke-linecap=\"square\" stroke-width=\"2\" d=\"M14.0883 11.5L6.66406 11.5\"\/><path stroke=\"currentColor\" stroke-linecap=\"square\" stroke-width=\"2\" d=\"M11.0723 7.75205L14.8363 11.5L11.0723 15.248\"\/><\/svg>\t\t<\/span>\n\t<\/a><\/div>\n\t\t\t<\/div>\n\t\t\t<\/div>\n<\/div>\n<\/section>\n\n\n<section\n\t class=\"column-list-section align wp-block-acf-column-list-section\" id=\"column-list-section_block_c2f3e6b1eafe4e2a4890b94eed09a405\">\n\t<div class=\"bg-smoke\/5 px-[19px] pt-[60px] pb-block-spacing md:px-[96px] md:mx-indent iaff-column-list-section\">\n\t\t\t\t<div class=\"acf-innerblocks-container\">\n<section\n\t class=\"column-list iaff-column-list align wp-block-acf-column-list\" id=\"column-list_block_38fcc3b3afb2053d2f6884d6e6a8660b\">\n\t<div class=\"relative flex flex-col gap-[14px] mb-[52px]\">\n\t\t\t\t<div class=\"relative bg-halftone-divider bg-center bg-no-repeat w-full h-divider\"><\/div>\n\t<\/div>\n\n\t\t<div class=\"acf-innerblocks-container\">\n<article\n\t class=\"column-list-card min-h-[187px] border-l-4 border-red pl-4 w-full md:w-auto item-inner flex flex-col gap-1 align wp-block-acf-column-list-card\" id=\"column-list-card_block_b2563e48d32a42eea2b0abe124ef071c\">\n\t\n\t\t\t<div class=\"text-heading-400 font-serif font-600 leading-7 mb-1\">\n\t\t\tPREMIER : 175 000 $\t\t<\/div>\n\t\t\t\t<div class=\"text-body-400\">\n\t\t\t<ul>\n<li>Commanditaire du discours principal\n<ul>\n<li>Remarques sc\u00e9naris\u00e9es ou vid\u00e9o de deux minutes avant le d\u00e9but du discours principal<\/li>\n<li>Logo ou pr\u00e9sence commerciale avant le lancement de GS<\/li>\n<\/ul>\n<\/li>\n<li>Emplacement de l\u2019espace de kiosque premium<\/li>\n<li>Logo sur le site web<\/li>\n<li>Logo sur l\u2019application Event<\/li>\n<li>Logo dans les communications par courriel \u00e9v\u00e9nementiel<\/li>\n<li>Signalisation de la zone d\u2019exposition<\/li>\n<li>Notification push s\u00e9par\u00e9e sur l\u2019application en tant que commanditaire signature<\/li>\n<li>Reconnaissance lors de la r\u00e9ception<\/li>\n<li>Opportunit\u00e9 de placement de produit<\/li>\n<li>Reconnaissance dans <em>le magazine Fire Fighter International<\/em><\/li>\n<\/ul>\n\t\t<\/div>\n\t\t\t\t<div class=\"font-heading font-500 my-3\">\n\t\t\tIL N\u2019Y EN A QU\u2019UN DISPONIBLE\t\t<\/div>\n\t\t<\/article>\n\n\n<article\n\t class=\"column-list-card min-h-[187px] border-l-4 border-red pl-4 w-full md:w-auto item-inner flex flex-col gap-1 align wp-block-acf-column-list-card\" id=\"column-list-card_block_c62c01d9548a832b2f9e29872e6cc8a6\">\n\t\n\t\t\t<div class=\"text-heading-400 font-serif font-600 leading-7 mb-1\">\n\t\t\tSIGNATURE : 150 000 $\t\t<\/div>\n\t\t\t\t<div class=\"text-body-400\">\n\t\t\t<ul>\n<li>Commanditaire g\u00e9n\u00e9ral de la session\n<ul>\n<li>Logo ou pr\u00e9sence commerciale avant le lancement de GS<\/li>\n<\/ul>\n<\/li>\n<li>Emplacement de l\u2019espace de kiosque premium<\/li>\n<li>Logo sur le site web<\/li>\n<li>Logo sur l\u2019application Event<\/li>\n<li>Logo dans les communications par courriel \u00e9v\u00e9nementiel<\/li>\n<li>Signalisation de la zone d\u2019exposition<\/li>\n<li>Notification push s\u00e9par\u00e9e sur l\u2019application en tant que commanditaire signature<\/li>\n<li>Reconnaissance lors de la r\u00e9ception<\/li>\n<li>Opportunit\u00e9 de placement de produit<\/li>\n<li>Reconnaissance dans <em>le magazine Fire Fighter International<\/em><\/li>\n<\/ul>\n\t\t<\/div>\n\t\t\t<\/article>\n\n<\/div><\/section>\n\n\n<section\n\t class=\"column-list iaff-column-list hr-hidden align hr-hidden wp-block-acf-column-list\" id=\"column-list_block_5ff1d6cc61f67b62d5e3f415d8bca9c7\">\n\t<div class=\"relative flex flex-col gap-[14px] mb-[52px]\">\n\t\t\t\t<div class=\"relative bg-halftone-divider bg-center bg-no-repeat w-full h-divider\"><\/div>\n\t<\/div>\n\n\t\t<div class=\"acf-innerblocks-container\">\n<article\n\t class=\"column-list-card min-h-[187px] border-l-4 border-red pl-4 w-full md:w-auto item-inner flex flex-col gap-1 align wp-block-acf-column-list-card\" id=\"column-list-card_block_db54fad521eb92016c720afc71c5ef0d\">\n\t\n\t\t\t<div class=\"text-heading-400 font-serif font-600 leading-7 mb-1\">\n\t\t\tPLATINE : 50 000 $\t\t<\/div>\n\t\t\t\t<div class=\"text-body-400\">\n\t\t\t<ul>\n<li>Commanditaire d\u2019\u00e9v\u00e9nement sp\u00e9cial (R\u00e9ception, Pratique Olympique, Olympiades FF, Technologie ou Sant\u00e9 comportementale)<\/li>\n<li>Emplacement de l\u2019espace de kiosque premium<\/li>\n<li>Logo sur le site web<\/li>\n<li>Logo sur l\u2019application Event<\/li>\n<li>Logo dans les communications par courriel \u00e9v\u00e9nementiel<\/li>\n<li>Signalisation de la zone d\u2019exposition<\/li>\n<li>Notification push s\u00e9par\u00e9e sur l\u2019application en tant que commanditaire d\u2019\u00e9v\u00e9nement sp\u00e9cial<\/li>\n<li>Reconnaissance lors de la r\u00e9ception<\/li>\n<li>Opportunit\u00e9 de placement de produit<\/li>\n<li>Reconnaissance dans <em>le magazine Fire Fighter International<\/em><\/li>\n<\/ul>\n\t\t<\/div>\n\t\t\t<\/article>\n\n\n<article\n\t class=\"column-list-card min-h-[187px] border-l-4 border-red pl-4 w-full md:w-auto item-inner flex flex-col gap-1 align wp-block-acf-column-list-card\" id=\"column-list-card_block_214c949c05a86d5b21ffcd3f5adbff91\">\n\t\n\t\t\t<div class=\"text-heading-400 font-serif font-600 leading-7 mb-1\">\n\t\t\tOR : 25 000 $\t\t<\/div>\n\t\t\t\t<div class=\"text-body-400\">\n\t\t\t<ul>\n<li>Parrainage d\u2019une journ\u00e9e d\u2019\u00e9v\u00e9nement<\/li>\n<li>Espace de kiosque de niveau avanc\u00e9<\/li>\n<li>Logo sur le site web<\/li>\n<li>Logo dans les communications par courriel \u00e9v\u00e9nementiel<\/li>\n<li>Signalisation de la zone d\u2019exposition<\/li>\n<li>Notification push sur l\u2019application en tant que commanditaire de la journ\u00e9e<\/li>\n<li>Reconnaissance dans <em>le magazine Fire Fighter International<\/em><\/li>\n<\/ul>\n\t\t<\/div>\n\t\t\t<\/article>\n\n\n<article\n\t class=\"column-list-card min-h-[187px] border-l-4 border-red pl-4 w-full md:w-auto item-inner flex flex-col gap-1 align wp-block-acf-column-list-card\" id=\"column-list-card_block_ffadb596f7db9e1b64e4a9fe0cad8ce7\">\n\t\n\t\t\t<div class=\"text-heading-400 font-serif font-600 leading-7 mb-1\">\n\t\t\tARGENT : 15 000 $\t\t<\/div>\n\t\t\t\t<div class=\"text-body-400\">\n\t\t\t<ul>\n<li>Espace de kiosque de niveau avanc\u00e9<\/li>\n<li>Logo sur le site web<\/li>\n<li>Logo dans les communications par courriel \u00e9v\u00e9nementiel<\/li>\n<li>Signalisation de la zone d\u2019exposition<\/li>\n<li>Reconnaissance dans <em>le magazine Fire Fighter International<\/em><\/li>\n<\/ul>\n\t\t<\/div>\n\t\t\t<\/article>\n\n<\/div><\/section>\n\n\n<section\n\t class=\"column-list iaff-column-list align wp-block-acf-column-list\" id=\"column-list_block_9b3c421cd375e4ca2a3846cbff881809\">\n\t<div class=\"relative flex flex-col gap-[14px] mb-[52px]\">\n\t\t\t\t\t<h3 class=\"text-heading-500\">\n\t\t\t\tOPPORTUNIT\u00c9S \u00c0 LA CARTE\t\t\t<\/h3>\n\t\t\t\t<div class=\"relative bg-halftone-divider bg-center bg-no-repeat w-full h-divider\"><\/div>\n\t<\/div>\n\n\t\t<div class=\"acf-innerblocks-container\">\n<article\n\t class=\"column-list-card min-h-[187px] border-l-4 border-red pl-4 w-full md:w-auto item-inner flex flex-col gap-1 align wp-block-acf-column-list-card\" id=\"column-list-card_block_8836d274a4e963dd31dc39c535ee8b79\">\n\t\n\t\t\t<div class=\"text-heading-400 font-serif font-600 leading-7 mb-1\">\n\t\t\tCommanditaire individuel de la piste : 20 000 $\t\t<\/div>\n\t\t\t\t<div class=\"text-body-400\">\n\t\t\t<ul>\n<li>Placement du logo sur les diapositives de bienvenue de la session, mat\u00e9riel promotionnel dans la classe sp\u00e9cifique \u00e0 chaque fili\u00e8re<\/li>\n<li>Logo sur le site web<\/li>\n<li>Kiosque d\u2019\u00e9v\u00e9nement<\/li>\n<\/ul>\n\t\t<\/div>\n\t\t\t<\/article>\n\n\n<article\n\t class=\"column-list-card min-h-[187px] border-l-4 border-red pl-4 w-full md:w-auto item-inner flex flex-col gap-1 align wp-block-acf-column-list-card\" id=\"column-list-card_block_f0346e98fff46c4b91b9430e2d0dec2d\">\n\t\n\t\t\t<div class=\"text-heading-400 font-serif font-600 leading-7 mb-1\">\n\t\t\tStand d\u2019exposition : 5 000 $\t\t<\/div>\n\t\t\t\t<\/article>\n\n<\/div><\/section>\n\n\n<section\n\t class=\"column-list iaff-column-list hr-hidden align hr-hidden wp-block-acf-column-list\" id=\"column-list_block_5ff1d6cc61f67b62d5e3f415d8bca9c7\">\n\t<div class=\"relative flex flex-col gap-[14px] mb-[52px]\">\n\t\t\t\t<div class=\"relative bg-halftone-divider bg-center bg-no-repeat w-full h-divider\"><\/div>\n\t<\/div>\n\n\t\t<div class=\"acf-innerblocks-container\">\n<article\n\t class=\"column-list-card min-h-[187px] border-l-4 border-red pl-4 w-full md:w-auto item-inner flex flex-col gap-1 align wp-block-acf-column-list-card\" id=\"column-list-card_block_bc7c5f15fee22f65d694e40d86f78769\">\n\t\n\t\t\t<div class=\"text-heading-400 font-serif font-600 leading-7 mb-1\">\n\t\t\tCourriel d\u2019inscription des participants : 5 000 $\t\t<\/div>\n\t\t\t\t<div class=\"text-body-400\">\n\t\t\t<ul>\n<li>Logo, lien et paragraphe promotionnel dans le courriel d\u2019inscription initial.<\/li>\n<\/ul>\n\t\t<\/div>\n\t\t\t\t<div class=\"font-heading font-500 my-3\">\n\t\t\tIL N\u2019Y EN A QU\u2019UN DISPONIBLE\t\t<\/div>\n\t\t<\/article>\n\n\n<article\n\t class=\"column-list-card min-h-[187px] border-l-4 border-red pl-4 w-full md:w-auto item-inner flex flex-col gap-1 align wp-block-acf-column-list-card\" id=\"column-list-card_block_03f3a3396973e3088287b5dba050bd60\">\n\t\n\t\t\t<div class=\"text-heading-400 font-serif font-600 leading-7 mb-1\">\n\t\t\tCourriel de confirmation du participant : 5 000 $\t\t<\/div>\n\t\t\t\t<div class=\"text-body-400\">\n\t\t\t<ul>\n<li>Logo, lien et paragraphe promotionnel dans le courriel final aux participants avant l\u2019\u00e9v\u00e9nement.<\/li>\n<\/ul>\n\t\t<\/div>\n\t\t\t\t<div class=\"font-heading font-500 my-3\">\n\t\t\tIL N\u2019Y EN A QU\u2019UN DISPONIBLE\t\t<\/div>\n\t\t<\/article>\n\n<\/div><\/section>\n\n<\/div>\t<\/div>\n<\/section>\n\n\n<section\n\t class=\"section-header mb-10 align wp-block-acf-section-header\" id=\"info\">\n\t<div class=\"\">\n\t<div class=\"flex flex-col md:flex-row justify-between max-w-content gap-x-8 md:items-end flex-wrap\">\n\t\t<h2 class=\"text-heading-200 pb-[2px]\">\n\t\t\tInformations sur l\u2019\u00e9v\u00e9nement\t\t<\/h2>\n\n\t\t\t\t\t<div class=\"md:order-last w-full\">\n\t\t\t\t\n\t<hr class=\"h-[6px] text-red border-red bg-red w-full my-0\" role=\"presentation\"\/>\n\n\t<div class=\"h-divider w-full bg-halftone-divider bg-right\"><\/div>\n\t\t\t<\/div>\n\t\t\n\t\t\t<\/div>\n<\/div>\n<\/section>\n\n<\/div><\/section>\n\n<h4 class=\"wp-block-heading\">EMPLACEMENT DE L\u2019EXPOSITION<\/h4>\n<div class=\"wp-block-paragraph \">\n<p>Des expositions auront lieu dans le Marquee Ballroom du MGM Grand Las Vegas.  <\/p>\n<\/div>\n<h4 class=\"wp-block-heading\">Configuration\/Installation<\/h4>\n<div class=\"wp-block-paragraph \">\n<p>Dimanche 29 mars de 13 h \u00e0 17 h.<\/p>\n<\/div>\n<h4 class=\"wp-block-heading\">Heures d\u2019exposition<\/h4>\n<div class=\"wp-block-paragraph \">\n<p>Lundi 30 mars, de 7 h \u00e0 17 h.<br\/>Mardi 31 mars de 7 h \u00e0 17 h<br\/>Mercredi 1er avril : 7 h \u00e0 17 h.<br\/>Jeudi 2 avril de 7 h \u00e0 14 h.<\/p>\n<\/div>\n<style>.column-list-card ul {\nlist-style: disc;\npadding-left: 24px;\n}\n::marker {\n    font-size: 12px;\n}\n.hr-hidden > div.relative {display: none!important;}\n<\/style>\n\n<style>\n\/*\nnav[aria-label=\"Strive Nav\"],\n.navigation-content .wp-block-buttons,\nfooter .wp-container-core-group-is-layout-0dfbf163\n{display: none!important;}\n*\/\n<\/style>\n","protected":false},"excerpt":{"rendered":"<p>EMPLACEMENT DE L\u2019EXPOSITION Des expositions auront lieu dans le Marquee Ballroom du MGM Grand Las Vegas. Configuration\/Installation Dimanche 29 mars de 13 h \u00e0 17 h. Heures d\u2019exposition Lundi 30 [&hellip;]<\/p>\n","protected":false},"featured_media":0,"parent":112643,"menu_order":0,"comment_status":"closed","ping_status":"closed","template":"page-strive","meta":{"_acf_changed":false,"_searchwp_excluded":"","inline_featured_image":false,"_EventAllDay":false,"_EventTimezone":"","_EventStartDate":"","_EventEndDate":"","_EventStartDateUTC":"","_EventEndDateUTC":"","_EventShowMap":false,"_EventShowMapLink":false,"_EventURL":"","_EventCost":"","_EventCostDescription":"","_EventCurrencySymbol":"","_EventCurrencyCode":"","_EventCurrencyPosition":"","_EventDateTimeSeparator":"","_EventTimeRangeSeparator":"","_EventOrganizerID":[],"_EventVenueID":[],"_OrganizerEmail":"","_OrganizerPhone":"","_OrganizerWebsite":"","_VenueAddress":"","_VenueCity":"","_VenueCountry":"","_VenueProvince":"","_VenueState":"","_VenueZip":"","_VenuePhone":"","_VenueURL":"","_VenueStateProvince":"","_VenueLat":"","_VenueLng":"","_VenueShowMap":false,"_VenueShowMapLink":false,"footnotes":""},"class_list":["post-112663","page","type-page","status-publish","hentry"],"acf":[],"publishpress_future_workflow_manual_trigger":{"enabledWorkflows":[]},"_links":{"self":[{"href":"https:\/\/www.iaff.org\/fr-ca\/wp-json\/wp\/v2\/pages\/112663","targetHints":{"allow":["GET"]}}],"collection":[{"href":"https:\/\/www.iaff.org\/fr-ca\/wp-json\/wp\/v2\/pages"}],"about":[{"href":"https:\/\/www.iaff.org\/fr-ca\/wp-json\/wp\/v2\/types\/page"}],"author":[{"embeddable":true,"href":"https:\/\/www.iaff.org\/fr-ca\/wp-json\/wp\/v2\/users\/3"}],"replies":[{"embeddable":true,"href":"https:\/\/www.iaff.org\/fr-ca\/wp-json\/wp\/v2\/comments?post=112663"}],"version-history":[{"count":0,"href":"https:\/\/www.iaff.org\/fr-ca\/wp-json\/wp\/v2\/pages\/112663\/revisions"}],"up":[{"embeddable":true,"href":"https:\/\/www.iaff.org\/fr-ca\/wp-json\/wp\/v2\/pages\/112643"}],"wp:attachment":[{"href":"https:\/\/www.iaff.org\/fr-ca\/wp-json\/wp\/v2\/media?parent=112663"}],"curies":[{"name":"wp","href":"https:\/\/api.w.org\/{rel}","templated":true}]}}