{"id":108354,"date":"2025-10-30T11:48:47","date_gmt":"2025-10-30T15:48:47","guid":{"rendered":"https:\/\/www.iaff.org\/?page_id=108354"},"modified":"2025-10-30T13:36:16","modified_gmt":"2025-10-30T17:36:16","slug":"capfeu-2","status":"publish","type":"page","link":"https:\/\/www.iaff.org\/fr-ca\/capfeu-2\/","title":{"rendered":"FIREPAC &#8211; Canada"},"content":{"rendered":"<section\n\t class=\"secondary-hero align wp-block-acf-secondary-hero\" id=\"secondary-hero_block_d58812770f00e35da72e4b00c4cf6924\">\n\t\n<header\n\tclass=\"w-full u-bg-full-width px-[22px] md:ps-bleed md:pe-0 py-[60px] bg-blue text-white u-has-rivets\"\n\tdata-theme=\"navy\"\n>\n\t<div class=\"flex flex-col !px-0 !max-w-[1440px] w-full lg:!ps-indent\">\n\t\t<div class=\"border-t-[6px] w-full my-0 flex flex-col md:flex-row gap-x-[62px] gap-y-[22px] border-gold\">\n\t\t\t\t\t\t\t<div class=\"relative grid md:order-last md:w-1\/2 overflow-hidden place-items-center aspect-[157\/105]\">\n\t\t\t\t\t<img decoding=\"async\" width=\"905\" height=\"492\" src=\"https:\/\/www.iaff.org\/wp-content\/uploads\/2025\/10\/FIREPAC-canada-hero.jpg\" class=\"absolute object-cover min-w-full h-full\" alt=\"\" srcset=\"https:\/\/www.iaff.org\/wp-content\/uploads\/2025\/10\/FIREPAC-canada-hero.jpg 905w, https:\/\/www.iaff.org\/wp-content\/uploads\/2025\/10\/FIREPAC-canada-hero-300x163.jpg 300w, https:\/\/www.iaff.org\/wp-content\/uploads\/2025\/10\/FIREPAC-canada-hero-768x418.jpg 768w, https:\/\/www.iaff.org\/wp-content\/uploads\/2025\/10\/FIREPAC-canada-hero-240x130.jpg 240w\" sizes=\"(max-width: 905px) 100vw, 905px\" \/>\t\t\t\t<\/div>\n\t\t\t\t\t\t<div class=\"w-full md:w-1\/2 md:py-[45px]\">\n\t\t\t\t<div class=\"max-w-[600px] flex flex-col gap-[22px]\">\n\t\t\t\t\t\t\t\t\t\t\t<h1 class=\"has-[.u-halftone-shadow--dark]:mb-divider has-[.u-halftone-shadow--light]:mb-divider\">\n\t\t\t\t\t\t\t<span class=\"inline-flex text-heading-200 u-halftone-shadow--light\">\n\t\t\t\t\t\t\t\tFIREPAC &#8211; Canada\t\t\t\t\t\t\t<\/span>\n\t\t\t\t\t\t<\/h1>\n\t\t\t\t\t\t\t\t\t\t\t\t\t\t\t\t<div class=\"text-body-300 font-sans\">\n\t\t\t\t\t\t\t<p>CAPFEU est un comit\u00e9 d\u2019action politique (CCP) li\u00e9 \u00e0 l\u2019AIP. Il est compos\u00e9 de contributions volontaires. <\/p>\n\t\t\t\t\t\t<\/div>\n\t\t\t\t\t\t\t\t\t\t\t\t\t\t\t\t\t\t\t\t\t\t\t\t\t\t\t<div class=\"flex flex-wrap gap-[30px]\">\n\t\t\t\t\t\t\t\t\t\t\t\t\t\t\t<!-- Renders the same as core\/button with a specific style -->\n\t<div\n\t\tclass=\"wp-block-button track-button-primary is-style-primary-red\"\n\t>\n\t\t<a class=\"wp-block-button__link wp-element-button cursor-pointer dlm-no-xhr-download track-hero-secondary-cta md:w-auto min-w-[156px]\" href=\"https:\/\/donate.iaff.org\/CSiDonate\/Give.aspx\/GU7THDLQ#c\" target=\"_blank\" rel=\"nofollow noopener\">\n\t\t\tJOIGNEZ-VOUS \u00c0 LA LUTTE. CONTRIBUEZ ICI.   \t\t<\/a>\n\t<\/div>\n\t\t\t\t\t\t\t\t\t\t\t\t\t\t\t<!-- Renders the same as core\/button with a specific style -->\n\t<div\n\t\tclass=\"wp-block-button track-button-primary is-style-secondary-red\"\n\t>\n\t\t<a\n\t\t\tclass=\"wp-block-button__link wp-element-button cursor-pointer dlm-no-xhr-download track-hero-secondary-cta md:w-auto min-w-[156px]\"\n\t\t\t\t\t\t\thref=\"mailto:canada@iaff.org\"\n\t\t\t\t\t\t\t\t\t>\n\t\t\tContactez-nous\t\t<\/a>\n\t<\/div>\n\t\t\t\t\t\t\t\t\t\t\t\t\t<\/div>\n\t\t\t\t\t\t\t\t\t\t\t\t\t\t<\/div>\n\t\t\t<\/div>\n\n\t\t<\/div>\n\t\t\t<\/div>\n<\/header>\n<\/section>\n<div class=\"wp-block-paragraph \">\n<p><\/p>\n<\/div>\n<div id=\"why-firepac\" class=\"wp-block-group is-layout-constrained wp-block-group-is-layout-constrained\"><section\n\t class=\"page-blocks iaff-page-blocks align wp-block-acf-page-blocks\" id=\"page-blocks_block_74a6e18510ff266d11e64615dd96ae05\">\n\t<div class=\"acf-innerblocks-container\">\n<section\n\t class=\"section-header mb-10 align wp-block-acf-section-header\" id=\"section-header_block_0cca5d21e481dd5a40f340366e43492c\">\n\t<div class=\"\">\n\t<div class=\"flex flex-col md:flex-row justify-between max-w-content gap-x-8 md:items-end flex-wrap\">\n\t\t<h2 class=\"text-heading-200 pb-[2px]\">\n\t\t\tCAPFEU Canada\t\t<\/h2>\n\n\t\t\t\t\t<div class=\"md:order-last w-full\">\n\t\t\t\t\n\n\t<div class=\"h-divider w-full bg-halftone-divider bg-right\"><\/div>\n\t\t\t<\/div>\n\t\t\n\t\t\t<\/div>\n<\/div>\n<\/section>\n\n\n<div class=\"wp-block-paragraph \">\n<p id=\"E703\">Chaque d\u00e9cision concernant votre emploi est influenc\u00e9e par quelqu\u2019un qui a \u00e9t\u00e9 \u00e9lu ou nomm\u00e9. CAPFEU aide les pompiers \u00e0 \u00e9tablir des relations avec les d\u00e9cideurs et \u00e0 communiquer avec les \u00e9lecteurs qui les \u00e9lisent.   <\/p>\n<\/div>\n\n<div class=\"wp-block-paragraph \">\n<p>CAPFEU Le Canada est un outil puissant qui donne aux membres canadiens de l\u2019AIP une voix forte et claire dans l\u2019ar\u00e8ne l\u00e9gislative. Au niveau f\u00e9d\u00e9ral, CAPFEU Canada utilise les fonds recueillis par les contributions individuelles des membres pour \u00e9duquer les membres et les politiciens sur les questions importantes pour les pompiers professionnelsCAPFEU <\/p>\n<\/div>\n\n<div class=\"wp-block-paragraph \">\n<p>CAPFEU Le Canada appuie ceux qui appuieront les questions relatives aux pompiers et qui s\u2019exprimeront pour soutenir les pompiers professionnels et leurs familles.<\/p>\n<\/div>\n\n<div class=\"wp-block-paragraph \">\n<p>Les membres de l\u2019IAFF au Canada sont encourag\u00e9s \u00e0 faire des contributions volontaires \u00e0 FIREPAC chaque ann\u00e9e afin de s\u2019assurer que la voix des pompiers professionnels soit entendue haut et fort \u00e0 tous les niveaux de gouvernement.<\/p>\n<\/div>\n\n<div class=\"wp-block-paragraph \">\n<p>Sans fonds pour \u00e9duquer ou soutenir nos amis dans l\u2019ar\u00e8ne politique, l\u2019IAFF ne pourra pas faire entendre sa voix avant que des d\u00e9cisions cruciales qui touchent les pompiers et la s\u00e9curit\u00e9 publique ne soient prises.<\/p>\n<\/div>\n\n<div class=\"wp-block-paragraph \">\n<p>Les membres de l\u2019AIP peuvent \u00e9galement verser leurs contributions volontaires \u00e0 CAPFEU Canada par le biais d\u2019un programme de pr\u00e9l\u00e8vement si leur section locale en offre un. Il s\u2019agit d\u2019un syst\u00e8me de retenues sur la paie, semblable \u00e0 un pr\u00e9l\u00e8vement des cotisations, par lequel un pompier autorise des retenues p\u00e9riodiques sur le ch\u00e8que de paie. <\/p>\n<\/div>\n\n<div class=\"wp-block-paragraph \">\n<p><em>Veuillez noter qu\u2019en raison de la loi f\u00e9d\u00e9rale, les contributions de CAPFEU Canada ne sont pas d\u00e9ductibles d\u2019imp\u00f4t.<\/em><\/p>\n<\/div>\n<\/div><\/section>\n<\/div>\n\n<div id=\"firepac-canada\" class=\"wp-block-group is-layout-constrained wp-block-group-is-layout-constrained\"><section\n\t class=\"page-blocks iaff-page-blocks align wp-block-acf-page-blocks\" id=\"page-blocks_block_74a6e18510ff266d11e64615dd96ae05\">\n\t<div class=\"acf-innerblocks-container\">\n<div class=\"wp-block-paragraph \">\n<p><\/p>\n<\/div>\n<\/div><\/section>\n\n\n\n<div class=\"wp-block-buttons mb-4 is-content-justification-center is-layout-flex wp-container-core-buttons-is-layout-16018d1d wp-block-buttons-is-layout-flex\">\n<div class=\"wp-block-button is-style-secondary-red\"><a class=\"wp-block-button__link wp-element-button\" href=\"https:\/\/www.iaff.org\/wp-content\/uploads\/2025\/07\/FIREPAC-Canada-Flyer-FR.pdf\">D\u00c9PLIANT PROMOTIONNEL FIREPAC<\/a><\/div>\n\n\n\n<div class=\"wp-block-button is-style-secondary-red\"><a class=\"wp-block-button__link wp-element-button\" href=\"https:\/\/www.iaff.org\/wp-content\/uploads\/2025\/07\/FIREPAC-Canada-CheckOff-Brochure-FR.pdf\" target=\"_blank\" rel=\"noreferrer noopener\">CAPFEU Programme canadien de pr\u00e9l\u00e8vement<\/a><\/div>\n<\/div>\n\n\n\n<div class=\"wp-block-buttons is-content-justification-center is-layout-flex wp-container-core-buttons-is-layout-16018d1d wp-block-buttons-is-layout-flex\">\n<div class=\"wp-block-button is-style-primary-red\"><a class=\"wp-block-button__link wp-element-button\" href=\"https:\/\/my.iaff.org\/FIREPACCanada\" target=\"_blank\" rel=\"noreferrer noopener\">INVESTIR DANS CAPFEU CANADA<\/a><\/div>\n<\/div>\n<\/div>\n\n<div id=\"faqs\" class=\"wp-block-group is-layout-constrained wp-block-group-is-layout-constrained\"><section\n\t class=\"page-blocks iaff-page-blocks align wp-block-acf-page-blocks\" id=\"page-blocks_block_74a6e18510ff266d11e64615dd96ae05\">\n\t<div class=\"acf-innerblocks-container\">\n<section\n\t class=\"section-header mb-10 align wp-block-acf-section-header\" id=\"section-header_block_ab76f5926d1d08fe2ff8847ee94c3f3f\">\n\t<div class=\"\">\n\t<div class=\"flex flex-col md:flex-row justify-between max-w-content gap-x-8 md:items-end flex-wrap\">\n\t\t<h2 class=\"text-heading-200 pb-[2px]\">\n\t\t\tFoire aux questions\t\t<\/h2>\n\n\t\t\t\t\t<div class=\"md:order-last w-full\">\n\t\t\t\t\n\n\t<div class=\"h-divider w-full bg-halftone-divider bg-right\"><\/div>\n\t\t\t<\/div>\n\t\t\n\t\t\t<\/div>\n<\/div>\n<\/section>\n\n<\/div><\/section>\n\n\n\n<details class=\"wp-block-details is-layout-flow wp-block-details-is-layout-flow\"><summary>Qu\u2019est-ce que FIREPAC Canada?<\/summary><div class=\"wp-block-paragraph \">\n<p>FIREPAC est le fonds d\u2019action politique de l\u2019IAFF Canada. Il est financ\u00e9 par des contributions volontaires et sert \u00e0 soutenir des candidats locaux, provinciaux et f\u00e9d\u00e9raux, des efforts l\u00e9gislatifs et des initiatives r\u00e9f\u00e9rendaires <\/p>\n<\/div><\/details>\n\n\n\n<details class=\"wp-block-details is-layout-flow wp-block-details-is-layout-flow\"><summary>Pour quoi FIREPAC nous aide-t-il \u00e0 nous battre?<\/summary><div class=\"wp-block-paragraph \">\n<p>FIREPAC nous aide \u00e0 maintenir et \u00e0 progresser sur des enjeux importants pour les pompiers, tels que les soins de sant\u00e9, un personnel ad\u00e9quat, l\u2019am\u00e9lioration des outils et de l\u2019\u00e9quipement, ainsi que la garantie d\u2019un environnement s\u00e9curitaire et sain, tant au travail qu\u2019en dehors. FIREPAC soutient les efforts visant \u00e0 r\u00e9soudre ces enjeux \u00e0 tous les niveaux de gouvernement <\/p>\n<\/div>\n\n<div class=\"wp-block-paragraph \">\n<p><\/p>\n<\/div><\/details>\n\n\n\n<details class=\"wp-block-details is-layout-flow wp-block-details-is-layout-flow\"><summary>Qui peut contribuer \u00e0 CAPFEU<\/summary><div class=\"wp-block-paragraph \">\n<p>Pour que le programme soit solide et efficace, tous les leaders provinciaux et locaux de l\u2019IAFF ainsi que les membres retrait\u00e9s actifs et actifs sont encourag\u00e9s \u00e0 participer.<\/p>\n<\/div><\/details>\n\n\n\n<details class=\"wp-block-details is-layout-flow wp-block-details-is-layout-flow\"><summary>Comment FIREPAC m\u2019a-t-il aid\u00e9, moi ou mon syndicat?<\/summary><div class=\"wp-block-paragraph \">\n<p id=\"E812\">Les contributions de FIREPAC nous ont aid\u00e9s \u00e0 d\u00e9fendre votre sant\u00e9, votre s\u00e9curit\u00e9 et vos avantages en augmentant notre influence \u00e0 tous les niveaux de gouvernement dans toutes les r\u00e9gions du pays. Plus pr\u00e9cis\u00e9ment, FIREPAC a contribu\u00e9 \u00e0 r\u00e9aliser : <\/p>\n<\/div>\n\n<div class=\"wp-block-list\">\n<ul class=\"wp-block-list\">\n<li>  Financement gouvernemental pour l\u2019initiative de formation IAFF Canada HazMat &amp; CBRNE<\/li>\n<\/ul>\n<\/div>\n\n<div class=\"wp-block-list\">\n<ul class=\"wp-block-list\">\n<li>  Financement gouvernemental pour l\u2019initiative de formation IAFF Canada HazMat &amp; CBRNE<\/li>\n<\/ul>\n<\/div>\n\n<div class=\"wp-block-list\">\n<ul class=\"wp-block-list\">\n<li>  Programme de subventions comm\u00e9moratives pour les premiers r\u00e9pondants<\/li>\n<\/ul>\n<\/div>\n\n<div class=\"wp-block-list\">\n<ul class=\"wp-block-list\">\n<li>  Plan d\u2019action national sur les blessures de stress post-traumatique pour les premiers intervenants<\/li>\n<\/ul>\n<\/div>\n\n<div class=\"wp-block-list\">\n<ul class=\"wp-block-list\">\n<li>  R\u00e9pondre \u00e0 l\u2019interface (RTI) : formation \u00e0 la r\u00e9ponse \u00e0 l\u2019interface urbaine en milieu sauvage \u00e0 l\u2019aide de la formation IAFF<br\/> Programme<\/li>\n<\/ul>\n<\/div>\n\n<div class=\"wp-block-list\">\n<ul class=\"wp-block-list\">\n<li>  Projet de loi C-224 \u2013 Cadre national pour traiter le cancer au travail chez les pompiers<\/li>\n<\/ul>\n<\/div>\n\n<div class=\"wp-block-list\">\n<ul class=\"wp-block-list\">\n<li>  P\u00e9tition visant \u00e0 interdire les PFAS dans l\u2019\u00e9quipement de lutte contre l\u2019incendie et les mousses<\/li>\n<\/ul>\n<\/div>\n\n<div class=\"wp-block-list\">\n<ul class=\"wp-block-list\">\n<li>  Projet de loi C-321 \u2013 Peines plus s\u00e9v\u00e8res pour les agressions contre les pompiers et les ambulanciers en service<\/li>\n<\/ul>\n<\/div>\n\n<div class=\"wp-block-list\">\n<ul class=\"wp-block-list\">\n<li>  M-96 \u2013 Renforcement des r\u00e8glements canadiens sur la lutte contre les incendies dans les a\u00e9roports<\/li>\n<\/ul>\n<\/div><\/details>\n\n\n\n<details class=\"wp-block-details is-layout-flow wp-block-details-is-layout-flow\"><summary>Je ne suis pas vraiment politique. Pourquoi dois-je contribuer \u00e0 CAPFEU <\/summary><div class=\"wp-block-paragraph \">\n<p>Au fond, FIREPAC ne concerne pas seulement la politique \u2013 c\u2019est aussi votre emploi, votre famille et notre syndicat. Contribuer \u00e0 FIREPAC est une fa\u00e7on simple de soutenir un travail significatif qui am\u00e9liore la sant\u00e9, la s\u00e9curit\u00e9 et la vie des pompiers. Chaque leader et membre est encourag\u00e9 \u00e0 contribuer.  <\/p>\n<\/div><\/details>\n\n\n\n<details class=\"wp-block-details is-layout-flow wp-block-details-is-layout-flow\"><summary>Comment puis-je contribuer?<\/summary><div class=\"wp-block-paragraph \">\n<p id=\"E830\">Vous pouvez faire une contribution ponctuelle ou r\u00e9currente <a href=\"https:\/\/donate.iaff.org\/CSiDonate\/Give.aspx\/GU7THDLQ#c\" target=\"_blank\" rel=\"noopener\">ici<\/a>!  <\/p>\n<\/div><\/details>\n<\/div>\n\n<div class=\"wp-block-media-text is-stacked-on-mobile\"><figure class=\"wp-block-media-text__media\"><\/figure><div class=\"wp-block-media-text__content\"><div class=\"wp-block-paragraph \">\n<p><\/p>\n<\/div><\/div><\/div>\n\n<div class=\"wp-block-media-text is-stacked-on-mobile\"><figure class=\"wp-block-media-text__media\"><\/figure><div class=\"wp-block-media-text__content\"><div class=\"wp-block-paragraph \">\n<p><\/p>\n<\/div><\/div><\/div>\n","protected":false},"excerpt":{"rendered":"","protected":false},"featured_media":0,"parent":0,"menu_order":0,"comment_status":"closed","ping_status":"closed","template":"","meta":{"_acf_changed":false,"_searchwp_excluded":"","inline_featured_image":false,"_EventAllDay":false,"_EventTimezone":"","_EventStartDate":"","_EventEndDate":"","_EventStartDateUTC":"","_EventEndDateUTC":"","_EventShowMap":false,"_EventShowMapLink":false,"_EventURL":"","_EventCost":"","_EventCostDescription":"","_EventCurrencySymbol":"","_EventCurrencyCode":"","_EventCurrencyPosition":"","_EventDateTimeSeparator":"","_EventTimeRangeSeparator":"","_EventOrganizerID":[],"_EventVenueID":[],"_OrganizerEmail":"","_OrganizerPhone":"","_OrganizerWebsite":"","_VenueAddress":"","_VenueCity":"","_VenueCountry":"","_VenueProvince":"","_VenueState":"","_VenueZip":"","_VenuePhone":"","_VenueURL":"","_VenueStateProvince":"","_VenueLat":"","_VenueLng":"","_VenueShowMap":false,"_VenueShowMapLink":false,"footnotes":""},"class_list":["post-108354","page","type-page","status-publish","hentry"],"acf":[],"publishpress_future_workflow_manual_trigger":{"enabledWorkflows":[]},"_links":{"self":[{"href":"https:\/\/www.iaff.org\/fr-ca\/wp-json\/wp\/v2\/pages\/108354","targetHints":{"allow":["GET"]}}],"collection":[{"href":"https:\/\/www.iaff.org\/fr-ca\/wp-json\/wp\/v2\/pages"}],"about":[{"href":"https:\/\/www.iaff.org\/fr-ca\/wp-json\/wp\/v2\/types\/page"}],"author":[{"embeddable":true,"href":"https:\/\/www.iaff.org\/fr-ca\/wp-json\/wp\/v2\/users\/9613"}],"replies":[{"embeddable":true,"href":"https:\/\/www.iaff.org\/fr-ca\/wp-json\/wp\/v2\/comments?post=108354"}],"version-history":[{"count":0,"href":"https:\/\/www.iaff.org\/fr-ca\/wp-json\/wp\/v2\/pages\/108354\/revisions"}],"wp:attachment":[{"href":"https:\/\/www.iaff.org\/fr-ca\/wp-json\/wp\/v2\/media?parent=108354"}],"curies":[{"name":"wp","href":"https:\/\/api.w.org\/{rel}","templated":true}]}}