{"id":107303,"date":"2025-08-27T15:11:32","date_gmt":"2025-08-27T19:11:32","guid":{"rendered":"https:\/\/www.iaff.org\/test-daptitude-physique-du-candidat-cpat\/a-propos-du-cpat\/"},"modified":"2026-04-14T10:58:04","modified_gmt":"2026-04-14T14:58:04","slug":"a-propos-du-cpat","status":"publish","type":"page","link":"https:\/\/www.iaff.org\/fr-ca\/test-daptitude-physique-du-candidat-cpat\/a-propos-du-cpat\/","title":{"rendered":"Trouver le site du test CPAT"},"content":{"rendered":"<section\n\t class=\"secondary-hero align wp-block-acf-secondary-hero\" id=\"secondary-hero_block_218734f8b8c1b3039c986ad804eabcc3\">\n\t\n<header\n\tclass=\"w-full u-bg-full-width px-[22px] md:ps-bleed md:pe-0 py-[60px] bg-smoke-5 text-black u-has-rivets u-rivets-dark\"\n\tdata-theme=\"gray\"\n>\n\t<div class=\"flex flex-col !px-0 !max-w-[1440px] w-full lg:!ps-indent\">\n\t\t<div class=\"border-t-[6px] w-full my-0 flex flex-col md:flex-row gap-x-[62px] gap-y-[22px] border-red\">\n\t\t\t\t\t\t<div class=\"w-full md:w-1\/2 md:py-[45px]\">\n\t\t\t\t<div class=\"max-w-[600px] flex flex-col gap-[22px]\">\n\t\t\t\t\t\t\t\t\t\t\t<h1 class=\"has-[.u-halftone-shadow--dark]:mb-divider has-[.u-halftone-shadow--light]:mb-divider pt-[22px] md:pt-0\">\n\t\t\t\t\t\t\t<span class=\"inline-flex text-heading-200 u-halftone-shadow--dark\">\n\t\t\t\t\t\t\t\tTrouver le site du test CPAT\t\t\t\t\t\t\t<\/span>\n\t\t\t\t\t\t<\/h1>\n\t\t\t\t\t\t\t\t\t\t\t\t\t\t\t\t\t\t\t\t\t\t\t\t\t\t\t\t\t<\/div>\n\t\t\t<\/div>\n\n\t\t<\/div>\n\t\t\t\t\t<div class=\"order-first flex justify-start w-full pb-[22px]\">\n\t\t\t\t<div\n\tclass=\"wp-block-button is-style-tertiary text-smoke is-style-tertiary-back\"\n>\n\t\t\t<a\n\t\t\thref=\"https:\/\/www.iaff.org\/fr-ca\/test-daptitude-physique-du-candidat-cpat\/\"\n\t\t\tclass=\"wp-block-button__link wp-element-button group\"\n\t\t\t\t\t>\n\t\t\t<span\n\t\t\tclass=\"decoration-transparent underline underline-offset-2 group-hover:decoration-inherit group-focus-visible:decoration-inherit transition duration-hover\"\n\t\t>\n\t\t\tExamen des aptitudes physiques du candidat (CPAT)\t\t<\/span>\n\n\t\t<span\n\t\t\tclass=\"bg-inherit transition-colors duration-hover group-hover:bg-gold group-focus:bg-gold inline-flex rotate-180 order-first\"\n\t\t>\n\t\t\t<svg xmlns=\"http:\/\/www.w3.org\/2000\/svg\" width=\"21\" height=\"22\" fill=\"none\" viewBox=\"0 0 21 22\"><path stroke=\"currentColor\" stroke-linecap=\"round\" stroke-width=\"2\" d=\"M20 20.75L20 2.25L1.5 2.25L1.5 20.75L20 20.75Z\" clip-rule=\"evenodd\"\/><path stroke=\"currentColor\" stroke-linecap=\"square\" stroke-width=\"2\" d=\"M14.0883 11.5L6.66406 11.5\"\/><path stroke=\"currentColor\" stroke-linecap=\"square\" stroke-width=\"2\" d=\"M11.0723 7.75205L14.8363 11.5L11.0723 15.248\"\/><\/svg>\t\t<\/span>\n\t<\/a><\/div>\n\t\t\t<\/div>\n\t\t\t<\/div>\n<\/header>\n<\/section>\n<div class=\"wp-block-paragraph \">\n<p><\/p>\n<\/div><section\n\t class=\"page-blocks iaff-page-blocks align wp-block-acf-page-blocks\" id=\"page-blocks_block_9a23ff2027140a57ece2e9d225a18012\">\n\t<div class=\"acf-innerblocks-container\">\n<section\n\t class=\"section-header mb-10 !mb-0 align !mb-0 wp-block-acf-section-header\" id=\"section-header_block_b97a178d17aa7dcdd3396db06987e2de\">\n\t<div class=\"\">\n\t<div class=\"flex flex-col md:flex-row justify-between max-w-content gap-x-8 md:items-end flex-wrap\">\n\t\t<h2 class=\"text-heading-200 pb-[2px]\">\n\t\t\t\u00c9tats-Unis\t\t<\/h2>\n\n\t\t\t\t\t<div class=\"md:order-last w-full\">\n\t\t\t\t\n\t<hr class=\"h-[6px] text-red border-red bg-red w-full my-0\" role=\"presentation\"\/>\n\n\t<div class=\"h-divider w-full bg-halftone-divider bg-right\"><\/div>\n\t\t\t<\/div>\n\t\t\n\t\t\t<\/div>\n<\/div>\n<\/section>\n\n\n<div class=\"wp-block-paragraph !hidden\">\n<p class=\"\">Sites Web de tests CPAT \/ titulaires de permis limit\u00e9<\/p>\n<\/div>\n<\/div><\/section>\n\n<div id=\"us\" class=\"wp-block-group !mt-0 is-layout-constrained wp-block-group-is-layout-constrained\">\n<div class=\"iwm_map_overlay\"><div id=\"unique_iwm_0\"><!-- Map Generated CSS --> \n <style>\n.iwm_map_canvas { overflow:hidden; }\n#map_canvas_17 { width: 110%; height: 110%; }#map_canvas_17 path:not([id]) { stroke:#c2c2c2; }#map_canvas_17 { background-repeat:no-repeat; background-size: 100% 100%; }<\/style><div style='pointer-events:visible;' class='iwm_map_canvas'><div id='map_canvas_17' data-map-id='17'  class='i_world_map ' style='pointer-events:visible;' class='iwm_map_canvas'><div class='iwm_placeholder'><img width='32px' alt='CPAT - Test Sites Overlay (US) Placeholder' title='CPAT - Test Sites Overlay (US)' src='https:\/\/www.iaff.org\/wp-content\/plugins\/interactive-world-maps\/imgs\/placeholder.png'><br>CPAT - Test Sites Overlay (US)<\/div><\/div><\/div><\/div><div id=\"unique_iwm_1\"><!-- Map Generated CSS --> \n <style>\n.iwm_map_canvas { overflow:hidden; }\n#map_canvas_16 { width: 110%; height: 110%; }#map_canvas_16 path:not([fill^=\"#f4f4f4\"]):hover { cursor:pointer; }#map_canvas_16 circle:hover { cursor:pointer; }#map_canvas_16 text:hover { cursor:pointer; }#map_canvas_16 image:hover { cursor:pointer; }#map_canvas_16 path:not([id]) { stroke:#c2c2c2; }#map_canvas_16 { background-repeat:no-repeat; background-size: 100% 100%; }\n#map_canvas_16 .google-visualization-tooltip * { font-family:'Rustica' !important; }#map_canvas_16 .google-visualization-tooltip { border-color:#0d0c2d; }#map_canvas_16 .google-visualization-tooltip { border-width:2px; }<\/style><div class='iwm_map_canvas iwm_data'><div id='map_canvas_16' data-map-id='16'  class='i_world_map ' class='iwm_map_canvas iwm_data'><div class='iwm_placeholder'><img width='32px' alt='CPAT - Test Sites (US) Placeholder' title='CPAT - Test Sites (US)' src='https:\/\/www.iaff.org\/wp-content\/plugins\/interactive-world-maps\/imgs\/placeholder.png'><br>CPAT - Test Sites (US)<\/div><\/div><\/div><\/div><\/div>\n \t\t<!-- Map Overlay Styles -->\n\t\t<style type=\"text\/css\">\n\t\t.iwm_map_overlay #map_canvas_16 {\n\t\tpointer-events:none;\n\t\t}\n\n\t\t.iwm_map_overlay #map_canvas_16 path:not([fill-opacity=\"0.25\"])  {\n\t\tdisplay:none;\n\t\t}\n\n\t\t.iwm_map_overlay #map_canvas_16 g[clip-path] > * {\n\t\tdisplay:block;\n\t\tpointer-events:visible;\n\t\t}\n\n\t\t.iwm_map_overlay #map_canvas_16 path[fill-opacity=\"0.25\"]  {\n\t\tpointer-events:visible;\n\t\t}\n\n\t\t.iwm_map_overlay #map_canvas_16 text,\n\t\t.iwm_map_overlay #map_canvas_16 circle {\n\t\tpointer-events:visible;\n\t\t}\n\t\t<\/style>\n\n\n\n<figure class=\"wp-block-table mt-4 p-default border\"><table><thead><tr><th>Site Web (en)<\/th><th>\u00c9tat<\/th><\/tr><\/thead><tbody><tr><td><a href=\"https:\/\/nationaltestingnetwork.com\/publicsafetyjobs\/ntn-test-cpat-pre.cfm\" target=\"_blank\" rel=\"noreferrer noopener\">Sites d\u2019examen NTN CPAT (Alaska)<\/a><\/td><td>Alaska<\/td><\/tr><tr><td><a href=\"https:\/\/www.mesacc.edu\/departments\/applied-sciences-and-technology\/firefighter-and-fire-science\/cpat-candidate-physical-ability-test\" target=\"_blank\" rel=\"noreferrer noopener\">CPAT \u2013 Test d\u2019aptitude physique des candidats | Science de l\u2019incendie | Coll\u00e8ge communautaire Mesa<\/a><\/td><td>L\u2019Arizona<\/td><\/tr><tr><td><a href=\"https:\/\/nationaltestingnetwork.com\/publicsafetyjobs\/ntn-test-cpat-pre.cfm\" target=\"_blank\" rel=\"noreferrer noopener\">Sites d\u2019examen CPAT NTN (Arizona)<\/a><\/td><td>L\u2019Arizona<\/td><\/tr><tr><td><a href=\"https:\/\/www.caljac.org\/about-jac\" target=\"_blank\" rel=\"noreferrer noopener\">\u00c0 propos de JAC | Comit\u00e9 conjoint d\u2019apprentissage des pompiers de Californie<\/a><\/td><td>La Californie<\/td><\/tr><tr><td><a href=\"https:\/\/www.denvergov.org\/Government\/Agencies-Departments-Offices\/Agencies-Departments-Offices-Directory\/Fire-Department\/Become-a-Firefighter\" target=\"_blank\" rel=\"noreferrer noopener\">Embauche de pompiers du service d\u2019incendie de Denver, CO <\/a><\/td><td>Le Colorado<\/td><\/tr><tr><td><a href=\"https:\/\/www.aims.edu\/degrees-and-certificates\/fire-academy\/cpat\" target=\"_blank\" rel=\"noreferrer noopener\">CPAT | Acad\u00e9mie des pompiers | Coll\u00e8ge communautaire Aims<\/a><\/td><td>Le Colorado<\/td><\/tr><tr><td><a href=\"https:\/\/www.pikespeak.edu\/programs\/fire-science-technology\/fst-resources\/cpat.php\" target=\"_blank\" rel=\"noreferrer noopener\">Technologie des sciences du feu CPAT | Coll\u00e8ge d\u2019\u00c9tat Pikes Peak<\/a><\/td><td>Le Colorado<\/td><\/tr><tr><td><a href=\"https:\/\/portal.ct.gov\/cfpc\/candidate-physical-ability-test\" target=\"_blank\" rel=\"noreferrer noopener\">CPAT de l\u2019\u00c9tat du Connecticut<\/a><\/td><td>Le Connecticut<\/td><\/tr><tr><td><a href=\"https:\/\/www.certifyfit.com\/cpat\/\" target=\"_blank\" rel=\"noreferrer noopener\">Certify Fit CPAT &#8211; Connecticut<\/a><\/td><td>Le Connecticut<\/td><\/tr><tr><td><a href=\"https:\/\/www.palmbeachstate.edu\/CCE\/fire-advanced-training.aspx\" target=\"_blank\" rel=\"noreferrer noopener\">Sites d\u2019examen NTN CPAT <\/a><a href=\"https:\/\/nationaltestingnetwork.com\/publicsafetyjobs\/cpat_info.cfm\" target=\"_blank\" rel=\"noreferrer noopener\"><\/a><a href=\"https:\/\/www.palmbeachstate.edu\/CCE\/fire-advanced-training.aspx\" target=\"_blank\" rel=\"noreferrer noopener\"> &#8211; Floride<\/a><\/td><td>La Floride<\/td><\/tr><tr><td><a href=\"https:\/\/www.naperville.il.us\/services\/naperville-fire-department\/programs-and-services\/candidate-physical-ability-test-cpat-in-naperville\" target=\"_blank\" rel=\"noreferrer noopener\">Test d\u2019aptitude physique du candidat | La ville de Naperville<\/a><\/td><td>L\u2019Illinois<\/td><\/tr><tr><td><a href=\"https:\/\/www.nipsta.org\/240\/CPAT-Schedule\" target=\"_blank\" rel=\"noreferrer noopener\">CPAT &#8211; NIPSTA<\/a><\/td><td>L\u2019Illinois<\/td><\/tr><tr><td><a href=\"http:\/\/cpat.mabas24.org\/\" target=\"_blank\" rel=\"noreferrer noopener\">MABAS 24 CPAT \u2013 Nous sommes l\u00e0 pour vous<\/a><\/td><td>L\u2019Illinois<\/td><\/tr><tr><td><a href=\"https:\/\/nationaltestingnetwork.com\/publicsafetyjobs\/ntn-test-cpat-pre.cfm\" target=\"_blank\" rel=\"noreferrer noopener\">Sites d\u2019examen CPAT NTN (Illinois)<\/a><\/td><td>L\u2019Illinois<\/td><\/tr><tr><td><a href=\"https:\/\/www.romeoville.org\/1361\/Candidate-Physical-Ability-Test-CPAT\" target=\"_blank\" rel=\"noreferrer noopener nofollow\">Site d\u2019essai CPAT de Romeoville<\/a><\/td><td>L\u2019Illinois<\/td><\/tr><tr><td><a href=\"https:\/\/www.huntleyfpd.org\/cpat-testing\" target=\"_blank\" rel=\"noreferrer noopener nofollow\">District de protection contre les incendies de Huntley en Illinois<\/a><\/td><td>L\u2019Illinois<\/td><\/tr><tr><td><a href=\"https:\/\/centralillinoisfirechiefs.com\/CPAT\/CPAT.aspx\" target=\"_blank\" rel=\"noreferrer noopener nofollow\">Association des chefs d\u2019incendie du centre de l\u2019Illinois<\/a><\/td><td>L\u2019Illinois<\/td><\/tr><tr><td><a href=\"https:\/\/esec.wayne.k12.in.us\/courses-training\/cpat\" target=\"_blank\" rel=\"noreferrer noopener\">CPAT \u2013 Tests des aptitudes physiques des candidats \u2013 Centre d\u2019\u00e9ducation aux services d\u2019urgence<\/a><\/td><td>L\u2019Indiana<\/td><\/tr><tr><td><a href=\"https:\/\/maacfoundation.org\/cpat\/\" target=\"_blank\" rel=\"noreferrer noopener\">CPAT \u2013 Fondation MAAC<\/a><\/td><td>L\u2019Indiana<\/td><\/tr><tr><td><a href=\"https:\/\/www.vinu.edu\/web\/workforce-development\/cpat.html\" target=\"_blank\" rel=\"noreferrer noopener\">CPAT \u2013 D\u00e9veloppement de la main-d\u2019\u0153uvre \u2013 Universit\u00e9 Vincennes<\/a><\/td><td>L\u2019Indiana<\/td><\/tr><tr><td><a href=\"https:\/\/evolutiontraining.center\/cpat\/\" target=\"_blank\" rel=\"noreferrer noopener\">CPAT : Test d\u2019aptitude physique du candidat \u2013 \u00c9volution de la formation \u00e0 la s\u00e9curit\u00e9 publique<\/a><\/td><td>L\u2019Indiana<\/td><\/tr><tr><td><a href=\"https:\/\/nationaltestingnetwork.com\/publicsafetyjobs\/ntn-test-cpat-pre.cfm\" target=\"_blank\" rel=\"noreferrer noopener\">Sites d\u2019examen NTN CPAT (Indiana)<\/a><\/td><td>L\u2019Indiana<\/td><\/tr><tr><td><a href=\"https:\/\/www.jccc.edu\/academics\/credit\/fire-science\/ce-fire-science-cpat.html\" target=\"_blank\" rel=\"noreferrer noopener\">Test d\u2019aptitude physique du candidat (CPAT) | Coll\u00e8ge communautaire du comt\u00e9 de Johnson<\/a><\/td><td>Le Kansas<\/td><\/tr><tr><td><a href=\"https:\/\/kyfirecommission.kctcs.edu\/fire_commission_programs\/cpat.aspx\" target=\"_blank\" rel=\"noreferrer noopener\">Commission des incendies du Kentucky CPAT<\/a><\/td><td>Le Kentucky<\/td><\/tr><tr><td><a href=\"https:\/\/www.thebigredguide.com\/news\/kentucky-high-school-offers-cpat-generation-co-1976-ga.1709485737.html\" target=\"_blank\" rel=\"noreferrer noopener\">Programme de service d\u2019incendie agr\u00e9\u00e9 CPAT du lyc\u00e9e Fairdale High School Pioneers | Nouvelles incendie  <\/a><\/td><td>Le Kentucky<\/td><\/tr><tr><td><a href=\"https:\/\/www.schoolcraft.edu\/testing-center\/specialized-testing\/firefighter-testing-program\/\" target=\"_blank\" rel=\"noreferrer noopener\">Tests pour pompiers \u2013 Centre d\u2019essais \u2013 Coll\u00e8ge Schoolcraft<\/a><\/td><td>Le Michigan<\/td><\/tr><tr><td><a href=\"https:\/\/training.lsc.edu\/home\/fire-rescue\/\" target=\"_blank\" rel=\"noreferrer noopener\">Pompiers et sauvetage \u2013 Formation personnalis\u00e9e et \u00e9ducation communautaire LSC  <\/a><\/td><td>Le Minnesota<\/td><\/tr><tr><td><a href=\"https:\/\/mcckc.edu\/continuing-education\/public-safety.aspx\" target=\"_blank\" rel=\"noreferrer noopener nofollow\">Coll\u00e8ge communautaire m\u00e9tropolitain &#8211; Kansas City<\/a><\/td><td>Missouri<\/td><\/tr><tr><td><a href=\"https:\/\/www.stlcofireacademy.com\/\" target=\"_blank\" rel=\"noreferrer noopener nofollow\">Acad\u00e9mie des pompiers du comt\u00e9 de St. Louis<\/a><\/td><td>Missouri<\/td><\/tr><tr><td><a href=\"http:\/\/www.mccneb.edu\/fist\" target=\"_blank\" rel=\"noreferrer noopener\">Coll\u00e8ge communautaire m\u00e9tropolitain &#8211; Nebraska<\/a><\/td><td>Le Nebraska<\/td><\/tr><tr><td><a href=\"https:\/\/csn.augusoft.net\/index.cfm?method=ClassListing.ClassListingDisplay&amp;int_category_id=11&amp;int_sub_category_id=106&amp;int_catalog_id=\" target=\"_blank\" rel=\"noreferrer noopener\">Cours du test d\u2019aptitude physique des candidats CPAT \u2013 Division de la main-d\u2019\u0153uvre et du d\u00e9veloppement \u00e9conomique<\/a><\/td><td>Le Nevada<\/td><\/tr><tr><td><a href=\"https:\/\/www.nh.gov\/safety\/divisions\/fstems\/facilities\/testing\/index.html\" target=\"_blank\" rel=\"noreferrer noopener\">Examen d\u2019entr\u00e9e d\u2019\u00c9tat | Division des normes et de la formation des incendies et des services m\u00e9dicaux d\u2019urgence | D\u00e9partement de la s\u00e9curit\u00e9 du NH<\/a><\/td><td>New Hampshire<\/td><\/tr><tr><td><a href=\"https:\/\/nmcpat.com\/\" target=\"_blank\" rel=\"noreferrer noopener\">Test d\u2019aptitude physique du candidat (CPAT) | Faites-vous tester \u2013 NMCPAT<\/a><\/td><td>Nouveau-Mexique<\/td><\/tr><tr><td><a href=\"https:\/\/www.greatplains.edu\/cpat\" target=\"_blank\" rel=\"noreferrer noopener nofollow\">Centre technologique des Grandes Plaines<\/a><\/td><td>Oklahoma<\/td><\/tr><tr><td><a href=\"https:\/\/nationaltestingnetwork.com\/publicsafetyjobs\/ntn-test-cpat-pre.cfm\" target=\"_blank\" rel=\"noreferrer noopener\">Sites d\u2019examen CPAT NTN (Oklahoma)<\/a><\/td><td>Oklahoma<\/td><\/tr><tr><td><a href=\"http:\/\/www.eoctech.edu\/public-services\/\" target=\"_blank\" rel=\"noreferrer noopener\">Services publics \u2013 Centre technologique du comt\u00e9 de l\u2019Est de l\u2019Oklahoma<\/a><\/td><td>Oklahoma<\/td><\/tr><tr><td><a href=\"https:\/\/nationaltestingnetwork.com\/publicsafetyjobs\/ntn-test-cpat-pre.cfm\" target=\"_blank\" rel=\"noreferrer noopener\">Sites de test CPAT NTN (Oregon)<\/a><\/td><td>Oregon<\/td><\/tr><tr><td><a href=\"https:\/\/www.publicsafetytesting.com\/information-center\/firefighter-cpat\/\" target=\"_blank\" rel=\"noreferrer noopener\">Tests de s\u00e9curit\u00e9 publique \u2013 CPAT pompier<\/a><\/td><td>Washington, \u00c9tats-Unis<\/td><\/tr><tr><td><a href=\"https:\/\/nationaltestingnetwork.com\/publicsafetyjobs\/ntn-test-cpat-pre.cfm\" target=\"_blank\" rel=\"noreferrer noopener\">Sites d\u2019examen NTN CPAT (Washington)<\/a><\/td><td>Washington, \u00c9tats-Unis<\/td><\/tr><tr><td><a href=\"https:\/\/www.fvtc.edu\/training-services\/public-safety-training\/fire\/fox-valley-regional-hiring-process-cpat\" target=\"_blank\" rel=\"noreferrer noopener\">Processus d\u2019embauche r\u00e9gional de Fox Valley (CPAT) | Coll\u00e8ge technique de Fox Valley<\/a><\/td><td>Le Wisconsin<\/td><\/tr><tr><td><a href=\"https:\/\/firedepartmenthiring.com\/candidate-physical-ability-test\/\" target=\"_blank\" rel=\"noreferrer noopener\">Test d\u2019aptitude physique du candidat | Embauche du service r\u00e9gional d\u2019incendie du Wisconsin  <\/a><\/td><td>Le Wisconsin<\/td><\/tr><tr><td><a href=\"https:\/\/www.ntc.edu\/about\/locations-facilities\/public-safety-center-excellence\/cpat\" target=\"_blank\" rel=\"noreferrer noopener\">Test d\u2019aptitude physique du candidat (CPAT) | Coll\u00e8ge technique Northcentral<\/a><\/td><td>Le Wisconsin<\/td><\/tr><tr><td><a href=\"https:\/\/nationaltestingnetwork.com\/publicsafetyjobs\/ntn-test-cpat-pre.cfm\" target=\"_blank\" rel=\"noreferrer noopener\">Sites d\u2019examen NTN CPAT (Wisconsin)<\/a><\/td><td>Le Wisconsin<\/td><\/tr><\/tbody><\/table><\/figure>\n<\/div>\n<section\n\t class=\"page-blocks iaff-page-blocks align wp-block-acf-page-blocks\" id=\"page-blocks_block_9a23ff2027140a57ece2e9d225a18012\">\n\t<div class=\"acf-innerblocks-container\">\n<section\n\t class=\"section-header mb-10 !mb-0 align !mb-0 wp-block-acf-section-header\" id=\"section-header_block_189b043cd5d25638955e4dc54f567acb\">\n\t<div class=\"\">\n\t<div class=\"flex flex-col md:flex-row justify-between max-w-content gap-x-8 md:items-end flex-wrap\">\n\t\t<h2 class=\"text-heading-200 pb-[2px]\">\n\t\t\tCanada\t\t<\/h2>\n\n\t\t\t\t\t<div class=\"md:order-last w-full\">\n\t\t\t\t\n\t<hr class=\"h-[6px] text-red border-red bg-red w-full my-0\" role=\"presentation\"\/>\n\n\t<div class=\"h-divider w-full bg-halftone-divider bg-right\"><\/div>\n\t\t\t<\/div>\n\t\t\n\t\t\t<\/div>\n<\/div>\n<\/section>\n\n<\/div><\/section>\n\n<div id=\"canada\" class=\"wp-block-group !mt-0 is-layout-constrained wp-block-group-is-layout-constrained\">\n<div class=\"iwm_map_overlay\"><div id=\"unique_iwm_2\"><!-- Map Generated CSS --> \n <style>\n.iwm_map_canvas { overflow:hidden; }\n#map_canvas_19 { margin-left: 0%; }\n#map_canvas_19 { margin-top: 0%; }\n#map_canvas_19 { width: 115%; height: 115%; }#iwm_19 .iwm_map_canvas:after { padding-top:42%; }#map_canvas_19 path:not([fill^=\"#f4f4f4\"]):hover { cursor:pointer; }#map_canvas_19 circle:hover { cursor:pointer; }#map_canvas_19 text:hover { cursor:pointer; }#map_canvas_19 image:hover { cursor:pointer; }#map_canvas_19 path:not([id]) { stroke:#c2c2c2; }#map_canvas_19 { background-repeat:no-repeat; background-size: 100% 100%; }\n#map_canvas_19 .google-visualization-tooltip * { font-family:'Rustica' !important; }#map_canvas_19 .google-visualization-tooltip { border-color:#0d0c2d; }#map_canvas_19 .google-visualization-tooltip { border-width:2px; }<\/style><div id=\"iwm_19\"><div style='pointer-events:visible;' class='iwm_map_canvas'><div id='map_canvas_19' data-map-id='19'  class='i_world_map ' style='pointer-events:visible;' class='iwm_map_canvas'><div class='iwm_placeholder'><img width='32px' alt='CPAT - Test Sites (Canada) Placeholder' title='CPAT - Test Sites (Canada)' src='https:\/\/www.iaff.org\/wp-content\/plugins\/interactive-world-maps\/imgs\/placeholder.png'><br>CPAT - Test Sites (Canada)<\/div><\/div><\/div><\/div><\/div><div id=\"unique_iwm_3\"><!-- Map Generated CSS --> \n <style>\n.iwm_map_canvas { overflow:hidden; }\n#map_canvas_21 { margin-left: 0%; }\n#map_canvas_21 { margin-top: 0%; }\n#map_canvas_21 { width: 115%; height: 115%; }#iwm_21 .iwm_map_canvas:after { padding-top:42%; }#map_canvas_21 { background-repeat:no-repeat; background-size: 100% 100%; }<\/style><div id=\"iwm_21\"><div class='iwm_map_canvas iwm_data'><div id='map_canvas_21' data-map-id='21'  class='i_world_map ' class='iwm_map_canvas iwm_data'><div class='iwm_placeholder'><img width='32px' alt='CPAT - Test Sites Overlay (Canada) Placeholder' title='CPAT - Test Sites Overlay (Canada)' src='https:\/\/www.iaff.org\/wp-content\/plugins\/interactive-world-maps\/imgs\/placeholder.png'><br>CPAT - Test Sites Overlay (Canada)<\/div><\/div><\/div><\/div><\/div><\/div>\n \t\t<!-- Map Overlay Styles -->\n\t\t<style type=\"text\/css\">\n\t\t.iwm_map_overlay #map_canvas_21 {\n\t\tpointer-events:none;\n\t\t}\n\n\t\t.iwm_map_overlay #map_canvas_21 path:not([fill-opacity=\"0.25\"])  {\n\t\tdisplay:none;\n\t\t}\n\n\t\t.iwm_map_overlay #map_canvas_21 g[clip-path] > * {\n\t\tdisplay:block;\n\t\tpointer-events:visible;\n\t\t}\n\n\t\t.iwm_map_overlay #map_canvas_21 path[fill-opacity=\"0.25\"]  {\n\t\tpointer-events:visible;\n\t\t}\n\n\t\t.iwm_map_overlay #map_canvas_21 text,\n\t\t.iwm_map_overlay #map_canvas_21 circle {\n\t\tpointer-events:visible;\n\t\t}\n\t\t<\/style>\n\n\n\n<figure class=\"wp-block-table border mt-4 p-default\"><table><thead><tr><th>Site Web (en)<\/th><th class=\"has-text-align-center\" data-align=\"center\">Province<\/th><\/tr><\/thead><tbody><tr><td><a href=\"https:\/\/www.calgary.ca\/careers\/fire.html\" target=\"_blank\" rel=\"noreferrer noopener nofollow\">Caserne #35 du service d\u2019incendie de Calgary (sur rendez-vous seulement)<\/a><\/td><td class=\"has-text-align-center\" data-align=\"center\">Alberta<\/td><\/tr><tr><td><a href=\"https:\/\/www.fireontario.com\/site\/home\" target=\"_blank\" rel=\"noreferrer noopener nofollow\">Services des pompiers de l\u2019Ontario<\/a><\/td><td class=\"has-text-align-center\" data-align=\"center\">L\u2019Ontario<\/td><\/tr><\/tbody><\/table><\/figure>\n<\/div>\n\n<style>g>circle{stroke: #000000!important;}\n.google-visualization-tooltip-item a {\ntext-decoration-thickness: 2px;\n    transition-property: color, background-color, border-color, text-decoration-color, fill, stroke;\n    transition-timing-function: \ncubic-bezier(.4, 0, .2, 1);\n    transition-duration: .3s;\n    --tw-text-opacity: 1;\n    color: rgb(1 11 163 \/ var(--tw-text-opacity, 1));\n    font-weight: 500;\ntext-decoration-line: underline;\n}\n\n@media(max-width: 767px) {\n.iwm_map_overlay {display: none;}\n}\n<\/style>\n<div class=\"wp-block-paragraph \">\n<p><\/p>\n<\/div>","protected":false},"excerpt":{"rendered":"<p>Site Web (en) \u00c9tat Sites d\u2019examen NTN CPAT (Alaska) Alaska CPAT \u2013 Test d\u2019aptitude physique des candidats | Science de l\u2019incendie | Coll\u00e8ge communautaire Mesa L\u2019Arizona Sites d\u2019examen CPAT NTN [&hellip;]<\/p>\n","protected":false},"featured_media":0,"parent":77920,"menu_order":0,"comment_status":"closed","ping_status":"closed","template":"","meta":{"_acf_changed":false,"_searchwp_excluded":"","inline_featured_image":false,"_EventAllDay":false,"_EventTimezone":"","_EventStartDate":"","_EventEndDate":"","_EventStartDateUTC":"","_EventEndDateUTC":"","_EventShowMap":false,"_EventShowMapLink":false,"_EventURL":"","_EventCost":"","_EventCostDescription":"","_EventCurrencySymbol":"","_EventCurrencyCode":"","_EventCurrencyPosition":"","_EventDateTimeSeparator":"","_EventTimeRangeSeparator":"","_EventOrganizerID":[],"_EventVenueID":[],"_OrganizerEmail":"","_OrganizerPhone":"","_OrganizerWebsite":"","_VenueAddress":"","_VenueCity":"","_VenueCountry":"","_VenueProvince":"","_VenueState":"","_VenueZip":"","_VenuePhone":"","_VenueURL":"","_VenueStateProvince":"","_VenueLat":"","_VenueLng":"","_VenueShowMap":false,"_VenueShowMapLink":false,"footnotes":""},"class_list":["post-107303","page","type-page","status-publish","hentry"],"acf":[],"publishpress_future_workflow_manual_trigger":{"enabledWorkflows":[]},"_links":{"self":[{"href":"https:\/\/www.iaff.org\/fr-ca\/wp-json\/wp\/v2\/pages\/107303","targetHints":{"allow":["GET"]}}],"collection":[{"href":"https:\/\/www.iaff.org\/fr-ca\/wp-json\/wp\/v2\/pages"}],"about":[{"href":"https:\/\/www.iaff.org\/fr-ca\/wp-json\/wp\/v2\/types\/page"}],"author":[{"embeddable":true,"href":"https:\/\/www.iaff.org\/fr-ca\/wp-json\/wp\/v2\/users\/3"}],"replies":[{"embeddable":true,"href":"https:\/\/www.iaff.org\/fr-ca\/wp-json\/wp\/v2\/comments?post=107303"}],"version-history":[{"count":3,"href":"https:\/\/www.iaff.org\/fr-ca\/wp-json\/wp\/v2\/pages\/107303\/revisions"}],"predecessor-version":[{"id":124415,"href":"https:\/\/www.iaff.org\/fr-ca\/wp-json\/wp\/v2\/pages\/107303\/revisions\/124415"}],"up":[{"embeddable":true,"href":"https:\/\/www.iaff.org\/fr-ca\/wp-json\/wp\/v2\/pages\/77920"}],"wp:attachment":[{"href":"https:\/\/www.iaff.org\/fr-ca\/wp-json\/wp\/v2\/media?parent=107303"}],"curies":[{"name":"wp","href":"https:\/\/api.w.org\/{rel}","templated":true}]}}