{"id":97828,"date":"2025-06-30T19:02:50","date_gmt":"2025-06-30T23:02:50","guid":{"rendered":"https:\/\/www.iaff.org\/97828-2\/"},"modified":"2025-07-01T11:50:23","modified_gmt":"2025-07-01T15:50:23","slug":"97828-2","status":"publish","type":"page","link":"https:\/\/www.iaff.org\/es\/97828-2\/","title":{"rendered":"Idaho LODD"},"content":{"rendered":"<section\n\t class=\"secondary-hero align wp-block-acf-secondary-hero\" id=\"secondary-hero_block_aea9ce8b0524a683dbd4eaa91030e4ee\">\n\t\n<header\n\tclass=\"w-full u-bg-full-width px-[22px] md:ps-bleed md:pe-0 py-[60px] bg-blue text-white u-has-rivets\"\n\tdata-theme=\"navy\"\n>\n\t<div class=\"flex flex-col !px-0 !max-w-[1440px] w-full lg:!ps-indent\">\n\t\t<div class=\"border-t-[6px] w-full my-0 flex flex-col md:flex-row gap-x-[62px] gap-y-[22px] border-gold\">\n\t\t\t\t\t\t\t<div class=\"relative grid md:order-last md:w-1\/2 overflow-hidden place-items-center max-h-[500px]\">\n\t\t\t\t\t<img decoding=\"async\" width=\"1599\" height=\"900\" src=\"https:\/\/www.iaff.org\/wp-content\/uploads\/2025\/06\/L2856-LODD-FB_TW_LN-2.jpg\" class=\"max-w-full\" alt=\"\" srcset=\"https:\/\/www.iaff.org\/wp-content\/uploads\/2025\/06\/L2856-LODD-FB_TW_LN-2.jpg 1599w, https:\/\/www.iaff.org\/wp-content\/uploads\/2025\/06\/L2856-LODD-FB_TW_LN-2-300x169.jpg 300w, https:\/\/www.iaff.org\/wp-content\/uploads\/2025\/06\/L2856-LODD-FB_TW_LN-2-1024x576.jpg 1024w, https:\/\/www.iaff.org\/wp-content\/uploads\/2025\/06\/L2856-LODD-FB_TW_LN-2-768x432.jpg 768w, https:\/\/www.iaff.org\/wp-content\/uploads\/2025\/06\/L2856-LODD-FB_TW_LN-2-1536x865.jpg 1536w, https:\/\/www.iaff.org\/wp-content\/uploads\/2025\/06\/L2856-LODD-FB_TW_LN-2-240x135.jpg 240w, https:\/\/www.iaff.org\/wp-content\/uploads\/2025\/06\/L2856-LODD-FB_TW_LN-2-1256x707.jpg 1256w, https:\/\/www.iaff.org\/wp-content\/uploads\/2025\/06\/L2856-LODD-FB_TW_LN-2-1440x810.jpg 1440w\" sizes=\"(max-width: 1599px) 100vw, 1599px\" \/>\t\t\t\t<\/div>\n\t\t\t\t\t\t<div class=\"w-full md:w-1\/2 md:py-[45px]\">\n\t\t\t\t<div class=\"max-w-[600px] flex flex-col gap-[22px]\">\n\t\t\t\t\t\t\t\t\t\t\t<h1 class=\"has-[.u-halftone-shadow--dark]:mb-divider has-[.u-halftone-shadow--light]:mb-divider\">\n\t\t\t\t\t\t\t<span class=\"inline-flex text-heading-200 u-halftone-shadow--light\">\n\t\t\t\t\t\t\t\tCOMUNICADO DE PRENSA: Bomberos de Idaho honran a sus hermanos ca\u00eddos \t\t\t\t\t\t\t<\/span>\n\t\t\t\t\t\t<\/h1>\n\t\t\t\t\t\t\t\t\t\t\t\t\t\t\t\t<div class=\"text-body-300 font-sans\">\n\t\t\t\t\t\t\t<p>30 de junio de 2025 <\/p>\n\t\t\t\t\t\t<\/div>\n\t\t\t\t\t\t\t\t\t\t\t\t\t\t\t\t\t\t\t\t\t\t\t\t<\/div>\n\t\t\t<\/div>\n\n\t\t<\/div>\n\t\t\t<\/div>\n<\/header>\n<\/section>\n<div class=\"wp-block-paragraph \">\n<p><strong>COEUR D&#8217;ALENE, IDAHO<\/strong> \u2013 Hoy, los jefes de bomberos del Departamento de Bomberos de Coeur d&#8217;Alene y de Rescate y Bomberos del Condado de Kootenai, as\u00ed como los presidentes de los Locales 710 y 2856, anunciaron los nombres de los fallecidos durante el ataque por emboscada en Coeur d&#8217;Alene, Idaho, ayer. <\/p>\n<\/div><div class=\"wp-block-paragraph \">\n<p><strong>John Morrison, Jr. &#8211; Jefe de batall\u00f3n del Departamento de Bomberos de Coeur d\u2019Alene y miembro del Local 710 de los Bomberos de Coeur D\u2019Alene  <\/strong> <\/p>\n<\/div>\n<figure class=\"wp-block-image size-full is-resized\"><img decoding=\"async\" width=\"964\" height=\"644\" src=\"https:\/\/www.iaff.org\/wp-content\/uploads\/2025\/06\/Picture1-1.jpg\" alt=\"\" class=\"wp-image-97834\" style=\"width:711px;height:auto\" srcset=\"https:\/\/www.iaff.org\/wp-content\/uploads\/2025\/06\/Picture1-1.jpg 964w, https:\/\/www.iaff.org\/wp-content\/uploads\/2025\/06\/Picture1-1-300x200.jpg 300w, https:\/\/www.iaff.org\/wp-content\/uploads\/2025\/06\/Picture1-1-768x513.jpg 768w, https:\/\/www.iaff.org\/wp-content\/uploads\/2025\/06\/Picture1-1-240x160.jpg 240w\" sizes=\"(max-width: 964px) 100vw, 964px\" \/><figcaption class=\"wp-element-caption\">John morrison<\/figcaption><\/figure>\n<div class=\"wp-block-paragraph \">\n<p>El hermano Morrison fue contratado por el Departamento de Bomberos de Coeur d&#8217;Alene en 1996, ascendiendo al rango de Jefe de Batall\u00f3n. Morrison era un devoto esposo, padre, hijo, amigo y entusiasta \u00e1vido de las motocicletas. Ten\u00eda 52 a\u00f1os.   <\/p>\n<\/div><div class=\"wp-block-paragraph \">\n<p><strong>Frank Harwood \u2013 Jefe de Batall\u00f3n de Rescate de Bomberos del Condado de Kootenai y miembro del Local 2856 de Bomberos y Rescate del Condado de Kootenai<\/strong><\/p>\n<\/div>\n<figure class=\"wp-block-image size-full is-resized\"><img decoding=\"async\" width=\"269\" height=\"357\" src=\"https:\/\/www.iaff.org\/wp-content\/uploads\/2025\/06\/Picture2.jpg\" alt=\"\" class=\"wp-image-97837\" style=\"width:480px;height:auto\" srcset=\"https:\/\/www.iaff.org\/wp-content\/uploads\/2025\/06\/Picture2.jpg 269w, https:\/\/www.iaff.org\/wp-content\/uploads\/2025\/06\/Picture2-226x300.jpg 226w, https:\/\/www.iaff.org\/wp-content\/uploads\/2025\/06\/Picture2-181x240.jpg 181w\" sizes=\"(max-width: 269px) 100vw, 269px\" \/><figcaption class=\"wp-element-caption\">Frank harwood<\/figcaption><\/figure>\n<div class=\"wp-block-paragraph \">\n<p>El hermano Harwood fue contratado por el Servicio de Bomberos del Condado de Kootenai en 2007, ascendiendo al rango de Jefe de Batall\u00f3n. Era padre, esposo, hijo y amigo. Ten\u00eda 42 a\u00f1os.   <\/p>\n<\/div><div class=\"wp-block-paragraph \">\n<p>El grupo tambi\u00e9n habl\u00f3 sobre el ingeniero del Departamento de Bomberos de Coeur d\u2019Alene y miembro del Local 710 <strong>Dave Tysdal<\/strong>, que actualmente se encuentra en estado cr\u00edtico tras sufrir heridas de bala durante el ataque de ayer. El hermano Tysdal ha estado en el Departamento de Bomberos de Coeur d\u2019Alene desde 2002.  <\/p>\n<\/div>\n<figure class=\"wp-block-image size-full is-resized\"><img decoding=\"async\" width=\"468\" height=\"312\" src=\"https:\/\/www.iaff.org\/wp-content\/uploads\/2025\/06\/Picture3.jpg\" alt=\"\" class=\"wp-image-97840\" style=\"width:666px;height:auto\" srcset=\"https:\/\/www.iaff.org\/wp-content\/uploads\/2025\/06\/Picture3.jpg 468w, https:\/\/www.iaff.org\/wp-content\/uploads\/2025\/06\/Picture3-300x200.jpg 300w, https:\/\/www.iaff.org\/wp-content\/uploads\/2025\/06\/Picture3-240x160.jpg 240w\" sizes=\"(max-width: 468px) 100vw, 468px\" \/><figcaption class=\"wp-element-caption\">Dave Tysdal<\/figcaption><\/figure>\n<div class=\"wp-block-paragraph \">\n<p>Para aquellos que deseen apoyar a las familias de los fallecidos y a la familia Tysdal, consideren la posibilidad de donar a los siguientes fondos ben\u00e9ficos: <\/p>\n<\/div><div class=\"wp-block-paragraph \">\n<p><a rel=\"noreferrer noopener\" target=\"_blank\" href=\"https:\/\/buy.stripe.com\/6oU14m1J24LOdQiguwfAc11\">Fondo conmemorativo John Morrison Jr. <\/a><\/p>\n<\/div><div class=\"wp-block-paragraph \">\n<p><a rel=\"noreferrer noopener\" target=\"_blank\" href=\"https:\/\/buy.stripe.com\/4gM5kCevObacfYq1zCfAc12\">Fondo conmemorativo Frank Harwood<\/a><\/p>\n<\/div><div class=\"wp-block-paragraph \">\n<p><a href=\"https:\/\/buy.stripe.com\/4gMfZg3Ra0vy3bE3HKfAc10\" target=\"_blank\" rel=\"noreferrer noopener\">Fondo de apoyo Dave Tysdal<\/a><\/p>\n<\/div><div class=\"wp-block-paragraph \">\n<p><a href=\"https:\/\/redbluefoundation.org\/donations\/\" target=\"_blank\" rel=\"noreferrer noopener\">Fundaci\u00f3n Rojo Azul<\/a><\/p>\n<\/div><div class=\"wp-block-paragraph \">\n<p><\/p>\n<\/div>","protected":false},"excerpt":{"rendered":"<p>COEUR D&#8217;ALENE, IDAHO \u2013 Hoy, los jefes de bomberos del Departamento de Bomberos de Coeur d&#8217;Alene y de Rescate y Bomberos del Condado de Kootenai, as\u00ed como los presidentes de [&hellip;]<\/p>\n","protected":false},"featured_media":97858,"parent":0,"menu_order":0,"comment_status":"closed","ping_status":"closed","template":"","meta":{"_acf_changed":false,"_searchwp_excluded":"","inline_featured_image":false,"_EventAllDay":false,"_EventTimezone":"","_EventStartDate":"","_EventEndDate":"","_EventStartDateUTC":"","_EventEndDateUTC":"","_EventShowMap":false,"_EventShowMapLink":false,"_EventURL":"","_EventCost":"","_EventCostDescription":"","_EventCurrencySymbol":"","_EventCurrencyCode":"","_EventCurrencyPosition":"","_EventDateTimeSeparator":"","_EventTimeRangeSeparator":"","_EventOrganizerID":[],"_EventVenueID":[],"_OrganizerEmail":"","_OrganizerPhone":"","_OrganizerWebsite":"","_VenueAddress":"","_VenueCity":"","_VenueCountry":"","_VenueProvince":"","_VenueState":"","_VenueZip":"","_VenuePhone":"","_VenueURL":"","_VenueStateProvince":"","_VenueLat":"","_VenueLng":"","_VenueShowMap":false,"_VenueShowMapLink":false,"footnotes":""},"class_list":["post-97828","page","type-page","status-publish","has-post-thumbnail","hentry"],"acf":[],"publishpress_future_workflow_manual_trigger":{"enabledWorkflows":[]},"_links":{"self":[{"href":"https:\/\/www.iaff.org\/es\/wp-json\/wp\/v2\/pages\/97828","targetHints":{"allow":["GET"]}}],"collection":[{"href":"https:\/\/www.iaff.org\/es\/wp-json\/wp\/v2\/pages"}],"about":[{"href":"https:\/\/www.iaff.org\/es\/wp-json\/wp\/v2\/types\/page"}],"author":[{"embeddable":true,"href":"https:\/\/www.iaff.org\/es\/wp-json\/wp\/v2\/users\/5"}],"replies":[{"embeddable":true,"href":"https:\/\/www.iaff.org\/es\/wp-json\/wp\/v2\/comments?post=97828"}],"version-history":[{"count":0,"href":"https:\/\/www.iaff.org\/es\/wp-json\/wp\/v2\/pages\/97828\/revisions"}],"wp:featuredmedia":[{"embeddable":true,"href":"https:\/\/www.iaff.org\/es\/wp-json\/wp\/v2\/media\/97858"}],"wp:attachment":[{"href":"https:\/\/www.iaff.org\/es\/wp-json\/wp\/v2\/media?parent=97828"}],"curies":[{"name":"wp","href":"https:\/\/api.w.org\/{rel}","templated":true}]}}