{"id":97366,"date":"2025-06-26T11:55:06","date_gmt":"2025-06-26T15:55:06","guid":{"rendered":"https:\/\/www.iaff.org\/enfermedad-infecciosa\/enfermedades\/tuberculosis\/"},"modified":"2025-06-26T11:56:38","modified_gmt":"2025-06-26T15:56:38","slug":"tuberculosis","status":"publish","type":"page","link":"https:\/\/www.iaff.org\/es\/enfermedad-infecciosa\/enfermedades\/tuberculosis\/","title":{"rendered":"Tuberculosis"},"content":{"rendered":"<section\n\t class=\"secondary-hero align wp-block-acf-secondary-hero\" id=\"secondary-hero_block_51983827a3d9c86bd5410cf11967d6f3\">\n\t\n<header\n\tclass=\"w-full u-bg-full-width px-[22px] md:ps-bleed md:pe-0 py-[60px] bg-smoke-5 text-black u-has-rivets u-rivets-dark\"\n\tdata-theme=\"gray\"\n>\n\t<div class=\"flex flex-col !px-0 !max-w-[1440px] w-full lg:!ps-indent\">\n\t\t<div class=\"border-t-[6px] w-full my-0 flex flex-col md:flex-row gap-x-[62px] gap-y-[22px] border-red\">\n\t\t\t\t\t\t<div class=\"w-full md:w-1\/2 md:py-[45px]\">\n\t\t\t\t<div class=\"max-w-[600px] flex flex-col gap-[22px]\">\n\t\t\t\t\t\t\t\t\t\t\t<h1 class=\"has-[.u-halftone-shadow--dark]:mb-divider has-[.u-halftone-shadow--light]:mb-divider pt-[22px] md:pt-0\">\n\t\t\t\t\t\t\t<span class=\"inline-flex text-heading-200 u-halftone-shadow--dark\">\n\t\t\t\t\t\t\t\tTuberculosis\t\t\t\t\t\t\t<\/span>\n\t\t\t\t\t\t<\/h1>\n\t\t\t\t\t\t\t\t\t\t\t\t\t\t\t\t\t\t\t\t\t\t\t\t\t\t\t\t\t<\/div>\n\t\t\t<\/div>\n\n\t\t<\/div>\n\t\t\t\t\t<div class=\"order-first flex justify-start w-full pb-[22px]\">\n\t\t\t\t<div\n\tclass=\"wp-block-button is-style-tertiary text-smoke is-style-tertiary-back\"\n>\n\t\t\t<a\n\t\t\thref=\"https:\/\/www.iaff.org\/es\/enfermedad-infecciosa\/enfermedades\/\"\n\t\t\tclass=\"wp-block-button__link wp-element-button group\"\n\t\t\t\t\t>\n\t\t\t<span\n\t\t\tclass=\"decoration-transparent underline underline-offset-2 group-hover:decoration-inherit group-focus-visible:decoration-inherit transition duration-hover\"\n\t\t>\n\t\t\tEnfermedad infecciosa\t\t<\/span>\n\n\t\t<span\n\t\t\tclass=\"bg-inherit transition-colors duration-hover group-hover:bg-gold group-focus:bg-gold inline-flex rotate-180 order-first\"\n\t\t>\n\t\t\t<svg xmlns=\"http:\/\/www.w3.org\/2000\/svg\" width=\"21\" height=\"22\" fill=\"none\" viewBox=\"0 0 21 22\"><path stroke=\"currentColor\" stroke-linecap=\"round\" stroke-width=\"2\" d=\"M20 20.75L20 2.25L1.5 2.25L1.5 20.75L20 20.75Z\" clip-rule=\"evenodd\"\/><path stroke=\"currentColor\" stroke-linecap=\"square\" stroke-width=\"2\" d=\"M14.0883 11.5L6.66406 11.5\"\/><path stroke=\"currentColor\" stroke-linecap=\"square\" stroke-width=\"2\" d=\"M11.0723 7.75205L14.8363 11.5L11.0723 15.248\"\/><\/svg>\t\t<\/span>\n\t<\/a><\/div>\n\t\t\t<\/div>\n\t\t\t<\/div>\n<\/header>\n<\/section>\n<section\n\t class=\"page-blocks iaff-page-blocks align wp-block-acf-page-blocks\" id=\"page-blocks_block_4857b2dcaf4fb07911354d1275649f68\">\n\t<div class=\"acf-innerblocks-container\">\n<div class=\"wp-block-paragraph \">\n<p>La tuberculosis (TB) es una grave enfermedad infecciosa que generalmente afecta a los pulmones, pero puede infectar cualquier parte del cuerpo. La infecci\u00f3n por TB es causada por la bacteria <em>Mycobacterium tuberculosis (MtB)<\/em>. Aunque la TB estuvo bien controlada en los Estados Unidos en el pasado, desde mediados de los a\u00f1os 80 se ha convertido en un problema de salud p\u00fablica cada vez m\u00e1s importante. Se estima que entre 10 y 15 millones de estadounidenses est\u00e1n infectados con la bacteria de la TB y tienen el potencial de desarrollar la enfermedad activa en el futuro.  <\/p>\n<\/div>\n\n<div class=\"wp-block-paragraph \">\n<p>Las poblaciones con alto riesgo de contraer nuevas infecciones de TB incluyen:<\/p>\n<\/div>\n\n<div class=\"wp-block-list\">\n<ul class=\"wp-block-list\">\n<li>Contactos cercanos de una persona con TB activa (infecciosa)<\/li>\n\n\n\n<li>Inmigrantes de \u00e1reas del mundo con altas tasas de TB<\/li>\n\n\n\n<li>Beb\u00e9s y ni\u00f1os menores de 5 a\u00f1os con una prueba de TB positiva<\/li>\n\n\n\n<li>Personas que viven o trabajan en instalaciones grupales (albergues para personas sin hogar, instituciones correccionales, residencias de ancianos, hospitales) y usuarios de drogas inyectables<\/li>\n\n\n\n<li>Personas con condiciones m\u00e9dicas o que reciben tratamientos que debilitan el sistema inmunol\u00f3gico: VIH\/SIDA, abuso de sustancias, silicosis, diabetes, enfermedad renal en etapa terminal, trasplantes de \u00f3rganos, c\u00e1ncer de cabeza y cuello y pacientes que reciben quimioterapia o esteroides.<\/li>\n<\/ul>\n<\/div>\n\n<div class=\"wp-block-paragraph \">\n<p>La tuberculosis es una preocupaci\u00f3n seria para todos los proveedores de atenci\u00f3n m\u00e9dica, incluidos los bomberos y otros socorristas que realizan servicios m\u00e9dicos de emergencia. En la Encuesta de Muerte y Lesiones de IAFF de 1998, las exposiciones a la tuberculosis representaron el 29,8% de todas las exposiciones a enfermedades transmisibles. <\/p>\n<\/div>\n\n\n<h3 class=\"wp-block-heading\">\u00bfC\u00f3mo se puede contraer?<\/h3>\n\n\n<div class=\"wp-block-paragraph \">\n<p>La principal forma de transmisi\u00f3n de la tuberculosis es a trav\u00e9s de la <strong>propagaci\u00f3n a\u00e9rea<\/strong>. Cuando las personas con TB activa (infecciosa) tosen, estornudan o hablan, producen gotitas que se dispersan en el aire. Otras personas pueden respirar el aire contaminado en sus pulmones y infectarse. La transmisi\u00f3n de TB generalmente requiere compartir el espacio a\u00e9reo de forma prolongada (d\u00edas o semanas) con una persona con infecci\u00f3n activa de TB. Los pacientes con TB activa no reconocida son los que tienen m\u00e1s probabilidades de transmitirla.<br\/>Podr\u00edas contraer o transmitir la TB a trav\u00e9s de:    <\/p>\n<\/div>\n\n<div class=\"wp-block-list\">\n<ul class=\"wp-block-list\">\n<li>Exposici\u00f3n al aire contaminado<div class=\"wp-block-list\">\n<ul class=\"wp-block-list\">\n<li>Contacto directo con una persona infectada<\/li>\n\n\n\n<li>Ciertos procedimientos m\u00e9dicos que generan aerosoles<div class=\"wp-block-list\">\n<ul class=\"wp-block-list\">\n<li>Succi\u00f3n, intubaci\u00f3n endotraqueal<\/li>\n\n\n\n<li>Administraci\u00f3n de medicamentos en aerosol (nebulizadores)<\/li>\n<\/ul>\n<\/div><\/li>\n<\/ul>\n<\/div><\/li>\n<\/ul>\n<\/div>\n\n<div class=\"wp-block-paragraph \">\n<p>Una persona con tuberculosis activa tiene el potencial de infectar a muchas otras. Las gotitas contaminadas con TB pueden permanecer en el aire durante un tiempo prolongado y ser transportadas de un \u00e1rea a otra a trav\u00e9s de las corrientes de calefacci\u00f3n\/aire acondicionado. La bacteria de la TB tambi\u00e9n es eliminada por la luz ultravioleta. Los trabajadores de la salud, incluidos los socorristas, tambi\u00e9n tienen un potencial significativo de transmitir esta bacteria a trav\u00e9s de m\u00faltiples contactos con pacientes.   <\/p>\n<\/div>\n\n<section\n\t class=\"section-header mb-10 align wp-block-acf-section-header\" id=\"section-header_block_0969204f03dfd192f9d949f26b8b8a09\">\n\t<div class=\"\">\n\t<div class=\"flex flex-col md:flex-row justify-between max-w-content gap-x-8 md:items-end flex-wrap\">\n\t\t<h2 class=\"text-heading-200 pb-[2px]\">\n\t\t\tS\u00edntomas\t\t<\/h2>\n\n\t\t\t\t\t<div class=\"md:order-last w-full\">\n\t\t\t\t\n\t<hr class=\"h-[6px] text-red border-red bg-red w-full my-0\" role=\"presentation\"\/>\n\n\t<div class=\"h-divider w-full bg-halftone-divider bg-right\"><\/div>\n\t\t\t<\/div>\n\t\t\n\t\t\t<\/div>\n<\/div>\n<\/section>\n\n\n<div class=\"wp-block-paragraph \">\n<p>La infecci\u00f3n por TB puede ser <strong>activa<\/strong> o <strong>latente<\/strong>. Los pacientes con TB activa tienen s\u00edntomas similares a la neumon\u00eda y son contagiosos. Los s\u00edntomas pueden incluir:  <\/p>\n<\/div>\n\n<div class=\"wp-block-list\">\n<ul class=\"wp-block-list\">\n<li>Tos que dura 3 semanas o m\u00e1s<\/li>\n\n\n\n<li>Dolor en el pecho<\/li>\n\n\n\n<li>Esputo con sangre<\/li>\n\n\n\n<li>Debilidad o fatiga<\/li>\n\n\n\n<li>P\u00e9rdida de peso o disminuci\u00f3n del apetito<\/li>\n\n\n\n<li>Fiebre o escalofr\u00edos<\/li>\n\n\n\n<li>Sudores nocturnos<\/li>\n<\/ul>\n<\/div>\n\n<div class=\"wp-block-paragraph \">\n<p>Aunque la mayor\u00eda de las personas sanas (90-95%) no desarrollan la enfermedad de TB activa, dos grupos tienen el mayor riesgo de desarrollar una enfermedad sintom\u00e1tica: (1) personas con nuevas infecciones de tuberculosis y (2) aquellas con sistemas inmunol\u00f3gicos debilitados.<\/p>\n<\/div>\n\n<div class=\"wp-block-paragraph \">\n<p>La mayor\u00eda de las personas que se infectan con tuberculosis desarrollan una <strong><em>infecci\u00f3n de TB latente (LTBI)<\/em><\/strong>. Las personas con infecci\u00f3n de TB latente no tienen ning\u00fan s\u00edntoma. No tosen, no tienen fiebre ni otras evidencias de infecci\u00f3n activa y no pueden transmitir la bacteria a otros. Sus sistemas inmunol\u00f3gicos son capaces de contener la infecci\u00f3n, pero no de eliminarla. El riesgo de progresar de LTBI a TB activa es m\u00e1s alto en los a\u00f1os inmediatamente posteriores a la infecci\u00f3n, pero existe cierto riesgo continuo a menos que se realice un tratamiento para la LTBI. Alrededor del 5 al 10% de las personas infectadas que no reciben tratamiento para la infecci\u00f3n de TB latente desarrollar\u00e1n la enfermedad de TB activa en alg\u00fan momento de sus vidas. Para las personas con sistemas inmunol\u00f3gicos debilitados, el riesgo es mayor. Por lo tanto, <strong>es esencial que las personas con infecci\u00f3n de TB latente reciban tratamiento para prevenir el desarrollo de TB activa.<\/strong>       <\/p>\n<\/div>\n\n<section\n\t class=\"section-header mb-10 align wp-block-acf-section-header\" id=\"section-header_block_8b76b12b5b3a53dc52fd6579b2f0069a\">\n\t<div class=\"\">\n\t<div class=\"flex flex-col md:flex-row justify-between max-w-content gap-x-8 md:items-end flex-wrap\">\n\t\t<h2 class=\"text-heading-200 pb-[2px]\">\n\t\t\tPrevenci\u00f3n\t\t<\/h2>\n\n\t\t\t\t\t<div class=\"md:order-last w-full\">\n\t\t\t\t\n\t<hr class=\"h-[6px] text-red border-red bg-red w-full my-0\" role=\"presentation\"\/>\n\n\t<div class=\"h-divider w-full bg-halftone-divider bg-right\"><\/div>\n\t\t\t<\/div>\n\t\t\n\t\t\t<\/div>\n<\/div>\n<\/section>\n\n\n<div class=\"wp-block-paragraph \">\n<p>La identificaci\u00f3n temprana y el tratamiento de las personas expuestas a la tuberculosis son fundamentales para prevenir la transmisi\u00f3n de la TB. Se recomienda el cribado anual de tuberculosis para todos los bomberos en la NFPA 1581, Programas de Control de Infecciones del Departamento de Bomberos. Los socorristas pueden reducir su exposici\u00f3n a la TB mediante el uso constante de EPP y precauciones respiratorias.  <\/p>\n<\/div>\n\n<div class=\"wp-block-paragraph \">\n<p>En pa\u00edses como Estados Unidos, donde la TB no es extremadamente com\u00fan, rara vez se recomienda la vacuna. La vacuna utilizada en otros pa\u00edses, BCG (Bacilo de Calmette-Gu\u00e9rin), es una vacuna bacteriana viva que funciona para prevenir la propagaci\u00f3n de la TB dentro del cuerpo, pero no previene que ocurra la infecci\u00f3n en primer lugar. Las indicaciones para su uso en trabajadores de la salud, aunque raras, se pueden encontrar en: <a href=\"http:\/\/www.cdc.gov\/tb\/publications\/factsheets\/prevention\/BCG.htm\" target=\"_blank\" rel=\"noopener\">http:\/\/www.cdc.gov\/tb\/publications\/factsheets\/prevention\/BCG.htm<\/a><br\/>Puedes ayudar a prevenir la propagaci\u00f3n de la tuberculosis mediante:  <\/p>\n<\/div>\n\n<div class=\"wp-block-list\">\n<ul class=\"wp-block-list\">\n<li>Realizarte pruebas de TB cada a\u00f1o<\/li>\n\n\n\n<li>El uso de precauciones universales<div class=\"wp-block-list\">\n<ul class=\"wp-block-list\">\n<li>Asumir que los pacientes con s\u00edntomas respiratorios tienen TB y proporcionarles mascarillas quir\u00fargicas<\/li>\n\n\n\n<li>Limite estrictamente el n\u00famero de miembros del equipo que tengan contacto directo con el paciente<\/li>\n\n\n\n<li>Usar equipo de protecci\u00f3n personal (EPP) incluyendo respiradores certificados por NIOSH que sean N95 o superiores. La informaci\u00f3n de CDC\/NIOSH sobre el uso de respiradores por trabajadores de la salud para la protecci\u00f3n contra la TB se puede encontrar en: <a href=\"http:\/\/www.cdc.gov\/tb\/publications\/factsheets\/prevention\/rphcs.htm\" target=\"_blank\" rel=\"noopener\">http:\/\/www.cdc.gov\/tb\/publications\/factsheets\/prevention\/rphcs.htm<\/a> y un video en: <a href=\"http:\/\/www.cdc.gov\/niosh\/docs\/video\/tb.html\" target=\"_blank\" rel=\"noopener\">http:\/\/www.cdc.gov\/niosh\/docs\/video\/tb.html<\/a> <\/li>\n\n\n\n<li>Operar los sistemas de ventilaci\u00f3n de ambulancias o veh\u00edculos en modo no recirculante y traer la mayor cantidad posible de aire exterior<\/li>\n\n\n\n<li>Operar el ventilador de escape trasero durante el transporte, si est\u00e1 disponible; el aire debe fluir desde la parte delantera del veh\u00edculo, sobre el paciente y salir por el ventilador de escape trasero<\/li>\n\n\n\n<li>Utilizar unidades de ventilaci\u00f3n recirculante con filtros HEPA cuando est\u00e9n disponibles<\/li>\n\n\n\n<li>Utilice higiene respiratoria\/etiqueta de la tos<\/li>\n<\/ul>\n<\/div><\/li>\n\n\n\n<li>La Ley Ryan White de Recursos Integrales de Emergencia para el SIDA de 1990 ordena la notificaci\u00f3n al personal de EMS despu\u00e9s de que hayan estado expuestos a un paciente con enfermedad de TB sospechosa o confirmada.<\/li>\n\n\n\n<li>Mantener un plan de control de TB por escrito en cada lugar de trabajo<\/li>\n<\/ul>\n<\/div>\n\n<section\n\t class=\"section-header mb-10 align wp-block-acf-section-header\" id=\"section-header_block_89d9f1630b8b8ab00639625446a7b129\">\n\t<div class=\"\">\n\t<div class=\"flex flex-col md:flex-row justify-between max-w-content gap-x-8 md:items-end flex-wrap\">\n\t\t<h2 class=\"text-heading-200 pb-[2px]\">\n\t\t\t\u00bfQu\u00e9 debes hacer si crees que has estado expuesto a la tuberculosis?\t\t<\/h2>\n\n\t\t\t\t\t<div class=\"md:order-last w-full\">\n\t\t\t\t\n\t<hr class=\"h-[6px] text-red border-red bg-red w-full my-0\" role=\"presentation\"\/>\n\n\t<div class=\"h-divider w-full bg-halftone-divider bg-right\"><\/div>\n\t\t\t<\/div>\n\t\t\n\t\t\t<\/div>\n<\/div>\n<\/section>\n\n\n<div class=\"wp-block-paragraph \">\n<p>Si crees que has estado expuesto a alguien con enfermedad de TB activa, informa inmediatamente la exposici\u00f3n a tu oficial de control de infecciones y\/o director m\u00e9dico y consulta a un proveedor de atenci\u00f3n m\u00e9dica para realizar pruebas de tuberculosis. Hay dos tipos de pruebas de TB: <\/p>\n<\/div>\n\n<div class=\"wp-block-list\">\n<ul class=\"wp-block-list\">\n<li>Prueba cut\u00e1nea de tuberculina (TST)<\/li>\n\n\n\n<li>Pruebas de sangre para TB<\/li>\n<\/ul>\n<\/div>\n\n<div class=\"wp-block-paragraph \">\n<p>Si tu prueba inicial es negativa, debes recibir una segunda prueba 8-10 semanas despu\u00e9s de la \u00faltima vez que estuviste expuesto a la fuente infecciosa, ya que tu sistema inmunol\u00f3gico puede tardar varias semanas en responder.<\/p>\n<\/div>\n\n<div class=\"wp-block-paragraph \">\n<p>Un \u201cconversor de PPD\u201d es alguien que ha tenido una prueba cut\u00e1nea negativa en el pasado y ahora tiene una prueba cut\u00e1nea positiva. En promedio, las personas infectadas con TB tienen un 10% de probabilidad de desarrollar la enfermedad de TB activa en alg\u00fan momento de sus vidas. <\/p>\n<\/div>\n\n<div class=\"wp-block-paragraph \">\n<p>Para los empleados que han tenido pruebas cut\u00e1neas de PPD negativas en el pasado y no tienen otras fuentes de exposici\u00f3n, es probable que una nueva conversi\u00f3n de PPD se deba a una exposici\u00f3n \u00aben el trabajo\u00bb. Deber\u00edan ser elegibles para <strong>compensaci\u00f3n laboral<\/strong> por cualquier gasto m\u00e9dico o tiempo de trabajo perdido incurrido debido a esta exposici\u00f3n ahora o en cualquier momento en el futuro. <\/p>\n<\/div>\n\n<div class=\"wp-block-paragraph \">\n<p>Las pruebas positivas de TB no indican si la persona tiene una infecci\u00f3n de TB activa o latente. El historial m\u00e9dico de s\u00edntomas, el examen f\u00edsico, una radiograf\u00eda de t\u00f3rax y una muestra de esputo para analizar la bacteria de TB son importantes para el seguimiento de los resultados positivos de las pruebas. <\/p>\n<\/div>\n\n<div class=\"wp-block-paragraph \">\n<p><strong>Tratamiento para LTBI<\/strong><\/p>\n<\/div>\n\n<div class=\"wp-block-paragraph \">\n<p>Si no hay signos de enfermedad activa con este seguimiento, frecuentemente se necesita tratamiento para prevenir futuras enfermedades activas en los nuevos \u201cconversores de PPD\u201d. Generalmente se utiliza un tratamiento con isoniacida (INH) durante 6-12 meses. La INH puede ser t\u00f3xica para el h\u00edgado, por lo que las personas no deben beber bebidas alcoh\u00f3licas durante los meses que la est\u00e1n tomando. Existe un riesgo menor de desarrollar hepatitis inducida por INH (inflamaci\u00f3n del h\u00edgado), particularmente entre las personas mayores de 35 a\u00f1os, por lo que se realizan an\u00e1lisis de sangre para verificar las enzimas hep\u00e1ticas peri\u00f3dicamente. Aunque la hepatitis ocurre solo en un peque\u00f1o n\u00famero de las personas que toman el medicamento, debe sopesarse contra la posibilidad de desarrollar TB, que puede ser una infecci\u00f3n fatal. Incluso las personas mayores pueden ser tratadas de manera segura con INH con un cuidadoso monitoreo.     <\/p>\n<\/div>\n\n<div class=\"wp-block-paragraph \">\n<p>Las personas que reciben tratamiento preventivo para TB no son infecciosas y pueden continuar con sus actividades laborales normales.<\/p>\n<\/div>\n\n<div class=\"wp-block-paragraph \">\n<p><strong>Tratamiento para TB activa (infecciosa)<\/strong><\/p>\n<\/div>\n\n<div class=\"wp-block-paragraph \">\n<p>Los pacientes que se descubre que tienen TB activa deben tomar m\u00faltiples medicamentos durante un per\u00edodo prolongado de tiempo para erradicar completamente la infecci\u00f3n activa. Se necesitar\u00e1n adaptaciones laborales mientras sean infecciosos. La finalizaci\u00f3n de todo el tratamiento es importante para prevenir la TB resistente a los medicamentos.  <\/p>\n<\/div>\n<\/div><\/section>\n","protected":false},"excerpt":{"rendered":"","protected":false},"featured_media":0,"parent":95345,"menu_order":0,"comment_status":"closed","ping_status":"closed","template":"","meta":{"_acf_changed":false,"_searchwp_excluded":"","inline_featured_image":false,"_EventAllDay":false,"_EventTimezone":"","_EventStartDate":"","_EventEndDate":"","_EventStartDateUTC":"","_EventEndDateUTC":"","_EventShowMap":false,"_EventShowMapLink":false,"_EventURL":"","_EventCost":"","_EventCostDescription":"","_EventCurrencySymbol":"","_EventCurrencyCode":"","_EventCurrencyPosition":"","_EventDateTimeSeparator":"","_EventTimeRangeSeparator":"","_EventOrganizerID":[],"_EventVenueID":[],"_OrganizerEmail":"","_OrganizerPhone":"","_OrganizerWebsite":"","_VenueAddress":"","_VenueCity":"","_VenueCountry":"","_VenueProvince":"","_VenueState":"","_VenueZip":"","_VenuePhone":"","_VenueURL":"","_VenueStateProvince":"","_VenueLat":"","_VenueLng":"","_VenueShowMap":false,"_VenueShowMapLink":false,"footnotes":""},"class_list":["post-97366","page","type-page","status-publish","hentry"],"acf":[],"publishpress_future_workflow_manual_trigger":{"enabledWorkflows":[]},"_links":{"self":[{"href":"https:\/\/www.iaff.org\/es\/wp-json\/wp\/v2\/pages\/97366","targetHints":{"allow":["GET"]}}],"collection":[{"href":"https:\/\/www.iaff.org\/es\/wp-json\/wp\/v2\/pages"}],"about":[{"href":"https:\/\/www.iaff.org\/es\/wp-json\/wp\/v2\/types\/page"}],"author":[{"embeddable":true,"href":"https:\/\/www.iaff.org\/es\/wp-json\/wp\/v2\/users\/32403"}],"replies":[{"embeddable":true,"href":"https:\/\/www.iaff.org\/es\/wp-json\/wp\/v2\/comments?post=97366"}],"version-history":[{"count":0,"href":"https:\/\/www.iaff.org\/es\/wp-json\/wp\/v2\/pages\/97366\/revisions"}],"up":[{"embeddable":true,"href":"https:\/\/www.iaff.org\/es\/wp-json\/wp\/v2\/pages\/95345"}],"wp:attachment":[{"href":"https:\/\/www.iaff.org\/es\/wp-json\/wp\/v2\/media?parent=97366"}],"curies":[{"name":"wp","href":"https:\/\/api.w.org\/{rel}","templated":true}]}}