{"id":97309,"date":"2025-06-26T09:37:50","date_gmt":"2025-06-26T13:37:50","guid":{"rendered":"https:\/\/www.iaff.org\/enfermedad-infecciosa\/enfermedades\/rabia\/"},"modified":"2025-06-26T09:39:29","modified_gmt":"2025-06-26T13:39:29","slug":"rabia","status":"publish","type":"page","link":"https:\/\/www.iaff.org\/es\/enfermedad-infecciosa\/enfermedades\/rabia\/","title":{"rendered":"Rabia"},"content":{"rendered":"<section\n\t class=\"secondary-hero align wp-block-acf-secondary-hero\" id=\"secondary-hero_block_4f5642ce7a163b3022ca1556faab5503\">\n\t\n<header\n\tclass=\"w-full u-bg-full-width px-[22px] md:ps-bleed md:pe-0 py-[60px] bg-smoke-5 text-black u-has-rivets u-rivets-dark\"\n\tdata-theme=\"gray\"\n>\n\t<div class=\"flex flex-col !px-0 !max-w-[1440px] w-full lg:!ps-indent\">\n\t\t<div class=\"border-t-[6px] w-full my-0 flex flex-col md:flex-row gap-x-[62px] gap-y-[22px] border-red\">\n\t\t\t\t\t\t<div class=\"w-full md:w-1\/2 md:py-[45px]\">\n\t\t\t\t<div class=\"max-w-[600px] flex flex-col gap-[22px]\">\n\t\t\t\t\t\t\t\t\t\t\t<h1 class=\"has-[.u-halftone-shadow--dark]:mb-divider has-[.u-halftone-shadow--light]:mb-divider pt-[22px] md:pt-0\">\n\t\t\t\t\t\t\t<span class=\"inline-flex text-heading-200 u-halftone-shadow--dark\">\n\t\t\t\t\t\t\t\tRabia\t\t\t\t\t\t\t<\/span>\n\t\t\t\t\t\t<\/h1>\n\t\t\t\t\t\t\t\t\t\t\t\t\t\t\t\t\t\t\t\t\t\t\t\t\t\t\t\t\t<\/div>\n\t\t\t<\/div>\n\n\t\t<\/div>\n\t\t\t\t\t<div class=\"order-first flex justify-start w-full pb-[22px]\">\n\t\t\t\t<div\n\tclass=\"wp-block-button is-style-tertiary text-smoke is-style-tertiary-back\"\n>\n\t\t\t<a\n\t\t\thref=\"https:\/\/www.iaff.org\/es\/enfermedad-infecciosa\/enfermedades\/\"\n\t\t\tclass=\"wp-block-button__link wp-element-button group\"\n\t\t\t\t\t>\n\t\t\t<span\n\t\t\tclass=\"decoration-transparent underline underline-offset-2 group-hover:decoration-inherit group-focus-visible:decoration-inherit transition duration-hover\"\n\t\t>\n\t\t\tEnfermedad infecciosa\t\t<\/span>\n\n\t\t<span\n\t\t\tclass=\"bg-inherit transition-colors duration-hover group-hover:bg-gold group-focus:bg-gold inline-flex rotate-180 order-first\"\n\t\t>\n\t\t\t<svg xmlns=\"http:\/\/www.w3.org\/2000\/svg\" width=\"21\" height=\"22\" fill=\"none\" viewBox=\"0 0 21 22\"><path stroke=\"currentColor\" stroke-linecap=\"round\" stroke-width=\"2\" d=\"M20 20.75L20 2.25L1.5 2.25L1.5 20.75L20 20.75Z\" clip-rule=\"evenodd\"\/><path stroke=\"currentColor\" stroke-linecap=\"square\" stroke-width=\"2\" d=\"M14.0883 11.5L6.66406 11.5\"\/><path stroke=\"currentColor\" stroke-linecap=\"square\" stroke-width=\"2\" d=\"M11.0723 7.75205L14.8363 11.5L11.0723 15.248\"\/><\/svg>\t\t<\/span>\n\t<\/a><\/div>\n\t\t\t<\/div>\n\t\t\t<\/div>\n<\/header>\n<\/section>\n<section\n\t class=\"page-blocks iaff-page-blocks align wp-block-acf-page-blocks\" id=\"page-blocks_block_acf4da58bff267b0cb6620d5b0c1ec2d\">\n\t<div class=\"acf-innerblocks-container\">\n<div class=\"wp-block-paragraph \">\n<p>La rabia es una infecci\u00f3n viral de la familia Rhabdoviridae que suele ser mortal una vez que los s\u00edntomas progresan. Afortunadamente, la rabia es poco frecuente en los Estados Unidos y Canad\u00e1 y puede prevenirse mediante un tratamiento post-exposici\u00f3n si se inicia tempranamente. Es principalmente una enfermedad de animales.  <\/p>\n<\/div>\n\n\n<h3 class=\"wp-block-heading\">\u00bfC\u00f3mo se puede contraer?<\/h3>\n\n\n<div class=\"wp-block-paragraph \">\n<p>La rabia se propaga a trav\u00e9s de la saliva infectada. El virus ingresa al cuerpo a trav\u00e9s de una mordedura o contacto con la piel lesionada o las membranas mucosas, y luego viaja al cerebro. Una vez en el sistema nervioso central, el virus causa inflamaci\u00f3n que conduce a los s\u00edntomas enumerados a continuaci\u00f3n.  <\/p>\n<\/div>\n\n<div class=\"wp-block-paragraph \">\n<p>Las mordeduras de perro son una causa com\u00fan de rabia en los pa\u00edses en desarrollo, pero rara vez resultan en rabia en los Estados Unidos. La vacunaci\u00f3n de animales dom\u00e9sticos ha contribuido enormemente a este control. Sin embargo, los animales salvajes a\u00fan pueden transmitir la enfermedad, incluyendo murci\u00e9lagos, mapaches, zorros y mofetas.  <\/p>\n<\/div>\n\n<div class=\"wp-block-paragraph \">\n<p>Se puede contraer la rabia por:<\/p>\n<\/div>\n\n<div class=\"wp-block-list\">\n<ul class=\"wp-block-list\">\n<li>Mordeduras de animales infectados<\/li>\n\n\n\n<li>Se han reportado casos raros de saliva de un animal infectado que entra en contacto con heridas abiertas o membranas mucosas, como la boca o los ojos<\/li>\n\n\n\n<li>Se han reportado casos raros de transmisi\u00f3n por aerosol<\/li>\n<\/ul>\n<\/div>\n\n<section\n\t class=\"section-header mb-10 align wp-block-acf-section-header\" id=\"section-header_block_f3f3f2644bc01e5fb1a10b4d86b56bc0\">\n\t<div class=\"\">\n\t<div class=\"flex flex-col md:flex-row justify-between max-w-content gap-x-8 md:items-end flex-wrap\">\n\t\t<h2 class=\"text-heading-200 pb-[2px]\">\n\t\t\tS\u00edntomas\t\t<\/h2>\n\n\t\t\t\t\t<div class=\"md:order-last w-full\">\n\t\t\t\t\n\t<hr class=\"h-[6px] text-red border-red bg-red w-full my-0\" role=\"presentation\"\/>\n\n\t<div class=\"h-divider w-full bg-halftone-divider bg-right\"><\/div>\n\t\t\t<\/div>\n\t\t\n\t\t\t<\/div>\n<\/div>\n<\/section>\n\n\n<div class=\"wp-block-paragraph \">\n<p>Los s\u00edntomas de la rabia no se presentan inmediatamente. Hay un per\u00edodo de incubaci\u00f3n antes del inicio de los s\u00edntomas. Este per\u00edodo puede variar en diferentes personas, pero el tiempo promedio es de 1 a 3 meses.  <\/p>\n<\/div>\n\n<div class=\"wp-block-paragraph \">\n<p>Los signos y s\u00edntomas de la rabia pueden incluir:<\/p>\n<\/div>\n\n<div class=\"wp-block-list\">\n<ul class=\"wp-block-list\">\n<li>Fiebre, dolor de cabeza, debilidad general similar a la mayor\u00eda de las infecciones virales<\/li>\n<\/ul>\n<\/div>\n\n<div class=\"wp-block-paragraph \">\n<p>Estos s\u00edntomas progresan con el tiempo para incluir:<\/p>\n<\/div>\n\n<div class=\"wp-block-list\">\n<ul class=\"wp-block-list\">\n<li>Salivaci\u00f3n excesiva<\/li>\n\n\n\n<li>Convulsiones<\/li>\n\n\n\n<li>Sensaci\u00f3n exagerada en el sitio de la mordedura<\/li>\n\n\n\n<li>P\u00e9rdida de la funci\u00f3n muscular y espasmos<\/li>\n\n\n\n<li>Agitaci\u00f3n y\/o excitaci\u00f3n<\/li>\n\n\n\n<li>Disminuci\u00f3n de la conciencia, alucinaciones<\/li>\n\n\n\n<li>Dificultad para tragar<\/li>\n<\/ul>\n<\/div>\n\n<div class=\"wp-block-paragraph \">\n<p><strong>Complicaciones:<\/strong> Una vez que aparecen los s\u00edntomas, la persona rara vez sobrevive a la enfermedad, incluso con tratamiento. La muerte por insuficiencia respiratoria generalmente ocurre dentro de los 7 d\u00edas despu\u00e9s del inicio de los s\u00edntomas. <\/p>\n<\/div>\n\n<section\n\t class=\"section-header mb-10 align wp-block-acf-section-header\" id=\"section-header_block_1011babecfe17bb58c1eec7736071e36\">\n\t<div class=\"\">\n\t<div class=\"flex flex-col md:flex-row justify-between max-w-content gap-x-8 md:items-end flex-wrap\">\n\t\t<h2 class=\"text-heading-200 pb-[2px]\">\n\t\t\tPrevenci\u00f3n\t\t<\/h2>\n\n\t\t\t\t\t<div class=\"md:order-last w-full\">\n\t\t\t\t\n\t<hr class=\"h-[6px] text-red border-red bg-red w-full my-0\" role=\"presentation\"\/>\n\n\t<div class=\"h-divider w-full bg-halftone-divider bg-right\"><\/div>\n\t\t\t<\/div>\n\t\t\n\t\t\t<\/div>\n<\/div>\n<\/section>\n\n\n<div class=\"wp-block-paragraph \">\n<p>La rabia es una infecci\u00f3n viral prevenible.<\/p>\n<\/div>\n\n<div class=\"wp-block-list\">\n<ul class=\"wp-block-list\">\n<li>Evite el contacto con animales que no conozca.<\/li>\n\n\n\n<li>Las vacunas pre-exposici\u00f3n son para aquellos en trabajos de alto riesgo (por ejemplo, oficiales de control de animales y vida silvestre o aquellos que viajan frecuentemente a pa\u00edses con una alta tasa de rabia).<\/li>\n\n\n\n<li>Aseg\u00farese de que todas sus mascotas reciban las inmunizaciones adecuadas.<\/li>\n<\/ul>\n<\/div>\n\n<section\n\t class=\"section-header mb-10 align wp-block-acf-section-header\" id=\"section-header_block_d5f41a2175725eca32e6500f43e8c02a\">\n\t<div class=\"\">\n\t<div class=\"flex flex-col md:flex-row justify-between max-w-content gap-x-8 md:items-end flex-wrap\">\n\t\t<h2 class=\"text-heading-200 pb-[2px]\">\n\t\t\t\u00bfQu\u00e9 debe hacer si est\u00e1 expuesto a la enfermedad o la contrae?\t\t<\/h2>\n\n\t\t\t\t\t<div class=\"md:order-last w-full\">\n\t\t\t\t\n\t<hr class=\"h-[6px] text-red border-red bg-red w-full my-0\" role=\"presentation\"\/>\n\n\t<div class=\"h-divider w-full bg-halftone-divider bg-right\"><\/div>\n\t\t\t<\/div>\n\t\t\n\t\t\t<\/div>\n<\/div>\n<\/section>\n\n\n<div class=\"wp-block-paragraph \">\n<p>Si es mordido o ara\u00f1ado por un animal, intente recopilar la siguiente informaci\u00f3n (solicite la ayuda de otras personas cercanas si es aplicable):<\/p>\n<\/div>\n\n<div class=\"wp-block-list\">\n<ul class=\"wp-block-list\">\n<li>Ubicaci\u00f3n del accidente<\/li>\n\n\n\n<li>Tipo de animal involucrado (mascota dom\u00e9stica o animal salvaje)<\/li>\n\n\n\n<li>Tipo de exposici\u00f3n (corte, ara\u00f1azo, lamido de herida abierta)<\/li>\n\n\n\n<li>Parte del cuerpo involucrada<\/li>\n\n\n\n<li>N\u00famero de exposiciones<\/li>\n\n\n\n<li>Si el animal ha sido inmunizado contra la rabia o no<\/li>\n\n\n\n<li>Si el animal est\u00e1 enfermo o sano &#8211; si \u201cest\u00e1 enfermo,\u201d qu\u00e9 s\u00edntomas estaban presentes<\/li>\n\n\n\n<li>Si el animal est\u00e1 disponible para pruebas o cuarentena<\/li>\n<\/ul>\n<\/div>\n\n<div class=\"wp-block-paragraph \">\n<p>No intente capturar al animal usted mismo. En su lugar, llame a las autoridades locales de control animal. El animal puede ser observado para detectar signos y s\u00edntomas de rabia durante un per\u00edodo de diez d\u00edas. Alternativamente, las autoridades sacrificar\u00e1n al animal para permitir la prueba de inmunofluorescencia del tejido cerebral. En cuesti\u00f3n de horas, esta prueba puede determinar si el animal ten\u00eda el virus de la rabia.    <\/p>\n<\/div>\n\n<div class=\"wp-block-paragraph \">\n<p><strong>Inmediatamente despu\u00e9s de la exposici\u00f3n:<\/strong><\/p>\n<\/div>\n\n<div class=\"wp-block-list\">\n<ul class=\"wp-block-list\">\n<li>Limpie la herida a fondo con agua y jab\u00f3n. La limpieza de la herida es especialmente importante en la prevenci\u00f3n de la rabia ya que, en estudios con animales, se ha demostrado que una limpieza exhaustiva de la herida por s\u00ed sola, sin otra profilaxis post-exposici\u00f3n, reduce notablemente la probabilidad de rabia. <\/li>\n\n\n\n<li>Si es posible, irrigue con un agente virucida como la soluci\u00f3n de povidona yodada.<\/li>\n\n\n\n<li>La mayor\u00eda de las heridas por mordedura no se cierran con puntos de sutura, ya que esto puede aumentar la probabilidad de infecci\u00f3n. Informe el incidente a su supervisor y\/o oficial de control de infecciones. <\/li>\n\n\n\n<li>Busque tratamiento m\u00e9dico inmediatamente.<\/li>\n<\/ul>\n<\/div>\n\n<div class=\"wp-block-paragraph \">\n<p><strong>Evaluaci\u00f3n m\u00e9dica para una exposici\u00f3n:<\/strong><\/p>\n<\/div>\n\n<div class=\"wp-block-paragraph \">\n<p>Adem\u00e1s de la limpieza de la herida, para individuos no inmunizados (lo que incluye a la mayor\u00eda de los bomberos y personal de EMS) esto incluye:<\/p>\n<\/div>\n\n<div class=\"wp-block-list\">\n<ul class=\"wp-block-list\">\n<li>Hay disponible una vacuna post-exposici\u00f3n que se administra en 4 dosis durante 14 d\u00edas.<\/li>\n\n\n\n<li>La inmunoglobulina humana antirr\u00e1bica (HRIG) se administra como una inyecci\u00f3n \u00fanica alrededor de la mordedura el d\u00eda en que ocurri\u00f3.<\/li>\n<\/ul>\n<\/div>\n\n<div class=\"wp-block-paragraph \">\n<p>No se conoce cura una vez que han comenzado los s\u00edntomas de la infecci\u00f3n por rabia.<\/p>\n<\/div>\n<\/div><\/section>\n","protected":false},"excerpt":{"rendered":"","protected":false},"featured_media":0,"parent":95345,"menu_order":0,"comment_status":"closed","ping_status":"closed","template":"","meta":{"_acf_changed":false,"_searchwp_excluded":"","inline_featured_image":false,"_EventAllDay":false,"_EventTimezone":"","_EventStartDate":"","_EventEndDate":"","_EventStartDateUTC":"","_EventEndDateUTC":"","_EventShowMap":false,"_EventShowMapLink":false,"_EventURL":"","_EventCost":"","_EventCostDescription":"","_EventCurrencySymbol":"","_EventCurrencyCode":"","_EventCurrencyPosition":"","_EventDateTimeSeparator":"","_EventTimeRangeSeparator":"","_EventOrganizerID":[],"_EventVenueID":[],"_OrganizerEmail":"","_OrganizerPhone":"","_OrganizerWebsite":"","_VenueAddress":"","_VenueCity":"","_VenueCountry":"","_VenueProvince":"","_VenueState":"","_VenueZip":"","_VenuePhone":"","_VenueURL":"","_VenueStateProvince":"","_VenueLat":"","_VenueLng":"","_VenueShowMap":false,"_VenueShowMapLink":false,"footnotes":""},"class_list":["post-97309","page","type-page","status-publish","hentry"],"acf":[],"publishpress_future_workflow_manual_trigger":{"enabledWorkflows":[]},"_links":{"self":[{"href":"https:\/\/www.iaff.org\/es\/wp-json\/wp\/v2\/pages\/97309","targetHints":{"allow":["GET"]}}],"collection":[{"href":"https:\/\/www.iaff.org\/es\/wp-json\/wp\/v2\/pages"}],"about":[{"href":"https:\/\/www.iaff.org\/es\/wp-json\/wp\/v2\/types\/page"}],"author":[{"embeddable":true,"href":"https:\/\/www.iaff.org\/es\/wp-json\/wp\/v2\/users\/32403"}],"replies":[{"embeddable":true,"href":"https:\/\/www.iaff.org\/es\/wp-json\/wp\/v2\/comments?post=97309"}],"version-history":[{"count":0,"href":"https:\/\/www.iaff.org\/es\/wp-json\/wp\/v2\/pages\/97309\/revisions"}],"up":[{"embeddable":true,"href":"https:\/\/www.iaff.org\/es\/wp-json\/wp\/v2\/pages\/95345"}],"wp:attachment":[{"href":"https:\/\/www.iaff.org\/es\/wp-json\/wp\/v2\/media?parent=97309"}],"curies":[{"name":"wp","href":"https:\/\/api.w.org\/{rel}","templated":true}]}}