{"id":96609,"date":"2024-03-11T10:40:52","date_gmt":"2024-03-11T14:40:52","guid":{"rendered":"https:\/\/www.iaff.org\/enfermedad-infecciosa\/enfermedades\/diarrea-infecciosa-campylobacter-salmonella-shigella-e-coli\/"},"modified":"2025-06-23T12:02:10","modified_gmt":"2025-06-23T16:02:10","slug":"diarrea-infecciosa-campylobacter-salmonella-shigella-e-coli","status":"publish","type":"page","link":"https:\/\/www.iaff.org\/es\/enfermedad-infecciosa\/enfermedades\/diarrea-infecciosa-campylobacter-salmonella-shigella-e-coli\/","title":{"rendered":"Diarrea infecciosa (Campylobacter, Salmonella, Shigella, E. Coli)"},"content":{"rendered":"<section\n\t class=\"secondary-hero align wp-block-acf-secondary-hero\" id=\"secondary-hero_block_bbd581862f35ceaf9670eafd3549edf0\">\n\t\n<header\n\tclass=\"w-full u-bg-full-width px-[22px] md:ps-bleed md:pe-0 py-[60px] bg-smoke-5 text-black u-has-rivets u-rivets-dark\"\n\tdata-theme=\"gray\"\n>\n\t<div class=\"flex flex-col !px-0 !max-w-[1440px] w-full lg:!ps-indent\">\n\t\t<div class=\"border-t-[6px] w-full my-0 flex flex-col md:flex-row gap-x-[62px] gap-y-[22px] border-red\">\n\t\t\t\t\t\t<div class=\"w-full md:w-1\/2 md:py-[45px]\">\n\t\t\t\t<div class=\"max-w-[600px] flex flex-col gap-[22px]\">\n\t\t\t\t\t\t\t\t\t\t\t<h1 class=\"has-[.u-halftone-shadow--dark]:mb-divider has-[.u-halftone-shadow--light]:mb-divider pt-[22px] md:pt-0\">\n\t\t\t\t\t\t\t<span class=\"inline-flex text-heading-200 u-halftone-shadow--dark\">\n\t\t\t\t\t\t\t\tDiarrea infecciosa (Campylobacter, Salmonella, Shigella, E. Coli)\t\t\t\t\t\t\t<\/span>\n\t\t\t\t\t\t<\/h1>\n\t\t\t\t\t\t\t\t\t\t\t\t\t\t\t\t\t\t\t\t\t\t\t\t\t\t\t\t\t<\/div>\n\t\t\t<\/div>\n\n\t\t<\/div>\n\t\t\t\t\t<div class=\"order-first flex justify-start w-full pb-[22px]\">\n\t\t\t\t<div\n\tclass=\"wp-block-button is-style-tertiary text-smoke is-style-tertiary-back\"\n>\n\t\t\t<a\n\t\t\thref=\"https:\/\/www.iaff.org\/es\/enfermedad-infecciosa\/enfermedades\/\"\n\t\t\tclass=\"wp-block-button__link wp-element-button group\"\n\t\t\t\t\t>\n\t\t\t<span\n\t\t\tclass=\"decoration-transparent underline underline-offset-2 group-hover:decoration-inherit group-focus-visible:decoration-inherit transition duration-hover\"\n\t\t>\n\t\t\tEnfermedades infecciosas\t\t<\/span>\n\n\t\t<span\n\t\t\tclass=\"bg-inherit transition-colors duration-hover group-hover:bg-gold group-focus:bg-gold inline-flex rotate-180 order-first\"\n\t\t>\n\t\t\t<svg xmlns=\"http:\/\/www.w3.org\/2000\/svg\" width=\"21\" height=\"22\" fill=\"none\" viewBox=\"0 0 21 22\"><path stroke=\"currentColor\" stroke-linecap=\"round\" stroke-width=\"2\" d=\"M20 20.75L20 2.25L1.5 2.25L1.5 20.75L20 20.75Z\" clip-rule=\"evenodd\"\/><path stroke=\"currentColor\" stroke-linecap=\"square\" stroke-width=\"2\" d=\"M14.0883 11.5L6.66406 11.5\"\/><path stroke=\"currentColor\" stroke-linecap=\"square\" stroke-width=\"2\" d=\"M11.0723 7.75205L14.8363 11.5L11.0723 15.248\"\/><\/svg>\t\t<\/span>\n\t<\/a><\/div>\n\t\t\t<\/div>\n\t\t\t<\/div>\n<\/header>\n<\/section>\n<section\n\t class=\"page-blocks iaff-page-blocks align wp-block-acf-page-blocks\" id=\"page-blocks_block_0116bc7b74522938a640ec6c9ce2152e\">\n\t<div class=\"acf-innerblocks-container\">\n<div class=\"wp-block-paragraph \">\n<p>La diarrea infecciosa es causada por la ingesti\u00f3n de bacterias como Campylobacter, Salmonella, Shigella o E. Coli. Los bomberos pueden adquirir la infecci\u00f3n tras el contacto con una persona infectada. <\/p>\n<\/div>\n\n\n<h3 class=\"wp-block-heading\">\u00bfC\u00f3mo se puede contraer?<\/h3>\n\n\n<div class=\"wp-block-paragraph \">\n<p>La diarrea infecciosa se transmite a trav\u00e9s del contacto con heces infectadas. Las bacterias se propagan al ingerir alimentos o agua contaminados o por contacto directo con heces infectadas. Las bacterias pueden propagarse de persona a persona si alguien no se lava las manos despu\u00e9s de una deposici\u00f3n y luego toca otros objetos o las manos de otra persona.  <\/p>\n<\/div>\n\n<div class=\"wp-block-paragraph \">\n<p>Puede contraer diarrea infecciosa de las siguientes maneras:<\/p>\n<\/div>\n\n<div class=\"wp-block-list\">\n<ul class=\"wp-block-list\">\n<li>Consumiendo carne o aves contaminadas con bacterias durante el procesamiento o la preparaci\u00f3n de los alimentos<\/li>\n\n\n\n<li>Bebiendo agua contaminada<\/li>\n\n\n\n<li>Consumiendo alimentos que han estado sin refrigerar durante demasiado tiempo (productos l\u00e1cteos o alimentos que contienen mayonesa como ensalada de col o ensalada de patatas)<\/li>\n\n\n\n<li>Pescado crudo o ostras<\/li>\n\n\n\n<li>Carnes o huevos poco cocidos<\/li>\n\n\n\n<li>Frutas o verduras sin lavar<\/li>\n\n\n\n<li>Leche no pasteurizada<\/li>\n\n\n\n<li>Una iguana mascota u otros lagartos, tortugas o serpientes (los reptiles son portadores de salmonella)<\/li>\n\n\n\n<li>Viajando a pa\u00edses sin una adecuada sanidad del agua o de los alimentos<\/li>\n<\/ul>\n<\/div>\n\n<section\n\t class=\"section-header mb-10 align wp-block-acf-section-header\" id=\"section-header_block_95b3a1afc20742f9e93cd8a1e65afcbf\">\n\t<div class=\"\">\n\t<div class=\"flex flex-col md:flex-row justify-between max-w-content gap-x-8 md:items-end flex-wrap\">\n\t\t<h2 class=\"text-heading-200 pb-[2px]\">\n\t\t\tS\u00edntomas\t\t<\/h2>\n\n\t\t\t\t\t<div class=\"md:order-last w-full\">\n\t\t\t\t\n\t<hr class=\"h-[6px] text-red border-red bg-red w-full my-0\" role=\"presentation\"\/>\n\n\t<div class=\"h-divider w-full bg-halftone-divider bg-right\"><\/div>\n\t\t\t<\/div>\n\t\t\n\t\t\t<\/div>\n<\/div>\n<\/section>\n\n\n<div class=\"wp-block-paragraph \">\n<p>Los signos y s\u00edntomas de la diarrea infecciosa pueden incluir:<\/p>\n<\/div>\n\n<div class=\"wp-block-list\">\n<ul class=\"wp-block-list\">\n<li>Diarrea repentina y severa<\/li>\n\n\n\n<li>En ocasiones, diarrea sanguinolenta, especialmente con E. coli<\/li>\n\n\n\n<li>Fiebre<\/li>\n\n\n\n<li>Gases<\/li>\n\n\n\n<li>Calambres estomacales<\/li>\n\n\n\n<li>N\u00e1useas y\/o v\u00f3mitos<\/li>\n\n\n\n<li>Dolor muscular<\/li>\n\n\n\n<li>La E. coli severa puede reducir la cantidad de orina, producir orina sanguinolenta o facilitar la aparici\u00f3n de moretones<\/li>\n<\/ul>\n<\/div>\n\n<div class=\"wp-block-paragraph \">\n<p>El tiempo para que los s\u00edntomas se desarrollen y se resuelvan:<\/p>\n<\/div>\n\n<div class=\"wp-block-list\">\n<ul class=\"wp-block-list\">\n<li>E. coli: S\u00edntomas de 1 a 3 d\u00edas despu\u00e9s de la infecci\u00f3n; recuperaci\u00f3n en 1 a 2 d\u00edas<\/li>\n\n\n\n<li>Campylobacter: S\u00edntomas de 2 a 4 d\u00edas despu\u00e9s de la exposici\u00f3n; dura aproximadamente una semana<\/li>\n\n\n\n<li>Salmonella: S\u00edntomas en 8 a 48 horas y dura de 2 a 5 d\u00edas<\/li>\n\n\n\n<li>Shigella: S\u00edntomas en 1 a 7 d\u00edas y dura de 2 a 7 d\u00edas<\/li>\n<\/ul>\n<\/div>\n\n<div class=\"wp-block-paragraph \">\n<p>Dependiendo de la bacteria, las complicaciones incluyen deshidrataci\u00f3n, anemia, insuficiencia renal y meningitis. En raras ocasiones, la infecci\u00f3n por Campylobacter est\u00e1 relacionada con el s\u00edndrome de Guillain-Barr\u00e9, que es una forma de par\u00e1lisis. <\/p>\n<\/div>\n\n<section\n\t class=\"section-header mb-10 align wp-block-acf-section-header\" id=\"section-header_block_0f08e0a3b4e6f2c978eb8b24e9f90194\">\n\t<div class=\"\">\n\t<div class=\"flex flex-col md:flex-row justify-between max-w-content gap-x-8 md:items-end flex-wrap\">\n\t\t<h2 class=\"text-heading-200 pb-[2px]\">\n\t\t\tPrevenci\u00f3n\t\t<\/h2>\n\n\t\t\t\t\t<div class=\"md:order-last w-full\">\n\t\t\t\t\n\t<hr class=\"h-[6px] text-red border-red bg-red w-full my-0\" role=\"presentation\"\/>\n\n\t<div class=\"h-divider w-full bg-halftone-divider bg-right\"><\/div>\n\t\t\t<\/div>\n\t\t\n\t\t\t<\/div>\n<\/div>\n<\/section>\n\n\n<div class=\"wp-block-list\">\n<ul class=\"wp-block-list\">\n<li>Precauciones de contacto<\/li>\n\n\n\n<li>Lavado de manos cuidadoso<\/li>\n\n\n\n<li>No consuma alimentos ni agua contaminados.<\/li>\n\n\n\n<li>Cocine bien las carnes, especialmente las carnes molidas que tienen m\u00e1s probabilidades de estar contaminadas.<\/li>\n\n\n\n<li>Si posee un reptil, use guantes al manipular al animal o sus heces, ya que los animales pueden transmitir f\u00e1cilmente la Salmonella a los humanos.<\/li>\n<\/ul>\n<\/div>\n\n<section\n\t class=\"section-header mb-10 align wp-block-acf-section-header\" id=\"section-header_block_863a60c88adb48cd0959f3b56759b8c6\">\n\t<div class=\"\">\n\t<div class=\"flex flex-col md:flex-row justify-between max-w-content gap-x-8 md:items-end flex-wrap\">\n\t\t<h2 class=\"text-heading-200 pb-[2px]\">\n\t\t\t\u00bfQu\u00e9 debe hacer si est\u00e1 expuesto a la enfermedad o la contrae?\t\t<\/h2>\n\n\t\t\t\t\t<div class=\"md:order-last w-full\">\n\t\t\t\t\n\t<hr class=\"h-[6px] text-red border-red bg-red w-full my-0\" role=\"presentation\"\/>\n\n\t<div class=\"h-divider w-full bg-halftone-divider bg-right\"><\/div>\n\t\t\t<\/div>\n\t\t\n\t\t\t<\/div>\n<\/div>\n<\/section>\n\n\n<div class=\"wp-block-paragraph \">\n<p>Debe consultar a un proveedor de atenci\u00f3n m\u00e9dica si tiene sangre en la orina o en las heces. Si no puede mantenerse hidratado o su diarrea persiste, tambi\u00e9n debe buscar atenci\u00f3n m\u00e9dica. Su m\u00e9dico realizar\u00e1 un examen f\u00edsico y puede realizar pruebas de laboratorio de sus alimentos y\/o heces para aislar la bacteria.  <\/p>\n<\/div>\n\n<div class=\"wp-block-paragraph \">\n<p>El tratamiento est\u00e1 dirigido a hacer que el paciente se sienta mejor y evitar la deshidrataci\u00f3n. Los antibi\u00f3ticos generalmente no se utilizan ya que estas infecciones suelen resolverse sin ellos. Los antibi\u00f3ticos pueden usarse para infecciones m\u00e1s graves, como las que se propagan fuera del tracto gastrointestinal e infecciones graves por Shigella. La medicaci\u00f3n antidiarreica puede prolongar la infecci\u00f3n al ralentizar el tr\u00e1nsito de las bacterias a trav\u00e9s del intestino.   <\/p>\n<\/div>\n\n<div class=\"wp-block-paragraph \">\n<p>Estas cosas pueden ayudarle a sentirse mejor si tiene diarrea:<\/p>\n<\/div>\n\n<div class=\"wp-block-list\">\n<ul class=\"wp-block-list\">\n<li>Beba de 8 a 10 vasos de l\u00edquidos claros todos los d\u00edas. El agua es lo mejor, junto con las bebidas mencionadas a continuaci\u00f3n. <\/li>\n\n\n\n<li>Beba al menos 1 taza de l\u00edquido cada vez que tenga una deposici\u00f3n suelta.<\/li>\n\n\n\n<li>Coma peque\u00f1as comidas a lo largo del d\u00eda, en lugar de tres comidas grandes.<\/li>\n\n\n\n<li>Consuma algunos alimentos salados, como pretzels, sopa y bebidas deportivas.<\/li>\n\n\n\n<li>Consuma algunos alimentos ricos en potasio, como pl\u00e1tanos, patatas sin piel y jugos de frutas diluidos.<\/li>\n<\/ul>\n<\/div>\n<\/div><\/section>\n","protected":false},"excerpt":{"rendered":"","protected":false},"featured_media":0,"parent":95345,"menu_order":0,"comment_status":"closed","ping_status":"closed","template":"","meta":{"_acf_changed":false,"_searchwp_excluded":"","inline_featured_image":false,"_EventAllDay":false,"_EventTimezone":"","_EventStartDate":"","_EventEndDate":"","_EventStartDateUTC":"","_EventEndDateUTC":"","_EventShowMap":false,"_EventShowMapLink":false,"_EventURL":"","_EventCost":"","_EventCostDescription":"","_EventCurrencySymbol":"","_EventCurrencyCode":"","_EventCurrencyPosition":"","_EventDateTimeSeparator":"","_EventTimeRangeSeparator":"","_EventOrganizerID":[],"_EventVenueID":[],"_OrganizerEmail":"","_OrganizerPhone":"","_OrganizerWebsite":"","_VenueAddress":"","_VenueCity":"","_VenueCountry":"","_VenueProvince":"","_VenueState":"","_VenueZip":"","_VenuePhone":"","_VenueURL":"","_VenueStateProvince":"","_VenueLat":"","_VenueLng":"","_VenueShowMap":false,"_VenueShowMapLink":false,"footnotes":""},"class_list":["post-96609","page","type-page","status-publish","hentry"],"acf":[],"publishpress_future_workflow_manual_trigger":{"enabledWorkflows":[]},"_links":{"self":[{"href":"https:\/\/www.iaff.org\/es\/wp-json\/wp\/v2\/pages\/96609","targetHints":{"allow":["GET"]}}],"collection":[{"href":"https:\/\/www.iaff.org\/es\/wp-json\/wp\/v2\/pages"}],"about":[{"href":"https:\/\/www.iaff.org\/es\/wp-json\/wp\/v2\/types\/page"}],"author":[{"embeddable":true,"href":"https:\/\/www.iaff.org\/es\/wp-json\/wp\/v2\/users\/3"}],"replies":[{"embeddable":true,"href":"https:\/\/www.iaff.org\/es\/wp-json\/wp\/v2\/comments?post=96609"}],"version-history":[{"count":0,"href":"https:\/\/www.iaff.org\/es\/wp-json\/wp\/v2\/pages\/96609\/revisions"}],"up":[{"embeddable":true,"href":"https:\/\/www.iaff.org\/es\/wp-json\/wp\/v2\/pages\/95345"}],"wp:attachment":[{"href":"https:\/\/www.iaff.org\/es\/wp-json\/wp\/v2\/media?parent=96609"}],"curies":[{"name":"wp","href":"https:\/\/api.w.org\/{rel}","templated":true}]}}