{"id":96604,"date":"2024-03-11T11:03:21","date_gmt":"2024-03-11T15:03:21","guid":{"rendered":"https:\/\/www.iaff.org\/enfermedad-infecciosa\/enfermedades\/piojos\/"},"modified":"2025-06-23T12:02:37","modified_gmt":"2025-06-23T16:02:37","slug":"piojos","status":"publish","type":"page","link":"https:\/\/www.iaff.org\/es\/enfermedad-infecciosa\/enfermedades\/piojos\/","title":{"rendered":"Piojos"},"content":{"rendered":"<section\n\t class=\"secondary-hero align wp-block-acf-secondary-hero\" id=\"secondary-hero_block_e56bb01cdf9d5344c0864e7669f48206\">\n\t\n<header\n\tclass=\"w-full u-bg-full-width px-[22px] md:ps-bleed md:pe-0 py-[60px] bg-smoke-5 text-black u-has-rivets u-rivets-dark\"\n\tdata-theme=\"gray\"\n>\n\t<div class=\"flex flex-col !px-0 !max-w-[1440px] w-full lg:!ps-indent\">\n\t\t<div class=\"border-t-[6px] w-full my-0 flex flex-col md:flex-row gap-x-[62px] gap-y-[22px] border-red\">\n\t\t\t\t\t\t<div class=\"w-full md:w-1\/2 md:py-[45px]\">\n\t\t\t\t<div class=\"max-w-[600px] flex flex-col gap-[22px]\">\n\t\t\t\t\t\t\t\t\t\t\t<h1 class=\"has-[.u-halftone-shadow--dark]:mb-divider has-[.u-halftone-shadow--light]:mb-divider pt-[22px] md:pt-0\">\n\t\t\t\t\t\t\t<span class=\"inline-flex text-heading-200 u-halftone-shadow--dark\">\n\t\t\t\t\t\t\t\tPiojos\t\t\t\t\t\t\t<\/span>\n\t\t\t\t\t\t<\/h1>\n\t\t\t\t\t\t\t\t\t\t\t\t\t\t\t\t\t\t\t\t\t\t\t\t\t\t\t\t\t<\/div>\n\t\t\t<\/div>\n\n\t\t<\/div>\n\t\t\t\t\t<div class=\"order-first flex justify-start w-full pb-[22px]\">\n\t\t\t\t<div\n\tclass=\"wp-block-button is-style-tertiary text-smoke is-style-tertiary-back\"\n>\n\t\t\t<a\n\t\t\thref=\"https:\/\/www.iaff.org\/es\/enfermedad-infecciosa\/enfermedades\/\"\n\t\t\tclass=\"wp-block-button__link wp-element-button group\"\n\t\t\t\t\t>\n\t\t\t<span\n\t\t\tclass=\"decoration-transparent underline underline-offset-2 group-hover:decoration-inherit group-focus-visible:decoration-inherit transition duration-hover\"\n\t\t>\n\t\t\tEnfermedades infecciosas\t\t<\/span>\n\n\t\t<span\n\t\t\tclass=\"bg-inherit transition-colors duration-hover group-hover:bg-gold group-focus:bg-gold inline-flex rotate-180 order-first\"\n\t\t>\n\t\t\t<svg xmlns=\"http:\/\/www.w3.org\/2000\/svg\" width=\"21\" height=\"22\" fill=\"none\" viewBox=\"0 0 21 22\"><path stroke=\"currentColor\" stroke-linecap=\"round\" stroke-width=\"2\" d=\"M20 20.75L20 2.25L1.5 2.25L1.5 20.75L20 20.75Z\" clip-rule=\"evenodd\"\/><path stroke=\"currentColor\" stroke-linecap=\"square\" stroke-width=\"2\" d=\"M14.0883 11.5L6.66406 11.5\"\/><path stroke=\"currentColor\" stroke-linecap=\"square\" stroke-width=\"2\" d=\"M11.0723 7.75205L14.8363 11.5L11.0723 15.248\"\/><\/svg>\t\t<\/span>\n\t<\/a><\/div>\n\t\t\t<\/div>\n\t\t\t<\/div>\n<\/header>\n<\/section>\n<section\n\t class=\"page-blocks iaff-page-blocks align wp-block-acf-page-blocks\" id=\"page-blocks_block_8685ead52d41092c64a1baa659e44183\">\n\t<div class=\"acf-innerblocks-container\">\n<div class=\"wp-block-paragraph \">\n<p>Los piojos son peque\u00f1os par\u00e1sitos que viven enteramente en los seres humanos. La pediculosis es el t\u00e9rmino para una infestaci\u00f3n de piojos. Las hembras se adhieren a la piel o al cabello y depositan sus huevos, llamados liendres. Los piojos adultos tienen el tama\u00f1o de una semilla de s\u00e9samo, poseen seis patas y son de color beige a blanco gris\u00e1ceo.   <\/p>\n<\/div>\n\n<div class=\"wp-block-paragraph \">\n<p>Tanto los adultos como las larvas inmaduras se alimentan de sangre humana. Las peque\u00f1as picaduras de los piojos son intensamente irritantes, lo que conduce al rascado y al potencial de infecciones secundarias de la piel por bacterias presentes en la misma. <\/p>\n<\/div>\n\n\n<figure class=\"wp-block-table\"><table><tbody><tr><td colspan=\"3\">Existen tres tipos de piojos:<\/td><\/tr><tr><td>Piojos corporales<\/td><td><em>(Pediculus humanus corporis)<\/em><\/td><td>De mayor tama\u00f1o que los piojos de la cabeza o p\u00fabicos Viven en las costuras de la ropa<\/td><\/tr><tr><td>Piojos de la cabeza<\/td><td><em>(Pediculus humanus capitis)<\/em><\/td><td>Viven en el cuero cabelludo, las cejas y las pesta\u00f1as M\u00e1s comunes en ni\u00f1os<\/td><\/tr><tr><td>Piojos p\u00fabicos<\/td><td><em>(Phthirus pubis; \u201cladillas\u201d)<\/em><\/td><td>Viven en la zona p\u00fabica, ocasionalmente en otro vello corporal grueso como las axilas o la barba<\/td><\/tr><\/tbody><\/table><\/figure>\n\n\n<div class=\"wp-block-paragraph \">\n<p>La sarna es una enfermedad cut\u00e1nea causada por \u00e1caros, un tipo de par\u00e1sito, que penetran la piel para cavar t\u00faneles. El \u00e1caro deposita sus huevos debajo de la piel en estos t\u00faneles, causando un intenso prurito. El rascado puede provocar nuevas lesiones en la piel que pueden infectarse. Un tipo de sarna, la sarna costrosa, es una forma grave que puede ocurrir en personas inmunocomprometidas (con un sistema inmunitario d\u00e9bil), ancianos, discapacitados o debilitados. Tambi\u00e9n se denomina sarna noruega. Las personas con sarna costrosa presentan gruesas costras cut\u00e1neas que contienen gran cantidad de \u00e1caros y huevos. Las personas con sarna costrosa son muy contagiosas para otras personas y pueden propagar la infestaci\u00f3n f\u00e1cilmente tanto por contacto directo piel a piel como por contaminaci\u00f3n de objetos como su ropa, ropa de cama y muebles.      <\/p>\n<\/div>\n\n\n<h3 class=\"wp-block-heading\">\u00bfC\u00f3mo se puede contraer?<\/h3>\n\n\n<div class=\"wp-block-paragraph \">\n<p>Los piojos se transmiten por contacto directo cercano con alguien que tiene piojos o con ropa, toallas o ropa de cama infectadas. Los piojos se arrastran y no pueden volar. Se pueden contraer piojos mediante:  <\/p>\n<\/div>\n\n<div class=\"wp-block-list\">\n<ul class=\"wp-block-list\">\n<li>Contacto cabeza a cabeza con alguien que tiene piojos<\/li>\n\n\n\n<li>Reutilizaci\u00f3n de ropa de cama y toallas infectadas con piojos<\/li>\n\n\n\n<li>Compartir art\u00edculos personales como sombreros, toallas, cepillos o peines de alguien que tiene piojos<\/li>\n<\/ul>\n<\/div>\n\n<div class=\"wp-block-paragraph \">\n<p>El \u00e1caro que causa la sarna generalmente se propaga a trav\u00e9s del contacto prolongado y directo de piel a piel. La sarna es com\u00fan en \u00e1reas hacinadas con poca higiene. Se han producido brotes en prisiones, residencias de ancianos y guarder\u00edas. La sarna ocupacional es principalmente un riesgo con la exposici\u00f3n a pacientes con sarna costrosa, donde la transmisi\u00f3n puede ocurrir incluso despu\u00e9s de un breve contacto piel a piel, como un apret\u00f3n de manos.   <\/p>\n<\/div>\n\n<section\n\t class=\"section-header mb-10 align wp-block-acf-section-header\" id=\"section-header_block_65f825d884ebd5bf6796dfcf6806dfd1\">\n\t<div class=\"\">\n\t<div class=\"flex flex-col md:flex-row justify-between max-w-content gap-x-8 md:items-end flex-wrap\">\n\t\t<h2 class=\"text-heading-200 pb-[2px]\">\n\t\t\tS\u00edntomas\t\t<\/h2>\n\n\t\t\t\t\t<div class=\"md:order-last w-full\">\n\t\t\t\t\n\t<hr class=\"h-[6px] text-red border-red bg-red w-full my-0\" role=\"presentation\"\/>\n\n\t<div class=\"h-divider w-full bg-halftone-divider bg-right\"><\/div>\n\t\t\t<\/div>\n\t\t\n\t\t\t<\/div>\n<\/div>\n<\/section>\n\n\n<div class=\"wp-block-paragraph \">\n<p>El prurito intenso es el s\u00edntoma principal. Los piojos y los s\u00edntomas se encuentran t\u00edpicamente: a lo largo del cuero cabelludo, en la cintura, en las axilas, en la correa del sujetador o en cualquier lugar donde la ropa est\u00e9 m\u00e1s ajustada y cerca del cuerpo. <\/p>\n<\/div>\n\n<div class=\"wp-block-paragraph \">\n<p>Los signos y s\u00edntomas de los piojos pueden incluir:<\/p>\n<\/div>\n\n<div class=\"wp-block-list\">\n<ul class=\"wp-block-list\">\n<li>Prurito intenso<\/li>\n\n\n\n<li>Protuberancias rojas en la piel<\/li>\n\n\n\n<li>\u00c1reas donde la piel ha sido rascada excesivamente<\/li>\n\n\n\n<li>Peque\u00f1as manchas blancas (huevos o liendres) en la base de los tallos del cabello que son dif\u00edciles de eliminar<\/li>\n\n\n\n<li>El prurito puede persistir de 2 a 4 semanas despu\u00e9s de que se hayan eliminado los piojos<\/li>\n<\/ul>\n<\/div>\n\n<div class=\"wp-block-paragraph \">\n<p>Una complicaci\u00f3n de la pediculosis resulta del intenso prurito que conduce al rascado de la piel. Una vez que la piel se rasca, se forman peque\u00f1os cortes que pueden infectarse con bacterias. Estos par\u00e1sitos tambi\u00e9n son altamente contagiosos y otros miembros de la familia deben ser evaluados y tratados tambi\u00e9n.  <\/p>\n<\/div>\n\n<div class=\"wp-block-paragraph \">\n<p>Se sabe que los piojos corporales propagan el tifus epid\u00e9mico, la fiebre de las trincheras y la fiebre recurrente transmitida por piojos en condiciones de agitaci\u00f3n donde no es posible una buena higiene, como en la guerra. Los piojos de la cabeza y p\u00fabicos no propagan enfermedades. <\/p>\n<\/div>\n\n<div class=\"wp-block-paragraph \">\n<p>El prurito y la erupci\u00f3n cut\u00e1nea debido a la respuesta del sistema inmunitario al \u00e1caro son los s\u00edntomas m\u00e1s comunes. Si una persona nunca ha tenido sarna antes, los s\u00edntomas pueden tardar hasta 4-6 semanas en aparecer. Es importante recordar que una persona infestada puede propagar la sarna durante este tiempo, incluso si a\u00fan no tiene s\u00edntomas. En una persona que ha tenido sarna antes, los s\u00edntomas suelen aparecer mucho antes (1-4 d\u00edas) despu\u00e9s de la exposici\u00f3n.   <\/p>\n<\/div>\n\n<section\n\t class=\"section-header mb-10 align wp-block-acf-section-header\" id=\"section-header_block_7488b04878d6ac15633792b31b2cf6ee\">\n\t<div class=\"\">\n\t<div class=\"flex flex-col md:flex-row justify-between max-w-content gap-x-8 md:items-end flex-wrap\">\n\t\t<h2 class=\"text-heading-200 pb-[2px]\">\n\t\t\tPrevenci\u00f3n\t\t<\/h2>\n\n\t\t\t\t\t<div class=\"md:order-last w-full\">\n\t\t\t\t\n\t<hr class=\"h-[6px] text-red border-red bg-red w-full my-0\" role=\"presentation\"\/>\n\n\t<div class=\"h-divider w-full bg-halftone-divider bg-right\"><\/div>\n\t\t\t<\/div>\n\t\t\n\t\t\t<\/div>\n<\/div>\n<\/section>\n\n\n<div class=\"wp-block-paragraph \">\n<p>La sarna puede prevenirse mediante el uso de equipo de protecci\u00f3n personal para evitar el contacto directo piel a piel. Las personas que hayan tenido contacto piel a piel con un individuo infestado deben notificar a su oficial de control de infecciones y buscar atenci\u00f3n m\u00e9dica. El tratamiento profil\u00e1ctico puede estar indicado, particularmente para la sarna costrosa. Otros individuos dentro de la estaci\u00f3n de bomberos deben ser evaluados para detectar casos no reconocidos. La sarna a veces tambi\u00e9n puede propagarse por contacto con objetos como ropa, ropa de cama o toallas que hayan sido utilizados por una persona con sarna, pero dicha propagaci\u00f3n es muy poco com\u00fan, con la excepci\u00f3n de la sarna costrosa. Sin embargo, como se indica a continuaci\u00f3n, una buena higiene requiere que la ropa de cama y la ropa se laven despu\u00e9s de cada uso.     <\/p>\n<\/div>\n\n<div class=\"wp-block-paragraph \">\n<p>Es improbable que la infestaci\u00f3n por piojos corporales perdure en individuos que se ba\u00f1an regularmente y tienen acceso semanal a ropa y ropa de cama reci\u00e9n lavadas. Los piojos de la cabeza son m\u00e1s dif\u00edciles de eliminar y NO son indicativos de una higiene deficiente, ya que los champ\u00fas simples no eliminar\u00e1n los adultos ni las liendres. <\/p>\n<\/div>\n\n<div class=\"wp-block-paragraph \">\n<p>Prevenci\u00f3n:<\/p>\n<\/div>\n\n<div class=\"wp-block-list\">\n<ul class=\"wp-block-list\">\n<li>No comparta art\u00edculos personales como ropa de cama, toallas o peines<\/li>\n\n\n\n<li>Lave diariamente la ropa de cama comunitaria con agua caliente<\/li>\n\n\n\n<li>El uso de precauciones universales<div class=\"wp-block-list\">\n<ul class=\"wp-block-list\">\n<li>Higiene de manos (lavado con agua y jab\u00f3n o uso de un desinfectante de manos a base de alcohol)<\/li>\n\n\n\n<li>Manejo y eliminaci\u00f3n adecuados de instrumentos\/dispositivos y ropa contaminada<\/li>\n<\/ul>\n<\/div><\/li>\n<\/ul>\n<\/div>\n\n<section\n\t class=\"section-header mb-10 align wp-block-acf-section-header\" id=\"section-header_block_9d52042cda813ee97138dceeae597453\">\n\t<div class=\"\">\n\t<div class=\"flex flex-col md:flex-row justify-between max-w-content gap-x-8 md:items-end flex-wrap\">\n\t\t<h2 class=\"text-heading-200 pb-[2px]\">\n\t\t\t\u00bfQu\u00e9 debe hacer si est\u00e1 expuesto a la enfermedad o la contrae?\t\t<\/h2>\n\n\t\t\t\t\t<div class=\"md:order-last w-full\">\n\t\t\t\t\n\t<hr class=\"h-[6px] text-red border-red bg-red w-full my-0\" role=\"presentation\"\/>\n\n\t<div class=\"h-divider w-full bg-halftone-divider bg-right\"><\/div>\n\t\t\t<\/div>\n\t\t\n\t\t\t<\/div>\n<\/div>\n<\/section>\n\n\n<div class=\"wp-block-paragraph \">\n<p>Un m\u00e9dico puede diagnosticar la presencia de piojos mediante un examen del cabello, la piel y la ropa.<\/p>\n<\/div>\n\n<div class=\"wp-block-paragraph \">\n<p>La mejora de la higiene y el acceso a cambios regulares de ropa limpia es el \u00fanico tratamiento necesario para las infestaciones de piojos corporales.<\/p>\n<\/div>\n\n<div class=\"wp-block-paragraph \">\n<p>Los piojos de la cabeza pueden diagnosticarse en casa encontrando las liendres o adultos a lo largo del cuero cabelludo. Se recomienda el tratamiento incluso si solo se encuentra un huevo. <\/p>\n<\/div>\n\n<div class=\"wp-block-paragraph \">\n<p>Para piojos de la cabeza:<\/p>\n<\/div>\n\n<div class=\"wp-block-list\">\n<ul class=\"wp-block-list\">\n<li>Utilice champ\u00fas de venta libre que contengan 1% de permetrina; puede ser necesario un nuevo tratamiento a los 9 d\u00edas para eliminar los huevos reci\u00e9n eclosionados<\/li>\n\n\n\n<li>Se recomiendan champ\u00fas recetados que contengan malati\u00f3n al 0.5% o alcohol benc\u00edlico si el tratamiento con champ\u00fas de venta libre no es exitoso<\/li>\n\n\n\n<li>Elimine las liendres (huevos)<div class=\"wp-block-list\">\n<ul class=\"wp-block-list\">\n<li>El detergente para lavavajillas puede ayudar a disolver el \u201cpegamento\u201d que ayuda a que las liendres se adhieran<\/li>\n\n\n\n<li>Los peines para liendres est\u00e1n dise\u00f1ados espec\u00edficamente para eliminar los huevos<\/li>\n\n\n\n<li>Repita el peinado para eliminar liendres en 7-10 d\u00edas<\/li>\n<\/ul>\n<\/div><\/li>\n\n\n\n<li>Consulte a un m\u00e9dico si los medicamentos fallan o si hay signos de infecci\u00f3n cut\u00e1nea<\/li>\n<\/ul>\n<\/div>\n\n<div class=\"wp-block-paragraph \">\n<p>Los piojos p\u00fabicos tambi\u00e9n se tratan con los champ\u00fas mencionados anteriormente<\/p>\n<\/div>\n\n<div class=\"wp-block-paragraph \">\n<p>Para todas las infestaciones de piojos:<\/p>\n<\/div>\n\n<div class=\"wp-block-list\">\n<ul class=\"wp-block-list\">\n<li>Destruya o lave cuidadosamente la ropa, ropa de cama y toallas infectadas en agua caliente (al menos 54\u00b0C), luego s\u00e9quelas en m\u00e1quina usando un ciclo caliente.<\/li>\n\n\n\n<li>Los art\u00edculos que no se pueden lavar en agua caliente deben ser destruidos o sellados (asfixiados) en bolsas de pl\u00e1stico y no utilizarse durante 10 &#8211; 14 d\u00edas.<\/li>\n\n\n\n<li>Trate todas las fuentes potencialmente infectadas para eliminar la reinfecci\u00f3n.<div class=\"wp-block-list\">\n<ul class=\"wp-block-list\">\n<li>Los piojos pueden vivir por per\u00edodos variables fuera del hu\u00e9sped humano:<div class=\"wp-block-list\">\n<ul class=\"wp-block-list\">\n<li>Piojos corporales: 5 &#8211; 10 d\u00edas<\/li>\n\n\n\n<li>Piojos de la cabeza: 2 d\u00edas<\/li>\n\n\n\n<li>Piojos p\u00fabicos: 1 d\u00eda<\/li>\n<\/ul>\n<\/div><\/li>\n<\/ul>\n<\/div><\/li>\n<\/ul>\n<\/div>\n\n<div class=\"wp-block-paragraph \">\n<p>Los \u00e1caros de la sarna no sobreviven m\u00e1s de 2-3 d\u00edas fuera de la piel humana. Es innecesario rociar o fumigar \u00e1reas de oficina o vivienda. La transmisi\u00f3n puede ocurrir incluso despu\u00e9s de un breve contacto piel con piel, como un apret\u00f3n de manos, con una persona que tiene sarna costrosa (noruega). En general, se considerar\u00eda un buen candidato para el tratamiento a una persona que ha tenido contacto piel con piel con alguien que tiene sarna costrosa.   <\/p>\n<\/div>\n<\/div><\/section>\n","protected":false},"excerpt":{"rendered":"","protected":false},"featured_media":0,"parent":95345,"menu_order":0,"comment_status":"closed","ping_status":"closed","template":"","meta":{"_acf_changed":false,"_searchwp_excluded":"","inline_featured_image":false,"_EventAllDay":false,"_EventTimezone":"","_EventStartDate":"","_EventEndDate":"","_EventStartDateUTC":"","_EventEndDateUTC":"","_EventShowMap":false,"_EventShowMapLink":false,"_EventURL":"","_EventCost":"","_EventCostDescription":"","_EventCurrencySymbol":"","_EventCurrencyCode":"","_EventCurrencyPosition":"","_EventDateTimeSeparator":"","_EventTimeRangeSeparator":"","_EventOrganizerID":[],"_EventVenueID":[],"_OrganizerEmail":"","_OrganizerPhone":"","_OrganizerWebsite":"","_VenueAddress":"","_VenueCity":"","_VenueCountry":"","_VenueProvince":"","_VenueState":"","_VenueZip":"","_VenuePhone":"","_VenueURL":"","_VenueStateProvince":"","_VenueLat":"","_VenueLng":"","_VenueShowMap":false,"_VenueShowMapLink":false,"footnotes":""},"class_list":["post-96604","page","type-page","status-publish","hentry"],"acf":[],"publishpress_future_workflow_manual_trigger":{"enabledWorkflows":[]},"_links":{"self":[{"href":"https:\/\/www.iaff.org\/es\/wp-json\/wp\/v2\/pages\/96604","targetHints":{"allow":["GET"]}}],"collection":[{"href":"https:\/\/www.iaff.org\/es\/wp-json\/wp\/v2\/pages"}],"about":[{"href":"https:\/\/www.iaff.org\/es\/wp-json\/wp\/v2\/types\/page"}],"author":[{"embeddable":true,"href":"https:\/\/www.iaff.org\/es\/wp-json\/wp\/v2\/users\/3"}],"replies":[{"embeddable":true,"href":"https:\/\/www.iaff.org\/es\/wp-json\/wp\/v2\/comments?post=96604"}],"version-history":[{"count":0,"href":"https:\/\/www.iaff.org\/es\/wp-json\/wp\/v2\/pages\/96604\/revisions"}],"up":[{"embeddable":true,"href":"https:\/\/www.iaff.org\/es\/wp-json\/wp\/v2\/pages\/95345"}],"wp:attachment":[{"href":"https:\/\/www.iaff.org\/es\/wp-json\/wp\/v2\/media?parent=96604"}],"curies":[{"name":"wp","href":"https:\/\/api.w.org\/{rel}","templated":true}]}}