{"id":96579,"date":"2024-03-06T11:45:41","date_gmt":"2024-03-06T16:45:41","guid":{"rendered":"https:\/\/www.iaff.org\/enfermedad-infecciosa\/enfermedades\/virus-de-la-hepatitis-b\/"},"modified":"2025-06-23T12:01:12","modified_gmt":"2025-06-23T16:01:12","slug":"virus-de-la-hepatitis-b","status":"publish","type":"page","link":"https:\/\/www.iaff.org\/es\/enfermedad-infecciosa\/enfermedades\/virus-de-la-hepatitis-b\/","title":{"rendered":"Virus de la hepatitis B"},"content":{"rendered":"<section\n\t class=\"secondary-hero align wp-block-acf-secondary-hero\" id=\"secondary-hero_block_23cd1d19907e08e35ee9639b1cf25d7b\">\n\t\n<header\n\tclass=\"w-full u-bg-full-width px-[22px] md:ps-bleed md:pe-0 py-[60px] bg-smoke-5 text-black u-has-rivets u-rivets-dark\"\n\tdata-theme=\"gray\"\n>\n\t<div class=\"flex flex-col !px-0 !max-w-[1440px] w-full lg:!ps-indent\">\n\t\t<div class=\"border-t-[6px] w-full my-0 flex flex-col md:flex-row gap-x-[62px] gap-y-[22px] border-red\">\n\t\t\t\t\t\t<div class=\"w-full md:w-1\/2 md:py-[45px]\">\n\t\t\t\t<div class=\"max-w-[600px] flex flex-col gap-[22px]\">\n\t\t\t\t\t\t\t\t\t\t\t<h1 class=\"has-[.u-halftone-shadow--dark]:mb-divider has-[.u-halftone-shadow--light]:mb-divider pt-[22px] md:pt-0\">\n\t\t\t\t\t\t\t<span class=\"inline-flex text-heading-200 u-halftone-shadow--dark\">\n\t\t\t\t\t\t\t\tVirus de la hepatitis B\t\t\t\t\t\t\t<\/span>\n\t\t\t\t\t\t<\/h1>\n\t\t\t\t\t\t\t\t\t\t\t\t\t\t\t\t\t\t\t\t\t\t\t\t\t\t\t\t\t<\/div>\n\t\t\t<\/div>\n\n\t\t<\/div>\n\t\t\t\t\t<div class=\"order-first flex justify-start w-full pb-[22px]\">\n\t\t\t\t<div\n\tclass=\"wp-block-button is-style-tertiary text-smoke is-style-tertiary-back\"\n>\n\t\t\t<a\n\t\t\thref=\"https:\/\/www.iaff.org\/es\/enfermedad-infecciosa\/enfermedades\/\"\n\t\t\tclass=\"wp-block-button__link wp-element-button group\"\n\t\t\t\t\t>\n\t\t\t<span\n\t\t\tclass=\"decoration-transparent underline underline-offset-2 group-hover:decoration-inherit group-focus-visible:decoration-inherit transition duration-hover\"\n\t\t>\n\t\t\tEnfermedades infecciosas\t\t<\/span>\n\n\t\t<span\n\t\t\tclass=\"bg-inherit transition-colors duration-hover group-hover:bg-gold group-focus:bg-gold inline-flex rotate-180 order-first\"\n\t\t>\n\t\t\t<svg xmlns=\"http:\/\/www.w3.org\/2000\/svg\" width=\"21\" height=\"22\" fill=\"none\" viewBox=\"0 0 21 22\"><path stroke=\"currentColor\" stroke-linecap=\"round\" stroke-width=\"2\" d=\"M20 20.75L20 2.25L1.5 2.25L1.5 20.75L20 20.75Z\" clip-rule=\"evenodd\"\/><path stroke=\"currentColor\" stroke-linecap=\"square\" stroke-width=\"2\" d=\"M14.0883 11.5L6.66406 11.5\"\/><path stroke=\"currentColor\" stroke-linecap=\"square\" stroke-width=\"2\" d=\"M11.0723 7.75205L14.8363 11.5L11.0723 15.248\"\/><\/svg>\t\t<\/span>\n\t<\/a><\/div>\n\t\t\t<\/div>\n\t\t\t<\/div>\n<\/header>\n<\/section>\n<section\n\t class=\"page-blocks iaff-page-blocks align wp-block-acf-page-blocks\" id=\"page-blocks_block_bbdc07585a392403751d6ecc9feac7c6\">\n\t<div class=\"acf-innerblocks-container\">\n<div class=\"wp-block-paragraph \">\n<p>La hepatitis B es una enfermedad infecciosa responsable de un estimado de 4.000 a 5.000 muertes anuales en los Estados Unidos debido a enfermedades hep\u00e1ticas cr\u00f3nicas, cirrosis y c\u00e1ncer de h\u00edgado.<\/p>\n<\/div>\n\n<div class=\"wp-block-paragraph \">\n<p>La hepatitis B es causada por el Virus de la Hepatitis B (VHB), un miembro de un grupo de virus que causan este tipo de enfermedad. El Virus de la Hepatitis A (VHA) y el Virus de la Hepatitis C (VHC) son otros miembros importantes de esta familia de virus. <\/p>\n<\/div>\n\n<div class=\"wp-block-paragraph \">\n<p>La hepatitis B representa una grave amenaza para todos los proveedores de atenci\u00f3n m\u00e9dica. La sangre infectada con el VHB es mucho m\u00e1s infecciosa que la sangre infectada con VIH. Adem\u00e1s, el VHB es m\u00e1s com\u00fan en los Estados Unidos que el VIH, con una mayor proporci\u00f3n de la poblaci\u00f3n infectada con hepatitis B que con VIH.  <\/p>\n<\/div>\n\n\n<h3 class=\"wp-block-heading\">\u00bfC\u00f3mo se puede contraer?<\/h3>\n\n\n<div class=\"wp-block-paragraph \">\n<p>La hepatitis B se transmite a trav\u00e9s del contacto con la sangre o fluidos corporales de una persona infectada con VHB.<br\/>Puede contraer el VHB mediante:<\/p>\n<\/div>\n\n<div class=\"wp-block-list\">\n<ul class=\"wp-block-list\">\n<li>Exposici\u00f3n a sangre a trav\u00e9s de un pinchazo de aguja o corte con un instrumento afilado<\/li>\n\n\n\n<li>Contacto directo con sangre o heridas abiertas de un paciente infectado<\/li>\n\n\n\n<li>Compartir art\u00edculos de cuidado personal con una persona infectada (por ejemplo, maquinillas de afeitar, cepillos de dientes)<\/li>\n\n\n\n<li>Uso de drogas inyectables, actividad sexual, transmisi\u00f3n de madre a hijo<\/li>\n<\/ul>\n<\/div>\n\n<div class=\"wp-block-paragraph \">\n<p>Se observa que varios grupos tienen un alto riesgo de hepatitis B, incluyendo consumidores de drogas parenterales (intravenosas), heterosexuales con m\u00faltiples parejas, hombres homosexuales, clientes y personal en instituciones para personas con discapacidades del desarrollo, prisioneros y pacientes de centros de hemodi\u00e1lisis.<\/p>\n<\/div>\n\n<section\n\t class=\"section-header mb-10 align wp-block-acf-section-header\" id=\"section-header_block_f853bbda0d81241169e5cd3c866d1840\">\n\t<div class=\"\">\n\t<div class=\"flex flex-col md:flex-row justify-between max-w-content gap-x-8 md:items-end flex-wrap\">\n\t\t<h2 class=\"text-heading-200 pb-[2px]\">\n\t\t\tS\u00edntomas\t\t<\/h2>\n\n\t\t\t\t\t<div class=\"md:order-last w-full\">\n\t\t\t\t\n\t<hr class=\"h-[6px] text-red border-red bg-red w-full my-0\" role=\"presentation\"\/>\n\n\t<div class=\"h-divider w-full bg-halftone-divider bg-right\"><\/div>\n\t\t\t<\/div>\n\t\t\n\t\t\t<\/div>\n<\/div>\n<\/section>\n\n\n<div class=\"wp-block-paragraph \">\n<p>La mayor\u00eda (&gt;70%) de los adultos con VHB agudo presentar\u00e1n s\u00edntomas. Los ni\u00f1os peque\u00f1os, menores de 5 a\u00f1os, pueden no presentar s\u00edntomas en absoluto. Los signos y s\u00edntomas del VHB agudo pueden incluir:  <\/p>\n<\/div>\n\n<div class=\"wp-block-list\">\n<ul class=\"wp-block-list\">\n<li>ictericia, orina oscura, heces de color claro<\/li>\n\n\n\n<li>fatiga<\/li>\n\n\n\n<li>dolor abdominal, p\u00e9rdida de apetito, n\u00e1useas, v\u00f3mitos<\/li>\n\n\n\n<li>dolor articular<\/li>\n\n\n\n<li>fiebre<\/li>\n<\/ul>\n<\/div>\n\n<div class=\"wp-block-paragraph \">\n<p>Los s\u00edntomas de la hepatitis B aguda generalmente se desarrollan dentro de los 90 d\u00edas posteriores a la exposici\u00f3n. Los s\u00edntomas t\u00edpicamente duran unas semanas, pero pueden prolongarse hasta 6 meses. La hepatitis B (VHB) puede causar problemas de salud a largo plazo como infecci\u00f3n cr\u00f3nica o enfermedad hep\u00e1tica cr\u00f3nica.  <\/p>\n<\/div>\n\n<div class=\"wp-block-paragraph \">\n<p>Las personas infectadas con el virus de la hepatitis B corren el riesgo de desarrollar complicaciones graves de salud, incluyendo cirrosis, c\u00e1ncer de h\u00edgado, insuficiencia hep\u00e1tica y muerte. Tambi\u00e9n pueden convertirse en portadores de hepatitis B y transmitir la infecci\u00f3n a su pareja e hijos. <\/p>\n<\/div>\n\n<section\n\t class=\"section-header mb-10 align wp-block-acf-section-header\" id=\"section-header_block_b1027b3bdb1719ac1271b848cd03acb3\">\n\t<div class=\"\">\n\t<div class=\"flex flex-col md:flex-row justify-between max-w-content gap-x-8 md:items-end flex-wrap\">\n\t\t<h2 class=\"text-heading-200 pb-[2px]\">\n\t\t\tPrevenci\u00f3n\t\t<\/h2>\n\n\t\t\t\t\t<div class=\"md:order-last w-full\">\n\t\t\t\t\n\t<hr class=\"h-[6px] text-red border-red bg-red w-full my-0\" role=\"presentation\"\/>\n\n\t<div class=\"h-divider w-full bg-halftone-divider bg-right\"><\/div>\n\t\t\t<\/div>\n\t\t\n\t\t\t<\/div>\n<\/div>\n<\/section>\n\n\n<div class=\"wp-block-paragraph \">\n<p>La hepatitis B es una enfermedad prevenible mediante vacunaci\u00f3n. Para una persona no vacunada, el riesgo de contraer hepatitis B a partir de una sola exposici\u00f3n oscila entre el 6-30%. Las personas que han recibido la vacuna contra la hepatitis B y han desarrollado inmunidad al virus tienen pr\u00e1cticamente ning\u00fan riesgo de infecci\u00f3n. La vacuna contra la hepatitis B proporciona m\u00e1s del 90% de protecci\u00f3n a beb\u00e9s, ni\u00f1os y adultos que reciben una serie completa de 3 dosis.   <\/p>\n<\/div>\n\n<div class=\"wp-block-paragraph \">\n<p>La vacuna contra el VHB se recomienda para todos los bomberos en la NFPA 1581, Programas de Control de Infecciones del Departamento de Bomberos. El Est\u00e1ndar de Pat\u00f3genos Transmitidos por Sangre de OSHA de 1991 requiere que los empleadores pongan la vacuna contra la hepatitis B a disposici\u00f3n de todos los trabajadores en riesgo de forma gratuita. <\/p>\n<\/div>\n\n<div class=\"wp-block-paragraph \">\n<p>La vacuna contra la hepatitis B generalmente se administra en una serie de 3-4 inyecciones durante un per\u00edodo de seis meses. Tambi\u00e9n est\u00e1 disponible una vacuna combinada contra la Hepatitis A y la Hepatitis B, que requiere una serie de tres inyecciones, administradas en intervalos de 0, 1 y 6 meses.<br\/>Puede ayudar a prevenir la propagaci\u00f3n del VHB mediante: <\/p>\n<\/div>\n\n<div class=\"wp-block-list\">\n<ul class=\"wp-block-list\">\n<li>Vacunaci\u00f3n<\/li>\n\n\n\n<li>Seguridad con objetos punzocortantes<div class=\"wp-block-list\">\n<ul class=\"wp-block-list\">\n<li>Capacitaci\u00f3n y uso consistente de t\u00e9cnicas y dispositivos de agujas m\u00e1s seguros<\/li>\n\n\n\n<li>Eliminaci\u00f3n adecuada de objetos punzocortantes<\/li>\n<\/ul>\n<\/div><\/li>\n\n\n\n<li>El uso de precauciones universales<div class=\"wp-block-list\">\n<ul class=\"wp-block-list\">\n<li>Higiene de manos (lavado con agua y jab\u00f3n o uso de un desinfectante de manos a base de alcohol)<\/li>\n\n\n\n<li>El equipo de protecci\u00f3n personal (EPP) (guantes, batas, m\u00e1scaras y gafas que ofrezcan protecci\u00f3n para la boca, nariz y ojos)<\/li>\n\n\n\n<li>El manejo y eliminaci\u00f3n adecuados de instrumentos\/dispositivos y ropa contaminados con sangre o fluidos corporales<\/li>\n<\/ul>\n<\/div><\/li>\n<\/ul>\n<\/div>\n\n<section\n\t class=\"section-header mb-10 align wp-block-acf-section-header\" id=\"section-header_block_39177a9c9ece039bc3c8d181c6613016\">\n\t<div class=\"\">\n\t<div class=\"flex flex-col md:flex-row justify-between max-w-content gap-x-8 md:items-end flex-wrap\">\n\t\t<h2 class=\"text-heading-200 pb-[2px]\">\n\t\t\t\u00bfQu\u00e9 debe hacer si est\u00e1 expuesto a la enfermedad o la contrae?\t\t<\/h2>\n\n\t\t\t\t\t<div class=\"md:order-last w-full\">\n\t\t\t\t\n\t<hr class=\"h-[6px] text-red border-red bg-red w-full my-0\" role=\"presentation\"\/>\n\n\t<div class=\"h-divider w-full bg-halftone-divider bg-right\"><\/div>\n\t\t\t<\/div>\n\t\t\n\t\t\t<\/div>\n<\/div>\n<\/section>\n\n\n<div class=\"wp-block-paragraph \">\n<p><strong>Inmediatamente despu\u00e9s de una exposici\u00f3n:<\/strong><\/p>\n<\/div>\n\n<div class=\"wp-block-list\">\n<ul class=\"wp-block-list\">\n<li>Lavar los pinchazos de aguja y cortes con agua y jab\u00f3n<\/li>\n\n\n\n<li>Enjuagar las salpicaduras en la nariz, boca o piel con agua<\/li>\n\n\n\n<li>Irrigar los ojos con agua limpia, soluci\u00f3n salina o irrigantes est\u00e9riles<\/li>\n<\/ul>\n<\/div>\n\n<div class=\"wp-block-paragraph \">\n<p><strong>Tan pronto como sea posible, reportar la exposici\u00f3n y buscar atenci\u00f3n m\u00e9dica<\/strong><\/p>\n<\/div>\n\n<div class=\"wp-block-list\">\n<ul class=\"wp-block-list\">\n<li>Si est\u00e1 expuesto a la hepatitis B, es un requisito de OSHA que se le extraiga sangre lo antes posible para determinar su <strong>estado serol\u00f3gico basal<\/strong>. Esta prueba determina si tiene anticuerpos protectores. <\/li>\n\n\n\n<li>Si no tiene anticuerpos protectores, su proveedor de atenci\u00f3n m\u00e9dica puede decidir administrarle la vacuna y\/o Inmunoglobulina contra la Hepatitis B (HBIG) para protecci\u00f3n inmediata.<\/li>\n<\/ul>\n<\/div>\n\n<div class=\"wp-block-paragraph \">\n<p>Aunque no existe cura para la Hepatitis B, hay varios medicamentos que pueden utilizarse para tratar los s\u00edntomas. Las personas infectadas con hepatitis B deben proteger su h\u00edgado de da\u00f1os adicionales, vacun\u00e1ndose contra la hepatitis A, evitando el alcohol y recibiendo atenci\u00f3n m\u00e9dica continua. <\/p>\n<\/div>\n<\/div><\/section>\n","protected":false},"excerpt":{"rendered":"","protected":false},"featured_media":0,"parent":95345,"menu_order":0,"comment_status":"closed","ping_status":"closed","template":"","meta":{"_acf_changed":false,"_searchwp_excluded":"","inline_featured_image":false,"_EventAllDay":false,"_EventTimezone":"","_EventStartDate":"","_EventEndDate":"","_EventStartDateUTC":"","_EventEndDateUTC":"","_EventShowMap":false,"_EventShowMapLink":false,"_EventURL":"","_EventCost":"","_EventCostDescription":"","_EventCurrencySymbol":"","_EventCurrencyCode":"","_EventCurrencyPosition":"","_EventDateTimeSeparator":"","_EventTimeRangeSeparator":"","_EventOrganizerID":[],"_EventVenueID":[],"_OrganizerEmail":"","_OrganizerPhone":"","_OrganizerWebsite":"","_VenueAddress":"","_VenueCity":"","_VenueCountry":"","_VenueProvince":"","_VenueState":"","_VenueZip":"","_VenuePhone":"","_VenueURL":"","_VenueStateProvince":"","_VenueLat":"","_VenueLng":"","_VenueShowMap":false,"_VenueShowMapLink":false,"footnotes":""},"class_list":["post-96579","page","type-page","status-publish","hentry"],"acf":[],"publishpress_future_workflow_manual_trigger":{"enabledWorkflows":[]},"_links":{"self":[{"href":"https:\/\/www.iaff.org\/es\/wp-json\/wp\/v2\/pages\/96579","targetHints":{"allow":["GET"]}}],"collection":[{"href":"https:\/\/www.iaff.org\/es\/wp-json\/wp\/v2\/pages"}],"about":[{"href":"https:\/\/www.iaff.org\/es\/wp-json\/wp\/v2\/types\/page"}],"author":[{"embeddable":true,"href":"https:\/\/www.iaff.org\/es\/wp-json\/wp\/v2\/users\/3"}],"replies":[{"embeddable":true,"href":"https:\/\/www.iaff.org\/es\/wp-json\/wp\/v2\/comments?post=96579"}],"version-history":[{"count":0,"href":"https:\/\/www.iaff.org\/es\/wp-json\/wp\/v2\/pages\/96579\/revisions"}],"up":[{"embeddable":true,"href":"https:\/\/www.iaff.org\/es\/wp-json\/wp\/v2\/pages\/95345"}],"wp:attachment":[{"href":"https:\/\/www.iaff.org\/es\/wp-json\/wp\/v2\/media?parent=96579"}],"curies":[{"name":"wp","href":"https:\/\/api.w.org\/{rel}","templated":true}]}}