{"id":96318,"date":"2019-04-12T19:20:19","date_gmt":"2019-04-12T23:20:19","guid":{"rendered":"https:\/\/www.iaff.org\/asistencia-mutua-a-comunidades-involucradas-en-conflictos-laborales\/"},"modified":"2026-04-08T16:20:44","modified_gmt":"2026-04-08T20:20:44","slug":"asistencia-mutua-a-comunidades-involucradas-en-conflictos-laborales","status":"publish","type":"page","link":"https:\/\/www.iaff.org\/es\/asistencia-mutua-a-comunidades-involucradas-en-conflictos-laborales\/","title":{"rendered":"Ayuda mutua a comunidades implicadas en conflictos laborales"},"content":{"rendered":"","protected":false},"excerpt":{"rendered":"<p>Las jurisdicciones suscriben acuerdos regionales de ayuda mutua adaptados para satisfacer necesidades espec\u00edficas, abordar amenazas probables y poner a disposici\u00f3n toda la gama de recursos existentes que pueden reunirse r\u00e1pidamente [&hellip;]<\/p>\n","protected":false},"featured_media":0,"parent":0,"menu_order":0,"comment_status":"closed","ping_status":"closed","template":"","meta":{"_acf_changed":false,"_searchwp_excluded":"","inline_featured_image":false,"_EventAllDay":false,"_EventTimezone":"","_EventStartDate":"","_EventEndDate":"","_EventStartDateUTC":"","_EventEndDateUTC":"","_EventShowMap":false,"_EventShowMapLink":false,"_EventURL":"","_EventCost":"","_EventCostDescription":"","_EventCurrencySymbol":"","_EventCurrencyCode":"","_EventCurrencyPosition":"","_EventDateTimeSeparator":"","_EventTimeRangeSeparator":"","_EventOrganizerID":[],"_EventVenueID":[],"_OrganizerEmail":"","_OrganizerPhone":"","_OrganizerWebsite":"","_VenueAddress":"","_VenueCity":"","_VenueCountry":"","_VenueProvince":"","_VenueState":"","_VenueZip":"","_VenuePhone":"","_VenueURL":"","_VenueStateProvince":"","_VenueLat":"","_VenueLng":"","_VenueShowMap":false,"_VenueShowMapLink":false,"footnotes":""},"class_list":["post-96318","page","type-page","status-publish","hentry"],"acf":[],"publishpress_future_workflow_manual_trigger":{"enabledWorkflows":[]},"_links":{"self":[{"href":"https:\/\/www.iaff.org\/es\/wp-json\/wp\/v2\/pages\/96318","targetHints":{"allow":["GET"]}}],"collection":[{"href":"https:\/\/www.iaff.org\/es\/wp-json\/wp\/v2\/pages"}],"about":[{"href":"https:\/\/www.iaff.org\/es\/wp-json\/wp\/v2\/types\/page"}],"author":[{"embeddable":true,"href":"https:\/\/www.iaff.org\/es\/wp-json\/wp\/v2\/users\/1"}],"replies":[{"embeddable":true,"href":"https:\/\/www.iaff.org\/es\/wp-json\/wp\/v2\/comments?post=96318"}],"version-history":[{"count":2,"href":"https:\/\/www.iaff.org\/es\/wp-json\/wp\/v2\/pages\/96318\/revisions"}],"predecessor-version":[{"id":123929,"href":"https:\/\/www.iaff.org\/es\/wp-json\/wp\/v2\/pages\/96318\/revisions\/123929"}],"wp:attachment":[{"href":"https:\/\/www.iaff.org\/es\/wp-json\/wp\/v2\/media?parent=96318"}],"curies":[{"name":"wp","href":"https:\/\/api.w.org\/{rel}","templated":true}]}}