{"id":96057,"date":"2024-02-10T15:18:44","date_gmt":"2024-02-10T20:18:44","guid":{"rendered":"https:\/\/www.iaff.org\/mes-de-concientizacion-sobre-el-cancer-en-bomberos\/investigacion-ffcam\/"},"modified":"2025-06-20T14:34:07","modified_gmt":"2025-06-20T18:34:07","slug":"investigacion-ffcam","status":"publish","type":"page","link":"https:\/\/www.iaff.org\/es\/mes-de-concientizacion-sobre-el-cancer-en-bomberos\/investigacion-ffcam\/","title":{"rendered":"Investigaci\u00f3n FFCAM"},"content":{"rendered":"<section\n\t class=\"secondary-hero align wp-block-acf-secondary-hero\" id=\"secondary-hero_block_59a51a09f0f081aba1480c31afffc9e1\">\n\t\n<header\n\tclass=\"w-full u-bg-full-width px-[22px] md:ps-bleed md:pe-0 py-[60px] bg-smoke-5 text-black u-has-rivets u-rivets-dark\"\n\tdata-theme=\"gray\"\n>\n\t<div class=\"flex flex-col !px-0 !max-w-[1440px] w-full lg:!ps-indent\">\n\t\t<div class=\"border-t-[6px] w-full my-0 flex flex-col md:flex-row gap-x-[62px] gap-y-[22px] border-red\">\n\t\t\t\t\t\t<div class=\"w-full md:w-1\/2 md:py-[45px]\">\n\t\t\t\t<div class=\"max-w-[600px] flex flex-col gap-[22px]\">\n\t\t\t\t\t\t\t\t\t\t\t<h1 class=\"has-[.u-halftone-shadow--dark]:mb-divider has-[.u-halftone-shadow--light]:mb-divider pt-[22px] md:pt-0\">\n\t\t\t\t\t\t\t<span class=\"inline-flex text-heading-200 u-halftone-shadow--dark\">\n\t\t\t\t\t\t\t\tInvestigaci\u00f3n cient\u00edfica\t\t\t\t\t\t\t<\/span>\n\t\t\t\t\t\t<\/h1>\n\t\t\t\t\t\t\t\t\t\t\t\t\t\t\t\t\t\t\t\t\t\t\t\t\t\t\t\t\t<\/div>\n\t\t\t<\/div>\n\n\t\t<\/div>\n\t\t\t\t\t<div class=\"order-first flex justify-start w-full pb-[22px]\">\n\t\t\t\t<div\n\tclass=\"wp-block-button is-style-tertiary text-smoke is-style-tertiary-back\"\n>\n\t\t\t<a\n\t\t\thref=\"https:\/\/www.iaff.org\/es\/mes-de-concientizacion-sobre-el-cancer-en-bomberos\/\"\n\t\t\tclass=\"wp-block-button__link wp-element-button group\"\n\t\t\t\t\t>\n\t\t\t<span\n\t\t\tclass=\"decoration-transparent underline underline-offset-2 group-hover:decoration-inherit group-focus-visible:decoration-inherit transition duration-hover\"\n\t\t>\n\t\t\tMes de Concientizaci\u00f3n sobre el C\u00e1ncer en Bomberos\t\t<\/span>\n\n\t\t<span\n\t\t\tclass=\"bg-inherit transition-colors duration-hover group-hover:bg-gold group-focus:bg-gold inline-flex rotate-180 order-first\"\n\t\t>\n\t\t\t<svg xmlns=\"http:\/\/www.w3.org\/2000\/svg\" width=\"21\" height=\"22\" fill=\"none\" viewBox=\"0 0 21 22\"><path stroke=\"currentColor\" stroke-linecap=\"round\" stroke-width=\"2\" d=\"M20 20.75L20 2.25L1.5 2.25L1.5 20.75L20 20.75Z\" clip-rule=\"evenodd\"\/><path stroke=\"currentColor\" stroke-linecap=\"square\" stroke-width=\"2\" d=\"M14.0883 11.5L6.66406 11.5\"\/><path stroke=\"currentColor\" stroke-linecap=\"square\" stroke-width=\"2\" d=\"M11.0723 7.75205L14.8363 11.5L11.0723 15.248\"\/><\/svg>\t\t<\/span>\n\t<\/a><\/div>\n\t\t\t<\/div>\n\t\t\t<\/div>\n<\/header>\n<\/section>\n<section\n\t class=\"page-blocks iaff-page-blocks align wp-block-acf-page-blocks\" id=\"page-blocks_block_48238d89415af471d3b1a3fc19f074ac\">\n\t<div class=\"acf-innerblocks-container\">\n<section\n\t class=\"accordion-section iaff-block-accordion align wp-block-acf-accordion-section\" id=\"accordion-section_block_a22b4876dbae0dd9cdd7d479fe5965c6\">\n\t<div class=\"acf-innerblocks-container\">\n\n<details class=\"wp-block-details is-layout-flow wp-block-details-is-layout-flow\"><summary>Riesgo de c\u00e1ncer por tipo<\/summary><div class=\"wp-block-paragraph \">\n<p>A continuaci\u00f3n se presentan fichas informativas sobre los diferentes tipos de c\u00e1ncer para los cuales los bomberos tienen un riesgo elevado.<\/p>\n<\/div>\n\n<div class=\"wp-block-paragraph \">\n<p><em>Elaborado por el Centro de Investigaci\u00f3n en Salud de Bomberos, Rescate y Servicios M\u00e9dicos de Emergencia, la Red de Apoyo contra el C\u00e1ncer en Bomberos y DectecTogether. <\/em><\/p>\n<\/div>\n\n<div class=\"wp-block-list\">\n<ol class=\"wp-block-list\">\n<li><a href=\"https:\/\/assets.website-files.com\/64b9346df4252df1681cba3e\/64cd5d8f6bd9a2e51d9022c5_Occupational-EpidemiologyALL.pdf\" target=\"_blank\" rel=\"noreferrer noopener\">Visi\u00f3n general de la epidemiolog\u00eda ocupacional<\/a><\/li>\n\n\n\n<li><a href=\"https:\/\/assets.website-files.com\/64b9346df4252df1681cba3e\/64cd5dfb864d22b3be514c1d_Bladder_v8.pdf\" target=\"_blank\" rel=\"noreferrer noopener\">Bomberos y c\u00e1ncer de vejiga<\/a><\/li>\n\n\n\n<li><a href=\"https:\/\/assets.website-files.com\/64b9346df4252df1681cba3e\/64cd5e23b2c8e87fd47e7de1_Brain_v7.pdf\" target=\"_blank\" rel=\"noreferrer noopener\">Bomberos y c\u00e1ncer cerebral<\/a><\/li>\n\n\n\n<li><a href=\"https:\/\/assets.website-files.com\/64b9346df4252df1681cba3e\/64cd5e7f3e289f15389d33df_Breast_v6.pdf\" target=\"_blank\" rel=\"noreferrer noopener\">Bomberos y c\u00e1ncer de mama<\/a><\/li>\n\n\n\n<li><a href=\"https:\/\/assets.website-files.com\/64b9346df4252df1681cba3e\/64cd5ef15390dfb3a2cd988e_Cervical_v9.pdf\" target=\"_blank\" rel=\"noreferrer noopener\">Bomberos y c\u00e1ncer cervical<\/a><\/li>\n\n\n\n<li><a href=\"https:\/\/assets.website-files.com\/64b9346df4252df1681cba3e\/64cd606c9d7e8c0bbd5b84f7_Colorectal_v8.pdf\" target=\"_blank\" rel=\"noreferrer noopener\">Bomberos y c\u00e1ncer colorrectal<\/a><\/li>\n\n\n\n<li><a href=\"https:\/\/assets.website-files.com\/64b9346df4252df1681cba3e\/64cd60c986c59d7e8377d6e2_Esophagus_v9-1.pdf\" target=\"_blank\" rel=\"noreferrer noopener\">Bomberos y c\u00e1ncer de es\u00f3fago<\/a><\/li>\n\n\n\n<li><a href=\"https:\/\/assets.website-files.com\/64b9346df4252df1681cba3e\/64cd610bf6f591b74f5fa9e6_Kidney_v7.pdf\" target=\"_blank\" rel=\"noreferrer noopener\">Bomberos y c\u00e1ncer de ri\u00f1\u00f3n<\/a><\/li>\n\n\n\n<li><a href=\"https:\/\/assets.website-files.com\/64b9346df4252df1681cba3e\/64cd613cb2c8e87fd4825db6_Lung_v7.pdf\" target=\"_blank\" rel=\"noreferrer noopener\">Bomberos y c\u00e1ncer de pulm\u00f3n<\/a><\/li>\n\n\n\n<li><a href=\"https:\/\/assets.website-files.com\/64b9346df4252df1681cba3e\/64cd615eb2c8e87fd48283c9_Melanoma_v9.pdf\" target=\"_blank\" rel=\"noreferrer noopener\">Bomberos y melanoma<\/a><\/li>\n\n\n\n<li><a href=\"https:\/\/assets.website-files.com\/64b9346df4252df1681cba3e\/64cd618187f446c4a237a63e_Mesothelioma_v6.pdf\" target=\"_blank\" rel=\"noreferrer noopener\">Bomberos y mesotelioma<\/a><\/li>\n\n\n\n<li><a href=\"https:\/\/assets.website-files.com\/64b9346df4252df1681cba3e\/64cd619f86c59d7e8378c601_Multiple_Myeloma_v13.pdf\" target=\"_blank\" rel=\"noreferrer noopener\">Bomberos y mieloma m\u00faltiple<\/a><\/li>\n\n\n\n<li><a href=\"https:\/\/assets.website-files.com\/64b9346df4252df1681cba3e\/64cd61bd02b6dd106deff997_NHL_v9.pdf\" target=\"_blank\" rel=\"noreferrer noopener\">Bomberos y linfoma no hodgkiniano<\/a><\/li>\n\n\n\n<li><a href=\"https:\/\/assets.website-files.com\/64b9346df4252df1681cba3e\/64cd61e0b392a8d997247036_Prostate_v8.pdf\" target=\"_blank\" rel=\"noreferrer noopener\">Bomberos y c\u00e1ncer de pr\u00f3stata<\/a><\/li>\n\n\n\n<li><a href=\"https:\/\/assets.website-files.com\/64b9346df4252df1681cba3e\/64cd6206c36a4eee9ee1c1c5_Testicular_v6.pdf\" target=\"_blank\" rel=\"noreferrer noopener\">Bomberos y c\u00e1ncer testicular<\/a><\/li>\n\n\n\n<li><a href=\"https:\/\/assets.website-files.com\/64b9346df4252df1681cba3e\/64cd6233f3c653decd9997a8_Thyroid_v5.pdf\" target=\"_blank\" rel=\"noreferrer noopener\">Bomberos y c\u00e1ncer de tiroides<\/a><\/li>\n<\/ol>\n<\/div><\/details>\n\n\n\n<details class=\"wp-block-details is-layout-flow wp-block-details-is-layout-flow\"><summary>Estudios de investigaci\u00f3n recomendados (gratuitos)<\/summary><div class=\"wp-block-list\">\n<ol class=\"wp-block-list\">\n<li>Zahm, S., Bonde, J. P., Chiu, W. A., Hoppin, J., Kanno, J., Abdallah, M., Blystone, C. R., Calkins, M. M., Dong, G.-H., Dorman, D. C., Fry, R., Guo, H., Haug, L. S., Hofmann, J. N., Iwasaki, M., Machala, M., Mancini, F. R., Maria-Engler, S. S., M\u00f8ller, P., \u2026 Schubauer-Berigan, M. K. (2023). <strong>Carcinogenicidad del \u00e1cido perfluorooctanoico y el \u00e1cido perfluorooctanosulf\u00f3nico<\/strong>. The Lancet Oncology, 0(0).  <a href=\"https:\/\/doi.org\/10.1016\/S1470-2045(23)00622-8\" target=\"_blank\" rel=\"noopener\">https:\/\/doi.org\/10.1016\/S1470-2045(23)00622-8<\/a><\/li>\n\n\n\n<li>Ledda, C., Bracci, M., Spadafora, A., Motta, G., Smecca, G., Catelan, D., &amp; Rapisarda, V. (2023). <strong>Desenmascarando el peligro oculto: una revisi\u00f3n sistem\u00e1tica de una d\u00e9cada de estudios de casos y controles sobre riesgos ocupacionales individuales y c\u00e1ncer de pr\u00f3stata. Life <\/strong> (Basel, Suiza), 13(9). <a href=\"https:\/\/doi.org\/10.3390\/life13091820\" target=\"_blank\" rel=\"noopener\">https:\/\/doi.org\/10.3390\/life13091820<\/a><\/li>\n\n\n\n<li>Navarro, K. M., Fent, K., Mayer, A. C., Brueck, S. E., Toennis, C., Law, B., Meadows, J., Sammons, D., &amp; Brown, S. (2023). <strong>Caracterizaci\u00f3n de las exposiciones por inhalaci\u00f3n en un incidente de incendio forestal durante el Estudio de Exposici\u00f3n y Efectos en la Salud de Bomberos Forestales (WFFEHE). Annals of Work Exposures and Health <\/strong>, wxad046. <a href=\"https:\/\/doi.org\/10.1093\/annweh\/wxad046\" target=\"_blank\" rel=\"noopener\">https:\/\/doi.org\/10.1093\/annweh\/wxad046<\/a><\/li>\n\n\n\n<li>Girase, A., Thompson, D., &amp; Ormond, R. B. (2023). <strong>Evaluaci\u00f3n a escala de laboratorio y a escala completa del efecto de los par\u00e1metros sobre la eficacia de limpieza del EPP de los bomberos. Textiles <\/strong> (Basel, Suiza), 3(2), 201\u2013218. <a href=\"https:\/\/doi.org\/10.3390\/textiles3020014\" target=\"_blank\" rel=\"noopener\">https:\/\/doi.org\/10.3390\/textiles3020014<\/a><\/li>\n\n\n\n<li>Girase, A., Shinde, A., &amp; Ormond, R. B. (2023). <strong>Evaluaci\u00f3n cualitativa de la emisi\u00f3n de compuestos de chaquetas de bomberos contaminadas en campo con intervalos de tiempo de exposici\u00f3n al aire variados utilizando cromatograf\u00eda de gases-espectrometr\u00eda de masas de espacio de cabeza<\/strong>. Textiles (Basel, Suiza), 3(2), 246\u2013256.  <a href=\"https:\/\/doi.org\/10.3390\/textiles3020016\" target=\"_blank\" rel=\"noopener\">https:\/\/doi.org\/10.3390\/textiles3020016<\/a><\/li>\n\n\n\n<li>DeBono, N. L., Daniels, R. D., Beane Freeman, L. E., Graber, J. M., Hansen, J., Teras, L. R., Driscoll, T., Kjaerheim, K., Demers, P. A., Glass, D. C., Kriebel, D., Kirkham, T. L., Wedekind, R., Filho, A. M., Stayner, L., &amp; Schubauer-Berigan, M. K. (2023). <strong>Extinci\u00f3n de incendios y c\u00e1ncer: Un metaan\u00e1lisis de estudios de cohortes en el contexto de la identificaci\u00f3n de riesgos de c\u00e1ncer. Safety and Health at Work <\/strong>, 14(2), 141\u2013152. <a href=\"https:\/\/doi.org\/10.1016\/j.shaw.2023.02.003\" target=\"_blank\" rel=\"noopener\">https:\/\/doi.org\/10.1016\/j.shaw.2023.02.003<\/a><\/li>\n\n\n\n<li>Jung, A. M., Beitel, S. C., Gutenkunst, S. L., Billheimer, D., Jahnke, S. A., Littau, S. R., White, M., Hoppe-Jones, C., Cherrington, N., &amp; Burgess, J. L. (2023). <strong>Excreci\u00f3n de \u00e9teres difen\u00edlicos polibromados y activaci\u00f3n del AhR en la leche materna entre bomberas<\/strong>. Toxicological Sciences: An Official Journal of the Society of Toxicology, kfad017.  <a href=\"https:\/\/doi.org\/10.1093\/toxsci\/kfad017\" target=\"_blank\" rel=\"noopener\">https:\/\/doi.org\/10.1093\/toxsci\/kfad017<\/a><\/li>\n\n\n\n<li>Keir, J. L. A., Kirkham, T. L., Aranda-Rodriguez, R., White, P. A., &amp; Blais, J. M. (2023). <strong>Eficacia de las intervenciones de limpieza d\u00e9rmica para reducir la exposici\u00f3n de los bomberos a los HAP y genotoxinas<\/strong>. Journal of Occupational and Environmental Hygiene, 20(2), 84\u201394.  <a href=\"https:\/\/doi.org\/10.1080\/15459624.2022.2150768\" target=\"_blank\" rel=\"noopener\">https:\/\/doi.org\/10.1080\/15459624.2022.2150768<\/a><\/li>\n\n\n\n<li>Wilkinson, A. F., Fent, K. W., Mayer, A. C., Chen, I.-C., Kesler, R. M., Kerber, S., Smith, D. L., &amp; Horn, G. P. (2023). <strong>Uso de pr\u00e1cticas preliminares de reducci\u00f3n de exposici\u00f3n o lavado para mitigar la contaminaci\u00f3n por hidrocarburos arom\u00e1ticos polic\u00edclicos en los equipos de protecci\u00f3n personal de los bomberos<\/strong>. International Journal of Environmental Research and Public Health, 20(3), 2108.  <a href=\"https:\/\/doi.org\/10.3390\/ijerph20032108\" target=\"_blank\" rel=\"noopener\">https:\/\/doi.org\/10.3390\/ijerph20032108<\/a><\/li>\n\n\n\n<li>Wolffe, T. A. M., Robinson, A., Dickens, K., Turrell, L., Clinton, A., Maritan-Thomson, D., Joshi, M., &amp; Stec, A. A. (2023). <strong>Incidencia de c\u00e1ncer entre los bomberos del Reino Unido<\/strong>. Scientific Reports, 12(1), 22072.  <a href=\"https:\/\/doi.org\/10.1038\/s41598-022-24410-3\" target=\"_blank\" rel=\"noopener\">https:\/\/doi.org\/10.1038\/s41598-022-24410-3<\/a><\/li>\n\n\n\n<li>Siegel, R. L., Miller, K. D., Wagle, N. S., &amp; Jemal, A. (2023). <strong>Estad\u00edsticas de c\u00e1ncer, 2023<\/strong>. CA: A Cancer Journal for Clinicians, 73(1), 17\u201348.  <a href=\"https:\/\/doi.org\/10.3322\/caac.21763\" target=\"_blank\" rel=\"noopener\">https:\/\/doi.org\/10.3322\/caac.21763<\/a><\/li>\n\n\n\n<li>Kunz, K. R., Turcotte, K., Pawer, S., Zheng, A., Purewal, A., Wellar, A., Karmali, S., Garis, L., Thomas, L. S., &amp; Pike, I. (2023). <strong>C\u00e1ncer en mujeres bomberas: Perspectivas clinicobiol\u00f3gicas, psicol\u00f3gicas y sociales<\/strong>. Frontiers in Public Health, 11.  <a href=\"https:\/\/www.frontiersin.org\/articles\/10.3389\/fpubh.2023.1126066\" target=\"_blank\" rel=\"noopener\">https:\/\/www.frontiersin.org\/articles\/10.3389\/fpubh.2023.1126066<\/a><\/li>\n<\/ol>\n<\/div><\/details>\n\n\n\n<details class=\"wp-block-details is-layout-flow wp-block-details-is-layout-flow\"><summary>Estudios de investigaci\u00f3n recomendados (Acceso restringido)<\/summary><div class=\"wp-block-list\">\n<ol class=\"wp-block-list\">\n<li>Keir, J. L. A., Papas, W., Wawrzynczak, A., Aranda-Rodriguez, R., Blais, J. M., &amp; White, P. A. (2023). <strong>Uso de pulseras de silicona para medir la exposici\u00f3n de los bomberos a hidrocarburos arom\u00e1ticos polic\u00edclicos (HAP) durante el entrenamiento con fuego real<\/strong>. Environmental Research, 117306.  <a href=\"https:\/\/doi.org\/10.1016\/j.envres.2023.117306\" target=\"_blank\" rel=\"noopener\">https:\/\/doi.org\/10.1016\/j.envres.2023.117306<\/a><\/li>\n\n\n\n<li>Valek, S. A., Rousseau, M. A., Nelson, K. C., Kannler, C., &amp; Tran, T. (2023). <strong>Riesgo de melanoma entre bomberos profesionales: Una revisi\u00f3n sistem\u00e1tica de estudios de casos y controles<\/strong>. Journal of the American Academy of Dermatology, 88(5), 1189\u20131192.  <a href=\"https:\/\/doi.org\/10.1016\/j.jaad.2022.11.058\" target=\"_blank\" rel=\"noopener\">https:\/\/doi.org\/10.1016\/j.jaad.2022.11.058<\/a><\/li>\n\n\n\n<li>Rosenfeld, P. E., Spaeth, K. R., Remy, L. L., Byers, V., Muerth, S. A., Hallman, R. C., Summers-Evans, J., &amp; Barker, S. (2023). <strong>Exposici\u00f3n a sustancias perfluoroalquiladas en bomberos: Fuentes e implicaciones<\/strong>. Environmental Research, 220, 115164.  <a href=\"https:\/\/doi.org\/10.1016\/j.envres.2022.115164\" target=\"_blank\" rel=\"noopener\">https:\/\/doi.org\/10.1016\/j.envres.2022.115164<\/a><\/li>\n<\/ol>\n<\/div><\/details>\n\n<\/div><\/section>\n\n<\/div><\/section>\n<section\n\t class=\"page-blocks iaff-page-blocks align wp-block-acf-page-blocks\" id=\"page-blocks_block_48238d89415af471d3b1a3fc19f074ac\">\n\t<div class=\"acf-innerblocks-container\">\n\n<h3 class=\"wp-block-heading\">Recursos Adicionales<\/h3>\n\n<\/div><\/section>\n<section\n\t class=\"page-blocks iaff-page-blocks align wp-block-acf-page-blocks\" id=\"page-blocks_block_48238d89415af471d3b1a3fc19f074ac\">\n\t<div class=\"acf-innerblocks-container\">\n<section\n\t class=\"documents-card-grid px-[22px] md:px-[60px] py-[60px] pt-0 !mt-0 align wp-block-acf-documents-card-grid\" id=\"documents-card-grid_block_4ba1c4f63ac354cfbc66a88f736ed127\">\n\t\n\t<div class=\"iaff-documents-card-grid pb-10\">\n\t\t\t\t<div class=\"acf-innerblocks-container\">\n<article\n\t class=\"documents-card-media iaff-documents-card iaff-documents-card-download align wp-block-acf-documents-card-media\" id=\"documents-card-media_block_99c389d20d6aa942d14be208b93032e4\">\n\t<a class=\"group text-body-500 no-underline flex gap-5 h-full bg-transparent hocus-visible:bg-white dlm-no-xhr-download\" href=\"https:\/\/www.iaff.org\/wp-content\/uploads\/2024\/03\/HealthyInHealthyOut2023.pdf\" rel=\"noopener\" target=\"_blank\">\n\t<div>\n\t\t<svg xmlns=\"http:\/\/www.w3.org\/2000\/svg\" width=\"40\" height=\"50\" fill=\"none\" viewBox=\"0 0 40 50\"><path stroke=\"#211F21\" stroke-width=\"1.5\" d=\"M2.00173 1.25L1.25 1.24827V2V48V48.75H2H38H38.75V48V8.83235V8.52489L38.5342 8.30591L31.8675 1.5412L31.6479 1.31837L31.3351 1.31765L2.00173 1.25Z\"\/><path fill=\"#211F21\" d=\"M31.3333 8.90662V2.06838L38 8.90662H31.3333Z\"\/><path stroke=\"#E00\" stroke-width=\"1.5\" d=\"M9 14H31\"\/><path stroke=\"#E00\" stroke-width=\"1.5\" d=\"M9 21H31\"\/><path stroke=\"#E00\" stroke-width=\"1.5\" d=\"M9 28H31\"\/><\/svg>\t<\/div>\n\t<div\n\t\tclass=\"underline decoration-transparent transition-colors duration-hover group-hover:decoration-current group-focus:decoration-current break-all\"\n\t>\n\t\tSaludable al entrar, saludable al salir 2023\t<\/div>\n<\/a>\n<\/article>\n\n\n<article\n\t class=\"documents-card-media iaff-documents-card iaff-documents-card-download align wp-block-acf-documents-card-media\" id=\"documents-card-media_block_80444b8eabaa2fd0031300d501395e57\">\n\t<a class=\"group text-body-500 no-underline flex gap-5 h-full bg-transparent hocus-visible:bg-white dlm-no-xhr-download\" href=\"https:\/\/www.iaff.org\/wp-content\/uploads\/2024\/03\/Cancer-Risk-NFPA.pdf\" rel=\"noopener\" target=\"_blank\">\n\t<div>\n\t\t<svg xmlns=\"http:\/\/www.w3.org\/2000\/svg\" width=\"40\" height=\"50\" fill=\"none\" viewBox=\"0 0 40 50\"><path stroke=\"#211F21\" stroke-width=\"1.5\" d=\"M2.00173 1.25L1.25 1.24827V2V48V48.75H2H38H38.75V48V8.83235V8.52489L38.5342 8.30591L31.8675 1.5412L31.6479 1.31837L31.3351 1.31765L2.00173 1.25Z\"\/><path fill=\"#211F21\" d=\"M31.3333 8.90662V2.06838L38 8.90662H31.3333Z\"\/><path stroke=\"#E00\" stroke-width=\"1.5\" d=\"M9 14H31\"\/><path stroke=\"#E00\" stroke-width=\"1.5\" d=\"M9 21H31\"\/><path stroke=\"#E00\" stroke-width=\"1.5\" d=\"M9 28H31\"\/><\/svg>\t<\/div>\n\t<div\n\t\tclass=\"underline decoration-transparent transition-colors duration-hover group-hover:decoration-current group-focus:decoration-current break-all\"\n\t>\n\t\tRiesgo de c\u00e1ncer en la lucha contra incendios\t<\/div>\n<\/a>\n<\/article>\n\n\n<article\n\t class=\"documents-card-media iaff-documents-card iaff-documents-card-download align wp-block-acf-documents-card-media\" id=\"documents-card-media_block_9c0e71ce1a68d4e95a6df4296dec4a9c\">\n\t<a class=\"group text-body-500 no-underline flex gap-5 h-full bg-transparent hocus-visible:bg-white dlm-no-xhr-download\" href=\"https:\/\/www.iaff.org\/wp-content\/uploads\/2024\/03\/Exposure-to-PAHS-in-controlled-structure-fires-a-fact-sheet.pdf\" rel=\"noopener\" target=\"_blank\">\n\t<div>\n\t\t<svg xmlns=\"http:\/\/www.w3.org\/2000\/svg\" width=\"40\" height=\"50\" fill=\"none\" viewBox=\"0 0 40 50\"><path stroke=\"#211F21\" stroke-width=\"1.5\" d=\"M2.00173 1.25L1.25 1.24827V2V48V48.75H2H38H38.75V48V8.83235V8.52489L38.5342 8.30591L31.8675 1.5412L31.6479 1.31837L31.3351 1.31765L2.00173 1.25Z\"\/><path fill=\"#211F21\" d=\"M31.3333 8.90662V2.06838L38 8.90662H31.3333Z\"\/><path stroke=\"#E00\" stroke-width=\"1.5\" d=\"M9 14H31\"\/><path stroke=\"#E00\" stroke-width=\"1.5\" d=\"M9 21H31\"\/><path stroke=\"#E00\" stroke-width=\"1.5\" d=\"M9 28H31\"\/><\/svg>\t<\/div>\n\t<div\n\t\tclass=\"underline decoration-transparent transition-colors duration-hover group-hover:decoration-current group-focus:decoration-current break-all\"\n\t>\n\t\tExposici\u00f3n sist\u00e9mica a HAP y benceno en bomberos que extinguen incendios estructurales controlados\t<\/div>\n<\/a>\n<\/article>\n\n\n<article\n\t class=\"documents-card-media iaff-documents-card iaff-documents-card-download align wp-block-acf-documents-card-media\" id=\"documents-card-media_block_ee8adcfb663c6a19b4ffa1b8576e793d\">\n\t<a class=\"group text-body-500 no-underline flex gap-5 h-full bg-transparent hocus-visible:bg-white dlm-no-xhr-download\" href=\"https:\/\/www.iaff.org\/wp-content\/uploads\/2024\/03\/Fent-Dermal-Exposure-report.pdf\" rel=\"noopener\" target=\"_blank\">\n\t<div>\n\t\t<svg xmlns=\"http:\/\/www.w3.org\/2000\/svg\" width=\"40\" height=\"50\" fill=\"none\" viewBox=\"0 0 40 50\"><path stroke=\"#211F21\" stroke-width=\"1.5\" d=\"M2.00173 1.25L1.25 1.24827V2V48V48.75H2H38H38.75V48V8.83235V8.52489L38.5342 8.30591L31.8675 1.5412L31.6479 1.31837L31.3351 1.31765L2.00173 1.25Z\"\/><path fill=\"#211F21\" d=\"M31.3333 8.90662V2.06838L38 8.90662H31.3333Z\"\/><path stroke=\"#E00\" stroke-width=\"1.5\" d=\"M9 14H31\"\/><path stroke=\"#E00\" stroke-width=\"1.5\" d=\"M9 21H31\"\/><path stroke=\"#E00\" stroke-width=\"1.5\" d=\"M9 28H31\"\/><\/svg>\t<\/div>\n\t<div\n\t\tclass=\"underline decoration-transparent transition-colors duration-hover group-hover:decoration-current group-focus:decoration-current break-all\"\n\t>\n\t\tExposici\u00f3n d\u00e9rmica a hidrocarburos arom\u00e1ticos polic\u00edclicos\t<\/div>\n<\/a>\n<\/article>\n\n\n<article\n\t class=\"documents-card-media iaff-documents-card iaff-documents-card-download align wp-block-acf-documents-card-media\" id=\"documents-card-media_block_5d397cf4bdd1971f7786c1b1ce8a3f1e\">\n\t<a class=\"group text-body-500 no-underline flex gap-5 h-full bg-transparent hocus-visible:bg-white dlm-no-xhr-download\" href=\"https:\/\/www.iaff.org\/wp-content\/uploads\/2024\/03\/Brown13_Firefighters.pdf\" rel=\"noopener\" target=\"_blank\">\n\t<div>\n\t\t<svg xmlns=\"http:\/\/www.w3.org\/2000\/svg\" width=\"40\" height=\"50\" fill=\"none\" viewBox=\"0 0 40 50\"><path stroke=\"#211F21\" stroke-width=\"1.5\" d=\"M2.00173 1.25L1.25 1.24827V2V48V48.75H2H38H38.75V48V8.83235V8.52489L38.5342 8.30591L31.8675 1.5412L31.6479 1.31837L31.3351 1.31765L2.00173 1.25Z\"\/><path fill=\"#211F21\" d=\"M31.3333 8.90662V2.06838L38 8.90662H31.3333Z\"\/><path stroke=\"#E00\" stroke-width=\"1.5\" d=\"M9 14H31\"\/><path stroke=\"#E00\" stroke-width=\"1.5\" d=\"M9 21H31\"\/><path stroke=\"#E00\" stroke-width=\"1.5\" d=\"M9 28H31\"\/><\/svg>\t<\/div>\n\t<div\n\t\tclass=\"underline decoration-transparent transition-colors duration-hover group-hover:decoration-current group-focus:decoration-current break-all\"\n\t>\n\t\tManual de riesgos para la salud de los bomberos\t<\/div>\n<\/a>\n<\/article>\n\n\n<article\n\t class=\"documents-card-media iaff-documents-card iaff-documents-card-download align wp-block-acf-documents-card-media\" id=\"documents-card-media_block_6c5561c9ded63a9ee6df6fd181afb6ab\">\n\t<a class=\"group text-body-500 no-underline flex gap-5 h-full bg-transparent hocus-visible:bg-white dlm-no-xhr-download\" href=\"https:\/\/www.iaff.org\/wp-content\/uploads\/2024\/03\/Diesel-Exhaust-Exposures.pdf\" rel=\"noopener\" target=\"_blank\">\n\t<div>\n\t\t<svg xmlns=\"http:\/\/www.w3.org\/2000\/svg\" width=\"40\" height=\"50\" fill=\"none\" viewBox=\"0 0 40 50\"><path stroke=\"#211F21\" stroke-width=\"1.5\" d=\"M2.00173 1.25L1.25 1.24827V2V48V48.75H2H38H38.75V48V8.83235V8.52489L38.5342 8.30591L31.8675 1.5412L31.6479 1.31837L31.3351 1.31765L2.00173 1.25Z\"\/><path fill=\"#211F21\" d=\"M31.3333 8.90662V2.06838L38 8.90662H31.3333Z\"\/><path stroke=\"#E00\" stroke-width=\"1.5\" d=\"M9 14H31\"\/><path stroke=\"#E00\" stroke-width=\"1.5\" d=\"M9 21H31\"\/><path stroke=\"#E00\" stroke-width=\"1.5\" d=\"M9 28H31\"\/><\/svg>\t<\/div>\n\t<div\n\t\tclass=\"underline decoration-transparent transition-colors duration-hover group-hover:decoration-current group-focus:decoration-current break-all\"\n\t>\n\t\tEvaluaci\u00f3n de la exposici\u00f3n a gases de escape di\u00e9sel\t<\/div>\n<\/a>\n<\/article>\n\n\n<article\n\t class=\"documents-card-media iaff-documents-card iaff-documents-card-download align wp-block-acf-documents-card-media\" id=\"documents-card-media_block_a52607e50b6a897b7666202a6f2114f5\">\n\t<a class=\"group text-body-500 no-underline flex gap-5 h-full bg-transparent hocus-visible:bg-white dlm-no-xhr-download\" href=\"https:\/\/www.iaff.org\/wp-content\/uploads\/2024\/03\/Diesel-exhaust-Who-report.pdf\" rel=\"noopener\" target=\"_blank\">\n\t<div>\n\t\t<svg xmlns=\"http:\/\/www.w3.org\/2000\/svg\" width=\"40\" height=\"50\" fill=\"none\" viewBox=\"0 0 40 50\"><path stroke=\"#211F21\" stroke-width=\"1.5\" d=\"M2.00173 1.25L1.25 1.24827V2V48V48.75H2H38H38.75V48V8.83235V8.52489L38.5342 8.30591L31.8675 1.5412L31.6479 1.31837L31.3351 1.31765L2.00173 1.25Z\"\/><path fill=\"#211F21\" d=\"M31.3333 8.90662V2.06838L38 8.90662H31.3333Z\"\/><path stroke=\"#E00\" stroke-width=\"1.5\" d=\"M9 14H31\"\/><path stroke=\"#E00\" stroke-width=\"1.5\" d=\"M9 21H31\"\/><path stroke=\"#E00\" stroke-width=\"1.5\" d=\"M9 28H31\"\/><\/svg>\t<\/div>\n\t<div\n\t\tclass=\"underline decoration-transparent transition-colors duration-hover group-hover:decoration-current group-focus:decoration-current break-all\"\n\t>\n\t\tInforme de la OMS sobre gases de escape di\u00e9sel\t<\/div>\n<\/a>\n<\/article>\n\n<\/div>\t<\/div>\n<\/section>\n\n<\/div><\/section>\n","protected":false},"excerpt":{"rendered":"","protected":false},"featured_media":95412,"parent":95409,"menu_order":0,"comment_status":"closed","ping_status":"closed","template":"","meta":{"_acf_changed":false,"_searchwp_excluded":"","inline_featured_image":false,"_EventAllDay":false,"_EventTimezone":"","_EventStartDate":"","_EventEndDate":"","_EventStartDateUTC":"","_EventEndDateUTC":"","_EventShowMap":false,"_EventShowMapLink":false,"_EventURL":"","_EventCost":"","_EventCostDescription":"","_EventCurrencySymbol":"","_EventCurrencyCode":"","_EventCurrencyPosition":"","_EventDateTimeSeparator":"","_EventTimeRangeSeparator":"","_EventOrganizerID":[],"_EventVenueID":[],"_OrganizerEmail":"","_OrganizerPhone":"","_OrganizerWebsite":"","_VenueAddress":"","_VenueCity":"","_VenueCountry":"","_VenueProvince":"","_VenueState":"","_VenueZip":"","_VenuePhone":"","_VenueURL":"","_VenueStateProvince":"","_VenueLat":"","_VenueLng":"","_VenueShowMap":false,"_VenueShowMapLink":false,"footnotes":""},"class_list":["post-96057","page","type-page","status-publish","has-post-thumbnail","hentry"],"acf":[],"publishpress_future_workflow_manual_trigger":{"enabledWorkflows":[]},"_links":{"self":[{"href":"https:\/\/www.iaff.org\/es\/wp-json\/wp\/v2\/pages\/96057","targetHints":{"allow":["GET"]}}],"collection":[{"href":"https:\/\/www.iaff.org\/es\/wp-json\/wp\/v2\/pages"}],"about":[{"href":"https:\/\/www.iaff.org\/es\/wp-json\/wp\/v2\/types\/page"}],"author":[{"embeddable":true,"href":"https:\/\/www.iaff.org\/es\/wp-json\/wp\/v2\/users\/18"}],"replies":[{"embeddable":true,"href":"https:\/\/www.iaff.org\/es\/wp-json\/wp\/v2\/comments?post=96057"}],"version-history":[{"count":0,"href":"https:\/\/www.iaff.org\/es\/wp-json\/wp\/v2\/pages\/96057\/revisions"}],"up":[{"embeddable":true,"href":"https:\/\/www.iaff.org\/es\/wp-json\/wp\/v2\/pages\/95409"}],"wp:featuredmedia":[{"embeddable":true,"href":"https:\/\/www.iaff.org\/es\/wp-json\/wp\/v2\/media\/95412"}],"wp:attachment":[{"href":"https:\/\/www.iaff.org\/es\/wp-json\/wp\/v2\/media?parent=96057"}],"curies":[{"name":"wp","href":"https:\/\/api.w.org\/{rel}","templated":true}]}}