{"id":95980,"date":"2022-12-01T14:30:43","date_gmt":"2022-12-01T19:30:43","guid":{"rendered":"https:\/\/www.iaff.org\/iniciativa-de-salud-presuntiva\/ley-de-discapacidad-presuntiva-en-quebec\/"},"modified":"2025-11-07T10:10:28","modified_gmt":"2025-11-07T15:10:28","slug":"ley-de-discapacidad-presuntiva-en-quebec","status":"publish","type":"page","link":"https:\/\/www.iaff.org\/es\/iniciativa-de-salud-presuntiva\/ley-de-discapacidad-presuntiva-en-quebec\/","title":{"rendered":"Ley de discapacidad presuntiva en Quebec"},"content":{"rendered":"<section\n\t class=\"secondary-hero align wp-block-acf-secondary-hero\" id=\"secondary-hero_block_af7161a9ac96702bacc44a1cdb325d20\">\n\t\n<header\n\tclass=\"w-full u-bg-full-width px-[22px] md:ps-bleed md:pe-0 py-[60px] bg-blue text-white u-has-rivets\"\n\tdata-theme=\"navy\"\n>\n\t<div class=\"flex flex-col !px-0 !max-w-[1440px] w-full lg:!ps-indent\">\n\t\t<div class=\"border-t-[6px] w-full my-0 flex flex-col md:flex-row gap-x-[62px] gap-y-[22px] border-gold\">\n\t\t\t\t\t\t<div class=\"w-full md:w-1\/2 md:py-[45px]\">\n\t\t\t\t<div class=\"max-w-[600px] flex flex-col gap-[22px]\">\n\t\t\t\t\t\t\t\t\t\t\t<h1 class=\"has-[.u-halftone-shadow--dark]:mb-divider has-[.u-halftone-shadow--light]:mb-divider pt-[22px] md:pt-0\">\n\t\t\t\t\t\t\t<span class=\"inline-flex text-heading-200 u-halftone-shadow--light\">\n\t\t\t\t\t\t\t\tLey de discapacidad presuntiva en Quebec\t\t\t\t\t\t\t<\/span>\n\t\t\t\t\t\t<\/h1>\n\t\t\t\t\t\t\t\t\t\t\t\t\t\t\t\t\t\t\t\t\t\t\t\t\t\t\t\t\t<\/div>\n\t\t\t<\/div>\n\n\t\t<\/div>\n\t\t\t\t\t<div class=\"order-first flex justify-start w-full pb-[22px]\">\n\t\t\t\t<div\n\tclass=\"wp-block-button is-style-tertiary text-white is-style-tertiary-back\"\n>\n\t\t\t<a\n\t\t\thref=\"https:\/\/www.iaff.org\/es\/iniciativa-de-salud-presuntiva\/\"\n\t\t\tclass=\"wp-block-button__link wp-element-button group\"\n\t\t\t\t\t>\n\t\t\t<span\n\t\t\tclass=\"decoration-transparent underline underline-offset-2 group-hover:decoration-inherit group-focus-visible:decoration-inherit transition duration-hover\"\n\t\t>\n\t\t\tIniciativa de Salud Presuntiva\t\t<\/span>\n\n\t\t<span\n\t\t\tclass=\"bg-inherit transition-colors duration-hover group-hover:bg-gold group-focus:bg-gold inline-flex rotate-180 order-first\"\n\t\t>\n\t\t\t<svg xmlns=\"http:\/\/www.w3.org\/2000\/svg\" width=\"21\" height=\"22\" fill=\"none\" viewBox=\"0 0 21 22\"><path stroke=\"currentColor\" stroke-linecap=\"round\" stroke-width=\"2\" d=\"M20 20.75L20 2.25L1.5 2.25L1.5 20.75L20 20.75Z\" clip-rule=\"evenodd\"\/><path stroke=\"currentColor\" stroke-linecap=\"square\" stroke-width=\"2\" d=\"M14.0883 11.5L6.66406 11.5\"\/><path stroke=\"currentColor\" stroke-linecap=\"square\" stroke-width=\"2\" d=\"M11.0723 7.75205L14.8363 11.5L11.0723 15.248\"\/><\/svg>\t\t<\/span>\n\t<\/a><\/div>\n\t\t\t<\/div>\n\t\t\t<\/div>\n<\/header>\n<\/section>\n<div class=\"wp-block-paragraph \">\n<p><strong>PARTE DEL C\u00d3DIGO:<\/strong><\/p>\n<\/div><div class=\"wp-block-paragraph \">\n<p>A-3.001, r. 8.1<\/p>\n<\/div><div class=\"wp-block-paragraph \">\n<p>Reglamento relativo a las enfermedades profesionales <\/p>\n<\/div><div class=\"wp-block-paragraph \">\n<p><a href=\"https:\/\/www.legisquebec.gouv.qc.ca\/en\/document\/cr\/A-3.001,%20r.%208.1\" target=\"_blank\" rel=\"noreferrer noopener\">Sitio web legislativo<\/a> <\/p>\n<\/div><div class=\"wp-block-paragraph \">\n<p><strong>DESCRIPCI\u00d3N:<\/strong><\/p>\n<\/div><div class=\"wp-block-paragraph \">\n<p>cap\u00edtulo A-3.001, r. 8.1<br\/>Reglamento relativo a las enfermedades profesionales<br\/>Ley sobre accidentes laborales y enfermedades profesionales<br\/>(cap\u00edtulo A-3.001, s. 29).<br\/>ALCANCE Y DEFINICIONES<br\/>S.Q. 2021, c. 27, s.   242.<\/p>\n<\/div><div class=\"wp-block-list\">\n<ol class=\"wp-block-list\">\n<li>Este Reglamento determina, en el Anexo A, las enfermedades y las condiciones especiales relacionadas con ellas a los efectos de la presunci\u00f3n de enfermedad profesional prevista en el art\u00edculo 29 de la Ley sobre accidentes laborales y enfermedades profesionales (cap\u00edtulo A-3.001).<br\/>El Reglamento tambi\u00e9n determina, a los efectos del art\u00edculo 28.1 de la Ley, los criterios de elegibilidad para una reclamaci\u00f3n por una enfermedad cuyo diagn\u00f3stico es una deficiencia auditiva causada por el ruido.<br\/>S.Q. 2021, c. 27, s.  242.<\/li>\n\n\n\n<li>A los efectos de este Reglamento, \u201cbombero operativo\u201d significa<\/li>\n<\/ol>\n<\/div><div class=\"wp-block-paragraph \">\n<p>(1) un oficial o bombero asignado a intervenciones de extinci\u00f3n de incendios;<br\/>(2) un oficial o bombero que realiza el desescombro o la investigaci\u00f3n de las causas y circunstancias de los incendios;<br\/>(3) un bombero que conduce los camiones; y<br\/>(4) un bombero que opera las bombas y los dispositivos de elevaci\u00f3n.<br\/>S.Q. 2021, c. 27, s.  242.<\/p>\n<\/div><div class=\"wp-block-paragraph \">\n<p>Programar un <\/p>\n<\/div><div class=\"wp-block-paragraph \">\n<p><strong>Divisi\u00f3n i \u2013 enfermedades causadas por agentes qu\u00edmicos <\/strong><\/p>\n<\/div>\n<figure class=\"wp-block-table\"><table class=\"has-fixed-layout\"><tbody><tr><td>ENFERMEDAD <\/td><td>CONDICIONES ESPECIALES <\/td><\/tr><tr><td>Intoxicaci\u00f3n por metales y sus compuestos t\u00f3xicos org\u00e1nicos o inorg\u00e1nicos <\/td><td>Haber realizado cualquier trabajo que implique la utilizaci\u00f3n o manipulaci\u00f3n de o cualquier otra forma de exposici\u00f3n a esos metales. <\/td><\/tr><tr><td>Intoxicaci\u00f3n por hal\u00f3genos y sus compuestos t\u00f3xicos org\u00e1nicos o inorg\u00e1nicos <\/td><td>Haber realizado cualquier trabajo que implique la utilizaci\u00f3n o manipulaci\u00f3n de o cualquier otra forma de exposici\u00f3n a esos hal\u00f3genos. <\/td><\/tr><tr><td>Intoxicaci\u00f3n por los compuestos t\u00f3xicos org\u00e1nicos o inorg\u00e1nicos del boro <\/td><td>Haber realizado cualquier trabajo que implique la utilizaci\u00f3n o manipulaci\u00f3n de o cualquier otra forma de exposici\u00f3n a dichos compuestos del boro. <\/td><\/tr><tr><td>Intoxicaci\u00f3n por silicio y sus compuestos t\u00f3xicos org\u00e1nicos o inorg\u00e1nicos <\/td><td>Haber realizado cualquier trabajo que implique la utilizaci\u00f3n o manipulaci\u00f3n de o cualquier otra forma de exposici\u00f3n al silicio o a dichos compuestos del silicio. <\/td><\/tr><tr><td>Intoxicaci\u00f3n por f\u00f3sforo y sus compuestos t\u00f3xicos org\u00e1nicos o inorg\u00e1nicos <\/td><td>Haber realizado cualquier trabajo que implique la utilizaci\u00f3n o manipulaci\u00f3n de o cualquier otra forma de exposici\u00f3n al f\u00f3sforo o a dichos compuestos del f\u00f3sforo. <\/td><\/tr><tr><td>Intoxicaci\u00f3n por ars\u00e9nico y sus compuestos t\u00f3xicos org\u00e1nicos o inorg\u00e1nicos <\/td><td>Haber realizado cualquier trabajo que implique la utilizaci\u00f3n o manipulaci\u00f3n de o cualquier otra forma de exposici\u00f3n al ars\u00e9nico o a dichos compuestos del ars\u00e9nico. <\/td><\/tr><tr><td>Intoxicaci\u00f3n por los compuestos t\u00f3xicos org\u00e1nicos o inorg\u00e1nicos de azufre <\/td><td>Haber realizado cualquier trabajo que implique la utilizaci\u00f3n o manipulaci\u00f3n de o cualquier otra forma de exposici\u00f3n a dichos compuestos de azufre. <\/td><\/tr><tr><td>Intoxicaci\u00f3n por selenio y sus compuestos t\u00f3xicos org\u00e1nicos o inorg\u00e1nicos <\/td><td>Haber realizado cualquier trabajo que implique la utilizaci\u00f3n o manipulaci\u00f3n de o cualquier otra forma de exposici\u00f3n al selenio o a dichos compuestos del selenio. <\/td><\/tr><tr><td>Intoxicaci\u00f3n por telurio y sus compuestos t\u00f3xicos org\u00e1nicos o inorg\u00e1nicos <\/td><td>Haber realizado cualquier trabajo que implique la utilizaci\u00f3n o manipulaci\u00f3n de o cualquier otra forma de exposici\u00f3n al telurio o a dichos compuestos del telurio. <\/td><\/tr><tr><td>Intoxicaci\u00f3n por los compuestos t\u00f3xicos org\u00e1nicos o inorg\u00e1nicos de nitr\u00f3geno <\/td><td>Haber realizado cualquier trabajo que implique la utilizaci\u00f3n o manipulaci\u00f3n de o cualquier otra forma de exposici\u00f3n a dichos compuestos de nitr\u00f3geno. <\/td><\/tr><tr><td>Intoxicaci\u00f3n por los compuestos t\u00f3xicos org\u00e1nicos o inorg\u00e1nicos de ox\u00edgeno <\/td><td>Haber realizado cualquier trabajo que implique la utilizaci\u00f3n o manipulaci\u00f3n de o cualquier otra forma de exposici\u00f3n a dichos compuestos de ox\u00edgeno. <\/td><\/tr><tr><td>Intoxicaci\u00f3n por hidrocarburos alif\u00e1ticos, alic\u00edclicos y arom\u00e1ticos <\/td><td>Haber realizado cualquier trabajo que implique la utilizaci\u00f3n o manipulaci\u00f3n de o cualquier otra forma de exposici\u00f3n a esas sustancias. <\/td><\/tr><tr><td>Enfermedad de Parkinson <\/td><td>Haber realizado cualquier trabajo que implique la exposici\u00f3n durante al menos 10 a\u00f1os a plaguicidas que sean productos fitosanitarios o fitofarmac\u00e9uticos para uso agr\u00edcola o destinados al mantenimiento de plantas o que sean biocidas o antiparasitarios veterinarios. <br\/> <br\/>El trabajo implica la exposici\u00f3n a plaguicidas cuando <br\/> <br\/>\u2013 hay manipulaci\u00f3n o uso de plaguicidas por contacto o inhalaci\u00f3n; o <br\/> <br\/>\u2013 hay contacto con cultivos, superficies o animales tratados o con m\u00e1quinas utilizadas para aplicar plaguicidas. <br\/> <br\/>El diagn\u00f3stico no debe haberse realizado m\u00e1s de 7 a\u00f1os despu\u00e9s del final de la exposici\u00f3n a los plaguicidas. <\/td><\/tr><\/tbody><\/table><\/figure>\n<div class=\"wp-block-paragraph \">\n<p><strong>Divisi\u00f3n II \u2013 agentes biol\u00f3gicos y agentes infecciosos o parasitarios<\/strong><\/p>\n<\/div>\n<figure class=\"wp-block-table\"><table class=\"has-fixed-layout\"><tbody><tr><td>ENFERMEDAD <\/td><td>CONDICIONES ESPECIALES <\/td><\/tr><tr><td>Infecciones bacterianas o f\u00fangicas de la piel (piodermitis, foliculitis bacteriana, panadizo, dermatomicosis, infecci\u00f3n cut\u00e1nea por c\u00e1ndida) <\/td><td>Haber realizado cualquier trabajo que implique el contacto con tejidos o material contaminado por bacterias u hongos. <\/td><\/tr><tr><td>Parasitosis <\/td><td>Haber realizado cualquier trabajo que implique el contacto con humanos, animales o material contaminado por par\u00e1sitos como Sarcoptes scabiei, Pediculus humanus o Borrelia burgdorferi. <\/td><\/tr><tr><td>\u00c1ntrax <\/td><td>Haber realizado cualquier trabajo que implique la utilizaci\u00f3n o manipulaci\u00f3n de o cualquier otra forma de exposici\u00f3n a lana, pelo, cerdas, cueros o pieles contaminados. <\/td><\/tr><tr><td>Brucelosis <\/td><td>Haber realizado cualquier trabajo relacionado con el cuidado, sacrificio, despiece o transporte de animales o cualquier trabajo de laboratorio que implique el contacto con Brucella. <\/td><\/tr><tr><td>Hepatitis viral <\/td><td>Haber realizado cualquier trabajo que implique el contacto con humanos, productos humanos o sustancias contaminadas. <\/td><\/tr><tr><td>Tuberculosis <\/td><td>Haber realizado cualquier trabajo que implique el contacto con humanos, animales o productos humanos o animales contaminados u otras sustancias contaminadas. <\/td><\/tr><tr><td>Verrugas en las manos <\/td><td>Haber realizado cualquier trabajo realizado en un matadero o que implique la manipulaci\u00f3n de animales o productos animales en condiciones de humedad (maceraci\u00f3n). <\/td><\/tr><\/tbody><\/table><\/figure>\n<div class=\"wp-block-paragraph \">\n<p><strong>Divisi\u00f3n III \u2013 enfermedades de la piel <\/strong><\/p>\n<\/div>\n<figure class=\"wp-block-table\"><table class=\"has-fixed-layout\"><tbody><tr><td>ENFERMEDAD <\/td><td>CONDICIONES ESPECIALES <\/td><\/tr><tr><td>Dermatitis de contacto irritativa <\/td><td>Haber realizado cualquier trabajo que implique el contacto con sustancias como disolventes, detergentes, jabones, \u00e1cidos, \u00e1lcalis, cementos, lubricantes u otros agentes irritantes. <\/td><\/tr><tr><td>Dermatitis de contacto al\u00e9rgica <\/td><td>Haber realizado cualquier trabajo que implique el contacto con sustancias como n\u00edquel, cromo, epoxi, mercurio, antibi\u00f3ticos u otros al\u00e9rgenos. <\/td><\/tr><tr><td>Fitodermatosis <\/td><td>Haber realizado cualquier trabajo que implique el contacto con plantas. <\/td><\/tr><tr><td>Dermatosis causada por acci\u00f3n mec\u00e1nica (callosidad localizada y queratodermias) <\/td><td>Haber realizado cualquier trabajo que implique fricci\u00f3n o presi\u00f3n. <\/td><\/tr><tr><td>Fotodermatitis, foliculitis, discrom\u00eda, epitelioma o lesiones paraneopl\u00e1sicas <\/td><td>Haber realizado cualquier trabajo que implique la utilizaci\u00f3n o manipulaci\u00f3n de alquitr\u00e1n, brea, asfalto, aceites minerales, antraceno o sus compuestos, productos y residuos. <\/td><\/tr><tr><td>Radiodermatitis <\/td><td>Haber realizado cualquier trabajo que implique la exposici\u00f3n a radiaciones ionizantes. <\/td><\/tr><tr><td>Telangiectasia cut\u00e1nea <\/td><td>Haber realizado cualquier trabajo realizado en plantas de aluminio, que implique la exposici\u00f3n repetida al aire ambiente en salas de cuba. <\/td><\/tr><tr><td>Foliculitis qu\u00edmica <\/td><td>Haber realizado cualquier trabajo que implique la utilizaci\u00f3n o manipulaci\u00f3n de aceite o grasa. <\/td><\/tr><\/tbody><\/table><\/figure>\n<div class=\"wp-block-paragraph \">\n<p><strong>Divisi\u00f3n IV \u2013 enfermedades causadas por agentes f\u00edsicos <\/strong><\/p>\n<\/div>\n<figure class=\"wp-block-table\"><table class=\"has-fixed-layout\"><tbody><tr><td>ENFERMEDAD <\/td><td>CONDICIONES ESPECIALES <\/td><\/tr><tr><td>Deterioro de la audici\u00f3n causado por el ruido <\/td><td>Haber realizado cualquier trabajo que implique la exposici\u00f3n a ruido excesivo. <\/td><\/tr><tr><td>Enfermedad causada por trabajar en aire comprimido <\/td><td>Haber realizado cualquier trabajo realizado en aire comprimido. <\/td><\/tr><tr><td>Enfermedad causada por la exposici\u00f3n al estr\u00e9s t\u00e9rmico <\/td><td>Haber realizado cualquier trabajo realizado en condiciones t\u00e9rmicas excesivas. <\/td><\/tr><tr><td>Enfermedad causada por radiaciones ionizantes <\/td><td>Haber realizado cualquier trabajo que implique la exposici\u00f3n a radiaciones ionizantes. <\/td><\/tr><tr><td>Enfermedad causada por vibraciones <\/td><td>Haber realizado cualquier trabajo que implique vibraciones. <\/td><\/tr><tr><td>Retinitis <\/td><td>Haber realizado cualquier trabajo que implique soldadura el\u00e9ctrica o soldadura con acetileno. <\/td><\/tr><tr><td>Catarata causada por radiaci\u00f3n no ionizante <\/td><td>Haber realizado cualquier trabajo que implique la exposici\u00f3n a radiaci\u00f3n infrarroja, microondas o rayos l\u00e1ser. <\/td><\/tr><\/tbody><\/table><\/figure>\n<div class=\"wp-block-paragraph \">\n<p><strong>Divisi\u00f3n V \u2013 Enfermedades del sistema respiratorio <\/strong><\/p>\n<\/div>\n<figure class=\"wp-block-table\"><table class=\"has-fixed-layout\"><tbody><tr><td>ENFERMEDAD <\/td><td>CONDICIONES ESPECIALES <\/td><\/tr><tr><td>Asbestosis <\/td><td>Haber realizado cualquier trabajo que implique la exposici\u00f3n a fibras de amianto. <\/td><\/tr><tr><td>Bronconeumopat\u00eda <\/td><td>Haber realizado cualquier trabajo que implique la exposici\u00f3n al polvo de metales duros. <\/td><\/tr><tr><td>Siderosis <\/td><td>Haber realizado cualquier trabajo que implique la exposici\u00f3n al polvo y los humos de hierro. <\/td><\/tr><tr><td>Silicosis <\/td><td>Haber realizado cualquier trabajo que implique la exposici\u00f3n al polvo de s\u00edlice. <\/td><\/tr><tr><td>Talcosis <\/td><td>Haber realizado cualquier trabajo que implique la exposici\u00f3n al polvo de talco. <\/td><\/tr><tr><td>Bisinosis <\/td><td>Haber realizado cualquier trabajo que implique la exposici\u00f3n al polvo de algod\u00f3n, lino, c\u00e1\u00f1amo o sisal. <\/td><\/tr><tr><td>Alveolitis al\u00e9rgica extr\u00ednseca <\/td><td>Haber realizado cualquier trabajo que implique la exposici\u00f3n a un agente reconocido como capaz de causar alveolitis al\u00e9rgica extr\u00ednseca. <\/td><\/tr><tr><td>Asma bronquial <\/td><td>Haber realizado cualquier trabajo que implique la exposici\u00f3n a un agente sensibilizante espec\u00edfico. <\/td><\/tr><\/tbody><\/table><\/figure>\n<div class=\"wp-block-paragraph \">\n<p><strong>Divisi\u00f3n VI \u2013 trastornos musculoesquel\u00e9ticos <\/strong><\/p>\n<\/div>\n<figure class=\"wp-block-table\"><table class=\"has-fixed-layout\"><tbody><tr><td>ENFERMEDAD <\/td><td>CONDICIONES ESPECIALES <\/td><\/tr><tr><td>Lesiones musculoesquel\u00e9ticas manifestadas por signos objetivos (bursitis, tendinitis, tenosinovitis) <\/td><td>Haber realizado cualquier trabajo que implique movimientos repetidos o presi\u00f3n durante un per\u00edodo prolongado de tiempo. <\/td><\/tr><\/tbody><\/table><\/figure>\n<div class=\"wp-block-paragraph \">\n<p><strong>Divisi\u00f3n VII \u2013 trastornos mentales <\/strong><\/p>\n<\/div>\n<figure class=\"wp-block-table\"><table class=\"has-fixed-layout\"><tbody><tr><td>ENFERMEDAD <\/td><td>CONDICIONES ESPECIALES <\/td><\/tr><tr><td>Trastorno de estr\u00e9s postraum\u00e1tico <\/td><td>Haber realizado cualquier trabajo que implique la exposici\u00f3n repetida o extrema a lesiones graves, violencia sexual o amenaza de muerte, o a la muerte real no resultante de causas naturales. <\/td><\/tr><\/tbody><\/table><\/figure>\n<div class=\"wp-block-paragraph \">\n<p><strong>Divisi\u00f3n \u2013 enfermedades oncol\u00f3gicas <\/strong><\/p>\n<\/div>\n<figure class=\"wp-block-table\"><table class=\"has-fixed-layout\"><tbody><tr><td>ENFERMEDAD <\/td><td>CONDICIONES ESPECIALES <\/td><\/tr><tr><td>C\u00e1ncer de pulm\u00f3n o mesotelioma pulmonar <\/td><td>Haber realizado cualquier trabajo que implique la exposici\u00f3n a fibras de amianto. <\/td><\/tr><tr><td>\u00a0<\/td><td>Haber realizado cualquier trabajo que implique la exposici\u00f3n a gases y humo de un incendio durante las operaciones para controlarlos o durante la limpieza o investigaci\u00f3n despu\u00e9s de que hayan sido sofocados, y ser o haber sido bombero operativo a tiempo completo o parcial, empleado por una ciudad o municipio. <br\/> <br\/>El diagn\u00f3stico debe haberse realizado despu\u00e9s de un per\u00edodo de empleo de no menos de 15 a\u00f1os. <br\/> <br\/>No haber sido fumador en los 10 a\u00f1os anteriores al diagn\u00f3stico. <\/td><\/tr><tr><td>Mesotelioma no pulmonar <\/td><td>Haber realizado cualquier trabajo que implique la exposici\u00f3n a gases y humo de un incendio durante las operaciones para controlarlos o durante la limpieza o investigaci\u00f3n despu\u00e9s de que hayan sido sofocados, y ser o haber sido bombero operativo a tiempo completo o parcial, empleado por una ciudad o municipio. <\/td><\/tr><tr><td>C\u00e1ncer de ri\u00f1\u00f3n <\/td><td>Haber realizado cualquier trabajo que implique la exposici\u00f3n a gases y humo de un incendio durante las operaciones para controlarlos o durante la limpieza o investigaci\u00f3n despu\u00e9s de que hayan sido sofocados, y ser o haber sido bombero operativo a tiempo completo o parcial, empleado por una ciudad o municipio. <br\/> <br\/>El diagn\u00f3stico debe haberse realizado despu\u00e9s de un per\u00edodo de empleo de no menos de 20 a\u00f1os. <\/td><\/tr><tr><td>C\u00e1ncer de vejiga <\/td><td>Haber realizado cualquier trabajo que implique la exposici\u00f3n a gases y humo de un incendio durante las operaciones para controlarlos o durante la limpieza o investigaci\u00f3n despu\u00e9s de que hayan sido sofocados, y ser o haber sido bombero operativo a tiempo completo o parcial, empleado por una ciudad o municipio. <br\/> <br\/>El diagn\u00f3stico debe haberse realizado despu\u00e9s de un per\u00edodo de empleo de no menos de 20 a\u00f1os. <\/td><\/tr><tr><td>C\u00e1ncer de laringe <\/td><td>Haber realizado cualquier trabajo que implique la exposici\u00f3n a gases y humo de un incendio durante las operaciones para controlarlos o durante la limpieza o investigaci\u00f3n despu\u00e9s de que hayan sido sofocados, y ser o haber sido bombero operativo a tiempo completo o parcial, empleado por una ciudad o municipio. <br\/> <br\/>El diagn\u00f3stico debe haberse realizado despu\u00e9s de un per\u00edodo de empleo de no menos de 15 a\u00f1os. <br\/> <br\/>No haber sido fumador en los 10 a\u00f1os anteriores al diagn\u00f3stico. <\/td><\/tr><tr><td>Mieloma m\u00faltiple <\/td><td>Haber realizado cualquier trabajo que implique la exposici\u00f3n a gases y humo de un incendio durante las operaciones para controlarlos o durante la limpieza o investigaci\u00f3n despu\u00e9s de que hayan sido sofocados, y ser o haber sido bombero operativo a tiempo completo o parcial, empleado por una ciudad o municipio. <br\/> <br\/>El diagn\u00f3stico debe haberse realizado despu\u00e9s de un per\u00edodo de empleo de no menos de 15 a\u00f1os. <\/td><\/tr><tr><td>Linfoma no Hodgkin <\/td><td>Haber realizado cualquier trabajo que implique la exposici\u00f3n a gases y humo de un incendio durante las operaciones para controlarlos o durante la limpieza o investigaci\u00f3n despu\u00e9s de que hayan sido sofocados, y ser o haber sido bombero operativo a tiempo completo o parcial, empleado por una ciudad o municipio. <br\/> <br\/>El diagn\u00f3stico debe haberse realizado despu\u00e9s de un per\u00edodo de empleo de no menos de 20 a\u00f1os. <\/td><\/tr><tr><td>C\u00e1ncer de piel (melanoma) <\/td><td>Haber realizado cualquier trabajo que implique la exposici\u00f3n a gases y humo de un incendio durante las operaciones para controlarlos o durante la limpieza o investigaci\u00f3n despu\u00e9s de que hayan sido sofocados, y ser o haber sido bombero operativo a tiempo completo o parcial, empleado por una ciudad o municipio. <br\/> <br\/>El diagn\u00f3stico debe haberse realizado despu\u00e9s de un per\u00edodo de empleo de no menos de 15 a\u00f1os. <\/td><\/tr><tr><td>C\u00e1ncer de pr\u00f3stata <\/td><td>Haber realizado cualquier trabajo que implique la exposici\u00f3n a gases y humo de un incendio durante las operaciones para controlarlos o durante la limpieza o investigaci\u00f3n despu\u00e9s de que hayan sido sofocados, y ser o haber sido bombero operativo a tiempo completo o parcial, empleado por una ciudad o municipio. <br\/> <br\/>El diagn\u00f3stico debe haberse realizado despu\u00e9s de un per\u00edodo de empleo de no menos de 15 a\u00f1os. <\/td><\/tr><tr><td>C\u00e1ncer cerebral <\/td><td>Haber realizado cualquier trabajo que implique la exposici\u00f3n a gases y humo de un incendio durante las operaciones para controlarlos o durante la limpieza o investigaci\u00f3n despu\u00e9s de que hayan sido sofocados, y ser o haber sido bombero operativo a tiempo completo o parcial, empleado por una ciudad o municipio. <br\/> <br\/>El diagn\u00f3stico debe haberse realizado despu\u00e9s de un per\u00edodo de empleo de no menos de 10 a\u00f1os. <\/td><\/tr><tr><td>C\u00e1ncer colorrectal <\/td><td>Haber realizado cualquier trabajo que implique la exposici\u00f3n a gases y humo de un incendio durante las operaciones para controlarlos o durante la limpieza o investigaci\u00f3n despu\u00e9s de que hayan sido sofocados, y ser o haber sido bombero operativo a tiempo completo o parcial, empleado por una ciudad o municipio. <br\/> <br\/>El diagn\u00f3stico debe haberse realizado despu\u00e9s de un per\u00edodo de empleo de no menos de 20 a\u00f1os. <\/td><\/tr><tr><td>Leucemia <\/td><td>Haber realizado cualquier trabajo que implique la exposici\u00f3n a gases y humo de un incendio durante las operaciones para controlarlos o durante la limpieza o investigaci\u00f3n despu\u00e9s de que hayan sido sofocados, y ser o haber sido bombero operativo a tiempo completo o parcial, empleado por una ciudad o municipio. <br\/> <br\/>El diagn\u00f3stico debe haberse realizado despu\u00e9s de un per\u00edodo de empleo de no menos de 5 a\u00f1os. <\/td><\/tr><tr><td>C\u00e1ncer de es\u00f3fago <\/td><td>Haber realizado cualquier trabajo que implique la exposici\u00f3n a gases y humo de un incendio durante las operaciones para controlarlos o durante la limpieza o investigaci\u00f3n despu\u00e9s de que hayan sido sofocados, y ser o haber sido bombero operativo a tiempo completo o parcial, empleado por una ciudad o municipio. <br\/> <br\/>El diagn\u00f3stico debe haberse realizado despu\u00e9s de un per\u00edodo de empleo de no menos de 20 a\u00f1os. <\/td><\/tr><tr><td>C\u00e1ncer de mama <\/td><td>Haber realizado cualquier trabajo que implique la exposici\u00f3n a gases y humo de un incendio durante las operaciones para controlarlos o durante la limpieza o investigaci\u00f3n despu\u00e9s de que hayan sido sofocados, y ser o haber sido bombero operativo a tiempo completo o parcial, empleado por una ciudad o municipio. <br\/> <br\/>El diagn\u00f3stico debe haberse realizado despu\u00e9s de un per\u00edodo de empleo de no menos de 10 a\u00f1os. <\/td><\/tr><tr><td>C\u00e1ncer testicular <\/td><td>Haber realizado cualquier trabajo que implique la exposici\u00f3n a gases y humo de un incendio durante las operaciones para controlarlos o durante la limpieza o investigaci\u00f3n despu\u00e9s de que hayan sido sofocados, y ser o haber sido bombero operativo a tiempo completo o parcial, empleado por una ciudad o municipio. <br\/> <br\/>El diagn\u00f3stico debe haberse realizado despu\u00e9s de un per\u00edodo de empleo de no menos de 10 a\u00f1os. <\/td><\/tr><\/tbody><\/table><\/figure>\n\n<style>body .wp-block-table {\n    margin-top: 0rem;\n}\n\n<\/style>\n","protected":false},"excerpt":{"rendered":"<p>PARTE DEL C\u00d3DIGO: A-3.001, r. 8.1 Reglamento relativo a las enfermedades profesionales Sitio web legislativo DESCRIPCI\u00d3N: cap\u00edtulo A-3.001, r. 8.1Reglamento relativo a las enfermedades profesionalesLey sobre accidentes laborales y enfermedades [&hellip;]<\/p>\n","protected":false},"featured_media":0,"parent":93088,"menu_order":0,"comment_status":"closed","ping_status":"closed","template":"","meta":{"_acf_changed":false,"_searchwp_excluded":"","inline_featured_image":false,"_EventAllDay":false,"_EventTimezone":"","_EventStartDate":"","_EventEndDate":"","_EventStartDateUTC":"","_EventEndDateUTC":"","_EventShowMap":false,"_EventShowMapLink":false,"_EventURL":"","_EventCost":"","_EventCostDescription":"","_EventCurrencySymbol":"","_EventCurrencyCode":"","_EventCurrencyPosition":"","_EventDateTimeSeparator":"","_EventTimeRangeSeparator":"","_EventOrganizerID":[],"_EventVenueID":[],"_OrganizerEmail":"","_OrganizerPhone":"","_OrganizerWebsite":"","_VenueAddress":"","_VenueCity":"","_VenueCountry":"","_VenueProvince":"","_VenueState":"","_VenueZip":"","_VenuePhone":"","_VenueURL":"","_VenueStateProvince":"","_VenueLat":"","_VenueLng":"","_VenueShowMap":false,"_VenueShowMapLink":false,"footnotes":""},"class_list":["post-95980","page","type-page","status-publish","hentry"],"acf":[],"publishpress_future_workflow_manual_trigger":{"enabledWorkflows":[]},"_links":{"self":[{"href":"https:\/\/www.iaff.org\/es\/wp-json\/wp\/v2\/pages\/95980","targetHints":{"allow":["GET"]}}],"collection":[{"href":"https:\/\/www.iaff.org\/es\/wp-json\/wp\/v2\/pages"}],"about":[{"href":"https:\/\/www.iaff.org\/es\/wp-json\/wp\/v2\/types\/page"}],"author":[{"embeddable":true,"href":"https:\/\/www.iaff.org\/es\/wp-json\/wp\/v2\/users\/1"}],"replies":[{"embeddable":true,"href":"https:\/\/www.iaff.org\/es\/wp-json\/wp\/v2\/comments?post=95980"}],"version-history":[{"count":0,"href":"https:\/\/www.iaff.org\/es\/wp-json\/wp\/v2\/pages\/95980\/revisions"}],"up":[{"embeddable":true,"href":"https:\/\/www.iaff.org\/es\/wp-json\/wp\/v2\/pages\/93088"}],"wp:attachment":[{"href":"https:\/\/www.iaff.org\/es\/wp-json\/wp\/v2\/media?parent=95980"}],"curies":[{"name":"wp","href":"https:\/\/api.w.org\/{rel}","templated":true}]}}