{"id":95939,"date":"2019-04-07T14:46:50","date_gmt":"2019-04-07T18:46:50","guid":{"rendered":"https:\/\/www.iaff.org\/iniciativa-de-salud-presuntiva\/ley-de-discapacidad-presuntiva-en-georgia\/"},"modified":"2026-02-23T14:48:51","modified_gmt":"2026-02-23T19:48:51","slug":"ley-de-discapacidad-presuntiva-en-georgia","status":"publish","type":"page","link":"https:\/\/www.iaff.org\/es\/iniciativa-de-salud-presuntiva\/ley-de-discapacidad-presuntiva-en-georgia\/","title":{"rendered":"Ley de discapacidad presuntiva en Georgia"},"content":{"rendered":"<section\n\t class=\"secondary-hero align wp-block-acf-secondary-hero\" id=\"secondary-hero_block_451b782f10d99eecc8d3ffe5397f0252\">\n\t\n<header\n\tclass=\"w-full u-bg-full-width px-[22px] md:ps-bleed md:pe-0 py-[60px] bg-blue text-white u-has-rivets\"\n\tdata-theme=\"navy\"\n>\n\t<div class=\"flex flex-col !px-0 !max-w-[1440px] w-full lg:!ps-indent\">\n\t\t<div class=\"border-t-[6px] w-full my-0 flex flex-col md:flex-row gap-x-[62px] gap-y-[22px] border-gold\">\n\t\t\t\t\t\t<div class=\"w-full md:w-1\/2 md:py-[45px]\">\n\t\t\t\t<div class=\"max-w-[600px] flex flex-col gap-[22px]\">\n\t\t\t\t\t\t\t\t\t\t\t<h1 class=\"has-[.u-halftone-shadow--dark]:mb-divider has-[.u-halftone-shadow--light]:mb-divider pt-[22px] md:pt-0\">\n\t\t\t\t\t\t\t<span class=\"inline-flex text-heading-200 u-halftone-shadow--light\">\n\t\t\t\t\t\t\t\tLey de discapacidad presuntiva en Georgia\t\t\t\t\t\t\t<\/span>\n\t\t\t\t\t\t<\/h1>\n\t\t\t\t\t\t\t\t\t\t\t\t\t\t\t\t\t\t\t\t\t\t\t\t\t\t\t\t\t<\/div>\n\t\t\t<\/div>\n\n\t\t<\/div>\n\t\t\t\t\t<div class=\"order-first flex justify-start w-full pb-[22px]\">\n\t\t\t\t<div\n\tclass=\"wp-block-button is-style-tertiary text-white is-style-tertiary-back\"\n>\n\t\t\t<a\n\t\t\thref=\"https:\/\/www.iaff.org\/es\/iniciativa-de-salud-presuntiva\/\"\n\t\t\tclass=\"wp-block-button__link wp-element-button group\"\n\t\t\t\t\t>\n\t\t\t<span\n\t\t\tclass=\"decoration-transparent underline underline-offset-2 group-hover:decoration-inherit group-focus-visible:decoration-inherit transition duration-hover\"\n\t\t>\n\t\t\tIniciativa de Salud Presuntiva\t\t<\/span>\n\n\t\t<span\n\t\t\tclass=\"bg-inherit transition-colors duration-hover group-hover:bg-gold group-focus:bg-gold inline-flex rotate-180 order-first\"\n\t\t>\n\t\t\t<svg xmlns=\"http:\/\/www.w3.org\/2000\/svg\" width=\"21\" height=\"22\" fill=\"none\" viewBox=\"0 0 21 22\"><path stroke=\"currentColor\" stroke-linecap=\"round\" stroke-width=\"2\" d=\"M20 20.75L20 2.25L1.5 2.25L1.5 20.75L20 20.75Z\" clip-rule=\"evenodd\"\/><path stroke=\"currentColor\" stroke-linecap=\"square\" stroke-width=\"2\" d=\"M14.0883 11.5L6.66406 11.5\"\/><path stroke=\"currentColor\" stroke-linecap=\"square\" stroke-width=\"2\" d=\"M11.0723 7.75205L14.8363 11.5L11.0723 15.248\"\/><\/svg>\t\t<\/span>\n\t<\/a><\/div>\n\t\t\t<\/div>\n\t\t\t<\/div>\n<\/header>\n<\/section>\n<div class=\"wp-block-paragraph \">\n<p><strong>PARTE DEL C\u00d3DIGO:<\/strong><\/p>\n<\/div><div class=\"wp-block-paragraph \">\n<p>CAP\u00cdTULO 3. DEPARTAMENTOS DE BOMBEROS LOCALES EN GENERAL<br\/>ART\u00cdCULO 2. REQUISITOS M\u00cdNIMOS<br\/>\u00a7 25-3-23. Requisitos generales; equipo y vestimenta; seguros   <\/p>\n<\/div><div class=\"wp-block-paragraph \">\n<p>T\u00cdTULO 45. FUNCIONARIOS Y EMPLEADOS P\u00daBLICOS <\/p>\n<\/div><div class=\"wp-block-paragraph \">\n<p>CAP\u00cdTULO 9. SEGUROS E INDEMNIZACI\u00d3N DE FUNCIONARIOS Y EMPLEADOS P\u00daBLICOS <\/p>\n<\/div><div class=\"wp-block-paragraph \">\n<p>ART\u00cdCULO 5. AGENTES DEL ORDEN, BOMBEROS, GUARDIAS DE PRISIONES Y T\u00c9CNICOS DE EMERGENCIAS M\u00c9DICAS EMPLEADOS P\u00daBLICOS <\/p>\n<\/div><div class=\"wp-block-paragraph \">\n<p>PARTE 1. FONDO DE INDEMNIZACI\u00d3N DEL ESTADO DE GEORGIA <\/p>\n<\/div><div class=\"wp-block-list\">\n<ul class=\"wp-block-list\">\n<li>45-9-85. Pago de indemnizaci\u00f3n por fallecimiento o discapacidad; procedimiento para realizar los pagos; apelaci\u00f3n<\/li>\n<\/ul>\n<\/div><div class=\"wp-block-paragraph \">\n<p><a href=\"https:\/\/georgia.gov\/\" target=\"_blank\" rel=\"noreferrer noopener\">Sitio web legislativo de Georgia<\/a><\/p>\n<\/div><div class=\"wp-block-paragraph \">\n<p><strong>DESCRIPCI\u00d3N:<\/strong><\/p>\n<\/div><div class=\"wp-block-list\">\n<ol start=\"NaN\" style=\"list-style-type:lower-alpha\" class=\"wp-block-list\">\n<li><div class=\"wp-block-list\">\n<ol class=\"wp-block-list\">\n<li>Un departamento de bomberos legalmente organizado deber\u00e1 proporcionar y mantener una cobertura de seguro suficiente para cada miembro del departamento de bomberos con el fin de pagar las reclamaciones por lesiones sufridas en el trayecto hacia, durante y al regresar de avisos de incendio u otras emergencias y desastres, as\u00ed como en sesiones de formaci\u00f3n programadas.<div class=\"wp-block-list\">\n<ol style=\"list-style-type:upper-alpha\" class=\"wp-block-list\">\n<li>Tal como se utiliza en este p\u00e1rrafo, el t\u00e9rmino:<div class=\"wp-block-list\">\n<ol style=\"list-style-type:lower-roman\" class=\"wp-block-list\">\n<li>\u00abC\u00e1ncer\u00bb designa el c\u00e1ncer de vejiga, sangre, cerebro, mama, cuello uterino, es\u00f3fago, intestino, ri\u00f1\u00f3n, linf\u00e1tico, pulm\u00f3n, pr\u00f3stata, recto, tracto respiratorio, piel, test\u00edculo y tiroides; leucemia; mieloma m\u00faltiple; o linfoma no Hodgkin.<\/li>\n\n\n\n<li>\u00abBombero\u00bb designa a un bombero seg\u00fan se define en la Secci\u00f3n 25-4-2 del C\u00f3digo.<\/li>\n\n\n\n<li>\u00abVoluntario\u00bb designa a un voluntario seg\u00fan se define en la Secci\u00f3n 25-4-2 del C\u00f3digo.<\/li>\n<\/ol>\n<\/div><\/li>\n\n\n\n<li>A partir del 1 de enero de 2018, un departamento de bomberos legalmente organizado deber\u00e1 proporcionar y mantener una cobertura de seguro suficiente para cada miembro del departamento de bomberos que sea bombero para pagar las reclamaciones por c\u00e1ncer diagnosticado despu\u00e9s de haber servido 12 meses consecutivos como bombero en dicho departamento de bomberos. Dichas prestaciones de seguro incluir\u00e1n, como m\u00ednimo, lo siguiente: <div class=\"wp-block-list\">\n<ol style=\"list-style-type:lower-roman\" class=\"wp-block-list\">\n<li>Una prestaci\u00f3n de pago \u00fanico de $25.000,00 sujeta a las limitaciones especificadas en el contrato de seguro y basada en la gravedad del c\u00e1ncer, pagadera a dicho bombero tras la presentaci\u00f3n a la entidad aseguradora u otro pagador de una prueba aceptable de diagn\u00f3stico por parte de un m\u00e9dico certificado por la junta en la especialidad m\u00e9dica adecuada para el tipo de c\u00e1ncer implicado, que certifique que existen uno o m\u00e1s tumores malignos caracterizados por el crecimiento incontrolado y anormal y la propagaci\u00f3n de c\u00e9lulas malignas con invasi\u00f3n de tejido normal y que:<div class=\"wp-block-list\">\n<ol style=\"list-style-type:lower-alpha\" class=\"wp-block-list\">\n<li>La cirug\u00eda, la radioterapia o la quimioterapia son m\u00e9dicamente necesarias;<\/li>\n\n\n\n<li>Existe met\u00e1stasis; o<\/li>\n\n\n\n<li>El bombero padece un c\u00e1ncer terminal, se espera que fallezca en un plazo de 24 meses o menos a partir de la fecha del diagn\u00f3stico y no se beneficiar\u00e1 de una terapia curativa o la ha agotado; o<\/li>\n<\/ol>\n<\/div><\/li>\n\n\n\n<li>Una prestaci\u00f3n de pago \u00fanico de $6.250,00 sujeta a las limitaciones especificadas en el contrato de seguro y basada en la gravedad del c\u00e1ncer, pagadera a dicho bombero tras la presentaci\u00f3n a la entidad aseguradora u otro pagador de una prueba aceptable de diagn\u00f3stico por parte de un m\u00e9dico certificado por la junta en la especialidad m\u00e9dica adecuada para el tipo de c\u00e1ncer implicado que certifique que:<div class=\"wp-block-list\">\n<ol style=\"list-style-type:lower-alpha\" class=\"wp-block-list\">\n<li>Existe un carcinoma in situ tal que se ha determinado que la cirug\u00eda, la radioterapia o la quimioterapia son m\u00e9dicamente necesarias:<\/li>\n\n\n\n<li>Existen tumores malignos que se tratan \u00fanicamente mediante procedimientos endosc\u00f3picos;<\/li>\n\n\n\n<li>Existen melanomas malignos; o<\/li>\n\n\n\n<li>Existe un tumor de pr\u00f3stata, siempre que se trate con prostatectom\u00eda radical o radioterapia externa; y (ii) pagadero como resultado de una lesi\u00f3n o enfermedad espec\u00edfica para comenzar seis meses despu\u00e9s de<br\/>la discapacidad y la presentaci\u00f3n a la entidad aseguradora u otro pagador de una prueba aceptable<br\/>de discapacidad que impida el servicio como bombero y que contin\u00fae durante un m\u00e1ximo de 36 mensualidades consecutivas:<br\/>(I) Una prestaci\u00f3n mensual equivalente al 60% del salario mensual del miembro como bombero empleado en el departamento de bomberos o una prestaci\u00f3n mensual de $5.000,00, lo que sea menor; o<br\/>(II) Si el miembro es voluntario, una prestaci\u00f3n mensual de $1.500,00. La prestaci\u00f3n en virtud de la subdivisi\u00f3n (I) o (II) de esta divisi\u00f3n, seg\u00fan corresponda, estar\u00e1 subordinada a cualquier otra prestaci\u00f3n pagada efectivamente al bombero por dicha discapacidad de cualquier otra fuente, sin incluir el seguro contratado \u00fanicamente por el bombero, y se limitar\u00e1 a la diferencia entre el importe de dicha otra prestaci\u00f3n pagada y el importe especificado en la subdivisi\u00f3n (I) o (II) de esta divisi\u00f3n, seg\u00fan corresponda.     <\/li>\n<\/ol>\n<\/div><\/li>\n<\/ol>\n<\/div><\/li>\n\n\n\n<li>El total combinado de todas las prestaciones recibidas por cualquier bombero en virtud de las subdivisiones (B)(i)(I) y (B)(i)(II) de este p\u00e1rrafo durante su vida no superar\u00e1 los $50.000,00.<\/li>\n\n\n\n<li>Con la excepci\u00f3n de la prestaci\u00f3n prevista en la subdivisi\u00f3n (B)(ii)(I) de este p\u00e1rrafo, cualquier persona que fuera simult\u00e1neamente miembro de m\u00e1s de un departamento de bomberos en el momento del diagn\u00f3stico no tendr\u00e1 derecho a recibir prestaciones en virtud de este p\u00e1rrafo de o en nombre de m\u00e1s de uno de dichos departamentos de bomberos. En caso de que un voluntario de un departamento de bomberos sea contratado simult\u00e1neamente por otro departamento de bomberos, el departamento de bomberos para el que dicha persona sea voluntaria no estar\u00e1 obligado a mantener la cobertura de dicho voluntario que de otro modo se requerir\u00eda en virtud de este apartado durante el periodo de dicho empleo. A cualquier miembro que reciba prestaciones en virtud de la divisi\u00f3n (ii) del subp\u00e1rrafo (B) de este p\u00e1rrafo se le podr\u00e1 exigir que se reeval\u00fae su estado; en caso de que dicha reevaluaci\u00f3n revele que dicha persona ha recuperado la capacidad de desempe\u00f1ar sus funciones como bombero, cesar\u00e1n sus prestaciones en virtud de la divisi\u00f3n (ii) del subp\u00e1rrafo (B) de este p\u00e1rrafo. Las prestaciones en virtud de dicha divisi\u00f3n tambi\u00e9n cesar\u00e1n tras el fallecimiento de dicha persona. Un miembro que, tras al menos un a\u00f1o como bombero, deje el empleo, deje de ser voluntario activo o se jubile, tendr\u00e1 derecho a continuar sus coberturas en virtud de este p\u00e1rrafo mediante una continuaci\u00f3n o conversi\u00f3n a cobertura individual. El miembro que se retire ser\u00e1 responsable del pago de todas las primas.<\/li>\n\n\n\n<li>Adem\u00e1s de cualquier otro fin autorizado en el Cap\u00edtulo 8 del T\u00edtulo 33, las autoridades de gobierno de los condados y las autoridades de gobierno municipales pueden utilizar los ingresos procedentes de los impuestos de los condados y municipales impuestos en virtud de dicho cap\u00edtulo con el fin de proporcionar seguros de conformidad con este p\u00e1rrafo.<\/li>\n\n\n\n<li>Los fondos recibidos como primas por las coberturas especificadas en este p\u00e1rrafo no estar\u00e1n sujetos a impuestos sobre las primas en virtud del Cap\u00edtulo 8 del T\u00edtulo 33.<\/li>\n\n\n\n<li>El c\u00e1lculo de los importes de las primas por parte de una aseguradora para las coberturas en virtud de este p\u00e1rrafo estar\u00e1 sujeto a los ajustes generalmente aceptados de la suscripci\u00f3n de seguros.<\/li>\n<\/ol>\n<\/div><\/li>\n<\/ol>\n<\/div><\/li>\n\n\n\n<li>El Consejo de Normas y Formaci\u00f3n de Bomberos de Georgia estar\u00e1 autorizado, mediante normas y reglamentos, a adoptar las normas y reglamentos que sean razonables y necesarios para aplicar las disposiciones de esta secci\u00f3n del C\u00f3digo y para establecer y modificar los requisitos m\u00ednimos para todos los departamentos de bomberos que operen en este estado, siempre que dichos requisitos sean iguales o superiores a los requisitos previstos en los apartados (a) y (b) de esta secci\u00f3n del C\u00f3digo.  <\/li>\n<\/ol>\n<\/div><div class=\"wp-block-paragraph \">\n<p>45-9-85. Pago de indemnizaci\u00f3n por fallecimiento o discapacidad; procedimiento para realizar los pagos; apelaci\u00f3n<\/p>\n<\/div><div class=\"wp-block-paragraph \">\n<p>(a) Tal como se utiliza en esta secci\u00f3n del C\u00f3digo, el t\u00e9rmino:<\/p>\n<\/div><div class=\"wp-block-paragraph \">\n<p>(1) \u00abActividad f\u00edsica estresante o extenuante no rutinaria\u00bb designa acciones que no son de naturaleza administrativa, de oficina o no manual.<\/p>\n<\/div><div class=\"wp-block-paragraph \">\n<p>(2) \u00abAgente de seguridad p\u00fablica\u00bb designa a un agente del orden, bombero, t\u00e9cnico de emergencias m\u00e9dicas, especialista en rescate de gesti\u00f3n de emergencias, empleado de carreteras estatales o guardia de prisiones.<\/p>\n<\/div><div class=\"wp-block-paragraph \">\n<p>(3) \u00abActividad relacionada con el trabajo\u00bb designa, mientras se est\u00e1 en acto de servicio:<\/p>\n<\/div><div class=\"wp-block-paragraph \">\n<p>(A) Participar en una situaci\u00f3n que implique una actividad f\u00edsica estresante o extenuante no rutinaria relacionada con el cumplimiento de la ley, la extinci\u00f3n de incendios, el rescate, la respuesta a materiales peligrosos, los servicios m\u00e9dicos de emergencia, la seguridad de prisiones o c\u00e1rceles, el socorro en caso de desastre o cualquier otra respuesta de emergencia clasificada por la comisi\u00f3n; o<\/p>\n<\/div><div class=\"wp-block-paragraph \">\n<p>(B) Participar en un ejercicio de formaci\u00f3n que implique una actividad f\u00edsica estresante o extenuante no rutinaria.<\/p>\n<\/div><div class=\"wp-block-paragraph \">\n<p>(b) La indemnizaci\u00f3n se pagar\u00e1 en virtud de este art\u00edculo de la siguiente manera:<\/p>\n<\/div><div class=\"wp-block-paragraph \">\n<p>(1) En el caso de una discapacidad permanente parcial sufrida en acto de servicio por un agente de seguridad p\u00fablica, la persona discapacitada elegible puede elegir el pago de $35.000,00 abonados en mensualidades iguales durante cinco a\u00f1os o una suma global de dicho importe reducida a su valor actual sobre la base del inter\u00e9s calculado a un tipo del 6% anual;<\/p>\n<\/div><div class=\"wp-block-paragraph \">\n<p>(2) En el caso de una discapacidad permanente total sufrida en acto de servicio por un agente de seguridad p\u00fablica, la persona lesionada puede elegir recibir un pago de $75.000,00 abonados en mensualidades iguales durante cinco a\u00f1os o una suma global de dicho importe reducida a su valor actual sobre la base del inter\u00e9s calculado a un tipo del 6% anual;<\/p>\n<\/div><div class=\"wp-block-paragraph \">\n<p>(3) (A) En el caso de fallecimiento sufrido en acto de servicio por un agente de seguridad p\u00fablica, el pago se realizar\u00e1 a:<\/p>\n<\/div><div class=\"wp-block-paragraph \">\n<p>(i) El c\u00f3nyuge sup\u00e9rstite que no haya vuelto a contraer matrimonio;<\/p>\n<\/div><div class=\"wp-block-paragraph \">\n<p>(ii) Los hijos sup\u00e9rstites menores de 19 a\u00f1os o, si se trata de un estudiante matriculado en una instituci\u00f3n de educaci\u00f3n postsecundaria en el momento de dicho fallecimiento, menores de 24 a\u00f1os; o<\/p>\n<\/div><div class=\"wp-block-paragraph \">\n<p>(iii) Personas no previstas de otro modo en este subp\u00e1rrafo que sean dependientes del c\u00f3nyuge o de la persona fallecida, seg\u00fan conste en la declaraci\u00f3n de la renta m\u00e1s reciente del c\u00f3nyuge o de la persona fallecida.<\/p>\n<\/div><div class=\"wp-block-paragraph \">\n<p>(B) En el caso de da\u00f1o cerebral org\u00e1nico sufrido en acto de servicio por un agente del orden, bombero, t\u00e9cnico de emergencias m\u00e9dicas, especialista en gesti\u00f3n de emergencias, empleado de carreteras estatales o guardia de prisiones, el pago se realizar\u00e1 al tutor legal de la persona con da\u00f1o cerebral org\u00e1nico.<\/p>\n<\/div><div class=\"wp-block-paragraph \">\n<p>(C) El c\u00f3nyuge sup\u00e9rstite que no haya vuelto a contraer matrimonio, los dependientes o el tutor legal pueden elegir recibir el pago en un pago \u00fanico de $150.000,00 abonados en mensualidades iguales durante cinco a\u00f1os o una suma global de dicho importe reducida a su valor actual sobre la base del inter\u00e9s calculado a un tipo del 6% anual; o<\/p>\n<\/div><div class=\"wp-block-paragraph \">\n<p>(4) Se presumir\u00e1 que un ataque al coraz\u00f3n, un accidente cerebrovascular o una rotura vascular sufridos por un agente de seguridad p\u00fablica habilitan a dicho agente de seguridad p\u00fablica en virtud de este apartado si el ataque al coraz\u00f3n, el accidente cerebrovascular o la rotura vascular:<\/p>\n<\/div><div class=\"wp-block-paragraph \">\n<p>(A) Comenz\u00f3:<\/p>\n<\/div><div class=\"wp-block-paragraph \">\n<p>(i) Mientras dicho agente de seguridad p\u00fablica realizaba una actividad relacionada con el trabajo;<\/p>\n<\/div><div class=\"wp-block-paragraph \">\n<p>(ii) Mientras dicho agente de seguridad p\u00fablica estaba de servicio despu\u00e9s de realizar una actividad relacionada con el trabajo; o<\/p>\n<\/div><div class=\"wp-block-paragraph \">\n<p>(iii) No m\u00e1s tarde de 24 horas despu\u00e9s de realizar una actividad relacionada con el trabajo; y<\/p>\n<\/div><div class=\"wp-block-paragraph \">\n<p>(B) Result\u00f3 directa o pr\u00f3ximamente en el fallecimiento o en la discapacidad parcial o permanente del agente de seguridad p\u00fablica, a menos que pruebas m\u00e9dicas competentes establezcan que el ataque al coraz\u00f3n, el accidente cerebrovascular o la rotura vascular no estaban relacionados con la actividad laboral o fueron causados directa o pr\u00f3ximamente por algo distinto a la mera presencia de factores de riesgo de enfermedad cardiovascular.<\/p>\n<\/div>","protected":false},"excerpt":{"rendered":"<p>PARTE DEL C\u00d3DIGO: CAP\u00cdTULO 3. DEPARTAMENTOS DE BOMBEROS LOCALES EN GENERALART\u00cdCULO 2. REQUISITOS M\u00cdNIMOS\u00a7 25-3-23. Requisitos generales; equipo y vestimenta; seguros T\u00cdTULO 45. FUNCIONARIOS Y EMPLEADOS P\u00daBLICOS CAP\u00cdTULO 9. SEGUROS [&hellip;]<\/p>\n","protected":false},"featured_media":0,"parent":93088,"menu_order":0,"comment_status":"closed","ping_status":"closed","template":"","meta":{"_acf_changed":false,"_searchwp_excluded":"","inline_featured_image":false,"_EventAllDay":false,"_EventTimezone":"","_EventStartDate":"","_EventEndDate":"","_EventStartDateUTC":"","_EventEndDateUTC":"","_EventShowMap":false,"_EventShowMapLink":false,"_EventURL":"","_EventCost":"","_EventCostDescription":"","_EventCurrencySymbol":"","_EventCurrencyCode":"","_EventCurrencyPosition":"","_EventDateTimeSeparator":"","_EventTimeRangeSeparator":"","_EventOrganizerID":[],"_EventVenueID":[],"_OrganizerEmail":"","_OrganizerPhone":"","_OrganizerWebsite":"","_VenueAddress":"","_VenueCity":"","_VenueCountry":"","_VenueProvince":"","_VenueState":"","_VenueZip":"","_VenuePhone":"","_VenueURL":"","_VenueStateProvince":"","_VenueLat":"","_VenueLng":"","_VenueShowMap":false,"_VenueShowMapLink":false,"footnotes":""},"class_list":["post-95939","page","type-page","status-publish","hentry"],"acf":[],"publishpress_future_workflow_manual_trigger":{"enabledWorkflows":[]},"_links":{"self":[{"href":"https:\/\/www.iaff.org\/es\/wp-json\/wp\/v2\/pages\/95939","targetHints":{"allow":["GET"]}}],"collection":[{"href":"https:\/\/www.iaff.org\/es\/wp-json\/wp\/v2\/pages"}],"about":[{"href":"https:\/\/www.iaff.org\/es\/wp-json\/wp\/v2\/types\/page"}],"author":[{"embeddable":true,"href":"https:\/\/www.iaff.org\/es\/wp-json\/wp\/v2\/users\/1"}],"replies":[{"embeddable":true,"href":"https:\/\/www.iaff.org\/es\/wp-json\/wp\/v2\/comments?post=95939"}],"version-history":[{"count":0,"href":"https:\/\/www.iaff.org\/es\/wp-json\/wp\/v2\/pages\/95939\/revisions"}],"up":[{"embeddable":true,"href":"https:\/\/www.iaff.org\/es\/wp-json\/wp\/v2\/pages\/93088"}],"wp:attachment":[{"href":"https:\/\/www.iaff.org\/es\/wp-json\/wp\/v2\/media?parent=95939"}],"curies":[{"name":"wp","href":"https:\/\/api.w.org\/{rel}","templated":true}]}}