{"id":95916,"date":"2019-04-07T15:11:34","date_gmt":"2019-04-07T19:11:34","guid":{"rendered":"https:\/\/www.iaff.org\/iniciativa-de-salud-presuntiva\/ley-de-discapacidad-presuntiva-en-saskatchewan\/"},"modified":"2025-06-20T10:14:17","modified_gmt":"2025-06-20T14:14:17","slug":"ley-de-discapacidad-presuntiva-en-saskatchewan","status":"publish","type":"page","link":"https:\/\/www.iaff.org\/es\/iniciativa-de-salud-presuntiva\/ley-de-discapacidad-presuntiva-en-saskatchewan\/","title":{"rendered":"Ley de discapacidad presuntiva en Saskatchewan"},"content":{"rendered":"<section\n\t class=\"secondary-hero align wp-block-acf-secondary-hero\" id=\"secondary-hero_block_3c5980e8ebe660758f69828f3842ba39\">\n\t\n<header\n\tclass=\"w-full u-bg-full-width px-[22px] md:ps-bleed md:pe-0 py-[60px] bg-blue text-white u-has-rivets\"\n\tdata-theme=\"navy\"\n>\n\t<div class=\"flex flex-col !px-0 !max-w-[1440px] w-full lg:!ps-indent\">\n\t\t<div class=\"border-t-[6px] w-full my-0 flex flex-col md:flex-row gap-x-[62px] gap-y-[22px] border-gold\">\n\t\t\t\t\t\t<div class=\"w-full md:w-1\/2 md:py-[45px]\">\n\t\t\t\t<div class=\"max-w-[600px] flex flex-col gap-[22px]\">\n\t\t\t\t\t\t\t\t\t\t\t<h1 class=\"has-[.u-halftone-shadow--dark]:mb-divider has-[.u-halftone-shadow--light]:mb-divider pt-[22px] md:pt-0\">\n\t\t\t\t\t\t\t<span class=\"inline-flex text-heading-200 u-halftone-shadow--light\">\n\t\t\t\t\t\t\t\tLey de discapacidad presuntiva en Saskatchewan\t\t\t\t\t\t\t<\/span>\n\t\t\t\t\t\t<\/h1>\n\t\t\t\t\t\t\t\t\t\t\t\t\t\t\t\t\t\t\t\t\t\t\t\t\t\t\t\t\t<\/div>\n\t\t\t<\/div>\n\n\t\t<\/div>\n\t\t\t\t\t<div class=\"order-first flex justify-start w-full pb-[22px]\">\n\t\t\t\t<div\n\tclass=\"wp-block-button is-style-tertiary text-white is-style-tertiary-back\"\n>\n\t\t\t<a\n\t\t\thref=\"https:\/\/www.iaff.org\/es\/iniciativa-de-salud-presuntiva\/\"\n\t\t\tclass=\"wp-block-button__link wp-element-button group\"\n\t\t\t\t\t>\n\t\t\t<span\n\t\t\tclass=\"decoration-transparent underline underline-offset-2 group-hover:decoration-inherit group-focus-visible:decoration-inherit transition duration-hover\"\n\t\t>\n\t\t\tIniciativa de Salud Presuntiva\t\t<\/span>\n\n\t\t<span\n\t\t\tclass=\"bg-inherit transition-colors duration-hover group-hover:bg-gold group-focus:bg-gold inline-flex rotate-180 order-first\"\n\t\t>\n\t\t\t<svg xmlns=\"http:\/\/www.w3.org\/2000\/svg\" width=\"21\" height=\"22\" fill=\"none\" viewBox=\"0 0 21 22\"><path stroke=\"currentColor\" stroke-linecap=\"round\" stroke-width=\"2\" d=\"M20 20.75L20 2.25L1.5 2.25L1.5 20.75L20 20.75Z\" clip-rule=\"evenodd\"\/><path stroke=\"currentColor\" stroke-linecap=\"square\" stroke-width=\"2\" d=\"M14.0883 11.5L6.66406 11.5\"\/><path stroke=\"currentColor\" stroke-linecap=\"square\" stroke-width=\"2\" d=\"M11.0723 7.75205L14.8363 11.5L11.0723 15.248\"\/><\/svg>\t\t<\/span>\n\t<\/a><\/div>\n\t\t\t<\/div>\n\t\t\t<\/div>\n<\/header>\n<\/section>\n<div class=\"wp-block-paragraph \">\n<p><strong>PARTE DEL C\u00d3DIGO<\/strong> <\/p>\n<\/div><div class=\"wp-block-paragraph \">\n<p>Estatutos de Saskatchewan <br\/>w-17.1 \u2013 Ley de Compensaci\u00f3n de Trabajadores, 1979 <\/p>\n<\/div><div class=\"wp-block-paragraph \">\n<p><a href=\"http:\/\/www.legassembly.sk.ca\/\" target=\"_blank\" rel=\"noreferrer noopener\">Sitio web legislativo de Saskatchewan<\/a> <\/p>\n<\/div><div class=\"wp-block-paragraph \">\n<p><strong>DESCRIPCI\u00d3N:<\/strong> <\/p>\n<\/div><div class=\"wp-block-paragraph \">\n<p><strong>Presunci\u00f3n de ciertas enfermedades profesionales respecto a los bomberos<\/strong> <br\/><strong>28<\/strong> <\/p>\n<\/div><div class=\"wp-block-list\">\n<ol start=\"1\" class=\"wp-block-list\">\n<li>In this section and in section 187:&nbsp;<div class=\"wp-block-list\">\n<ol class=\"wp-block-list\">\n<li>\u201ccuerpo de bomberos\u201d significa un cuerpo de bomberos seg\u00fan se define en la Ley de Seguridad contra Incendios; <\/li>\n\n\n\n<li>\u201clisted disease\u201d means:&nbsp;<div class=\"wp-block-list\">\n<ol class=\"wp-block-list\">\n<li>un c\u00e1ncer cerebral de sitio primario; <\/li>\n\n\n\n<li>un c\u00e1ncer de vejiga de sitio primario; <\/li>\n\n\n\n<li>un c\u00e1ncer de ri\u00f1\u00f3n de sitio primario; <\/li>\n\n\n\n<li>un linfoma no Hodgkin primario; <\/li>\n\n\n\n<li>una leucemia primaria; <\/li>\n\n\n\n<li>un c\u00e1ncer de ur\u00e9ter de sitio primario; <\/li>\n\n\n\n<li>un c\u00e1ncer colorrectal de sitio primario; <\/li>\n\n\n\n<li>un c\u00e1ncer de pulm\u00f3n de sitio primario; <\/li>\n\n\n\n<li>un c\u00e1ncer testicular de sitio primario; <\/li>\n\n\n\n<li>un c\u00e1ncer de es\u00f3fago de sitio primario; <\/li>\n\n\n\n<li>un c\u00e1ncer de pr\u00f3stata de sitio primario; <\/li>\n\n\n\n<li>un c\u00e1ncer de piel de sitio primario; <\/li>\n\n\n\n<li>mieloma m\u00faltiple; <\/li>\n\n\n\n<li>un c\u00e1ncer de mama de sitio primario; <\/li>\n\n\n\n<li>un c\u00e1ncer cervical de sitio primario; <\/li>\n\n\n\n<li>un c\u00e1ncer de ovario de sitio primario; <\/li>\n\n\n\n<li>c\u00e1ncer pancre\u00e1tico; <\/li>\n\n\n\n<li>c\u00e1ncer de tiroides; <\/li>\n\n\n\n<li>c\u00e1ncer de pene; <\/li>\n\n\n\n<li>mesotelioma; <\/li>\n\n\n\n<li>sarcoma de tejidos blandos; <\/li>\n\n\n\n<li>c\u00e1ncer de laringe o <\/li>\n\n\n\n<li>una lesi\u00f3n al coraz\u00f3n que se manifiesta dentro de las 24 horas posteriores a la asistencia a una respuesta de emergencia. <\/li>\n<\/ol>\n<\/div><\/li>\n<\/ol>\n<\/div><\/li>\n\n\n\n<li>Sujeto al inciso (3) y a menos que se demuestre lo contrario, si un trabajador que es o ha sido bombero sufre una enfermedad enumerada, se presume que dicha enfermedad es una enfermedad profesional, cuya causa dominante es el empleo como bombero. <\/li>\n<\/ol>\n<\/div><div class=\"wp-block-list\">\n<ol start=\"3\" class=\"wp-block-list\">\n<li>The presumption mentioned in subsection (2) applies:&nbsp;<div class=\"wp-block-list\">\n<ol class=\"wp-block-list\">\n<li>only to a worker who:&nbsp;<div class=\"wp-block-list\">\n<ol class=\"wp-block-list\">\n<li>ha sido miembro a tiempo completo de un cuerpo de bomberos durante el per\u00edodo m\u00ednimo de empleo prescrito en los reglamentos; y <\/li>\n\n\n\n<li>ha estado expuesto regularmente a los peligros de un escenario de incendio, que no sea un escenario de incendio forestal, durante todo el per\u00edodo mencionado en la subcl\u00e1usula (i); y (b) en el caso de c\u00e1ncer de pulm\u00f3n de sitio primario, solo a un trabajador que ha sido no fumador antes de la fecha de la lesi\u00f3n durante el per\u00edodo m\u00ednimo prescrito en los reglamentos. <\/li>\n<\/ol>\n<\/div><\/li>\n<\/ol>\n<\/div><\/li>\n<\/ol>\n<\/div><div class=\"wp-block-paragraph \">\n<p><strong>Presunci\u00f3n de lesi\u00f3n psicol\u00f3gica<\/strong> <br\/><strong>28.1<\/strong> <\/p>\n<\/div><div class=\"wp-block-list\">\n<ol start=\"1\" class=\"wp-block-list\">\n<li>In this section:&nbsp;<div class=\"wp-block-list\">\n<ol class=\"wp-block-list\">\n<li>\u201clesi\u00f3n psicol\u00f3gica\u201d significa una lesi\u00f3n psicol\u00f3gica, incluyendo el trastorno de estr\u00e9s postraum\u00e1tico, como se describe en la edici\u00f3n del Manual Diagn\u00f3stico y Estad\u00edstico de los Trastornos Mentales publicado por la Asociaci\u00f3n Americana de Psiquiatr\u00eda que est\u00e1 prescrita en los reglamentos; <\/li>\n\n\n\n<li>\u201cworker\u201d means a person who works and:&nbsp;<div class=\"wp-block-list\">\n<ol class=\"wp-block-list\">\n<li>est\u00e1 expuesta a un evento traum\u00e1tico; o <\/li>\n\n\n\n<li>se encuentra en una ocupaci\u00f3n que est\u00e1 prescrita en los reglamentos. <\/li>\n<\/ol>\n<\/div><\/li>\n<\/ol>\n<\/div><\/li>\n<\/ol>\n<\/div><div class=\"wp-block-list\">\n<ol start=\"2\" class=\"wp-block-list\">\n<li>A menos que se demuestre lo contrario, si un trabajador o ex trabajador es diagnosticado con una lesi\u00f3n psicol\u00f3gica por un psiquiatra o psic\u00f3logo, se presume que dicha lesi\u00f3n es una lesi\u00f3n que surgi\u00f3 de y en el curso del empleo del trabajador. <\/li>\n<\/ol>\n<\/div><div class=\"wp-block-paragraph \">\n<p><strong>BOMBEROS<\/strong> <br\/><strong>Per\u00edodos de empleo<\/strong> <br\/><strong>22.3<\/strong> <br\/>Para los prop\u00f3sitos del inciso 29.1(3) de la Ley, los per\u00edodos m\u00ednimos de <br\/>empleo para un bombero para las enfermedades mencionadas en las subcl\u00e1usulas <\/p>\n<\/div><div class=\"wp-block-paragraph \">\n<p><strong>29.1<\/strong> <br\/>(1)(b)(i) a (x) de la Ley son los siguientes: <\/p>\n<\/div><div class=\"wp-block-list\">\n<ol start=\"1\" class=\"wp-block-list\">\n<li>c\u00e1ncer cerebral de sitio primario, 10 a\u00f1os; <\/li>\n<\/ol>\n<\/div><div class=\"wp-block-list\">\n<ol start=\"2\" class=\"wp-block-list\">\n<li>c\u00e1ncer de vejiga de sitio primario, 15 a\u00f1os; <\/li>\n<\/ol>\n<\/div><div class=\"wp-block-list\">\n<ol start=\"3\" class=\"wp-block-list\">\n<li>c\u00e1ncer de ri\u00f1\u00f3n de sitio primario, 20 a\u00f1os; <\/li>\n<\/ol>\n<\/div><div class=\"wp-block-list\">\n<ol start=\"4\" class=\"wp-block-list\">\n<li>linfoma no Hodgkin primario, 20 a\u00f1os; <\/li>\n<\/ol>\n<\/div><div class=\"wp-block-list\">\n<ol start=\"5\" class=\"wp-block-list\">\n<li>leucemia primaria, 5 a\u00f1os; <\/li>\n<\/ol>\n<\/div><div class=\"wp-block-list\">\n<ol start=\"6\" class=\"wp-block-list\">\n<li>c\u00e1ncer de ur\u00e9ter de sitio primario, 15 a\u00f1os; <\/li>\n<\/ol>\n<\/div><div class=\"wp-block-list\">\n<ol start=\"7\" class=\"wp-block-list\">\n<li>c\u00e1ncer colorrectal de sitio primario, 15 a\u00f1os; <\/li>\n<\/ol>\n<\/div><div class=\"wp-block-list\">\n<ol start=\"8\" class=\"wp-block-list\">\n<li>c\u00e1ncer de pulm\u00f3n de sitio primario en bomberos no fumadores, 15 a\u00f1os; <\/li>\n<\/ol>\n<\/div><div class=\"wp-block-list\">\n<ol start=\"9\" class=\"wp-block-list\">\n<li>c\u00e1ncer testicular de sitio primario, 10 a\u00f1os; <\/li>\n<\/ol>\n<\/div><div class=\"wp-block-list\">\n<ol start=\"10\" class=\"wp-block-list\">\n<li>c\u00e1ncer de es\u00f3fago de sitio primario, 25 a\u00f1os; <\/li>\n<\/ol>\n<\/div><div class=\"wp-block-list\">\n<ol start=\"11\" class=\"wp-block-list\">\n<li>un c\u00e1ncer de pr\u00f3stata de sitio primario, 15 a\u00f1os; <\/li>\n<\/ol>\n<\/div><div class=\"wp-block-list\">\n<ol start=\"12\" class=\"wp-block-list\">\n<li>un c\u00e1ncer de piel de sitio primario, 15 a\u00f1os; <\/li>\n<\/ol>\n<\/div><div class=\"wp-block-list\">\n<ol start=\"13\" class=\"wp-block-list\">\n<li>mieloma m\u00faltiple, 15 a\u00f1os; <\/li>\n<\/ol>\n<\/div><div class=\"wp-block-list\">\n<ol start=\"14\" class=\"wp-block-list\">\n<li>un c\u00e1ncer de mama de sitio primario, 10 a\u00f1os; <\/li>\n<\/ol>\n<\/div><div class=\"wp-block-list\">\n<ol start=\"15\" class=\"wp-block-list\">\n<li>un c\u00e1ncer cervical de sitio primario, 10 a\u00f1os; <\/li>\n<\/ol>\n<\/div><div class=\"wp-block-list\">\n<ol start=\"16\" class=\"wp-block-list\">\n<li>un c\u00e1ncer de ovario de sitio primario, 10 a\u00f1os; <\/li>\n<\/ol>\n<\/div><div class=\"wp-block-list\">\n<ol start=\"17\" class=\"wp-block-list\">\n<li>c\u00e1ncer de pene de sitio primario, 15 a\u00f1os;<\/li>\n\n\n\n<li>c\u00e1ncer pancre\u00e1tico de sitio primario, 10 a\u00f1os;<\/li>\n\n\n\n<li>c\u00e1ncer de tiroides de sitio primario, 10 a\u00f1os;<\/li>\n\n\n\n<li>sarcoma de tejidos blandos de sitio primario; 15 a\u00f1os;<\/li>\n\n\n\n<li>mesotelioma de sitio primario, 15 a\u00f1os;<\/li>\n\n\n\n<li>c\u00e1ncer de laringe de sitio primario, 15 a\u00f1os;<\/li>\n\n\n\n<li>una lesi\u00f3n al coraz\u00f3n que se manifiesta dentro de las 24 horas posteriores a la asistencia a una respuesta de emergencia, ninguno <\/li>\n<\/ol>\n<\/div><div class=\"wp-block-paragraph \">\n<p><strong>Per\u00edodo m\u00ednimo de abstenci\u00f3n de fumar<\/strong> <\/p>\n<\/div><div class=\"wp-block-paragraph \">\n<p><strong>22.4<\/strong> <br\/>A los efectos de la cl\u00e1usula 29.1(3)(b) de la Ley, en el caso de c\u00e1ncer de pulm\u00f3n <br\/>de sitio primario, el per\u00edodo m\u00ednimo durante el cual un bombero debe haber sido <br\/>no fumador antes de la fecha de la lesi\u00f3n es: <\/p>\n<\/div><div class=\"wp-block-list\">\n<ol start=\"1\" class=\"wp-block-list\">\n<li>none if a fire fighter has smoked, in the fire fighter\u2019s lifetime:&nbsp;<div class=\"wp-block-list\">\n<ol class=\"wp-block-list\">\n<li>menos de 365 cigarrillos; <\/li>\n\n\n\n<li>menos de 365 puros; <\/li>\n\n\n\n<li>menos de 365 pipas; o <\/li>\n\n\n\n<li>menos de 365 cigarrillos, puros y pipas; <\/li>\n<\/ol>\n<\/div><\/li>\n<\/ol>\n<\/div><div class=\"wp-block-list\">\n<ol start=\"2\" class=\"wp-block-list\">\n<li>ninguno si un bombero ha fumado en promedio menos de siete puros o pipas por semana; <\/li>\n<\/ol>\n<\/div><div class=\"wp-block-list\">\n<ol start=\"3\" class=\"wp-block-list\">\n<li>in the case of cigarettes:&nbsp;<div class=\"wp-block-list\">\n<ol class=\"wp-block-list\">\n<li>seis a\u00f1os si el bombero fumaba en promedio menos de siete por semana; <\/li>\n\n\n\n<li>seis a\u00f1os si el bombero fumaba en promedio de uno a nueve por d\u00eda; <\/li>\n\n\n\n<li>trece a\u00f1os si el bombero fumaba en promedio de 10 a 19 por d\u00eda; <\/li>\n\n\n\n<li>dieciocho a\u00f1os si el bombero fumaba en promedio 20 por d\u00eda; <\/li>\n\n\n\n<li>veintitr\u00e9s a\u00f1os si el bombero fumaba en promedio de 21 a 39 por d\u00eda; y <\/li>\n\n\n\n<li>veintiocho a\u00f1os si el bombero fumaba en promedio 40 o m\u00e1s por d\u00eda; <\/li>\n<\/ol>\n<\/div><\/li>\n<\/ol>\n<\/div><div class=\"wp-block-list\">\n<ol start=\"4\" class=\"wp-block-list\">\n<li>en el caso de puros o pipas, ocho a\u00f1os si el bombero fumaba en promedio uno o m\u00e1s de uno por d\u00eda; y <\/li>\n<\/ol>\n<\/div><div class=\"wp-block-list\">\n<ol start=\"5\" class=\"wp-block-list\">\n<li>si un bombero fumaba cigarrillos en combinaci\u00f3n con puros o pipas, el per\u00edodo m\u00ednimo determinado de acuerdo con la cl\u00e1usula (c) considerando un puro o una pipa como equivalente a un cigarrillo. <\/li>\n<\/ol>\n<\/div>","protected":false},"excerpt":{"rendered":"<p>PARTE DEL C\u00d3DIGO Estatutos de Saskatchewan w-17.1 \u2013 Ley de Compensaci\u00f3n de Trabajadores, 1979 Sitio web legislativo de Saskatchewan DESCRIPCI\u00d3N: Presunci\u00f3n de ciertas enfermedades profesionales respecto a los bomberos 28 [&hellip;]<\/p>\n","protected":false},"featured_media":0,"parent":93088,"menu_order":0,"comment_status":"closed","ping_status":"closed","template":"","meta":{"_acf_changed":false,"_searchwp_excluded":"","inline_featured_image":false,"_EventAllDay":false,"_EventTimezone":"","_EventStartDate":"","_EventEndDate":"","_EventStartDateUTC":"","_EventEndDateUTC":"","_EventShowMap":false,"_EventShowMapLink":false,"_EventURL":"","_EventCost":"","_EventCostDescription":"","_EventCurrencySymbol":"","_EventCurrencyCode":"","_EventCurrencyPosition":"","_EventDateTimeSeparator":"","_EventTimeRangeSeparator":"","_EventOrganizerID":[],"_EventVenueID":[],"_OrganizerEmail":"","_OrganizerPhone":"","_OrganizerWebsite":"","_VenueAddress":"","_VenueCity":"","_VenueCountry":"","_VenueProvince":"","_VenueState":"","_VenueZip":"","_VenuePhone":"","_VenueURL":"","_VenueStateProvince":"","_VenueLat":"","_VenueLng":"","_VenueShowMap":false,"_VenueShowMapLink":false,"footnotes":""},"class_list":["post-95916","page","type-page","status-publish","hentry"],"acf":[],"publishpress_future_workflow_manual_trigger":{"enabledWorkflows":[]},"_links":{"self":[{"href":"https:\/\/www.iaff.org\/es\/wp-json\/wp\/v2\/pages\/95916","targetHints":{"allow":["GET"]}}],"collection":[{"href":"https:\/\/www.iaff.org\/es\/wp-json\/wp\/v2\/pages"}],"about":[{"href":"https:\/\/www.iaff.org\/es\/wp-json\/wp\/v2\/types\/page"}],"author":[{"embeddable":true,"href":"https:\/\/www.iaff.org\/es\/wp-json\/wp\/v2\/users\/1"}],"replies":[{"embeddable":true,"href":"https:\/\/www.iaff.org\/es\/wp-json\/wp\/v2\/comments?post=95916"}],"version-history":[{"count":0,"href":"https:\/\/www.iaff.org\/es\/wp-json\/wp\/v2\/pages\/95916\/revisions"}],"up":[{"embeddable":true,"href":"https:\/\/www.iaff.org\/es\/wp-json\/wp\/v2\/pages\/93088"}],"wp:attachment":[{"href":"https:\/\/www.iaff.org\/es\/wp-json\/wp\/v2\/media?parent=95916"}],"curies":[{"name":"wp","href":"https:\/\/api.w.org\/{rel}","templated":true}]}}