{"id":95860,"date":"2024-02-22T11:38:11","date_gmt":"2024-02-22T16:38:11","guid":{"rendered":"https:\/\/www.iaff.org\/centro-de-excelencia-iaff\/admisiones\/"},"modified":"2025-12-03T14:49:42","modified_gmt":"2025-12-03T19:49:42","slug":"admisiones","status":"publish","type":"page","link":"https:\/\/www.iaff.org\/es\/centro-de-excelencia-iaff\/admisiones\/","title":{"rendered":"Admisiones"},"content":{"rendered":"<section\n\t class=\"secondary-hero align wp-block-acf-secondary-hero\" id=\"secondary-hero_block_c17cc96cff658e8738b003fbde4aa488\">\n\t\n<header\n\tclass=\"w-full u-bg-full-width px-[22px] md:ps-bleed md:pe-0 py-[60px] bg-smoke-5 text-black u-has-rivets u-rivets-dark\"\n\tdata-theme=\"gray\"\n>\n\t<div class=\"flex flex-col !px-0 !max-w-[1440px] w-full lg:!ps-indent\">\n\t\t<div class=\"border-t-[6px] w-full my-0 flex flex-col md:flex-row gap-x-[62px] gap-y-[22px] border-red\">\n\t\t\t\t\t\t<div class=\"w-full md:w-1\/2 md:py-[45px]\">\n\t\t\t\t<div class=\"max-w-[600px] flex flex-col gap-[22px]\">\n\t\t\t\t\t\t\t\t\t\t\t<h1 class=\"has-[.u-halftone-shadow--dark]:mb-divider has-[.u-halftone-shadow--light]:mb-divider pt-[22px] md:pt-0\">\n\t\t\t\t\t\t\t<span class=\"inline-flex text-heading-200 u-halftone-shadow--dark\">\n\t\t\t\t\t\t\t\tAdmisiones del Centro de Excelencia\t\t\t\t\t\t\t<\/span>\n\t\t\t\t\t\t<\/h1>\n\t\t\t\t\t\t\t\t\t\t\t\t\t\t\t\t\t\t\t\t\t\t\t\t\t\t\t\t\t<\/div>\n\t\t\t<\/div>\n\n\t\t<\/div>\n\t\t\t\t\t<div class=\"order-first flex justify-start w-full pb-[22px]\">\n\t\t\t\t<div\n\tclass=\"wp-block-button is-style-tertiary text-smoke is-style-tertiary-back\"\n>\n\t\t\t<a\n\t\t\thref=\"https:\/\/www.iaff.org\/es\/centro-de-excelencia-iaff\/\"\n\t\t\tclass=\"wp-block-button__link wp-element-button group\"\n\t\t\t\t\t>\n\t\t\t<span\n\t\t\tclass=\"decoration-transparent underline underline-offset-2 group-hover:decoration-inherit group-focus-visible:decoration-inherit transition duration-hover\"\n\t\t>\n\t\t\tCentro de excelencia de la AIB \t\t<\/span>\n\n\t\t<span\n\t\t\tclass=\"bg-inherit transition-colors duration-hover group-hover:bg-gold group-focus:bg-gold inline-flex rotate-180 order-first\"\n\t\t>\n\t\t\t<svg xmlns=\"http:\/\/www.w3.org\/2000\/svg\" width=\"21\" height=\"22\" fill=\"none\" viewBox=\"0 0 21 22\"><path stroke=\"currentColor\" stroke-linecap=\"round\" stroke-width=\"2\" d=\"M20 20.75L20 2.25L1.5 2.25L1.5 20.75L20 20.75Z\" clip-rule=\"evenodd\"\/><path stroke=\"currentColor\" stroke-linecap=\"square\" stroke-width=\"2\" d=\"M14.0883 11.5L6.66406 11.5\"\/><path stroke=\"currentColor\" stroke-linecap=\"square\" stroke-width=\"2\" d=\"M11.0723 7.75205L14.8363 11.5L11.0723 15.248\"\/><\/svg>\t\t<\/span>\n\t<\/a><\/div>\n\t\t\t<\/div>\n\t\t\t<\/div>\n<\/header>\n<\/section>\n\n<h3 class=\"wp-block-heading\">Pre-admisi\u00f3n<\/h3>\n<section\n\t class=\"page-blocks iaff-page-blocks align wp-block-acf-page-blocks\" id=\"page-blocks_block_95c5f44ef8c315cf3ce0e1f17f54681f\">\n\t<div class=\"acf-innerblocks-container\">\n<div class=\"wp-block-paragraph \">\n<p>Una vez que un cliente ha sido aceptado en el Centro de Excelencia, el equipo de admisiones trabajar\u00e1 con el miembro para programar una fecha de ingreso, ayudar a organizar el transporte, proporcionar directrices sobre qu\u00e9 esperar y confirmar los t\u00e9rminos financieros.<\/p>\n<\/div>\n\n<div class=\"wp-block-paragraph \">\n<p>En los d\u00edas previos a la fecha de admisi\u00f3n del miembro, el equipo se comunicar\u00e1 diariamente con el miembro por tel\u00e9fono para brindarle apoyo y aliento continuos.<\/p>\n<\/div>\n<\/div><\/section>\n<section\n\t class=\"page-blocks iaff-page-blocks align wp-block-acf-page-blocks\" id=\"page-blocks_block_95c5f44ef8c315cf3ce0e1f17f54681f\">\n\t<div class=\"acf-innerblocks-container\">\n\n<figure class=\"wp-block-pullquote\"><blockquote><p>A cualquiera que se muestre reticente, le digo que no hay nada de qu\u00e9 avergonzarse. Creo que cualquier juicio ser\u00eda un juicio positivo. Es comprensible tener miedo, pero prometo que obtener ayuda cambiar\u00e1 su vida, y volver\u00e1 a ser feliz.  <\/p><cite><strong>Eric fessenden<\/strong> Condado de Montgomery, MD local 1664<\/cite><\/blockquote><\/figure>\n\n<\/div><\/section>\n<section\n\t class=\"page-blocks iaff-page-blocks align wp-block-acf-page-blocks\" id=\"page-blocks_block_95c5f44ef8c315cf3ce0e1f17f54681f\">\n\t<div class=\"acf-innerblocks-container\">\n\n<h3 class=\"wp-block-heading\">Transporte<\/h3>\n\n\n<div class=\"wp-block-paragraph \">\n<p>Los miembros son responsables de los costos de transporte hacia y desde el Centro de Excelencia. Los miembros pueden viajar en avi\u00f3n, tren, autob\u00fas o ser trasladados en autom\u00f3vil. Si viajan en avi\u00f3n, los miembros pueden volar a cualquiera de los tres aeropuertos locales: Baltimore-Washington International (BWI), Ronald Reagan National Airport (DCA) o Dulles International Airport (IAD).  <\/p>\n<\/div>\n\n<div class=\"wp-block-paragraph \">\n<p>El personal de admisiones recopilar\u00e1 la informaci\u00f3n de llegada del viaje. Los miembros deben reservar un boleto de ida ya que la duraci\u00f3n de la estancia var\u00eda seg\u00fan los planes de tratamiento individuales. <\/p>\n<\/div>\n\n\n<h3 class=\"wp-block-heading\">Llegada al Centro<\/h3>\n\n\n<div class=\"wp-block-paragraph \">\n<p>Si el cliente llega en avi\u00f3n o tren, ser\u00e1 recibido en la terminal o estaci\u00f3n por el conductor del Centro de Excelencia en una furgoneta identificada con IAFF, transportado a las instalaciones de tratamiento y registrado en el Edificio Administrativo. Al llegar a las instalaciones de tratamiento, cada miembro completar\u00e1 una evaluaci\u00f3n de enfermer\u00eda, firmar\u00e1 formularios de consentimiento para el tratamiento y se someter\u00e1 a una revisi\u00f3n corporal y de contrabando. <\/p>\n<\/div>\n\n<div class=\"wp-block-paragraph \">\n<p>Posteriormente, el miembro ser\u00e1 recibido por el personal y sus compa\u00f1eros, quienes se asegurar\u00e1n de que se sienta bienvenido y aclimatado.<\/p>\n<\/div>\n\n\n<h3 class=\"wp-block-heading\">Encuentro con el equipo de tratamiento<\/h3>\n\n\n<div class=\"wp-block-paragraph \">\n<p>Dentro de los tres d\u00edas posteriores a la admisi\u00f3n, su miembro recibir\u00e1 un historial completo y un examen f\u00edsico, una evaluaci\u00f3n psiqui\u00e1trica, una evaluaci\u00f3n biopsicosocial y una orientaci\u00f3n grupal sobre el programa de tratamiento. Tambi\u00e9n se le asignar\u00e1 a su miembro un terapeuta individual primario. Los miembros pueden comenzar a asistir a terapia grupal y programaci\u00f3n de tratamiento tan pronto como reciban autorizaci\u00f3n m\u00e9dica.  <\/p>\n<\/div>\n\n<div class=\"wp-block-paragraph \">\n<p>Durante el per\u00edodo de admisi\u00f3n, los miembros tambi\u00e9n se reunir\u00e1n con el especialista de extensi\u00f3n del Centro de Excelencia y tendr\u00e1n la oportunidad de optar por un programa de seguimiento de resultados y monitoreo posterior al tratamiento de 18 meses.<\/p>\n<\/div>\n\n\n<h3 class=\"wp-block-heading\">Qu\u00e9 traer<\/h3>\n\n\n<div class=\"wp-block-list\">\n<ul class=\"wp-block-list\">\n<li>Tarjeta de seguro y farmacia<\/li>\n\n\n\n<li>Licencia de conducir\/identificaci\u00f3n estatal<\/li>\n\n\n\n<li>Una lista de n\u00fameros de tel\u00e9fono importantes<\/li>\n\n\n\n<li>Una semana de ropa apropiada para la temporada que se lavar\u00e1 en el lugar<\/li>\n\n\n\n<li>Ropa de dormir<\/li>\n\n\n\n<li>Trajes de ba\u00f1o de una pieza para damas, pantalones cortos hasta la rodilla para caballeros<\/li>\n\n\n\n<li>Ropa y zapatos para hacer ejercicio<\/li>\n\n\n\n<li>Cepillo de dientes, pasta dental sin abrir y enjuague bucal sin alcohol<\/li>\n\n\n\n<li>Champ\u00fa y acondicionador sin abrir<\/li>\n\n\n\n<li>Protector solar sin abrir<\/li>\n\n\n\n<li>Limpiador facial y humectante sin abrir<\/li>\n\n\n\n<li>Loci\u00f3n sin abrir<\/li>\n\n\n\n<li>B\u00e1lsamo labial sin abrir<\/li>\n\n\n\n<li>Soluci\u00f3n para lentes de contacto sin abrir<\/li>\n\n\n\n<li>Productos femeninos sin abrir<\/li>\n\n\n\n<li>Material de lectura positivo<\/li>\n\n\n\n<li>Fotograf\u00edas de familiares y amigos<\/li>\n\n\n\n<li>Dispositivo de m\u00fasica (sin acceso a internet)<\/li>\n\n\n\n<li>Art\u00edculos de pasatiempo (diarios, cuadernos de dibujo, etc.)<\/li>\n\n\n\n<li>Medicamentos recetados no narc\u00f3ticos*<\/li>\n\n\n\n<li>Tarjeta de cr\u00e9dito prepagada o efectivo<\/li>\n<\/ul>\n<\/div>\n\n\n<h3 class=\"wp-block-heading\">Art\u00edculos prohibidos<\/h3>\n\n\n<div class=\"wp-block-paragraph \">\n<p>Los siguientes art\u00edculos no est\u00e1n permitidos y ser\u00e1n confiscados como contrabando:<\/p>\n<\/div>\n\n<div class=\"wp-block-list\">\n<ul class=\"wp-block-list\">\n<li>Productos en aerosol<\/li>\n\n\n\n<li>Cualquier art\u00edculo que contenga alcohol en los primeros tres ingredientes (por ejemplo, perfume, colonia, enjuague bucal, maquillaje)<\/li>\n\n\n\n<li>Blanqueador y art\u00edculos de blanqueo<\/li>\n\n\n\n<li>Tel\u00e9fonos celulares y cualquier dispositivo con capacidades de internet<\/li>\n\n\n\n<li>Parafernalia de drogas<\/li>\n\n\n\n<li>Cigarrillos electr\u00f3nicos y vaporizadores<\/li>\n\n\n\n<li>Aparatos el\u00e9ctricos<\/li>\n\n\n\n<li>L\u00edquidos inflamables<\/li>\n\n\n\n<li>Tinte para el cabello<\/li>\n\n\n\n<li>Llaves<\/li>\n\n\n\n<li>Cuchillos, armas de fuego y armas de cualquier tipo. Existe la posibilidad de que no se admita a un paciente si est\u00e1 en posesi\u00f3n de estos art\u00edculos. <\/li>\n\n\n\n<li>Medicamentos o suministros m\u00e9dicos<\/li>\n\n\n\n<li>Tenedores, cuchillos y cucharas de metal<\/li>\n\n\n\n<li>Materiales sexualmente inapropiados y relacionados con drogas (revistas, libros, ropa)<\/li>\n\n\n\n<li>Aceites esenciales<\/li>\n\n\n\n<li>Perchas de alambre<\/li>\n\n\n\n<li>Cualquier art\u00edculo consumible (alimentos y bebidas) casero o preenvasado<\/li>\n<\/ul>\n<\/div>\n\n<div class=\"wp-block-paragraph \">\n<p><em>Los art\u00edculos de contrabando ser\u00e1n devueltos al momento del alta.<\/em><\/p>\n<\/div>\n\n\n<h3 class=\"wp-block-heading\">Comunicaci\u00f3n con los miembros despu\u00e9s de la admisi\u00f3n<\/h3>\n\n\n<div class=\"wp-block-paragraph \">\n<p>Cuando su miembro ingresa por primera vez al tratamiento, su enfoque est\u00e1 en la recuperaci\u00f3n ante todo. Los miembros pueden o no optar por hablar con funcionarios sindicales o departamentales mientras est\u00e1n en tratamiento. Si su miembro ha firmado una autorizaci\u00f3n de divulgaci\u00f3n de informaci\u00f3n (ROI) para que el personal de tratamiento se comunique con usted, puede llamar al personal para obtener actualizaciones seg\u00fan sea necesario.  <\/p>\n<\/div>\n\n<div class=\"wp-block-paragraph \">\n<p>Llame al Centro al (240) 681-6000 para dejar un mensaje para su miembro; el personal se asegurar\u00e1 de que el cliente reciba el mensaje.<\/p>\n<\/div>\n\n<div class=\"wp-block-paragraph \">\n<p>Por favor, tenga en cuenta que durante las primeras 72 horas despu\u00e9s de la admisi\u00f3n, la comunicaci\u00f3n con funcionarios sindicales o departamentales, amigos y familiares est\u00e1 restringida.<\/p>\n<\/div>\n\n<div class=\"wp-block-paragraph \">\n<p>Esta es una pr\u00e1ctica est\u00e1ndar en instalaciones psiqui\u00e1tricas y de rehabilitaci\u00f3n residenciales. El prop\u00f3sito de este per\u00edodo es proteger a su miembro de los factores estresantes externos y las distracciones que pueden interferir con la evaluaci\u00f3n cl\u00ednica inicial del miembro y su adaptaci\u00f3n a la experiencia de tratamiento. Su miembro ser\u00e1 r\u00e1pidamente acogido por sus compa\u00f1eros y un personal atento.  <\/p>\n<\/div>\n\n\n<h3 class=\"wp-block-heading\">Uso del tel\u00e9fono<\/h3>\n\n\n<div class=\"wp-block-paragraph \">\n<p>El uso del tel\u00e9fono celular es un privilegio y puede perderse si se violan las reglas. Todos los pacientes tendr\u00e1n un per\u00edodo de suspensi\u00f3n de 72 horas (tres d\u00edas) de todo uso telef\u00f3nico efectivo desde su llegada. A los pacientes se les permitir\u00e1 utilizar una l\u00ednea fija despu\u00e9s de comenzar su programaci\u00f3n cl\u00ednica (a menos que el m\u00e9dico o el personal m\u00e9dico del paciente decida que podr\u00eda perjudicar el tratamiento).  <\/p>\n<\/div>\n\n<div class=\"wp-block-paragraph \">\n<p>Una vez aprobado el uso del tel\u00e9fono celular por su m\u00e9dico o personal m\u00e9dico, los pacientes podr\u00e1n utilizar su tel\u00e9fono celular los lunes y otros dos d\u00edas laborables. Todos los privilegios est\u00e1n sujetos a cambios. El uso del tel\u00e9fono celular debe limitarse a correo electr\u00f3nico\/mensajes de texto, pago de facturas y llamadas telef\u00f3nicas breves.  <\/p>\n<\/div>\n<\/div><\/section>\n","protected":false},"excerpt":{"rendered":"<p>Pre-admisi\u00f3n<\/p>\n","protected":false},"featured_media":0,"parent":93686,"menu_order":0,"comment_status":"closed","ping_status":"closed","template":"","meta":{"_acf_changed":false,"_searchwp_excluded":"","inline_featured_image":false,"_EventAllDay":false,"_EventTimezone":"","_EventStartDate":"","_EventEndDate":"","_EventStartDateUTC":"","_EventEndDateUTC":"","_EventShowMap":false,"_EventShowMapLink":false,"_EventURL":"","_EventCost":"","_EventCostDescription":"","_EventCurrencySymbol":"","_EventCurrencyCode":"","_EventCurrencyPosition":"","_EventDateTimeSeparator":"","_EventTimeRangeSeparator":"","_EventOrganizerID":[],"_EventVenueID":[],"_OrganizerEmail":"","_OrganizerPhone":"","_OrganizerWebsite":"","_VenueAddress":"","_VenueCity":"","_VenueCountry":"","_VenueProvince":"","_VenueState":"","_VenueZip":"","_VenuePhone":"","_VenueURL":"","_VenueStateProvince":"","_VenueLat":"","_VenueLng":"","_VenueShowMap":false,"_VenueShowMapLink":false,"footnotes":""},"class_list":["post-95860","page","type-page","status-publish","hentry"],"acf":[],"publishpress_future_workflow_manual_trigger":{"enabledWorkflows":[]},"_links":{"self":[{"href":"https:\/\/www.iaff.org\/es\/wp-json\/wp\/v2\/pages\/95860","targetHints":{"allow":["GET"]}}],"collection":[{"href":"https:\/\/www.iaff.org\/es\/wp-json\/wp\/v2\/pages"}],"about":[{"href":"https:\/\/www.iaff.org\/es\/wp-json\/wp\/v2\/types\/page"}],"author":[{"embeddable":true,"href":"https:\/\/www.iaff.org\/es\/wp-json\/wp\/v2\/users\/10"}],"replies":[{"embeddable":true,"href":"https:\/\/www.iaff.org\/es\/wp-json\/wp\/v2\/comments?post=95860"}],"version-history":[{"count":0,"href":"https:\/\/www.iaff.org\/es\/wp-json\/wp\/v2\/pages\/95860\/revisions"}],"up":[{"embeddable":true,"href":"https:\/\/www.iaff.org\/es\/wp-json\/wp\/v2\/pages\/93686"}],"wp:attachment":[{"href":"https:\/\/www.iaff.org\/es\/wp-json\/wp\/v2\/media?parent=95860"}],"curies":[{"name":"wp","href":"https:\/\/api.w.org\/{rel}","templated":true}]}}