{"id":95835,"date":"2024-02-26T09:56:55","date_gmt":"2024-02-26T14:56:55","guid":{"rendered":"https:\/\/www.iaff.org\/centro-de-excelencia-iaff\/alta-y-cuidados-posteriores\/"},"modified":"2025-12-03T14:49:11","modified_gmt":"2025-12-03T19:49:11","slug":"alta-y-cuidados-posteriores","status":"publish","type":"page","link":"https:\/\/www.iaff.org\/es\/centro-de-excelencia-iaff\/alta-y-cuidados-posteriores\/","title":{"rendered":"Alta y cuidados posteriores"},"content":{"rendered":"<section\n\t class=\"secondary-hero align wp-block-acf-secondary-hero\" id=\"secondary-hero_block_c954390d9df5df660d1a53cafa7353f2\">\n\t\n<header\n\tclass=\"w-full u-bg-full-width px-[22px] md:ps-bleed md:pe-0 py-[60px] bg-smoke-5 text-black u-has-rivets u-rivets-dark\"\n\tdata-theme=\"gray\"\n>\n\t<div class=\"flex flex-col !px-0 !max-w-[1440px] w-full lg:!ps-indent\">\n\t\t<div class=\"border-t-[6px] w-full my-0 flex flex-col md:flex-row gap-x-[62px] gap-y-[22px] border-red\">\n\t\t\t\t\t\t\t<div class=\"relative grid md:order-last md:w-1\/2 overflow-hidden place-items-center aspect-[157\/105]\">\n\t\t\t\t\t<img decoding=\"async\" width=\"1198\" height=\"800\" src=\"https:\/\/www.iaff.org\/wp-content\/uploads\/2024\/02\/CFE_126-1198x800.jpg\" class=\"absolute object-cover min-w-full h-full\" alt=\"\" srcset=\"https:\/\/www.iaff.org\/wp-content\/uploads\/2024\/02\/CFE_126-1198x800.jpg 1198w, https:\/\/www.iaff.org\/wp-content\/uploads\/2024\/02\/CFE_126-300x200.jpg 300w, https:\/\/www.iaff.org\/wp-content\/uploads\/2024\/02\/CFE_126-1024x684.jpg 1024w, https:\/\/www.iaff.org\/wp-content\/uploads\/2024\/02\/CFE_126-768x513.jpg 768w, https:\/\/www.iaff.org\/wp-content\/uploads\/2024\/02\/CFE_126-1536x1025.jpg 1536w, https:\/\/www.iaff.org\/wp-content\/uploads\/2024\/02\/CFE_126-2048x1367.jpg 2048w, https:\/\/www.iaff.org\/wp-content\/uploads\/2024\/02\/CFE_126-240x160.jpg 240w, https:\/\/www.iaff.org\/wp-content\/uploads\/2024\/02\/CFE_126-1213x810.jpg 1213w\" sizes=\"(max-width: 1198px) 100vw, 1198px\" \/>\t\t\t\t<\/div>\n\t\t\t\t\t\t<div class=\"w-full md:w-1\/2 md:py-[45px]\">\n\t\t\t\t<div class=\"max-w-[600px] flex flex-col gap-[22px]\">\n\t\t\t\t\t\t\t\t\t\t\t<h1 class=\"has-[.u-halftone-shadow--dark]:mb-divider has-[.u-halftone-shadow--light]:mb-divider\">\n\t\t\t\t\t\t\t<span class=\"inline-flex text-heading-200 u-halftone-shadow--dark\">\n\t\t\t\t\t\t\t\tAlta hospitalaria y cuidados posteriores\t\t\t\t\t\t\t<\/span>\n\t\t\t\t\t\t<\/h1>\n\t\t\t\t\t\t\t\t\t\t\t\t\t\t\t\t\t\t\t\t\t\t\t\t\t\t\t\t\t<\/div>\n\t\t\t<\/div>\n\n\t\t<\/div>\n\t\t\t\t\t<div class=\"order-first flex justify-start w-full pb-[22px]\">\n\t\t\t\t<div\n\tclass=\"wp-block-button is-style-tertiary text-smoke is-style-tertiary-back\"\n>\n\t\t\t<a\n\t\t\thref=\"https:\/\/www.iaff.org\/es\/centro-de-excelencia-iaff\/\"\n\t\t\tclass=\"wp-block-button__link wp-element-button group\"\n\t\t\t\t\t>\n\t\t\t<span\n\t\t\tclass=\"decoration-transparent underline underline-offset-2 group-hover:decoration-inherit group-focus-visible:decoration-inherit transition duration-hover\"\n\t\t>\n\t\t\tCentro de excelencia de la AIB \t\t<\/span>\n\n\t\t<span\n\t\t\tclass=\"bg-inherit transition-colors duration-hover group-hover:bg-gold group-focus:bg-gold inline-flex rotate-180 order-first\"\n\t\t>\n\t\t\t<svg xmlns=\"http:\/\/www.w3.org\/2000\/svg\" width=\"21\" height=\"22\" fill=\"none\" viewBox=\"0 0 21 22\"><path stroke=\"currentColor\" stroke-linecap=\"round\" stroke-width=\"2\" d=\"M20 20.75L20 2.25L1.5 2.25L1.5 20.75L20 20.75Z\" clip-rule=\"evenodd\"\/><path stroke=\"currentColor\" stroke-linecap=\"square\" stroke-width=\"2\" d=\"M14.0883 11.5L6.66406 11.5\"\/><path stroke=\"currentColor\" stroke-linecap=\"square\" stroke-width=\"2\" d=\"M11.0723 7.75205L14.8363 11.5L11.0723 15.248\"\/><\/svg>\t\t<\/span>\n\t<\/a><\/div>\n\t\t\t<\/div>\n\t\t\t<\/div>\n<\/header>\n<\/section>\n<section\n\t class=\"page-blocks iaff-page-blocks align wp-block-acf-page-blocks\" id=\"page-blocks_block_fe1964fa29de6084c5c651b0d22d1976\">\n\t<div class=\"acf-innerblocks-container\">\n\n<h3 class=\"wp-block-heading\">Planificaci\u00f3n integral del alta<\/h3>\n\n\n<div class=\"wp-block-paragraph \">\n<p>La preparaci\u00f3n de los pacientes para una reintegraci\u00f3n exitosa al trabajo, la familia y la vida dom\u00e9stica depende de una recuperaci\u00f3n continua y una responsabilidad a un nivel de atenci\u00f3n inferior.<\/p>\n<\/div>\n\n<div class=\"wp-block-paragraph \">\n<p>Los gestores de casos se esfuerzan por conectar a los pacientes con proveedores de atenci\u00f3n m\u00e9dica culturalmente competentes que comprenden las exigencias del servicio de bomberos. Con el permiso del paciente, las recomendaciones de tratamiento al alta se comparten con el m\u00e9dico ambulatorio del paciente y el m\u00e9dico del cuerpo de bomberos. <\/p>\n<\/div>\n\n<div class=\"wp-block-paragraph \">\n<p>Los planes de alta utilizan el modelo del Plan de Acci\u00f3n para la Recuperaci\u00f3n del Bienestar (WRAP) e incluyen, como m\u00ednimo, los siguientes componentes, incluyendo la primera cita de salud conductual dentro de los siete d\u00edas:<\/p>\n<\/div>\n\n<div class=\"wp-block-list\">\n<ul class=\"wp-block-list\">\n<li>Derivaci\u00f3n al nivel de atenci\u00f3n cl\u00ednicamente indicado (ambulatorio intensivo o ambulatorio)<\/li>\n\n\n\n<li>Cita con terapeuta individual<\/li>\n\n\n\n<li>Cita con psiquiatra\/prescriptor, si est\u00e1 indicado<\/li>\n\n\n\n<li>Cita de atenci\u00f3n primaria<\/li>\n\n\n\n<li>Lista de recursos locales para apoyo de autoayuda (grupos AA, NA, SMART recovery, etc.)<\/li>\n<\/ul>\n<\/div>\n<\/div><\/section>\n<section\n\t class=\"page-blocks iaff-page-blocks align wp-block-acf-page-blocks\" id=\"page-blocks_block_fe1964fa29de6084c5c651b0d22d1976\">\n\t<div class=\"acf-innerblocks-container\">\n\n<h3 class=\"wp-block-heading\">Compromiso con los cuidados posteriores<\/h3>\n\n\n<div class=\"wp-block-paragraph \">\n<p>El Centro de Excelencia est\u00e1 dedicado a comprender la eficacia del tratamiento, raz\u00f3n por la cual proporcionamos <a href=\"https:\/\/www.iaff.org\/wp-content\/uploads\/Toolkits\/COE\/COE-Discharge-Aftercare-Brief.pdf\" target=\"_blank\" rel=\"noreferrer noopener\">apoyo y seguimiento continuo de cuidados posteriores<\/a> durante 18 meses despu\u00e9s del alta. Los pacientes que optan por participar en el seguimiento de cuidados posteriores son encuestados en intervalos repetidos para medir la estabilizaci\u00f3n de los s\u00edntomas, el cumplimiento de los cuidados posteriores, la reincidencia en el tratamiento y el funcionamiento social y ocupacional. <\/p>\n<\/div>\n\n<div class=\"wp-block-paragraph \">\n<p>El proceso de cuidados posteriores de 18 meses proporciona apoyo continuo despu\u00e9s del alta del paciente, incluyendo encuestas de alta y controles de bienestar (v\u00eda telef\u00f3nica) en los siguientes intervalos:<\/p>\n<\/div>\n\n<div class=\"wp-block-list\">\n<ul class=\"wp-block-list\">\n<li>Mensualmente durante los primeros 3 meses despu\u00e9s del alta<\/li>\n\n\n\n<li>6 meses<\/li>\n\n\n\n<li>9 meses<\/li>\n\n\n\n<li>12 meses<\/li>\n\n\n\n<li>15 meses<\/li>\n\n\n\n<li>18 meses<\/li>\n<\/ul>\n<\/div>\n<\/div><\/section>\n","protected":false},"excerpt":{"rendered":"","protected":false},"featured_media":0,"parent":93686,"menu_order":0,"comment_status":"closed","ping_status":"closed","template":"","meta":{"_acf_changed":false,"_searchwp_excluded":"","inline_featured_image":false,"_EventAllDay":false,"_EventTimezone":"","_EventStartDate":"","_EventEndDate":"","_EventStartDateUTC":"","_EventEndDateUTC":"","_EventShowMap":false,"_EventShowMapLink":false,"_EventURL":"","_EventCost":"","_EventCostDescription":"","_EventCurrencySymbol":"","_EventCurrencyCode":"","_EventCurrencyPosition":"","_EventDateTimeSeparator":"","_EventTimeRangeSeparator":"","_EventOrganizerID":[],"_EventVenueID":[],"_OrganizerEmail":"","_OrganizerPhone":"","_OrganizerWebsite":"","_VenueAddress":"","_VenueCity":"","_VenueCountry":"","_VenueProvince":"","_VenueState":"","_VenueZip":"","_VenuePhone":"","_VenueURL":"","_VenueStateProvince":"","_VenueLat":"","_VenueLng":"","_VenueShowMap":false,"_VenueShowMapLink":false,"footnotes":""},"class_list":["post-95835","page","type-page","status-publish","hentry"],"acf":[],"publishpress_future_workflow_manual_trigger":{"enabledWorkflows":[]},"_links":{"self":[{"href":"https:\/\/www.iaff.org\/es\/wp-json\/wp\/v2\/pages\/95835","targetHints":{"allow":["GET"]}}],"collection":[{"href":"https:\/\/www.iaff.org\/es\/wp-json\/wp\/v2\/pages"}],"about":[{"href":"https:\/\/www.iaff.org\/es\/wp-json\/wp\/v2\/types\/page"}],"author":[{"embeddable":true,"href":"https:\/\/www.iaff.org\/es\/wp-json\/wp\/v2\/users\/10"}],"replies":[{"embeddable":true,"href":"https:\/\/www.iaff.org\/es\/wp-json\/wp\/v2\/comments?post=95835"}],"version-history":[{"count":0,"href":"https:\/\/www.iaff.org\/es\/wp-json\/wp\/v2\/pages\/95835\/revisions"}],"up":[{"embeddable":true,"href":"https:\/\/www.iaff.org\/es\/wp-json\/wp\/v2\/pages\/93686"}],"wp:attachment":[{"href":"https:\/\/www.iaff.org\/es\/wp-json\/wp\/v2\/media?parent=95835"}],"curies":[{"name":"wp","href":"https:\/\/api.w.org\/{rel}","templated":true}]}}