{"id":95819,"date":"2024-02-27T18:43:53","date_gmt":"2024-02-27T23:43:53","guid":{"rendered":"https:\/\/www.iaff.org\/centro-de-excelencia-iaff\/que-esperar\/"},"modified":"2026-01-21T16:22:55","modified_gmt":"2026-01-21T21:22:55","slug":"que-esperar","status":"publish","type":"page","link":"https:\/\/www.iaff.org\/es\/centro-de-excelencia-iaff\/que-esperar\/","title":{"rendered":"Qu\u00e9 esperar"},"content":{"rendered":"<section\n\t class=\"secondary-hero align wp-block-acf-secondary-hero\" id=\"secondary-hero_block_468b50ca05788a60ace86eb46597ed96\">\n\t\n<header\n\tclass=\"w-full u-bg-full-width px-[22px] md:ps-bleed md:pe-0 py-[60px] bg-smoke-5 text-black u-has-rivets u-rivets-dark\"\n\tdata-theme=\"gray\"\n>\n\t<div class=\"flex flex-col !px-0 !max-w-[1440px] w-full lg:!ps-indent\">\n\t\t<div class=\"border-t-[6px] w-full my-0 flex flex-col md:flex-row gap-x-[62px] gap-y-[22px] border-red\">\n\t\t\t\t\t\t<div class=\"w-full md:w-1\/2 md:py-[45px]\">\n\t\t\t\t<div class=\"max-w-[600px] flex flex-col gap-[22px]\">\n\t\t\t\t\t\t\t\t\t\t\t<h1 class=\"has-[.u-halftone-shadow--dark]:mb-divider has-[.u-halftone-shadow--light]:mb-divider pt-[22px] md:pt-0\">\n\t\t\t\t\t\t\t<span class=\"inline-flex text-heading-200 u-halftone-shadow--dark\">\n\t\t\t\t\t\t\t\tQu\u00e9 esperar\t\t\t\t\t\t\t<\/span>\n\t\t\t\t\t\t<\/h1>\n\t\t\t\t\t\t\t\t\t\t\t\t\t\t\t\t\t\t\t\t\t\t\t\t\t\t\t\t\t<\/div>\n\t\t\t<\/div>\n\n\t\t<\/div>\n\t\t\t\t\t<div class=\"order-first flex justify-start w-full pb-[22px]\">\n\t\t\t\t<div\n\tclass=\"wp-block-button is-style-tertiary text-smoke is-style-tertiary-back\"\n>\n\t\t\t<a\n\t\t\thref=\"https:\/\/www.iaff.org\/es\/centro-de-excelencia-iaff\/\"\n\t\t\tclass=\"wp-block-button__link wp-element-button group\"\n\t\t\t\t\t>\n\t\t\t<span\n\t\t\tclass=\"decoration-transparent underline underline-offset-2 group-hover:decoration-inherit group-focus-visible:decoration-inherit transition duration-hover\"\n\t\t>\n\t\t\tCentro de excelencia de la AIB \t\t<\/span>\n\n\t\t<span\n\t\t\tclass=\"bg-inherit transition-colors duration-hover group-hover:bg-gold group-focus:bg-gold inline-flex rotate-180 order-first\"\n\t\t>\n\t\t\t<svg xmlns=\"http:\/\/www.w3.org\/2000\/svg\" width=\"21\" height=\"22\" fill=\"none\" viewBox=\"0 0 21 22\"><path stroke=\"currentColor\" stroke-linecap=\"round\" stroke-width=\"2\" d=\"M20 20.75L20 2.25L1.5 2.25L1.5 20.75L20 20.75Z\" clip-rule=\"evenodd\"\/><path stroke=\"currentColor\" stroke-linecap=\"square\" stroke-width=\"2\" d=\"M14.0883 11.5L6.66406 11.5\"\/><path stroke=\"currentColor\" stroke-linecap=\"square\" stroke-width=\"2\" d=\"M11.0723 7.75205L14.8363 11.5L11.0723 15.248\"\/><\/svg>\t\t<\/span>\n\t<\/a><\/div>\n\t\t\t<\/div>\n\t\t\t<\/div>\n<\/header>\n<\/section>\n<section\n\t class=\"page-blocks iaff-page-blocks align wp-block-acf-page-blocks\" id=\"page-blocks_block_784d241de63bad48303fd2ab3593dd23\">\n\t<div class=\"acf-innerblocks-container\">\n<div class=\"wp-block-paragraph \">\n<p>La duraci\u00f3n media de la estancia oscila entre 35 y 45 d\u00edas. Cada plan de tratamiento es individualizado, por lo que la duraci\u00f3n de la estancia var\u00eda en funci\u00f3n de m\u00faltiples factores, como las necesidades de tratamiento, la progresi\u00f3n en el programa, la cobertura del seguro, el tiempo libre y las obligaciones personales\/familiares. <\/p>\n<\/div>\n\n<div class=\"wp-block-video-container u-bg-full-width u-halftone-bg-70\">\n<figure class=\"wp-block-embed is-type-video is-provider-youtube wp-block-embed-youtube wp-embed-aspect-16-9 wp-has-aspect-ratio\"><div class=\"wp-block-embed__wrapper\">\n<iframe title=\"IAFF Center of Excellence Virtual Tour\" width=\"500\" height=\"281\" src=\"https:\/\/www.youtube.com\/embed\/9wlk7BfOUeY?feature=oembed\" frameborder=\"0\" allow=\"accelerometer; autoplay; clipboard-write; encrypted-media; gyroscope; picture-in-picture; web-share\" referrerpolicy=\"strict-origin-when-cross-origin\" allowfullscreen><\/iframe>\n<\/div><figcaption class=\"wp-element-caption\">El proceso de tratamiento en el Centro de excelencia de la AIB<\/figcaption><\/figure>\n<\/div>\n\n\n<h2 class=\"wp-block-heading\">Pasos a seguir<\/h2>\n\n\n<div class=\"wp-block-paragraph \">\n<p><strong>CONTACTO<\/strong>: Un posible cliente, miembro familiar, miembro local o miembro del departamento puede comunicarse con el departamento de admisiones del Centro de Excelencia, que opera las 24 horas del d\u00eda, los 7 d\u00edas de la semana, con coordinadores de admisi\u00f3n dedicados y espec\u00edficamente capacitados para atender las necesidades de los miembros de IAFF y guiarlos a trav\u00e9s del proceso de admisi\u00f3n.<\/p>\n<\/div>\n\n<div class=\"wp-block-paragraph \">\n<p><strong>VERIFICACI\u00d3N DEL SEGURO: <\/strong>El equipo de admisi\u00f3n obtiene la informaci\u00f3n del seguro de un posible cliente para verificar los beneficios y determinar la cobertura del seguro para los servicios en el Centro de Excelencia. El equipo de admisi\u00f3n tambi\u00e9n puede proporcionar un resumen de beneficios para la p\u00f3liza de seguro de un departamento completo, lo cual puede ser \u00fatil si otros miembros est\u00e1n interesados en recibir tratamiento en una fecha posterior. El Centro de Excelencia tiene contrato dentro de la red con la mayor\u00eda de las principales aseguradoras. Acreditado por la Comisi\u00f3n Conjunta, el Centro tambi\u00e9n puede aceptar individuos cuyo seguro les permite utilizar beneficios fuera de la red o aquellos que buscan pagar de manera privada por el tratamiento.   <\/p>\n<\/div>\n\n<div class=\"wp-block-paragraph \">\n<p><strong>PRE-EVALUACI\u00d3N:<\/strong> El equipo de admisiones realiza una pre-evaluaci\u00f3n individual por tel\u00e9fono, que generalmente toma de 15 a 20 minutos. Esta informaci\u00f3n es utilizada por el equipo cl\u00ednico para detectar problemas existentes de abuso de sustancias y salud mental, otras condiciones m\u00e9dicas y cualquier historial familiar relevante. Aunque la evaluaci\u00f3n diagn\u00f3stica real no puede ocurrir hasta que el miembro llegue al Centro de Excelencia y sea evaluado por el personal cl\u00ednico, la informaci\u00f3n de pre-evaluaci\u00f3n se utiliza para determinar si el Centro de Excelencia ser\u00e1 apropiado para el tratamiento y para obtener la pre-autorizaci\u00f3n inicial del seguro.  <\/p>\n<\/div>\n\n<div class=\"wp-block-paragraph \">\n<p><strong>COSTOS: <\/strong>El personal de admisi\u00f3n revisar\u00e1 la cobertura del seguro y los costos proyectados del tratamiento con el miembro. Aunque el costo exacto del tratamiento no puede determinarse antes de la admisi\u00f3n, se informa a los miembros sobre los copagos diarios, deducibles y m\u00e1ximos de gastos de bolsillo seg\u00fan su plan. La experiencia de tratamiento de cada miembro es diferente, incluyendo la duraci\u00f3n de la estancia, el nivel de atenci\u00f3n y los posibles costos adicionales, como las necesidades de prescripci\u00f3n. Hay planes de pago incrementales disponibles.   <\/p>\n<\/div>\n\n<div class=\"wp-block-paragraph \">\n<p><strong>ADMISI\u00d3N: <\/strong>El Centro trabajar\u00e1 con los miembros para determinar el mejor m\u00e9todo de llegada a la instalaci\u00f3n, ya sea en avi\u00f3n, tren o autom\u00f3vil. Un miembro del personal del Centro se reunir\u00e1 con el miembro en el aeropuerto o estaci\u00f3n de tren y lo transportar\u00e1 al Centro. Despu\u00e9s de la llegada, los clientes se re\u00fanen con un miembro del equipo de enfermer\u00eda, un m\u00e9dico general, un psiquiatra y un consejero financiero.  <\/p>\n<\/div>\n\n<div class=\"wp-block-paragraph \">\n<p><strong>TRATAMIENTO:<\/strong> Durante los primeros d\u00edas, los clientes se re\u00fanen con su terapeuta primario asignado para una evaluaci\u00f3n diagn\u00f3stica que eval\u00faa sus necesidades de tratamiento y desarrolla un plan de tratamiento para apoyar su camino hacia la recuperaci\u00f3n. Despu\u00e9s de la evaluaci\u00f3n inicial, el cliente es ubicado en el nivel de atenci\u00f3n apropiado, dependiendo de las condiciones primarias y concurrentes diagnosticadas. Durante su estancia, los clientes participan tanto en terapia individual, terapia grupal y sesiones de grupo psicoeducativas. Los niveles de tratamiento van desde la desintoxicaci\u00f3n m\u00e9dica aguda hasta el tratamiento ambulatorio intensivo. Los clientes residen en una de las cuatro casas de estaci\u00f3n en el campus del Centro de Excelencia.    <\/p>\n<\/div>\n\n<div class=\"wp-block-paragraph \">\n<p><strong>ALTA:<\/strong> La planificaci\u00f3n del alta comienza al inicio de la estancia de tratamiento para asegurar el \u00e9xito a lo largo del viaje de recuperaci\u00f3n del cliente en el Centro y m\u00e1s all\u00e1. Al ser dado de alta del Centro, un cliente tendr\u00e1 una cita para continuar el tratamiento local de salud conductual dentro de los siete d\u00edas, adem\u00e1s de una cita de seguimiento con un m\u00e9dico de atenci\u00f3n primaria. El proceso de recuperaci\u00f3n no termina al salir del Centro de Excelencia. El Centro est\u00e1 enfocado en crear un \u00e9xito sostenible a largo plazo.   <\/p>\n<\/div>\n<\/div><\/section>\n","protected":false},"excerpt":{"rendered":"","protected":false},"featured_media":0,"parent":93686,"menu_order":0,"comment_status":"closed","ping_status":"closed","template":"","meta":{"_acf_changed":false,"_searchwp_excluded":"","inline_featured_image":false,"_EventAllDay":false,"_EventTimezone":"","_EventStartDate":"","_EventEndDate":"","_EventStartDateUTC":"","_EventEndDateUTC":"","_EventShowMap":false,"_EventShowMapLink":false,"_EventURL":"","_EventCost":"","_EventCostDescription":"","_EventCurrencySymbol":"","_EventCurrencyCode":"","_EventCurrencyPosition":"","_EventDateTimeSeparator":"","_EventTimeRangeSeparator":"","_EventOrganizerID":[],"_EventVenueID":[],"_OrganizerEmail":"","_OrganizerPhone":"","_OrganizerWebsite":"","_VenueAddress":"","_VenueCity":"","_VenueCountry":"","_VenueProvince":"","_VenueState":"","_VenueZip":"","_VenuePhone":"","_VenueURL":"","_VenueStateProvince":"","_VenueLat":"","_VenueLng":"","_VenueShowMap":false,"_VenueShowMapLink":false,"footnotes":""},"class_list":["post-95819","page","type-page","status-publish","hentry"],"acf":[],"publishpress_future_workflow_manual_trigger":{"enabledWorkflows":[]},"_links":{"self":[{"href":"https:\/\/www.iaff.org\/es\/wp-json\/wp\/v2\/pages\/95819","targetHints":{"allow":["GET"]}}],"collection":[{"href":"https:\/\/www.iaff.org\/es\/wp-json\/wp\/v2\/pages"}],"about":[{"href":"https:\/\/www.iaff.org\/es\/wp-json\/wp\/v2\/types\/page"}],"author":[{"embeddable":true,"href":"https:\/\/www.iaff.org\/es\/wp-json\/wp\/v2\/users\/10"}],"replies":[{"embeddable":true,"href":"https:\/\/www.iaff.org\/es\/wp-json\/wp\/v2\/comments?post=95819"}],"version-history":[{"count":0,"href":"https:\/\/www.iaff.org\/es\/wp-json\/wp\/v2\/pages\/95819\/revisions"}],"up":[{"embeddable":true,"href":"https:\/\/www.iaff.org\/es\/wp-json\/wp\/v2\/pages\/93686"}],"wp:attachment":[{"href":"https:\/\/www.iaff.org\/es\/wp-json\/wp\/v2\/media?parent=95819"}],"curies":[{"name":"wp","href":"https:\/\/api.w.org\/{rel}","templated":true}]}}