{"id":95795,"date":"2019-04-07T15:04:14","date_gmt":"2019-04-07T19:04:14","guid":{"rendered":"https:\/\/www.iaff.org\/iniciativa-de-salud-presuntiva\/ley-de-discapacidad-presuntiva-en-terranova-y-labrador\/"},"modified":"2025-06-18T14:57:51","modified_gmt":"2025-06-18T18:57:51","slug":"ley-de-discapacidad-presuntiva-en-terranova-y-labrador","status":"publish","type":"page","link":"https:\/\/www.iaff.org\/es\/iniciativa-de-salud-presuntiva\/ley-de-discapacidad-presuntiva-en-terranova-y-labrador\/","title":{"rendered":"Ley de discapacidad presuntiva en Terranova y Labrador"},"content":{"rendered":"<section\n\t class=\"secondary-hero align wp-block-acf-secondary-hero\" id=\"secondary-hero_block_882af05aa839240672eef200814582b5\">\n\t\n<header\n\tclass=\"w-full u-bg-full-width px-[22px] md:ps-bleed md:pe-0 py-[60px] bg-blue text-white u-has-rivets\"\n\tdata-theme=\"navy\"\n>\n\t<div class=\"flex flex-col !px-0 !max-w-[1440px] w-full lg:!ps-indent\">\n\t\t<div class=\"border-t-[6px] w-full my-0 flex flex-col md:flex-row gap-x-[62px] gap-y-[22px] border-gold\">\n\t\t\t\t\t\t<div class=\"w-full md:w-1\/2 md:py-[45px]\">\n\t\t\t\t<div class=\"max-w-[600px] flex flex-col gap-[22px]\">\n\t\t\t\t\t\t\t\t\t\t\t<h1 class=\"has-[.u-halftone-shadow--dark]:mb-divider has-[.u-halftone-shadow--light]:mb-divider pt-[22px] md:pt-0\">\n\t\t\t\t\t\t\t<span class=\"inline-flex text-heading-200 u-halftone-shadow--light\">\n\t\t\t\t\t\t\t\tLey de discapacidad presuntiva en Terranova y Labrador\t\t\t\t\t\t\t<\/span>\n\t\t\t\t\t\t<\/h1>\n\t\t\t\t\t\t\t\t\t\t\t\t\t\t\t\t\t\t\t\t\t\t\t\t\t\t\t\t\t<\/div>\n\t\t\t<\/div>\n\n\t\t<\/div>\n\t\t\t\t\t<div class=\"order-first flex justify-start w-full pb-[22px]\">\n\t\t\t\t<div\n\tclass=\"wp-block-button is-style-tertiary text-white is-style-tertiary-back\"\n>\n\t\t\t<a\n\t\t\thref=\"https:\/\/www.iaff.org\/es\/iniciativa-de-salud-presuntiva\/\"\n\t\t\tclass=\"wp-block-button__link wp-element-button group\"\n\t\t\t\t\t>\n\t\t\t<span\n\t\t\tclass=\"decoration-transparent underline underline-offset-2 group-hover:decoration-inherit group-focus-visible:decoration-inherit transition duration-hover\"\n\t\t>\n\t\t\tIniciativa de Salud Presuntiva\t\t<\/span>\n\n\t\t<span\n\t\t\tclass=\"bg-inherit transition-colors duration-hover group-hover:bg-gold group-focus:bg-gold inline-flex rotate-180 order-first\"\n\t\t>\n\t\t\t<svg xmlns=\"http:\/\/www.w3.org\/2000\/svg\" width=\"21\" height=\"22\" fill=\"none\" viewBox=\"0 0 21 22\"><path stroke=\"currentColor\" stroke-linecap=\"round\" stroke-width=\"2\" d=\"M20 20.75L20 2.25L1.5 2.25L1.5 20.75L20 20.75Z\" clip-rule=\"evenodd\"\/><path stroke=\"currentColor\" stroke-linecap=\"square\" stroke-width=\"2\" d=\"M14.0883 11.5L6.66406 11.5\"\/><path stroke=\"currentColor\" stroke-linecap=\"square\" stroke-width=\"2\" d=\"M11.0723 7.75205L14.8363 11.5L11.0723 15.248\"\/><\/svg>\t\t<\/span>\n\t<\/a><\/div>\n\t\t\t<\/div>\n\t\t\t<\/div>\n<\/header>\n<\/section>\n<p><strong>PARTE DEL C\u00d3DIGO:<\/strong><br \/>Asamblea Legislativa de Terranova y Labrador \u2013 https:\/\/www.assembly.nl.ca\/<br \/>CAP\u00cdTULO W-11, LEY DE SALUD, SEGURIDAD Y COMPENSACI\u00d3N EN EL LUGAR DE TRABAJO<br \/>PARTE VII.1 PRESUNCI\u00d3N RESPECTO A BOMBEROS Y BOMBEROS VOLUNTARIOS <\/p>\n<p><a href=\"https:\/\/www.assembly.nl.ca\" target=\"blank\" rel=\"noopener noreferrer\">Sitio web legislativo de Terranova<\/a><br \/><b><\/b><\/p>\n<p><b>DESCRIPCI\u00d3N:<\/b><br \/><strong>definiciones<\/strong><br \/><strong>92.1 en esta parte<\/strong><\/p>\n<ol>\n<li>\u201ccuerpo de bomberos\u201d significa un cuerpo de bomberos organizado bajo la Ley de Municipalidades de 1999, la Ley de la Ciudad de St. John&#8217;s, la Ley de la Ciudad de Corner Brook y la Ley de Juntas de Servicios Regionales de 2012 y tambi\u00e9n incluye un cuerpo de bomberos establecido por un Gobierno Comunitario Inuit bajo la Ley del Acuerdo de Reclamaciones de Tierras de los Inuit de Labrador;<\/li>\n<li>\u201cempleado de servicios de emergencia y bomberos\u201d significa una persona empleada en el departamento responsable de los servicios de emergencia y bomberos y cuyas funciones incluyen\n<ol type=\"i\">\n<li>investigar la causa, el origen o las circunstancias de los incendios,<\/li>\n<li>combatir incendios, o<\/li>\n<li>impartir capacitaci\u00f3n en investigaci\u00f3n de incendios o lucha contra incendios;<\/li>\n<\/ol>\n<\/li>\n<li>\u201cbombero\u201d significa\n<ol type=\"i\">\n<li>un miembro de un cuerpo de bomberos,<\/li>\n<li>un miembro de un cuerpo de bomberos industrial, o<\/li>\n<li>un empleado de servicios de emergencia y bomberos;<\/li>\n<\/ol>\n<\/li>\n<li>\u201ccuerpo de bomberos industrial\u201d significa una organizaci\u00f3n establecida por un empleador para proteger las instalaciones del empleador donde la naturaleza del negocio del empleador crea peligros espec\u00edficos para los cuales se requiere capacitaci\u00f3n o equipo especializado de lucha contra incendios;<\/li>\n<li>\u201cenfermedad listada\u201d significa<br \/>\n<table style=\"font-weight: 400; width: 42.2953%;\" data-tablestyle=\"MsoNormalTable\" data-tablelook=\"1184\" aria-rowcount=\"20\">\n<tbody>\n<tr aria-rowindex=\"1\">\n<td style=\"width: 8.02603%;\" data-celllook=\"65537\"><b><span data-contrast=\"auto\">\u00cdtem<\/span><\/b><span data-ccp-props=\"{\"201341983\":0,\"335559739\":0,\"335559740\":240}\"> <\/span><\/td>\n<td style=\"width: 62.7586%;\" data-celllook=\"65537\"><b><span data-contrast=\"auto\">enfermedad ocupacional<\/span><\/b><span data-ccp-props=\"{\"201341983\":0,\"335559739\":0,\"335559740\":240}\"> <\/span><\/td>\n<td style=\"width: 52.4687%;\" data-celllook=\"65537\"><b><span data-contrast=\"auto\">per\u00edodo acumulativo m\u00ednimo<\/span><\/b><span data-ccp-props=\"{\"201341983\":0,\"335559739\":0,\"335559740\":240}\"> <\/span><\/td>\n<\/tr>\n<tr aria-rowindex=\"2\">\n<td style=\"width: 8.02603%;\" data-celllook=\"65537\"><span data-contrast=\"auto\">1<\/span><span data-ccp-props=\"{\"201341983\":0,\"335559739\":0,\"335559740\":240}\"> <\/span><\/td>\n<td style=\"width: 62.7586%;\" data-celllook=\"65537\"><span data-contrast=\"auto\">c\u00e1ncer cerebral de sitio primario<\/span><span data-ccp-props=\"{\"201341983\":0,\"335559739\":0,\"335559740\":240}\"> <\/span><\/td>\n<td style=\"width: 52.4687%;\" data-celllook=\"65537\"><span data-contrast=\"auto\">10 a\u00f1os<\/span><span data-ccp-props=\"{\"201341983\":0,\"335559739\":0,\"335559740\":240}\"> <\/span><\/td>\n<\/tr>\n<tr aria-rowindex=\"3\">\n<td style=\"width: 8.02603%;\" data-celllook=\"65537\"><span data-contrast=\"auto\">2<\/span><span data-ccp-props=\"{\"201341983\":0,\"335559739\":0,\"335559740\":240}\"> <\/span><\/td>\n<td style=\"width: 62.7586%;\" data-celllook=\"65537\"><span data-contrast=\"auto\">c\u00e1ncer de vejiga de sitio primario<\/span><span data-ccp-props=\"{\"201341983\":0,\"335559739\":0,\"335559740\":240}\"> <\/span><\/td>\n<td style=\"width: 52.4687%;\" data-celllook=\"65537\"><span data-contrast=\"auto\">15 a\u00f1os<\/span><span data-ccp-props=\"{\"201341983\":0,\"335559739\":0,\"335559740\":240}\"> <\/span><\/td>\n<\/tr>\n<tr aria-rowindex=\"4\">\n<td style=\"width: 8.02603%;\" data-celllook=\"65537\"><span data-contrast=\"auto\">3<\/span><span data-ccp-props=\"{\"201341983\":0,\"335559739\":0,\"335559740\":240}\"> <\/span><\/td>\n<td style=\"width: 62.7586%;\" data-celllook=\"65537\"><span data-contrast=\"auto\">c\u00e1ncer colorrectal de sitio primario<\/span><span data-ccp-props=\"{\"201341983\":0,\"335559739\":0,\"335559740\":240}\"> <\/span><\/td>\n<td style=\"width: 52.4687%;\" data-celllook=\"65537\"><span data-contrast=\"auto\">20 a\u00f1os<\/span><span data-ccp-props=\"{\"201341983\":0,\"335559739\":0,\"335559740\":240}\"> <\/span><\/td>\n<\/tr>\n<tr aria-rowindex=\"5\">\n<td style=\"width: 8.02603%;\" data-celllook=\"65537\"><span data-contrast=\"auto\">4<\/span><span data-ccp-props=\"{\"201341983\":0,\"335559739\":0,\"335559740\":240}\"> <\/span><\/td>\n<td style=\"width: 62.7586%;\" data-celllook=\"65537\"><span data-contrast=\"auto\">c\u00e1ncer de es\u00f3fago de sitio primario<\/span><span data-ccp-props=\"{\"201341983\":0,\"335559739\":0,\"335559740\":240}\"> <\/span><\/td>\n<td style=\"width: 52.4687%;\" data-celllook=\"65537\"><span data-contrast=\"auto\">25 a\u00f1os<\/span><span data-ccp-props=\"{\"201341983\":0,\"335559739\":0,\"335559740\":240}\"> <\/span><\/td>\n<\/tr>\n<tr aria-rowindex=\"6\">\n<td style=\"width: 8.02603%;\" data-celllook=\"65537\"><span data-contrast=\"auto\">5<\/span><span data-ccp-props=\"{\"201341983\":0,\"335559739\":0,\"335559740\":240}\"> <\/span><\/td>\n<td style=\"width: 62.7586%;\" data-celllook=\"65537\"><span data-contrast=\"auto\">leucemia primaria<\/span><span data-ccp-props=\"{\"201341983\":0,\"335559739\":0,\"335559740\":240}\"> <\/span><\/td>\n<td style=\"width: 52.4687%;\" data-celllook=\"65537\"><span data-contrast=\"auto\">5 a\u00f1os<\/span><span data-ccp-props=\"{\"201341983\":0,\"335559739\":0,\"335559740\":240}\"> <\/span><\/td>\n<\/tr>\n<tr aria-rowindex=\"7\">\n<td style=\"width: 8.02603%;\" data-celllook=\"65537\"><span data-contrast=\"auto\">6<\/span><span data-ccp-props=\"{\"201341983\":0,\"335559739\":0,\"335559740\":240}\"> <\/span><\/td>\n<td style=\"width: 62.7586%;\" data-celllook=\"65537\"><span data-contrast=\"auto\">c\u00e1ncer de pulm\u00f3n de sitio primario<\/span><span data-ccp-props=\"{\"201341983\":0,\"335559739\":0,\"335559740\":240}\"> <\/span><\/td>\n<td style=\"width: 52.4687%;\" data-celllook=\"65537\"><span data-contrast=\"auto\">15 a\u00f1os<\/span><span data-ccp-props=\"{\"201341983\":0,\"335559739\":0,\"335559740\":240}\"> <\/span><\/td>\n<\/tr>\n<tr aria-rowindex=\"8\">\n<td style=\"width: 8.02603%;\" data-celllook=\"65537\"><span data-contrast=\"auto\">7<\/span><span data-ccp-props=\"{\"201341983\":0,\"335559739\":0,\"335559740\":240}\"> <\/span><\/td>\n<td style=\"width: 62.7586%;\" data-celllook=\"65537\"><span data-contrast=\"auto\">c\u00e1ncer de ri\u00f1\u00f3n de sitio primario<\/span><span data-ccp-props=\"{\"201341983\":0,\"335559739\":0,\"335559740\":240}\"> <\/span><\/td>\n<td style=\"width: 52.4687%;\" data-celllook=\"65537\"><span data-contrast=\"auto\">20 a\u00f1os<\/span><span data-ccp-props=\"{\"201341983\":0,\"335559739\":0,\"335559740\":240}\"> <\/span><\/td>\n<\/tr>\n<tr aria-rowindex=\"9\">\n<td style=\"width: 8.02603%;\" data-celllook=\"65537\"><span data-contrast=\"auto\">8<\/span><span data-ccp-props=\"{\"201341983\":0,\"335559739\":0,\"335559740\":240}\"> <\/span><\/td>\n<td style=\"width: 62.7586%;\" data-celllook=\"65537\"><span data-contrast=\"auto\">linfoma no Hodgkin primario<\/span><span data-ccp-props=\"{\"201341983\":0,\"335559739\":0,\"335559740\":240}\"> <\/span><\/td>\n<td style=\"width: 52.4687%;\" data-celllook=\"65537\"><span data-contrast=\"auto\">20 a\u00f1os<\/span><span data-ccp-props=\"{\"201341983\":0,\"335559739\":0,\"335559740\":240}\"> <\/span><\/td>\n<\/tr>\n<tr aria-rowindex=\"10\">\n<td style=\"width: 8.02603%;\" data-celllook=\"65537\"><span data-contrast=\"auto\">9<\/span><span data-ccp-props=\"{\"201341983\":0,\"335559739\":0,\"335559740\":240}\"> <\/span><\/td>\n<td style=\"width: 62.7586%;\" data-celllook=\"65537\"><span data-contrast=\"auto\">c\u00e1ncer testicular de sitio primario<\/span><span data-ccp-props=\"{\"201341983\":0,\"335559739\":0,\"335559740\":240}\"> <\/span><\/td>\n<td style=\"width: 52.4687%;\" data-celllook=\"65537\"><span data-contrast=\"auto\">20 a\u00f1os<\/span><span data-ccp-props=\"{\"201341983\":0,\"335559739\":0,\"335559740\":240}\"> <\/span><\/td>\n<\/tr>\n<tr aria-rowindex=\"11\">\n<td style=\"width: 8.02603%;\" data-celllook=\"65537\"><span data-contrast=\"auto\">10<\/span><span data-ccp-props=\"{\"201341983\":0,\"335559739\":0,\"335559740\":240}\"> <\/span><\/td>\n<td style=\"width: 62.7586%;\" data-celllook=\"65537\"><span data-contrast=\"auto\">c\u00e1ncer de ur\u00e9ter de sitio primario<\/span><span data-ccp-props=\"{\"201341983\":0,\"335559739\":0,\"335559740\":240}\"> <\/span><\/td>\n<td style=\"width: 52.4687%;\" data-celllook=\"65537\"><span data-contrast=\"auto\">15 a\u00f1os<\/span><span data-ccp-props=\"{\"201341983\":0,\"335559739\":0,\"335559740\":240}\"> <\/span><\/td>\n<\/tr>\n<tr aria-rowindex=\"12\">\n<td style=\"width: 8.02603%;\" data-celllook=\"65537\"><span data-contrast=\"auto\">11<\/span><span data-ccp-props=\"{\"201341983\":0,\"335559739\":0,\"335559740\":240}\"> <\/span><\/td>\n<td style=\"width: 62.7586%;\" data-celllook=\"65537\"><span data-contrast=\"auto\">c\u00e1ncer de mama en sitio primario<\/span><span data-ccp-props=\"{\"201341983\":0,\"335559739\":0,\"335559740\":240}\"> <\/span><\/td>\n<td style=\"width: 52.4687%;\" data-celllook=\"65537\"><span data-contrast=\"auto\">10 a\u00f1os<\/span><span data-ccp-props=\"{\"201341983\":0,\"335559739\":0,\"335559740\":240}\"> <\/span><\/td>\n<\/tr>\n<tr aria-rowindex=\"13\">\n<td style=\"width: 8.02603%;\" data-celllook=\"65537\"><span data-contrast=\"auto\">12<\/span><span data-ccp-props=\"{\"201341983\":0,\"335559739\":0,\"335559740\":240}\"> <\/span><\/td>\n<td style=\"width: 62.7586%;\" data-celllook=\"65537\"><span data-contrast=\"auto\">c\u00e1ncer de pene en sitio primario<\/span><span data-ccp-props=\"{\"201341983\":0,\"335559739\":0,\"335559740\":240}\"> <\/span><\/td>\n<td style=\"width: 52.4687%;\" data-celllook=\"65537\"><span data-contrast=\"auto\">15 a\u00f1os<\/span><span data-ccp-props=\"{\"201341983\":0,\"335559739\":0,\"335559740\":240}\"> <\/span><\/td>\n<\/tr>\n<tr aria-rowindex=\"14\">\n<td style=\"width: 8.02603%;\" data-celllook=\"65537\"><span data-contrast=\"auto\">13<\/span><span data-ccp-props=\"{\"201341983\":0,\"335559739\":0,\"335559740\":240}\"> <\/span><\/td>\n<td style=\"width: 62.7586%;\" data-celllook=\"65537\"><span data-contrast=\"auto\">c\u00e1ncer pancre\u00e1tico en sitio primario<\/span><span data-ccp-props=\"{\"201341983\":0,\"335559739\":0,\"335559740\":240}\"> <\/span><\/td>\n<td style=\"width: 52.4687%;\" data-celllook=\"65537\"><span data-contrast=\"auto\">10 a\u00f1os<\/span><span data-ccp-props=\"{\"201341983\":0,\"335559739\":0,\"335559740\":240}\"> <\/span><\/td>\n<\/tr>\n<tr aria-rowindex=\"15\">\n<td style=\"width: 8.02603%;\" data-celllook=\"65537\"><span data-contrast=\"auto\">14<\/span><span data-ccp-props=\"{\"201341983\":0,\"335559739\":0,\"335559740\":240}\"> <\/span><\/td>\n<td style=\"width: 62.7586%;\" data-celllook=\"65537\"><span data-contrast=\"auto\">c\u00e1ncer de tiroides en sitio primario<\/span><span data-ccp-props=\"{\"201341983\":0,\"335559739\":0,\"335559740\":240}\"> <\/span><\/td>\n<td style=\"width: 52.4687%;\" data-celllook=\"65537\"><span data-contrast=\"auto\">10 a\u00f1os<\/span><span data-ccp-props=\"{\"201341983\":0,\"335559739\":0,\"335559740\":240}\"> <\/span><\/td>\n<\/tr>\n<tr aria-rowindex=\"16\">\n<td style=\"width: 8.02603%;\" data-celllook=\"65537\"><span data-contrast=\"auto\">15<\/span><span data-ccp-props=\"{\"201341983\":0,\"335559739\":0,\"335559740\":240}\"> <\/span><\/td>\n<td style=\"width: 62.7586%;\" data-celllook=\"65537\"><span data-contrast=\"auto\">mieloma m\u00faltiple<\/span><span data-ccp-props=\"{\"201341983\":0,\"335559739\":0,\"335559740\":240}\"> <\/span><\/td>\n<td style=\"width: 52.4687%;\" data-celllook=\"65537\"><span data-contrast=\"auto\">15 a\u00f1os<\/span><span data-ccp-props=\"{\"201341983\":0,\"335559739\":0,\"335559740\":240}\"> <\/span><\/td>\n<\/tr>\n<tr aria-rowindex=\"17\">\n<td style=\"width: 8.02603%;\" data-celllook=\"65537\"><span data-contrast=\"auto\">16<\/span><span data-ccp-props=\"{\"201341983\":0,\"335559739\":0,\"335559740\":240}\"> <\/span><\/td>\n<td style=\"width: 62.7586%;\" data-celllook=\"65537\"><span data-contrast=\"auto\">c\u00e1ncer de pr\u00f3stata en sitio primario<\/span><span data-ccp-props=\"{\"201341983\":0,\"335559739\":0,\"335559740\":240}\"> <\/span><\/td>\n<td style=\"width: 52.4687%;\" data-celllook=\"65793\"><span data-contrast=\"auto\">15 a\u00f1os<\/span><span data-ccp-props=\"{\"201341983\":0,\"335559739\":0,\"335559740\":240}\"> <\/span><\/td>\n<\/tr>\n<tr aria-rowindex=\"18\">\n<td style=\"width: 8.02603%;\" data-celllook=\"65793\"><span data-contrast=\"auto\">17<\/span><span data-ccp-props=\"{\"201341983\":0,\"335559739\":0,\"335559740\":240}\"> <\/span><\/td>\n<td style=\"width: 62.7586%;\" data-celllook=\"65793\"><span data-contrast=\"auto\">c\u00e1ncer cervical de sitio primario<\/span><span data-ccp-props=\"{\"201341983\":0,\"335559739\":0,\"335559740\":240}\"> <\/span><\/td>\n<td style=\"width: 52.4687%;\" data-celllook=\"65793\"><span data-contrast=\"auto\">10 a\u00f1os<\/span><span data-ccp-props=\"{\"201341983\":0,\"335559739\":0,\"335559740\":240}\"> <\/span><\/td>\n<\/tr>\n<tr aria-rowindex=\"19\">\n<td style=\"width: 8.02603%;\" data-celllook=\"65793\"><span data-contrast=\"auto\">18<\/span><span data-ccp-props=\"{\"201341983\":0,\"335559739\":0,\"335559740\":240}\"> <\/span><\/td>\n<td style=\"width: 62.7586%;\" data-celllook=\"65793\"><span data-contrast=\"auto\">c\u00e1ncer ov\u00e1rico de sitio primario<\/span><span data-ccp-props=\"{\"201341983\":0,\"335559739\":0,\"335559740\":240}\"> <\/span><\/td>\n<td style=\"width: 52.4687%;\" data-celllook=\"65793\"><span data-contrast=\"auto\">15 a\u00f1os<\/span><span data-ccp-props=\"{\"201341983\":0,\"335559739\":0,\"335559740\":240}\"> <\/span><\/td>\n<\/tr>\n<tr aria-rowindex=\"20\">\n<td style=\"width: 8.02603%;\" data-celllook=\"65793\"><span data-contrast=\"auto\">19<\/span><span data-ccp-props=\"{\"201341983\":0,\"335559739\":0,\"335559740\":240}\"> <\/span><\/td>\n<td style=\"width: 62.7586%;\" data-celllook=\"65793\"><span data-contrast=\"auto\">c\u00e1ncer de piel de sitio primario<\/span><span data-ccp-props=\"{\"201341983\":0,\"335559739\":0,\"335559740\":240}\"> <\/span><\/td>\n<td style=\"width: 52.4687%;\" data-celllook=\"65793\"><span data-contrast=\"auto\">15 a\u00f1os<\/span><span data-ccp-props=\"{\"201341983\":0,\"335559739\":0,\"335559740\":240}\"> <\/span><\/td>\n<\/tr>\n<tr>\n<td style=\"width: 8.02603%;\"><span data-contrast=\"auto\">20<\/span><\/td>\n<td style=\"width: 62.7586%;\"><span data-contrast=\"auto\">una lesi\u00f3n al coraz\u00f3n que se manifiesta dentro de las 24 horas posteriores a la asistencia a una respuesta de emergencia<\/span><\/td>\n<td style=\"width: 52.4687%;\"><span data-contrast=\"auto\">ninguno<\/span><\/td>\n<\/tr>\n<\/tbody>\n<\/table>\n<\/li>\n<li>\u201cbombero voluntario\u201d significa un miembro voluntario de un departamento o brigada de bomberos admitido por la comisi\u00f3n bajo la secci\u00f3n 15 de las Regulaciones de Salud, Seguridad y Compensaci\u00f3n en el Lugar de Trabajo y considerado como trabajador.<\/li>\n<\/ol>\n<p><strong>Presunci\u00f3n<\/strong><\/p>\n<p><strong>92.2<\/strong><\/p>\n<ol type=\"1\">\n<li>Cuando un trabajador que es o ha sido bombero o bombero voluntario es diagnosticado con una enfermedad listada y, como resultado, queda incapacitado o su fallecimiento es causado por una enfermedad listada,\n<ol type=\"a\">\n<li>se presume que la enfermedad listada se debe a la naturaleza de su empleo como bombero o bombero voluntario, a menos que exista evidencia en contrario; y<\/li>\n<li>el trabajador o sus dependientes tienen derecho a compensaci\u00f3n como si la enfermedad fuera una lesi\u00f3n y la fecha de incapacidad fuera la fecha de la lesi\u00f3n.<\/li>\n<\/ol>\n<\/li>\n<li>La presunci\u00f3n en la subsecci\u00f3n (1) se aplica a un trabajador\n<ol type=\"a\">\n<li>que ha sido bombero o bombero voluntario durante al menos el per\u00edodo acumulado de servicio prescrito en las regulaciones; y<\/li>\n<li>que ha estado regularmente expuesto a los peligros de un escenario de incendio, que no sea un escenario de incendio forestal, durante ese per\u00edodo.<\/li>\n<\/ol>\n<\/li>\n<li>Adem\u00e1s de los requisitos en la subsecci\u00f3n (2), la presunci\u00f3n para el c\u00e1ncer de pulm\u00f3n de sitio primario se aplica solo a un bombero o bombero voluntario que no ha fumado productos de tabaco en los 10 a\u00f1os inmediatamente anteriores a la fecha del diagn\u00f3stico.<\/li>\n<li>No obstante la subsecci\u00f3n (1), la presunci\u00f3n para el c\u00e1ncer colorrectal de sitio primario no se aplica a un bombero o bombero voluntario que es diagnosticado con c\u00e1ncer colorrectal de sitio primario despu\u00e9s de los 61 a\u00f1os de edad.<\/li>\n<\/ol>\n<p><strong>Asistencia m\u00e9dica<\/strong><\/p>\n<p><strong>92.3<\/strong><\/p>\n<ol type=\"1\">\n<li>No existe derecho a asistencia m\u00e9dica bajo esta Parte con respecto a un bombero o bombero voluntario diagnosticado con una enfermedad listada cuando la asistencia m\u00e9dica es un servicio asegurado bajo la Ley de Seguro M\u00e9dico y Hospitalario, las Regulaciones de Seguro Hospitalario y las Regulaciones de Servicios Asegurados de Seguro M\u00e9dico.<\/li>\n<li>Nada en la subsecci\u00f3n (1) afecta la autoridad de la comisi\u00f3n bajo esta Ley para solicitar informaci\u00f3n, registros e informes y proporcionar pago por ellos seg\u00fan lo autorizado por esta Ley.<\/li>\n<\/ol>\n<p><strong>Solicitud<\/strong><\/p>\n<p><strong>92.4<\/strong> La presunci\u00f3n en la secci\u00f3n 92.2 se aplica a<\/p>\n<ol type=\"a\">\n<li>un bombero que es diagnosticado con una enfermedad listada en o despu\u00e9s del 14 de diciembre de 2015; y<\/li>\n<li>un bombero voluntario que es diagnosticado con una enfermedad listada despu\u00e9s de la entrada en vigor de esta Parte.<\/li>\n<\/ol>\n<p><strong>Reglamentos<\/strong><\/p>\n<p><strong>92.5 El Teniente Gobernador en Consejo puede hacer regulaciones<\/strong><\/p>\n<ol type=\"a\">\n<li>prescribiendo el per\u00edodo acumulado de servicio para los prop\u00f3sitos del p\u00e1rrafo 92.2(2)(a);<\/li>\n<li>prescribiendo los documentos, libros y registros que pueden ser requeridos por la comisi\u00f3n con respecto a bomberos y bomberos voluntarios; y<\/li>\n<li>en general, para dar efecto a esta Parte.<\/li>\n<\/ol>\n<p><strong>92.6 (1) En esta parte,<\/strong><\/p>\n<ol type=\"a\">\n<li>\u201ctrastorno de estr\u00e9s postraum\u00e1tico\u201d significa trastorno de estr\u00e9s postraum\u00e1tico como se describe en la edici\u00f3n m\u00e1s reciente del Manual Diagn\u00f3stico y Estad\u00edstico de Trastornos Mentales publicado por la Asociaci\u00f3n Americana de Psiquiatr\u00eda;<\/li>\n<li>\u201cpsiquiatra\u201d significa un m\u00e9dico que<br \/>(i) ha completado una residencia en psiquiatr\u00eda,<br \/>(ii) ha sido certificado por el Colegio Real de M\u00e9dicos y Cirujanos de Canad\u00e1,<br \/>(iii) est\u00e1 registrado en la junta de licencias en la jurisdicci\u00f3n en la que ejerce, y<br \/>(iv) cuyo registro no est\u00e1 suspendido, cancelado o retirado; y<\/li>\n<li>\u201cpsic\u00f3logo registrado\u201d significa una persona que<br \/>(i) posee un t\u00edtulo de maestr\u00eda o doctorado en psicolog\u00eda,<br \/>(ii) est\u00e1 registrado en la junta de licencias en la jurisdicci\u00f3n en la que ejerce, y<br \/>(iii) cuyo registro no est\u00e1 suspendido, cancelado o retirado.<br \/>(2) Cuando un trabajador<br \/>(a) est\u00e1 expuesto a un evento o eventos traum\u00e1ticos en el curso de su empleo; y<br \/>(b) es diagnosticado con trastorno de estr\u00e9s postraum\u00e1tico por un psiquiatra o un psic\u00f3logo registrado, se presumir\u00e1, a menos que se demuestre lo contrario, que el trastorno de estr\u00e9s postraum\u00e1tico es una lesi\u00f3n que surgi\u00f3 y se produjo en el curso del empleo del trabajador.(3) No obstante lo dispuesto en el apartado (2), el trastorno de estr\u00e9s postraum\u00e1tico que pueda ser el resultado de una decisi\u00f3n o acci\u00f3n del empleador relacionada con el empleo de un trabajador, incluida la decisi\u00f3n de cambiar el trabajo a realizar o las condiciones laborales, disciplinar al trabajador o terminar su empleo, no constituye una lesi\u00f3n.<\/li>\n<\/ol>\n<p><strong>Solicitud<\/strong><\/p>\n<p>92.7 La presunci\u00f3n establecida en el art\u00edculo 92.6 se aplica a las lesiones que ocurran a partir del 1 de julio de 2019.<\/p>\n<p style=\"text-align: right;\"><em>Actualizado el 3 de agosto de 2023<\/em><\/p>\n","protected":false},"excerpt":{"rendered":"<p>PARTE DEL C\u00d3DIGO:Asamblea Legislativa de Terranova y Labrador \u2013 https:\/\/www.assembly.nl.ca\/CAP\u00cdTULO W-11, LEY DE SALUD, SEGURIDAD Y COMPENSACI\u00d3N EN EL LUGAR DE TRABAJOPARTE VII.1 PRESUNCI\u00d3N RESPECTO A BOMBEROS Y BOMBEROS VOLUNTARIOS [&hellip;]<\/p>\n","protected":false},"featured_media":0,"parent":93088,"menu_order":0,"comment_status":"closed","ping_status":"closed","template":"","meta":{"_acf_changed":false,"_searchwp_excluded":"","inline_featured_image":false,"_EventAllDay":false,"_EventTimezone":"","_EventStartDate":"","_EventEndDate":"","_EventStartDateUTC":"","_EventEndDateUTC":"","_EventShowMap":false,"_EventShowMapLink":false,"_EventURL":"","_EventCost":"","_EventCostDescription":"","_EventCurrencySymbol":"","_EventCurrencyCode":"","_EventCurrencyPosition":"","_EventDateTimeSeparator":"","_EventTimeRangeSeparator":"","_EventOrganizerID":[],"_EventVenueID":[],"_OrganizerEmail":"","_OrganizerPhone":"","_OrganizerWebsite":"","_VenueAddress":"","_VenueCity":"","_VenueCountry":"","_VenueProvince":"","_VenueState":"","_VenueZip":"","_VenuePhone":"","_VenueURL":"","_VenueStateProvince":"","_VenueLat":"","_VenueLng":"","_VenueShowMap":false,"_VenueShowMapLink":false,"footnotes":""},"class_list":["post-95795","page","type-page","status-publish","hentry"],"acf":[],"publishpress_future_workflow_manual_trigger":{"enabledWorkflows":[]},"_links":{"self":[{"href":"https:\/\/www.iaff.org\/es\/wp-json\/wp\/v2\/pages\/95795","targetHints":{"allow":["GET"]}}],"collection":[{"href":"https:\/\/www.iaff.org\/es\/wp-json\/wp\/v2\/pages"}],"about":[{"href":"https:\/\/www.iaff.org\/es\/wp-json\/wp\/v2\/types\/page"}],"author":[{"embeddable":true,"href":"https:\/\/www.iaff.org\/es\/wp-json\/wp\/v2\/users\/1"}],"replies":[{"embeddable":true,"href":"https:\/\/www.iaff.org\/es\/wp-json\/wp\/v2\/comments?post=95795"}],"version-history":[{"count":0,"href":"https:\/\/www.iaff.org\/es\/wp-json\/wp\/v2\/pages\/95795\/revisions"}],"up":[{"embeddable":true,"href":"https:\/\/www.iaff.org\/es\/wp-json\/wp\/v2\/pages\/93088"}],"wp:attachment":[{"href":"https:\/\/www.iaff.org\/es\/wp-json\/wp\/v2\/media?parent=95795"}],"curies":[{"name":"wp","href":"https:\/\/api.w.org\/{rel}","templated":true}]}}