{"id":95791,"date":"2019-04-07T15:07:20","date_gmt":"2019-04-07T19:07:20","guid":{"rendered":"https:\/\/www.iaff.org\/iniciativa-de-salud-presuntiva\/ley-de-discapacidad-presuntiva-en-nunavut\/"},"modified":"2025-06-18T15:35:55","modified_gmt":"2025-06-18T19:35:55","slug":"ley-de-discapacidad-presuntiva-en-nunavut","status":"publish","type":"page","link":"https:\/\/www.iaff.org\/es\/iniciativa-de-salud-presuntiva\/ley-de-discapacidad-presuntiva-en-nunavut\/","title":{"rendered":"Ley de discapacidad presuntiva en Nunavut"},"content":{"rendered":"<section\n\t class=\"secondary-hero align wp-block-acf-secondary-hero\" id=\"secondary-hero_block_c29d674ebba1cb1e006705a9f8c56dd7\">\n\t\n<header\n\tclass=\"w-full u-bg-full-width px-[22px] md:ps-bleed md:pe-0 py-[60px] bg-blue text-white u-has-rivets\"\n\tdata-theme=\"navy\"\n>\n\t<div class=\"flex flex-col !px-0 !max-w-[1440px] w-full lg:!ps-indent\">\n\t\t<div class=\"border-t-[6px] w-full my-0 flex flex-col md:flex-row gap-x-[62px] gap-y-[22px] border-gold\">\n\t\t\t\t\t\t<div class=\"w-full md:w-1\/2 md:py-[45px]\">\n\t\t\t\t<div class=\"max-w-[600px] flex flex-col gap-[22px]\">\n\t\t\t\t\t\t\t\t\t\t\t<h1 class=\"has-[.u-halftone-shadow--dark]:mb-divider has-[.u-halftone-shadow--light]:mb-divider pt-[22px] md:pt-0\">\n\t\t\t\t\t\t\t<span class=\"inline-flex text-heading-200 u-halftone-shadow--light\">\n\t\t\t\t\t\t\t\tLey de discapacidad presuntiva en Nunavut\t\t\t\t\t\t\t<\/span>\n\t\t\t\t\t\t<\/h1>\n\t\t\t\t\t\t\t\t\t\t\t\t\t\t\t\t\t\t\t\t\t\t\t\t\t\t\t\t\t<\/div>\n\t\t\t<\/div>\n\n\t\t<\/div>\n\t\t\t\t\t<div class=\"order-first flex justify-start w-full pb-[22px]\">\n\t\t\t\t<div\n\tclass=\"wp-block-button is-style-tertiary text-white is-style-tertiary-back\"\n>\n\t\t\t<a\n\t\t\thref=\"https:\/\/www.iaff.org\/es\/iniciativa-de-salud-presuntiva\/\"\n\t\t\tclass=\"wp-block-button__link wp-element-button group\"\n\t\t\t\t\t>\n\t\t\t<span\n\t\t\tclass=\"decoration-transparent underline underline-offset-2 group-hover:decoration-inherit group-focus-visible:decoration-inherit transition duration-hover\"\n\t\t>\n\t\t\tIniciativa de Salud Presuntiva\t\t<\/span>\n\n\t\t<span\n\t\t\tclass=\"bg-inherit transition-colors duration-hover group-hover:bg-gold group-focus:bg-gold inline-flex rotate-180 order-first\"\n\t\t>\n\t\t\t<svg xmlns=\"http:\/\/www.w3.org\/2000\/svg\" width=\"21\" height=\"22\" fill=\"none\" viewBox=\"0 0 21 22\"><path stroke=\"currentColor\" stroke-linecap=\"round\" stroke-width=\"2\" d=\"M20 20.75L20 2.25L1.5 2.25L1.5 20.75L20 20.75Z\" clip-rule=\"evenodd\"\/><path stroke=\"currentColor\" stroke-linecap=\"square\" stroke-width=\"2\" d=\"M14.0883 11.5L6.66406 11.5\"\/><path stroke=\"currentColor\" stroke-linecap=\"square\" stroke-width=\"2\" d=\"M11.0723 7.75205L14.8363 11.5L11.0723 15.248\"\/><\/svg>\t\t<\/span>\n\t<\/a><\/div>\n\t\t\t<\/div>\n\t\t\t<\/div>\n<\/header>\n<\/section>\n<p><strong>PARTE DEL C\u00d3DIGO:<\/strong><br \/>CONSOLIDACI\u00d3N DE LA LEY DE COMPENSACI\u00d3N DE TRABAJADORES<\/p>\n<p><a href=\"https:\/\/www.gov.nu.ca\" target=\"_blank\" rel=\"noopener noreferrer\">Sitio web legislativo de Nunavut<\/a><\/p>\n<p><b>DESCRIPCI\u00d3N:<\/b><br \/><b>definiciones<\/b><br \/><b>14.1.<\/b><\/p>\n<ol>\n<li>En esta secci\u00f3n, \u201cbombero\u201d significa un trabajador que\n<ol type=\"a\">\n<li>se dedica a combatir incendios como miembro a tiempo completo, a tiempo parcial o voluntario de un departamento de bomberos, y<\/li>\n<li>no combate exclusivamente incendios forestales; (pompier)\u201cenfermedad listada\u201d significa cualquiera de las siguientes enfermedades:\n<ol type=\"1\">\n<li>paro card\u00edaco dentro de las 24 horas despu\u00e9s de asistir a una respuesta de emergencia,<\/li>\n<li>mieloma m\u00faltiple,<\/li>\n<li>leucemia primaria,<\/li>\n<li>linfoma no Hodgkin primario,<\/li>\n<li>c\u00e1ncer cerebral de sitio primario,<\/li>\n<li>c\u00e1ncer colorrectal de sitio primario,<\/li>\n<li>c\u00e1ncer de pulm\u00f3n de sitio primario,<\/li>\n<li>c\u00e1ncer de pr\u00f3stata de sitio primario,<\/li>\n<li>c\u00e1ncer de piel de sitio primario,<\/li>\n<li>c\u00e1ncer testicular de sitio primario,<\/li>\n<li>c\u00e1ncer primario de vejiga<\/li>\n<li>c\u00e1ncer primario de mama<\/li>\n<li>c\u00e1ncer primario de es\u00f3fago<\/li>\n<li>c\u00e1ncer primario de ri\u00f1\u00f3n<\/li>\n<li>c\u00e1ncer de ur\u00e9ter de sitio primario (maladie inscrite)<\/li>\n<\/ol>\n<\/li>\n<\/ol>\n<\/li>\n<li>Presunci\u00f3n para bomberos: A pesar de la secci\u00f3n 14 y sujeto al subsecci\u00f3n (3), se presume que una enfermedad listada<br \/>ha surgido del empleo de un trabajador y ha ocurrido durante el curso de<br \/>dicho empleo si<\/p>\n<ol>\n<li>el trabajador est\u00e1 incapacitado por la enfermedad listada; y<\/li>\n<li>el trabajador es o ha sido bombero durante el per\u00edodo m\u00ednimo prescrito en las regulaciones.<\/li>\n<\/ol>\n<\/li>\n<li>Fumadores: Cuando la enfermedad listada es c\u00e1ncer de pulm\u00f3n de sitio primario, la presunci\u00f3n referida<br \/>en el subsecci\u00f3n (2) no se aplica a menos que el trabajador haya sido no fumador antes de la<br \/>fecha de la incapacidad por el per\u00edodo m\u00ednimo prescrito en las regulaciones.<br \/>S.Nu 2010,c.20,s.3.<\/li>\n<\/ol>\n<p>&nbsp;<\/p>\n","protected":false},"excerpt":{"rendered":"<p>PARTE DEL C\u00d3DIGO:CONSOLIDACI\u00d3N DE LA LEY DE COMPENSACI\u00d3N DE TRABAJADORES Sitio web legislativo de Nunavut DESCRIPCI\u00d3N:definiciones14.1. En esta secci\u00f3n, \u201cbombero\u201d significa un trabajador que se dedica a combatir incendios como [&hellip;]<\/p>\n","protected":false},"featured_media":0,"parent":93088,"menu_order":0,"comment_status":"closed","ping_status":"closed","template":"","meta":{"_acf_changed":false,"_searchwp_excluded":"","inline_featured_image":false,"_EventAllDay":false,"_EventTimezone":"","_EventStartDate":"","_EventEndDate":"","_EventStartDateUTC":"","_EventEndDateUTC":"","_EventShowMap":false,"_EventShowMapLink":false,"_EventURL":"","_EventCost":"","_EventCostDescription":"","_EventCurrencySymbol":"","_EventCurrencyCode":"","_EventCurrencyPosition":"","_EventDateTimeSeparator":"","_EventTimeRangeSeparator":"","_EventOrganizerID":[],"_EventVenueID":[],"_OrganizerEmail":"","_OrganizerPhone":"","_OrganizerWebsite":"","_VenueAddress":"","_VenueCity":"","_VenueCountry":"","_VenueProvince":"","_VenueState":"","_VenueZip":"","_VenuePhone":"","_VenueURL":"","_VenueStateProvince":"","_VenueLat":"","_VenueLng":"","_VenueShowMap":false,"_VenueShowMapLink":false,"footnotes":""},"class_list":["post-95791","page","type-page","status-publish","hentry"],"acf":[],"publishpress_future_workflow_manual_trigger":{"enabledWorkflows":[]},"_links":{"self":[{"href":"https:\/\/www.iaff.org\/es\/wp-json\/wp\/v2\/pages\/95791","targetHints":{"allow":["GET"]}}],"collection":[{"href":"https:\/\/www.iaff.org\/es\/wp-json\/wp\/v2\/pages"}],"about":[{"href":"https:\/\/www.iaff.org\/es\/wp-json\/wp\/v2\/types\/page"}],"author":[{"embeddable":true,"href":"https:\/\/www.iaff.org\/es\/wp-json\/wp\/v2\/users\/1"}],"replies":[{"embeddable":true,"href":"https:\/\/www.iaff.org\/es\/wp-json\/wp\/v2\/comments?post=95791"}],"version-history":[{"count":0,"href":"https:\/\/www.iaff.org\/es\/wp-json\/wp\/v2\/pages\/95791\/revisions"}],"up":[{"embeddable":true,"href":"https:\/\/www.iaff.org\/es\/wp-json\/wp\/v2\/pages\/93088"}],"wp:attachment":[{"href":"https:\/\/www.iaff.org\/es\/wp-json\/wp\/v2\/media?parent=95791"}],"curies":[{"name":"wp","href":"https:\/\/api.w.org\/{rel}","templated":true}]}}