{"id":95718,"date":"2019-04-07T15:17:23","date_gmt":"2019-04-07T19:17:23","guid":{"rendered":"https:\/\/www.iaff.org\/iniciativa-de-salud-presuntiva\/ley-de-discapacidad-presuntiva-en-wisconsin\/"},"modified":"2025-06-18T17:16:42","modified_gmt":"2025-06-18T21:16:42","slug":"ley-de-discapacidad-presuntiva-en-wisconsin","status":"publish","type":"page","link":"https:\/\/www.iaff.org\/es\/iniciativa-de-salud-presuntiva\/ley-de-discapacidad-presuntiva-en-wisconsin\/","title":{"rendered":"Ley de discapacidad presuntiva en Wisconsin"},"content":{"rendered":"<section\n\t class=\"secondary-hero align wp-block-acf-secondary-hero\" id=\"secondary-hero_block_1516ddc763cbc9ec3389aa7894d3bef2\">\n\t\n<header\n\tclass=\"w-full u-bg-full-width px-[22px] md:ps-bleed md:pe-0 py-[60px] bg-blue text-white u-has-rivets\"\n\tdata-theme=\"navy\"\n>\n\t<div class=\"flex flex-col !px-0 !max-w-[1440px] w-full lg:!ps-indent\">\n\t\t<div class=\"border-t-[6px] w-full my-0 flex flex-col md:flex-row gap-x-[62px] gap-y-[22px] border-gold\">\n\t\t\t\t\t\t<div class=\"w-full md:w-1\/2 md:py-[45px]\">\n\t\t\t\t<div class=\"max-w-[600px] flex flex-col gap-[22px]\">\n\t\t\t\t\t\t\t\t\t\t\t<h1 class=\"has-[.u-halftone-shadow--dark]:mb-divider has-[.u-halftone-shadow--light]:mb-divider pt-[22px] md:pt-0\">\n\t\t\t\t\t\t\t<span class=\"inline-flex text-heading-200 u-halftone-shadow--light\">\n\t\t\t\t\t\t\t\tLey de discapacidad presuntiva en Wisconsin\t\t\t\t\t\t\t<\/span>\n\t\t\t\t\t\t<\/h1>\n\t\t\t\t\t\t\t\t\t\t\t\t\t\t\t\t\t\t\t\t\t\t\t\t\t\t\t\t\t<\/div>\n\t\t\t<\/div>\n\n\t\t<\/div>\n\t\t\t\t\t<div class=\"order-first flex justify-start w-full pb-[22px]\">\n\t\t\t\t<div\n\tclass=\"wp-block-button is-style-tertiary text-white is-style-tertiary-back\"\n>\n\t\t\t<a\n\t\t\thref=\"https:\/\/www.iaff.org\/es\/iniciativa-de-salud-presuntiva\/\"\n\t\t\tclass=\"wp-block-button__link wp-element-button group\"\n\t\t\t\t\t>\n\t\t\t<span\n\t\t\tclass=\"decoration-transparent underline underline-offset-2 group-hover:decoration-inherit group-focus-visible:decoration-inherit transition duration-hover\"\n\t\t>\n\t\t\tIniciativa de Salud Presuntiva\t\t<\/span>\n\n\t\t<span\n\t\t\tclass=\"bg-inherit transition-colors duration-hover group-hover:bg-gold group-focus:bg-gold inline-flex rotate-180 order-first\"\n\t\t>\n\t\t\t<svg xmlns=\"http:\/\/www.w3.org\/2000\/svg\" width=\"21\" height=\"22\" fill=\"none\" viewBox=\"0 0 21 22\"><path stroke=\"currentColor\" stroke-linecap=\"round\" stroke-width=\"2\" d=\"M20 20.75L20 2.25L1.5 2.25L1.5 20.75L20 20.75Z\" clip-rule=\"evenodd\"\/><path stroke=\"currentColor\" stroke-linecap=\"square\" stroke-width=\"2\" d=\"M14.0883 11.5L6.66406 11.5\"\/><path stroke=\"currentColor\" stroke-linecap=\"square\" stroke-width=\"2\" d=\"M11.0723 7.75205L14.8363 11.5L11.0723 15.248\"\/><\/svg>\t\t<\/span>\n\t<\/a><\/div>\n\t\t\t<\/div>\n\t\t\t<\/div>\n<\/header>\n<\/section>\n<p><strong>PARTE DEL C\u00d3DIGO:<\/strong><br \/>ESTATUTOS Y ANOTACIONES DE WISCONSIN<br \/>Disposiciones comunes a acciones y procedimientos en todos los tribunales<br \/>Cap\u00edtulo 891. Presunciones.<br \/>891.45 Presunci\u00f3n de enfermedad relacionada con el empleo; deficiencia o enfermedad card\u00edaca o respiratoria.<br \/>891.453 Presunci\u00f3n de enfermedad relacionada con el empleo; enfermedad infecciosa.<br \/>891.455 Presunci\u00f3n de enfermedad relacionada con el empleo; c\u00e1ncer.<br \/>891.45 Presunci\u00f3n de enfermedad relacionada con el empleo; deficiencia o enfermedad card\u00edaca o respiratoria. <\/p>\n<p><a href=\"https:\/\/www.legis.state.wi.us\/\" target=\"blank\" rel=\"noopener noreferrer\">Sitio web legislativo de Wisconsin<\/a><br \/><b><\/b><\/p>\n<p><b>DESCRIPCI\u00d3N:<\/b><br \/><b>891.45(1) <\/b><br \/>En esta secci\u00f3n:<\/p>\n<p><b>891.45(1)(a)<\/b><br \/>\u201cBombero del condado\u201d significa cualquier persona empleada por un condado cuyas funciones incluyen principalmente la supresi\u00f3n o prevenci\u00f3n activa de incendios.<\/p>\n<p><b>891.45(1)(b)<\/b><br \/>\u201cBombero municipal\u201d incluye a cualquier persona designada principalmente como bombero seg\u00fan s. 61.66 (2) y cualquier persona bajo s. 61.66 cuyas funciones como bombero durante el per\u00edodo de calificaci\u00f3n de 5 a\u00f1os ocuparon al menos dos tercios de sus horas de trabajo.  <\/p>\n<p><b>891.45(1)(c)<\/b><br \/>\u201cBombero estatal\u201d significa cualquier persona empleada por el estado cuyas funciones incluyen principalmente la supresi\u00f3n o prevenci\u00f3n activa de incendios y que es un participante de ocupaci\u00f3n protegida, seg\u00fan se define en s. 40.02 (48).<\/p>\n<p><b>891.45(2)<\/b><br \/>En cualquier procedimiento que implique la solicitud por parte de un bombero estatal, del condado o municipal o su beneficiario de beneficios por discapacidad o muerte seg\u00fan s. 40.65 (2) o cualquier sistema de pensi\u00f3n o jubilaci\u00f3n aplicable a los bomberos, donde al momento de la muerte o la presentaci\u00f3n de la solicitud de beneficios por discapacidad, el bombero fallecido o discapacitado hab\u00eda servido un total de 5 a\u00f1os como bombero estatal, del condado o municipal y un examen m\u00e9dico de calificaci\u00f3n realizado antes de convertirse en bombero estatal, del condado o municipal no mostr\u00f3 evidencia de deficiencia o enfermedad card\u00edaca o respiratoria, y donde se determina que la discapacidad o muerte es causada por una deficiencia o enfermedad card\u00edaca o respiratoria, tal hallazgo ser\u00e1 evidencia presuntiva de que dicha deficiencia o enfermedad fue causada por dicho empleo. <\/p>\n<p><b>891.453<\/b> Presunci\u00f3n de enfermedad relacionada con el empleo; enfermedad infecciosa.<\/p>\n<p><b>891.453(1)(b)<\/b> \u201cProveedor de servicios m\u00e9dicos de emergencia\u201d significa una persona empleada por el estado o por un condado o municipio y que es un t\u00e9cnico m\u00e9dico de emergencia seg\u00fan s. 256.01 (5) o un primer respondedor seg\u00fan s.  256.01 (9).<\/p>\n<p><b>891.453(1)(c)<\/b> \u201cBombero\u201d significa un bombero estatal, del condado o municipal que est\u00e1 cubierto bajo s. 891.45 y cualquier persona bajo s. 61.66 cuyas funciones como bombero ocuparon al<br \/>menos dos tercios de sus horas de trabajo.  <\/p>\n<p><b>891.453(2)(a)<\/b> En esta subsecci\u00f3n, \u201cenfermedad infecciosa\u201d incluye el virus de inmunodeficiencia humana, s\u00edndrome de inmunodeficiencia adquirida, tuberculosis, hepatitis A, hepatitis B, hepatitis C, hepatitis D, difteria, meningitis meningoc\u00f3cica, Staphylococcus<br \/>aureus resistente a la meticilina y s\u00edndrome respiratorio agudo severo.<\/p>\n<p><b>891.453(2)(b)<\/b>  En cualquier procedimiento que implique la solicitud por parte de un oficial correccional, un proveedor de servicios m\u00e9dicos de emergencia, un bombero o un agente de la ley o su<br \/>beneficiario de beneficios por discapacidad o muerte seg\u00fan s.40.65 (2) o cualquier sistema de pensi\u00f3n o jubilaci\u00f3n aplicable a oficiales correccionales, proveedores de servicios m\u00e9dicos de emergencia, bomberos o agentes de la ley, si un examen m\u00e9dico de calificaci\u00f3n realizado antes del momento de<br \/>convertirse en oficial correccional, proveedor de servicios m\u00e9dicos de emergencia, bombero o agente de la ley no mostr\u00f3 evidencia de una enfermedad infecciosa, y si se determina que la discapacidad o muerte es causada por una enfermedad infecciosa, el hallazgo ser\u00e1 evidencia presuntiva de que la enfermedad infecciosa fue causada por el empleo.<\/p>\n<p><b>891.455<\/b><br \/>Presunci\u00f3n de enfermedad relacionada con el empleo; c\u00e1ncer.<\/p>\n<p><b>891.455(1)<\/b><br \/>En esta secci\u00f3n, \u201cbombero estatal, del condado o municipal\u201d significa un bombero que est\u00e1 cubierto bajo s. 891.45 y cualquier persona bajo s. 61.66 cuyas funciones como bombero durante el per\u00edodo de calificaci\u00f3n de 10 a\u00f1os especificado en sub. (2) ocuparon al menos dos tercios de sus horas de trabajo.   <\/p>\n<p><b>891.455(2)<\/b><br \/>En cualquier procedimiento que implique una solicitud por parte de un bombero estatal, del condado o municipal o su beneficiario de beneficios por discapacidad o muerte seg\u00fan s. 40.65 (2) o cualquier sistema de pensi\u00f3n o jubilaci\u00f3n aplicable a los bomberos, donde al momento de la muerte o la presentaci\u00f3n de la solicitud de beneficios por discapacidad, el bombero fallecido o discapacitado hab\u00eda servido un total de 10 a\u00f1os como bombero estatal, del condado o municipal y un examen m\u00e9dico de calificaci\u00f3n realizado antes de convertirse en bombero estatal, del condado o municipal no mostr\u00f3 evidencia de c\u00e1ncer, y donde se determina que la discapacidad o muerte es causada por c\u00e1ncer, tal hallazgo ser\u00e1 evidencia presuntiva de que el c\u00e1ncer fue causado por dicho empleo. <\/p>\n<p><b>891.455(3)<\/b><br \/>La presunci\u00f3n bajo el sub. (2) se aplicar\u00e1 \u00fanicamente a los c\u00e1nceres que afecten la piel, las mamas, el sistema nervioso central o los sistemas linf\u00e1tico, digestivo, hematol\u00f3gico, urinario, esquel\u00e9tico, oral o reproductivo. <\/p>\n<p><b>891.455(4)<\/b><br \/>La presunci\u00f3n bajo el sub. (2) para los c\u00e1nceres causados por el h\u00e1bito de fumar o el uso de productos de tabaco no se aplicar\u00e1 a ning\u00fan bombero municipal que fume cigarrillos, seg\u00fan se define en s. 139.30 (1m), o que utilice un producto de tabaco, seg\u00fan se define en s. 139.75 (12), despu\u00e9s del 1 de enero de 2001.   <\/p>\n","protected":false},"excerpt":{"rendered":"<p>PARTE DEL C\u00d3DIGO:ESTATUTOS Y ANOTACIONES DE WISCONSINDisposiciones comunes a acciones y procedimientos en todos los tribunalesCap\u00edtulo 891. Presunciones.891.45 Presunci\u00f3n de enfermedad relacionada con el empleo; deficiencia o enfermedad card\u00edaca o [&hellip;]<\/p>\n","protected":false},"featured_media":0,"parent":93088,"menu_order":0,"comment_status":"closed","ping_status":"closed","template":"","meta":{"_acf_changed":false,"_searchwp_excluded":"","inline_featured_image":false,"_EventAllDay":false,"_EventTimezone":"","_EventStartDate":"","_EventEndDate":"","_EventStartDateUTC":"","_EventEndDateUTC":"","_EventShowMap":false,"_EventShowMapLink":false,"_EventURL":"","_EventCost":"","_EventCostDescription":"","_EventCurrencySymbol":"","_EventCurrencyCode":"","_EventCurrencyPosition":"","_EventDateTimeSeparator":"","_EventTimeRangeSeparator":"","_EventOrganizerID":[],"_EventVenueID":[],"_OrganizerEmail":"","_OrganizerPhone":"","_OrganizerWebsite":"","_VenueAddress":"","_VenueCity":"","_VenueCountry":"","_VenueProvince":"","_VenueState":"","_VenueZip":"","_VenuePhone":"","_VenueURL":"","_VenueStateProvince":"","_VenueLat":"","_VenueLng":"","_VenueShowMap":false,"_VenueShowMapLink":false,"footnotes":""},"class_list":["post-95718","page","type-page","status-publish","hentry"],"acf":[],"publishpress_future_workflow_manual_trigger":{"enabledWorkflows":[]},"_links":{"self":[{"href":"https:\/\/www.iaff.org\/es\/wp-json\/wp\/v2\/pages\/95718","targetHints":{"allow":["GET"]}}],"collection":[{"href":"https:\/\/www.iaff.org\/es\/wp-json\/wp\/v2\/pages"}],"about":[{"href":"https:\/\/www.iaff.org\/es\/wp-json\/wp\/v2\/types\/page"}],"author":[{"embeddable":true,"href":"https:\/\/www.iaff.org\/es\/wp-json\/wp\/v2\/users\/1"}],"replies":[{"embeddable":true,"href":"https:\/\/www.iaff.org\/es\/wp-json\/wp\/v2\/comments?post=95718"}],"version-history":[{"count":0,"href":"https:\/\/www.iaff.org\/es\/wp-json\/wp\/v2\/pages\/95718\/revisions"}],"up":[{"embeddable":true,"href":"https:\/\/www.iaff.org\/es\/wp-json\/wp\/v2\/pages\/93088"}],"wp:attachment":[{"href":"https:\/\/www.iaff.org\/es\/wp-json\/wp\/v2\/media?parent=95718"}],"curies":[{"name":"wp","href":"https:\/\/api.w.org\/{rel}","templated":true}]}}