{"id":95694,"date":"2019-04-07T15:12:43","date_gmt":"2019-04-07T19:12:43","guid":{"rendered":"https:\/\/www.iaff.org\/iniciativa-de-salud-presuntiva\/ley-de-discapacidad-presuntiva-en-dakota-del-sur\/"},"modified":"2025-06-18T14:54:07","modified_gmt":"2025-06-18T18:54:07","slug":"ley-de-discapacidad-presuntiva-en-dakota-del-sur","status":"publish","type":"page","link":"https:\/\/www.iaff.org\/es\/iniciativa-de-salud-presuntiva\/ley-de-discapacidad-presuntiva-en-dakota-del-sur\/","title":{"rendered":"Ley de discapacidad presuntiva en Dakota del Sur"},"content":{"rendered":"<section\n\t class=\"secondary-hero align wp-block-acf-secondary-hero\" id=\"secondary-hero_block_a895cbba73d9b6e1db18183182b099e0\">\n\t\n<header\n\tclass=\"w-full u-bg-full-width px-[22px] md:ps-bleed md:pe-0 py-[60px] bg-blue text-white u-has-rivets\"\n\tdata-theme=\"navy\"\n>\n\t<div class=\"flex flex-col !px-0 !max-w-[1440px] w-full lg:!ps-indent\">\n\t\t<div class=\"border-t-[6px] w-full my-0 flex flex-col md:flex-row gap-x-[62px] gap-y-[22px] border-gold\">\n\t\t\t\t\t\t<div class=\"w-full md:w-1\/2 md:py-[45px]\">\n\t\t\t\t<div class=\"max-w-[600px] flex flex-col gap-[22px]\">\n\t\t\t\t\t\t\t\t\t\t\t<h1 class=\"has-[.u-halftone-shadow--dark]:mb-divider has-[.u-halftone-shadow--light]:mb-divider pt-[22px] md:pt-0\">\n\t\t\t\t\t\t\t<span class=\"inline-flex text-heading-200 u-halftone-shadow--light\">\n\t\t\t\t\t\t\t\tLey de discapacidad presuntiva en Dakota del Sur\t\t\t\t\t\t\t<\/span>\n\t\t\t\t\t\t<\/h1>\n\t\t\t\t\t\t\t\t\t\t\t\t\t\t\t\t\t\t\t\t\t\t\t\t\t\t\t\t\t<\/div>\n\t\t\t<\/div>\n\n\t\t<\/div>\n\t\t\t\t\t<div class=\"order-first flex justify-start w-full pb-[22px]\">\n\t\t\t\t<div\n\tclass=\"wp-block-button is-style-tertiary text-white is-style-tertiary-back\"\n>\n\t\t\t<a\n\t\t\thref=\"https:\/\/www.iaff.org\/es\/iniciativa-de-salud-presuntiva\/\"\n\t\t\tclass=\"wp-block-button__link wp-element-button group\"\n\t\t\t\t\t>\n\t\t\t<span\n\t\t\tclass=\"decoration-transparent underline underline-offset-2 group-hover:decoration-inherit group-focus-visible:decoration-inherit transition duration-hover\"\n\t\t>\n\t\t\tIniciativa de Salud Presuntiva\t\t<\/span>\n\n\t\t<span\n\t\t\tclass=\"bg-inherit transition-colors duration-hover group-hover:bg-gold group-focus:bg-gold inline-flex rotate-180 order-first\"\n\t\t>\n\t\t\t<svg xmlns=\"http:\/\/www.w3.org\/2000\/svg\" width=\"21\" height=\"22\" fill=\"none\" viewBox=\"0 0 21 22\"><path stroke=\"currentColor\" stroke-linecap=\"round\" stroke-width=\"2\" d=\"M20 20.75L20 2.25L1.5 2.25L1.5 20.75L20 20.75Z\" clip-rule=\"evenodd\"\/><path stroke=\"currentColor\" stroke-linecap=\"square\" stroke-width=\"2\" d=\"M14.0883 11.5L6.66406 11.5\"\/><path stroke=\"currentColor\" stroke-linecap=\"square\" stroke-width=\"2\" d=\"M11.0723 7.75205L14.8363 11.5L11.0723 15.248\"\/><\/svg>\t\t<\/span>\n\t<\/a><\/div>\n\t\t\t<\/div>\n\t\t\t<\/div>\n<\/header>\n<\/section>\n<p><strong>SECCI\u00d3N DEL C\u00d3DIGO:<\/strong><br \/>Leyes Codificadas de Dakota del Sur<br \/>T\u00edtulo 9 GOBIERNO MUNICIPAL<br \/>Cap\u00edtulo 16 Sistemas de Jubilaci\u00f3n y Pensiones de la Ciudad<br \/>Sec. 9-16-45 Enfermedad Circulatoria o Respiratoria Presumida como Ocupacional en Bomberos<br \/>Sec. 9-16-3.3 Pensi\u00f3n permitida a bomberos por discapacidad causada por c\u00e1ncer<\/p>\n<p><a href=\"https:\/\/legis.state.sd.us\/\" target=\"blank\" rel=\"noopener noreferrer\">Sitio web legislativo de Dakota del Sur<\/a><br \/><b><\/b><\/p>\n<p><b>DESCRIPCI\u00d3N:<\/b><br \/><b>Sec. 9-16-45<\/b><br \/>Enfermedad circulatoria o respiratoria presumida como ocupacional en bomberos. No obstante las disposiciones de cualquier ley general o especial en contrario, cualquier condici\u00f3n de deterioro de la salud causada por hipertensi\u00f3n, enfermedad card\u00edaca o enfermedad respiratoria que resulte en discapacidad total o parcial a un oficial o miembro de un departamento de bomberos que haya aprobado con \u00e9xito un examen f\u00edsico al ingresar a dicho servicio, cuyo examen no revel\u00f3 evidencia alguna de tal condici\u00f3n, se presumir\u00e1 que ha sido sufrida en el cumplimiento del deber, a menos que se demuestre lo contrario mediante evidencia competente. <\/p>\n<p><b>Sec. 9-16-3.3<\/b><br \/>Pensi\u00f3n permitida a bomberos por discapacidad causada por c\u00e1ncer. Se puede otorgar una pensi\u00f3n de conformidad con la Sec. 9-16-3.2 por cualquier condici\u00f3n de deterioro de la salud causada por c\u00e1ncer que resulte en discapacidad total o parcial a un oficial o miembro de un departamento de bomberos que, al ingresar a dicho servicio, haya aprobado con \u00e9xito un examen f\u00edsico que no revel\u00f3 evidencia alguna de tal condici\u00f3n. Esta secci\u00f3n se refiere \u00fanicamente a asuntos de pensiones bajo este cap\u00edtulo y no restringe la capacidad de un reclamante para solicitar beneficios bajo el cap\u00edtulo 62-8 ni altera la carga de la prueba establecida en la Sec. 62-8-12.  <\/p>\n","protected":false},"excerpt":{"rendered":"<p>SECCI\u00d3N DEL C\u00d3DIGO:Leyes Codificadas de Dakota del SurT\u00edtulo 9 GOBIERNO MUNICIPALCap\u00edtulo 16 Sistemas de Jubilaci\u00f3n y Pensiones de la CiudadSec. 9-16-45 Enfermedad Circulatoria o Respiratoria Presumida como Ocupacional en BomberosSec. [&hellip;]<\/p>\n","protected":false},"featured_media":0,"parent":93088,"menu_order":0,"comment_status":"closed","ping_status":"closed","template":"","meta":{"_acf_changed":false,"_searchwp_excluded":"","inline_featured_image":false,"_EventAllDay":false,"_EventTimezone":"","_EventStartDate":"","_EventEndDate":"","_EventStartDateUTC":"","_EventEndDateUTC":"","_EventShowMap":false,"_EventShowMapLink":false,"_EventURL":"","_EventCost":"","_EventCostDescription":"","_EventCurrencySymbol":"","_EventCurrencyCode":"","_EventCurrencyPosition":"","_EventDateTimeSeparator":"","_EventTimeRangeSeparator":"","_EventOrganizerID":[],"_EventVenueID":[],"_OrganizerEmail":"","_OrganizerPhone":"","_OrganizerWebsite":"","_VenueAddress":"","_VenueCity":"","_VenueCountry":"","_VenueProvince":"","_VenueState":"","_VenueZip":"","_VenuePhone":"","_VenueURL":"","_VenueStateProvince":"","_VenueLat":"","_VenueLng":"","_VenueShowMap":false,"_VenueShowMapLink":false,"footnotes":""},"class_list":["post-95694","page","type-page","status-publish","hentry"],"acf":[],"publishpress_future_workflow_manual_trigger":{"enabledWorkflows":[]},"_links":{"self":[{"href":"https:\/\/www.iaff.org\/es\/wp-json\/wp\/v2\/pages\/95694","targetHints":{"allow":["GET"]}}],"collection":[{"href":"https:\/\/www.iaff.org\/es\/wp-json\/wp\/v2\/pages"}],"about":[{"href":"https:\/\/www.iaff.org\/es\/wp-json\/wp\/v2\/types\/page"}],"author":[{"embeddable":true,"href":"https:\/\/www.iaff.org\/es\/wp-json\/wp\/v2\/users\/1"}],"replies":[{"embeddable":true,"href":"https:\/\/www.iaff.org\/es\/wp-json\/wp\/v2\/comments?post=95694"}],"version-history":[{"count":0,"href":"https:\/\/www.iaff.org\/es\/wp-json\/wp\/v2\/pages\/95694\/revisions"}],"up":[{"embeddable":true,"href":"https:\/\/www.iaff.org\/es\/wp-json\/wp\/v2\/pages\/93088"}],"wp:attachment":[{"href":"https:\/\/www.iaff.org\/es\/wp-json\/wp\/v2\/media?parent=95694"}],"curies":[{"name":"wp","href":"https:\/\/api.w.org\/{rel}","templated":true}]}}