{"id":95680,"date":"2019-04-07T15:05:44","date_gmt":"2019-04-07T19:05:44","guid":{"rendered":"https:\/\/www.iaff.org\/iniciativa-de-salud-presuntiva\/ley-de-discapacidad-presuntiva-en-dakota-del-norte\/"},"modified":"2025-06-18T14:54:30","modified_gmt":"2025-06-18T18:54:30","slug":"ley-de-discapacidad-presuntiva-en-dakota-del-norte","status":"publish","type":"page","link":"https:\/\/www.iaff.org\/es\/iniciativa-de-salud-presuntiva\/ley-de-discapacidad-presuntiva-en-dakota-del-norte\/","title":{"rendered":"Ley de discapacidad presuntiva en Dakota del Norte"},"content":{"rendered":"<section\n\t class=\"secondary-hero align wp-block-acf-secondary-hero\" id=\"secondary-hero_block_e6e9c68d51a043957407b9347577ff01\">\n\t\n<header\n\tclass=\"w-full u-bg-full-width px-[22px] md:ps-bleed md:pe-0 py-[60px] bg-blue text-white u-has-rivets\"\n\tdata-theme=\"navy\"\n>\n\t<div class=\"flex flex-col !px-0 !max-w-[1440px] w-full lg:!ps-indent\">\n\t\t<div class=\"border-t-[6px] w-full my-0 flex flex-col md:flex-row gap-x-[62px] gap-y-[22px] border-gold\">\n\t\t\t\t\t\t<div class=\"w-full md:w-1\/2 md:py-[45px]\">\n\t\t\t\t<div class=\"max-w-[600px] flex flex-col gap-[22px]\">\n\t\t\t\t\t\t\t\t\t\t\t<h1 class=\"has-[.u-halftone-shadow--dark]:mb-divider has-[.u-halftone-shadow--light]:mb-divider pt-[22px] md:pt-0\">\n\t\t\t\t\t\t\t<span class=\"inline-flex text-heading-200 u-halftone-shadow--light\">\n\t\t\t\t\t\t\t\tLey de discapacidad presuntiva en Dakota del Norte\t\t\t\t\t\t\t<\/span>\n\t\t\t\t\t\t<\/h1>\n\t\t\t\t\t\t\t\t\t\t\t\t\t\t\t\t\t\t\t\t\t\t\t\t\t\t\t\t\t<\/div>\n\t\t\t<\/div>\n\n\t\t<\/div>\n\t\t\t\t\t<div class=\"order-first flex justify-start w-full pb-[22px]\">\n\t\t\t\t<div\n\tclass=\"wp-block-button is-style-tertiary text-white is-style-tertiary-back\"\n>\n\t\t\t<a\n\t\t\thref=\"https:\/\/www.iaff.org\/es\/iniciativa-de-salud-presuntiva\/\"\n\t\t\tclass=\"wp-block-button__link wp-element-button group\"\n\t\t\t\t\t>\n\t\t\t<span\n\t\t\tclass=\"decoration-transparent underline underline-offset-2 group-hover:decoration-inherit group-focus-visible:decoration-inherit transition duration-hover\"\n\t\t>\n\t\t\tIniciativa de Salud Presuntiva\t\t<\/span>\n\n\t\t<span\n\t\t\tclass=\"bg-inherit transition-colors duration-hover group-hover:bg-gold group-focus:bg-gold inline-flex rotate-180 order-first\"\n\t\t>\n\t\t\t<svg xmlns=\"http:\/\/www.w3.org\/2000\/svg\" width=\"21\" height=\"22\" fill=\"none\" viewBox=\"0 0 21 22\"><path stroke=\"currentColor\" stroke-linecap=\"round\" stroke-width=\"2\" d=\"M20 20.75L20 2.25L1.5 2.25L1.5 20.75L20 20.75Z\" clip-rule=\"evenodd\"\/><path stroke=\"currentColor\" stroke-linecap=\"square\" stroke-width=\"2\" d=\"M14.0883 11.5L6.66406 11.5\"\/><path stroke=\"currentColor\" stroke-linecap=\"square\" stroke-width=\"2\" d=\"M11.0723 7.75205L14.8363 11.5L11.0723 15.248\"\/><\/svg>\t\t<\/span>\n\t<\/a><\/div>\n\t\t\t<\/div>\n\t\t\t<\/div>\n<\/header>\n<\/section>\n<div class=\"wp-block-paragraph \">\n<p><strong>PARTE DEL C\u00d3DIGO:<\/strong><br\/>C\u00f3digo del siglo de Dakota del Norte<br\/>T\u00cdTULO 65 SEGURIDAD Y SEGURO DE LA FUERZA LABORAL<br\/>CAP\u00cdTULO 65-01 DISPOSICIONES GENERALES<br\/>T\u00cdTULO 23 SALUD Y SEGURIDAD<br\/>CAP\u00cdTULO 23-07.5 PRUEBAS DE PAT\u00d3GENOS TRANSMITIDOS POR SANGRE<\/p>\n<\/div><div class=\"wp-block-paragraph \">\n<p><a href=\"https:\/\/www.legis.nd.gov\/\" target=\"_blank\" rel=\"noreferrer noopener\">Sitio web legislativo de Dakota del Norte<\/a><\/p>\n<\/div><div class=\"wp-block-paragraph \">\n<p><strong>DESCRIPCI\u00d3N:<\/strong><br\/><strong>65-01-15.<\/strong><br\/>Documentaci\u00f3n anual requerida para bomberos y agentes del orden p\u00fablico. Excepto por los beneficios por exposici\u00f3n a un pat\u00f3geno transmitido por sangre seg\u00fan se define en la secci\u00f3n 23-07.5-01 que ocurra en el curso del empleo, un bombero o agente del orden p\u00fablico remunerado a tiempo completo que consuma tabaco no es elegible para los beneficios proporcionados bajo la secci\u00f3n 65-01-15.1, a menos que el bombero o agente del orden p\u00fablico remunerado a tiempo completo proporcione documentaci\u00f3n anual de un m\u00e9dico que indique que no ha consumido tabaco durante los dos a\u00f1os anteriores. <\/p>\n<\/div><div class=\"wp-block-paragraph \">\n<p><strong>23-07.5-01. Definiciones.<\/strong><br\/>En este cap\u00edtulo, a menos que el contexto requiera lo contrario:<\/p>\n<\/div><div class=\"wp-block-list\">\n<ol class=\"wp-block-list\">\n<li>\u201cPat\u00f3geno transmitido por sangre\u201d significa un microorganismo presente en la sangre humana o en<br\/>otros fluidos corporales o tejidos que puede causar una enfermedad en humanos, incluyendo el<br\/>virus de la hepatitis B, el virus de la hepatitis C y el virus de la inmunodeficiencia humana, y para los cuales se recomienda la prueba por el servicio de salud p\u00fablica de los Estados Unidos.<\/li>\n<\/ol>\n<\/div><div class=\"wp-block-paragraph \">\n<p><strong>65-01-15.1. Presunci\u00f3n de compensabilidad para ciertas condiciones de bomberos y agentes del orden p\u00fablico remunerados a tiempo completo.<\/strong><\/p>\n<\/div><div class=\"wp-block-list\">\n<ol class=\"wp-block-list\">\n<li>Cualquier condici\u00f3n o deterioro de la salud de un bombero o agente del orden p\u00fablico remunerado a tiempo completo causado por enfermedad pulmonar o respiratoria, hipertensi\u00f3n, enfermedad card\u00edaca, o una exposici\u00f3n a un pat\u00f3geno transmitido por sangre seg\u00fan se define en la secci\u00f3n 23-07.5-01 que ocurra en el curso del empleo, o c\u00e1ncer ocupacional en un bombero remunerado a tiempo completo, que resulte en discapacidad total o parcial o muerte se presume que ha sido sufrido en el cumplimiento del deber. La condici\u00f3n o deterioro de la salud no puede atribuirse a ninguna enfermedad existente antes de esa discapacidad total o parcial o muerte a menos que se demuestre lo contrario mediante evidencia competente. <\/li>\n\n\n\n<li>Seg\u00fan se utiliza en esta secci\u00f3n, un c\u00e1ncer ocupacional es aquel que surge del empleo como bombero remunerado a tiempo completo y se debe a lesiones por exposici\u00f3n a humo, vapores, o sustancias carcin\u00f3genas, venenosas, t\u00f3xicas o qu\u00edmicas mientras se<br\/>desempe\u00f1a el servicio activo como bombero remunerado a tiempo completo.<\/li>\n\n\n\n<li>Un bombero o agente del orden p\u00fablico remunerado a tiempo completo no es elegible para el beneficio proporcionado bajo esta secci\u00f3n a menos que haya completado cinco a\u00f1os de servicio continuo y haya aprobado con \u00e9xito un examen m\u00e9dico que no revele evidencia de tal condici\u00f3n. El requisito de cinco a\u00f1os de servicio continuo puede incluir servicio remunerado a tiempo completo fuera del estado. Un empleador deber\u00e1 proporcionar sin costo un examen m\u00e9dico al momento de la contrataci\u00f3n, para cualquier empleado sujeto a esta secci\u00f3n.  <div class=\"wp-block-list\">\n<ol class=\"wp-block-list\">\n<li>Despu\u00e9s del examen m\u00e9dico inicial, un empleador deber\u00e1 proporcionar sin costo al menos un examen m\u00e9dico peri\u00f3dico de la siguiente manera: para uno a diez a\u00f1os de servicio, cada cinco a\u00f1os; para once a veinte a\u00f1os de servicio, cada tres a\u00f1os; y para veinti\u00fan o m\u00e1s a\u00f1os de servicio, cada a\u00f1o. El examen m\u00e9dico peri\u00f3dico, como m\u00ednimo, debe consistir en una historia m\u00e9dica general del individuo y su familia; una historia ocupacional que incluya contacto y exposici\u00f3n a materiales peligrosos, productos t\u00f3xicos, enfermedades contagiosas e infecciosas, y a peligros f\u00edsicos; un examen f\u00edsico que incluya medici\u00f3n de altura, peso y presi\u00f3n arterial; y procedimientos de laboratorio y diagn\u00f3stico que indiquen salud cardiovascular en un grado razonable de certeza m\u00e9dica y prueba de Papanicolaou para mujeres. <\/li>\n\n\n\n<li>Si el examen m\u00e9dico revela que un empleado cae en un grupo de riesgo reconocido, el empleado debe ser remitido a un profesional de salud calificado para un examen m\u00e9dico futuro.<\/li>\n\n\n\n<li>Si un examen m\u00e9dico produce un resultado falso positivo para una condici\u00f3n cubierta bajo esta secci\u00f3n, la organizaci\u00f3n considerar\u00e1 la condici\u00f3n como una lesi\u00f3n compensable. En el caso de un resultado falso positivo, ni la cobertura de la condici\u00f3n ni el per\u00edodo de discapacidad pueden exceder los cincuenta y seis d\u00edas. Esta secci\u00f3n no afecta la responsabilidad de un empleado de documentar que no ha<br\/>consumido tabaco seg\u00fan lo requerido en la secci\u00f3n 65-01-15. Los resultados del examen deben utilizarse para refutar una presunci\u00f3n otorgada bajo esta secci\u00f3n.   <\/li>\n<\/ol>\n<\/div><\/li>\n\n\n\n<li>Para los prop\u00f3sitos de esta secci\u00f3n, \u201cagente del orden p\u00fablico\u201d significa un individuo que est\u00e1 autorizado para realizar deberes de aplicaci\u00f3n de la ley como oficial de paz bajo el cap\u00edtulo 12-63 y est\u00e1 empleado a tiempo completo por la oficina de investigaci\u00f3n criminal, el departamento de caza y pesca, la patrulla de carreteras del estado, la divisi\u00f3n de libertad condicional y libertad vigilada, el departamento de polic\u00eda de la Universidad Estatal de Dakota del Norte, el departamento de polic\u00eda de la Facultad Estatal de Ciencias de Dakota del Norte, el departamento de polic\u00eda de la Universidad de Dakota del Norte, un departamento de alguacil del condado, o un departamento de polic\u00eda de la ciudad.<\/li>\n\n\n\n<li>La presunci\u00f3n no incluye una condici\u00f3n o deterioro de la salud de un bombero o agente del orden p\u00fablico empleado a tiempo completo y remunerado, que haya estado empleado durante diez a\u00f1os o menos, si la condici\u00f3n o deterioro se diagnostica m\u00e1s de dos a\u00f1os despu\u00e9s de que finaliza el empleo como bombero o agente del orden p\u00fablico a tiempo completo y remunerado. La presunci\u00f3n tampoco incluye una condici\u00f3n o deterioro de la salud de un bombero o agente del orden p\u00fablico empleado a tiempo completo y remunerado, que haya estado empleado durante m\u00e1s de diez a\u00f1os, si la condici\u00f3n o deterioro se diagnostica m\u00e1s de cinco a\u00f1os despu\u00e9s de que finaliza el empleo como bombero o agente del orden p\u00fablico a tiempo completo y remunerado. <\/li>\n<\/ol>\n<\/div><div class=\"wp-block-paragraph \">\n<p><strong>65 \u2013 01 \u2013 15.2. Presunci\u00f3n de compensabilidad para eventos card\u00edacos de bomberos y agentes del orden p\u00fablico empleados a tiempo completo y remunerados. <\/strong><\/p>\n<\/div><div class=\"wp-block-list\">\n<ol class=\"wp-block-list\">\n<li>Un ataque card\u00edaco, accidente cerebrovascular, ruptura vascular u otro evento card\u00edaco similar, se presume que es una lesi\u00f3n compensable cuando un bombero o agente del orden p\u00fablico empleado a tiempo completo y remunerado:<div class=\"wp-block-list\">\n<ol style=\"list-style-type:lower-alpha\" class=\"wp-block-list\">\n<li>Participa en una situaci\u00f3n que implica actividad f\u00edsica extenuante de aplicaci\u00f3n de la ley, actividad de extinci\u00f3n de incendios, o actividad de respuesta a emergencias, o participa en un ejercicio de entrenamiento que implica actividad f\u00edsica extenuante; y <\/li>\n\n\n\n<li>El ataque card\u00edaco, accidente cerebrovascular, ruptura vascular u otro evento card\u00edaco similar ocurre no m\u00e1s tarde de cuarenta y ocho horas despu\u00e9s de que el bombero o agente del orden p\u00fablico empleado a tiempo completo y remunerado particip\u00f3 en la actividad enumerada en la subdivisi\u00f3n a. <\/li>\n<\/ol>\n<\/div><\/li>\n\n\n\n<li>La presunci\u00f3n bajo la subsecci\u00f3n 1 puede ser refutada mediante evidencia clara y convincente de que la condici\u00f3n o deterioro no estaba relacionado con el trabajo. <\/li>\n<\/ol>\n<\/div>","protected":false},"excerpt":{"rendered":"<p>PARTE DEL C\u00d3DIGO:C\u00f3digo del siglo de Dakota del NorteT\u00cdTULO 65 SEGURIDAD Y SEGURO DE LA FUERZA LABORALCAP\u00cdTULO 65-01 DISPOSICIONES GENERALEST\u00cdTULO 23 SALUD Y SEGURIDADCAP\u00cdTULO 23-07.5 PRUEBAS DE PAT\u00d3GENOS TRANSMITIDOS POR [&hellip;]<\/p>\n","protected":false},"featured_media":0,"parent":93088,"menu_order":0,"comment_status":"closed","ping_status":"closed","template":"","meta":{"_acf_changed":false,"_searchwp_excluded":"","inline_featured_image":false,"_EventAllDay":false,"_EventTimezone":"","_EventStartDate":"","_EventEndDate":"","_EventStartDateUTC":"","_EventEndDateUTC":"","_EventShowMap":false,"_EventShowMapLink":false,"_EventURL":"","_EventCost":"","_EventCostDescription":"","_EventCurrencySymbol":"","_EventCurrencyCode":"","_EventCurrencyPosition":"","_EventDateTimeSeparator":"","_EventTimeRangeSeparator":"","_EventOrganizerID":[],"_EventVenueID":[],"_OrganizerEmail":"","_OrganizerPhone":"","_OrganizerWebsite":"","_VenueAddress":"","_VenueCity":"","_VenueCountry":"","_VenueProvince":"","_VenueState":"","_VenueZip":"","_VenuePhone":"","_VenueURL":"","_VenueStateProvince":"","_VenueLat":"","_VenueLng":"","_VenueShowMap":false,"_VenueShowMapLink":false,"footnotes":""},"class_list":["post-95680","page","type-page","status-publish","hentry"],"acf":[],"publishpress_future_workflow_manual_trigger":{"enabledWorkflows":[]},"_links":{"self":[{"href":"https:\/\/www.iaff.org\/es\/wp-json\/wp\/v2\/pages\/95680","targetHints":{"allow":["GET"]}}],"collection":[{"href":"https:\/\/www.iaff.org\/es\/wp-json\/wp\/v2\/pages"}],"about":[{"href":"https:\/\/www.iaff.org\/es\/wp-json\/wp\/v2\/types\/page"}],"author":[{"embeddable":true,"href":"https:\/\/www.iaff.org\/es\/wp-json\/wp\/v2\/users\/1"}],"replies":[{"embeddable":true,"href":"https:\/\/www.iaff.org\/es\/wp-json\/wp\/v2\/comments?post=95680"}],"version-history":[{"count":0,"href":"https:\/\/www.iaff.org\/es\/wp-json\/wp\/v2\/pages\/95680\/revisions"}],"up":[{"embeddable":true,"href":"https:\/\/www.iaff.org\/es\/wp-json\/wp\/v2\/pages\/93088"}],"wp:attachment":[{"href":"https:\/\/www.iaff.org\/es\/wp-json\/wp\/v2\/media?parent=95680"}],"curies":[{"name":"wp","href":"https:\/\/api.w.org\/{rel}","templated":true}]}}