{"id":95425,"date":"2021-07-15T16:29:01","date_gmt":"2021-07-15T20:29:01","guid":{"rendered":"https:\/\/www.iaff.org\/iaff%e2%94%82sociedad-americana-del-cancer\/"},"modified":"2026-02-20T13:44:44","modified_gmt":"2026-02-20T18:44:44","slug":"iaff%e2%94%82sociedad-americana-del-cancer","status":"publish","type":"page","link":"https:\/\/www.iaff.org\/es\/iaff%e2%94%82sociedad-americana-del-cancer\/","title":{"rendered":"AIB\u2502American Cancer Society"},"content":{"rendered":"<section\n\t class=\"secondary-hero align wp-block-acf-secondary-hero\" id=\"secondary-hero_block_5399f48cb26b9ba72c2d48f657d43c85\">\n\t\n<header\n\tclass=\"w-full u-bg-full-width px-[22px] md:ps-bleed md:pe-0 py-[60px] bg-blue text-white u-has-rivets\"\n\tdata-theme=\"navy\"\n>\n\t<div class=\"flex flex-col !px-0 !max-w-[1440px] w-full lg:!ps-indent\">\n\t\t<div class=\"border-t-[6px] w-full my-0 flex flex-col md:flex-row gap-x-[62px] gap-y-[22px] border-gold\">\n\t\t\t\t\t\t\t<div class=\"relative grid md:order-last md:w-1\/2 overflow-hidden place-items-center aspect-[157\/105]\">\n\t\t\t\t\t<img decoding=\"async\" width=\"1199\" height=\"800\" src=\"https:\/\/www.iaff.org\/wp-content\/uploads\/IAFF-ACS-Event-12-1199x800.jpeg\" class=\"absolute object-cover min-w-full h-full\" alt=\"\" srcset=\"https:\/\/www.iaff.org\/wp-content\/uploads\/IAFF-ACS-Event-12-1199x800.jpeg 1199w, https:\/\/www.iaff.org\/wp-content\/uploads\/IAFF-ACS-Event-12-300x200.jpeg 300w, https:\/\/www.iaff.org\/wp-content\/uploads\/IAFF-ACS-Event-12-1024x683.jpeg 1024w, https:\/\/www.iaff.org\/wp-content\/uploads\/IAFF-ACS-Event-12-768x512.jpeg 768w, https:\/\/www.iaff.org\/wp-content\/uploads\/IAFF-ACS-Event-12-1536x1025.jpeg 1536w, https:\/\/www.iaff.org\/wp-content\/uploads\/IAFF-ACS-Event-12-240x160.jpeg 240w, https:\/\/www.iaff.org\/wp-content\/uploads\/IAFF-ACS-Event-12.jpeg 2048w\" sizes=\"(max-width: 1199px) 100vw, 1199px\" \/>\t\t\t\t<\/div>\n\t\t\t\t\t\t<div class=\"w-full md:w-1\/2 md:py-[45px]\">\n\t\t\t\t<div class=\"max-w-[600px] flex flex-col gap-[22px]\">\n\t\t\t\t\t\t\t\t\t\t\t<h1 class=\"has-[.u-halftone-shadow--dark]:mb-divider has-[.u-halftone-shadow--light]:mb-divider\">\n\t\t\t\t\t\t\t<span class=\"inline-flex text-heading-200 u-halftone-shadow--light\">\n\t\t\t\t\t\t\t\tAIB y la Sociedad Americana Contra El C\u00e1ncer\t\t\t\t\t\t\t<\/span>\n\t\t\t\t\t\t<\/h1>\n\t\t\t\t\t\t\t\t\t\t\t\t\t\t\t\t<div class=\"text-body-300 font-sans\">\n\t\t\t\t\t\t\t<p>La colaboraci\u00f3n IAFF-ACS proporciona recursos, herramientas y t\u00e9cnicas de prevenci\u00f3n para ayudar a proteger a los bomberos con la esperanza de prevenir futuras enfermedades, al tiempo que proporciona servicios cr\u00edticos de apoyo al paciente en todo el pa\u00eds para mejorar la calidad de vida de los bomberos que viven con c\u00e1ncer y aboga por un mejor acceso a la atenci\u00f3n.<\/p>\n\t\t\t\t\t\t<\/div>\n\t\t\t\t\t\t\t\t\t\t\t\t\t\t\t\t\t\t\t\t\t\t\t\t\t\t\t<div class=\"flex flex-wrap gap-[30px]\">\n\t\t\t\t\t\t\t\t\t\t\t\t\t\t\t<!-- Renders the same as core\/button with a specific style -->\n\t<div\n\t\tclass=\"wp-block-button track-button-primary is-style-primary-red\"\n\t>\n\t\t<a\n\t\t\tclass=\"wp-block-button__link wp-element-button cursor-pointer dlm-no-xhr-download track-hero-secondary-cta md:w-auto min-w-[156px]\"\n\t\t\t\t\t\t\thref=\"tel:+18779017848\"\n\t\t\t\t\t\t\t\t\t>\n\t\t\tL\u00ednea de apoyo de la AIB: (877) 901-7848\t\t<\/a>\n\t<\/div>\n\t\t\t\t\t\t\t\t\t\t\t\t\t<\/div>\n\t\t\t\t\t\t\t\t\t\t\t\t\t\t<\/div>\n\t\t\t<\/div>\n\n\t\t<\/div>\n\t\t\t\t\t<div class=\"order-first flex justify-start w-full pb-[22px]\">\n\t\t\t\t<div\n\tclass=\"wp-block-button is-style-tertiary text-white is-style-tertiary-back\"\n>\n\t\t\t<a\n\t\t\thref=\"https:\/\/www.iaff.org\/es\/cancer\/\"\n\t\t\tclass=\"wp-block-button__link wp-element-button group\"\n\t\t\t\t\t>\n\t\t\t<span\n\t\t\tclass=\"decoration-transparent underline underline-offset-2 group-hover:decoration-inherit group-focus-visible:decoration-inherit transition duration-hover\"\n\t\t>\n\t\t\tC\u00e1ncer\t\t<\/span>\n\n\t\t<span\n\t\t\tclass=\"bg-inherit transition-colors duration-hover group-hover:bg-gold group-focus:bg-gold inline-flex rotate-180 order-first\"\n\t\t>\n\t\t\t<svg xmlns=\"http:\/\/www.w3.org\/2000\/svg\" width=\"21\" height=\"22\" fill=\"none\" viewBox=\"0 0 21 22\"><path stroke=\"currentColor\" stroke-linecap=\"round\" stroke-width=\"2\" d=\"M20 20.75L20 2.25L1.5 2.25L1.5 20.75L20 20.75Z\" clip-rule=\"evenodd\"\/><path stroke=\"currentColor\" stroke-linecap=\"square\" stroke-width=\"2\" d=\"M14.0883 11.5L6.66406 11.5\"\/><path stroke=\"currentColor\" stroke-linecap=\"square\" stroke-width=\"2\" d=\"M11.0723 7.75205L14.8363 11.5L11.0723 15.248\"\/><\/svg>\t\t<\/span>\n\t<\/a><\/div>\n\t\t\t<\/div>\n\t\t\t<\/div>\n<\/header>\n<\/section>\n<section\n\t class=\"page-blocks iaff-page-blocks align wp-block-acf-page-blocks\" id=\"page-blocks_block_6e277eedd70a29ddb198bd0074d39235\">\n\t<div class=\"acf-innerblocks-container\">\n<section\n\t class=\"section-header mb-10 align wp-block-acf-section-header\" id=\"section-header_block_602369c24b60a4fe5dd98b19f2801651\">\n\t<div class=\"\">\n\t<div class=\"flex flex-col md:flex-row justify-between max-w-content gap-x-8 md:items-end flex-wrap\">\n\t\t<h2 class=\"text-heading-200 pb-[2px]\">\n\t\t\tSalud Conductual\t\t<\/h2>\n\n\t\t\t\t\t<div class=\"md:order-last w-full\">\n\t\t\t\t\n\n\t<div class=\"h-divider w-full bg-halftone-divider bg-right\"><\/div>\n\t\t\t<\/div>\n\t\t\n\t\t\t<\/div>\n<\/div>\n<\/section>\n\n\n<div class=\"wp-block-paragraph \">\n<p>Un diagn\u00f3stico de c\u00e1ncer afecta todas las \u00e1reas de la salud de una persona, incluyendo la salud conductual. Los bomberos que enfrentan el c\u00e1ncer pueden experimentar una amplia gama de emociones, pensamientos y reacciones conductuales. Como miembro de AIB, no tiene que enfrentar el c\u00e1ncer solo. A continuaci\u00f3n se presentan recursos de salud conductual dise\u00f1ados para bomberos que afrontan el c\u00e1ncer.   <\/p>\n<\/div>\n\n<div class=\"wp-block-list\">\n<ul class=\"wp-block-list\">\n<li><a href=\"https:\/\/www.iaff.org\/wp-content\/uploads\/CopingChecklistForPatients_Rebranded-1.pdf\" target=\"_blank\" rel=\"noreferrer noopener\">\u00bfC\u00f3mo est\u00e1 sobrellevando la situaci\u00f3n? Una lista de verificaci\u00f3n de afrontamiento para pacientes <\/a><\/li>\n\n\n\n<li><a href=\"https:\/\/www.iaff.org\/wp-content\/uploads\/AdjustingtoLifewithCancer_Rebranded-1.pdf\" target=\"_blank\" rel=\"noreferrer noopener\">Adapt\u00e1ndose a la vida con c\u00e1ncer<\/a><\/li>\n\n\n\n<li><a href=\"https:\/\/www.iaff.org\/wp-content\/uploads\/DistressScreening_Rebranded-1-1.pdf\" target=\"_blank\" rel=\"noreferrer noopener\">Detecci\u00f3n de angustia en pacientes con c\u00e1ncer<\/a><\/li>\n<\/ul>\n<\/div>\n<\/div><\/section>\n<section\n\t class=\"page-blocks iaff-page-blocks align wp-block-acf-page-blocks\" id=\"page-blocks_block_6e277eedd70a29ddb198bd0074d39235\">\n\t<div class=\"acf-innerblocks-container\">\n<section\n\t class=\"section-header mb-10 align wp-block-acf-section-header\" id=\"section-header_block_b1a64933c139f9e984627ee22afaabda\">\n\t<div class=\"\">\n\t<div class=\"flex flex-col md:flex-row justify-between max-w-content gap-x-8 md:items-end flex-wrap\">\n\t\t<h2 class=\"text-heading-200 pb-[2px]\">\n\t\t\tEx\u00e1menes de detecci\u00f3n de c\u00e1ncer\t\t<\/h2>\n\n\t\t\t\t\t<div class=\"md:order-last w-full\">\n\t\t\t\t\n\n\t<div class=\"h-divider w-full bg-halftone-divider bg-right\"><\/div>\n\t\t\t<\/div>\n\t\t\n\t\t\t<\/div>\n<\/div>\n<\/section>\n\n\n<div class=\"wp-block-paragraph \">\n<p>Las pruebas de detecci\u00f3n de c\u00e1ncer se utilizan antes de que una persona presente s\u00edntomas para ayudar a encontrar el c\u00e1ncer temprano, cuando puede ser m\u00e1s f\u00e1cil de tratar. Las pruebas de detecci\u00f3n regulares pueden ayudar a encontrar y tratar ciertos tipos de prec\u00e1nceres y c\u00e1nceres temprano, antes de que puedan propagarse. No existe una forma segura de prevenir el c\u00e1ncer, pero hay cosas que una persona puede hacer para ayudar a reducir su riesgo. Los recursos a continuaci\u00f3n describen recomendaciones para ex\u00e1menes de detecci\u00f3n de c\u00e1ncer que pueden ayudar a encontrar el c\u00e1ncer temprano y elecciones de estilo de vida que pueden ayudar a reducir el riesgo de c\u00e1ncer.   <\/p>\n<\/div>\n\n<div class=\"wp-block-list\">\n<ul class=\"wp-block-list\">\n<li><a href=\"https:\/\/www.iaff.org\/wp-content\/uploads\/2024\/06\/2437.01-GYT-TearSheet_IAFF_R2.pdf\" target=\"_blank\" rel=\"noreferrer noopener\">Realice sus ex\u00e1menes: pruebas de detecci\u00f3n de c\u00e1ncer recomendadas<\/a><\/li>\n\n\n\n<li><a href=\"https:\/\/www.iaff.org\/wp-content\/uploads\/2024\/06\/0317.70-2023-Screening-Flyer_IAFF.pdf\" target=\"_blank\" rel=\"noreferrer noopener\">La detecci\u00f3n del c\u00e1ncer salva vidas: recomendaciones de cribado<\/a><\/li>\n\n\n\n<li><a href=\"https:\/\/www.iaff.org\/wp-content\/uploads\/2024\/06\/Alcohol-use.pdf\" target=\"_blank\" rel=\"noreferrer noopener\">Consumo de alcohol y c\u00e1ncer<\/a><\/li>\n\n\n\n<li><a href=\"https:\/\/www.iaff.org\/wp-content\/uploads\/2024\/06\/Early-detection.pdf\" target=\"_blank\" rel=\"noreferrer noopener\">Directrices de la ACS para la detecci\u00f3n temprana del c\u00e1ncer<\/a><\/li>\n<\/ul>\n<\/div>\n<\/div><\/section>\n<section\n\t class=\"page-blocks iaff-page-blocks align wp-block-acf-page-blocks\" id=\"page-blocks_block_6e277eedd70a29ddb198bd0074d39235\">\n\t<div class=\"acf-innerblocks-container\">\n<section\n\t class=\"section-header mb-10 align wp-block-acf-section-header\" id=\"section-header_block_bbd3016296d7069dded7b3e50abd1441\">\n\t<div class=\"\">\n\t<div class=\"flex flex-col md:flex-row justify-between max-w-content gap-x-8 md:items-end flex-wrap\">\n\t\t<h2 class=\"text-heading-200 pb-[2px]\">\n\t\t\tApoyo para el c\u00e1ncer\t\t<\/h2>\n\n\t\t\t\t\t<div class=\"md:order-last w-full\">\n\t\t\t\t\n\n\t<div class=\"h-divider w-full bg-halftone-divider bg-right\"><\/div>\n\t\t\t<\/div>\n\t\t\n\t\t\t\t\t<div\n\t\t\t\tclass=\"pt-9 md:pt-0 pb-5\"\n\t\t\t>\n\t\t\t\t<div\n\tclass=\"wp-block-button is-style-tertiary inline-flex is-style-tertiary-forward\"\n>\n\t\t\t<a\n\t\t\thref=\"https:\/\/www.iaff.org\/es\/iaff%e2%94%82sociedad-americana-del-cancer\/apoyo-para-el-cancer\/\"\n\t\t\tclass=\"wp-block-button__link wp-element-button group\"\n\t\t\t\t\t>\n\t\t\t<span\n\t\t\tclass=\"decoration-transparent underline underline-offset-2 group-hover:decoration-inherit group-focus-visible:decoration-inherit transition duration-hover\"\n\t\t>\n\t\t\tProceder\t\t<\/span>\n\n\t\t<span\n\t\t\tclass=\"bg-inherit transition-colors duration-hover group-hover:bg-gold group-focus:bg-gold inline-flex order-last\"\n\t\t>\n\t\t\t<svg xmlns=\"http:\/\/www.w3.org\/2000\/svg\" width=\"21\" height=\"22\" fill=\"none\" viewBox=\"0 0 21 22\"><path stroke=\"currentColor\" stroke-linecap=\"round\" stroke-width=\"2\" d=\"M20 20.75L20 2.25L1.5 2.25L1.5 20.75L20 20.75Z\" clip-rule=\"evenodd\"\/><path stroke=\"currentColor\" stroke-linecap=\"square\" stroke-width=\"2\" d=\"M14.0883 11.5L6.66406 11.5\"\/><path stroke=\"currentColor\" stroke-linecap=\"square\" stroke-width=\"2\" d=\"M11.0723 7.75205L14.8363 11.5L11.0723 15.248\"\/><\/svg>\t\t<\/span>\n\t<\/a><\/div>\n\t\t\t<\/div>\n\t\t\t<\/div>\n<\/div>\n<\/section>\n\n\n<div class=\"wp-block-paragraph \">\n<p>Un diagn\u00f3stico de c\u00e1ncer afecta no solo a la persona diagnosticada, sino tambi\u00e9n a las parejas, familiares, amigos y sus hermanos y hermanas en la estaci\u00f3n. Examine los recursos disponibles de la Sociedad Americana del C\u00e1ncer para ayudar a aquellos que desean informaci\u00f3n sobre el c\u00e1ncer, a los diagnosticados con c\u00e1ncer y a los familiares o cuidadores que est\u00e1n apoyando a una persona diagnosticada con c\u00e1ncer. <\/p>\n<\/div>\n\n<div class=\"wp-block-paragraph \">\n<p>Toque el bot\u00f3n \u201cIr\u201d de arriba para que Ver acceda a una gran cantidad de recursos disponibles para nuestros hermanos, hermanas y sus cuidadores.<\/p>\n<\/div>\n\n<div class=\"wp-block-video-container u-bg-full-width u-halftone-bg-70\">\n<figure class=\"wp-block-embed is-type-video is-provider-youtube wp-block-embed-youtube wp-embed-aspect-16-9 wp-has-aspect-ratio\"><div class=\"wp-block-embed__wrapper\">\n<iframe title=\"IAFF and American Cancer Society (ACS) Partnership Announcement\" width=\"500\" height=\"281\" src=\"https:\/\/www.youtube.com\/embed\/WurJsxVZTXk?feature=oembed\" frameborder=\"0\" allow=\"accelerometer; autoplay; clipboard-write; encrypted-media; gyroscope; picture-in-picture; web-share\" referrerpolicy=\"strict-origin-when-cross-origin\" allowfullscreen><\/iframe>\n<\/div><figcaption class=\"wp-element-caption\">La ACS y AIB anunciaron una colaboraci\u00f3n hist\u00f3rica a largo plazo para ayudar a los bomberos y trabajadores de servicios m\u00e9dicos de emergencia con la detecci\u00f3n, tratamiento y prevenci\u00f3n del c\u00e1ncer en diciembre de 2001 en la ciudad de Nueva York.<\/figcaption><\/figure>\n<\/div>\n<\/div><\/section>\n<section\n\t class=\"page-blocks iaff-page-blocks align wp-block-acf-page-blocks\" id=\"page-blocks_block_6e277eedd70a29ddb198bd0074d39235\">\n\t<div class=\"acf-innerblocks-container\">\n<section\n\t class=\"section-header mb-10 align wp-block-acf-section-header\" id=\"section-header_block_c8d6cc5f44d3f08abae56ddfb93c75a6\">\n\t<div class=\"\">\n\t<div class=\"flex flex-col md:flex-row justify-between max-w-content gap-x-8 md:items-end flex-wrap\">\n\t\t<h2 class=\"text-heading-200 pb-[2px]\">\n\t\t\tEstilo de vida activo\t\t<\/h2>\n\n\t\t\t\t\t<div class=\"md:order-last w-full\">\n\t\t\t\t\n\n\t<div class=\"h-divider w-full bg-halftone-divider bg-right\"><\/div>\n\t\t\t<\/div>\n\t\t\n\t\t\t<\/div>\n<\/div>\n<\/section>\n\n\n<div class=\"wp-block-paragraph \">\n<p>La actividad f\u00edsica regular se asocia con un menor riesgo de padecer varios tipos de c\u00e1ncer. Tambi\u00e9n puede ayudar a reducir los s\u00edntomas relacionados con el c\u00e1ncer, como la fatiga, la ansiedad y la depresi\u00f3n. Adem\u00e1s, la actividad f\u00edsica ayuda a mejorar la funci\u00f3n f\u00edsica general, la salud \u00f3sea y la calidad del sue\u00f1o. Los expertos en oncolog\u00eda ahora Ver la actividad f\u00edsica regular como algo fundamental para ayudar a prevenir ciertos tipos de c\u00e1ncer y satisfacer mejor las necesidades de las personas que viven con c\u00e1ncer. Estos recursos tienen como objetivo compartir estrategias y consejos pr\u00e1cticos para ayudar a CUALQUIERA a ser m\u00e1s activo f\u00edsicamente, a la vez que sirven como recurso para destacar las \u00faltimas recomendaciones de actividad f\u00edsica para ayudar a reducir el riesgo de c\u00e1ncer y controlar los s\u00edntomas del c\u00e1ncer.    <\/p>\n<\/div>\n<\/div><\/section>\n<section\n\t class=\"page-blocks iaff-page-blocks align wp-block-acf-page-blocks\" id=\"page-blocks_block_6e277eedd70a29ddb198bd0074d39235\">\n\t<div class=\"acf-innerblocks-container\">\n<section\n\t class=\"section-header mb-10 align wp-block-acf-section-header\" id=\"section-header_block_1a6d3984c8193b9dd7b92e2440c8cd53\">\n\t<div class=\"\">\n\t<div class=\"flex flex-col md:flex-row justify-between max-w-content gap-x-8 md:items-end flex-wrap\">\n\t\t<h2 class=\"text-heading-200 pb-[2px]\">\n\t\t\tNutrici\u00f3n\t\t<\/h2>\n\n\t\t\t\t\t<div class=\"md:order-last w-full\">\n\t\t\t\t\n\n\t<div class=\"h-divider w-full bg-halftone-divider bg-right\"><\/div>\n\t\t\t<\/div>\n\t\t\n\t\t\t<\/div>\n<\/div>\n<\/section>\n\n\n<div class=\"wp-block-paragraph \">\n<p>Seguir un patr\u00f3n de alimentaci\u00f3n saludable durante toda la vida puede ayudar a reducir el riesgo de varios tipos de c\u00e1ncer. Estos recursos destacan consejos para incorporar elecciones y cambios que ayuden a lograr o mantener una dieta saludable. <\/p>\n<\/div>\n\n<div class=\"wp-block-list\">\n<ul class=\"wp-block-list\">\n<li><a href=\"https:\/\/www.iaff.org\/wp-content\/uploads\/2024\/07\/Diet-and-Physical-Activity-Cancer-Fact-Sheet-for-Patients-and-Caregivers-1.pdf\" target=\"_blank\" rel=\"noreferrer noopener\">Hoja informativa sobre dieta y actividad f\u00edsica en relaci\u00f3n con el c\u00e1ncer<\/a><\/li>\n\n\n\n<li><a href=\"https:\/\/www.iaff.org\/es\/nutricion-para-bomberos\/\" target=\"_blank\" rel=\"noreferrer noopener\">Programa de Nutrici\u00f3n de la AIB<\/a><\/li>\n<\/ul>\n<\/div>\n\n<section\n\t class=\"section-header mb-10 align wp-block-acf-section-header\" id=\"section-header_block_ff8e326514d3745d08af5d06aa23fb55\">\n\t<div class=\"\">\n\t<div class=\"flex flex-col md:flex-row justify-between max-w-content gap-x-8 md:items-end flex-wrap\">\n\t\t<h2 class=\"text-heading-200 pb-[2px]\">\n\t\t\tInformaci\u00f3n compartible\t\t<\/h2>\n\n\t\t\t\t\t<div class=\"md:order-last w-full\">\n\t\t\t\t\n\n\t<div class=\"h-divider w-full bg-halftone-divider bg-right\"><\/div>\n\t\t\t<\/div>\n\t\t\n\t\t\t<\/div>\n<\/div>\n<\/section>\n\n<\/div><\/section>\n<div class=\"wp-block-paragraph \">\n<p>Los siguientes recursos est\u00e1n dise\u00f1ados para que las delegaciones locales de la AIB los compartan con sus miembros para promover los beneficios proporcionados por la asociaci\u00f3n AIB-ACS.<\/p>\n<\/div><div class=\"wp-block-list\">\n<ul class=\"wp-block-list\">\n<li><a href=\"https:\/\/www.iaff.org\/wp-content\/uploads\/2024\/06\/IAFF-ACS_social-ads_1200x1200.jpg\" data-type=\"link\" data-id=\"https:\/\/www.iaff.org\/wp-content\/uploads\/2024\/06\/IAFF-ACS_social-ads_1200x1200.jpg\" target=\"_blank\" rel=\"noreferrer noopener\">Gr\u00e1fico para redes sociales<\/a><\/li>\n\n\n\n<li><a href=\"https:\/\/www.iaff.org\/wp-content\/uploads\/2024\/09\/ACS-IAFF-Presentation-for-IAFF-Locals-for-website-download-March-2024-_IAFF-editsKS.pptx\" data-type=\"link\" data-id=\"https:\/\/www.iaff.org\/wp-content\/uploads\/2024\/09\/ACS-IAFF-Presentation-for-IAFF-Locals-for-website-download-March-2024-_IAFF-editsKS.pptx\">Diapositivas de PowerPoint<\/a> <\/li>\n\n\n\n<li><a href=\"https:\/\/www.iaff.org\/wp-content\/uploads\/2024\/08\/IAFF-ACS-Overview-Document-8.2024.pdf\" target=\"_blank\" data-type=\"link\" data-id=\"https:\/\/www.iaff.org\/wp-content\/uploads\/Human_Relations\/EHRC\/2023_EHRC\/IAFF-ACS-Overview-Document-8.2024.pdf\" rel=\"noreferrer noopener\">Folleto<\/a><\/li>\n\n\n\n<li><a href=\"https:\/\/www.cancer.org\/research\/cancer-facts-statistics.html\" target=\"_blank\" data-type=\"link\" data-id=\"https:\/\/www.cancer.org\/research\/cancer-facts-statistics.html\" rel=\"noreferrer noopener\">Datos y cifras<\/a><\/li>\n<\/ul>\n<\/div><section\n\t class=\"page-blocks iaff-page-blocks align wp-block-acf-page-blocks\" id=\"page-blocks_block_6e277eedd70a29ddb198bd0074d39235\">\n\t<div class=\"acf-innerblocks-container\">\n<section\n\t class=\"callout-section pt-20 md:pt-[100px] bg-transparent align wp-block-acf-callout-section\" id=\"callout-section_block_1565e3bf62436b8d068c9f1ffd93bb62\">\n\t\t<div class=\"\">\n\t\t\t\t\t<header class=\"flex justify-between items-center max-w-content\">\n\t\t\t\t\t\t\t\t\t<!-- Render Headline-->\n\t\t\t\t\t<h2 class=\"text-heading-200\">\n\t\t\t\t\t\t<!-- Headline: font-heading, 500, 38px, smoke -->\n\t\t\t\t\t\tSociedad Canadiense del C\u00e1ncer\t\t\t\t\t<\/h2>\n\t\t\t\t\n\t\t\t\t\t\t\t<\/header>\n\n\t\t\t<!-- Border -->\n\t\t\t\t\t\t\t\t\t\t<div class=\"u-bleed-left\">\n\t\t\t\t\t\t\t\t\t\t\t<hr class=\"h-[6px] text-red border-red bg-red w-full my-0\" role=\"presentation\"\/>\n\t\t\t\t\t\n\t\t\t\t\t\t\t\t\t\t\t<div class=\"h-divider bg-right w-full bg-halftone-divider\" role=\"presentation\"><\/div>\n\t\t\t\t\t\t\t\t\t<\/div>\n\t\t\t\t\t\t<\/div>\n\n\t<!-- TODO: Constrain to content width -->\n\t<div class=\"w-full flex flex-col\">\n\t\t<!-- Callouts -->\n\t\t<div class=\"acf-innerblocks-container\">\n<section\n\t class=\"callout align wp-block-acf-callout\" id=\"callout_block_8b63beb1f407f24d4ae7e5b04babfd36\">\n\t<div class=\"grid md:grid-cols-2 gap-0\">\n\t\t<figure\n\t\t\tclass=\"grid place-items-center\"\n\t\t>\n\t\t\t\t\t\t\t<div class=\"relative\">\n\t\t\t\t\t<img decoding=\"async\" width=\"1256\" height=\"674\" src=\"https:\/\/www.iaff.org\/wp-content\/uploads\/logo_CCS_RGB_2C_EN-1256x674.png\" class=\"w-full block h-auto object-cover\" alt=\"\" srcset=\"https:\/\/www.iaff.org\/wp-content\/uploads\/logo_CCS_RGB_2C_EN-1256x674.png 1256w, https:\/\/www.iaff.org\/wp-content\/uploads\/logo_CCS_RGB_2C_EN-300x161.png 300w, https:\/\/www.iaff.org\/wp-content\/uploads\/logo_CCS_RGB_2C_EN-1024x550.png 1024w, https:\/\/www.iaff.org\/wp-content\/uploads\/logo_CCS_RGB_2C_EN-768x412.png 768w, https:\/\/www.iaff.org\/wp-content\/uploads\/logo_CCS_RGB_2C_EN-240x129.png 240w, https:\/\/www.iaff.org\/wp-content\/uploads\/logo_CCS_RGB_2C_EN.png 1321w\" sizes=\"(max-width: 1256px) 100vw, 1256px\" \/>\t\t\t\t\t<div class=\"u-halftone-overlay\"><\/div>\n\t\t\t\t<\/div>\n\t\t\t\t\t<\/figure>\n\t\t<div class=\"flex flex-col gap-2 py-[54px] text-smoke md:p-10 justify-center md:px-15\">\n\t\t\t\t\t\t\t<div class=\"font-heading text-[16px] leading-[1.3] pb-3\">\n\t\t\t\t\tRecursos y apoyo\t\t\t\t<\/div>\n\t\t\t\t\t\t\t\t\t\t\t\t\t<div class=\"font-sans font-350 text-[18px] leading-[1.5]\">\n\t\t\t\t\t<p>La Sociedad Canadiense del C\u00e1ncer ofrece un sistema de apoyo a nivel nacional para personas con c\u00e1ncer y sus familiares, amigos y cuidadores. Estamos aqu\u00ed para ayudar a responder sus preguntas y apoyarlo, ya sea que haya sido diagnosticado recientemente, est\u00e9 cuidando a un ser querido o est\u00e9 preocupado por su propio riesgo de c\u00e1ncer. Acceda a nuestros programas y servicios gratuitos que pueden ayudarlo a manejar la vida con c\u00e1ncer, incluyendo nuestros recursos de informaci\u00f3n, nuestra l\u00ednea de ayuda, nuestra comunidad de apoyo en l\u00ednea y mucho m\u00e1s.  <\/p>\n\t\t\t\t<\/div>\n\t\t\t\t\t\t\t\t\t\t<div class=\"flex flex-wrap gap-[30px] pt-10\">\n\t\t\t\t\t\t\t\t\t\t\t<!-- Renders the same as core\/button with a specific style -->\n\t<div\n\t\tclass=\"wp-block-button track-button-primary is-style-primary-red\"\n\t>\n\t\t<a class=\"wp-block-button__link wp-element-button cursor-pointer md:w-auto min-w-[156px]\" href=\"https:\/\/www.iaff.org\/es\/cancer\/sociedad-canadiense-del-cancer\/\">\n\t\t\tSociedad Canadiense del C\u00e1ncer\t\t<\/a>\n\t<\/div>\n\t\t\t\t\t\t\t\t\t<\/div>\n\t\t\t\t\t<\/div>\n\t<\/div>\n<\/section>\n\n<\/div>\n\t\t\t<\/div>\n<\/section>\n\n<\/div><\/section>\n","protected":false},"excerpt":{"rendered":"<p>Los siguientes recursos est\u00e1n dise\u00f1ados para que las delegaciones locales de la AIB los compartan con sus miembros para promover los beneficios proporcionados por la asociaci\u00f3n AIB-ACS.<\/p>\n","protected":false},"featured_media":0,"parent":0,"menu_order":0,"comment_status":"closed","ping_status":"closed","template":"","meta":{"_acf_changed":false,"_searchwp_excluded":"","inline_featured_image":false,"_EventAllDay":false,"_EventTimezone":"","_EventStartDate":"","_EventEndDate":"","_EventStartDateUTC":"","_EventEndDateUTC":"","_EventShowMap":false,"_EventShowMapLink":false,"_EventURL":"","_EventCost":"","_EventCostDescription":"","_EventCurrencySymbol":"","_EventCurrencyCode":"","_EventCurrencyPosition":"","_EventDateTimeSeparator":"","_EventTimeRangeSeparator":"","_EventOrganizerID":[],"_EventVenueID":[],"_OrganizerEmail":"","_OrganizerPhone":"","_OrganizerWebsite":"","_VenueAddress":"","_VenueCity":"","_VenueCountry":"","_VenueProvince":"","_VenueState":"","_VenueZip":"","_VenuePhone":"","_VenueURL":"","_VenueStateProvince":"","_VenueLat":"","_VenueLng":"","_VenueShowMap":false,"_VenueShowMapLink":false,"footnotes":""},"class_list":["post-95425","page","type-page","status-publish","hentry"],"acf":[],"publishpress_future_workflow_manual_trigger":{"enabledWorkflows":[]},"_links":{"self":[{"href":"https:\/\/www.iaff.org\/es\/wp-json\/wp\/v2\/pages\/95425","targetHints":{"allow":["GET"]}}],"collection":[{"href":"https:\/\/www.iaff.org\/es\/wp-json\/wp\/v2\/pages"}],"about":[{"href":"https:\/\/www.iaff.org\/es\/wp-json\/wp\/v2\/types\/page"}],"author":[{"embeddable":true,"href":"https:\/\/www.iaff.org\/es\/wp-json\/wp\/v2\/users\/5"}],"replies":[{"embeddable":true,"href":"https:\/\/www.iaff.org\/es\/wp-json\/wp\/v2\/comments?post=95425"}],"version-history":[{"count":0,"href":"https:\/\/www.iaff.org\/es\/wp-json\/wp\/v2\/pages\/95425\/revisions"}],"wp:attachment":[{"href":"https:\/\/www.iaff.org\/es\/wp-json\/wp\/v2\/media?parent=95425"}],"curies":[{"name":"wp","href":"https:\/\/api.w.org\/{rel}","templated":true}]}}