{"id":95080,"date":"2025-02-26T14:50:21","date_gmt":"2025-02-26T19:50:21","guid":{"rendered":"https:\/\/www.iaff.org\/historia-de-iaff\/historia-de-los-servicios-medicos-de-emergencia-basados-en-bomberos\/"},"modified":"2025-12-03T14:48:51","modified_gmt":"2025-12-03T19:48:51","slug":"historia-de-los-servicios-medicos-de-emergencia-basados-en-bomberos","status":"publish","type":"page","link":"https:\/\/www.iaff.org\/es\/historia-de-iaff\/historia-de-los-servicios-medicos-de-emergencia-basados-en-bomberos\/","title":{"rendered":"Historia de los servicios m\u00e9dicos de emergencia basados en bomberos"},"content":{"rendered":"<section\n\t class=\"secondary-hero align wp-block-acf-secondary-hero\" id=\"secondary-hero_block_f52e97aa5ce34cf3db2b872f8371575a\">\n\t\n<header\n\tclass=\"w-full u-bg-full-width px-[22px] md:ps-bleed md:pe-0 py-[60px] bg-smoke-5 text-black u-has-rivets u-rivets-dark\"\n\tdata-theme=\"gray\"\n>\n\t<div class=\"flex flex-col !px-0 !max-w-[1440px] w-full lg:!ps-indent\">\n\t\t<div class=\"border-t-[6px] w-full my-0 flex flex-col md:flex-row gap-x-[62px] gap-y-[22px] border-red\">\n\t\t\t\t\t\t<div class=\"w-full md:w-1\/2 md:py-[45px]\">\n\t\t\t\t<div class=\"max-w-[600px] flex flex-col gap-[22px]\">\n\t\t\t\t\t\t\t\t\t\t\t<h1 class=\"has-[.u-halftone-shadow--dark]:mb-divider has-[.u-halftone-shadow--light]:mb-divider pt-[22px] md:pt-0\">\n\t\t\t\t\t\t\t<span class=\"inline-flex text-heading-200 u-halftone-shadow--dark\">\n\t\t\t\t\t\t\t\tHistoria de los servicios m\u00e9dicos de emergencia basados en bomberos\t\t\t\t\t\t\t<\/span>\n\t\t\t\t\t\t<\/h1>\n\t\t\t\t\t\t\t\t\t\t\t\t\t\t\t\t\t\t\t\t\t\t\t\t\t\t\t\t\t<\/div>\n\t\t\t<\/div>\n\n\t\t<\/div>\n\t\t\t\t\t<div class=\"order-first flex justify-start w-full pb-[22px]\">\n\t\t\t\t<div\n\tclass=\"wp-block-button is-style-tertiary text-smoke is-style-tertiary-back\"\n>\n\t\t\t<a\n\t\t\thref=\"https:\/\/www.iaff.org\/es\/historia-de-iaff\/\"\n\t\t\tclass=\"wp-block-button__link wp-element-button group\"\n\t\t\t\t\t>\n\t\t\t<span\n\t\t\tclass=\"decoration-transparent underline underline-offset-2 group-hover:decoration-inherit group-focus-visible:decoration-inherit transition duration-hover\"\n\t\t>\n\t\t\tHistoria de la AIB\t\t<\/span>\n\n\t\t<span\n\t\t\tclass=\"bg-inherit transition-colors duration-hover group-hover:bg-gold group-focus:bg-gold inline-flex rotate-180 order-first\"\n\t\t>\n\t\t\t<svg xmlns=\"http:\/\/www.w3.org\/2000\/svg\" width=\"21\" height=\"22\" fill=\"none\" viewBox=\"0 0 21 22\"><path stroke=\"currentColor\" stroke-linecap=\"round\" stroke-width=\"2\" d=\"M20 20.75L20 2.25L1.5 2.25L1.5 20.75L20 20.75Z\" clip-rule=\"evenodd\"\/><path stroke=\"currentColor\" stroke-linecap=\"square\" stroke-width=\"2\" d=\"M14.0883 11.5L6.66406 11.5\"\/><path stroke=\"currentColor\" stroke-linecap=\"square\" stroke-width=\"2\" d=\"M11.0723 7.75205L14.8363 11.5L11.0723 15.248\"\/><\/svg>\t\t<\/span>\n\t<\/a><\/div>\n\t\t\t<\/div>\n\t\t\t<\/div>\n<\/header>\n<\/section>\n<div class=\"wp-block-paragraph \">\n<p>Ya sean t\u00e9cnicos en emergencias m\u00e9dicas que llegan a escenas de emergencia antes que las ambulancias o bomberos\/param\u00e9dicos con doble formaci\u00f3n que proporcionan habilidades avanzadas para salvar vidas, pr\u00e1cticamente todos los bomberos profesionales en los Estados Unidos desempe\u00f1an un papel crucial en la prestaci\u00f3n de servicios m\u00e9dicos de emergencia, teniendo virtualmente todas las comunidades alguna forma de sistema de servicio m\u00e9dico de emergencia (EMS).<\/p>\n<\/div><div class=\"wp-block-paragraph \">\n<p>La integraci\u00f3n generalizada de los servicios de bomberos y EMS comenz\u00f3 a mediados y finales de la d\u00e9cada de 1970, pero no sin un gran debate. En aquel momento, el EMS no se consideraba una misi\u00f3n de seguridad p\u00fablica, sino una misi\u00f3n m\u00e9dica. Los bomberos no eran contratados para realizar ese trabajo y no estaban interesados en la respuesta m\u00e9dica de emergencia, ya ten\u00edan suficiente con combatir incendios.  <\/p>\n<\/div>\n<figure class=\"wp-block-gallery has-nested-images columns-default wp-block-gallery-1 is-layout-flex wp-block-gallery-is-layout-flex\">\n<figure data-wp-context=\"{&quot;imageId&quot;:&quot;69ecd5cb390c5&quot;}\" data-wp-interactive=\"core\/image\" data-wp-key=\"69ecd5cb390c5\" class=\"wp-block-image aligncenter wp-lightbox-container\"><img decoding=\"async\" data-wp-class--hide=\"state.isContentHidden\" data-wp-class--show=\"state.isContentVisible\" data-wp-init=\"callbacks.setButtonStyles\" data-wp-on--click=\"actions.showLightbox\" data-wp-on--load=\"callbacks.setButtonStyles\" data-wp-on-window--resize=\"callbacks.setButtonStyles\" data-id=\"3491\" src=\"https:\/\/www.iaff.org\/wp-content\/uploads\/history\/2018\/04\/EMS-1.jpg\" alt=\"\" class=\"wp-image-3491\"><button\n\t\t\tclass=\"lightbox-trigger\"\n\t\t\ttype=\"button\"\n\t\t\taria-haspopup=\"dialog\"\n\t\t\taria-label=\"Enlarge\"\n\t\t\tdata-wp-init=\"callbacks.initTriggerButton\"\n\t\t\tdata-wp-on--click=\"actions.showLightbox\"\n\t\t\tdata-wp-style--right=\"state.imageButtonRight\"\n\t\t\tdata-wp-style--top=\"state.imageButtonTop\"\n\t\t>\n\t\t\t<svg xmlns=\"http:\/\/www.w3.org\/2000\/svg\" width=\"12\" height=\"12\" fill=\"none\" viewBox=\"0 0 12 12\">\n\t\t\t\t<path fill=\"#fff\" d=\"M2 0a2 2 0 0 0-2 2v2h1.5V2a.5.5 0 0 1 .5-.5h2V0H2Zm2 10.5H2a.5.5 0 0 1-.5-.5V8H0v2a2 2 0 0 0 2 2h2v-1.5ZM8 12v-1.5h2a.5.5 0 0 0 .5-.5V8H12v2a2 2 0 0 1-2 2H8Zm2-12a2 2 0 0 1 2 2v2h-1.5V2a.5.5 0 0 0-.5-.5H8V0h2Z\" \/>\n\t\t\t<\/svg>\n\t\t<\/button><\/figure>\n\n\n\n<figure data-wp-context=\"{&quot;imageId&quot;:&quot;69ecd5cb39ad6&quot;}\" data-wp-interactive=\"core\/image\" data-wp-key=\"69ecd5cb39ad6\" class=\"wp-block-image aligncenter wp-lightbox-container\"><img decoding=\"async\" data-wp-class--hide=\"state.isContentHidden\" data-wp-class--show=\"state.isContentVisible\" data-wp-init=\"callbacks.setButtonStyles\" data-wp-on--click=\"actions.showLightbox\" data-wp-on--load=\"callbacks.setButtonStyles\" data-wp-on-window--resize=\"callbacks.setButtonStyles\" data-id=\"3492\" src=\"https:\/\/www.iaff.org\/wp-content\/uploads\/history\/2018\/04\/EMS-3.jpg\" alt=\"\" class=\"wp-image-3492\"><button\n\t\t\tclass=\"lightbox-trigger\"\n\t\t\ttype=\"button\"\n\t\t\taria-haspopup=\"dialog\"\n\t\t\taria-label=\"Enlarge\"\n\t\t\tdata-wp-init=\"callbacks.initTriggerButton\"\n\t\t\tdata-wp-on--click=\"actions.showLightbox\"\n\t\t\tdata-wp-style--right=\"state.imageButtonRight\"\n\t\t\tdata-wp-style--top=\"state.imageButtonTop\"\n\t\t>\n\t\t\t<svg xmlns=\"http:\/\/www.w3.org\/2000\/svg\" width=\"12\" height=\"12\" fill=\"none\" viewBox=\"0 0 12 12\">\n\t\t\t\t<path fill=\"#fff\" d=\"M2 0a2 2 0 0 0-2 2v2h1.5V2a.5.5 0 0 1 .5-.5h2V0H2Zm2 10.5H2a.5.5 0 0 1-.5-.5V8H0v2a2 2 0 0 0 2 2h2v-1.5ZM8 12v-1.5h2a.5.5 0 0 0 .5-.5V8H12v2a2 2 0 0 1-2 2H8Zm2-12a2 2 0 0 1 2 2v2h-1.5V2a.5.5 0 0 0-.5-.5H8V0h2Z\" \/>\n\t\t\t<\/svg>\n\t\t<\/button><\/figure>\n\n\n\n<figure data-wp-context=\"{&quot;imageId&quot;:&quot;69ecd5cb39f53&quot;}\" data-wp-interactive=\"core\/image\" data-wp-key=\"69ecd5cb39f53\" class=\"wp-block-image aligncenter wp-lightbox-container\"><img decoding=\"async\" data-wp-class--hide=\"state.isContentHidden\" data-wp-class--show=\"state.isContentVisible\" data-wp-init=\"callbacks.setButtonStyles\" data-wp-on--click=\"actions.showLightbox\" data-wp-on--load=\"callbacks.setButtonStyles\" data-wp-on-window--resize=\"callbacks.setButtonStyles\" data-id=\"3500\" src=\"https:\/\/www.iaff.org\/wp-content\/uploads\/history\/2018\/04\/EMS-5.jpg\" alt=\"\" class=\"wp-image-3500\"><button\n\t\t\tclass=\"lightbox-trigger\"\n\t\t\ttype=\"button\"\n\t\t\taria-haspopup=\"dialog\"\n\t\t\taria-label=\"Enlarge\"\n\t\t\tdata-wp-init=\"callbacks.initTriggerButton\"\n\t\t\tdata-wp-on--click=\"actions.showLightbox\"\n\t\t\tdata-wp-style--right=\"state.imageButtonRight\"\n\t\t\tdata-wp-style--top=\"state.imageButtonTop\"\n\t\t>\n\t\t\t<svg xmlns=\"http:\/\/www.w3.org\/2000\/svg\" width=\"12\" height=\"12\" fill=\"none\" viewBox=\"0 0 12 12\">\n\t\t\t\t<path fill=\"#fff\" d=\"M2 0a2 2 0 0 0-2 2v2h1.5V2a.5.5 0 0 1 .5-.5h2V0H2Zm2 10.5H2a.5.5 0 0 1-.5-.5V8H0v2a2 2 0 0 0 2 2h2v-1.5ZM8 12v-1.5h2a.5.5 0 0 0 .5-.5V8H12v2a2 2 0 0 1-2 2H8Zm2-12a2 2 0 0 1 2 2v2h-1.5V2a.5.5 0 0 0-.5-.5H8V0h2Z\" \/>\n\t\t\t<\/svg>\n\t\t<\/button><\/figure>\n<\/figure>\n<div class=\"wp-block-paragraph \">\n<p>Sin embargo, con el tiempo, los bomberos aceptaron la naturaleza cambiante del trabajo. Al mismo tiempo, el EMS basado en los bomberos estaba siendo reconocido como un recurso cr\u00edtico para la atenci\u00f3n prehospitalaria rentable. El valor de utilizar bomberos tanto para la respuesta a incendios como para emergencias m\u00e9dicas es ahora un modelo aceptado para generar ingresos para los departamentos de bomberos y una oportunidad para que los bomberos aprendan nuevas habilidades. Lo m\u00e1s importante es que los sistemas de EMS basados en bomberos proporcionan una respuesta cr\u00edtica en tiempo y una atenci\u00f3n eficaz al paciente.   <\/p>\n<\/div><div class=\"wp-block-paragraph \">\n<p>Hoy en d\u00eda, el EMS basado en bomberos es una funci\u00f3n esencial en el servicio de bomberos, con casi el 90 por ciento de los departamentos de bomberos profesionales realizando alg\u00fan nivel de servicios m\u00e9dicos de emergencia, lo que convierte a los bomberos profesionales en el grupo m\u00e1s grande de proveedores de atenci\u00f3n de emergencia prehospitalaria en los Estados Unidos. Ninguna otra organizaci\u00f3n, p\u00fablica o privada, puede proporcionar una respuesta de emergencia prehospitalaria tan eficiente y efectivamente como los departamentos de bomberos. Los bomberos incuestionablemente mejoran la atenci\u00f3n al paciente bajo el modelo de EMS basado en bomberos.  <\/p>\n<\/div><div class=\"wp-block-paragraph \">\n<p>Los bomberos con doble funci\u00f3n y formaci\u00f3n cruzada est\u00e1n entrenados en extinci\u00f3n de incendios y respuesta m\u00e9dica de emergencia. Muchos de los proveedores originales de EMS prehospitalario en los Estados Unidos eran bomberos con formaci\u00f3n adicional especial para proporcionar servicios m\u00e9dicos durante emergencias que ocurr\u00edan fuera del hospital. Hoy en d\u00eda, pr\u00e1cticamente todos los bomberos reciben formaci\u00f3n m\u00e9dica de emergencia, ya sea en la escuela de reclutas o en el trabajo. Los bomberos tambi\u00e9n reciben paga extra por realizar respuesta m\u00e9dica de emergencia. Estos incentivos adicionales toman varias formas. Algunos son un diferencial porcentual por encima del salario base de un bombero. Otras formas incluyen estipendios mensuales, pago \u00fanico por certificaci\u00f3n o una cantidad fija mensual o anual.      <\/p>\n<\/div><div class=\"wp-block-paragraph \">\n<p>En los Estados Unidos, el EMS basado en bomberos contin\u00faa experimentando cambios significativos que han ampliado efectivamente el trabajo de los bomberos\/param\u00e9dicos para satisfacer necesidades que anteriormente solo eran proporcionadas por hospitales. Adem\u00e1s, los departamentos de bomberos eval\u00faan continuamente los sistemas actuales y proponen cambios para ayudarles a mantenerse econ\u00f3micamente viables y proteger la calidad y el valor de los sistemas de EMS basados en bomberos financiados con fondos p\u00fablicos. <\/p>\n<\/div>\n<figure data-wp-context=\"{&quot;imageId&quot;:&quot;69ecd5cb3baac&quot;}\" data-wp-interactive=\"core\/image\" data-wp-key=\"69ecd5cb3baac\" class=\"wp-block-image aligncenter is-resized wp-lightbox-container\"><img decoding=\"async\" data-wp-class--hide=\"state.isContentHidden\" data-wp-class--show=\"state.isContentVisible\" data-wp-init=\"callbacks.setButtonStyles\" data-wp-on--click=\"actions.showLightbox\" data-wp-on--load=\"callbacks.setButtonStyles\" data-wp-on-window--resize=\"callbacks.setButtonStyles\" src=\"https:\/\/www.iaff.org\/wp-content\/uploads\/history\/2018\/04\/EMS-2.jpg\" alt=\"\" class=\"wp-image-3495\" style=\"width:700px\"><button\n\t\t\tclass=\"lightbox-trigger\"\n\t\t\ttype=\"button\"\n\t\t\taria-haspopup=\"dialog\"\n\t\t\taria-label=\"Enlarge\"\n\t\t\tdata-wp-init=\"callbacks.initTriggerButton\"\n\t\t\tdata-wp-on--click=\"actions.showLightbox\"\n\t\t\tdata-wp-style--right=\"state.imageButtonRight\"\n\t\t\tdata-wp-style--top=\"state.imageButtonTop\"\n\t\t>\n\t\t\t<svg xmlns=\"http:\/\/www.w3.org\/2000\/svg\" width=\"12\" height=\"12\" fill=\"none\" viewBox=\"0 0 12 12\">\n\t\t\t\t<path fill=\"#fff\" d=\"M2 0a2 2 0 0 0-2 2v2h1.5V2a.5.5 0 0 1 .5-.5h2V0H2Zm2 10.5H2a.5.5 0 0 1-.5-.5V8H0v2a2 2 0 0 0 2 2h2v-1.5ZM8 12v-1.5h2a.5.5 0 0 0 .5-.5V8H12v2a2 2 0 0 1-2 2H8Zm2-12a2 2 0 0 1 2 2v2h-1.5V2a.5.5 0 0 0-.5-.5H8V0h2Z\" \/>\n\t\t\t<\/svg>\n\t\t<\/button><\/figure>\n<div class=\"wp-block-paragraph \">\n<p>Los nuevos desaf\u00edos incluyen oportunidades para integrar m\u00e1s plenamente la respuesta de EMS con el sistema de salud del pa\u00eds para reducir los costos para pacientes y proveedores de atenci\u00f3n m\u00e9dica y aumentar los ingresos para los gobiernos locales. La fiabilidad, movilidad y accesibilidad del EMS basado en bomberos coloca a los departamentos de bomberos en una posici\u00f3n \u00fanica para mejorar la seguridad p\u00fablica y apoyar las necesidades de atenci\u00f3n m\u00e9dica de las comunidades a las que sirven. <\/p>\n<\/div><div class=\"wp-block-paragraph \">\n<p>Est\u00e1 surgiendo un nuevo modelo en el EMS basado en bomberos llamado Proveedores de Atenci\u00f3n M\u00e9dica Comunitaria basados en Bomberos (o Param\u00e9dicos Comunitarios). La idea es formar a param\u00e9dicos o t\u00e9cnicos en emergencias m\u00e9dicas licenciados y certificados para proporcionar servicios de salud p\u00fablica m\u00e1s amplios fuera del departamento de emergencias o del hospital. <\/p>\n<\/div><div class=\"wp-block-paragraph \">\n<p>Las precauciones universales son un est\u00e1ndar de la industria para el control de infecciones. Toda la sangre humana y ciertos fluidos corporales humanos se tratan como si se supiera que son infecciosos para el virus de la inmunodeficiencia humana (VIH), el virus de la hepatitis B (VHB) y otros pat\u00f3genos transmitidos por la sangre. En muchos convenios colectivos en los Estados Unidos, hay cl\u00e1usulas que abordan las inoculaciones, pruebas y ex\u00e1menes, as\u00ed como el equipo de protecci\u00f3n personal (EPP) adecuado.  <\/p>\n<\/div>\n<figure data-wp-context=\"{&quot;imageId&quot;:&quot;69ecd5cb3c045&quot;}\" data-wp-interactive=\"core\/image\" data-wp-key=\"69ecd5cb3c045\" class=\"wp-block-image aligncenter is-resized wp-lightbox-container\"><img decoding=\"async\" data-wp-class--hide=\"state.isContentHidden\" data-wp-class--show=\"state.isContentVisible\" data-wp-init=\"callbacks.setButtonStyles\" data-wp-on--click=\"actions.showLightbox\" data-wp-on--load=\"callbacks.setButtonStyles\" data-wp-on-window--resize=\"callbacks.setButtonStyles\" src=\"https:\/\/www.iaff.org\/wp-content\/uploads\/history\/2018\/04\/EMS-4.jpg\" alt=\"\" class=\"wp-image-3499\" style=\"width:700px\"><button\n\t\t\tclass=\"lightbox-trigger\"\n\t\t\ttype=\"button\"\n\t\t\taria-haspopup=\"dialog\"\n\t\t\taria-label=\"Enlarge\"\n\t\t\tdata-wp-init=\"callbacks.initTriggerButton\"\n\t\t\tdata-wp-on--click=\"actions.showLightbox\"\n\t\t\tdata-wp-style--right=\"state.imageButtonRight\"\n\t\t\tdata-wp-style--top=\"state.imageButtonTop\"\n\t\t>\n\t\t\t<svg xmlns=\"http:\/\/www.w3.org\/2000\/svg\" width=\"12\" height=\"12\" fill=\"none\" viewBox=\"0 0 12 12\">\n\t\t\t\t<path fill=\"#fff\" d=\"M2 0a2 2 0 0 0-2 2v2h1.5V2a.5.5 0 0 1 .5-.5h2V0H2Zm2 10.5H2a.5.5 0 0 1-.5-.5V8H0v2a2 2 0 0 0 2 2h2v-1.5ZM8 12v-1.5h2a.5.5 0 0 0 .5-.5V8H12v2a2 2 0 0 1-2 2H8Zm2-12a2 2 0 0 1 2 2v2h-1.5V2a.5.5 0 0 0-.5-.5H8V0h2Z\" \/>\n\t\t\t<\/svg>\n\t\t<\/button><\/figure>\n<div class=\"wp-block-paragraph \">\n<p>El EMS no es un servicio que comienza con el transporte de una v\u00edctima a un centro de atenci\u00f3n de emergencia. Comienza con una llamada al 9-1-1 y el env\u00edo de personal m\u00e9dico de emergencia altamente capacitado y entrenado de los departamentos de bomberos locales que proporcionan niveles b\u00e1sicos y avanzados de atenci\u00f3n. A medida que los gobiernos locales y los tomadores de decisiones consideran planes estrat\u00e9gicos para un sistema de respuesta de emergencia para todos los peligros, el EMS debe incluirse en esas consideraciones como la agencia de respuesta de emergencia 9-1-1 prehospitalaria m\u00e1s id\u00f3nea.  <\/p>\n<\/div><div class=\"wp-block-paragraph \">\n<p>La realidad hoy en d\u00eda es que el servicio de bomberos en los Estados Unidos se ha convertido en el primer respondedor m\u00e9dico para enfermedades y lesiones cr\u00edticas en pr\u00e1cticamente todas las comunidades. Independientemente de la agencia que proporcione servicios de transporte m\u00e9dico, el servicio de bomberos es la agencia que primero presta servicios de atenci\u00f3n m\u00e9dica en el lugar bajo la mayor\u00eda de las condiciones de emergencia reales. Por lo tanto, la respuesta de emergencia prehospitalaria al 9-1-1, en apoyo de la salud, seguridad y prosperidad de la comunidad, no solo es una funci\u00f3n clave de cada comunidad, sino que se ha convertido, casi universalmente, en un deber principal del servicio de bomberos tambi\u00e9n.  <\/p>\n<\/div><div class=\"wp-block-paragraph \">\n<p>A\u00fan existe un gran debate en Canad\u00e1 sobre el papel de los bomberos en los servicios m\u00e9dicos de emergencia, alimentado por informaci\u00f3n enga\u00f1osa de proveedores de servicios rivales que temen que los bomberos eliminen puestos de trabajo de param\u00e9dicos en lugar de verlo como una oportunidad para trabajar conjuntamente en un sistema que prioriza a los pacientes. La gran mayor\u00eda de los bomberos en Canad\u00e1 est\u00e1n capacitados con habilidades m\u00e9dicas. <\/p>\n<\/div>\n<figure data-wp-context=\"{&quot;imageId&quot;:&quot;69ecd5cb3c5bc&quot;}\" data-wp-interactive=\"core\/image\" data-wp-key=\"69ecd5cb3c5bc\" class=\"wp-block-image aligncenter is-resized wp-lightbox-container\"><img decoding=\"async\" data-wp-class--hide=\"state.isContentHidden\" data-wp-class--show=\"state.isContentVisible\" data-wp-init=\"callbacks.setButtonStyles\" data-wp-on--click=\"actions.showLightbox\" data-wp-on--load=\"callbacks.setButtonStyles\" data-wp-on-window--resize=\"callbacks.setButtonStyles\" src=\"https:\/\/www.iaff.org\/wp-content\/uploads\/history\/2018\/04\/Elderly-pic.jpg\" alt=\"\" class=\"wp-image-3498\" style=\"width:700px\"><button\n\t\t\tclass=\"lightbox-trigger\"\n\t\t\ttype=\"button\"\n\t\t\taria-haspopup=\"dialog\"\n\t\t\taria-label=\"Enlarge\"\n\t\t\tdata-wp-init=\"callbacks.initTriggerButton\"\n\t\t\tdata-wp-on--click=\"actions.showLightbox\"\n\t\t\tdata-wp-style--right=\"state.imageButtonRight\"\n\t\t\tdata-wp-style--top=\"state.imageButtonTop\"\n\t\t>\n\t\t\t<svg xmlns=\"http:\/\/www.w3.org\/2000\/svg\" width=\"12\" height=\"12\" fill=\"none\" viewBox=\"0 0 12 12\">\n\t\t\t\t<path fill=\"#fff\" d=\"M2 0a2 2 0 0 0-2 2v2h1.5V2a.5.5 0 0 1 .5-.5h2V0H2Zm2 10.5H2a.5.5 0 0 1-.5-.5V8H0v2a2 2 0 0 0 2 2h2v-1.5ZM8 12v-1.5h2a.5.5 0 0 0 .5-.5V8H12v2a2 2 0 0 1-2 2H8Zm2-12a2 2 0 0 1 2 2v2h-1.5V2a.5.5 0 0 0-.5-.5H8V0h2Z\" \/>\n\t\t\t<\/svg>\n\t\t<\/button><\/figure>\n\n<h3 class=\"wp-block-heading\">CRONOLOG\u00cdA<\/h3>\n<div class=\"wp-block-paragraph \">\n<p>1940 \u2013 Columbus, Ohio, es el primer departamento de bomberos en los Estados Unidos en tener a todos sus miembros capacitados en primeros auxilios. Se requer\u00eda que los bomberos tuvieran al menos 30 horas de trabajo en primeros auxilios, sirvieran como instructores de primeros auxilios y tomaran cursos de salvamento acu\u00e1tico. <\/p>\n<\/div><div class=\"wp-block-paragraph \">\n<p>D\u00e9cada de 1960 \u2013 las experiencias de tratar a soldados heridos en Corea y Vietnam llevaron a los investigadores a estudiar las tasas de supervivencia de traumas, basadas en la atenci\u00f3n de emergencia. Para su sorpresa, descubrieron que los soldados gravemente heridos en Vietnam ten\u00edan una mejor tasa de supervivencia que las personas lesionadas en accidentes vehiculares en las autopistas y carreteras de Estados Unidos. <\/p>\n<\/div><div class=\"wp-block-paragraph \">\n<p>El informe valid\u00f3 que los servicios de ambulancia eran de naturaleza diversa y que la mayor\u00eda de las ambulancias utilizadas eran inadecuadas, ten\u00edan equipo incompleto, suministros insuficientes y estaban atendidas por asistentes sin capacitaci\u00f3n. Las recomendaciones para la prevenci\u00f3n y gesti\u00f3n de lesiones accidentales inclu\u00edan la estandarizaci\u00f3n de la formaci\u00f3n en emergencias para \u201cel personal de los equipos de rescate, polic\u00edas, bomberos y asistentes de ambulancia.\u201d <\/p>\n<\/div><div class=\"wp-block-paragraph \">\n<p>1966 \u2013 Una legislaci\u00f3n importante estaba en el centro del emergente Servicio M\u00e9dico de Emergencia (EMS) \u2013 la Ley Nacional de Seguridad en las Carreteras de 1966 fue creada para mejorar la seguridad vial y regular los EMS. Esta Ley condujo al primer plan de estudios nacionalmente reconocido para EMS \u2013 T\u00e9cnico en Emergencias M\u00e9dicas-Ambulancia (EMT-A), que se public\u00f3 en 1969. <\/p>\n<\/div><div class=\"wp-block-paragraph \">\n<p>1972 \u2013 La atenci\u00f3n de nivel avanzado \u2013 al menos como era percibida por el p\u00fablico \u2013 fue influenciada por el ic\u00f3nico programa de televisi\u00f3n, Emergency!, que mostraba a los param\u00e9dicos proporcionando atenci\u00f3n de una manera avanzada nunca antes vista.<\/p>\n<\/div>","protected":false},"excerpt":{"rendered":"<p>Ya sean t\u00e9cnicos en emergencias m\u00e9dicas que llegan a escenas de emergencia antes que las ambulancias o bomberos\/param\u00e9dicos con doble formaci\u00f3n que proporcionan habilidades avanzadas para salvar vidas, pr\u00e1cticamente todos [&hellip;]<\/p>\n","protected":false},"featured_media":0,"parent":95126,"menu_order":0,"comment_status":"closed","ping_status":"closed","template":"","meta":{"_acf_changed":false,"_searchwp_excluded":"","inline_featured_image":false,"_EventAllDay":false,"_EventTimezone":"","_EventStartDate":"","_EventEndDate":"","_EventStartDateUTC":"","_EventEndDateUTC":"","_EventShowMap":false,"_EventShowMapLink":false,"_EventURL":"","_EventCost":"","_EventCostDescription":"","_EventCurrencySymbol":"","_EventCurrencyCode":"","_EventCurrencyPosition":"","_EventDateTimeSeparator":"","_EventTimeRangeSeparator":"","_EventOrganizerID":[],"_EventVenueID":[],"_OrganizerEmail":"","_OrganizerPhone":"","_OrganizerWebsite":"","_VenueAddress":"","_VenueCity":"","_VenueCountry":"","_VenueProvince":"","_VenueState":"","_VenueZip":"","_VenuePhone":"","_VenueURL":"","_VenueStateProvince":"","_VenueLat":"","_VenueLng":"","_VenueShowMap":false,"_VenueShowMapLink":false,"footnotes":""},"class_list":["post-95080","page","type-page","status-publish","hentry"],"acf":[],"publishpress_future_workflow_manual_trigger":{"enabledWorkflows":[]},"_links":{"self":[{"href":"https:\/\/www.iaff.org\/es\/wp-json\/wp\/v2\/pages\/95080","targetHints":{"allow":["GET"]}}],"collection":[{"href":"https:\/\/www.iaff.org\/es\/wp-json\/wp\/v2\/pages"}],"about":[{"href":"https:\/\/www.iaff.org\/es\/wp-json\/wp\/v2\/types\/page"}],"author":[{"embeddable":true,"href":"https:\/\/www.iaff.org\/es\/wp-json\/wp\/v2\/users\/3"}],"replies":[{"embeddable":true,"href":"https:\/\/www.iaff.org\/es\/wp-json\/wp\/v2\/comments?post=95080"}],"version-history":[{"count":0,"href":"https:\/\/www.iaff.org\/es\/wp-json\/wp\/v2\/pages\/95080\/revisions"}],"up":[{"embeddable":true,"href":"https:\/\/www.iaff.org\/es\/wp-json\/wp\/v2\/pages\/95126"}],"wp:attachment":[{"href":"https:\/\/www.iaff.org\/es\/wp-json\/wp\/v2\/media?parent=95080"}],"curies":[{"name":"wp","href":"https:\/\/api.w.org\/{rel}","templated":true}]}}