{"id":94040,"date":"2019-06-24T16:16:36","date_gmt":"2019-06-24T20:16:36","guid":{"rendered":"https:\/\/www.iaff.org\/politica-del-logotipo-de-iaff\/"},"modified":"2026-02-03T15:33:56","modified_gmt":"2026-02-03T20:33:56","slug":"politica-del-logotipo-de-iaff","status":"publish","type":"page","link":"https:\/\/www.iaff.org\/es\/politica-del-logotipo-de-iaff\/","title":{"rendered":"Pol\u00edtica del logotipo de la AIB"},"content":{"rendered":"<section\n\t class=\"secondary-hero align wp-block-acf-secondary-hero\" id=\"secondary-hero_block_0bf213eba284dc448bb0ca7024c04840\">\n\t\n<header\n\tclass=\"w-full u-bg-full-width px-[22px] md:ps-bleed md:pe-0 py-[60px] bg-smoke-5 text-black u-has-rivets u-rivets-dark\"\n\tdata-theme=\"gray\"\n>\n\t<div class=\"flex flex-col !px-0 !max-w-[1440px] w-full lg:!ps-indent\">\n\t\t<div class=\"border-t-[6px] w-full my-0 flex flex-col md:flex-row gap-x-[62px] gap-y-[22px] border-red\">\n\t\t\t\t\t\t<div class=\"w-full md:w-1\/2 md:py-[45px]\">\n\t\t\t\t<div class=\"max-w-[600px] flex flex-col gap-[22px]\">\n\t\t\t\t\t\t\t\t\t\t\t<h1 class=\"has-[.u-halftone-shadow--dark]:mb-divider has-[.u-halftone-shadow--light]:mb-divider pt-[22px] md:pt-0\">\n\t\t\t\t\t\t\t<span class=\"inline-flex text-heading-200 u-halftone-shadow--dark\">\n\t\t\t\t\t\t\t\tPol\u00edtica del logotipo de la AIB\t\t\t\t\t\t\t<\/span>\n\t\t\t\t\t\t<\/h1>\n\t\t\t\t\t\t\t\t\t\t\t\t\t\t\t\t\t\t\t\t\t\t\t\t\t\t\t\t\t<\/div>\n\t\t\t<\/div>\n\n\t\t<\/div>\n\t\t\t\t\t<div class=\"order-first flex justify-start w-full pb-[22px]\">\n\t\t\t\t<div\n\tclass=\"wp-block-button is-style-tertiary text-smoke is-style-tertiary-back\"\n>\n\t\t\t<a\n\t\t\thref=\"https:\/\/www.iaff.org\/es\/guias-del-logotipo\/\"\n\t\t\tclass=\"wp-block-button__link wp-element-button group\"\n\t\t\t\t\t>\n\t\t\t<span\n\t\t\tclass=\"decoration-transparent underline underline-offset-2 group-hover:decoration-inherit group-focus-visible:decoration-inherit transition duration-hover\"\n\t\t>\n\t\t\tGu\u00edas del logotipo\t\t<\/span>\n\n\t\t<span\n\t\t\tclass=\"bg-inherit transition-colors duration-hover group-hover:bg-gold group-focus:bg-gold inline-flex rotate-180 order-first\"\n\t\t>\n\t\t\t<svg xmlns=\"http:\/\/www.w3.org\/2000\/svg\" width=\"21\" height=\"22\" fill=\"none\" viewBox=\"0 0 21 22\"><path stroke=\"currentColor\" stroke-linecap=\"round\" stroke-width=\"2\" d=\"M20 20.75L20 2.25L1.5 2.25L1.5 20.75L20 20.75Z\" clip-rule=\"evenodd\"\/><path stroke=\"currentColor\" stroke-linecap=\"square\" stroke-width=\"2\" d=\"M14.0883 11.5L6.66406 11.5\"\/><path stroke=\"currentColor\" stroke-linecap=\"square\" stroke-width=\"2\" d=\"M11.0723 7.75205L14.8363 11.5L11.0723 15.248\"\/><\/svg>\t\t<\/span>\n\t<\/a><\/div>\n\t\t\t<\/div>\n\t\t\t<\/div>\n<\/header>\n<\/section>\n<section\n\t class=\"page-blocks iaff-page-blocks align wp-block-acf-page-blocks\" id=\"page-blocks_block_4bcee028b56b94f0e603aecf120a4432\">\n\t<div class=\"acf-innerblocks-container\">\n<div class=\"wp-block-paragraph \">\n<p><strong>I. Requisitos generales<\/strong><\/p>\n<\/div>\n\n<div class=\"wp-block-paragraph \">\n<p>El logotipo y las marcas de la AIB solo se pueden utilizar con el permiso de la AIB y de acuerdo con esta pol\u00edtica.<\/p>\n<\/div>\n\n<div class=\"wp-block-paragraph \">\n<p>El logotipo debe aparecer siempre en su forma original y con los colores aprobados, sin alteraciones ni distorsiones, y mostrarse sobre fondos que preserven la legibilidad y el contraste. Consulte la <a href=\"https:\/\/www.iaff.org\/download\/120019\/?tmstv=1770144232&amp;v=120020\">Gu\u00eda de Marca de la AIB<\/a> para obtener m\u00e1s informaci\u00f3n sobre el uso adecuado del logotipo. <\/p>\n<\/div>\n\n<div class=\"wp-block-paragraph \">\n<p>Todos los productos que muestren el logotipo o las marcas deben ser de fabricaci\u00f3n sindical o, si no est\u00e1n disponibles, fabricados en los Estados Unidos o Canad\u00e1. El uso no autorizado est\u00e1 prohibido y est\u00e1 sujeto a acciones legales. <\/p>\n<\/div>\n\n<div class=\"wp-block-paragraph \">\n<p><strong>II. Uso por parte de los afiliados de la AIB <\/strong><\/p>\n<\/div>\n\n<div class=\"wp-block-paragraph \">\n<p>Los afiliados pueden utilizar el logotipo y las marcas de la AIB sin aprobaci\u00f3n previa para asuntos oficiales de la Asociaci\u00f3n, como tarjetas de visita, papeler\u00eda, sitios web, redes sociales y ropa producida \u00fanicamente para el uso de los miembros y no para la reventa.<\/p>\n<\/div>\n\n<div class=\"wp-block-paragraph \">\n<p>Cualquier uso del logotipo o las marcas con fines de recaudaci\u00f3n de fondos o comerciales (incluidas pegatinas, ropa u otra mercanc\u00eda para la venta al p\u00fablico) requiere la aprobaci\u00f3n previa del Consejo Ejecutivo de la AIB.<\/p>\n<\/div>\n\n<div class=\"wp-block-paragraph \">\n<p><strong>III. Uso por parte de empresas y no afiliados <\/strong><\/p>\n<\/div>\n\n<div class=\"wp-block-paragraph \">\n<p>Todos los proveedores, empresas y no afiliados a la AIB deben obtener la aprobaci\u00f3n del Consejo Ejecutivo de la AIB antes de utilizar el logotipo o las marcas de la AIB.<\/p>\n<\/div>\n\n<div class=\"wp-block-paragraph \">\n<p>Las solicitudes deben incluir una solicitud completa, muestras f\u00edsicas o maquetas digitales que muestren el uso propuesto de las marcas registradas de la AIB en su forma completa, y una carta de apoyo de un presidente afiliado a la AIB o de un funcionario internacional.<\/p>\n<\/div>\n\n<div class=\"wp-block-paragraph \">\n<p><strong>IV. Proceso de solicitud <\/strong><\/p>\n<\/div>\n\n<div class=\"wp-block-paragraph \">\n<p>Las <a href=\"https:\/\/www.iaff.org\/wp-content\/uploads\/LOGOAPP.Kelly_.pdf\">solicitudes para utilizar el logotipo y las marcas de la AIB<\/a> deben enviarse a la Oficina del Presidente General para su revisi\u00f3n y aprobaci\u00f3n por parte del Comit\u00e9 Ejecutivo de la AIB. Las solicitudes se examinan trimestralmente. Las muestras pasar\u00e1n a ser propiedad de la AIB, a menos que se solicite espec\u00edficamente su devoluci\u00f3n. No se tendr\u00e1n en cuenta las solicitudes incompletas.<\/p>\n<\/div>\n\n<div class=\"wp-block-paragraph \">\n<p><strong>V. Tarifas y derechos<\/strong><\/p>\n<\/div>\n\n<div class=\"wp-block-paragraph \">\n<p>La AIB cobra una tarifa de licencia anual y un porcentaje sobre las ventas de productos que utilizan el logotipo o las marcas de la AIB.<\/p>\n<\/div>\n\n<div class=\"wp-block-paragraph \">\n<p>Afiliado de la AIB:<\/p>\n<\/div>\n\n<div class=\"wp-block-list\">\n<ul class=\"wp-block-list\">\n<li>Tarifa anual: 200 $ <\/li>\n\n\n\n<li>Tasa de derechos: 2% de las ventas brutas <\/li>\n\n\n\n<li>Calendario de pagos: 30 de abril (que cubre de octubre a marzo) y 31 de octubre (que cubre de abril a septiembre)<\/li>\n<\/ul>\n<\/div>\n\n<div class=\"wp-block-paragraph \">\n<p>Empresas y no afiliados:<\/p>\n<\/div>\n\n<div class=\"wp-block-list\">\n<ul class=\"wp-block-list\">\n<li>Tarifa anual: 2.500 $ <\/li>\n\n\n\n<li>Tasa de derechos: 5% de las ventas brutas <\/li>\n\n\n\n<li>Calendario de pagos: 30 de abril (que cubre de octubre a marzo) y 31 de octubre (que cubre de abril a septiembre)<\/li>\n<\/ul>\n<\/div>\n\n<div class=\"wp-block-paragraph \">\n<p>Los pagos deben realizarse semestralmente y deben ir acompa\u00f1ados de un informe de ventas. La AIB se reserva el derecho de inspeccionar y auditar, si es necesario, cualquier libro y registro relacionado con las cantidades pagaderas a la AIB.<\/p>\n<\/div>\n\n<div class=\"wp-block-paragraph \">\n<p><strong>VI. Emisi\u00f3n de una licencia <\/strong><\/p>\n<\/div>\n\n<div class=\"wp-block-paragraph \">\n<p>Cada afiliado, empresa y no afiliado de la AIB aprobado para utilizar el logotipo o las marcas de la AIB recibir\u00e1 una licencia de la AIB que establece los t\u00e9rminos de uso. El afiliado, la empresa o el no afiliado est\u00e1n obligados a cumplir todos y cada uno de los t\u00e9rminos de la licencia. <\/p>\n<\/div>\n\n<div class=\"wp-block-paragraph \">\n<p>Cuando se requiere que un afiliado, empresa o no afiliado renueve peri\u00f3dicamente la licencia, es responsabilidad del afiliado, empresa o no afiliado buscar la renovaci\u00f3n oportuna de su licencia para evitar que la licencia deje de ser efectiva.<\/p>\n<\/div>\n\n<div class=\"wp-block-paragraph \">\n<p><strong>VII. Atribuci\u00f3n <\/strong><\/p>\n<\/div>\n\n<div class=\"wp-block-paragraph \">\n<p>Todos los afiliados, empresas y no afiliados aprobados de la AIB con licencia para utilizar el logotipo o las marcas de la AIB deben incluir la siguiente declaraci\u00f3n en los materiales de marketing:<\/p>\n<\/div>\n\n<div class=\"wp-block-paragraph \">\n<p>\u201cEl logotipo y las marcas denominativas de la AIB son marcas registradas de la International Association of Fire Fighters, utilizadas bajo licencia\u201d<\/p>\n<\/div>\n\n<div class=\"wp-block-paragraph \">\n<p><strong>VIII. Revocaci\u00f3n <\/strong><\/p>\n<\/div>\n\n<div class=\"wp-block-paragraph \">\n<p>El incumplimiento de cualquiera de los t\u00e9rminos de la licencia, la falta de presentaci\u00f3n de los derechos y los informes en los plazos semestrales, el incumplimiento de la garant\u00eda m\u00ednima anual o la violaci\u00f3n de esta pol\u00edtica dar\u00e1n lugar a la revocaci\u00f3n de la licencia. Las entidades cuya licencia sea revocada pueden volver a solicitarla, pero el Consejo Ejecutivo de la AIB puede imponer nuevos t\u00e9rminos y tarifas tras la nueva aprobaci\u00f3n. <\/p>\n<\/div>\n<\/div><\/section>\n","protected":false},"excerpt":{"rendered":"","protected":false},"featured_media":0,"parent":0,"menu_order":0,"comment_status":"closed","ping_status":"closed","template":"","meta":{"_acf_changed":false,"_searchwp_excluded":"","inline_featured_image":false,"_EventAllDay":false,"_EventTimezone":"","_EventStartDate":"","_EventEndDate":"","_EventStartDateUTC":"","_EventEndDateUTC":"","_EventShowMap":false,"_EventShowMapLink":false,"_EventURL":"","_EventCost":"","_EventCostDescription":"","_EventCurrencySymbol":"","_EventCurrencyCode":"","_EventCurrencyPosition":"","_EventDateTimeSeparator":"","_EventTimeRangeSeparator":"","_EventOrganizerID":[],"_EventVenueID":[],"_OrganizerEmail":"","_OrganizerPhone":"","_OrganizerWebsite":"","_VenueAddress":"","_VenueCity":"","_VenueCountry":"","_VenueProvince":"","_VenueState":"","_VenueZip":"","_VenuePhone":"","_VenueURL":"","_VenueStateProvince":"","_VenueLat":"","_VenueLng":"","_VenueShowMap":false,"_VenueShowMapLink":false,"footnotes":""},"class_list":["post-94040","page","type-page","status-publish","hentry"],"acf":[],"publishpress_future_workflow_manual_trigger":{"enabledWorkflows":[]},"_links":{"self":[{"href":"https:\/\/www.iaff.org\/es\/wp-json\/wp\/v2\/pages\/94040","targetHints":{"allow":["GET"]}}],"collection":[{"href":"https:\/\/www.iaff.org\/es\/wp-json\/wp\/v2\/pages"}],"about":[{"href":"https:\/\/www.iaff.org\/es\/wp-json\/wp\/v2\/types\/page"}],"author":[{"embeddable":true,"href":"https:\/\/www.iaff.org\/es\/wp-json\/wp\/v2\/users\/18"}],"replies":[{"embeddable":true,"href":"https:\/\/www.iaff.org\/es\/wp-json\/wp\/v2\/comments?post=94040"}],"version-history":[{"count":0,"href":"https:\/\/www.iaff.org\/es\/wp-json\/wp\/v2\/pages\/94040\/revisions"}],"wp:attachment":[{"href":"https:\/\/www.iaff.org\/es\/wp-json\/wp\/v2\/media?parent=94040"}],"curies":[{"name":"wp","href":"https:\/\/api.w.org\/{rel}","templated":true}]}}