{"id":94035,"date":"2019-05-11T04:28:13","date_gmt":"2019-05-11T08:28:13","guid":{"rendered":"https:\/\/www.iaff.org\/guias-del-logotipo\/"},"modified":"2025-12-03T14:50:56","modified_gmt":"2025-12-03T19:50:56","slug":"guias-del-logotipo","status":"publish","type":"page","link":"https:\/\/www.iaff.org\/es\/guias-del-logotipo\/","title":{"rendered":"Gu\u00edas del logotipo"},"content":{"rendered":"<section\n\t class=\"secondary-hero align wp-block-acf-secondary-hero\" id=\"secondary-hero_block_7d2a5e24fad16de8ae8c8d2adcaa6805\">\n\t\n<header\n\tclass=\"w-full u-bg-full-width px-[22px] md:ps-bleed md:pe-0 py-[60px] bg-blue text-white u-has-rivets\"\n\tdata-theme=\"navy\"\n>\n\t<div class=\"flex flex-col !px-0 !max-w-[1440px] w-full lg:!ps-indent\">\n\t\t<div class=\"border-t-[6px] w-full my-0 flex flex-col md:flex-row gap-x-[62px] gap-y-[22px] border-gold\">\n\t\t\t\t\t\t\t<div class=\"relative grid md:order-last md:w-1\/2 overflow-hidden place-items-center max-h-[500px]\">\n\t\t\t\t\t<img decoding=\"async\" width=\"240\" height=\"240\" src=\"https:\/\/www.iaff.org\/wp-content\/uploads\/2024\/02\/iaff-logo-fullcolor-Print-2-240x240.png\" class=\"max-w-full\" alt=\"\" srcset=\"https:\/\/www.iaff.org\/wp-content\/uploads\/2024\/02\/iaff-logo-fullcolor-Print-2-240x240.png 240w, https:\/\/www.iaff.org\/wp-content\/uploads\/2024\/02\/iaff-logo-fullcolor-Print-2-300x300.png 300w, https:\/\/www.iaff.org\/wp-content\/uploads\/2024\/02\/iaff-logo-fullcolor-Print-2-1024x1024.png 1024w, https:\/\/www.iaff.org\/wp-content\/uploads\/2024\/02\/iaff-logo-fullcolor-Print-2-150x150.png 150w, https:\/\/www.iaff.org\/wp-content\/uploads\/2024\/02\/iaff-logo-fullcolor-Print-2-768x768.png 768w, https:\/\/www.iaff.org\/wp-content\/uploads\/2024\/02\/iaff-logo-fullcolor-Print-2-1536x1536.png 1536w, https:\/\/www.iaff.org\/wp-content\/uploads\/2024\/02\/iaff-logo-fullcolor-Print-2-800x800.png 800w, https:\/\/www.iaff.org\/wp-content\/uploads\/2024\/02\/iaff-logo-fullcolor-Print-2-810x810.png 810w, https:\/\/www.iaff.org\/wp-content\/uploads\/2024\/02\/iaff-logo-fullcolor-Print-2.png 1678w\" sizes=\"(max-width: 240px) 100vw, 240px\" \/>\t\t\t\t<\/div>\n\t\t\t\t\t\t<div class=\"w-full md:w-1\/2 md:py-[45px]\">\n\t\t\t\t<div class=\"max-w-[600px] flex flex-col gap-[22px]\">\n\t\t\t\t\t\t\t\t\t\t\t<h1 class=\"has-[.u-halftone-shadow--dark]:mb-divider has-[.u-halftone-shadow--light]:mb-divider\">\n\t\t\t\t\t\t\t<span class=\"inline-flex text-heading-200 u-halftone-shadow--light\">\n\t\t\t\t\t\t\t\tGu\u00edas del logotipo\t\t\t\t\t\t\t<\/span>\n\t\t\t\t\t\t<\/h1>\n\t\t\t\t\t\t\t\t\t\t\t\t\t\t\t\t\t\t\t\t\t\t\t\t\t\t\t\t\t<\/div>\n\t\t\t<\/div>\n\n\t\t<\/div>\n\t\t\t<\/div>\n<\/header>\n<\/section>\n<section\n\t class=\"page-blocks iaff-page-blocks align wp-block-acf-page-blocks\" id=\"page-blocks_block_fc7fa4f495e69208b7ea50ec9176aee1\">\n\t<div class=\"acf-innerblocks-container\">\n<div class=\"wp-block-paragraph \">\n<p>El logotipo de la AIB es propiedad de la AIB y est\u00e1 protegido por marca registrada. Los afiliados de la AIB tienen permiso para usar el logotipo de la AIB para fines sindicales oficiales (tarjetas de visita, membretes, etc.) sin la aprobaci\u00f3n previa del Consejo Ejecutivo. Los productos con licencia para mostrar el logotipo deben ser de fabricaci\u00f3n sindical o, cuando los productos sindicales no est\u00e9n disponibles, fabricados en los Estados Unidos y Canad\u00e1. <\/p>\n<\/div>\n\n<div class=\"wp-block-paragraph \">\n<p>Se requiere la aprobaci\u00f3n de la AIB para todas las personas, proveedores, empresas, afiliados de la AIB y otras entidades que soliciten la aprobaci\u00f3n para el uso del logotipo. Los solicitantes deben leer la <a href=\"https:\/\/www.iaff.org\/es\/politica-del-logotipo-de-iaff\/\" target=\"_blank\" rel=\"noreferrer noopener\">pol\u00edtica del logotipo de la AIB<\/a> y completar una <a href=\"https:\/\/www.iaff.org\/wp-content\/uploads\/LOGOAPP.Kelly_.pdf\" target=\"_blank\" rel=\"noreferrer noopener\">solicitud de logotipo<\/a>, acompa\u00f1ada de muestras del producto o productos que llevar\u00e1n el logotipo de la AIB, junto con una carta de apoyo de un presidente afiliado de la AIB. <\/p>\n<\/div>\n\n<div class=\"wp-block-paragraph \">\n<p>La reproducci\u00f3n de alta resoluci\u00f3n del logotipo oficial de IAFF est\u00e1 disponible para los funcionarios sindicales. <a href=\"https:\/\/www.iaff.org\/es\/logotipos-de-iaff\/\" target=\"_blank\" data-type=\"page\" data-id=\"3881\" rel=\"noreferrer noopener\">Haga clic aqu\u00ed<\/a> (se requiere inicio de sesi\u00f3n) para descargar los logotipos. Para obtener asistencia, env\u00ede un correo electr\u00f3nico a <a href=\"mailto:communications@iaff.org\">communications@iaff.org<\/a>. <\/p>\n<\/div>\n\n<div class=\"wp-block-paragraph \">\n<p>Consulte todos los proveedores aprobados del logotipo de AIB <a href=\"https:\/\/www.iaff.org\/es\/vendedores-aprobados-para-el-uso-del-logotipo-de-iaff\/\" target=\"_blank\" rel=\"noreferrer noopener\">aqu\u00ed<\/a>. <\/p>\n<\/div>\n<\/div><\/section>\n","protected":false},"excerpt":{"rendered":"","protected":false},"featured_media":0,"parent":0,"menu_order":0,"comment_status":"closed","ping_status":"closed","template":"","meta":{"_acf_changed":false,"_searchwp_excluded":"","inline_featured_image":false,"_EventAllDay":false,"_EventTimezone":"","_EventStartDate":"","_EventEndDate":"","_EventStartDateUTC":"","_EventEndDateUTC":"","_EventShowMap":false,"_EventShowMapLink":false,"_EventURL":"","_EventCost":"","_EventCostDescription":"","_EventCurrencySymbol":"","_EventCurrencyCode":"","_EventCurrencyPosition":"","_EventDateTimeSeparator":"","_EventTimeRangeSeparator":"","_EventOrganizerID":[],"_EventVenueID":[],"_OrganizerEmail":"","_OrganizerPhone":"","_OrganizerWebsite":"","_VenueAddress":"","_VenueCity":"","_VenueCountry":"","_VenueProvince":"","_VenueState":"","_VenueZip":"","_VenuePhone":"","_VenueURL":"","_VenueStateProvince":"","_VenueLat":"","_VenueLng":"","_VenueShowMap":false,"_VenueShowMapLink":false,"footnotes":""},"class_list":["post-94035","page","type-page","status-publish","hentry"],"acf":[],"publishpress_future_workflow_manual_trigger":{"enabledWorkflows":[]},"_links":{"self":[{"href":"https:\/\/www.iaff.org\/es\/wp-json\/wp\/v2\/pages\/94035","targetHints":{"allow":["GET"]}}],"collection":[{"href":"https:\/\/www.iaff.org\/es\/wp-json\/wp\/v2\/pages"}],"about":[{"href":"https:\/\/www.iaff.org\/es\/wp-json\/wp\/v2\/types\/page"}],"author":[{"embeddable":true,"href":"https:\/\/www.iaff.org\/es\/wp-json\/wp\/v2\/users\/10"}],"replies":[{"embeddable":true,"href":"https:\/\/www.iaff.org\/es\/wp-json\/wp\/v2\/comments?post=94035"}],"version-history":[{"count":0,"href":"https:\/\/www.iaff.org\/es\/wp-json\/wp\/v2\/pages\/94035\/revisions"}],"wp:attachment":[{"href":"https:\/\/www.iaff.org\/es\/wp-json\/wp\/v2\/media?parent=94035"}],"curies":[{"name":"wp","href":"https:\/\/api.w.org\/{rel}","templated":true}]}}