{"id":94029,"date":"2019-04-22T11:59:27","date_gmt":"2019-04-22T15:59:27","guid":{"rendered":"https:\/\/www.iaff.org\/centro-de-informacion-laboral\/"},"modified":"2026-04-08T16:24:33","modified_gmt":"2026-04-08T20:24:33","slug":"centro-de-informacion-laboral","status":"publish","type":"page","link":"https:\/\/www.iaff.org\/es\/centro-de-informacion-laboral\/","title":{"rendered":"Centro de Informaci\u00f3n Laboral"},"content":{"rendered":"<section\n\t class=\"secondary-hero align wp-block-acf-secondary-hero\" id=\"secondary-hero_block_d039ffd4fc6719cc64b22c60e9e68423\">\n\t\n<header\n\tclass=\"w-full u-bg-full-width px-[22px] md:ps-bleed md:pe-0 py-[60px] bg-blue text-white u-has-rivets\"\n\tdata-theme=\"navy\"\n>\n\t<div class=\"flex flex-col !px-0 !max-w-[1440px] w-full lg:!ps-indent\">\n\t\t<div class=\"border-t-[6px] w-full my-0 flex flex-col md:flex-row gap-x-[62px] gap-y-[22px] border-gold\">\n\t\t\t\t\t\t<div class=\"w-full md:w-1\/2 md:py-[45px]\">\n\t\t\t\t<div class=\"max-w-[600px] flex flex-col gap-[22px]\">\n\t\t\t\t\t\t\t\t\t\t\t<h1 class=\"has-[.u-halftone-shadow--dark]:mb-divider has-[.u-halftone-shadow--light]:mb-divider pt-[22px] md:pt-0\">\n\t\t\t\t\t\t\t<span class=\"inline-flex text-heading-200 u-halftone-shadow--light\">\n\t\t\t\t\t\t\t\tCentro de Informaci\u00f3n Laboral\t\t\t\t\t\t\t<\/span>\n\t\t\t\t\t\t<\/h1>\n\t\t\t\t\t\t\t\t\t\t\t\t\t\t\t\t<div class=\"text-body-300 font-sans\">\n\t\t\t\t\t\t\t\t\t\t\t\t\t<\/div>\n\t\t\t\t\t\t\t\t\t\t\t\t\t\t\t\t\t\t\t\t\t\t\t\t\t\t\t<div class=\"flex flex-wrap gap-[30px]\">\n\t\t\t\t\t\t\t\t\t\t\t\t\t\t\t<!-- Renders the same as core\/button with a specific style -->\n\t<div\n\t\tclass=\"wp-block-button track-button-primary is-style-primary-red\"\n\t>\n\t\t<a\n\t\t\tclass=\"wp-block-button__link wp-element-button cursor-pointer dlm-no-xhr-download track-hero-secondary-cta md:w-auto min-w-[156px]\"\n\t\t\t\t\t\t\thref=\"mailto:collectivebargaining@iaff.org\"\n\t\t\t\t\t\t\t\t\ttarget=\"_blank\"\n\t\t\t\t\trel=\"nofollow noopener\"\n\t\t\t\t\t\t\t\t\t>\n\t\t\tCONT\u00c1CTENOS\t\t<\/a>\n\t<\/div>\n\t\t\t\t\t\t\t\t\t\t\t\t\t<\/div>\n\t\t\t\t\t\t\t\t\t\t\t\t\t\t<\/div>\n\t\t\t<\/div>\n\n\t\t<\/div>\n\t\t\t\t\t<div class=\"order-first flex justify-start w-full pb-[22px]\">\n\t\t\t\t<div\n\tclass=\"wp-block-button is-style-tertiary text-white is-style-tertiary-back\"\n>\n\t\t\t<a\n\t\t\thref=\"https:\/\/www.iaff.org\/es\/recursos-para-lideres\/\"\n\t\t\tclass=\"wp-block-button__link wp-element-button group\"\n\t\t\t\t\t>\n\t\t\t<span\n\t\t\tclass=\"decoration-transparent underline underline-offset-2 group-hover:decoration-inherit group-focus-visible:decoration-inherit transition duration-hover\"\n\t\t>\n\t\t\tRecursos para L\u00edderes\t\t<\/span>\n\n\t\t<span\n\t\t\tclass=\"bg-inherit transition-colors duration-hover group-hover:bg-gold group-focus:bg-gold inline-flex rotate-180 order-first\"\n\t\t>\n\t\t\t<svg xmlns=\"http:\/\/www.w3.org\/2000\/svg\" width=\"21\" height=\"22\" fill=\"none\" viewBox=\"0 0 21 22\"><path stroke=\"currentColor\" stroke-linecap=\"round\" stroke-width=\"2\" d=\"M20 20.75L20 2.25L1.5 2.25L1.5 20.75L20 20.75Z\" clip-rule=\"evenodd\"\/><path stroke=\"currentColor\" stroke-linecap=\"square\" stroke-width=\"2\" d=\"M14.0883 11.5L6.66406 11.5\"\/><path stroke=\"currentColor\" stroke-linecap=\"square\" stroke-width=\"2\" d=\"M11.0723 7.75205L14.8363 11.5L11.0723 15.248\"\/><\/svg>\t\t<\/span>\n\t<\/a><\/div>\n\t\t\t<\/div>\n\t\t\t<\/div>\n<\/header>\n<\/section>\n<section\n\t class=\"page-blocks iaff-page-blocks align wp-block-acf-page-blocks\" id=\"page-blocks_block_8788c1c8136600ebd3fc6ab62f972c5d\">\n\t<div class=\"acf-innerblocks-container\">\n<section\n\t class=\"secondary-navigation-manual u-bg-full-width bg-smoke\/5 align wp-block-acf-secondary-navigation-manual\" id=\"secondary-navigation-manual_block_4e2f49664bf7c841cba7008aa9e7e8e7\">\n\t<details class=\"iaff-secondary-navigation\" open>\n\t<summary class=\"flex cursor-pointer u-bg-full-width\">\n\t\t\t\t\t<h2 class=\"text-heading-400 bg-main-bg-overlay text-black inline-flex items-center gap-x-[14px] h-full !ps-0 py-[34px] !pe-10\">\n\t\t\t\t<span>En esta secci\u00f3n<\/span>\n\t\t\t<\/h2>\n\t\t\t<\/summary>\n\t<div class=\"py-10 md:ps-12 md:pe-10 grid grid-cols-1 md:grid-cols-2 lg:grid-cols-3 gap-[30px]\">\n\t\t<!-- Renders the same as core\/button with a specific style -->\n<!-- Renders the same as core\/button with a specific style -->\n\t<div>\n\t\t\t\t\t<a class=\"inline-flex gap-[16px] items-center text-inherit text-button-300 leading-6 cursor-pointer decoration-transparent underline underline-offset-2 transition-colors duration-hover hocus-visible:decoration-current\" href=\"https:\/\/my.iaff.org\/Web\/Contract_Library.aspx\" target=\"_blank\" rel=\"nofollow noopener\">\n\t\t\t\t<span>\n\t\t\t\t\tBiblioteca de Contratos\t\t\t\t<\/span>\n\t\t\t\t<svg xmlns=\"http:\/\/www.w3.org\/2000\/svg\" width=\"15\" height=\"15\" fill=\"none\" viewBox=\"0 0 15 15\"><path stroke=\"currentColor\" stroke-linecap=\"square\" stroke-width=\"2\" d=\"M11.6347 7.49976L1 7.49976\"\/><path stroke=\"currentColor\" stroke-linecap=\"square\" stroke-width=\"2\" d=\"M7.31445 2.13138L12.7061 7.50014L7.31445 12.8689\"\/><\/svg>\t\t\t<\/a>\n\t\t\t<\/div>\n\t<\/div>\n<\/details>\n<\/section>\n\n\n<section\n\t class=\"section-header mb-10 align wp-block-acf-section-header\" id=\"section-header_block_792b06fab1f46833f71e80b814d3652c\">\n\t<div class=\"\">\n\t<div class=\"flex flex-col md:flex-row justify-between max-w-content gap-x-8 md:items-end flex-wrap\">\n\t\t<h2 class=\"text-heading-200 pb-[2px]\">\n\t\t\tbase de datos de cl\u00e1usulas modelo\t\t<\/h2>\n\n\t\t\t\t\t<div class=\"md:order-last w-full\">\n\t\t\t\t\n\t<hr class=\"h-[6px] text-red border-red bg-red w-full my-0\" role=\"presentation\"\/>\n\n\t<div class=\"h-divider w-full bg-halftone-divider bg-right\"><\/div>\n\t\t\t<\/div>\n\t\t\n\t\t\t<\/div>\n<\/div>\n<\/section>\n\n\n\n<div class=\"wp-block-group is-nowrap is-layout-flex wp-container-core-group-is-layout-ad2f72ca wp-block-group-is-layout-flex\">\n<div class=\"wp-block-columns wp-container-content-9cfa9a5a is-layout-flex wp-container-core-columns-is-layout-9d6595d7 wp-block-columns-is-layout-flex\">\n<div class=\"wp-block-column is-layout-flow wp-block-column-is-layout-flow\"><div class=\"wp-block-paragraph \">\n<p><a href=\"https:\/\/www.iaff.org\/es\/espacio-en-el-tablon-de-anuncios\/\">Espacio en tabl\u00f3n de anuncios<\/a><\/p>\n<\/div>\n\n<div class=\"wp-block-paragraph \">\n<p><a href=\"https:\/\/www.iaff.org\/es\/llamar-de-vuelta\/\">Llamada de vuelta<\/a><\/p>\n<\/div>\n\n<div class=\"wp-block-paragraph \">\n<p><a href=\"https:\/\/www.iaff.org\/es\/compensacion-por-renuncia-o-jubilacion\/\">Compensaci\u00f3n por dimisi\u00f3n o jubilaci\u00f3n<\/a><\/p>\n<\/div>\n\n<div class=\"wp-block-paragraph \">\n<p><a href=\"https:\/\/www.iaff.org\/es\/enfermedad-contagiosa\/\">Enfermedad contagiosa<\/a><\/p>\n<\/div>\n\n<div class=\"wp-block-paragraph \">\n<p><a href=\"https:\/\/www.iaff.org\/es\/subcontratacion\/\">Contrataci\u00f3n externa<\/a><\/p>\n<\/div>\n\n<div class=\"wp-block-paragraph \">\n<p><a href=\"https:\/\/www.iaff.org\/es\/complemento-por-costo-de-vida\/\">Subsidio por coste de vida<\/a><\/p>\n<\/div>\n\n<div class=\"wp-block-paragraph \">\n<p><a href=\"https:\/\/www.iaff.org\/es\/tribunal\/\">Tribunal<\/a><\/p>\n<\/div>\n\n<div class=\"wp-block-paragraph \">\n<p><a href=\"https:\/\/www.iaff.org\/es\/definicion-de-antiguedad\/\">Definici\u00f3n de antig\u00fcedad<\/a><\/p>\n<\/div>\n\n<div class=\"wp-block-paragraph \">\n<p><a href=\"https:\/\/www.iaff.org\/es\/pago-por-detalle\/\">Pago por servicio especial<\/a><\/p>\n<\/div>\n\n<div class=\"wp-block-paragraph \">\n<p><a href=\"https:\/\/www.iaff.org\/es\/disciplina-y-despido\/\">Disciplina y despido<\/a><\/p>\n<\/div>\n\n<div class=\"wp-block-paragraph \">\n<p><a href=\"https:\/\/www.iaff.org\/es\/discriminacion\/\">Discriminaci\u00f3n<\/a><\/p>\n<\/div>\n\n<div class=\"wp-block-paragraph \">\n<p><a href=\"https:\/\/www.iaff.org\/es\/prueba-de-drogas\/\">Prueba de drogas<\/a><\/p>\n<\/div>\n\n<div class=\"wp-block-paragraph \">\n<p><a href=\"https:\/\/www.iaff.org\/es\/descuento-de-cuotas-sindicales\/\">Descuento de cuotas<\/a><\/p>\n<\/div>\n\n<div class=\"wp-block-paragraph \">\n<p><a href=\"https:\/\/www.iaff.org\/es\/duracion\/\">Duraci\u00f3n<\/a><\/p>\n<\/div>\n\n<div class=\"wp-block-paragraph \">\n<p><a href=\"https:\/\/www.iaff.org\/es\/educativo\/\">Educativo<\/a><\/p>\n<\/div>\n\n<div class=\"wp-block-paragraph \">\n<p><a href=\"https:\/\/www.iaff.org\/es\/diferencial-educativo\/\">Diferencial educativo<\/a><\/p>\n<\/div>\n\n<div class=\"wp-block-paragraph \">\n<p><a href=\"https:\/\/www.iaff.org\/es\/programa-de-asistencia-al-empleado\/\">Programa de asistencia al empleado<\/a><\/p>\n<\/div>\n\n<div class=\"wp-block-paragraph \">\n<p><a href=\"https:\/\/www.iaff.org\/es\/pago-de-incentivos-por-servicios-medicos-de-emergencia-ems\/\">Pago de incentivo por servicios m\u00e9dicos de emergencia<\/a><\/p>\n<\/div>\n\n<div class=\"wp-block-paragraph \">\n<p><a href=\"https:\/\/www.iaff.org\/es\/clausula-perenne\/\">Cl\u00e1usula de renovaci\u00f3n autom\u00e1tica<\/a><\/p>\n<\/div>\n\n<div class=\"wp-block-paragraph \">\n<p><a href=\"https:\/\/www.iaff.org\/es\/clima-extremo\/\">Condiciones meteorol\u00f3gicas extremas<\/a><\/p>\n<\/div>\n\n<div class=\"wp-block-paragraph \">\n<p><a href=\"https:\/\/www.iaff.org\/es\/flsa\/\">FLSA<\/a><\/p>\n<\/div>\n\n<div class=\"wp-block-paragraph \">\n<p><a href=\"https:\/\/www.iaff.org\/es\/asignacion-para-alimentos\/\">Subsidio de alimentaci\u00f3n<\/a><\/p>\n<\/div>\n\n<div class=\"wp-block-paragraph \">\n<p><a href=\"https:\/\/www.iaff.org\/es\/procedimiento-de-quejas\/\">Procedimiento de reclamaci\u00f3n<\/a><\/p>\n<\/div>\n\n<div class=\"wp-block-paragraph \">\n<p><a href=\"https:\/\/www.iaff.org\/es\/seguro-de-salud\/\">Seguro m\u00e9dico<\/a><\/p>\n<\/div><\/div>\n\n\n\n<div class=\"wp-block-column is-layout-flow wp-block-column-is-layout-flow\"><div class=\"wp-block-paragraph \">\n<p><a href=\"https:\/\/www.iaff.org\/es\/horas\/\">Horas<\/a><\/p>\n<\/div>\n\n<div class=\"wp-block-paragraph \">\n<p><a href=\"https:\/\/www.iaff.org\/es\/permiso-de-ausencia-por-motivos-medicos-relacionados-con-el-trabajo\/\">Permiso m\u00e9dico por motivos laborales<\/a><\/p>\n<\/div>\n\n<div class=\"wp-block-paragraph \">\n<p><a href=\"https:\/\/www.iaff.org\/es\/visitas-medicas-relacionadas-con-el-trabajo\/\">Visitas m\u00e9dicas por motivos laborales<\/a><\/p>\n<\/div>\n\n<div class=\"wp-block-paragraph \">\n<p><a href=\"https:\/\/www.iaff.org\/es\/jurado\/\">Jurado<\/a><\/p>\n<\/div>\n\n<div class=\"wp-block-paragraph \">\n<p><a href=\"https:\/\/www.iaff.org\/es\/comites-de-gestion-laboral\/\">Comit\u00e9s laborales-patronales<\/a><\/p>\n<\/div>\n\n<div class=\"wp-block-paragraph \">\n<p><a href=\"https:\/\/www.iaff.org\/es\/legal\/\">Legal<\/a><\/p>\n<\/div>\n\n<div class=\"wp-block-paragraph \">\n<p><a href=\"https:\/\/www.iaff.org\/es\/seguro-de-vida\/\">Seguro de vida<\/a><\/p>\n<\/div>\n\n<div class=\"wp-block-paragraph \">\n<p><a href=\"https:\/\/www.iaff.org\/es\/asignacion-de-servicio-ligero\/\">Asignaci\u00f3n de servicio ligero<\/a><\/p>\n<\/div>\n\n<div class=\"wp-block-paragraph \">\n<p><a href=\"https:\/\/www.iaff.org\/es\/pago-por-antiguedad\/\">Pago por antig\u00fcedad<\/a><\/p>\n<\/div>\n\n<div class=\"wp-block-paragraph \">\n<p><a href=\"https:\/\/www.iaff.org\/es\/subsidio-de-mantenimiento\/\">Subsidio de mantenimiento<\/a><\/p>\n<\/div>\n\n<div class=\"wp-block-paragraph \">\n<p><a href=\"https:\/\/www.iaff.org\/es\/maternidad\/\">Maternidad<\/a><\/p>\n<\/div>\n\n<div class=\"wp-block-paragraph \">\n<p><a href=\"https:\/\/www.iaff.org\/es\/personal-minimo-2\/\">Derechos de la direcci\u00f3n<\/a><\/p>\n<\/div>\n\n<div class=\"wp-block-paragraph \">\n<p><a href=\"https:\/\/www.iaff.org\/es\/personal-minimo\/\">Subsidio de kilometraje<\/a><\/p>\n<\/div>\n\n<div class=\"wp-block-paragraph \">\n<p><a href=\"https:\/\/www.iaff.org\/es\/personal-minimo-3\/\">Personal m\u00ednimo<\/a><\/p>\n<\/div>\n\n<div class=\"wp-block-paragraph \">\n<p><a href=\"https:\/\/www.iaff.org\/es\/asistencia-mutua-a-comunidades-involucradas-en-conflictos-laborales\/\" data-type=\"page\" data-id=\"3955\">Ayuda mutua a comunidades implicadas en conflictos laborales<\/a><\/p>\n<\/div>\n\n<div class=\"wp-block-paragraph \">\n<p><a href=\"https:\/\/www.iaff.org\/es\/sin-cierre-patronal\/\">Prohibici\u00f3n de cierre patronal<\/a><\/p>\n<\/div>\n\n<div class=\"wp-block-paragraph \">\n<p><a href=\"https:\/\/www.iaff.org\/es\/sin-huelga\/\">Prohibici\u00f3n de huelga<\/a><\/p>\n<\/div>\n\n<div class=\"wp-block-paragraph \">\n<p><a href=\"https:\/\/www.iaff.org\/es\/empleo-externo-permitido\/\">Empleo externo permitido<\/a><\/p>\n<\/div>\n\n<div class=\"wp-block-paragraph \">\n<p><a href=\"https:\/\/www.iaff.org\/es\/horas-extras\/\">Horas extraordinarias<\/a><\/p>\n<\/div>\n\n<div class=\"wp-block-paragraph \">\n<p><a href=\"https:\/\/www.iaff.org\/es\/licencia-remunerada-como-horas-trabajadas-para-horas-extras\/\">Permiso retribuido como horas trabajadas para horas extraordinarias<\/a><\/p>\n<\/div>\n\n<div class=\"wp-block-paragraph \">\n<p><a href=\"https:\/\/www.iaff.org\/es\/parental\/\">Parental<\/a><\/p>\n<\/div>\n\n<div class=\"wp-block-paragraph \">\n<p><a href=\"https:\/\/www.iaff.org\/es\/paridad-salarial-con-la-policia\/\">Paridad salarial con polic\u00eda<\/a><\/p>\n<\/div>\n\n<div class=\"wp-block-paragraph \">\n<p><a href=\"https:\/\/www.iaff.org\/es\/estacionamiento\/\">Aparcamiento<\/a><\/p>\n<\/div>\n\n<div class=\"wp-block-paragraph \">\n<p><a href=\"https:\/\/www.iaff.org\/pension-retirement\/\">Pensi\u00f3n y jubilaci\u00f3n<\/a><\/p>\n<\/div>\n\n<div class=\"wp-block-paragraph \">\n<p><a href=\"https:\/\/www.iaff.org\/es\/registros-de-personal-revision-de\/\">Expedientes personales \u2013 revisi\u00f3n de<\/a><\/p>\n<\/div>\n\n<div class=\"wp-block-paragraph \">\n<p><a href=\"https:\/\/www.iaff.org\/es\/reduccion-de-personal\/\">Reducci\u00f3n de personal<\/a><\/p>\n<\/div>\n\n<div class=\"wp-block-paragraph \">\n<p><a href=\"https:\/\/www.iaff.org\/es\/preambulo\/\">Pre\u00e1mbulo<\/a><\/p>\n<\/div>\n\n<div class=\"wp-block-paragraph \">\n<p><a href=\"https:\/\/www.iaff.org\/es\/derechos-prevalecientes-mantenimiento-de-beneficios\/\">Derechos vigentes \u2013 mantenimiento de beneficios<\/a><\/p>\n<\/div>\n\n<div class=\"wp-block-paragraph \">\n<p><a href=\"https:\/\/www.iaff.org\/es\/acuerdo-de-impresion-y-suministro\/\">Impresi\u00f3n y suministro del acuerdo<\/a><\/p>\n<\/div>\n\n<div class=\"wp-block-paragraph \">\n<p><a href=\"https:\/\/www.iaff.org\/es\/promociones\/\">Ascensos<\/a><\/p>\n<\/div><\/div>\n\n\n\n<div class=\"wp-block-column is-layout-flow wp-block-column-is-layout-flow\"><div class=\"wp-block-paragraph \">\n<p><a href=\"https:\/\/www.iaff.org\/es\/rango-por-rango-he\/\">Horas extraordinarias por rango<\/a><\/p>\n<\/div>\n\n<div class=\"wp-block-paragraph \">\n<p><a href=\"https:\/\/www.iaff.org\/es\/residencia-abordada\/\">Residencia tratada<\/a><\/p>\n<\/div>\n\n<div class=\"wp-block-paragraph \">\n<p><a href=\"https:\/\/www.iaff.org\/es\/periodos-de-descanso\/\">Per\u00edodos de descanso<\/a><\/p>\n<\/div>\n\n<div class=\"wp-block-paragraph \">\n<p><a href=\"https:\/\/www.iaff.org\/es\/saneamiento-mantenimiento-y-conservacion\/\">Saneamiento, mantenimiento y conservaci\u00f3n<\/a><\/p>\n<\/div>\n\n<div class=\"wp-block-paragraph \">\n<p><a href=\"https:\/\/www.iaff.org\/es\/clausula-de-salvaguardia\/\">Cl\u00e1usula de salvaguarda<\/a><\/p>\n<\/div>\n\n<div class=\"wp-block-paragraph \">\n<p><a href=\"https:\/\/www.iaff.org\/es\/indemnizacion-por-despido-o-cese\/\">Indemnizaci\u00f3n por despido o cese<\/a><\/p>\n<\/div>\n\n<div class=\"wp-block-paragraph \">\n<p><a href=\"https:\/\/www.iaff.org\/es\/diferenciales-de-turno\/\">Diferenciales de turno<\/a><\/p>\n<\/div>\n\n<div class=\"wp-block-paragraph \">\n<p><a href=\"https:\/\/www.iaff.org\/es\/intercambio-de-turnos\/\">Intercambio de turnos<\/a><\/p>\n<\/div>\n\n<div class=\"wp-block-paragraph \">\n<p><a href=\"https:\/\/www.iaff.org\/es\/pago-de-incentivo-por-ausencia-por-enfermedad\/\">Pago de incentivo por baja por enfermedad<\/a><\/p>\n<\/div>\n\n<div class=\"wp-block-paragraph \">\n<p><a href=\"https:\/\/www.iaff.org\/es\/enfermedad-a-trabajadores-por-turnos-horas-por-ano\/\">Baja por enfermedad: a) Trabajadores por turnos: horas por a\u00f1o<\/a><\/p>\n<\/div>\n\n<div class=\"wp-block-paragraph \">\n<p><a href=\"https:\/\/www.iaff.org\/es\/acuerdo-de-sucesores\/\">Acuerdo de sucesores<\/a><\/p>\n<\/div>\n\n<div class=\"wp-block-paragraph \">\n<p><a href=\"https:\/\/www.iaff.org\/es\/transferencias\/\">Traslados<\/a><\/p>\n<\/div>\n\n<div class=\"wp-block-paragraph \">\n<p><a href=\"https:\/\/www.iaff.org\/es\/reembolso-de-matricula\/\">Reembolso de matr\u00edcula<\/a><\/p>\n<\/div>\n\n<div class=\"wp-block-paragraph \">\n<p><a href=\"https:\/\/www.iaff.org\/es\/equipamiento\/\">Equipos de protecci\u00f3n<\/a><\/p>\n<\/div>\n\n<div class=\"wp-block-paragraph \">\n<p><a href=\"https:\/\/www.iaff.org\/es\/asignacion-para-uniformes\/\">Subsidio de uniforme<\/a><\/p>\n<\/div>\n\n<div class=\"wp-block-paragraph \">\n<p><a href=\"https:\/\/www.iaff.org\/es\/actividades-sindicales\/\">Actividades sindicales<\/a><\/p>\n<\/div>\n\n<div class=\"wp-block-paragraph \">\n<p><a href=\"https:\/\/www.iaff.org\/es\/asuntos-sindicales\/\">Asuntos sindicales<\/a><\/p>\n<\/div>\n\n<div class=\"wp-block-paragraph \">\n<p><a href=\"https:\/\/www.iaff.org\/es\/reconocimiento-sindical\/\">Reconocimiento sindical<\/a><\/p>\n<\/div>\n\n<div class=\"wp-block-paragraph \">\n<p><a href=\"https:\/\/www.iaff.org\/es\/seguridad-sindical\/\">Seguridad sindical<\/a><\/p>\n<\/div>\n\n<div class=\"wp-block-paragraph \">\n<p><a href=\"https:\/\/www.iaff.org\/es\/permiso-no-remunerado-de-ausencia\/\">Permiso no retribuido<\/a><\/p>\n<\/div>\n\n<div class=\"wp-block-paragraph \">\n<p><a href=\"https:\/\/www.iaff.org\/es\/vacantes-llenado-de\/\">Vacantes \u2013 cobertura de<\/a><\/p>\n<\/div>\n\n<div class=\"wp-block-paragraph \">\n<p><a href=\"https:\/\/www.iaff.org\/es\/vacaciones\/\">Vacaciones<\/a><\/p>\n<\/div>\n\n<div class=\"wp-block-paragraph \">\n<p><a href=\"https:\/\/www.iaff.org\/es\/renuncia-a-negociaciones-adicionales-renuncia-expresa\/\">Renuncia a negociaci\u00f3n adicional \u2013 renuncia expresa<\/a><\/p>\n<\/div>\n\n<div class=\"wp-block-paragraph \">\n<p><a href=\"https:\/\/www.iaff.org\/es\/trabajo-fuera-de-clasificacion-temporal\/\">Trabajo fuera de clasificaci\u00f3n \u2013 tiempo<\/a><\/p>\n<\/div><\/div>\n<\/div>\n<\/div>\n\n<\/div><\/section>\n","protected":false},"excerpt":{"rendered":"","protected":false},"featured_media":0,"parent":0,"menu_order":0,"comment_status":"closed","ping_status":"closed","template":"","meta":{"_acf_changed":false,"_searchwp_excluded":"","inline_featured_image":false,"_EventAllDay":false,"_EventTimezone":"","_EventStartDate":"","_EventEndDate":"","_EventStartDateUTC":"","_EventEndDateUTC":"","_EventShowMap":false,"_EventShowMapLink":false,"_EventURL":"","_EventCost":"","_EventCostDescription":"","_EventCurrencySymbol":"","_EventCurrencyCode":"","_EventCurrencyPosition":"","_EventDateTimeSeparator":"","_EventTimeRangeSeparator":"","_EventOrganizerID":[],"_EventVenueID":[],"_OrganizerEmail":"","_OrganizerPhone":"","_OrganizerWebsite":"","_VenueAddress":"","_VenueCity":"","_VenueCountry":"","_VenueProvince":"","_VenueState":"","_VenueZip":"","_VenuePhone":"","_VenueURL":"","_VenueStateProvince":"","_VenueLat":"","_VenueLng":"","_VenueShowMap":false,"_VenueShowMapLink":false,"footnotes":""},"class_list":["post-94029","page","type-page","status-publish","hentry"],"acf":[],"publishpress_future_workflow_manual_trigger":{"enabledWorkflows":[]},"_links":{"self":[{"href":"https:\/\/www.iaff.org\/es\/wp-json\/wp\/v2\/pages\/94029","targetHints":{"allow":["GET"]}}],"collection":[{"href":"https:\/\/www.iaff.org\/es\/wp-json\/wp\/v2\/pages"}],"about":[{"href":"https:\/\/www.iaff.org\/es\/wp-json\/wp\/v2\/types\/page"}],"author":[{"embeddable":true,"href":"https:\/\/www.iaff.org\/es\/wp-json\/wp\/v2\/users\/3"}],"replies":[{"embeddable":true,"href":"https:\/\/www.iaff.org\/es\/wp-json\/wp\/v2\/comments?post=94029"}],"version-history":[{"count":4,"href":"https:\/\/www.iaff.org\/es\/wp-json\/wp\/v2\/pages\/94029\/revisions"}],"predecessor-version":[{"id":123933,"href":"https:\/\/www.iaff.org\/es\/wp-json\/wp\/v2\/pages\/94029\/revisions\/123933"}],"wp:attachment":[{"href":"https:\/\/www.iaff.org\/es\/wp-json\/wp\/v2\/media?parent=94029"}],"curies":[{"name":"wp","href":"https:\/\/api.w.org\/{rel}","templated":true}]}}