{"id":93991,"date":"2024-02-20T13:18:28","date_gmt":"2024-02-20T18:18:28","guid":{"rendered":"https:\/\/www.iaff.org\/seguro-de-fianza-afiliada\/"},"modified":"2026-04-20T17:42:19","modified_gmt":"2026-04-20T21:42:19","slug":"seguro-de-fianza-afiliada","status":"publish","type":"page","link":"https:\/\/www.iaff.org\/es\/recursos-para-secretarios-tesoreros\/seguro-de-fianza-afiliada\/","title":{"rendered":"Seguro de fianza afiliada"},"content":{"rendered":"<section\n\t class=\"secondary-hero align wp-block-acf-secondary-hero\" id=\"secondary-hero_block_864cfacf1b0f3f10bb0a2375a11a0d56\">\n\t\n<header\n\tclass=\"w-full u-bg-full-width px-[22px] md:ps-bleed md:pe-0 py-[60px] bg-smoke-5 text-black u-has-rivets u-rivets-dark\"\n\tdata-theme=\"gray\"\n>\n\t<div class=\"flex flex-col !px-0 !max-w-[1440px] w-full lg:!ps-indent\">\n\t\t<div class=\"border-t-[6px] w-full my-0 flex flex-col md:flex-row gap-x-[62px] gap-y-[22px] border-red\">\n\t\t\t\t\t\t<div class=\"w-full md:w-1\/2 md:py-[45px]\">\n\t\t\t\t<div class=\"max-w-[600px] flex flex-col gap-[22px]\">\n\t\t\t\t\t\t\t\t\t\t\t<h1 class=\"has-[.u-halftone-shadow--dark]:mb-divider has-[.u-halftone-shadow--light]:mb-divider pt-[22px] md:pt-0\">\n\t\t\t\t\t\t\t<span class=\"inline-flex text-heading-200 u-halftone-shadow--dark\">\n\t\t\t\t\t\t\t\tSeguro de fianza afiliada\t\t\t\t\t\t\t<\/span>\n\t\t\t\t\t\t<\/h1>\n\t\t\t\t\t\t\t\t\t\t\t\t\t\t\t\t\t\t\t\t\t\t\t\t\t\t\t\t\t<\/div>\n\t\t\t<\/div>\n\n\t\t<\/div>\n\t\t\t\t\t<div class=\"order-first flex justify-start w-full pb-[22px]\">\n\t\t\t\t<div\n\tclass=\"wp-block-button is-style-tertiary text-smoke is-style-tertiary-back\"\n>\n\t\t\t<a\n\t\t\thref=\"https:\/\/www.iaff.org\/es\/recursos-para-secretarios-tesoreros\/\"\n\t\t\tclass=\"wp-block-button__link wp-element-button group\"\n\t\t\t\t\t>\n\t\t\t<span\n\t\t\tclass=\"decoration-transparent underline underline-offset-2 group-hover:decoration-inherit group-focus-visible:decoration-inherit transition duration-hover\"\n\t\t>\n\t\t\tRecursos para Secretarios-Tesoreros\t\t<\/span>\n\n\t\t<span\n\t\t\tclass=\"bg-inherit transition-colors duration-hover group-hover:bg-gold group-focus:bg-gold inline-flex rotate-180 order-first\"\n\t\t>\n\t\t\t<svg xmlns=\"http:\/\/www.w3.org\/2000\/svg\" width=\"21\" height=\"22\" fill=\"none\" viewBox=\"0 0 21 22\"><path stroke=\"currentColor\" stroke-linecap=\"round\" stroke-width=\"2\" d=\"M20 20.75L20 2.25L1.5 2.25L1.5 20.75L20 20.75Z\" clip-rule=\"evenodd\"\/><path stroke=\"currentColor\" stroke-linecap=\"square\" stroke-width=\"2\" d=\"M14.0883 11.5L6.66406 11.5\"\/><path stroke=\"currentColor\" stroke-linecap=\"square\" stroke-width=\"2\" d=\"M11.0723 7.75205L14.8363 11.5L11.0723 15.248\"\/><\/svg>\t\t<\/span>\n\t<\/a><\/div>\n\t\t\t<\/div>\n\t\t\t<\/div>\n<\/header>\n<\/section>\n<section\n\t class=\"page-blocks iaff-page-blocks align wp-block-acf-page-blocks\" id=\"page-blocks_block_b3e822d19a0b64334f2c7b6cf7e77e65\">\n\t<div class=\"acf-innerblocks-container\">\n<div class=\"wp-block-video-container u-bg-full-width u-halftone-bg-70\">\n<figure class=\"wp-block-embed is-type-video is-provider-youtube wp-block-embed-youtube wp-embed-aspect-16-9 wp-has-aspect-ratio\"><div class=\"wp-block-embed__wrapper\">\n<iframe title=\"Affiliate Bonding Insurance\" width=\"500\" height=\"281\" src=\"https:\/\/www.youtube.com\/embed\/4mjRBqokxwk?feature=oembed\" frameborder=\"0\" allow=\"accelerometer; autoplay; clipboard-write; encrypted-media; gyroscope; picture-in-picture; web-share\" referrerpolicy=\"strict-origin-when-cross-origin\" allowfullscreen><\/iframe>\n<\/div><\/figure>\n<\/div>\n\n<div class=\"wp-block-paragraph \">\n<p>Seg\u00fan la Constituci\u00f3n y los Estatutos de la Asociaci\u00f3n Internacional de Bomberos, la AIB sufraga el coste de 5.000 $ de la cobertura de la fianza de organizaci\u00f3n laboral (LOB) para cada filial. La cobertura se ofrece por la p\u00e9rdida de fondos u otros bienes sufrida debido al incumplimiento de los empleados o directivos, ya sea actuando solos o en connivencia con otros, de sus obligaciones en la gesti\u00f3n de fondos u otros bienes de la secci\u00f3n local o filial, seg\u00fan lo prescrito por la ley, por la Constituci\u00f3n y los Estatutos, o por el \u00f3rgano de gobierno de la AIB. <\/p>\n<\/div>\n\n<div class=\"wp-block-paragraph \">\n<p>Un estatuto federal conocido como la Ley de Notificaci\u00f3n y Divulgaci\u00f3n Obrero-Patronal (LMRDA) exige que los sindicatos mantengan una fianza LOB de al menos el 10% de los FONDOS GESTIONADOS, que se componen de activos l\u00edquidos y de la recaudaci\u00f3n total del ejercicio fiscal anterior. La LMRDA se aplica a las secciones locales que representan a empleados que trabajan para empleadores privados (p. ej.<em>.<\/em>, una empresa de ambulancias privada) y dichas secciones locales suelen ser designadas por la AIB \u2014aunque no siempre\u2014 como secciones locales industriales. <strong>Si su filial est\u00e1 sujeta a la LMRDA, se le exige que adquiera una cobertura adicional para cumplir con los requisitos de dicha ley. <\/strong>  <\/p>\n<\/div>\n\n<div class=\"wp-block-paragraph \">\n<p>Tenga en cuenta que cualquier asociaci\u00f3n estatal de la AIB que tenga secciones locales que representen a miembros que trabajen para empleadores privados debe cumplir con los requisitos de fianza de la LMRDA.<\/p>\n<\/div>\n\n<div class=\"wp-block-paragraph \">\n<p>Las filiales de la AIB que representen \u00fanicamente a empleados municipales, del condado o estatales no est\u00e1n obligadas por la legislaci\u00f3n federal a mantener el nivel de fianza de la LMRDA.<\/p>\n<\/div>\n\n<div class=\"wp-block-paragraph \">\n<p>Aunque no todas las filiales de la AIB est\u00e1n cubiertas por la LMRDA, la AIB recomienda encarecidamente a todas las filiales que mantengan, como m\u00ednimo, el nivel de fianza de la LMRDA como una buena pr\u00e1ctica para garantizar la seguridad financiera de la asociaci\u00f3n. Un estatuto similar se aplica a las secciones locales federales. <\/p>\n<\/div>\n\n<div class=\"wp-block-paragraph \">\n<p>El coste de cualquier importe de fianza adicional que supere los 5.000 $ debe ser abonado por el sindicato local o la asociaci\u00f3n estatal o provincial que requiera o solicite que se aumente el importe de la fianza para cumplir con los criterios establecidos. La prima suplementaria es sustancialmente inferior al coste de una cobertura id\u00e9ntica adquirida individualmente en su zona local. <\/p>\n<\/div>\n\n<div class=\"wp-block-paragraph \">\n<p>Consulte la explicaci\u00f3n de esta cobertura:<\/p>\n<\/div>\n<\/div><\/section>\n\n<hr class=\"wp-block-separator has-alpha-channel-opacity is-style-wide\"\/>\n<div class=\"wp-block-paragraph \">\n<p><\/p>\n<\/div><div class=\"wp-block-paragraph \">\n<p><strong><u>Ejemplo de f\u00f3rmula de fianza<\/u><\/strong><\/p>\n<\/div><div class=\"wp-block-paragraph \">\n<p>Activos l\u00edquidos: 30.000 $<\/p>\n<\/div><div class=\"wp-block-paragraph \">\n<p>Cuotas, ingresos por alquiler, etc.: 70.000 $<\/p>\n<\/div><div class=\"wp-block-paragraph \">\n<p>Fondos gestionados: 100.000 $<\/p>\n<\/div><div class=\"wp-block-paragraph \">\n<p>Fianza m\u00ednima requerida<br\/>(o recomendada): 10.000 $ (10%)<\/p>\n<\/div>\n<hr class=\"wp-block-separator has-alpha-channel-opacity is-style-wide\"\/>\n<div class=\"wp-block-paragraph \">\n<p><\/p>\n<\/div><div class=\"wp-block-paragraph \">\n<p>Aunque el 10% es el l\u00edmite m\u00ednimo recomendado, es prudente que las secciones locales y filiales consideren un l\u00edmite de fianza igual al importe total de los fondos gestionados. Existen l\u00edmites de hasta 500.000 $ disponibles que pueden ser adquiridos por cada participante de la fianza. Las primas de tres a\u00f1os para los l\u00edmites de fianza aumentados se muestran en la p\u00e1gina de la tabla de tarifas.  <\/p>\n<\/div><div class=\"wp-block-paragraph \">\n<p>Es importante se\u00f1alar que esta fianza no est\u00e1 destinada a cubrir los fondos de los comit\u00e9s de acci\u00f3n pol\u00edtica (PAC), los planes de pensiones o de previsi\u00f3n social financiados por el sindicato u otros planes de beneficios sociales con fideicomisarios independientes, como los fondos de vacaciones, los fondos de aprendizaje y formaci\u00f3n o las prestaciones por desempleo suplementarias. Los planes de este tipo pueden estar sujetos a la ley federal ERISA y requieren una fianza independiente para su cumplimiento. Las fianzas ERISA est\u00e1n disponibles y pueden contratarse individualmente para que las secciones locales o filiales cumplan con sus requisitos.  <\/p>\n<\/div><div class=\"wp-block-paragraph \">\n<p>Los afiliados pueden adquirir cobertura adicional de fianza poni\u00e9ndose en contacto con Jamie Mooney de Willis Towers Watson en <a href=\"mailto:Jamie.Mooney@wtwco.com\">Jamie.Mooney@wtwco.com<\/a>. Las tarifas para cobertura adicional para el per\u00edodo de fianza de un a\u00f1o se pueden consultar <a href=\"https:\/\/www.iaff.org\/wp-content\/uploads\/2026\/04\/IAFF-Limits-Premiums-2026.pdf\" target=\"_blank\" rel=\"noreferrer noopener\">aqu\u00ed<\/a>. <\/p>\n<\/div><div class=\"wp-block-paragraph \">\n<p><\/p>\n<\/div>","protected":false},"excerpt":{"rendered":"<p>Ejemplo de f\u00f3rmula de fianza Activos l\u00edquidos: 30.000 $ Cuotas, ingresos por alquiler, etc.: 70.000 $ Fondos gestionados: 100.000 $ Fianza m\u00ednima requerida(o recomendada): 10.000 $ (10%) Aunque el 10% [&hellip;]<\/p>\n","protected":false},"featured_media":0,"parent":93999,"menu_order":0,"comment_status":"closed","ping_status":"closed","template":"","meta":{"_acf_changed":false,"_searchwp_excluded":"","inline_featured_image":false,"_EventAllDay":false,"_EventTimezone":"","_EventStartDate":"","_EventEndDate":"","_EventStartDateUTC":"","_EventEndDateUTC":"","_EventShowMap":false,"_EventShowMapLink":false,"_EventURL":"","_EventCost":"","_EventCostDescription":"","_EventCurrencySymbol":"","_EventCurrencyCode":"","_EventCurrencyPosition":"","_EventDateTimeSeparator":"","_EventTimeRangeSeparator":"","_EventOrganizerID":[],"_EventVenueID":[],"_OrganizerEmail":"","_OrganizerPhone":"","_OrganizerWebsite":"","_VenueAddress":"","_VenueCity":"","_VenueCountry":"","_VenueProvince":"","_VenueState":"","_VenueZip":"","_VenuePhone":"","_VenueURL":"","_VenueStateProvince":"","_VenueLat":"","_VenueLng":"","_VenueShowMap":false,"_VenueShowMapLink":false,"footnotes":""},"class_list":["post-93991","page","type-page","status-publish","hentry"],"acf":[],"publishpress_future_workflow_manual_trigger":{"enabledWorkflows":[]},"_links":{"self":[{"href":"https:\/\/www.iaff.org\/es\/wp-json\/wp\/v2\/pages\/93991","targetHints":{"allow":["GET"]}}],"collection":[{"href":"https:\/\/www.iaff.org\/es\/wp-json\/wp\/v2\/pages"}],"about":[{"href":"https:\/\/www.iaff.org\/es\/wp-json\/wp\/v2\/types\/page"}],"author":[{"embeddable":true,"href":"https:\/\/www.iaff.org\/es\/wp-json\/wp\/v2\/users\/3"}],"replies":[{"embeddable":true,"href":"https:\/\/www.iaff.org\/es\/wp-json\/wp\/v2\/comments?post=93991"}],"version-history":[{"count":6,"href":"https:\/\/www.iaff.org\/es\/wp-json\/wp\/v2\/pages\/93991\/revisions"}],"predecessor-version":[{"id":124695,"href":"https:\/\/www.iaff.org\/es\/wp-json\/wp\/v2\/pages\/93991\/revisions\/124695"}],"up":[{"embeddable":true,"href":"https:\/\/www.iaff.org\/es\/wp-json\/wp\/v2\/pages\/93999"}],"wp:attachment":[{"href":"https:\/\/www.iaff.org\/es\/wp-json\/wp\/v2\/media?parent=93991"}],"curies":[{"name":"wp","href":"https:\/\/api.w.org\/{rel}","templated":true}]}}