{"id":93989,"date":"2024-02-20T12:14:12","date_gmt":"2024-02-20T17:14:12","guid":{"rendered":"https:\/\/www.iaff.org\/responsabilidades-fiscales-y-financieras-ee-uu\/"},"modified":"2026-02-11T11:18:46","modified_gmt":"2026-02-11T16:18:46","slug":"responsabilidades-fiscales-y-financieras-ee-uu","status":"publish","type":"page","link":"https:\/\/www.iaff.org\/es\/recursos-para-secretarios-tesoreros\/responsabilidades-fiscales-y-financieras-ee-uu\/","title":{"rendered":"Responsabilidades fiscales y financieras &#8211; EE. UU."},"content":{"rendered":"<section\n\t class=\"secondary-hero align wp-block-acf-secondary-hero\" id=\"secondary-hero_block_79066d842ec8caf4eed7f23b3ddcc17a\">\n\t\n<header\n\tclass=\"w-full u-bg-full-width px-[22px] md:ps-bleed md:pe-0 py-[60px] bg-smoke-5 text-black u-has-rivets u-rivets-dark\"\n\tdata-theme=\"gray\"\n>\n\t<div class=\"flex flex-col !px-0 !max-w-[1440px] w-full lg:!ps-indent\">\n\t\t<div class=\"border-t-[6px] w-full my-0 flex flex-col md:flex-row gap-x-[62px] gap-y-[22px] border-red\">\n\t\t\t\t\t\t<div class=\"w-full md:w-1\/2 md:py-[45px]\">\n\t\t\t\t<div class=\"max-w-[600px] flex flex-col gap-[22px]\">\n\t\t\t\t\t\t\t\t\t\t\t<h1 class=\"has-[.u-halftone-shadow--dark]:mb-divider has-[.u-halftone-shadow--light]:mb-divider pt-[22px] md:pt-0\">\n\t\t\t\t\t\t\t<span class=\"inline-flex text-heading-200 u-halftone-shadow--dark\">\n\t\t\t\t\t\t\t\tResponsabilidades fiscales y financieras &#8211; EE. UU.\t\t\t\t\t\t\t<\/span>\n\t\t\t\t\t\t<\/h1>\n\t\t\t\t\t\t\t\t\t\t\t\t\t\t\t\t\t\t\t\t\t\t\t\t\t\t\t\t\t<\/div>\n\t\t\t<\/div>\n\n\t\t<\/div>\n\t\t\t\t\t<div class=\"order-first flex justify-start w-full pb-[22px]\">\n\t\t\t\t<div\n\tclass=\"wp-block-button is-style-tertiary text-smoke is-style-tertiary-back\"\n>\n\t\t\t<a\n\t\t\thref=\"https:\/\/www.iaff.org\/es\/recursos-para-secretarios-tesoreros\/\"\n\t\t\tclass=\"wp-block-button__link wp-element-button group\"\n\t\t\t\t\t>\n\t\t\t<span\n\t\t\tclass=\"decoration-transparent underline underline-offset-2 group-hover:decoration-inherit group-focus-visible:decoration-inherit transition duration-hover\"\n\t\t>\n\t\t\tRecursos para Secretarios-Tesoreros\t\t<\/span>\n\n\t\t<span\n\t\t\tclass=\"bg-inherit transition-colors duration-hover group-hover:bg-gold group-focus:bg-gold inline-flex rotate-180 order-first\"\n\t\t>\n\t\t\t<svg xmlns=\"http:\/\/www.w3.org\/2000\/svg\" width=\"21\" height=\"22\" fill=\"none\" viewBox=\"0 0 21 22\"><path stroke=\"currentColor\" stroke-linecap=\"round\" stroke-width=\"2\" d=\"M20 20.75L20 2.25L1.5 2.25L1.5 20.75L20 20.75Z\" clip-rule=\"evenodd\"\/><path stroke=\"currentColor\" stroke-linecap=\"square\" stroke-width=\"2\" d=\"M14.0883 11.5L6.66406 11.5\"\/><path stroke=\"currentColor\" stroke-linecap=\"square\" stroke-width=\"2\" d=\"M11.0723 7.75205L14.8363 11.5L11.0723 15.248\"\/><\/svg>\t\t<\/span>\n\t<\/a><\/div>\n\t\t\t<\/div>\n\t\t\t<\/div>\n<\/header>\n<\/section>\n<section\n\t class=\"page-blocks iaff-page-blocks align wp-block-acf-page-blocks\" id=\"page-blocks_block_76076bc306770256df1372889e4a112b\">\n\t<div class=\"acf-innerblocks-container\">\n<section\n\t class=\"secondary-navigation-manual u-bg-full-width bg-smoke\/5 align wp-block-acf-secondary-navigation-manual\" id=\"secondary-navigation-manual_block_841d1fa9e8df31604fdd7d2369927044\">\n\t<details class=\"iaff-secondary-navigation\" open>\n\t<summary class=\"flex cursor-pointer u-bg-full-width\">\n\t\t\t\t\t<h2 class=\"text-heading-400 bg-main-bg-overlay text-black inline-flex items-center gap-x-[14px] h-full !ps-0 py-[34px] !pe-10\">\n\t\t\t\t<span>En esta secci\u00f3n<\/span>\n\t\t\t<\/h2>\n\t\t\t<\/summary>\n\t<div class=\"py-10 md:ps-12 md:pe-10 grid grid-cols-1 md:grid-cols-2 lg:grid-cols-3 gap-[30px]\">\n\t\t<!-- Renders the same as core\/button with a specific style -->\n\t<div>\n\t\t\t\t\t<a\n\t\t\t\tclass=\"inline-flex gap-[16px] items-center text-inherit text-button-300 leading-6 cursor-pointer decoration-transparent underline underline-offset-2 transition-colors duration-hover hocus-visible:decoration-current\"\n\t\t\t\t\t\t\t\t\thref=\"#business\"\n\t\t\t\t\t\t\t\t\t\t\t\t>\n\t\t\t\t<span>\n\t\t\t\t\tDeclaraci\u00f3n de impuestos \u2013 empresas\t\t\t\t<\/span>\n\t\t\t\t<svg xmlns=\"http:\/\/www.w3.org\/2000\/svg\" width=\"15\" height=\"15\" fill=\"none\" viewBox=\"0 0 15 15\"><path stroke=\"currentColor\" stroke-linecap=\"square\" stroke-width=\"2\" d=\"M11.6347 7.49976L1 7.49976\"\/><path stroke=\"currentColor\" stroke-linecap=\"square\" stroke-width=\"2\" d=\"M7.31445 2.13138L12.7061 7.50014L7.31445 12.8689\"\/><\/svg>\t\t\t<\/a>\n\t\t\t<\/div>\n<!-- Renders the same as core\/button with a specific style -->\n\t<div>\n\t\t\t\t\t<a\n\t\t\t\tclass=\"inline-flex gap-[16px] items-center text-inherit text-button-300 leading-6 cursor-pointer decoration-transparent underline underline-offset-2 transition-colors duration-hover hocus-visible:decoration-current\"\n\t\t\t\t\t\t\t\t\thref=\"#individual\"\n\t\t\t\t\t\t\t\t\t\t\t\t>\n\t\t\t\t<span>\n\t\t\t\t\tDeclaraci\u00f3n de impuestos \u2013 individuos\t\t\t\t<\/span>\n\t\t\t\t<svg xmlns=\"http:\/\/www.w3.org\/2000\/svg\" width=\"15\" height=\"15\" fill=\"none\" viewBox=\"0 0 15 15\"><path stroke=\"currentColor\" stroke-linecap=\"square\" stroke-width=\"2\" d=\"M11.6347 7.49976L1 7.49976\"\/><path stroke=\"currentColor\" stroke-linecap=\"square\" stroke-width=\"2\" d=\"M7.31445 2.13138L12.7061 7.50014L7.31445 12.8689\"\/><\/svg>\t\t\t<\/a>\n\t\t\t<\/div>\n\t<\/div>\n<\/details>\n<\/section>\n\n<\/div><\/section>\n<section\n\t class=\"page-blocks iaff-page-blocks align wp-block-acf-page-blocks\" id=\"page-blocks_block_76076bc306770256df1372889e4a112b\">\n\t<div class=\"acf-innerblocks-container\">\n<div class=\"wp-block-list\">\n<ul class=\"wp-block-list\">\n<li>Responsabilidades fiduciarias: Las organizaciones locales en los Estados Unidos deben estar al tanto de sus requisitos de presentaci\u00f3n de formularios 990 (IRS) y LM (DOL).<\/li>\n\n\n\n<li>Comprensi\u00f3n del <a href=\"https:\/\/www.irs.gov\/Charities-&amp;-Non-Profits\/Other-Non-Profits\/Life-Cycle-of-a-Labor-Organization\" target=\"_blank\" rel=\"noreferrer noopener\">ciclo de vida de una organizaci\u00f3n laboral<\/a><\/li>\n\n\n\n<li>Requisitos de mantenimiento de registros:<div class=\"wp-block-list\">\n<ul class=\"wp-block-list\">\n<li>Iniciar un negocio, mantener registros, publicaci\u00f3n 583 del IRS<\/li>\n\n\n\n<li>Registro de gastos empresariales, publicaci\u00f3n 535 del IRS<\/li>\n<\/ul>\n<\/div><\/li>\n\n\n\n<li>Comprender las distinciones fiscales cr\u00edticas:<div class=\"wp-block-list\">\n<ul class=\"wp-block-list\">\n<li>Planes de gastos responsables vs. no responsables, publicaci\u00f3n 535 del IRS, cap\u00edtulo 11<br\/>(Nota: esto determina el tratamiento de los pagos de vi\u00e1ticos)<\/li>\n\n\n\n<li>Contratistas independientes vs. Empleados<div class=\"wp-block-list\">\n<ul class=\"wp-block-list\">\n<li><a href=\"https:\/\/www.irs.gov\/charities-non-profits\/exempt-organizations-independent-contractors-vs-employees\" target=\"_blank\" rel=\"noreferrer noopener\">Orientaci\u00f3n para organizaciones exentas<\/a><\/li>\n\n\n\n<li><a href=\"https:\/\/www.irs.gov\/Businesses\/Small-Businesses-&amp;-Self-Employed\/Independent-Contractor-Self-Employed-or-Employee\" target=\"_blank\" rel=\"noreferrer noopener\">Orientaci\u00f3n adicional del IRS<\/a><\/li>\n<\/ul>\n<\/div><\/li>\n<\/ul>\n<\/div><\/li>\n\n\n\n<li><a href=\"https:\/\/www.iaff.org\/wp-content\/uploads\/ST_Resources\/Budget-Template-for-Events.xlsx\">Presupueste sus eventos<\/a><\/li>\n\n\n\n<li>Recepci\u00f3n de contribuciones como <a href=\"https:\/\/www.irs.gov\/charities-non-profits\/other-non-profits\/tax-treatment-of-donations-to-section-501c5-organizations\" target=\"_blank\" rel=\"noreferrer noopener\">501(c)(5)<\/a><\/li>\n\n\n\n<li>Establecimiento de una <a href=\"https:\/\/www.iaff.org\/wp-content\/uploads\/ST_Resources\/CharitableActivitiesManual_2021_v2-rev-3-18-22.pdf\" target=\"_blank\" rel=\"noreferrer noopener\">organizaci\u00f3n ben\u00e9fica<\/a> 501(c)(3) separada<\/li>\n\n\n\n<li>Presentaci\u00f3n de los <a href=\"https:\/\/www.dol.gov\/olms\/regs\/compliance\/EFS\/EFSintro.htm\" target=\"_blank\" rel=\"noreferrer noopener\">informes LM<\/a> del Departamento de Trabajo<\/li>\n\n\n\n<li>Informes anuales para Contratistas independientes y Empleados<div class=\"wp-block-list\">\n<ul class=\"wp-block-list\">\n<li>Los empleados reciben: Formulario W-2<\/li>\n\n\n\n<li>Los contratistas independientes reciben: Formulario 1099-Misc<\/li>\n<\/ul>\n<\/div><\/li>\n<\/ul>\n<\/div>\n<\/div><\/section>\n\n<div id=\"business\" class=\"wp-block-group is-layout-constrained wp-block-group-is-layout-constrained\"><section\n\t class=\"page-blocks iaff-page-blocks align wp-block-acf-page-blocks\" id=\"page-blocks_block_76076bc306770256df1372889e4a112b\">\n\t<div class=\"acf-innerblocks-container\">\n<section\n\t class=\"section-header mb-10 align wp-block-acf-section-header\" id=\"section-header_block_4508e9e0ee3bff9c079617163807a371\">\n\t<div class=\"\">\n\t<div class=\"flex flex-col md:flex-row justify-between max-w-content gap-x-8 md:items-end flex-wrap\">\n\t\t<h2 class=\"text-heading-200 pb-[2px]\">\n\t\t\tDeclaraci\u00f3n de impuestos \u2013 empresas\t\t<\/h2>\n\n\t\t\t\t\t<div class=\"md:order-last w-full\">\n\t\t\t\t\n\n\t<div class=\"h-divider w-full bg-halftone-divider bg-right\"><\/div>\n\t\t\t<\/div>\n\t\t\n\t\t\t<\/div>\n<\/div>\n<\/section>\n\n\n<div class=\"wp-block-paragraph \">\n<p>Al buscar el cumplimiento de las regulaciones autorizadas, los secretarios-tesoreros deben estar al tanto de las leyes federales, estatales y locales. Contacte al Departamento de Ingresos de su estado y consulte con un CPA local para conocer las leyes estatales y locales relevantes. <\/p>\n<\/div>\n\n<div class=\"wp-block-paragraph \">\n<p><strong>Exenci\u00f3n fiscal 501(c)(5) de las Secciones Locales de la AIB<\/strong><\/p>\n<\/div>\n\n<div class=\"wp-block-list\">\n<ul class=\"wp-block-list\">\n<li><a href=\"https:\/\/www.iaff.org\/wp-content\/uploads\/ST_Resources\/IAFF_Group_Affirmation_Letter.pdf\">Carta de exenci\u00f3n grupal<\/a> de IAFF<\/li>\n<\/ul>\n<\/div>\n\n<div class=\"wp-block-paragraph \">\n<p><strong>Orientaci\u00f3n para organizaciones locales que han perdido su estatus de exenci\u00f3n fiscal<br\/><\/strong>Las afiliadas de IAFF fueron notificadas en septiembre de 2010 que el per\u00edodo de gracia de tres a\u00f1os para el cumplimiento del 990 para organizaciones 501(c)(5) estaba por expirar el 15 de octubre de 2010. Desde entonces, el Servicio de Impuestos Internos (IRS) ha publicado una lista de organizaciones cuyo estatus de exenci\u00f3n fiscal ha sido revocado por no cumplir con sus requisitos de presentaci\u00f3n.  <\/p>\n<\/div>\n\n<div class=\"wp-block-paragraph \">\n<p><strong>Para verificar el estatus de exenci\u00f3n fiscal de su organizaci\u00f3n local o encontrar su N\u00famero de Identificaci\u00f3n del Empleador con el IRS, por favor <a href=\"https:\/\/apps.irs.gov\/app\/eos\/\" target=\"_blank\" rel=\"noreferrer noopener\">haga clic aqu\u00ed<\/a>.<\/strong><\/p>\n<\/div>\n\n<div class=\"wp-block-list\">\n<ul class=\"wp-block-list\">\n<li><strong>Orientaci\u00f3n para la reinstauraci\u00f3n<\/strong><div class=\"wp-block-list\">\n<ul class=\"wp-block-list\">\n<li>Orientaci\u00f3n oficial del IRS, <a href=\"https:\/\/www.iaff.org\/wp-content\/uploads\/ST_Resources\/GST_IRS-rp-14-11.pdf\">RP 2014-11<\/a> (identifique su situaci\u00f3n en la SECCI\u00d3N 1):<\/li>\n\n\n\n<li>Para un resumen de la publicaci\u00f3n, utilice este <a href=\"https:\/\/www.irs.gov\/Charities-&amp;-Non-Profits\/Charitable-Organizations\/Automatic-Revocation-How-to-Have-Your-Tax-Exempt-Status-Retroactively-Reinstated\" target=\"_blank\" rel=\"noreferrer noopener\">Resumen del RP 2014-11<\/a><\/li>\n\n\n\n<li>Formularios que deben presentarse:<div class=\"wp-block-list\">\n<ul class=\"wp-block-list\">\n<li>Solicitud de reinstauraci\u00f3n, <a href=\"https:\/\/www.irs.gov\/pub\/irs-pdf\/f1024.pdf\" target=\"_blank\" rel=\"noreferrer noopener\">Formulario 1024<\/a><\/li>\n\n\n\n<li>Tarifa de usuario, <a href=\"https:\/\/www.irs.gov\/pub\/irs-pdf\/f8718.pdf\" target=\"_blank\" rel=\"noreferrer noopener\">formulario 8718<\/a><\/li>\n\n\n\n<li>Presentar todas las declaraciones 990 o 990-EZ requeridas (si corresponde)<\/li>\n<\/ul>\n<\/div><\/li>\n\n\n\n<li>Escriba (a) \u201cProcedimiento de Ingresos 2014-11\u201d y (b) ya sea \u201cReinstauraci\u00f3n Simplificada\u201d o \u201cReinstauraci\u00f3n Retroactiva\u201d [seg\u00fan corresponda] en la parte superior de su solicitud del Formulario 1024 para asegurar el procesamiento adecuado. Para un formulario de muestra, <a href=\"https:\/\/www.iaff.org\/wp-content\/uploads\/ST_Resources\/GST_SAMPLE-short_form_1024-2-BASIC.pdf\">Haga Clic Aqu\u00ed<\/a> (NOTA IMPORTANTE: este formulario de muestra es para una organizaci\u00f3n muy b\u00e1sica; su situaci\u00f3n puede diferir, y las respuestas deben ajustarse en consecuencia).   <\/li>\n\n\n\n<li>Pague la tarifa de procesamiento aplicable en el Formulario 8718 \u2013 $600.<\/li>\n\n\n\n<li>P\u00f3ngase en contacto con la Oficina del GST en <a href=\"mailto:gstoffice@iaff.org\">gstoffice@iaff.org<\/a> para obtener informaci\u00f3n adicional sobre el proceso de reincorporaci\u00f3n.<\/li>\n<\/ul>\n<\/div><\/li>\n<\/ul>\n<\/div>\n\n<div class=\"wp-block-paragraph \">\n<p><strong>Declaraci\u00f3n de impuestos anual<br\/><\/strong>Prospectivamente, las afiliadas cuyos ingresos anuales son t\u00edpicamente $50,000 o menos (para a\u00f1os posteriores a 2010) son elegibles para presentar un aviso electr\u00f3nico anual (Formulario 990-N) despu\u00e9s de que su solicitud de reinstauraci\u00f3n del estatus de exenci\u00f3n fiscal haya sido aprobada. Ya sea que su organizaci\u00f3n local presente el Formulario 990, el Formulario 990-EZ o la tarjeta postal electr\u00f3nica Formulario 990-N, tenga en cuenta que la presentaci\u00f3n debe realizarse anualmente. <\/p>\n<\/div>\n\n<div class=\"wp-block-list\">\n<ul class=\"wp-block-list\">\n<li>N\u00f3mina, gu\u00eda fiscal del empleador, publicaci\u00f3n 15 del IRS<div class=\"wp-block-list\">\n<ul class=\"wp-block-list\">\n<li>Gu\u00eda fiscal suplementaria, publicaci\u00f3n 15-a del IRS<\/li>\n\n\n\n<li>Gu\u00eda fiscal para beneficios complementarios, publicaci\u00f3n 15-b del IRS<\/li>\n\n\n\n<li>Beneficios complementarios imponibles, publicaci\u00f3n 5137 del IRS<\/li>\n\n\n\n<li>Ingresos imponibles y no imponibles, publicaci\u00f3n 525 del IRS<\/li>\n\n\n\n<li>Tarifas de vi\u00e1ticos, publicaci\u00f3n 1542 del IRS<\/li>\n\n\n\n<li><a href=\"https:\/\/www.iaff.org\/wp-content\/uploads\/ST_Resources\/GST-Recordkeeping-timetable.pdf\">Calendario de mantenimiento de registros<\/a><\/li>\n<\/ul>\n<\/div><\/li>\n<\/ul>\n<\/div>\n\n<div class=\"wp-block-paragraph \">\n<p><strong>Presentaci\u00f3n del formulario 990 anual<\/strong><\/p>\n<\/div>\n\n<div class=\"wp-block-list\">\n<ul class=\"wp-block-list\">\n<li>Organizaciones peque\u00f1as, <a href=\"https:\/\/www.irs.gov\/charities-non-profits\/annual-electronic-filing-requirement-for-small-exempt-organizations-form-990-n-e-postcard\" target=\"_blank\" rel=\"noreferrer noopener\">formulario 990-n<\/a><\/li>\n\n\n\n<li>Organizaciones m\u00e1s grandes, <a href=\"https:\/\/www.irs.gov\/uac\/Current-Form-990-Series-Forms-and-Instructions\" target=\"_blank\" rel=\"noreferrer noopener\">listado del formulario 990<\/a><\/li>\n<\/ul>\n<\/div>\n\n<div class=\"wp-block-paragraph \">\n<p><strong>Impuesto sobre ingresos de negocios no relacionados<\/strong><\/p>\n<\/div>\n\n<div class=\"wp-block-list\">\n<ul class=\"wp-block-list\">\n<li>Definici\u00f3n de <a href=\"https:\/\/www.irs.gov\/Charities-&amp;-Non-Profits\/Unrelated-Business-Income-Defined\" target=\"_blank\" rel=\"noreferrer noopener\">UBIT<\/a><\/li>\n\n\n\n<li>Imponibilidad de <a href=\"https:\/\/www.iaff.org\/wp-content\/uploads\/ST_Resources\/GST-Gaming-Publication-for-Tax-Exempt-Organizations.pdf\">eventos de recaudaci\u00f3n de fondos<\/a>, publicaci\u00f3n 598 del IRS<\/li>\n\n\n\n<li><a href=\"https:\/\/www.irs.gov\/Charities-&amp;-Non-Profits\/Political-Organizations\" target=\"_blank\" rel=\"noreferrer noopener\">Requisitos para organizaciones pol\u00edticas<\/a><\/li>\n\n\n\n<li>Impuesto sobre ventas y uso \u2013 Como regla general, incluso las organizaciones exentas de pagar impuestos sobre ventas y uso deben a\u00fan recaudar y remitir el impuesto por los art\u00edculos que venden.<\/li>\n<\/ul>\n<\/div>\n<\/div><\/section>\n<\/div>\n\n<div id=\"individual\" class=\"wp-block-group is-layout-constrained wp-block-group-is-layout-constrained\"><section\n\t class=\"page-blocks iaff-page-blocks align wp-block-acf-page-blocks\" id=\"page-blocks_block_76076bc306770256df1372889e4a112b\">\n\t<div class=\"acf-innerblocks-container\">\n<section\n\t class=\"section-header mb-10 align wp-block-acf-section-header\" id=\"section-header_block_055e16614dc40a2b4c353dc5d6d37fb4\">\n\t<div class=\"\">\n\t<div class=\"flex flex-col md:flex-row justify-between max-w-content gap-x-8 md:items-end flex-wrap\">\n\t\t<h2 class=\"text-heading-200 pb-[2px]\">\n\t\t\tDeclaraci\u00f3n de impuestos \u2013 individuos\t\t<\/h2>\n\n\t\t\t\t\t<div class=\"md:order-last w-full\">\n\t\t\t\t\n\n\t<div class=\"h-divider w-full bg-halftone-divider bg-right\"><\/div>\n\t\t\t<\/div>\n\t\t\n\t\t\t<\/div>\n<\/div>\n<\/section>\n\n\n<div class=\"wp-block-paragraph \">\n<p>Dado que las pr\u00e1cticas de declaraci\u00f3n de impuestos locales influyen directamente en la declaraci\u00f3n de impuestos de los Empleados \u201cy Contratistas Independientes\u201d individuales, a continuaci\u00f3n se presenta una lista condensada de recursos. Cada individuo en los Estados Unidos es responsable de sus propios registros fiscales y de buscar orientaci\u00f3n sobre aspectos poco claros. Cabe se\u00f1alar que tambi\u00e9n pueden aplicarse regulaciones y obligaciones fiscales estatales y locales.  <\/p>\n<\/div>\n\n<div class=\"wp-block-list\">\n<ul class=\"wp-block-list\">\n<li>Presentaci\u00f3n anual del Formulario 1040 del IRS<\/li>\n\n\n\n<li>Gastos de viajes de negocios (Tema 511 del IRS)<\/li>\n\n\n\n<li>Gastos miscel\u00e1neos (Tema 508 del IRS)<\/li>\n<\/ul>\n<\/div>\n<\/div><\/section>\n<\/div>\n","protected":false},"excerpt":{"rendered":"","protected":false},"featured_media":0,"parent":93999,"menu_order":0,"comment_status":"closed","ping_status":"closed","template":"","meta":{"_acf_changed":false,"_searchwp_excluded":"","inline_featured_image":false,"_EventAllDay":false,"_EventTimezone":"","_EventStartDate":"","_EventEndDate":"","_EventStartDateUTC":"","_EventEndDateUTC":"","_EventShowMap":false,"_EventShowMapLink":false,"_EventURL":"","_EventCost":"","_EventCostDescription":"","_EventCurrencySymbol":"","_EventCurrencyCode":"","_EventCurrencyPosition":"","_EventDateTimeSeparator":"","_EventTimeRangeSeparator":"","_EventOrganizerID":[],"_EventVenueID":[],"_OrganizerEmail":"","_OrganizerPhone":"","_OrganizerWebsite":"","_VenueAddress":"","_VenueCity":"","_VenueCountry":"","_VenueProvince":"","_VenueState":"","_VenueZip":"","_VenuePhone":"","_VenueURL":"","_VenueStateProvince":"","_VenueLat":"","_VenueLng":"","_VenueShowMap":false,"_VenueShowMapLink":false,"footnotes":""},"class_list":["post-93989","page","type-page","status-publish","hentry"],"acf":[],"publishpress_future_workflow_manual_trigger":{"enabledWorkflows":[]},"_links":{"self":[{"href":"https:\/\/www.iaff.org\/es\/wp-json\/wp\/v2\/pages\/93989","targetHints":{"allow":["GET"]}}],"collection":[{"href":"https:\/\/www.iaff.org\/es\/wp-json\/wp\/v2\/pages"}],"about":[{"href":"https:\/\/www.iaff.org\/es\/wp-json\/wp\/v2\/types\/page"}],"author":[{"embeddable":true,"href":"https:\/\/www.iaff.org\/es\/wp-json\/wp\/v2\/users\/3"}],"replies":[{"embeddable":true,"href":"https:\/\/www.iaff.org\/es\/wp-json\/wp\/v2\/comments?post=93989"}],"version-history":[{"count":0,"href":"https:\/\/www.iaff.org\/es\/wp-json\/wp\/v2\/pages\/93989\/revisions"}],"up":[{"embeddable":true,"href":"https:\/\/www.iaff.org\/es\/wp-json\/wp\/v2\/pages\/93999"}],"wp:attachment":[{"href":"https:\/\/www.iaff.org\/es\/wp-json\/wp\/v2\/media?parent=93989"}],"curies":[{"name":"wp","href":"https:\/\/api.w.org\/{rel}","templated":true}]}}