{"id":93941,"date":"2024-02-09T21:23:41","date_gmt":"2024-02-10T02:23:41","guid":{"rendered":"https:\/\/www.iaff.org\/asistencia-juridica\/politica-de-asistencia-legal-para-la-oficina-canadiense\/"},"modified":"2025-06-20T14:33:33","modified_gmt":"2025-06-20T18:33:33","slug":"politica-de-asistencia-legal-para-la-oficina-canadiense","status":"publish","type":"page","link":"https:\/\/www.iaff.org\/es\/asistencia-juridica\/politica-de-asistencia-legal-para-la-oficina-canadiense\/","title":{"rendered":"Pol\u00edtica de asistencia legal para la oficina canadiense"},"content":{"rendered":"<section\n\t class=\"secondary-hero align wp-block-acf-secondary-hero\" id=\"secondary-hero_block_a67f163207392da7e2fb7a83ce6dc6d4\">\n\t\n<header\n\tclass=\"w-full u-bg-full-width px-[22px] md:ps-bleed md:pe-0 py-[60px] bg-smoke-5 text-black u-has-rivets u-rivets-dark\"\n\tdata-theme=\"gray\"\n>\n\t<div class=\"flex flex-col !px-0 !max-w-[1440px] w-full lg:!ps-indent\">\n\t\t<div class=\"border-t-[6px] w-full my-0 flex flex-col md:flex-row gap-x-[62px] gap-y-[22px] border-red\">\n\t\t\t\t\t\t<div class=\"w-full md:w-1\/2 md:py-[45px]\">\n\t\t\t\t<div class=\"max-w-[600px] flex flex-col gap-[22px]\">\n\t\t\t\t\t\t\t\t\t\t\t<h1 class=\"has-[.u-halftone-shadow--dark]:mb-divider has-[.u-halftone-shadow--light]:mb-divider pt-[22px] md:pt-0\">\n\t\t\t\t\t\t\t<span class=\"inline-flex text-heading-200 u-halftone-shadow--dark\">\n\t\t\t\t\t\t\t\tAsistencia jur\u00eddica para afiliados canadienses\t\t\t\t\t\t\t<\/span>\n\t\t\t\t\t\t<\/h1>\n\t\t\t\t\t\t\t\t\t\t\t\t\t\t\t\t<div class=\"text-body-300 font-sans\">\n\t\t\t\t\t\t\t<p>Pol\u00edtica de la Junta Ejecutiva adoptada en enero de 1998 y revisada en mayo de 2004.<\/p>\n\t\t\t\t\t\t<\/div>\n\t\t\t\t\t\t\t\t\t\t\t\t\t\t\t\t\t\t\t\t\t\t\t\t<\/div>\n\t\t\t<\/div>\n\n\t\t<\/div>\n\t\t\t\t\t<div class=\"order-first flex justify-start w-full pb-[22px]\">\n\t\t\t\t<div\n\tclass=\"wp-block-button is-style-tertiary text-smoke is-style-tertiary-back\"\n>\n\t\t\t<a\n\t\t\thref=\"https:\/\/www.iaff.org\/es\/asistencia-juridica\/\"\n\t\t\tclass=\"wp-block-button__link wp-element-button group\"\n\t\t\t\t\t>\n\t\t\t<span\n\t\t\tclass=\"decoration-transparent underline underline-offset-2 group-hover:decoration-inherit group-focus-visible:decoration-inherit transition duration-hover\"\n\t\t>\n\t\t\tAsistencia jur\u00eddica\t\t<\/span>\n\n\t\t<span\n\t\t\tclass=\"bg-inherit transition-colors duration-hover group-hover:bg-gold group-focus:bg-gold inline-flex rotate-180 order-first\"\n\t\t>\n\t\t\t<svg xmlns=\"http:\/\/www.w3.org\/2000\/svg\" width=\"21\" height=\"22\" fill=\"none\" viewBox=\"0 0 21 22\"><path stroke=\"currentColor\" stroke-linecap=\"round\" stroke-width=\"2\" d=\"M20 20.75L20 2.25L1.5 2.25L1.5 20.75L20 20.75Z\" clip-rule=\"evenodd\"\/><path stroke=\"currentColor\" stroke-linecap=\"square\" stroke-width=\"2\" d=\"M14.0883 11.5L6.66406 11.5\"\/><path stroke=\"currentColor\" stroke-linecap=\"square\" stroke-width=\"2\" d=\"M11.0723 7.75205L14.8363 11.5L11.0723 15.248\"\/><\/svg>\t\t<\/span>\n\t<\/a><\/div>\n\t\t\t<\/div>\n\t\t\t<\/div>\n<\/header>\n<\/section>\n\n<div class=\"wp-block-group is-layout-constrained wp-block-group-is-layout-constrained\"><section\n\t class=\"page-blocks iaff-page-blocks align wp-block-acf-page-blocks\" id=\"page-blocks_block_275e336c3460451add515315ffc8b26d\">\n\t<div class=\"acf-innerblocks-container\">\n<div class=\"wp-block-paragraph \">\n<p>El proceso de asistencia legal se originar\u00e1 con el respectivo Vicepresidente del Distrito Canadiense de IAFF. La solicitud por escrito deber\u00e1 contener todos los detalles de la situaci\u00f3n de hecho que se remitir\u00e1 al Asistente del Presidente General para Operaciones Canadienses. El Vicepresidente del Distrito Canadiense y el Asistente del Presidente General revisar\u00e1n la solicitud para hacer una recomendaci\u00f3n al Presidente General sobre si dicha solicitud se ajusta a los criterios de la provisi\u00f3n de servicios legales. Nuevamente, esta consulta debe realizarse ya que existe un fondo limitado para la provisi\u00f3n de estos servicios, seg\u00fan lo estipulado en la Resoluci\u00f3n 48 [adoptada en la Convenci\u00f3n de IAFF de 1996] y la equidad y la idoneidad dictar\u00e1n en cada escenario.   <\/p>\n<\/div>\n\n<div class=\"wp-block-paragraph \">\n<p>Aquellos asuntos de importancia nacional o relevancia para los afiliados canadienses pueden originarse en la oficina canadiense. Ejemplos de situaciones que justificar\u00edan asistencia incluyen: <\/p>\n<\/div>\n\n<div class=\"wp-block-list\">\n<ul class=\"wp-block-list\">\n<li>un asunto que tendr\u00eda un efecto sobre los afiliados canadienses a nivel provincial o nacional;<\/li>\n\n\n\n<li>un afiliado que desea una segunda opini\u00f3n sobre si el curso de acci\u00f3n de su propio asesor legal es apropiado o justificado; un afiliado que planea una acci\u00f3n legal sustantiva y prolongada contra su empleador;<\/li>\n\n\n\n<li>un serio deterioro en la negociaci\u00f3n colectiva que requerir\u00eda experiencia legal especializada.<\/li>\n<\/ul>\n<\/div>\n\n<div class=\"wp-block-paragraph \">\n<p>Lo anterior indica claramente que la provisi\u00f3n de asistencia legal no est\u00e1 destinada a aplicarse cada vez que un afiliado se ve involucrado en una acci\u00f3n legal, sino que es para aquellas situaciones \u00fanicas e inusuales donde la oportunidad de tener una nueva o segunda mirada a una situaci\u00f3n de hecho producir\u00eda resultados beneficiosos. La lista no pretende ser exhaustiva, sino que debe actuar como una gu\u00eda o punto de referencia para aquellas situaciones que calificar\u00edan para asistencia legal. <\/p>\n<\/div>\n\n<div class=\"wp-block-paragraph \">\n<p>Despu\u00e9s de que un afiliado haya recibido confirmaci\u00f3n de la oficina canadiense de que su situaci\u00f3n particular califica para asistencia, el presidente del afiliado o su designado se comunicar\u00e1 con la firma de abogados contratada por IAFF para proporcionar todos los detalles del escenario y responder cualquier pregunta de la firma de abogados. La respuesta por escrito de la firma de abogados se enviar\u00e1 al Vicepresidente del Distrito Canadiense con una copia enviada al Presidente General, al Asistente del Presidente General para Operaciones Canadienses y al afiliado individual. <\/p>\n<\/div>\n<\/div><\/section>\n<\/div>\n","protected":false},"excerpt":{"rendered":"","protected":false},"featured_media":0,"parent":93931,"menu_order":0,"comment_status":"closed","ping_status":"closed","template":"","meta":{"_acf_changed":false,"_searchwp_excluded":"","inline_featured_image":false,"_EventAllDay":false,"_EventTimezone":"","_EventStartDate":"","_EventEndDate":"","_EventStartDateUTC":"","_EventEndDateUTC":"","_EventShowMap":false,"_EventShowMapLink":false,"_EventURL":"","_EventCost":"","_EventCostDescription":"","_EventCurrencySymbol":"","_EventCurrencyCode":"","_EventCurrencyPosition":"","_EventDateTimeSeparator":"","_EventTimeRangeSeparator":"","_EventOrganizerID":[],"_EventVenueID":[],"_OrganizerEmail":"","_OrganizerPhone":"","_OrganizerWebsite":"","_VenueAddress":"","_VenueCity":"","_VenueCountry":"","_VenueProvince":"","_VenueState":"","_VenueZip":"","_VenuePhone":"","_VenueURL":"","_VenueStateProvince":"","_VenueLat":"","_VenueLng":"","_VenueShowMap":false,"_VenueShowMapLink":false,"footnotes":""},"class_list":["post-93941","page","type-page","status-publish","hentry"],"acf":[],"publishpress_future_workflow_manual_trigger":{"enabledWorkflows":[]},"_links":{"self":[{"href":"https:\/\/www.iaff.org\/es\/wp-json\/wp\/v2\/pages\/93941","targetHints":{"allow":["GET"]}}],"collection":[{"href":"https:\/\/www.iaff.org\/es\/wp-json\/wp\/v2\/pages"}],"about":[{"href":"https:\/\/www.iaff.org\/es\/wp-json\/wp\/v2\/types\/page"}],"author":[{"embeddable":true,"href":"https:\/\/www.iaff.org\/es\/wp-json\/wp\/v2\/users\/10"}],"replies":[{"embeddable":true,"href":"https:\/\/www.iaff.org\/es\/wp-json\/wp\/v2\/comments?post=93941"}],"version-history":[{"count":0,"href":"https:\/\/www.iaff.org\/es\/wp-json\/wp\/v2\/pages\/93941\/revisions"}],"up":[{"embeddable":true,"href":"https:\/\/www.iaff.org\/es\/wp-json\/wp\/v2\/pages\/93931"}],"wp:attachment":[{"href":"https:\/\/www.iaff.org\/es\/wp-json\/wp\/v2\/media?parent=93941"}],"curies":[{"name":"wp","href":"https:\/\/api.w.org\/{rel}","templated":true}]}}