{"id":93931,"date":"2019-09-04T20:32:54","date_gmt":"2019-09-05T00:32:54","guid":{"rendered":"https:\/\/www.iaff.org\/asistencia-juridica\/"},"modified":"2026-02-03T16:16:58","modified_gmt":"2026-02-03T21:16:58","slug":"asistencia-juridica","status":"publish","type":"page","link":"https:\/\/www.iaff.org\/es\/asistencia-juridica\/","title":{"rendered":"Asistencia laboral y legal"},"content":{"rendered":"<section\n\t class=\"secondary-hero align wp-block-acf-secondary-hero\" id=\"secondary-hero_block_2e363ea9fb9e7310731f747bbf40fdfe\">\n\t\n<header\n\tclass=\"w-full u-bg-full-width px-[22px] md:ps-bleed md:pe-0 py-[60px] bg-blue text-white u-has-rivets\"\n\tdata-theme=\"navy\"\n>\n\t<div class=\"flex flex-col !px-0 !max-w-[1440px] w-full lg:!ps-indent\">\n\t\t<div class=\"border-t-[6px] w-full my-0 flex flex-col md:flex-row gap-x-[62px] gap-y-[22px] border-gold\">\n\t\t\t\t\t\t<div class=\"w-full md:w-1\/2 md:py-[45px]\">\n\t\t\t\t<div class=\"max-w-[600px] flex flex-col gap-[22px]\">\n\t\t\t\t\t\t\t\t\t\t\t<h1 class=\"has-[.u-halftone-shadow--dark]:mb-divider has-[.u-halftone-shadow--light]:mb-divider pt-[22px] md:pt-0\">\n\t\t\t\t\t\t\t<span class=\"inline-flex text-heading-200 u-halftone-shadow--light\">\n\t\t\t\t\t\t\t\tAsistencia laboral y legal\t\t\t\t\t\t\t<\/span>\n\t\t\t\t\t\t<\/h1>\n\t\t\t\t\t\t\t\t\t\t\t\t\t\t\t\t\t\t\t\t\t\t\t\t\t\t\t\t\t<\/div>\n\t\t\t<\/div>\n\n\t\t<\/div>\n\t\t\t<\/div>\n<\/header>\n<\/section>\n<section\n\t class=\"page-blocks iaff-page-blocks align wp-block-acf-page-blocks\" id=\"page-blocks_block_e63d1e00c1e204528a81157fc9856f6c\">\n\t<div class=\"acf-innerblocks-container\">\n<section\n\t class=\"secondary-navigation-automatic u-bg-full-width bg-smoke\/5 align wp-block-acf-secondary-navigation-automatic\" id=\"secondary-navigation-automatic_block_6d910e6dbc2115b4ac27ebcafb16a0c3\">\n\t<\/section>\n\n<\/div><\/section>\n<section\n\t class=\"page-blocks iaff-page-blocks align wp-block-acf-page-blocks\" id=\"page-blocks_block_e63d1e00c1e204528a81157fc9856f6c\">\n\t<div class=\"acf-innerblocks-container\">\n<section\n\t class=\"card-grid pt-5 align wp-block-acf-card-grid\" id=\"card-grid_block_f6791b26c1a57dd882675b3d13c93020\">\n\t\t\t<div class=\"mb-[60px]\">\n\t<div class=\"\">\n\t\t<h2 class=\"text-heading-200 pb-[2px]\">\n\t\t\tAspectos b\u00e1sicos del trabajo\t\t<\/h2>\n\n\t\t\t\t\t<div class=\"md:order-last u-bleed-left\">\n\t\t\t\t\n\t<hr class=\"h-[6px] text-red border-red bg-red w-full my-0\" role=\"presentation\"\/>\n\n\t<div class=\"h-divider w-full bg-halftone-divider bg-right\"><\/div>\n\t\t\t<\/div>\n\t\t\n\t\t\t<\/div>\n<\/div>\n\t\n\t<div class=\"iaff-card-grid md:px-indent\">\n\t\t\t\t<div class=\"acf-innerblocks-container\">\n<article\n\t class=\"link-card flex align wp-block-acf-link-card\" id=\"link-card_block_6df0a93a07afa9664180c8de342f2892\">\n\t<a href=\"https:\/\/www.iaff.org\/es\/centro-de-informacion-laboral\/\" target=\"_blank\" class=\"p-0 flex flex-col w-full h-full group no-underline\">\t<div class=\"bg-halftone-dark p-3 min-h-divider w-full grid place-items-center\"><\/div>\n\t<div class=\"relative px-10 py-9 bg-smoke\/5 text-body-500 flex flex-col gap-card-gap flex-1 transition duration-hover group-hover:bg-white\">\n\t\t\t\t\t<h4 class=\"text-heading-400-serif\">\n\t\t\t\tCentro de informaci\u00f3n laboral\t\t\t<\/h4>\n\t\t\t\t<div class=\"relative flex flex-col flex-1 gap-card-gap text-body-500 justify-start min-h-[120px]\">\n\t\t\t\t\t\t\t\t\t\t<div class=\"flex-grow-1 text-body-500\">\n\t\t\t\t\tPlantillas de contratos locales, ejemplos de escalas salariales y una biblioteca completa de contratos de todos los locales de la AIB.\t\t\t\t<\/div>\n\t\t\t\t\t\t\t\t\t\t<div class=\"mt-auto group-hover\">\n\t\t\t\t\t<!-- Renders the same as core\/button with a specific style -->\n\t<div>\n\t\t\t\t\t<div\n\t\t\t\tclass=\"inline-flex gap-[16px] items-center text-inherit text-button-300 decoration-transparent underline underline-offset-2 transition-colors duration-hover group-hover:decoration-current group-focus-visible:decoration-current\"\n\t\t\t>\n\t\t\t\t<span>\n\t\t\t\t\tVer\t\t\t\t<\/span>\n\t\t\t\t<svg xmlns=\"http:\/\/www.w3.org\/2000\/svg\" width=\"15\" height=\"15\" fill=\"none\" viewBox=\"0 0 15 15\"><path stroke=\"currentColor\" stroke-linecap=\"square\" stroke-width=\"2\" d=\"M11.6347 7.49976L1 7.49976\"\/><path stroke=\"currentColor\" stroke-linecap=\"square\" stroke-width=\"2\" d=\"M7.31445 2.13138L12.7061 7.50014L7.31445 12.8689\"\/><\/svg>\t\t\t<\/div>\n\t\t\t<\/div>\n\t\t\t\t<\/div>\n\t\t\t\t\t<\/div>\n\t<\/div>\n\t<\/a><\/article>\n\n\n<article\n\t class=\"link-card flex align wp-block-acf-link-card\" id=\"link-card_block_a23c7b55d444ecf94023825447100e34\">\n\t<a href=\"https:\/\/www.iaff.org\/es\/asistencia-juridica\/ley-de-normas-laborales-justas\/\" target=\"\" class=\"p-0 flex flex-col w-full h-full group no-underline\">\t<div class=\"bg-halftone-dark p-3 min-h-divider w-full grid place-items-center\"><\/div>\n\t<div class=\"relative px-10 py-9 bg-smoke\/5 text-body-500 flex flex-col gap-card-gap flex-1 transition duration-hover group-hover:bg-white\">\n\t\t\t\t\t<h4 class=\"text-heading-400-serif\">\n\t\t\t\tLey de normas laborales justas\t\t\t<\/h4>\n\t\t\t\t<div class=\"relative flex flex-col flex-1 gap-card-gap text-body-500 justify-start min-h-[120px]\">\n\t\t\t\t\t\t\t\t\t\t<div class=\"flex-grow-1 text-body-500\">\n\t\t\t\t\tLa FLSA establece normas sobre salarios y horas extras para los empleados de los gobiernos estatales y locales que participan en la protecci\u00f3n contra incendios y otras actividades de seguridad p\u00fablica.\t\t\t\t<\/div>\n\t\t\t\t\t\t\t\t\t\t<div class=\"mt-auto group-hover\">\n\t\t\t\t\t<!-- Renders the same as core\/button with a specific style -->\n\t<div>\n\t\t\t\t\t<div\n\t\t\t\tclass=\"inline-flex gap-[16px] items-center text-inherit text-button-300 decoration-transparent underline underline-offset-2 transition-colors duration-hover group-hover:decoration-current group-focus-visible:decoration-current\"\n\t\t\t>\n\t\t\t\t<span>\n\t\t\t\t\tVer\t\t\t\t<\/span>\n\t\t\t\t<svg xmlns=\"http:\/\/www.w3.org\/2000\/svg\" width=\"15\" height=\"15\" fill=\"none\" viewBox=\"0 0 15 15\"><path stroke=\"currentColor\" stroke-linecap=\"square\" stroke-width=\"2\" d=\"M11.6347 7.49976L1 7.49976\"\/><path stroke=\"currentColor\" stroke-linecap=\"square\" stroke-width=\"2\" d=\"M7.31445 2.13138L12.7061 7.50014L7.31445 12.8689\"\/><\/svg>\t\t\t<\/div>\n\t\t\t<\/div>\n\t\t\t\t<\/div>\n\t\t\t\t\t<\/div>\n\t<\/div>\n\t<\/a><\/article>\n\n\n<article\n\t class=\"link-card flex align wp-block-acf-link-card\" id=\"link-card_block_c4f6349a80dcf8895694f9bd2f88ac4d\">\n\t<a href=\"https:\/\/www.iaff.org\/es\/asistencia-juridica\/reuniones-virtuales-votacion-en-linea\/\" target=\"\" class=\"p-0 flex flex-col w-full h-full group no-underline\">\t<div class=\"bg-halftone-dark p-3 min-h-divider w-full grid place-items-center\"><\/div>\n\t<div class=\"relative px-10 py-9 bg-smoke\/5 text-body-500 flex flex-col gap-card-gap flex-1 transition duration-hover group-hover:bg-white\">\n\t\t\t\t\t<h4 class=\"text-heading-400-serif\">\n\t\t\t\tReuniones virtuales y votaci\u00f3n en l\u00ednea\t\t\t<\/h4>\n\t\t\t\t<div class=\"relative flex flex-col flex-1 gap-card-gap text-body-500 justify-start min-h-[120px]\">\n\t\t\t\t\t\t\t\t\t\t<div class=\"flex-grow-1 text-body-500\">\n\t\t\t\t\tHemos reunido los siguientes documentos para ayudarle a abordar preguntas urgentes sobre asuntos sindicales en un mundo cambiante.\t\t\t\t<\/div>\n\t\t\t\t\t\t\t\t\t\t<div class=\"mt-auto group-hover\">\n\t\t\t\t\t<!-- Renders the same as core\/button with a specific style -->\n\t<div>\n\t\t\t\t\t<div\n\t\t\t\tclass=\"inline-flex gap-[16px] items-center text-inherit text-button-300 decoration-transparent underline underline-offset-2 transition-colors duration-hover group-hover:decoration-current group-focus-visible:decoration-current\"\n\t\t\t>\n\t\t\t\t<span>\n\t\t\t\t\tVer\t\t\t\t<\/span>\n\t\t\t\t<svg xmlns=\"http:\/\/www.w3.org\/2000\/svg\" width=\"15\" height=\"15\" fill=\"none\" viewBox=\"0 0 15 15\"><path stroke=\"currentColor\" stroke-linecap=\"square\" stroke-width=\"2\" d=\"M11.6347 7.49976L1 7.49976\"\/><path stroke=\"currentColor\" stroke-linecap=\"square\" stroke-width=\"2\" d=\"M7.31445 2.13138L12.7061 7.50014L7.31445 12.8689\"\/><\/svg>\t\t\t<\/div>\n\t\t\t<\/div>\n\t\t\t\t<\/div>\n\t\t\t\t\t<\/div>\n\t<\/div>\n\t<\/a><\/article>\n\n<\/div>\t<\/div>\n\n\t\n<\/section>\n\n<\/div><\/section>\n<section\n\t class=\"page-blocks iaff-page-blocks align wp-block-acf-page-blocks\" id=\"page-blocks_block_e63d1e00c1e204528a81157fc9856f6c\">\n\t<div class=\"acf-innerblocks-container\">\n<section\n\t class=\"card-grid pt-5 align wp-block-acf-card-grid\" id=\"card-grid_block_e92ddb7ba2b16f6aa679fbb5aa97e20f\">\n\t\t\t<div class=\"mb-[60px]\">\n\t<div class=\"\">\n\t\t<h2 class=\"text-heading-200 pb-[2px]\">\n\t\t\tAsistencia jur\u00eddica\t\t<\/h2>\n\n\t\t\t\t\t<div class=\"md:order-last u-bleed-left\">\n\t\t\t\t\n\t<hr class=\"h-[6px] text-red border-red bg-red w-full my-0\" role=\"presentation\"\/>\n\n\t<div class=\"h-divider w-full bg-halftone-divider bg-right\"><\/div>\n\t\t\t<\/div>\n\t\t\n\t\t\t<\/div>\n<\/div>\n\t\n\t<div class=\"iaff-card-grid md:px-indent\">\n\t\t\t\t<div class=\"acf-innerblocks-container\">\n<article\n\t class=\"link-card flex align wp-block-acf-link-card\" id=\"link-card_block_83e1a726b4db8e7fa9459c7694f0c1bc\">\n\t<a href=\"https:\/\/www.iaff.org\/es\/asistencia-juridica\/politica-de-tutela\/\" target=\"\" class=\"p-0 flex flex-col w-full h-full group no-underline\">\t<div class=\"bg-halftone-dark p-3 min-h-divider w-full grid place-items-center\"><\/div>\n\t<div class=\"relative px-10 py-9 bg-smoke\/5 text-body-500 flex flex-col gap-card-gap flex-1 transition duration-hover group-hover:bg-white\">\n\t\t\t\t\t<h4 class=\"text-heading-400-serif\">\n\t\t\t\tPol\u00edtica de tutela\t\t\t<\/h4>\n\t\t\t\t<div class=\"relative flex flex-col flex-1 gap-card-gap text-body-500 justify-start min-h-[120px]\">\n\t\t\t\t\t\t\t\t\t\t<div class=\"flex-grow-1 text-body-500\">\n\t\t\t\t\tLa p\u00f3liza Guardian proporciona asistencia legal a los l\u00edderes de la AIB sancionados por llevar a cabo asuntos sindicales.\t\t\t\t<\/div>\n\t\t\t\t\t\t\t\t\t\t<div class=\"mt-auto group-hover\">\n\t\t\t\t\t<!-- Renders the same as core\/button with a specific style -->\n\t<div>\n\t\t\t\t\t<div\n\t\t\t\tclass=\"inline-flex gap-[16px] items-center text-inherit text-button-300 decoration-transparent underline underline-offset-2 transition-colors duration-hover group-hover:decoration-current group-focus-visible:decoration-current\"\n\t\t\t>\n\t\t\t\t<span>\n\t\t\t\t\tVer\t\t\t\t<\/span>\n\t\t\t\t<svg xmlns=\"http:\/\/www.w3.org\/2000\/svg\" width=\"15\" height=\"15\" fill=\"none\" viewBox=\"0 0 15 15\"><path stroke=\"currentColor\" stroke-linecap=\"square\" stroke-width=\"2\" d=\"M11.6347 7.49976L1 7.49976\"\/><path stroke=\"currentColor\" stroke-linecap=\"square\" stroke-width=\"2\" d=\"M7.31445 2.13138L12.7061 7.50014L7.31445 12.8689\"\/><\/svg>\t\t\t<\/div>\n\t\t\t<\/div>\n\t\t\t\t<\/div>\n\t\t\t\t\t<\/div>\n\t<\/div>\n\t<\/a><\/article>\n\n\n<article\n\t class=\"link-card flex align wp-block-acf-link-card\" id=\"link-card_block_cbfdee5ec5b76904ec969e26ffdd30f1\">\n\t<a href=\"https:\/\/www.iaff.org\/es\/asistencia-juridica\/politica-de-asistencia-legal-para-la-oficina-canadiense\/\" target=\"\" class=\"p-0 flex flex-col w-full h-full group no-underline\">\t<div class=\"bg-halftone-dark p-3 min-h-divider w-full grid place-items-center\"><\/div>\n\t<div class=\"relative px-10 py-9 bg-smoke\/5 text-body-500 flex flex-col gap-card-gap flex-1 transition duration-hover group-hover:bg-white\">\n\t\t\t\t\t<h4 class=\"text-heading-400-serif\">\n\t\t\t\tAsistencia legal para afiliados canadienses\t\t\t<\/h4>\n\t\t\t\t<div class=\"relative flex flex-col flex-1 gap-card-gap text-body-500 justify-start min-h-[120px]\">\n\t\t\t\t\t\t\t\t\t\t<div class=\"flex-grow-1 text-body-500\">\n\t\t\t\t\tPol\u00edtica de la Junta Ejecutiva que gu\u00eda la asistencia legal dedicada que se ofrece a los afiliados canadienses.\t\t\t\t<\/div>\n\t\t\t\t\t\t\t\t\t\t<div class=\"mt-auto group-hover\">\n\t\t\t\t\t<!-- Renders the same as core\/button with a specific style -->\n\t<div>\n\t\t\t\t\t<div\n\t\t\t\tclass=\"inline-flex gap-[16px] items-center text-inherit text-button-300 decoration-transparent underline underline-offset-2 transition-colors duration-hover group-hover:decoration-current group-focus-visible:decoration-current\"\n\t\t\t>\n\t\t\t\t<span>\n\t\t\t\t\tVer\t\t\t\t<\/span>\n\t\t\t\t<svg xmlns=\"http:\/\/www.w3.org\/2000\/svg\" width=\"15\" height=\"15\" fill=\"none\" viewBox=\"0 0 15 15\"><path stroke=\"currentColor\" stroke-linecap=\"square\" stroke-width=\"2\" d=\"M11.6347 7.49976L1 7.49976\"\/><path stroke=\"currentColor\" stroke-linecap=\"square\" stroke-width=\"2\" d=\"M7.31445 2.13138L12.7061 7.50014L7.31445 12.8689\"\/><\/svg>\t\t\t<\/div>\n\t\t\t<\/div>\n\t\t\t\t<\/div>\n\t\t\t\t\t<\/div>\n\t<\/div>\n\t<\/a><\/article>\n\n<\/div>\t<\/div>\n\n\t\n<\/section>\n\n<\/div><\/section>\n<section\n\t class=\"page-blocks iaff-page-blocks align wp-block-acf-page-blocks\" id=\"page-blocks_block_e63d1e00c1e204528a81157fc9856f6c\">\n\t<div class=\"acf-innerblocks-container\">\n<section\n\t class=\"card-grid pt-5 align wp-block-acf-card-grid\" id=\"card-grid_block_c72f30a7c755c038cadad930ec6e6bd4\">\n\t\t\t<div class=\"mb-[60px]\">\n\t<div class=\"\">\n\t\t<h2 class=\"text-heading-200 pb-[2px]\">\n\t\t\tRecursos legales\t\t<\/h2>\n\n\t\t\t\t\t<div class=\"md:order-last u-bleed-left\">\n\t\t\t\t\n\t<hr class=\"h-[6px] text-red border-red bg-red w-full my-0\" role=\"presentation\"\/>\n\n\t<div class=\"h-divider w-full bg-halftone-divider bg-right\"><\/div>\n\t\t\t<\/div>\n\t\t\n\t\t\t<\/div>\n<\/div>\n\t\n\t<div class=\"iaff-card-grid md:px-indent\">\n\t\t\t\t<div class=\"acf-innerblocks-container\">\n<article\n\t class=\"link-card flex align wp-block-acf-link-card\" id=\"link-card_block_47ffcb6a6ff9d983de12bbc79972bc57\">\n\t<a href=\"https:\/\/www.iaff.org\/es\/asistencia-juridica\/constitucion-y-estatutos\/\" target=\"\" class=\"p-0 flex flex-col w-full h-full group no-underline\">\t<div class=\"bg-halftone-dark p-3 min-h-divider w-full grid place-items-center\"><\/div>\n\t<div class=\"relative px-10 py-9 bg-smoke\/5 text-body-500 flex flex-col gap-card-gap flex-1 transition duration-hover group-hover:bg-white\">\n\t\t\t\t\t<h4 class=\"text-heading-400-serif\">\n\t\t\t\tConstituci\u00f3n y estatutos\t\t\t<\/h4>\n\t\t\t\t<div class=\"relative flex flex-col flex-1 gap-card-gap text-body-500 justify-start min-h-[120px]\">\n\t\t\t\t\t\t\t\t\t\t<div class=\"flex-grow-1 text-body-500\">\n\t\t\t\t\tLos afiliados de la AIB deben mantener una copia actualizada de su constituci\u00f3n y estatutos.\t\t\t\t<\/div>\n\t\t\t\t\t\t\t\t\t\t<div class=\"mt-auto group-hover\">\n\t\t\t\t\t<!-- Renders the same as core\/button with a specific style -->\n\t<div>\n\t\t\t\t\t<div\n\t\t\t\tclass=\"inline-flex gap-[16px] items-center text-inherit text-button-300 decoration-transparent underline underline-offset-2 transition-colors duration-hover group-hover:decoration-current group-focus-visible:decoration-current\"\n\t\t\t>\n\t\t\t\t<span>\n\t\t\t\t\tVer\t\t\t\t<\/span>\n\t\t\t\t<svg xmlns=\"http:\/\/www.w3.org\/2000\/svg\" width=\"15\" height=\"15\" fill=\"none\" viewBox=\"0 0 15 15\"><path stroke=\"currentColor\" stroke-linecap=\"square\" stroke-width=\"2\" d=\"M11.6347 7.49976L1 7.49976\"\/><path stroke=\"currentColor\" stroke-linecap=\"square\" stroke-width=\"2\" d=\"M7.31445 2.13138L12.7061 7.50014L7.31445 12.8689\"\/><\/svg>\t\t\t<\/div>\n\t\t\t<\/div>\n\t\t\t\t<\/div>\n\t\t\t\t\t<\/div>\n\t<\/div>\n\t<\/a><\/article>\n\n\n<article\n\t class=\"link-card flex align wp-block-acf-link-card\" id=\"link-card_block_8a3afe94b0c972bb28642f116b53bc41\">\n\t<a href=\"https:\/\/www.iaff.org\/es\/asistencia-juridica\/organizaciones-rivales\/\" target=\"\" class=\"p-0 flex flex-col w-full h-full group no-underline\">\t<div class=\"bg-halftone-dark p-3 min-h-divider w-full grid place-items-center\"><\/div>\n\t<div class=\"relative px-10 py-9 bg-smoke\/5 text-body-500 flex flex-col gap-card-gap flex-1 transition duration-hover group-hover:bg-white\">\n\t\t\t\t\t<h4 class=\"text-heading-400-serif\">\n\t\t\t\tOrganizaciones rivales\t\t\t<\/h4>\n\t\t\t\t<div class=\"relative flex flex-col flex-1 gap-card-gap text-body-500 justify-start min-h-[120px]\">\n\t\t\t\t\t\t\t\t\t\t<div class=\"flex-grow-1 text-body-500\">\n\t\t\t\t\tUna organizaci\u00f3n externa puede ser declarada \u201corganizaci\u00f3n rival\u201d por una votaci\u00f3n de dos tercios de la Junta Ejecutiva de la AIB.\t\t\t\t<\/div>\n\t\t\t\t\t\t\t\t\t\t<div class=\"mt-auto group-hover\">\n\t\t\t\t\t<!-- Renders the same as core\/button with a specific style -->\n\t<div>\n\t\t\t\t\t<div\n\t\t\t\tclass=\"inline-flex gap-[16px] items-center text-inherit text-button-300 decoration-transparent underline underline-offset-2 transition-colors duration-hover group-hover:decoration-current group-focus-visible:decoration-current\"\n\t\t\t>\n\t\t\t\t<span>\n\t\t\t\t\tVer\t\t\t\t<\/span>\n\t\t\t\t<svg xmlns=\"http:\/\/www.w3.org\/2000\/svg\" width=\"15\" height=\"15\" fill=\"none\" viewBox=\"0 0 15 15\"><path stroke=\"currentColor\" stroke-linecap=\"square\" stroke-width=\"2\" d=\"M11.6347 7.49976L1 7.49976\"\/><path stroke=\"currentColor\" stroke-linecap=\"square\" stroke-width=\"2\" d=\"M7.31445 2.13138L12.7061 7.50014L7.31445 12.8689\"\/><\/svg>\t\t\t<\/div>\n\t\t\t<\/div>\n\t\t\t\t<\/div>\n\t\t\t\t\t<\/div>\n\t<\/div>\n\t<\/a><\/article>\n\n\n<article\n\t class=\"link-card flex align wp-block-acf-link-card\" id=\"link-card_block_cef2fdded0da5c11a67487ae4a151881\">\n\t<a href=\"https:\/\/www.iaff.org\/es\/asistencia-juridica\/juicios-y-apelaciones\/\" target=\"\" class=\"p-0 flex flex-col w-full h-full group no-underline\">\t<div class=\"bg-halftone-dark p-3 min-h-divider w-full grid place-items-center\"><\/div>\n\t<div class=\"relative px-10 py-9 bg-smoke\/5 text-body-500 flex flex-col gap-card-gap flex-1 transition duration-hover group-hover:bg-white\">\n\t\t\t\t\t<h4 class=\"text-heading-400-serif\">\n\t\t\t\tJuicios y apelaciones\t\t\t<\/h4>\n\t\t\t\t<div class=\"relative flex flex-col flex-1 gap-card-gap text-body-500 justify-start min-h-[120px]\">\n\t\t\t\t\t\t\t\t\t\t<div class=\"flex-grow-1 text-body-500\">\n\t\t\t\t\tEl Manual de Juicio del Sindicato Local es un libro pr\u00e1ctico para llevar a cabo una audiencia de la junta de juicio.\t\t\t\t<\/div>\n\t\t\t\t\t\t\t\t\t\t<div class=\"mt-auto group-hover\">\n\t\t\t\t\t<!-- Renders the same as core\/button with a specific style -->\n\t<div>\n\t\t\t\t\t<div\n\t\t\t\tclass=\"inline-flex gap-[16px] items-center text-inherit text-button-300 decoration-transparent underline underline-offset-2 transition-colors duration-hover group-hover:decoration-current group-focus-visible:decoration-current\"\n\t\t\t>\n\t\t\t\t<span>\n\t\t\t\t\tVer\t\t\t\t<\/span>\n\t\t\t\t<svg xmlns=\"http:\/\/www.w3.org\/2000\/svg\" width=\"15\" height=\"15\" fill=\"none\" viewBox=\"0 0 15 15\"><path stroke=\"currentColor\" stroke-linecap=\"square\" stroke-width=\"2\" d=\"M11.6347 7.49976L1 7.49976\"\/><path stroke=\"currentColor\" stroke-linecap=\"square\" stroke-width=\"2\" d=\"M7.31445 2.13138L12.7061 7.50014L7.31445 12.8689\"\/><\/svg>\t\t\t<\/div>\n\t\t\t<\/div>\n\t\t\t\t<\/div>\n\t\t\t\t\t<\/div>\n\t<\/div>\n\t<\/a><\/article>\n\n\n<article\n\t class=\"link-card flex align wp-block-acf-link-card\" id=\"link-card_block_a9b47cf241937e539d41a5f377292b17\">\n\t<a href=\"https:\/\/www.iaff.org\/es\/decisiones-legales-de-bomberos-federales\/\" target=\"\" class=\"p-0 flex flex-col w-full h-full group no-underline\">\t<div class=\"bg-halftone-dark p-3 min-h-divider w-full grid place-items-center\"><\/div>\n\t<div class=\"relative px-10 py-9 bg-smoke\/5 text-body-500 flex flex-col gap-card-gap flex-1 transition duration-hover group-hover:bg-white\">\n\t\t\t\t\t<h4 class=\"text-heading-400-serif\">\n\t\t\t\tDecisiones legales de bomberos federales\t\t\t<\/h4>\n\t\t\t\t<div class=\"relative flex flex-col flex-1 gap-card-gap text-body-500 justify-start min-h-[120px]\">\n\t\t\t\t\t\t\t\t\t\t\t\t\t<div class=\"mt-auto group-hover\">\n\t\t\t\t\t<!-- Renders the same as core\/button with a specific style -->\n\t<div>\n\t\t\t\t\t<div\n\t\t\t\tclass=\"inline-flex gap-[16px] items-center text-inherit text-button-300 decoration-transparent underline underline-offset-2 transition-colors duration-hover group-hover:decoration-current group-focus-visible:decoration-current\"\n\t\t\t>\n\t\t\t\t<span>\n\t\t\t\t\tVer\t\t\t\t<\/span>\n\t\t\t\t<svg xmlns=\"http:\/\/www.w3.org\/2000\/svg\" width=\"15\" height=\"15\" fill=\"none\" viewBox=\"0 0 15 15\"><path stroke=\"currentColor\" stroke-linecap=\"square\" stroke-width=\"2\" d=\"M11.6347 7.49976L1 7.49976\"\/><path stroke=\"currentColor\" stroke-linecap=\"square\" stroke-width=\"2\" d=\"M7.31445 2.13138L12.7061 7.50014L7.31445 12.8689\"\/><\/svg>\t\t\t<\/div>\n\t\t\t<\/div>\n\t\t\t\t<\/div>\n\t\t\t\t\t<\/div>\n\t<\/div>\n\t<\/a><\/article>\n\n\n<article\n\t class=\"link-card flex align wp-block-acf-link-card\" id=\"link-card_block_875d4dfc9fd6b1025f4471b6fafcfed9\">\n\t<a href=\"https:\/\/www.iaff.org\/wp-content\/uploads\/Departments\/Legal_Department\/GINA-Guidance-for-IAFF-affiliates-rev-3-18-22.pdf\" target=\"\" class=\"p-0 flex flex-col w-full h-full group no-underline\">\t<div class=\"bg-halftone-dark p-3 min-h-divider w-full grid place-items-center\"><\/div>\n\t<div class=\"relative px-10 py-9 bg-smoke\/5 text-body-500 flex flex-col gap-card-gap flex-1 transition duration-hover group-hover:bg-white\">\n\t\t\t\t\t<h4 class=\"text-heading-400-serif\">\n\t\t\t\tLey de No Discriminaci\u00f3n por Informaci\u00f3n Gen\u00e9tica\t\t\t<\/h4>\n\t\t\t\t<div class=\"relative flex flex-col flex-1 gap-card-gap text-body-500 justify-start min-h-[120px]\">\n\t\t\t\t\t\t\t\t\t\t<div class=\"flex-grow-1 text-body-500\">\n\t\t\t\t\tLa GINA tiene implicaciones importantes para los programas de bienestar y acondicionamiento f\u00edsico de los departamentos de bomberos.\t\t\t\t<\/div>\n\t\t\t\t\t\t\t\t\t\t<div class=\"mt-auto group-hover\">\n\t\t\t\t\t<!-- Renders the same as core\/button with a specific style -->\n\t<div>\n\t\t\t\t\t<div\n\t\t\t\tclass=\"inline-flex gap-[16px] items-center text-inherit text-button-300 decoration-transparent underline underline-offset-2 transition-colors duration-hover group-hover:decoration-current group-focus-visible:decoration-current\"\n\t\t\t>\n\t\t\t\t<span>\n\t\t\t\t\tVer\t\t\t\t<\/span>\n\t\t\t\t<svg xmlns=\"http:\/\/www.w3.org\/2000\/svg\" width=\"15\" height=\"15\" fill=\"none\" viewBox=\"0 0 15 15\"><path stroke=\"currentColor\" stroke-linecap=\"square\" stroke-width=\"2\" d=\"M11.6347 7.49976L1 7.49976\"\/><path stroke=\"currentColor\" stroke-linecap=\"square\" stroke-width=\"2\" d=\"M7.31445 2.13138L12.7061 7.50014L7.31445 12.8689\"\/><\/svg>\t\t\t<\/div>\n\t\t\t<\/div>\n\t\t\t\t<\/div>\n\t\t\t\t\t<\/div>\n\t<\/div>\n\t<\/a><\/article>\n\n<\/div>\t<\/div>\n\n\t\n<\/section>\n\n<\/div><\/section>\n\n<div class=\"wp-block-group is-layout-constrained wp-block-group-is-layout-constrained\"><section\n\t class=\"callout-section pt-20 md:pt-[100px] bg-transparent align wp-block-acf-callout-section\" id=\"callout-section_block_69fabbfd1fa31f8bd0cacebd7d96bdae\">\n\t\t<div class=\"border-b border-black\">\n\t\t\t<\/div>\n\n\t<!-- TODO: Constrain to content width -->\n\t<div class=\"w-full flex flex-col\">\n\t\t<!-- Callouts -->\n\t\t<div class=\"acf-innerblocks-container\">\n<section\n\t class=\"callout align wp-block-acf-callout\" id=\"callout_block_5050fa8f71e9c946e98804c8b7b5e0b5\">\n\t<div class=\"grid md:grid-cols-2 gap-0\">\n\t\t<figure\n\t\t\tclass=\"md:col-start-2 md:row-start-1 grid place-items-center\"\n\t\t>\n\t\t\t\t\t<\/figure>\n\t\t<div class=\"flex flex-col gap-2 py-[54px] text-smoke md:p-10 justify-center md:px-15\">\n\t\t\t\t\t\t\t\t\t\t<div class=\"font-serif font-600 text-[34px] leading-[1.1] -tracking-[0.5px]\">\n\t\t\t\t\tFondo de emergencia para disputas\t\t\t\t<\/div>\n\t\t\t\t\t\t\t\t\t\t<div class=\"font-sans font-350 text-[18px] leading-[1.5]\">\n\t\t\t\t\t<p>El prop\u00f3sito del Fondo para Disputas de Emergencia (EDF) es proporcionar asistencia financiera para ayudar en la resoluci\u00f3n de disputas de emergencia en las que los afiliados de la AIB puedan verse involucrados. A continuaci\u00f3n, se encuentran la solicitud del EDF, el formulario de auditor\u00eda y la pol\u00edtica del EDF. La fecha l\u00edmite para la presentaci\u00f3n de una solicitud completa del EDF es treinta d\u00edas antes de la reuni\u00f3n de la Junta Ejecutiva.  <\/p>\n\t\t\t\t<\/div>\n\t\t\t\t\t\t\t\t\t\t<div class=\"flex flex-wrap gap-[30px] pt-10\">\n\t\t\t\t\t\t\t\t\t\t\t<!-- Renders the same as core\/button with a specific style -->\n\t<div\n\t\tclass=\"wp-block-button track-button-primary is-style-primary-red\"\n\t>\n\t\t<a\n\t\t\tclass=\"wp-block-button__link wp-element-button cursor-pointer md:w-auto min-w-[156px]\"\n\t\t\t\t\t\t\thref=\"https:\/\/www.iaff.org\/wp-content\/uploads\/ST_Resources\/EDF-Policy-and-Application-9-25-25.pdf\"\n\t\t\t\t\t\t\t\t\ttarget=\"_blank\"\n\t\t\t\t\trel=\"nofollow noopener\"\n\t\t\t\t\t\t\t\t\t>\n\t\t\tVer\t\t<\/a>\n\t<\/div>\n\t\t\t\t\t\t\t\t\t<\/div>\n\t\t\t\t\t<\/div>\n\t<\/div>\n<\/section>\n\n<\/div>\n\t\t\t<\/div>\n<\/section>\n<\/div>\n","protected":false},"excerpt":{"rendered":"","protected":false},"featured_media":0,"parent":0,"menu_order":0,"comment_status":"closed","ping_status":"closed","template":"","meta":{"_acf_changed":false,"_searchwp_excluded":"","inline_featured_image":false,"_EventAllDay":false,"_EventTimezone":"","_EventStartDate":"","_EventEndDate":"","_EventStartDateUTC":"","_EventEndDateUTC":"","_EventShowMap":false,"_EventShowMapLink":false,"_EventURL":"","_EventCost":"","_EventCostDescription":"","_EventCurrencySymbol":"","_EventCurrencyCode":"","_EventCurrencyPosition":"","_EventDateTimeSeparator":"","_EventTimeRangeSeparator":"","_EventOrganizerID":[],"_EventVenueID":[],"_OrganizerEmail":"","_OrganizerPhone":"","_OrganizerWebsite":"","_VenueAddress":"","_VenueCity":"","_VenueCountry":"","_VenueProvince":"","_VenueState":"","_VenueZip":"","_VenuePhone":"","_VenueURL":"","_VenueStateProvince":"","_VenueLat":"","_VenueLng":"","_VenueShowMap":false,"_VenueShowMapLink":false,"footnotes":""},"class_list":["post-93931","page","type-page","status-publish","hentry"],"acf":[],"publishpress_future_workflow_manual_trigger":{"enabledWorkflows":[]},"_links":{"self":[{"href":"https:\/\/www.iaff.org\/es\/wp-json\/wp\/v2\/pages\/93931","targetHints":{"allow":["GET"]}}],"collection":[{"href":"https:\/\/www.iaff.org\/es\/wp-json\/wp\/v2\/pages"}],"about":[{"href":"https:\/\/www.iaff.org\/es\/wp-json\/wp\/v2\/types\/page"}],"author":[{"embeddable":true,"href":"https:\/\/www.iaff.org\/es\/wp-json\/wp\/v2\/users\/10"}],"replies":[{"embeddable":true,"href":"https:\/\/www.iaff.org\/es\/wp-json\/wp\/v2\/comments?post=93931"}],"version-history":[{"count":0,"href":"https:\/\/www.iaff.org\/es\/wp-json\/wp\/v2\/pages\/93931\/revisions"}],"wp:attachment":[{"href":"https:\/\/www.iaff.org\/es\/wp-json\/wp\/v2\/media?parent=93931"}],"curies":[{"name":"wp","href":"https:\/\/api.w.org\/{rel}","templated":true}]}}