{"id":93899,"date":"2019-06-24T18:16:57","date_gmt":"2019-06-24T22:16:57","guid":{"rendered":"https:\/\/www.iaff.org\/informacion-basica-sobre-la-membresia\/"},"modified":"2026-02-27T16:00:37","modified_gmt":"2026-02-27T21:00:37","slug":"informacion-basica-sobre-la-membresia","status":"publish","type":"page","link":"https:\/\/www.iaff.org\/es\/informacion-basica-sobre-la-membresia\/","title":{"rendered":"Informaci\u00f3n b\u00e1sica sobre la membres\u00eda"},"content":{"rendered":"<section\n\t class=\"secondary-hero align wp-block-acf-secondary-hero\" id=\"secondary-hero_block_5fb7d3a5ae8c4358a26417c4644588a1\">\n\t\n<header\n\tclass=\"w-full u-bg-full-width px-[22px] md:ps-bleed md:pe-0 py-[60px] bg-blue text-white u-has-rivets\"\n\tdata-theme=\"navy\"\n>\n\t<div class=\"flex flex-col !px-0 !max-w-[1440px] w-full lg:!ps-indent\">\n\t\t<div class=\"border-t-[6px] w-full my-0 flex flex-col md:flex-row gap-x-[62px] gap-y-[22px] border-gold\">\n\t\t\t\t\t\t\t<div class=\"relative grid md:order-last md:w-1\/2 overflow-hidden place-items-center aspect-[157\/105]\">\n\t\t\t\t\t<img decoding=\"async\" width=\"1200\" height=\"800\" src=\"https:\/\/www.iaff.org\/wp-content\/uploads\/2024\/02\/29057071-copy-1200x800.jpg\" class=\"absolute object-cover min-w-full h-full\" alt=\"\" srcset=\"https:\/\/www.iaff.org\/wp-content\/uploads\/2024\/02\/29057071-copy-1200x800.jpg 1200w, https:\/\/www.iaff.org\/wp-content\/uploads\/2024\/02\/29057071-copy-300x200.jpg 300w, https:\/\/www.iaff.org\/wp-content\/uploads\/2024\/02\/29057071-copy-1024x683.jpg 1024w, https:\/\/www.iaff.org\/wp-content\/uploads\/2024\/02\/29057071-copy-768x512.jpg 768w, https:\/\/www.iaff.org\/wp-content\/uploads\/2024\/02\/29057071-copy-1536x1024.jpg 1536w, https:\/\/www.iaff.org\/wp-content\/uploads\/2024\/02\/29057071-copy-2048x1365.jpg 2048w, https:\/\/www.iaff.org\/wp-content\/uploads\/2024\/02\/29057071-copy-240x160.jpg 240w, https:\/\/www.iaff.org\/wp-content\/uploads\/2024\/02\/29057071-copy-1215x810.jpg 1215w\" sizes=\"(max-width: 1200px) 100vw, 1200px\" \/>\t\t\t\t<\/div>\n\t\t\t\t\t\t<div class=\"w-full md:w-1\/2 md:py-[45px]\">\n\t\t\t\t<div class=\"max-w-[600px] flex flex-col gap-[22px]\">\n\t\t\t\t\t\t\t\t\t\t\t<h1 class=\"has-[.u-halftone-shadow--dark]:mb-divider has-[.u-halftone-shadow--light]:mb-divider\">\n\t\t\t\t\t\t\t<span class=\"inline-flex text-heading-200 u-halftone-shadow--light\">\n\t\t\t\t\t\t\t\tInformaci\u00f3n b\u00e1sica sobre la membres\u00eda\t\t\t\t\t\t\t<\/span>\n\t\t\t\t\t\t<\/h1>\n\t\t\t\t\t\t\t\t\t\t\t\t\t\t\t\t<div class=\"text-body-300 font-sans\">\n\t\t\t\t\t\t\t<p>El AIB es su sindicato, y estamos aqu\u00ed para apoyarle. Descubra lo que significa ser miembro de un sindicato, qu\u00e9 categor\u00edas de afiliaci\u00f3n est\u00e1n disponibles y las herramientas y los recursos disponibles para los miembros de AIB. <\/p>\n\t\t\t\t\t\t<\/div>\n\t\t\t\t\t\t\t\t\t\t\t\t\t\t\t\t\t\t\t\t\t\t\t\t<\/div>\n\t\t\t<\/div>\n\n\t\t<\/div>\n\t\t\t<\/div>\n<\/header>\n<\/section>\n<section\n\t class=\"page-blocks iaff-page-blocks align wp-block-acf-page-blocks\" id=\"page-blocks_block_045dd2abc76282d06c078b4d9f8e4151\">\n\t<div class=\"acf-innerblocks-container\">\n<section\n\t class=\"section-header mb-10 align wp-block-acf-section-header\" id=\"section-header_block_135a2d71a011b604b2183f0ccec30bee\">\n\t<div class=\"\">\n\t<div class=\"flex flex-col md:flex-row justify-between max-w-content gap-x-8 md:items-end flex-wrap\">\n\t\t<h2 class=\"text-heading-200 pb-[2px]\">\n\t\t\t\u00bfQu\u00e9 es un sindicato?\t\t<\/h2>\n\n\t\t\t\t\t<div class=\"md:order-last w-full\">\n\t\t\t\t\n\t<hr class=\"h-[6px] text-red border-red bg-red w-full my-0\" role=\"presentation\"\/>\n\n\t<div class=\"h-divider w-full bg-halftone-divider bg-right\"><\/div>\n\t\t\t<\/div>\n\t\t\n\t\t\t<\/div>\n<\/div>\n<\/section>\n\n\n<div class=\"wp-block-paragraph \">\n<p>Los miembros del sindicato trabajan juntos para negociar y hacer cumplir un contrato con la direcci\u00f3n que garantiza cuestiones que le importan, como salarios justos y buenos beneficios, incluyendo atenci\u00f3n m\u00e9dica, seguridad laboral y de jubilaci\u00f3n, y lugares de trabajo seguros y respetuosos.<\/p>\n<\/div>\n\n<div class=\"wp-block-paragraph \">\n<p>Los sindicatos eligen democr\u00e1ticamente a sus l\u00edderes, quienes luego abogan por ellos al negociar con la direcci\u00f3n. Este proceso se facilita a trav\u00e9s del proceso de negociaci\u00f3n colectiva. Los trabajadores sindicalizados reciben salarios m\u00e1s altos, mejores beneficios, tienen mejor seguridad laboral y permanecen m\u00e1s seguros en el trabajo que los miembros no sindicalizados.   <\/p>\n<\/div>\n\n\n<div class=\"wp-block-buttons is-layout-flex wp-block-buttons-is-layout-flex\">\n<div class=\"wp-block-button\"><a class=\"wp-block-button__link wp-element-button\" href=\"https:\/\/aflcio.org\/what-unions-do\" target=\"_blank\" rel=\"noreferrer noopener\">\u00a1Obtenga m\u00e1s informaci\u00f3n sobre los sindicatos aqu\u00ed!<\/a><\/div>\n<\/div>\n\n\n<section\n\t class=\"section-header mb-10 align wp-block-acf-section-header\" id=\"section-header_block_0b6bf8cc443e7586c5184167a90d4cbd\">\n\t<div class=\"\">\n\t<div class=\"flex flex-col md:flex-row justify-between max-w-content gap-x-8 md:items-end flex-wrap\">\n\t\t<h2 class=\"text-heading-200 pb-[2px]\">\n\t\t\t\u00bfPor qu\u00e9 deber\u00eda afiliarme a la AIB?\t\t<\/h2>\n\n\t\t\t\t\t<div class=\"md:order-last w-full\">\n\t\t\t\t\n\t<hr class=\"h-[6px] text-red border-red bg-red w-full my-0\" role=\"presentation\"\/>\n\n\t<div class=\"h-divider w-full bg-halftone-divider bg-right\"><\/div>\n\t\t\t<\/div>\n\t\t\n\t\t\t<\/div>\n<\/div>\n<\/section>\n\n\n<div class=\"wp-block-paragraph \">\n<p>La AIB es el sindicato m\u00e1s grande y poderoso para bomberos y trabajadores de servicios m\u00e9dicos de emergencia en Norteam\u00e9rica. Durante m\u00e1s de 100 a\u00f1os, la AIB ha defendido condiciones de trabajo seguras, la negociaci\u00f3n colectiva, mejores salarios y beneficios, y la seguridad de la jubilaci\u00f3n para sus miembros. Con m\u00e1s de 360.000 miembros y en crecimiento en EE. UU. y Canad\u00e1, aprovechamos el poder de nuestra membres\u00eda y lo invertimos directamente en nuestros miembros y en nuestro sindicato. Ofrecemos herramientas, recursos y beneficios para garantizar que nuestros miembros y l\u00edderes afiliados puedan defenderse a s\u00ed mismos, a sus familias y a sus compa\u00f1eros de sindicato en la mesa de negociaci\u00f3n.   <\/p>\n<\/div>\n\n\n<div class=\"wp-block-buttons is-layout-flex wp-block-buttons-is-layout-flex\">\n<div class=\"wp-block-button\"><a class=\"wp-block-button__link wp-element-button\" href=\"https:\/\/www.iaff.org\/es\/recursos-para-miembros\/\" target=\"_blank\" rel=\"noreferrer noopener\">Ventajas y herramientas para miembros de la AIB (se requiere inicio de sesi\u00f3n)<\/a><\/div>\n<\/div>\n\n\n<section\n\t class=\"section-header mb-10 align wp-block-acf-section-header\" id=\"section-header_block_7301f6c5911f5653927bdc1585f63093\">\n\t<div class=\"\">\n\t<div class=\"flex flex-col md:flex-row justify-between max-w-content gap-x-8 md:items-end flex-wrap\">\n\t\t<h2 class=\"text-heading-200 pb-[2px]\">\n\t\t\tAfiliarse a la AIB\t\t<\/h2>\n\n\t\t\t\t\t<div class=\"md:order-last w-full\">\n\t\t\t\t\n\t<hr class=\"h-[6px] text-red border-red bg-red w-full my-0\" role=\"presentation\"\/>\n\n\t<div class=\"h-divider w-full bg-halftone-divider bg-right\"><\/div>\n\t\t\t<\/div>\n\t\t\n\t\t\t<\/div>\n<\/div>\n<\/section>\n\n\n<div class=\"wp-block-paragraph \">\n<p>Los particulares no pueden afiliarse a la AIB. Para convertirse en miembro activo de la AIB, un particular debe afiliarse a un sindicato local autorizado afiliado a la AIB. <\/p>\n<\/div>\n\n<div class=\"wp-block-paragraph \">\n<p>Para m\u00e1s informaci\u00f3n, contacte a <a href=\"mailto:join@iaff.org\">join@iaff.org<\/a>.<\/p>\n<\/div>\n\n\n<h4 class=\"wp-block-heading\"><strong>Tipos de afiliados de la AIB<\/strong><\/h4>\n\n\n<div class=\"wp-block-list\">\n<ul class=\"wp-block-list\">\n<li>Asociaci\u00f3n Estatal (A)<\/li>\n\n\n\n<li>Asociaci\u00f3n Provincial (C)<\/li>\n\n\n\n<li>Local Federal (F)<\/li>\n\n\n\n<li>Local Industrial (I)<\/li>\n\n\n\n<li>Local Municipal (L)<\/li>\n\n\n\n<li>Local Estatal (S)<\/li>\n<\/ul>\n<\/div>\n\n<section\n\t class=\"section-header mb-10 align wp-block-acf-section-header\" id=\"section-header_block_bc629aa1dff674a184980a277ae96cfa\">\n\t<div class=\"\">\n\t<div class=\"flex flex-col md:flex-row justify-between max-w-content gap-x-8 md:items-end flex-wrap\">\n\t\t<h2 class=\"text-heading-200 pb-[2px]\">\n\t\t\tCategor\u00edas de membres\u00eda\t\t<\/h2>\n\n\t\t\t\t\t<div class=\"md:order-last w-full\">\n\t\t\t\t\n\t<hr class=\"h-[6px] text-red border-red bg-red w-full my-0\" role=\"presentation\"\/>\n\n\t<div class=\"h-divider w-full bg-halftone-divider bg-right\"><\/div>\n\t\t\t<\/div>\n\t\t\n\t\t\t<\/div>\n<\/div>\n<\/section>\n\n\n<div class=\"wp-block-paragraph \">\n<p>La Constituci\u00f3n y los Estatutos de la AIB establecen (Art\u00edculo III, Secci\u00f3n 1-3) tres categor\u00edas de miembros de la AIB:<\/p>\n<\/div>\n\n<div class=\"wp-block-list\">\n<ul class=\"wp-block-list\">\n<li>Activo<\/li>\n\n\n\n<li>Jubilado-activo<\/li>\n\n\n\n<li>Honorario<\/li>\n<\/ul>\n<\/div>\n\n<section\n\t class=\"column-list-section align wp-block-acf-column-list-section\" id=\"column-list-section_block_0c9783f85e03f2838658f715676c4db5\">\n\t<div class=\"bg-smoke\/5 px-[19px] pt-[60px] pb-block-spacing md:px-[96px] md:mx-indent iaff-column-list-section\">\n\t\t\t\t<div class=\"acf-innerblocks-container\">\n<section\n\t class=\"column-list iaff-column-list align wp-block-acf-column-list\" id=\"column-list_block_c03a59f9e483004da89fde436e6289c2\">\n\t<div class=\"relative flex flex-col gap-[14px] mb-[52px]\">\n\t\t\t\t<div class=\"relative bg-halftone-divider bg-center bg-no-repeat w-full h-divider\"><\/div>\n\t<\/div>\n\n\t\t<div class=\"acf-innerblocks-container\">\n<article\n\t class=\"column-list-card min-h-[187px] border-l-4 border-red pl-4 w-full md:w-auto item-inner flex flex-col gap-1 align wp-block-acf-column-list-card\" id=\"column-list-card_block_cd48123845561f4e1fbd1699d3298f11\">\n\t\n\t\t\t<div class=\"text-heading-400 font-serif font-600 leading-7 mb-1\">\n\t\t\tMiembro activo\t\t<\/div>\n\t\t\t\t<div class=\"text-body-400\">\n\t\t\t<p>Cualquier persona que, en el momento de la solicitud, est\u00e9 prestando servicio dentro de la jurisdicci\u00f3n del AIB es elegible para ser miembro activo a trav\u00e9s de su sindicato local autorizado.<\/p>\n\t\t<\/div>\n\t\t\t<\/article>\n\n\n<article\n\t class=\"column-list-card min-h-[187px] border-l-4 border-red pl-4 w-full md:w-auto item-inner flex flex-col gap-1 align wp-block-acf-column-list-card\" id=\"column-list-card_block_fb7250ef5aa8b518e31202237fedb18c\">\n\t\n\t\t\t<div class=\"text-heading-400 font-serif font-600 leading-7 mb-1\">\n\t\t\tMiembro jubilado-activo\t\t<\/div>\n\t\t\t\t<div class=\"text-body-400\">\n\t\t\t<p>Los miembros del IAFF que se han jubilado de sus respectivos sindicatos locales, o que se han retirado de su sindicato, como miembro en buen estado, pueden ser autorizados a regresar, a elecci\u00f3n del local, para una membres\u00eda activa-jubilada.<\/p>\n\t\t<\/div>\n\t\t\t<\/article>\n\n<\/div><\/section>\n\n\n<section\n\t class=\"column-list iaff-column-list align wp-block-acf-column-list\" id=\"column-list_block_c03a59f9e483004da89fde436e6289c2\">\n\t<div class=\"relative flex flex-col gap-[14px] mb-[52px]\">\n\t\t\t\t<div class=\"relative bg-halftone-divider bg-center bg-no-repeat w-full h-divider\"><\/div>\n\t<\/div>\n\n\t\t<div class=\"acf-innerblocks-container\">\n<article\n\t class=\"column-list-card min-h-[187px] border-l-4 border-red pl-4 w-full md:w-auto item-inner flex flex-col gap-1 align wp-block-acf-column-list-card\" id=\"column-list-card_block_ae5d9068eca92a5d9352b17aa6309c75\">\n\t\n\t\t\t<div class=\"text-heading-400 font-serif font-600 leading-7 mb-1\">\n\t\t\tMiembro honorario\t\t<\/div>\n\t\t\t\t<div class=\"text-body-400\">\n\t\t\t<p>Las personas que hayan prestado un servicio meritorio a la AIB o un distinguido servicio p\u00fablico podr\u00e1n ser elegidas miembros honorarios por mayor\u00eda de votos de la Junta Ejecutiva de la AIB, un sindicato subordinado de la AIB o los delegados de la convenci\u00f3n.<\/p>\n\t\t<\/div>\n\t\t\t<\/article>\n\n\n<article\n\t class=\"column-list-card min-h-[187px] border-l-4 border-red pl-4 w-full md:w-auto item-inner flex flex-col gap-1 align wp-block-acf-column-list-card\" id=\"column-list-card_block_c5a8f74154323c6c9dbc07db1e32eb18\">\n\t\n\t\t\t<div class=\"text-heading-400 font-serif font-600 leading-7 mb-1\">\n\t\t\tAlumnos \t\t<\/div>\n\t\t\t\t<div class=\"text-body-400\">\n\t\t\t<p>Aunque no se consideran miembros activos, los jubilados que no tengan o participen en un programa activo para jubilados con su local y los antiguos miembros\/ascendidos pueden seguir manteniendo su relaci\u00f3n con el AIB a trav\u00e9s del Programa de Antiguos Alumnos de AIB. <\/p>\n\t\t<\/div>\n\t\t\t<\/article>\n\n<\/div><\/section>\n\n<\/div>\t<\/div>\n<\/section>\n\n<\/div><\/section>\n","protected":false},"excerpt":{"rendered":"","protected":false},"featured_media":0,"parent":0,"menu_order":0,"comment_status":"closed","ping_status":"closed","template":"","meta":{"_acf_changed":false,"_searchwp_excluded":"","inline_featured_image":false,"_EventAllDay":false,"_EventTimezone":"","_EventStartDate":"","_EventEndDate":"","_EventStartDateUTC":"","_EventEndDateUTC":"","_EventShowMap":false,"_EventShowMapLink":false,"_EventURL":"","_EventCost":"","_EventCostDescription":"","_EventCurrencySymbol":"","_EventCurrencyCode":"","_EventCurrencyPosition":"","_EventDateTimeSeparator":"","_EventTimeRangeSeparator":"","_EventOrganizerID":[],"_EventVenueID":[],"_OrganizerEmail":"","_OrganizerPhone":"","_OrganizerWebsite":"","_VenueAddress":"","_VenueCity":"","_VenueCountry":"","_VenueProvince":"","_VenueState":"","_VenueZip":"","_VenuePhone":"","_VenueURL":"","_VenueStateProvince":"","_VenueLat":"","_VenueLng":"","_VenueShowMap":false,"_VenueShowMapLink":false,"footnotes":""},"class_list":["post-93899","page","type-page","status-publish","hentry"],"acf":[],"publishpress_future_workflow_manual_trigger":{"enabledWorkflows":[]},"_links":{"self":[{"href":"https:\/\/www.iaff.org\/es\/wp-json\/wp\/v2\/pages\/93899","targetHints":{"allow":["GET"]}}],"collection":[{"href":"https:\/\/www.iaff.org\/es\/wp-json\/wp\/v2\/pages"}],"about":[{"href":"https:\/\/www.iaff.org\/es\/wp-json\/wp\/v2\/types\/page"}],"author":[{"embeddable":true,"href":"https:\/\/www.iaff.org\/es\/wp-json\/wp\/v2\/users\/12"}],"replies":[{"embeddable":true,"href":"https:\/\/www.iaff.org\/es\/wp-json\/wp\/v2\/comments?post=93899"}],"version-history":[{"count":0,"href":"https:\/\/www.iaff.org\/es\/wp-json\/wp\/v2\/pages\/93899\/revisions"}],"wp:attachment":[{"href":"https:\/\/www.iaff.org\/es\/wp-json\/wp\/v2\/media?parent=93899"}],"curies":[{"name":"wp","href":"https:\/\/api.w.org\/{rel}","templated":true}]}}