{"id":93889,"date":"2024-06-13T14:29:22","date_gmt":"2024-06-13T18:29:22","guid":{"rendered":"https:\/\/www.iaff.org\/comunicaciones\/politica-de-comentarios-en-redes-sociales-de-iaff\/"},"modified":"2025-12-03T14:50:34","modified_gmt":"2025-12-03T19:50:34","slug":"politica-de-comentarios-en-redes-sociales-de-iaff","status":"publish","type":"page","link":"https:\/\/www.iaff.org\/es\/comunicaciones\/politica-de-comentarios-en-redes-sociales-de-iaff\/","title":{"rendered":"Pol\u00edtica de comentarios en redes sociales de la AIB"},"content":{"rendered":"<section\n\t class=\"secondary-hero align wp-block-acf-secondary-hero\" id=\"secondary-hero_block_373c77d54e9f503e577a8f11f6f7153d\">\n\t\n<header\n\tclass=\"w-full u-bg-full-width px-[22px] md:ps-bleed md:pe-0 py-[60px] bg-blue text-white u-has-rivets\"\n\tdata-theme=\"navy\"\n>\n\t<div class=\"flex flex-col !px-0 !max-w-[1440px] w-full lg:!ps-indent\">\n\t\t<div class=\"border-t-[6px] w-full my-0 flex flex-col md:flex-row gap-x-[62px] gap-y-[22px] border-gold\">\n\t\t\t\t\t\t\t<div class=\"relative grid md:order-last md:w-1\/2 overflow-hidden place-items-center max-h-[500px]\">\n\t\t\t\t\t<img decoding=\"async\" width=\"240\" height=\"240\" src=\"https:\/\/www.iaff.org\/wp-content\/uploads\/2024\/02\/iaff-logo-secondary-white-300-240x240.png\" class=\"max-w-full\" alt=\"\" srcset=\"https:\/\/www.iaff.org\/wp-content\/uploads\/2024\/02\/iaff-logo-secondary-white-300-240x240.png 240w, https:\/\/www.iaff.org\/wp-content\/uploads\/2024\/02\/iaff-logo-secondary-white-300-150x150.png 150w, https:\/\/www.iaff.org\/wp-content\/uploads\/2024\/02\/iaff-logo-secondary-white-300.png 300w\" sizes=\"(max-width: 240px) 100vw, 240px\" \/>\t\t\t\t<\/div>\n\t\t\t\t\t\t<div class=\"w-full md:w-1\/2 md:py-[45px]\">\n\t\t\t\t<div class=\"max-w-[600px] flex flex-col gap-[22px]\">\n\t\t\t\t\t\t\t\t\t\t\t<h1 class=\"has-[.u-halftone-shadow--dark]:mb-divider has-[.u-halftone-shadow--light]:mb-divider\">\n\t\t\t\t\t\t\t<span class=\"inline-flex text-heading-200 u-halftone-shadow--light\">\n\t\t\t\t\t\t\t\tPol\u00edtica de comentarios en redes sociales de la AIB\t\t\t\t\t\t\t<\/span>\n\t\t\t\t\t\t<\/h1>\n\t\t\t\t\t\t\t\t\t\t\t\t\t\t\t\t<div class=\"text-body-300 font-sans\">\n\t\t\t\t\t\t\t<p>Establece directrices para garantizar que las comunicaciones en las cuentas de redes sociales de AIB se mantengan constructivas, enfocadas y civilizadas.<\/p>\n<p><i>Adoptada por la Junta Directiva en junio de 2024<\/p>\n\t\t\t\t\t\t<\/div>\n\t\t\t\t\t\t\t\t\t\t\t\t\t\t\t\t\t\t\t\t\t\t\t\t<\/div>\n\t\t\t<\/div>\n\n\t\t<\/div>\n\t\t\t<\/div>\n<\/header>\n<\/section>\n<section\n\t class=\"page-blocks iaff-page-blocks align wp-block-acf-page-blocks\" id=\"page-blocks_block_62a1e80fce891cc4c4b4a2208985fc7a\">\n\t<div class=\"acf-innerblocks-container\">\n<div class=\"wp-block-paragraph \">\n<p>El Asociaci\u00f3n Internacional de Bomberos utiliza las redes sociales para comunicarse con miembros, posibles miembros, pol\u00edticos, el p\u00fablico y otros grupos clave. Nuestras cuentas de redes sociales est\u00e1n destinadas a fomentar un di\u00e1logo abierto que promueva la misi\u00f3n del AIB y promueva el servicio de bomberos y el movimiento obrero en general. <\/p>\n<\/div>\n\n<div class=\"wp-block-paragraph \">\n<p>Para mantener las conversaciones en nuestra cuenta positivas y centradas, el AIB ha establecido las siguientes pautas:<\/p>\n<\/div>\n\n<div class=\"wp-block-paragraph \">\n<p><strong>Conducta respetuosa<\/strong>: AIB invita a un di\u00e1logo abierto en nuestras cuentas de redes sociales, incluyendo preguntas, comentarios y cr\u00edticas constructivas de los usuarios. Como parte de cualquier conversaci\u00f3n s\u00f3lida, tambi\u00e9n acogemos opiniones que puedan diferir de las del sindicato o sus dirigentes. Estos comentarios deben ofrecer perspectivas o sugerencias significativas.  <\/p>\n<\/div>\n\n<div class=\"wp-block-list\">\n<ol class=\"wp-block-list\"><\/ol>\n<\/div>\n\n<div class=\"wp-block-paragraph \">\n<p>Para mantener una conversaci\u00f3n civil, los usuarios deben publicar \u00fanicamente comentarios relevantes y respetuosos. No se tolerar\u00e1n ataques personales, insultos, acoso o cualquier forma de lenguaje despectivo. <\/p>\n<\/div>\n\n<div class=\"wp-block-paragraph \">\n<p>Se eliminar\u00e1n los comentarios que contengan discurso de odio, lenguaje discriminatorio o que promuevan la violencia contra individuos o grupos. Esto incluye el lenguaje dirigido a la raza, etnia, religi\u00f3n, g\u00e9nero, orientaci\u00f3n sexual, nacionalidad, creencias pol\u00edticas, edad o discapacidad. <\/p>\n<\/div>\n\n<div class=\"wp-block-paragraph \">\n<p>Se eliminar\u00e1 el contenido sexualmente expl\u00edcito u obsceno.<\/p>\n<\/div>\n\n<div class=\"wp-block-paragraph \">\n<p><strong>Evitar declaraciones difamatorias:<\/strong> Los comentarios deben ser veraces y respetuosos. Se eliminar\u00e1n las declaraciones fraudulentas, difamatorias, enga\u00f1osas o potencialmente perjudiciales para la reputaci\u00f3n de individuos, organizaciones o entidades. <\/p>\n<\/div>\n\n<div class=\"wp-block-list\">\n<ol class=\"wp-block-list\"><\/ol>\n<\/div>\n\n<div class=\"wp-block-paragraph \">\n<p><strong>Sin contenido promocional<\/strong>: Se podr\u00e1n eliminar los comentarios que promuevan productos o servicios comerciales. Los usuarios deben publicar \u00fanicamente contenido del que sean propietarios o tengan permiso para compartir. Se eliminar\u00e1 el material con derechos de autor y marcas registradas.  <\/p>\n<\/div>\n\n<div class=\"wp-block-paragraph \">\n<p><strong>Mantenerse en el tema:<\/strong> Los comentarios deben estar relacionados con la publicaci\u00f3n o el tema. Los comentarios fuera de tema, disruptivos o de spam, incluidos aquellos publicados repetidamente, pueden ser eliminados. <\/p>\n<\/div>\n\n<div class=\"wp-block-paragraph \">\n<p>Debido a que las cuentas de redes sociales de AIB est\u00e1n abiertas al p\u00fablico y permiten la participaci\u00f3n de cualquier persona, no somos responsables de las opiniones expresadas que no sean las originadas en las cuentas oficiales de AIB.<\/p>\n<\/div>\n\n<div class=\"wp-block-paragraph \">\n<p>Los usuarios son responsables de garantizar que sus comentarios cumplan con los T\u00e9rminos de Servicio y las directrices de la comunidad de la plataforma de redes sociales. Nada en esta pol\u00edtica reemplaza las pol\u00edticas de la plataforma de redes sociales individual, que puede moderar el contenido o eliminar a los usuarios que no se adhieran a sus T\u00e9rminos de Servicio. <\/p>\n<\/div>\n\n<div class=\"wp-block-paragraph \">\n<p><strong>La AIB se reserva el derecho a moderar los comentarios y eliminar cualquier contenido que infrinja esta pol\u00edtica. Los infractores reincidentes podr\u00e1n ser vetados de participar en las cuentas de redes sociales de la AIB. <\/strong><\/p>\n<\/div>\n<\/div><\/section>\n","protected":false},"excerpt":{"rendered":"","protected":false},"featured_media":0,"parent":93887,"menu_order":0,"comment_status":"closed","ping_status":"closed","template":"","meta":{"_acf_changed":false,"_searchwp_excluded":"","inline_featured_image":false,"_EventAllDay":false,"_EventTimezone":"","_EventStartDate":"","_EventEndDate":"","_EventStartDateUTC":"","_EventEndDateUTC":"","_EventShowMap":false,"_EventShowMapLink":false,"_EventURL":"","_EventCost":"","_EventCostDescription":"","_EventCurrencySymbol":"","_EventCurrencyCode":"","_EventCurrencyPosition":"","_EventDateTimeSeparator":"","_EventTimeRangeSeparator":"","_EventOrganizerID":[],"_EventVenueID":[],"_OrganizerEmail":"","_OrganizerPhone":"","_OrganizerWebsite":"","_VenueAddress":"","_VenueCity":"","_VenueCountry":"","_VenueProvince":"","_VenueState":"","_VenueZip":"","_VenuePhone":"","_VenueURL":"","_VenueStateProvince":"","_VenueLat":"","_VenueLng":"","_VenueShowMap":false,"_VenueShowMapLink":false,"footnotes":""},"class_list":["post-93889","page","type-page","status-publish","hentry"],"acf":[],"publishpress_future_workflow_manual_trigger":{"enabledWorkflows":[]},"_links":{"self":[{"href":"https:\/\/www.iaff.org\/es\/wp-json\/wp\/v2\/pages\/93889","targetHints":{"allow":["GET"]}}],"collection":[{"href":"https:\/\/www.iaff.org\/es\/wp-json\/wp\/v2\/pages"}],"about":[{"href":"https:\/\/www.iaff.org\/es\/wp-json\/wp\/v2\/types\/page"}],"author":[{"embeddable":true,"href":"https:\/\/www.iaff.org\/es\/wp-json\/wp\/v2\/users\/10"}],"replies":[{"embeddable":true,"href":"https:\/\/www.iaff.org\/es\/wp-json\/wp\/v2\/comments?post=93889"}],"version-history":[{"count":0,"href":"https:\/\/www.iaff.org\/es\/wp-json\/wp\/v2\/pages\/93889\/revisions"}],"up":[{"embeddable":true,"href":"https:\/\/www.iaff.org\/es\/wp-json\/wp\/v2\/pages\/93887"}],"wp:attachment":[{"href":"https:\/\/www.iaff.org\/es\/wp-json\/wp\/v2\/media?parent=93889"}],"curies":[{"name":"wp","href":"https:\/\/api.w.org\/{rel}","templated":true}]}}