{"id":93858,"date":"2019-03-29T17:49:34","date_gmt":"2019-03-29T21:49:34","guid":{"rendered":"https:\/\/www.iaff.org\/banda-de-gaitas-y-tambores-y-guardia-de-honor\/"},"modified":"2025-12-03T14:48:10","modified_gmt":"2025-12-03T19:48:10","slug":"banda-de-gaitas-y-tambores-y-guardia-de-honor","status":"publish","type":"page","link":"https:\/\/www.iaff.org\/es\/banda-de-gaitas-y-tambores-y-guardia-de-honor\/","title":{"rendered":"Banda de gaitas y tambores y Guardia de honor"},"content":{"rendered":"<section\n\t class=\"secondary-hero align wp-block-acf-secondary-hero\" id=\"secondary-hero_block_16ded787c6a1445d7a906f1cc4faeb67\">\n\t\n<header\n\tclass=\"w-full u-bg-full-width px-[22px] md:ps-bleed md:pe-0 py-[60px] bg-blue text-white u-has-rivets\"\n\tdata-theme=\"navy\"\n>\n\t<div class=\"flex flex-col !px-0 !max-w-[1440px] w-full lg:!ps-indent\">\n\t\t<div class=\"border-t-[6px] w-full my-0 flex flex-col md:flex-row gap-x-[62px] gap-y-[22px] border-gold\">\n\t\t\t\t\t\t\t<div class=\"relative grid md:order-last md:w-1\/2 overflow-hidden place-items-center aspect-[157\/105]\">\n\t\t\t\t\t<img decoding=\"async\" width=\"500\" height=\"332\" src=\"https:\/\/www.iaff.org\/wp-content\/uploads\/pdhg\/marchingband.jpg\" class=\"absolute object-cover min-w-full h-full\" alt=\"\" srcset=\"https:\/\/www.iaff.org\/wp-content\/uploads\/pdhg\/marchingband.jpg 500w, https:\/\/www.iaff.org\/wp-content\/uploads\/pdhg\/marchingband-300x199.jpg 300w, https:\/\/www.iaff.org\/wp-content\/uploads\/pdhg\/marchingband-240x159.jpg 240w\" sizes=\"(max-width: 500px) 100vw, 500px\" \/>\t\t\t\t<\/div>\n\t\t\t\t\t\t<div class=\"w-full md:w-1\/2 md:py-[45px]\">\n\t\t\t\t<div class=\"max-w-[600px] flex flex-col gap-[22px]\">\n\t\t\t\t\t\t\t\t\t\t\t<h1 class=\"has-[.u-halftone-shadow--dark]:mb-divider has-[.u-halftone-shadow--light]:mb-divider\">\n\t\t\t\t\t\t\t<span class=\"inline-flex text-heading-200 u-halftone-shadow--light\">\n\t\t\t\t\t\t\t\tBanda de gaitas y tambores y Guardia de honor\t\t\t\t\t\t\t<\/span>\n\t\t\t\t\t\t<\/h1>\n\t\t\t\t\t\t\t\t\t\t\t\t\t\t\t\t<div class=\"text-body-300 font-sans\">\n\t\t\t\t\t\t\t<p>Las bandas de gaitas y tambores y las guardias de honor afiliadas a la AIB en los Estados Unidos y Canad\u00e1 han participado en todos los Memoriales a los Bomberos Ca\u00eddos de la AIB en Colorado Springs, Colorado.<\/p>\n\t\t\t\t\t\t<\/div>\n\t\t\t\t\t\t\t\t\t\t\t\t\t\t\t\t\t\t\t\t\t\t\t\t<\/div>\n\t\t\t<\/div>\n\n\t\t<\/div>\n\t\t\t<\/div>\n<\/header>\n<\/section>\n<section\n\t class=\"page-blocks iaff-page-blocks align wp-block-acf-page-blocks\" id=\"page-blocks_block_b1a1ff528a2671ba8bbec521bbfa5b77\">\n\t<div class=\"acf-innerblocks-container\">\n<section\n\t class=\"secondary-navigation-manual u-bg-full-width bg-smoke\/5 align wp-block-acf-secondary-navigation-manual\" id=\"secondary-navigation-manual_block_e295acbd000fbc50f48862ce2c176650\">\n\t<details class=\"iaff-secondary-navigation\" open>\n\t<summary class=\"flex cursor-pointer u-bg-full-width\">\n\t\t\t\t\t<h2 class=\"text-heading-400 bg-main-bg-overlay text-black inline-flex items-center gap-x-[14px] h-full !ps-0 py-[34px] !pe-10\">\n\t\t\t\t<span>En Esta Secci\u00f3n<\/span>\n\t\t\t<\/h2>\n\t\t\t<\/summary>\n\t<div class=\"py-10 md:ps-12 md:pe-10 grid grid-cols-1 md:grid-cols-2 lg:grid-cols-3 gap-[30px]\">\n\t\t<!-- Renders the same as core\/button with a specific style -->\n\t<div>\n\t\t\t\t\t<a\n\t\t\t\tclass=\"inline-flex gap-[16px] items-center text-inherit text-button-300 leading-6 cursor-pointer decoration-transparent underline underline-offset-2 transition-colors duration-hover hocus-visible:decoration-current\"\n\t\t\t\t\t\t\t\t\thref=\"https:\/\/www.iaff.org\/es\/banda-de-gaitas-y-tambores-y-guardia-de-honor\/encuentre-una-banda-de-gaitas-y-tambores-o-una-guardia-de-honor-en-los-estados-unidos\/\"\n\t\t\t\t\t\t\t\t\t\t\t\t>\n\t\t\t\t<span>\n\t\t\t\t\tEstados Unidos\t\t\t\t<\/span>\n\t\t\t\t<svg xmlns=\"http:\/\/www.w3.org\/2000\/svg\" width=\"15\" height=\"15\" fill=\"none\" viewBox=\"0 0 15 15\"><path stroke=\"currentColor\" stroke-linecap=\"square\" stroke-width=\"2\" d=\"M11.6347 7.49976L1 7.49976\"\/><path stroke=\"currentColor\" stroke-linecap=\"square\" stroke-width=\"2\" d=\"M7.31445 2.13138L12.7061 7.50014L7.31445 12.8689\"\/><\/svg>\t\t\t<\/a>\n\t\t\t<\/div>\n<!-- Renders the same as core\/button with a specific style -->\n\t<div>\n\t\t\t\t\t<a\n\t\t\t\tclass=\"inline-flex gap-[16px] items-center text-inherit text-button-300 leading-6 cursor-pointer decoration-transparent underline underline-offset-2 transition-colors duration-hover hocus-visible:decoration-current\"\n\t\t\t\t\t\t\t\t\thref=\"https:\/\/www.iaff.org\/es\/banda-de-gaitas-y-tambores-y-guardia-de-honor\/encuentre-una-banda-de-gaita-y-tambor-o-una-guardia-de-honor-en-canada\/\"\n\t\t\t\t\t\t\t\t\t\t\t\t>\n\t\t\t\t<span>\n\t\t\t\t\tCanad\u00e1\t\t\t\t<\/span>\n\t\t\t\t<svg xmlns=\"http:\/\/www.w3.org\/2000\/svg\" width=\"15\" height=\"15\" fill=\"none\" viewBox=\"0 0 15 15\"><path stroke=\"currentColor\" stroke-linecap=\"square\" stroke-width=\"2\" d=\"M11.6347 7.49976L1 7.49976\"\/><path stroke=\"currentColor\" stroke-linecap=\"square\" stroke-width=\"2\" d=\"M7.31445 2.13138L12.7061 7.50014L7.31445 12.8689\"\/><\/svg>\t\t\t<\/a>\n\t\t\t<\/div>\n<!-- Renders the same as core\/button with a specific style -->\n\t<div>\n\t\t\t\t\t<a\n\t\t\t\tclass=\"inline-flex gap-[16px] items-center text-inherit text-button-300 leading-6 cursor-pointer decoration-transparent underline underline-offset-2 transition-colors duration-hover hocus-visible:decoration-current\"\n\t\t\t\t\t\t\t\t\thref=\"https:\/\/www.iaff.org\/es\/banda-de-gaitas-y-tambores-y-guardia-de-honor\/recursos-y-musica\/\"\n\t\t\t\t\t\t\t\t\t\t\t\t>\n\t\t\t\t<span>\n\t\t\t\t\tRecursos y m\u00fasica\t\t\t\t<\/span>\n\t\t\t\t<svg xmlns=\"http:\/\/www.w3.org\/2000\/svg\" width=\"15\" height=\"15\" fill=\"none\" viewBox=\"0 0 15 15\"><path stroke=\"currentColor\" stroke-linecap=\"square\" stroke-width=\"2\" d=\"M11.6347 7.49976L1 7.49976\"\/><path stroke=\"currentColor\" stroke-linecap=\"square\" stroke-width=\"2\" d=\"M7.31445 2.13138L12.7061 7.50014L7.31445 12.8689\"\/><\/svg>\t\t\t<\/a>\n\t\t\t<\/div>\n<!-- Renders the same as core\/button with a specific style -->\n\t<div>\n\t\t\t\t\t<a\n\t\t\t\tclass=\"inline-flex gap-[16px] items-center text-inherit text-button-300 leading-6 cursor-pointer decoration-transparent underline underline-offset-2 transition-colors duration-hover hocus-visible:decoration-current\"\n\t\t\t\t\t\t\t\t\thref=\"https:\/\/www.iaff.org\/es\/banda-de-gaitas-y-tambores-y-guardia-de-honor\/anada-actualice-su-organizacion-de-banda-guardia-de-honor\/\"\n\t\t\t\t\t\t\t\t\t\t\t\t>\n\t\t\t\t<span>\n\t\t\t\t\tA\u00f1adir\/actualizar su organizaci\u00f3n\t\t\t\t<\/span>\n\t\t\t\t<svg xmlns=\"http:\/\/www.w3.org\/2000\/svg\" width=\"15\" height=\"15\" fill=\"none\" viewBox=\"0 0 15 15\"><path stroke=\"currentColor\" stroke-linecap=\"square\" stroke-width=\"2\" d=\"M11.6347 7.49976L1 7.49976\"\/><path stroke=\"currentColor\" stroke-linecap=\"square\" stroke-width=\"2\" d=\"M7.31445 2.13138L12.7061 7.50014L7.31445 12.8689\"\/><\/svg>\t\t\t<\/a>\n\t\t\t<\/div>\n\t<\/div>\n<\/details>\n<\/section>\n\n\n<div class=\"wp-block-paragraph \">\n<p>El sitio web de Gaitas y Tambores y Guardia de Honor de IAFF proporciona oportunidades para que nuestros miembros en bandas o guardias de honor asistan no solo en nuestro Servicio Conmemorativo, sino tambi\u00e9n en servicios conmemorativos, desfiles festivos y eventos educativos organizados por Secciones Locales de IAFF y departamentos de bomberos en todo Estados Unidos y Canad\u00e1. M\u00e1s importante a\u00fan, estos miembros pueden estar disponibles para asistir en caso de una muerte en cumplimiento del deber si se solicita. <\/p>\n<\/div>\n\n<section\n\t class=\"section-header mb-10 align wp-block-acf-section-header\" id=\"section-header_block_e27af689dbc9f5f08f7e7dfa14649277\">\n\t<div class=\"\">\n\t<div class=\"flex flex-col md:flex-row justify-between max-w-content gap-x-8 md:items-end flex-wrap\">\n\t\t<h2 class=\"text-heading-200 pb-[2px]\">\n\t\t\tBanda de m\u00fasica de masas de la AIB\t\t<\/h2>\n\n\t\t\t\t\t<div class=\"md:order-last w-full\">\n\t\t\t\t\n\t<hr class=\"h-[6px] text-red border-red bg-red w-full my-0\" role=\"presentation\"\/>\n\n\t<div class=\"h-divider w-full bg-halftone-divider bg-right\"><\/div>\n\t\t\t<\/div>\n\t\t\n\t\t\t<\/div>\n<\/div>\n<\/section>\n\n\n<div class=\"wp-block-paragraph \">\n<p>La historia de las gaitas funerarias es bastante simple (aunque muy triste). En las culturas celtas tradicionales, incluyendo tanto la irlandesa como la escocesa, las gaitas eran una parte importante de un funeral tradicional. Despu\u00e9s de la Gran Hambruna de la Patata de mediados de la d\u00e9cada de 1840, los inmigrantes irlandeses llegaron a los Estados Unidos en grandes cantidades. Debido principalmente al racismo y la xenofobia, a los irlandeses a menudo solo se les permit\u00eda solicitar los trabajos m\u00e1s peligrosos y dif\u00edciles, incluidos los trabajos de bombero y oficial de polic\u00eda.   <\/p>\n<\/div>\n\n<div class=\"wp-block-paragraph \">\n<p>Las muertes relacionadas con el trabajo para bomberos y oficiales de polic\u00eda no eran infrecuentes, y cuando ocurr\u00edan una o m\u00e1s de estas muertes, la comunidad irlandesa celebraba un funeral irland\u00e9s tradicional, que inclu\u00eda las melanc\u00f3licas gaitas. Con el paso de los a\u00f1os, esta tradici\u00f3n se extendi\u00f3 a bomberos y oficiales de polic\u00eda que no eran de ascendencia irlandesa. <\/p>\n<\/div>\n\n<div class=\"wp-block-paragraph \">\n<p>Entonces, si es una tradici\u00f3n irlandesa, \u00bfpor qu\u00e9 se utilizan las gaitas escocesas?<\/p>\n<\/div>\n\n<div class=\"wp-block-paragraph \">\n<p>En resumen, es porque las gaitas de las Tierras Altas escocesas son significativamente m\u00e1s sonoras que las tradicionales gaitas irlandesas uillean. Aunque es probable que se utilizaran uno o ambos tipos de gaitas en los funerales del siglo XIX, las gaitas de las Tierras Altas escocesas son ahora casi universalmente utilizadas. <\/p>\n<\/div>\n\n<div class=\"wp-block-paragraph \">\n<p>Las bandas de gaitas y tambores y las guardias de honor afiliadas a la AIB en los Estados Unidos y Canad\u00e1 han participado en todos los Memoriales a los Bomberos Ca\u00eddos de la AIB en Colorado Springs, Colorado.<\/p>\n<\/div>\n\n\n<figure class=\"wp-block-gallery has-nested-images columns-2 wp-block-gallery-1 is-layout-flex wp-block-gallery-is-layout-flex\">\n<figure data-wp-context=\"{&quot;imageId&quot;:&quot;6a0509fd63773&quot;}\" data-wp-interactive=\"core\/image\" data-wp-key=\"6a0509fd63773\" class=\"wp-block-image size-full wp-lightbox-container\"><img decoding=\"async\" width=\"675\" height=\"324\" data-wp-class--hide=\"state.isContentHidden\" data-wp-class--show=\"state.isContentVisible\" data-wp-init=\"callbacks.setButtonStyles\" data-wp-on--click=\"actions.showLightbox\" data-wp-on--load=\"callbacks.setButtonStyles\" data-wp-on-window--resize=\"callbacks.setButtonStyles\" data-id=\"24730\" src=\"https:\/\/www.iaff.org\/wp-content\/uploads\/pdhg\/about-us-aerial-shot.jpg\" alt=\"\" class=\"wp-image-24730\" srcset=\"https:\/\/www.iaff.org\/wp-content\/uploads\/pdhg\/about-us-aerial-shot.jpg 675w, https:\/\/www.iaff.org\/wp-content\/uploads\/pdhg\/about-us-aerial-shot-300x144.jpg 300w, https:\/\/www.iaff.org\/wp-content\/uploads\/pdhg\/about-us-aerial-shot-240x115.jpg 240w\" sizes=\"(max-width: 675px) 100vw, 675px\" \/><button\n\t\t\tclass=\"lightbox-trigger\"\n\t\t\ttype=\"button\"\n\t\t\taria-haspopup=\"dialog\"\n\t\t\taria-label=\"Enlarge\"\n\t\t\tdata-wp-init=\"callbacks.initTriggerButton\"\n\t\t\tdata-wp-on--click=\"actions.showLightbox\"\n\t\t\tdata-wp-style--right=\"state.imageButtonRight\"\n\t\t\tdata-wp-style--top=\"state.imageButtonTop\"\n\t\t>\n\t\t\t<svg xmlns=\"http:\/\/www.w3.org\/2000\/svg\" width=\"12\" height=\"12\" fill=\"none\" viewBox=\"0 0 12 12\">\n\t\t\t\t<path fill=\"#fff\" d=\"M2 0a2 2 0 0 0-2 2v2h1.5V2a.5.5 0 0 1 .5-.5h2V0H2Zm2 10.5H2a.5.5 0 0 1-.5-.5V8H0v2a2 2 0 0 0 2 2h2v-1.5ZM8 12v-1.5h2a.5.5 0 0 0 .5-.5V8H12v2a2 2 0 0 1-2 2H8Zm2-12a2 2 0 0 1 2 2v2h-1.5V2a.5.5 0 0 0-.5-.5H8V0h2Z\" \/>\n\t\t\t<\/svg>\n\t\t<\/button><\/figure>\n\n\n\n<figure data-wp-context=\"{&quot;imageId&quot;:&quot;6a0509fd64147&quot;}\" data-wp-interactive=\"core\/image\" data-wp-key=\"6a0509fd64147\" class=\"wp-block-image size-full wp-lightbox-container\"><img decoding=\"async\" width=\"675\" height=\"324\" data-wp-class--hide=\"state.isContentHidden\" data-wp-class--show=\"state.isContentVisible\" data-wp-init=\"callbacks.setButtonStyles\" data-wp-on--click=\"actions.showLightbox\" data-wp-on--load=\"callbacks.setButtonStyles\" data-wp-on-window--resize=\"callbacks.setButtonStyles\" data-id=\"24738\" src=\"https:\/\/www.iaff.org\/wp-content\/uploads\/pdhg\/about-us-honor-guard2.jpg\" alt=\"\" class=\"wp-image-24738\" srcset=\"https:\/\/www.iaff.org\/wp-content\/uploads\/pdhg\/about-us-honor-guard2.jpg 675w, https:\/\/www.iaff.org\/wp-content\/uploads\/pdhg\/about-us-honor-guard2-300x144.jpg 300w, https:\/\/www.iaff.org\/wp-content\/uploads\/pdhg\/about-us-honor-guard2-240x115.jpg 240w\" sizes=\"(max-width: 675px) 100vw, 675px\" \/><button\n\t\t\tclass=\"lightbox-trigger\"\n\t\t\ttype=\"button\"\n\t\t\taria-haspopup=\"dialog\"\n\t\t\taria-label=\"Enlarge\"\n\t\t\tdata-wp-init=\"callbacks.initTriggerButton\"\n\t\t\tdata-wp-on--click=\"actions.showLightbox\"\n\t\t\tdata-wp-style--right=\"state.imageButtonRight\"\n\t\t\tdata-wp-style--top=\"state.imageButtonTop\"\n\t\t>\n\t\t\t<svg xmlns=\"http:\/\/www.w3.org\/2000\/svg\" width=\"12\" height=\"12\" fill=\"none\" viewBox=\"0 0 12 12\">\n\t\t\t\t<path fill=\"#fff\" d=\"M2 0a2 2 0 0 0-2 2v2h1.5V2a.5.5 0 0 1 .5-.5h2V0H2Zm2 10.5H2a.5.5 0 0 1-.5-.5V8H0v2a2 2 0 0 0 2 2h2v-1.5ZM8 12v-1.5h2a.5.5 0 0 0 .5-.5V8H12v2a2 2 0 0 1-2 2H8Zm2-12a2 2 0 0 1 2 2v2h-1.5V2a.5.5 0 0 0-.5-.5H8V0h2Z\" \/>\n\t\t\t<\/svg>\n\t\t<\/button><\/figure>\n\n\n\n<figure data-wp-context=\"{&quot;imageId&quot;:&quot;6a0509fd64a04&quot;}\" data-wp-interactive=\"core\/image\" data-wp-key=\"6a0509fd64a04\" class=\"wp-block-image size-full wp-lightbox-container\"><img decoding=\"async\" width=\"675\" height=\"324\" data-wp-class--hide=\"state.isContentHidden\" data-wp-class--show=\"state.isContentVisible\" data-wp-init=\"callbacks.setButtonStyles\" data-wp-on--click=\"actions.showLightbox\" data-wp-on--load=\"callbacks.setButtonStyles\" data-wp-on-window--resize=\"callbacks.setButtonStyles\" data-id=\"24734\" src=\"https:\/\/www.iaff.org\/wp-content\/uploads\/pdhg\/about-us-bagpipe2.jpg\" alt=\"\" class=\"wp-image-24734\" srcset=\"https:\/\/www.iaff.org\/wp-content\/uploads\/pdhg\/about-us-bagpipe2.jpg 675w, https:\/\/www.iaff.org\/wp-content\/uploads\/pdhg\/about-us-bagpipe2-300x144.jpg 300w, https:\/\/www.iaff.org\/wp-content\/uploads\/pdhg\/about-us-bagpipe2-240x115.jpg 240w\" sizes=\"(max-width: 675px) 100vw, 675px\" \/><button\n\t\t\tclass=\"lightbox-trigger\"\n\t\t\ttype=\"button\"\n\t\t\taria-haspopup=\"dialog\"\n\t\t\taria-label=\"Enlarge\"\n\t\t\tdata-wp-init=\"callbacks.initTriggerButton\"\n\t\t\tdata-wp-on--click=\"actions.showLightbox\"\n\t\t\tdata-wp-style--right=\"state.imageButtonRight\"\n\t\t\tdata-wp-style--top=\"state.imageButtonTop\"\n\t\t>\n\t\t\t<svg xmlns=\"http:\/\/www.w3.org\/2000\/svg\" width=\"12\" height=\"12\" fill=\"none\" viewBox=\"0 0 12 12\">\n\t\t\t\t<path fill=\"#fff\" d=\"M2 0a2 2 0 0 0-2 2v2h1.5V2a.5.5 0 0 1 .5-.5h2V0H2Zm2 10.5H2a.5.5 0 0 1-.5-.5V8H0v2a2 2 0 0 0 2 2h2v-1.5ZM8 12v-1.5h2a.5.5 0 0 0 .5-.5V8H12v2a2 2 0 0 1-2 2H8Zm2-12a2 2 0 0 1 2 2v2h-1.5V2a.5.5 0 0 0-.5-.5H8V0h2Z\" \/>\n\t\t\t<\/svg>\n\t\t<\/button><\/figure>\n\n\n\n<figure data-wp-context=\"{&quot;imageId&quot;:&quot;6a0509fd65241&quot;}\" data-wp-interactive=\"core\/image\" data-wp-key=\"6a0509fd65241\" class=\"wp-block-image size-full wp-lightbox-container\"><img decoding=\"async\" width=\"675\" height=\"324\" data-wp-class--hide=\"state.isContentHidden\" data-wp-class--show=\"state.isContentVisible\" data-wp-init=\"callbacks.setButtonStyles\" data-wp-on--click=\"actions.showLightbox\" data-wp-on--load=\"callbacks.setButtonStyles\" data-wp-on-window--resize=\"callbacks.setButtonStyles\" data-id=\"24736\" src=\"https:\/\/www.iaff.org\/wp-content\/uploads\/pdhg\/about-us-honor-guard.jpg\" alt=\"\" class=\"wp-image-24736\" srcset=\"https:\/\/www.iaff.org\/wp-content\/uploads\/pdhg\/about-us-honor-guard.jpg 675w, https:\/\/www.iaff.org\/wp-content\/uploads\/pdhg\/about-us-honor-guard-300x144.jpg 300w, https:\/\/www.iaff.org\/wp-content\/uploads\/pdhg\/about-us-honor-guard-240x115.jpg 240w\" sizes=\"(max-width: 675px) 100vw, 675px\" \/><button\n\t\t\tclass=\"lightbox-trigger\"\n\t\t\ttype=\"button\"\n\t\t\taria-haspopup=\"dialog\"\n\t\t\taria-label=\"Enlarge\"\n\t\t\tdata-wp-init=\"callbacks.initTriggerButton\"\n\t\t\tdata-wp-on--click=\"actions.showLightbox\"\n\t\t\tdata-wp-style--right=\"state.imageButtonRight\"\n\t\t\tdata-wp-style--top=\"state.imageButtonTop\"\n\t\t>\n\t\t\t<svg xmlns=\"http:\/\/www.w3.org\/2000\/svg\" width=\"12\" height=\"12\" fill=\"none\" viewBox=\"0 0 12 12\">\n\t\t\t\t<path fill=\"#fff\" d=\"M2 0a2 2 0 0 0-2 2v2h1.5V2a.5.5 0 0 1 .5-.5h2V0H2Zm2 10.5H2a.5.5 0 0 1-.5-.5V8H0v2a2 2 0 0 0 2 2h2v-1.5ZM8 12v-1.5h2a.5.5 0 0 0 .5-.5V8H12v2a2 2 0 0 1-2 2H8Zm2-12a2 2 0 0 1 2 2v2h-1.5V2a.5.5 0 0 0-.5-.5H8V0h2Z\" \/>\n\t\t\t<\/svg>\n\t\t<\/button><\/figure>\n\n\n\n<figure data-wp-context=\"{&quot;imageId&quot;:&quot;6a0509fd65b73&quot;}\" data-wp-interactive=\"core\/image\" data-wp-key=\"6a0509fd65b73\" class=\"wp-block-image size-full wp-lightbox-container\"><img decoding=\"async\" width=\"675\" height=\"324\" data-wp-class--hide=\"state.isContentHidden\" data-wp-class--show=\"state.isContentVisible\" data-wp-init=\"callbacks.setButtonStyles\" data-wp-on--click=\"actions.showLightbox\" data-wp-on--load=\"callbacks.setButtonStyles\" data-wp-on-window--resize=\"callbacks.setButtonStyles\" data-id=\"24742\" src=\"https:\/\/www.iaff.org\/wp-content\/uploads\/pdhg\/about-us-honor-guard4.jpg\" alt=\"\" class=\"wp-image-24742\" srcset=\"https:\/\/www.iaff.org\/wp-content\/uploads\/pdhg\/about-us-honor-guard4.jpg 675w, https:\/\/www.iaff.org\/wp-content\/uploads\/pdhg\/about-us-honor-guard4-300x144.jpg 300w, https:\/\/www.iaff.org\/wp-content\/uploads\/pdhg\/about-us-honor-guard4-240x115.jpg 240w\" sizes=\"(max-width: 675px) 100vw, 675px\" \/><button\n\t\t\tclass=\"lightbox-trigger\"\n\t\t\ttype=\"button\"\n\t\t\taria-haspopup=\"dialog\"\n\t\t\taria-label=\"Enlarge\"\n\t\t\tdata-wp-init=\"callbacks.initTriggerButton\"\n\t\t\tdata-wp-on--click=\"actions.showLightbox\"\n\t\t\tdata-wp-style--right=\"state.imageButtonRight\"\n\t\t\tdata-wp-style--top=\"state.imageButtonTop\"\n\t\t>\n\t\t\t<svg xmlns=\"http:\/\/www.w3.org\/2000\/svg\" width=\"12\" height=\"12\" fill=\"none\" viewBox=\"0 0 12 12\">\n\t\t\t\t<path fill=\"#fff\" d=\"M2 0a2 2 0 0 0-2 2v2h1.5V2a.5.5 0 0 1 .5-.5h2V0H2Zm2 10.5H2a.5.5 0 0 1-.5-.5V8H0v2a2 2 0 0 0 2 2h2v-1.5ZM8 12v-1.5h2a.5.5 0 0 0 .5-.5V8H12v2a2 2 0 0 1-2 2H8Zm2-12a2 2 0 0 1 2 2v2h-1.5V2a.5.5 0 0 0-.5-.5H8V0h2Z\" \/>\n\t\t\t<\/svg>\n\t\t<\/button><\/figure>\n\n\n\n<figure data-wp-context=\"{&quot;imageId&quot;:&quot;6a0509fd66395&quot;}\" data-wp-interactive=\"core\/image\" data-wp-key=\"6a0509fd66395\" class=\"wp-block-image size-full wp-lightbox-container\"><img decoding=\"async\" width=\"675\" height=\"324\" data-wp-class--hide=\"state.isContentHidden\" data-wp-class--show=\"state.isContentVisible\" data-wp-init=\"callbacks.setButtonStyles\" data-wp-on--click=\"actions.showLightbox\" data-wp-on--load=\"callbacks.setButtonStyles\" data-wp-on-window--resize=\"callbacks.setButtonStyles\" data-id=\"24732\" src=\"https:\/\/www.iaff.org\/wp-content\/uploads\/pdhg\/about-us-bagpipe.jpg\" alt=\"\" class=\"wp-image-24732\" srcset=\"https:\/\/www.iaff.org\/wp-content\/uploads\/pdhg\/about-us-bagpipe.jpg 675w, https:\/\/www.iaff.org\/wp-content\/uploads\/pdhg\/about-us-bagpipe-300x144.jpg 300w, https:\/\/www.iaff.org\/wp-content\/uploads\/pdhg\/about-us-bagpipe-240x115.jpg 240w\" sizes=\"(max-width: 675px) 100vw, 675px\" \/><button\n\t\t\tclass=\"lightbox-trigger\"\n\t\t\ttype=\"button\"\n\t\t\taria-haspopup=\"dialog\"\n\t\t\taria-label=\"Enlarge\"\n\t\t\tdata-wp-init=\"callbacks.initTriggerButton\"\n\t\t\tdata-wp-on--click=\"actions.showLightbox\"\n\t\t\tdata-wp-style--right=\"state.imageButtonRight\"\n\t\t\tdata-wp-style--top=\"state.imageButtonTop\"\n\t\t>\n\t\t\t<svg xmlns=\"http:\/\/www.w3.org\/2000\/svg\" width=\"12\" height=\"12\" fill=\"none\" viewBox=\"0 0 12 12\">\n\t\t\t\t<path fill=\"#fff\" d=\"M2 0a2 2 0 0 0-2 2v2h1.5V2a.5.5 0 0 1 .5-.5h2V0H2Zm2 10.5H2a.5.5 0 0 1-.5-.5V8H0v2a2 2 0 0 0 2 2h2v-1.5ZM8 12v-1.5h2a.5.5 0 0 0 .5-.5V8H12v2a2 2 0 0 1-2 2H8Zm2-12a2 2 0 0 1 2 2v2h-1.5V2a.5.5 0 0 0-.5-.5H8V0h2Z\" \/>\n\t\t\t<\/svg>\n\t\t<\/button><\/figure>\n<\/figure>\n\n<\/div><\/section>\n","protected":false},"excerpt":{"rendered":"","protected":false},"featured_media":0,"parent":0,"menu_order":0,"comment_status":"closed","ping_status":"closed","template":"","meta":{"_acf_changed":false,"_searchwp_excluded":"","inline_featured_image":false,"_EventAllDay":false,"_EventTimezone":"","_EventStartDate":"","_EventEndDate":"","_EventStartDateUTC":"","_EventEndDateUTC":"","_EventShowMap":false,"_EventShowMapLink":false,"_EventURL":"","_EventCost":"","_EventCostDescription":"","_EventCurrencySymbol":"","_EventCurrencyCode":"","_EventCurrencyPosition":"","_EventDateTimeSeparator":"","_EventTimeRangeSeparator":"","_EventOrganizerID":[],"_EventVenueID":[],"_OrganizerEmail":"","_OrganizerPhone":"","_OrganizerWebsite":"","_VenueAddress":"","_VenueCity":"","_VenueCountry":"","_VenueProvince":"","_VenueState":"","_VenueZip":"","_VenuePhone":"","_VenueURL":"","_VenueStateProvince":"","_VenueLat":"","_VenueLng":"","_VenueShowMap":false,"_VenueShowMapLink":false,"footnotes":""},"class_list":["post-93858","page","type-page","status-publish","hentry"],"acf":[],"publishpress_future_workflow_manual_trigger":{"enabledWorkflows":[]},"_links":{"self":[{"href":"https:\/\/www.iaff.org\/es\/wp-json\/wp\/v2\/pages\/93858","targetHints":{"allow":["GET"]}}],"collection":[{"href":"https:\/\/www.iaff.org\/es\/wp-json\/wp\/v2\/pages"}],"about":[{"href":"https:\/\/www.iaff.org\/es\/wp-json\/wp\/v2\/types\/page"}],"author":[{"embeddable":true,"href":"https:\/\/www.iaff.org\/es\/wp-json\/wp\/v2\/users\/3"}],"replies":[{"embeddable":true,"href":"https:\/\/www.iaff.org\/es\/wp-json\/wp\/v2\/comments?post=93858"}],"version-history":[{"count":0,"href":"https:\/\/www.iaff.org\/es\/wp-json\/wp\/v2\/pages\/93858\/revisions"}],"wp:attachment":[{"href":"https:\/\/www.iaff.org\/es\/wp-json\/wp\/v2\/media?parent=93858"}],"curies":[{"name":"wp","href":"https:\/\/api.w.org\/{rel}","templated":true}]}}