{"id":93851,"date":"2024-02-26T11:14:54","date_gmt":"2024-02-26T16:14:54","guid":{"rendered":"https:\/\/www.iaff.org\/grupo-de-motocicletas\/miembros-del-comite-iaff-mg\/"},"modified":"2026-03-04T09:43:33","modified_gmt":"2026-03-04T14:43:33","slug":"miembros-del-comite-iaff-mg","status":"publish","type":"page","link":"https:\/\/www.iaff.org\/es\/grupo-de-motocicletas\/miembros-del-comite-iaff-mg\/","title":{"rendered":"Miembros del comit\u00e9 AIB-MG"},"content":{"rendered":"<section\n\t class=\"secondary-hero align wp-block-acf-secondary-hero\" id=\"secondary-hero_block_2a17930f0509a58b72e5badfd647a607\">\n\t\n<header\n\tclass=\"w-full u-bg-full-width px-[22px] md:ps-bleed md:pe-0 py-[60px] bg-smoke-5 text-black u-has-rivets u-rivets-dark\"\n\tdata-theme=\"gray\"\n>\n\t<div class=\"flex flex-col !px-0 !max-w-[1440px] w-full lg:!ps-indent\">\n\t\t<div class=\"border-t-[6px] w-full my-0 flex flex-col md:flex-row gap-x-[62px] gap-y-[22px] border-red\">\n\t\t\t\t\t\t<div class=\"w-full md:w-1\/2 md:py-[45px]\">\n\t\t\t\t<div class=\"max-w-[600px] flex flex-col gap-[22px]\">\n\t\t\t\t\t\t\t\t\t\t\t<h1 class=\"has-[.u-halftone-shadow--dark]:mb-divider has-[.u-halftone-shadow--light]:mb-divider pt-[22px] md:pt-0\">\n\t\t\t\t\t\t\t<span class=\"inline-flex text-heading-200 u-halftone-shadow--dark\">\n\t\t\t\t\t\t\t\tMiembros del comit\u00e9 AIB-MG\t\t\t\t\t\t\t<\/span>\n\t\t\t\t\t\t<\/h1>\n\t\t\t\t\t\t\t\t\t\t\t\t\t\t\t\t\t\t\t\t\t\t\t\t\t\t\t\t\t<\/div>\n\t\t\t<\/div>\n\n\t\t<\/div>\n\t\t\t\t\t<div class=\"order-first flex justify-start w-full pb-[22px]\">\n\t\t\t\t<div\n\tclass=\"wp-block-button is-style-tertiary text-smoke is-style-tertiary-back\"\n>\n\t\t\t<a\n\t\t\thref=\"https:\/\/www.iaff.org\/es\/grupo-de-motocicletas\/\"\n\t\t\tclass=\"wp-block-button__link wp-element-button group\"\n\t\t\t\t\t>\n\t\t\t<span\n\t\t\tclass=\"decoration-transparent underline underline-offset-2 group-hover:decoration-inherit group-focus-visible:decoration-inherit transition duration-hover\"\n\t\t>\n\t\t\tGrupo de motocicletas\t\t<\/span>\n\n\t\t<span\n\t\t\tclass=\"bg-inherit transition-colors duration-hover group-hover:bg-gold group-focus:bg-gold inline-flex rotate-180 order-first\"\n\t\t>\n\t\t\t<svg xmlns=\"http:\/\/www.w3.org\/2000\/svg\" width=\"21\" height=\"22\" fill=\"none\" viewBox=\"0 0 21 22\"><path stroke=\"currentColor\" stroke-linecap=\"round\" stroke-width=\"2\" d=\"M20 20.75L20 2.25L1.5 2.25L1.5 20.75L20 20.75Z\" clip-rule=\"evenodd\"\/><path stroke=\"currentColor\" stroke-linecap=\"square\" stroke-width=\"2\" d=\"M14.0883 11.5L6.66406 11.5\"\/><path stroke=\"currentColor\" stroke-linecap=\"square\" stroke-width=\"2\" d=\"M11.0723 7.75205L14.8363 11.5L11.0723 15.248\"\/><\/svg>\t\t<\/span>\n\t<\/a><\/div>\n\t\t\t<\/div>\n\t\t\t<\/div>\n<\/header>\n<\/section>\n<section\n\t class=\"page-blocks iaff-page-blocks align wp-block-acf-page-blocks\" id=\"page-blocks_block_fd9e948f96956045b7fefabf3349a104\">\n\t<div class=\"acf-innerblocks-container\">\n<div class=\"wp-block-paragraph \">\n<p><\/p>\n<\/div>\n\n\n<div class=\"wp-block-group is-nowrap is-layout-flex wp-container-core-group-is-layout-ad2f72ca wp-block-group-is-layout-flex\">\n<div class=\"wp-block-columns are-vertically-aligned-top wp-container-content-9cfa9a5a is-layout-flex wp-container-core-columns-is-layout-9d6595d7 wp-block-columns-is-layout-flex\">\n<div class=\"wp-block-column is-vertically-aligned-top is-layout-flow wp-block-column-is-layout-flow\">\n<figure class=\"wp-block-image aligncenter size-full is-resized is-style-rounded\"><img decoding=\"async\" width=\"300\" height=\"300\" src=\"https:\/\/www.iaff.org\/wp-content\/uploads\/2023\/11\/GP-Kelly.png\" alt=\"\" class=\"wp-image-899\" style=\"object-fit:cover;width:215px;height:215px\" srcset=\"https:\/\/www.iaff.org\/wp-content\/uploads\/2023\/11\/GP-Kelly.png 300w, https:\/\/www.iaff.org\/wp-content\/uploads\/2023\/11\/GP-Kelly-150x150.png 150w, https:\/\/www.iaff.org\/wp-content\/uploads\/2023\/11\/GP-Kelly-240x240.png 240w\" sizes=\"(max-width: 300px) 100vw, 300px\" \/><\/figure>\n\n\n<div class=\"wp-block-paragraph \">\n<p class=\"has-text-align-center\"><strong><a href=\"https:\/\/www.iaff.org\/es\/acerca-de-nosotros\/liderazgo\/presidente-general-edward-a-kelly\/\" data-type=\"page\" data-id=\"3798\">Edward A. Kelly<\/a><\/strong><br\/><strong>Presidente General de la AIB<br\/><\/strong>Presidente, AIB-MG<\/p>\n<\/div><\/div>\n\n\n\n<div class=\"wp-block-column is-vertically-aligned-top is-layout-flow wp-block-column-is-layout-flow\">\n<figure class=\"wp-block-image aligncenter size-full is-resized is-style-rounded\"><img decoding=\"async\" width=\"300\" height=\"300\" src=\"https:\/\/www.iaff.org\/wp-content\/uploads\/GST-Lima.png\" alt=\"\" class=\"wp-image-15360\" style=\"object-fit:cover;width:215px;height:215px\" srcset=\"https:\/\/www.iaff.org\/wp-content\/uploads\/GST-Lima.png 300w, https:\/\/www.iaff.org\/wp-content\/uploads\/GST-Lima-150x150.png 150w, https:\/\/www.iaff.org\/wp-content\/uploads\/GST-Lima-240x240.png 240w\" sizes=\"(max-width: 300px) 100vw, 300px\" \/><\/figure>\n\n\n<div class=\"wp-block-paragraph \">\n<p class=\"has-text-align-center\"><strong><a href=\"https:\/\/www.iaff.org\/about-us\/leadership\/gst-lima\/\" data-type=\"page\" data-id=\"3797\">Frank V. L\u00edma<\/a><\/strong><br\/><strong>Secretario-Tesorero General de la AIB<\/strong><br\/>Secretario, AIB-MG<\/p>\n<\/div><\/div>\n<\/div>\n<\/div>\n\n<\/div><\/section>\n\n<hr class=\"wp-block-separator has-alpha-channel-opacity is-style-wide mt-10 mb-10\"\/>\n\n<div class=\"wp-block-group is-nowrap is-layout-flex wp-container-core-group-is-layout-ad2f72ca wp-block-group-is-layout-flex\">\n<div class=\"wp-block-columns are-vertically-aligned-top wp-container-content-9cfa9a5a is-layout-flex wp-container-core-columns-is-layout-9d6595d7 wp-block-columns-is-layout-flex\">\n<div class=\"wp-block-column is-vertically-aligned-top is-layout-flow wp-block-column-is-layout-flow\"><div class=\"wp-block-paragraph \">\n<p class=\"has-text-align-center\"><strong><a href=\"mailto:rwalsh@iaff.org\">Ricky Walsh<br\/><\/a><\/strong>Vicepresidente del 7\u00ba distrito de IAFF<br\/>Presidente del comit\u00e9 IAFF-MG<br\/><a href=\"tel:+15099993090\">(509) 999-3090<\/a><\/p>\n<\/div><\/div>\n\n\n\n<div class=\"wp-block-column is-vertically-aligned-top is-layout-flow wp-block-column-is-layout-flow\"><div class=\"wp-block-paragraph \">\n<p class=\"has-text-align-center\"><strong><a href=\"mailto:mcrouse@iaff.org\">Michael J. Crouse<br\/><\/a><\/strong>Vicepresidente Em\u00e9rito del Distrito 16<br\/>Vicepresidente del Comit\u00e9 AIB-MG<br\/>Tel\u00e9fono m\u00f3vil: <a href=\"tel:+12072392625\">(207) 239-2625<\/a><br\/>Tel\u00e9fono de oficina: <a href=\"tel:+12074396214\">(207) 439-6214<\/a><br\/>Fax: <a href=\"tel:+12028427551\">(202) 842-7551<\/a><\/p>\n<\/div><\/div>\n\n\n\n<div class=\"wp-block-column is-vertically-aligned-top is-layout-flow wp-block-column-is-layout-flow\"><div class=\"wp-block-paragraph \">\n<p class=\"has-text-align-center\"><strong><strong><a href=\"mailto:irishjake93@gmail.com\">Robert Rooney<\/a><\/strong><br\/><\/strong>Secretario del comit\u00e9 IAFF-MG<br\/><a href=\"tel:+15084007322\">(508) 400-7322<\/a><\/p>\n<\/div><\/div>\n<\/div>\n<\/div>\n<div class=\"wp-block-paragraph \">\n<p><\/p>\n<\/div>\n<div class=\"wp-block-group is-nowrap is-layout-flex wp-container-core-group-is-layout-ad2f72ca wp-block-group-is-layout-flex\">\n<div class=\"wp-block-columns are-vertically-aligned-top wp-container-content-9cfa9a5a is-layout-flex wp-container-core-columns-is-layout-9d6595d7 wp-block-columns-is-layout-flex\">\n<div class=\"wp-block-column is-vertically-aligned-top is-layout-flow wp-block-column-is-layout-flow\"><div class=\"wp-block-paragraph \">\n<p class=\"has-text-align-center\"><strong>Phillip Cordova<br\/><\/strong>Asesor del personal de la sede de la AIB<\/p>\n<\/div><\/div>\n\n\n\n<div class=\"wp-block-column is-vertically-aligned-top is-layout-flow wp-block-column-is-layout-flow\"><div class=\"wp-block-paragraph \">\n<p class=\"has-text-align-center\"><strong>Mark Murphy<br\/><\/strong>Asesor del Consejo Legal de la sede de la AIB<\/p>\n<\/div><\/div>\n\n\n\n<div class=\"wp-block-column is-layout-flow wp-block-column-is-layout-flow\"><\/div>\n<\/div>\n<\/div>\n\n<hr class=\"wp-block-separator has-alpha-channel-opacity is-style-wide mt-10 mb-10\"\/>\n\n<div class=\"wp-block-group is-nowrap is-layout-flex wp-container-core-group-is-layout-ad2f72ca wp-block-group-is-layout-flex\">\n<div class=\"wp-block-columns are-vertically-aligned-top wp-container-content-9cfa9a5a is-layout-flex wp-container-core-columns-is-layout-9d6595d7 wp-block-columns-is-layout-flex\">\n<div class=\"wp-block-column is-vertically-aligned-top is-layout-flow wp-block-column-is-layout-flow\"><div class=\"wp-block-paragraph \">\n<p class=\"has-text-align-center\"><a href=\"mailto:chai202@aol.com\" data-type=\"link\" data-id=\"chai202@aol.com\">Mark chai<br\/><\/a>1er distrito (Nueva Jersey, Nueva York)<br\/><a href=\"tel:+19084154041\">(908) 415-4041<\/a><\/p>\n<\/div><\/div>\n\n\n\n<div class=\"wp-block-column is-vertically-aligned-top is-layout-flow wp-block-column-is-layout-flow\"><div class=\"wp-block-paragraph \">\n<p class=\"has-text-align-center\"><strong><a href=\"mailto:iowabagby@gmail.com\">Paul bagby<br\/><\/a><\/strong>2.\u00ba distrito (Iowa, Kansas, Misuri, Nebraska)<br\/><a href=\"tel:+13194810030\">(319) 481-0030<\/a><\/p>\n<\/div><\/div>\n\n\n\n<div class=\"wp-block-column is-vertically-aligned-top is-layout-flow wp-block-column-is-layout-flow\"><div class=\"wp-block-paragraph \">\n<p class=\"has-text-align-center\"><strong><a href=\"mailto:notman10@aol.com\">Paul W. Jacques<br\/><\/a><\/strong>3er Distrito (Connecticut, Maine, Massachusetts, New Hampshire, Rhode Island, Vermont)<br\/><a href=\"tel:+15084007322\">(508)<\/a><a href=\"tel:+15089224394\"> 922-4394<\/a><\/p>\n<\/div><\/div>\n<\/div>\n<\/div>\n<div class=\"wp-block-paragraph \">\n<p><\/p>\n<\/div>\n<div class=\"wp-block-group is-nowrap is-layout-flex wp-container-core-group-is-layout-ad2f72ca wp-block-group-is-layout-flex\">\n<div class=\"wp-block-columns are-vertically-aligned-top wp-container-content-9cfa9a5a is-layout-flex wp-container-core-columns-is-layout-9d6595d7 wp-block-columns-is-layout-flex\">\n<div class=\"wp-block-column is-vertically-aligned-top is-layout-flow wp-block-column-is-layout-flow\"><div class=\"wp-block-paragraph \">\n<p class=\"has-text-align-center\"><strong>Vacante<\/strong><br\/>4\u00ba Distrito (Delaware, Maryland, Distrito de Columbia, Pensilvania, Virginia, Virginia Occidental)<\/p>\n<\/div><\/div>\n\n\n\n<div class=\"wp-block-column is-vertically-aligned-top is-layout-flow wp-block-column-is-layout-flow\"><div class=\"wp-block-paragraph \">\n<p class=\"has-text-align-center\"><strong><a href=\"mailto:sq51lacfd@gmail.com\">Jeff Weidner<\/a><\/strong><br\/>5\u00ba Distrito (Minnesota, Dakota del Norte, Dakota del Sur, Wisconsin)<br\/><a href=\"tel:+12624173081\">(262) 417-3081<\/a><\/p>\n<\/div><\/div>\n\n\n\n<div class=\"wp-block-column is-vertically-aligned-top is-layout-flow wp-block-column-is-layout-flow\"><div class=\"wp-block-paragraph \">\n<p class=\"has-text-align-center\"><strong><a href=\"mailto:GregHouston@iaffmg.org\">Greg Houston<\/a><\/strong><br\/>6\u00ba Distrito (Alberta, Columbia Brit\u00e1nica, Territorios del Noroeste, Saskatchewan, Yuk\u00f3n)<br\/><a href=\"tel:+12509610949\">(250) 961-0949<\/a><\/p>\n<\/div><\/div>\n<\/div>\n<\/div>\n<div class=\"wp-block-paragraph \">\n<p><\/p>\n<\/div>\n<div class=\"wp-block-group is-nowrap is-layout-flex wp-container-core-group-is-layout-ad2f72ca wp-block-group-is-layout-flex\">\n<div class=\"wp-block-columns are-vertically-aligned-top wp-container-content-9cfa9a5a is-layout-flex wp-container-core-columns-is-layout-9d6595d7 wp-block-columns-is-layout-flex\">\n<div class=\"wp-block-column is-vertically-aligned-top is-layout-flow wp-block-column-is-layout-flow\"><div class=\"wp-block-paragraph \">\n<p class=\"has-text-align-center\"><strong><a href=\"mailto:scottdellinger@hotmail.com\">Scott Dellinger<\/a><\/strong><br\/>7\u00ba Distrito (Alaska, Idaho, Montana, Washington)<br\/><a href=\"tel:+12532278598\">(253) 227-8598<\/a><\/p>\n<\/div><\/div>\n\n\n\n<div class=\"wp-block-column is-vertically-aligned-top is-layout-flow wp-block-column-is-layout-flow\"><div class=\"wp-block-paragraph \">\n<p class=\"has-text-align-center\"><strong>Joseph Konys<br\/><\/strong>8\u00ba Distrito (Illinois, Indiana, Kentucky, Michigan, Ohio)<br\/><a href=\"tel:+12168703866\">(216) 870-3866<\/a><\/p>\n<\/div><\/div>\n\n\n\n<div class=\"wp-block-column is-vertically-aligned-top is-layout-flow wp-block-column-is-layout-flow\"><div class=\"wp-block-paragraph \">\n<p class=\"has-text-align-center\"><strong><a href=\"mailto:dugley@iaffmg.org\">Doug Rice<\/a><\/strong><br\/>9\u00ba Distrito (Colorado, Nevada, Oreg\u00f3n, Utah, Wyoming)<br\/><a href=\"tel:+18015570774\">(801) 557-0774<\/a><\/p>\n<\/div><\/div>\n<\/div>\n<\/div>\n<div class=\"wp-block-paragraph \">\n<p><\/p>\n<\/div>\n<div class=\"wp-block-group is-nowrap is-layout-flex wp-container-core-group-is-layout-ad2f72ca wp-block-group-is-layout-flex\">\n<div class=\"wp-block-columns are-vertically-aligned-top wp-container-content-9cfa9a5a is-layout-flex wp-container-core-columns-is-layout-9d6595d7 wp-block-columns-is-layout-flex\">\n<div class=\"wp-block-column is-vertically-aligned-top is-layout-flow wp-block-column-is-layout-flow\"><div class=\"wp-block-paragraph \">\n<p class=\"has-text-align-center\"><strong><a href=\"mailto:dman@iaffmg.org\">Dave Manning<\/a><\/strong><br\/>10\u00ba Distrito (Arizona, California, Haw\u00e1i, Nuevo M\u00e9xico, Guam)<br\/><a href=\"tel:+19288531505\">(928) 853-1505<\/a><\/p>\n<\/div><\/div>\n\n\n\n<div class=\"wp-block-column is-vertically-aligned-top is-layout-flow wp-block-column-is-layout-flow\"><div class=\"wp-block-paragraph \">\n<p class=\"has-text-align-center\"><strong><a href=\"mailto:jorgebleve@aol.com\">Jorge Lerma<\/a><\/strong><br\/>11\u00ba Distrito (Zona del Canal, Oklahoma, Texas)<br\/><a href=\"tel:+19565510137\">(956) 551-0137<\/a><\/p>\n<\/div><\/div>\n\n\n\n<div class=\"wp-block-column is-vertically-aligned-top is-layout-flow wp-block-column-is-layout-flow\"><div class=\"wp-block-paragraph \">\n<p class=\"has-text-align-center\"><strong><a href=\"mailto:ffkerr@aol.com\">Jason Kerr<\/a><\/strong><br\/>Distrito 12 (Florida, Georgia, Carolina del Norte, Carolina del Sur, Puerto Rico, Islas del Caribe)<br\/><a href=\"tel:+19042262458\">(904) 226-2458<\/a><\/p>\n<\/div><\/div>\n<\/div>\n<\/div>\n<div class=\"wp-block-paragraph \">\n<p><\/p>\n<\/div>\n<div class=\"wp-block-group is-nowrap is-layout-flex wp-container-core-group-is-layout-ad2f72ca wp-block-group-is-layout-flex\">\n<div class=\"wp-block-columns are-vertically-aligned-top wp-container-content-9cfa9a5a is-layout-flex wp-container-core-columns-is-layout-9d6595d7 wp-block-columns-is-layout-flex\">\n<div class=\"wp-block-column is-vertically-aligned-top is-layout-flow wp-block-column-is-layout-flow\"><div class=\"wp-block-paragraph \">\n<p class=\"has-text-align-center\"><strong>Mike Widmeyer<\/strong><br\/>Distrito 13 (Manitoba, Ontario)<\/p>\n<\/div><\/div>\n\n\n\n<div class=\"wp-block-column is-vertically-aligned-top is-layout-flow wp-block-column-is-layout-flow\"><div class=\"wp-block-paragraph \">\n<p class=\"has-text-align-center\"><strong><a href=\"mailto:ejaros@live.com\">Ed Jaros<\/a><\/strong><br\/>14\u00ba Distrito (Alabama, Arkansas, Luisiana, Misisipi, Tennessee)<br\/><a href=\"tel:+15015174233\">(501) 517-4233<\/a><\/p>\n<\/div><\/div>\n\n\n\n<div class=\"wp-block-column is-vertically-aligned-top is-layout-flow wp-block-column-is-layout-flow\"><div class=\"wp-block-paragraph \">\n<p class=\"has-text-align-center\"><strong>Vacante<\/strong><br\/>15\u00ba Distrito (Nuevo Brunswick, Terranova, Nueva Escocia, Isla del Pr\u00edncipe Eduardo, Quebec)<\/p>\n<\/div><\/div>\n<\/div>\n<\/div>\n<div class=\"wp-block-paragraph \">\n<p><\/p>\n<\/div>\n<div class=\"wp-block-group is-nowrap is-layout-flex wp-container-core-group-is-layout-ad2f72ca wp-block-group-is-layout-flex\">\n<div class=\"wp-block-columns are-vertically-aligned-top wp-container-content-9cfa9a5a is-layout-flex wp-container-core-columns-is-layout-9d6595d7 wp-block-columns-is-layout-flex\">\n<div class=\"wp-block-column is-vertically-aligned-top is-layout-flow wp-block-column-is-layout-flow\"><\/div>\n\n\n\n<div class=\"wp-block-column is-vertically-aligned-top is-layout-flow wp-block-column-is-layout-flow\"><div class=\"wp-block-paragraph \">\n<p class=\"has-text-align-center\"><strong><a href=\"mailto:joe.krieger@icloud.com\">Joe Krieger<\/a><\/strong><br\/>16\u00ba Distrito (Todos los miembros federales de Estados Unidos y Canad\u00e1)<br\/><a href=\"tel:+17575731275\">(757) 573-1275<\/a><\/p>\n<\/div><\/div>\n\n\n\n<div class=\"wp-block-column is-vertically-aligned-top is-layout-flow wp-block-column-is-layout-flow\"><\/div>\n<\/div>\n<\/div>\n","protected":false},"excerpt":{"rendered":"<p>Ricky WalshVicepresidente del 7\u00ba distrito de IAFFPresidente del comit\u00e9 IAFF-MG(509) 999-3090 Michael J. CrouseVicepresidente Em\u00e9rito del Distrito 16Vicepresidente del Comit\u00e9 AIB-MGTel\u00e9fono m\u00f3vil: (207) 239-2625Tel\u00e9fono de oficina: (207) 439-6214Fax: (202) 842-7551 [&hellip;]<\/p>\n","protected":false},"featured_media":0,"parent":93840,"menu_order":0,"comment_status":"closed","ping_status":"closed","template":"","meta":{"_acf_changed":false,"_searchwp_excluded":"","inline_featured_image":false,"_EventAllDay":false,"_EventTimezone":"","_EventStartDate":"","_EventEndDate":"","_EventStartDateUTC":"","_EventEndDateUTC":"","_EventShowMap":false,"_EventShowMapLink":false,"_EventURL":"","_EventCost":"","_EventCostDescription":"","_EventCurrencySymbol":"","_EventCurrencyCode":"","_EventCurrencyPosition":"","_EventDateTimeSeparator":"","_EventTimeRangeSeparator":"","_EventOrganizerID":[],"_EventVenueID":[],"_OrganizerEmail":"","_OrganizerPhone":"","_OrganizerWebsite":"","_VenueAddress":"","_VenueCity":"","_VenueCountry":"","_VenueProvince":"","_VenueState":"","_VenueZip":"","_VenuePhone":"","_VenueURL":"","_VenueStateProvince":"","_VenueLat":"","_VenueLng":"","_VenueShowMap":false,"_VenueShowMapLink":false,"footnotes":""},"class_list":["post-93851","page","type-page","status-publish","hentry"],"acf":[],"publishpress_future_workflow_manual_trigger":{"enabledWorkflows":[]},"_links":{"self":[{"href":"https:\/\/www.iaff.org\/es\/wp-json\/wp\/v2\/pages\/93851","targetHints":{"allow":["GET"]}}],"collection":[{"href":"https:\/\/www.iaff.org\/es\/wp-json\/wp\/v2\/pages"}],"about":[{"href":"https:\/\/www.iaff.org\/es\/wp-json\/wp\/v2\/types\/page"}],"author":[{"embeddable":true,"href":"https:\/\/www.iaff.org\/es\/wp-json\/wp\/v2\/users\/3"}],"replies":[{"embeddable":true,"href":"https:\/\/www.iaff.org\/es\/wp-json\/wp\/v2\/comments?post=93851"}],"version-history":[{"count":1,"href":"https:\/\/www.iaff.org\/es\/wp-json\/wp\/v2\/pages\/93851\/revisions"}],"predecessor-version":[{"id":121545,"href":"https:\/\/www.iaff.org\/es\/wp-json\/wp\/v2\/pages\/93851\/revisions\/121545"}],"up":[{"embeddable":true,"href":"https:\/\/www.iaff.org\/es\/wp-json\/wp\/v2\/pages\/93840"}],"wp:attachment":[{"href":"https:\/\/www.iaff.org\/es\/wp-json\/wp\/v2\/media?parent=93851"}],"curies":[{"name":"wp","href":"https:\/\/api.w.org\/{rel}","templated":true}]}}