{"id":93833,"date":"2019-07-02T18:15:49","date_gmt":"2019-07-02T22:15:49","guid":{"rendered":"https:\/\/www.iaff.org\/purdue-global\/"},"modified":"2025-07-09T09:57:41","modified_gmt":"2025-07-09T13:57:41","slug":"purdue-global","status":"publish","type":"page","link":"https:\/\/www.iaff.org\/es\/purdue-global\/","title":{"rendered":"Purdue Global"},"content":{"rendered":"<section\n\t class=\"secondary-hero align wp-block-acf-secondary-hero\" id=\"secondary-hero_block_decd137add35c7c3ec7cc3424c4d9ca4\">\n\t\n<header\n\tclass=\"w-full u-bg-full-width px-[22px] md:ps-bleed md:pe-0 py-[60px] bg-smoke-5 text-black u-has-rivets u-rivets-dark\"\n\tdata-theme=\"gray\"\n>\n\t<div class=\"flex flex-col !px-0 !max-w-[1440px] w-full lg:!ps-indent\">\n\t\t<div class=\"border-t-[6px] w-full my-0 flex flex-col md:flex-row gap-x-[62px] gap-y-[22px] border-red\">\n\t\t\t\t\t\t\t<div class=\"relative grid md:order-last md:w-1\/2 overflow-hidden place-items-center max-h-[500px]\">\n\t\t\t\t\t<img decoding=\"async\" width=\"240\" height=\"215\" src=\"https:\/\/www.iaff.org\/wp-content\/uploads\/2024\/03\/PurdueGlobal_Logo-Stacked-Black-Gold-RGB-240x215.png\" class=\"max-w-full\" alt=\"\" srcset=\"https:\/\/www.iaff.org\/wp-content\/uploads\/2024\/03\/PurdueGlobal_Logo-Stacked-Black-Gold-RGB-240x215.png 240w, https:\/\/www.iaff.org\/wp-content\/uploads\/2024\/03\/PurdueGlobal_Logo-Stacked-Black-Gold-RGB-300x269.png 300w, https:\/\/www.iaff.org\/wp-content\/uploads\/2024\/03\/PurdueGlobal_Logo-Stacked-Black-Gold-RGB-1024x918.png 1024w, https:\/\/www.iaff.org\/wp-content\/uploads\/2024\/03\/PurdueGlobal_Logo-Stacked-Black-Gold-RGB-768x688.png 768w, https:\/\/www.iaff.org\/wp-content\/uploads\/2024\/03\/PurdueGlobal_Logo-Stacked-Black-Gold-RGB-1536x1376.png 1536w, https:\/\/www.iaff.org\/wp-content\/uploads\/2024\/03\/PurdueGlobal_Logo-Stacked-Black-Gold-RGB-2048x1835.png 2048w, https:\/\/www.iaff.org\/wp-content\/uploads\/2024\/03\/PurdueGlobal_Logo-Stacked-Black-Gold-RGB-893x800.png 893w, https:\/\/www.iaff.org\/wp-content\/uploads\/2024\/03\/PurdueGlobal_Logo-Stacked-Black-Gold-RGB-904x810.png 904w\" sizes=\"(max-width: 240px) 100vw, 240px\" \/>\t\t\t\t<\/div>\n\t\t\t\t\t\t<div class=\"w-full md:w-1\/2 md:py-[45px]\">\n\t\t\t\t<div class=\"max-w-[600px] flex flex-col gap-[22px]\">\n\t\t\t\t\t\t\t\t\t\t\t<h1 class=\"has-[.u-halftone-shadow--dark]:mb-divider has-[.u-halftone-shadow--light]:mb-divider\">\n\t\t\t\t\t\t\t<span class=\"inline-flex text-heading-200 u-halftone-shadow--dark\">\n\t\t\t\t\t\t\t\tPurdue Global\t\t\t\t\t\t\t<\/span>\n\t\t\t\t\t\t<\/h1>\n\t\t\t\t\t\t\t\t\t\t\t\t\t\t\t\t\t\t\t\t\t\t\t\t\t\t\t\t\t<\/div>\n\t\t\t<\/div>\n\n\t\t<\/div>\n\t\t\t<\/div>\n<\/header>\n<\/section>\n<section\n\t class=\"page-blocks iaff-page-blocks align wp-block-acf-page-blocks\" id=\"page-blocks_block_adea25cb5c79f8c3e3d336e875fb7381\">\n\t<div class=\"acf-innerblocks-container\">\n\n<h3 class=\"wp-block-heading\">Los miembros, el personal y los familiares directos de AIB de EE. UU. y Canad\u00e1 pueden recibir importantes reducciones en la matr\u00edcula* y beneficios que ahorran tiempo en Purdue Global:<\/h3>\n\n\n<div class=\"wp-block-list\">\n<ul class=\"wp-block-list\">\n<li><strong>NUEVO BENEFICIO PARA MIEMBROS:<\/strong> Exenci\u00f3n de la tarifa de evaluaci\u00f3n del curso de desarrollo de portafolio LRC100 (un valor de $1,500)<\/li>\n\n\n\n<li><strong>Tarifa de matr\u00edcula reducida a $230 por cr\u00e9dito<\/strong> en t\u00edtulos y certificados de pregrado en l\u00ednea, incluyendo t\u00edtulos en ciencias del fuego, para miembros y personal<\/li>\n\n\n\n<li><strong>Tarifa de matr\u00edcula reducida a $249 por cr\u00e9dito<\/strong> en t\u00edtulos y certificados de pregrado en l\u00ednea para familiares inmediatos\u2020<\/li>\n\n\n\n<li><strong>Libros incluidos<\/strong> en la matr\u00edcula del programa de pregrado\u2021 para miembros, personal y familia<\/li>\n\n\n\n<li><strong>Una reducci\u00f3n del 14% en la matr\u00edcula<\/strong> para t\u00edtulos y certificados de posgrado<\/li>\n\n\n\n<li><strong>Una reducci\u00f3n del 10%<\/strong> en programas de la Escuela de Derecho de Purdue<\/li>\n\n\n\n<li><strong>Tarifas de recursos exentas<\/strong> para miembros, personal y familia inmediata\u00a7<\/li>\n\n\n\n<li><strong>Cr\u00e9ditos de transferencia<\/strong> por capacitaci\u00f3n y certificaciones acreditadas<\/li>\n\n\n\n<li>Adem\u00e1s de otros beneficios que ahorran tiempo y dinero<\/li>\n<\/ul>\n<\/div>\n\n<div class=\"wp-block-paragraph \">\n<p>Visite <a href=\"https:\/\/go.purdueglobal.edu\/els\/iaff\/?source=247862&amp;ve=62270&amp;utm_source=IAFF.PurdueGlobal.edu&amp;utm_medium=site&amp;utm_campaign=lg_els-iaff_2020?utm_source=IAFF_website&amp;utm_medium=website&amp;utm_campaign=IAFF_website&amp;utm_content=website\" target=\"_blank\" rel=\"noopener\"><strong>IAFF.PurdueGlobal.edu<\/strong><\/a> o llame al <strong>866.583.6765<\/strong> para obtener m\u00e1s informaci\u00f3n.<\/p>\n<\/div>\n\n<div class=\"wp-block-paragraph \">\n<p>Miembros canadienses de AIB: <a href=\"https:\/\/go.purdueglobal.edu\/els\/iaff\/canada?source=247862&amp;ve=62270&amp;utm_source=IAFF.PurdueGlobal.edu&amp;utm_medium=site&amp;utm_campaign=lg_els-iaff_2020?utm_source=IAFF_website-CA&amp;utm_medium=website&amp;utm_campaign=IAFF_website-CA&amp;utm_content=website\" target=\"_blank\" rel=\"noreferrer noopener\"><strong>haga clic aqu\u00ed<\/strong><\/a> para acceder a la informaci\u00f3n.<\/p>\n<\/div>\n\n<div class=\"wp-block-paragraph \">\n<p>Descargue y complete los formularios a continuaci\u00f3n para la solicitud de cr\u00e9ditos universitarios:<\/p>\n<\/div>\n\n<div class=\"wp-block-paragraph \">\n<p><a href=\"https:\/\/www.iaff.org\/wp-content\/uploads\/FORM-Articulation_Partner_Record_Request_Form_Fire_Science-2024-PG.pdf\" target=\"_blank\" rel=\"noreferrer noopener\">Formulario de solicitud de registro de socio de articulaci\u00f3n <\/a><br\/><a href=\"https:\/\/www.iaff.org\/wp-content\/uploads\/2019\/07\/Rider-for-Articulation-Form_2024-updates.pdf\" target=\"_blank\" rel=\"noreferrer noopener\">anexo para el formulario de solicitud de registro de socio de articulaci\u00f3n<\/a><\/p>\n<\/div>\n\n<div class=\"wp-block-paragraph \">\n<p>Purdue Global no puede garantizar empleo o avance profesional. Puede ser necesaria experiencia previa para puestos de liderazgo. <\/p>\n<\/div>\n\n\n<div class=\"wp-block-buttons is-content-justification-center is-layout-flex wp-container-core-buttons-is-layout-16018d1d wp-block-buttons-is-layout-flex\">\n<div class=\"wp-block-button is-style-primary-red\"><a class=\"wp-block-button__link has-text-align-center wp-element-button\" href=\"https:\/\/signin.purdueglobal.edu\/Account\/Apply?source=247862&amp;ve=62270&amp;utm_source=IAFF.PurdueGlobal.edu&amp;utm_medium=site&amp;utm_campaign=lg_els-iaff_2020?utm_source=IAFF_website&amp;utm_medium=website&amp;utm_campaign=IAFF_website&amp;utm_content=website&amp;_gl=1*g43cy8*_gcl_au*MTc4NjUzNzg0MC4xNzIxMDY5MTE4\" target=\"_blank\" rel=\"noopener\">SOLICITE AHORA<\/a><\/div>\n<\/div>\n\n\n<div class=\"wp-block-paragraph \">\n<p>*La reducci\u00f3n de matr\u00edcula no se puede combinar con otras reducciones de matr\u00edcula de Purdue Global o con los precios de ExcelTrack\u2122. Se incluyen los programas de pregrado y posgrado en l\u00ednea de Purdue Global. Las tarifas de matr\u00edcula est\u00e1n sujetas a cambios a discreci\u00f3n de Purdue Global en cualquier momento y, como resultado, el precio de la matr\u00edcula puede cambiar. La Reducci\u00f3n de Posgrado no se puede ofrecer con ning\u00fan otro programa o descuento ofrecido por Purdue Global.   <br\/>\u2020La familia inmediata se define como el c\u00f3nyuge, los hijos y los hijastros del miembro. La Reducci\u00f3n para Familia Inmediata no se puede ofrecer con ning\u00fan otro programa o reducci\u00f3n ofrecida por Purdue Global. <br\/>\u2021Solo cursos de pregrado. No todos los cursos requieren libros de texto; algunos utilizan materiales de instrucci\u00f3n electr\u00f3nicos. <br\/>\u00a7Todas las dem\u00e1s tarifas se cobrar\u00e1n seg\u00fan las tarifas publicadas.<br\/>\u00a9 2024, Purdue Global, una instituci\u00f3n p\u00fablica sin fines de lucro.<\/p>\n<\/div>\n<\/div><\/section>\n","protected":false},"excerpt":{"rendered":"","protected":false},"featured_media":0,"parent":0,"menu_order":0,"comment_status":"closed","ping_status":"closed","template":"","meta":{"_acf_changed":false,"_searchwp_excluded":"","inline_featured_image":false,"_EventAllDay":false,"_EventTimezone":"","_EventStartDate":"","_EventEndDate":"","_EventStartDateUTC":"","_EventEndDateUTC":"","_EventShowMap":false,"_EventShowMapLink":false,"_EventURL":"","_EventCost":"","_EventCostDescription":"","_EventCurrencySymbol":"","_EventCurrencyCode":"","_EventCurrencyPosition":"","_EventDateTimeSeparator":"","_EventTimeRangeSeparator":"","_EventOrganizerID":[],"_EventVenueID":[],"_OrganizerEmail":"","_OrganizerPhone":"","_OrganizerWebsite":"","_VenueAddress":"","_VenueCity":"","_VenueCountry":"","_VenueProvince":"","_VenueState":"","_VenueZip":"","_VenuePhone":"","_VenueURL":"","_VenueStateProvince":"","_VenueLat":"","_VenueLng":"","_VenueShowMap":false,"_VenueShowMapLink":false,"footnotes":""},"class_list":["post-93833","page","type-page","status-publish","hentry"],"acf":[],"publishpress_future_workflow_manual_trigger":{"enabledWorkflows":[]},"_links":{"self":[{"href":"https:\/\/www.iaff.org\/es\/wp-json\/wp\/v2\/pages\/93833","targetHints":{"allow":["GET"]}}],"collection":[{"href":"https:\/\/www.iaff.org\/es\/wp-json\/wp\/v2\/pages"}],"about":[{"href":"https:\/\/www.iaff.org\/es\/wp-json\/wp\/v2\/types\/page"}],"author":[{"embeddable":true,"href":"https:\/\/www.iaff.org\/es\/wp-json\/wp\/v2\/users\/10"}],"replies":[{"embeddable":true,"href":"https:\/\/www.iaff.org\/es\/wp-json\/wp\/v2\/comments?post=93833"}],"version-history":[{"count":0,"href":"https:\/\/www.iaff.org\/es\/wp-json\/wp\/v2\/pages\/93833\/revisions"}],"wp:attachment":[{"href":"https:\/\/www.iaff.org\/es\/wp-json\/wp\/v2\/media?parent=93833"}],"curies":[{"name":"wp","href":"https:\/\/api.w.org\/{rel}","templated":true}]}}