{"id":93828,"date":"2024-02-23T16:04:50","date_gmt":"2024-02-23T21:04:50","guid":{"rendered":"https:\/\/www.iaff.org\/becas\/beca-del-colegio-laboral-de-canada\/"},"modified":"2026-02-20T14:32:30","modified_gmt":"2026-02-20T19:32:30","slug":"beca-del-colegio-laboral-de-canada","status":"publish","type":"page","link":"https:\/\/www.iaff.org\/es\/becas\/beca-del-colegio-laboral-de-canada\/","title":{"rendered":"Beca del Colegio Laboral de Canad\u00e1"},"content":{"rendered":"<section\n\t class=\"secondary-hero align wp-block-acf-secondary-hero\" id=\"secondary-hero_block_cef67591daa0cd8c9422571c058a89b0\">\n\t\n<header\n\tclass=\"w-full u-bg-full-width px-[22px] md:ps-bleed md:pe-0 py-[60px] bg-smoke-5 text-black u-has-rivets u-rivets-dark\"\n\tdata-theme=\"gray\"\n>\n\t<div class=\"flex flex-col !px-0 !max-w-[1440px] w-full lg:!ps-indent\">\n\t\t<div class=\"border-t-[6px] w-full my-0 flex flex-col md:flex-row gap-x-[62px] gap-y-[22px] border-red\">\n\t\t\t\t\t\t<div class=\"w-full md:w-1\/2 md:py-[45px]\">\n\t\t\t\t<div class=\"max-w-[600px] flex flex-col gap-[22px]\">\n\t\t\t\t\t\t\t\t\t\t\t<h1 class=\"has-[.u-halftone-shadow--dark]:mb-divider has-[.u-halftone-shadow--light]:mb-divider pt-[22px] md:pt-0\">\n\t\t\t\t\t\t\t<span class=\"inline-flex text-heading-200 u-halftone-shadow--dark\">\n\t\t\t\t\t\t\t\tBeca del Colegio Laboral de Canad\u00e1\t\t\t\t\t\t\t<\/span>\n\t\t\t\t\t\t<\/h1>\n\t\t\t\t\t\t\t\t\t\t\t\t\t\t\t\t\t\t\t\t\t\t\t\t\t\t\t\t\t<\/div>\n\t\t\t<\/div>\n\n\t\t<\/div>\n\t\t\t\t\t<div class=\"order-first flex justify-start w-full pb-[22px]\">\n\t\t\t\t<div\n\tclass=\"wp-block-button is-style-tertiary text-smoke is-style-tertiary-back\"\n>\n\t\t\t<a\n\t\t\thref=\"https:\/\/www.iaff.org\/es\/becas\/\"\n\t\t\tclass=\"wp-block-button__link wp-element-button group\"\n\t\t\t\t\t>\n\t\t\t<span\n\t\t\tclass=\"decoration-transparent underline underline-offset-2 group-hover:decoration-inherit group-focus-visible:decoration-inherit transition duration-hover\"\n\t\t>\n\t\t\tBecas\t\t<\/span>\n\n\t\t<span\n\t\t\tclass=\"bg-inherit transition-colors duration-hover group-hover:bg-gold group-focus:bg-gold inline-flex rotate-180 order-first\"\n\t\t>\n\t\t\t<svg xmlns=\"http:\/\/www.w3.org\/2000\/svg\" width=\"21\" height=\"22\" fill=\"none\" viewBox=\"0 0 21 22\"><path stroke=\"currentColor\" stroke-linecap=\"round\" stroke-width=\"2\" d=\"M20 20.75L20 2.25L1.5 2.25L1.5 20.75L20 20.75Z\" clip-rule=\"evenodd\"\/><path stroke=\"currentColor\" stroke-linecap=\"square\" stroke-width=\"2\" d=\"M14.0883 11.5L6.66406 11.5\"\/><path stroke=\"currentColor\" stroke-linecap=\"square\" stroke-width=\"2\" d=\"M11.0723 7.75205L14.8363 11.5L11.0723 15.248\"\/><\/svg>\t\t<\/span>\n\t<\/a><\/div>\n\t\t\t<\/div>\n\t\t\t<\/div>\n<\/header>\n<\/section>\n<div class=\"wp-block-paragraph \">\n<p>El Labour College of Canada (LCC) ya est\u00e1 <a href=\"https:\/\/canadianlabour.ca\/who-we-are\/labour-education\/labour-college-of-canada\/\" data-type=\"link\" data-id=\"https:\/\/canadianlabour.ca\/who-we-are\/labour-education\/labour-college-of-canada\/\" target=\"_blank\" rel=\"noopener\">aceptando solicitudes<\/a> para la promoci\u00f3n 17 (2026-2027) hasta el 16 de marzo de 2026.<\/p>\n<\/div><div class=\"wp-block-paragraph !hidden\">\n<p class=\"\">El Labour College of Canada (LCC) ha anunciado los detalles de un <a href=\"https:\/\/documents.clcctc.ca\/education\/LCC\/LCC-Cohort14-flyer-EN-online.pdf\" target=\"_blank\" rel=\"noopener\">Programa de Certificaci\u00f3n 2025-2026 (Promoci\u00f3n 14)<\/a>. <\/p>\n<\/div><div class=\"wp-block-paragraph \">\n<p>La AIB ofrece una beca para un miembro canadiense en regla para asistir a esta valiosa oportunidad de formaci\u00f3n. El LCC es un programa postsecundario excepcional para miembros activos del sindicato que buscan fortalecer sus habilidades de liderazgo y prepararse para mayores responsabilidades dentro de su Local. <\/p>\n<\/div><div class=\"wp-block-paragraph !hidden\">\n<p class=\"\">Para solicitar la beca AIB del Labour College of Canada, complete lo siguiente antes del <strong><u>domingo 6 de octubre de 2024.<\/u><\/strong><\/p>\n<\/div><div class=\"wp-block-list\">\n<ul class=\"wp-block-list\">\n<li class=\"!hidden\"><a href=\"https:\/\/canadianlabour.ca\/who-we-are\/labour-education\/labour-college-of-canada\/\" target=\"_blank\" rel=\"noopener\">Formulario de solicitud en l\u00ednea del LCC<\/a><\/li>\n\n\n\n<li class=\"!hidden\">Una carta de recomendaci\u00f3n de su presidente local (enviar por correo electr\u00f3nico a <a href=\"mailto:scholarships@iaff.org\">scholarships@iaff.org<\/a>).<\/li>\n<\/ul>\n<\/div><div class=\"wp-block-paragraph \">\n<p>El programa del LCC se llevar\u00e1 a cabo durante un per\u00edodo de 14 meses en tres sesiones de curso separadas. Cada sesi\u00f3n proporciona una combinaci\u00f3n de aprendizaje en l\u00ednea y presencial. Consulte la descripci\u00f3n del curso y las fechas programadas <a href=\"https:\/\/canadianlabour.ca\/who-we-are\/labour-education\/labour-college-of-canada\/\" target=\"_blank\" rel=\"noopener\">aqu\u00ed<\/a>.  <\/p>\n<\/div><div class=\"wp-block-paragraph \">\n<p>La beca AIB cubrir\u00e1 el coste de la matr\u00edcula y las <a href=\"https:\/\/www.iaff.org\/wp-content\/uploads\/2026\/02\/Fee-Schedule-C17.pdf\" target=\"_blank\" rel=\"noreferrer noopener\">tasas<\/a> de alojamiento. Se dispondr\u00e1 de fondos adicionales para ayudar con los gastos de viaje e imprevistos hasta un m\u00e1ximo de 11.000 $ (incluida la matr\u00edcula y el alojamiento). Los arreglos para el permiso para asistir a las sesiones presenciales son responsabilidad del solicitante.<\/p>\n<\/div><div class=\"wp-block-paragraph \">\n<p>Para obtener m\u00e1s informaci\u00f3n sobre el Programa de Certificaci\u00f3n del Colegio Laboral de Canad\u00e1, env\u00ede un correo electr\u00f3nico a <a href=\"mailto:scholarships@iaff.org\">scholarships@iaff.org<\/a>. <\/p>\n<\/div>","protected":false},"excerpt":{"rendered":"<p>El Labour College of Canada (LCC) ya est\u00e1 aceptando solicitudes para la promoci\u00f3n 17 (2026-2027) hasta el 16 de marzo de 2026. El Labour College of Canada (LCC) ha anunciado [&hellip;]<\/p>\n","protected":false},"featured_media":0,"parent":93818,"menu_order":0,"comment_status":"closed","ping_status":"closed","template":"","meta":{"_acf_changed":false,"_searchwp_excluded":"","inline_featured_image":false,"_EventAllDay":false,"_EventTimezone":"","_EventStartDate":"","_EventEndDate":"","_EventStartDateUTC":"","_EventEndDateUTC":"","_EventShowMap":false,"_EventShowMapLink":false,"_EventURL":"","_EventCost":"","_EventCostDescription":"","_EventCurrencySymbol":"","_EventCurrencyCode":"","_EventCurrencyPosition":"","_EventDateTimeSeparator":"","_EventTimeRangeSeparator":"","_EventOrganizerID":[],"_EventVenueID":[],"_OrganizerEmail":"","_OrganizerPhone":"","_OrganizerWebsite":"","_VenueAddress":"","_VenueCity":"","_VenueCountry":"","_VenueProvince":"","_VenueState":"","_VenueZip":"","_VenuePhone":"","_VenueURL":"","_VenueStateProvince":"","_VenueLat":"","_VenueLng":"","_VenueShowMap":false,"_VenueShowMapLink":false,"footnotes":""},"class_list":["post-93828","page","type-page","status-publish","hentry"],"acf":[],"publishpress_future_workflow_manual_trigger":{"enabledWorkflows":[]},"_links":{"self":[{"href":"https:\/\/www.iaff.org\/es\/wp-json\/wp\/v2\/pages\/93828","targetHints":{"allow":["GET"]}}],"collection":[{"href":"https:\/\/www.iaff.org\/es\/wp-json\/wp\/v2\/pages"}],"about":[{"href":"https:\/\/www.iaff.org\/es\/wp-json\/wp\/v2\/types\/page"}],"author":[{"embeddable":true,"href":"https:\/\/www.iaff.org\/es\/wp-json\/wp\/v2\/users\/18"}],"replies":[{"embeddable":true,"href":"https:\/\/www.iaff.org\/es\/wp-json\/wp\/v2\/comments?post=93828"}],"version-history":[{"count":0,"href":"https:\/\/www.iaff.org\/es\/wp-json\/wp\/v2\/pages\/93828\/revisions"}],"up":[{"embeddable":true,"href":"https:\/\/www.iaff.org\/es\/wp-json\/wp\/v2\/pages\/93818"}],"wp:attachment":[{"href":"https:\/\/www.iaff.org\/es\/wp-json\/wp\/v2\/media?parent=93828"}],"curies":[{"name":"wp","href":"https:\/\/api.w.org\/{rel}","templated":true}]}}